{"id":101496,"date":"2026-01-15T16:34:12","date_gmt":"2026-01-15T15:34:12","guid":{"rendered":"https:\/\/sandybrown-lark-277155.hostingersite.com\/?post_type=product&#038;p=101496"},"modified":"2026-04-17T18:17:11","modified_gmt":"2026-04-17T16:17:11","slug":"bracciale-cuore-piccolo-vuoto-cristalli","status":"publish","type":"product","link":"https:\/\/brandgioielli.it\/fr\/produit\/bracciale-cuore-piccolo-vuoto-cristalli\/","title":{"rendered":"Bracelet petit c\u0153ur vide avec cristaux"},"content":{"rendered":"<h2><strong>Bracelet petit c\u0153ur vide avec cristaux<\/strong><\/h2>\n<p>Le bracelet en forme de petit c\u0153ur ajour\u00e9 orn\u00e9 de cristaux de la marque Gioielli (#Brand) se distingue par son design d\u00e9licat et lumineux. Compos\u00e9 d&#039;une fine cha\u00eene, il est orn\u00e9 d&#039;un c\u0153ur central au profil simple, par\u00e9 de cristaux qui rehaussent son \u00e9clat. Ses lignes \u00e9pur\u00e9es et le symbole du c\u0153ur conf\u00e8rent \u00e0 ce bijou une \u00e9l\u00e9gance intemporelle, id\u00e9ale au quotidien ou comme cadeau pr\u00e9cieux.<\/p>\n<p><strong>SP\u00c9CIFICATIONS TECHNIQUES<\/strong><\/p>\n<ul>\n<li>Bracelet petit c\u0153ur vide avec cristaux<\/li>\n<li>Longueur : 16 cm + 3 cm de rallonge<\/li>\n<li>Taille du c\u0153ur : 12 mm<\/li>\n<li>Finition : Acier ou PVD or<\/li>\n<li>Mat\u00e9riau : acier inoxydable<\/li>\n<\/ul>\n<p><em>Tous les bijoux de la marque #Brand sont fabriqu\u00e9s \u00e0 partir de l'acier inoxydable chirurgical le plus pur du march\u00e9, test\u00e9 pour le nickel et con\u00e7u pour \u00eatre port\u00e9 tous les jours sans crainte de d\u00e9coloration ou de signes d'usure.\u00a0<\/em><\/p>","protected":false},"excerpt":{"rendered":"<p>Bracciale Cuore Piccolo Vuoto con Cristalli Il bracciale cuore piccolo vuoto con cristalli firmato #Brand Gioielli si distingue per il suo design delicato e luminoso, caratterizzato da una sottile catena impreziosita da un cuore centrale dal profilo essenziale, decorato con cristalli che ne esaltano la brillantezza. Le linee pulite e il simbolo del cuore rendono [&hellip;]<\/p>\n","protected":false},"featured_media":101499,"template":"","meta":[],"product_brand":[],"product_cat":[20,567,476,19,506,15],"product_tag":[552],"class_list":{"0":"post-101496","1":"product","2":"type-product","3":"status-publish","4":"has-post-thumbnail","6":"product_cat-bracciali-donna","7":"product_cat-brand-carpet","8":"product_cat-coppia","9":"product_cat-donna","10":"product_cat-sotto-i-20e","11":"product_cat-uncategorized","12":"product_tag-collezione-crystal-love","14":"first","15":"instock","16":"shipping-taxable","17":"purchasable","18":"product-type-variable"},"yoast_head":"<!-- This site is optimized with the Yoast SEO plugin v27.4 - https:\/\/yoast.com\/product\/yoast-seo-wordpress\/ -->\n<title>Bracciale Cuore Piccolo Vuoto Cristalli - #BrandGioielli<\/title>\n<meta name=\"description\" content=\"Acquista ora su Brand Gioielli: Bracciale Cuore Piccolo Vuoto Cristalli\" \/>\n<meta name=\"robots\" content=\"index, follow, max-snippet:-1, max-image-preview:large, max-video-preview:-1\" \/>\n<link rel=\"canonical\" href=\"https:\/\/brandgioielli.it\/fr\/produit\/bracciale-cuore-piccolo-vuoto-cristalli\/\" \/>\n<meta property=\"og:locale\" content=\"fr_FR\" \/>\n<meta property=\"og:type\" content=\"article\" \/>\n<meta property=\"og:title\" content=\"Bracciale Cuore Piccolo Vuoto Cristalli - #BrandGioielli\" \/>\n<meta property=\"og:description\" content=\"Acquista ora su Brand Gioielli: Bracciale Cuore Piccolo Vuoto Cristalli\" \/>\n<meta property=\"og:url\" content=\"https:\/\/brandgioielli.it\/fr\/produit\/bracciale-cuore-piccolo-vuoto-cristalli\/\" \/>\n<meta property=\"og:site_name\" content=\"#BrandGioielli\" \/>\n<meta property=\"article:modified_time\" content=\"2026-04-17T16:17:11+00:00\" \/>\n<meta property=\"og:image\" content=\"https:\/\/brandgioielli.it\/wp-content\/uploads\/2025\/12\/bracciale-piccolo-cuore-vuoto-acciaio.jpg\" \/>\n\t<meta property=\"og:image:width\" content=\"2000\" \/>\n\t<meta property=\"og:image:height\" content=\"2000\" \/>\n\t<meta property=\"og:image:type\" content=\"image\/jpeg\" \/>\n<meta name=\"twitter:card\" content=\"summary_large_image\" \/>\n<meta name=\"twitter:label1\" content=\"Dur\u00e9e de lecture estim\u00e9e\" \/>\n\t<meta name=\"twitter:data1\" content=\"1 minute\" \/>\n<script type=\"application\/ld+json\" class=\"yoast-schema-graph\">{\"@context\":\"https:\\\/\\\/schema.org\",\"@graph\":[{\"@type\":\"WebPage\",\"@id\":\"https:\\\/\\\/brandgioielli.it\\\/prodotto\\\/bracciale-cuore-piccolo-vuoto-cristalli\\\/\",\"url\":\"https:\\\/\\\/brandgioielli.it\\\/prodotto\\\/bracciale-cuore-piccolo-vuoto-cristalli\\\/\",\"name\":\"Bracciale Cuore Piccolo Vuoto Cristalli - #BrandGioielli\",\"isPartOf\":{\"@id\":\"https:\\\/\\\/brandgioielli.it\\\/#website\"},\"primaryImageOfPage\":{\"@id\":\"https:\\\/\\\/brandgioielli.it\\\/prodotto\\\/bracciale-cuore-piccolo-vuoto-cristalli\\\/#primaryimage\"},\"image\":{\"@id\":\"https:\\\/\\\/brandgioielli.it\\\/prodotto\\\/bracciale-cuore-piccolo-vuoto-cristalli\\\/#primaryimage\"},\"thumbnailUrl\":\"https:\\\/\\\/brandgioielli.it\\\/wp-content\\\/uploads\\\/2025\\\/12\\\/bracciale-piccolo-cuore-vuoto-acciaio.jpg\",\"datePublished\":\"2026-01-15T15:34:12+00:00\",\"dateModified\":\"2026-04-17T16:17:11+00:00\",\"description\":\"Acquista ora su Brand Gioielli: Bracciale Cuore Piccolo Vuoto Cristalli\",\"breadcrumb\":{\"@id\":\"https:\\\/\\\/brandgioielli.it\\\/prodotto\\\/bracciale-cuore-piccolo-vuoto-cristalli\\\/#breadcrumb\"},\"inLanguage\":\"fr-FR\",\"potentialAction\":[{\"@type\":\"ReadAction\",\"target\":[\"https:\\\/\\\/brandgioielli.it\\\/prodotto\\\/bracciale-cuore-piccolo-vuoto-cristalli\\\/\"]}]},{\"@type\":\"ImageObject\",\"inLanguage\":\"fr-FR\",\"@id\":\"https:\\\/\\\/brandgioielli.it\\\/prodotto\\\/bracciale-cuore-piccolo-vuoto-cristalli\\\/#primaryimage\",\"url\":\"https:\\\/\\\/brandgioielli.it\\\/wp-content\\\/uploads\\\/2025\\\/12\\\/bracciale-piccolo-cuore-vuoto-acciaio.jpg\",\"contentUrl\":\"https:\\\/\\\/brandgioielli.it\\\/wp-content\\\/uploads\\\/2025\\\/12\\\/bracciale-piccolo-cuore-vuoto-acciaio.jpg\",\"width\":2000,\"height\":2000},{\"@type\":\"BreadcrumbList\",\"@id\":\"https:\\\/\\\/brandgioielli.it\\\/prodotto\\\/bracciale-cuore-piccolo-vuoto-cristalli\\\/#breadcrumb\",\"itemListElement\":[{\"@type\":\"ListItem\",\"position\":1,\"name\":\"Home\",\"item\":\"https:\\\/\\\/brandgioielli.it\\\/\"},{\"@type\":\"ListItem\",\"position\":2,\"name\":\"Shop\",\"item\":\"https:\\\/\\\/brandgioielli.it\\\/shop\\\/\"},{\"@type\":\"ListItem\",\"position\":3,\"name\":\"Bracciale Cuore Piccolo Vuoto Cristalli\"}]},{\"@type\":\"WebSite\",\"@id\":\"https:\\\/\\\/brandgioielli.it\\\/#website\",\"url\":\"https:\\\/\\\/brandgioielli.it\\\/\",\"name\":\"#BrandGioielli\",\"description\":\"\",\"publisher\":{\"@id\":\"https:\\\/\\\/brandgioielli.it\\\/#organization\"},\"potentialAction\":[{\"@type\":\"SearchAction\",\"target\":{\"@type\":\"EntryPoint\",\"urlTemplate\":\"https:\\\/\\\/brandgioielli.it\\\/?s={search_term_string}\"},\"query-input\":{\"@type\":\"PropertyValueSpecification\",\"valueRequired\":true,\"valueName\":\"search_term_string\"}}],\"inLanguage\":\"fr-FR\"},{\"@type\":\"Organization\",\"@id\":\"https:\\\/\\\/brandgioielli.it\\\/#organization\",\"name\":\"Brand Gioielli\",\"url\":\"https:\\\/\\\/brandgioielli.it\\\/\",\"logo\":{\"@type\":\"ImageObject\",\"inLanguage\":\"fr-FR\",\"@id\":\"https:\\\/\\\/brandgioielli.it\\\/#\\\/schema\\\/logo\\\/image\\\/\",\"url\":\"https:\\\/\\\/brandgioielli.it\\\/wp-content\\\/uploads\\\/2025\\\/07\\\/LogoBrand.png\",\"contentUrl\":\"https:\\\/\\\/brandgioielli.it\\\/wp-content\\\/uploads\\\/2025\\\/07\\\/LogoBrand.png\",\"width\":600,\"height\":170,\"caption\":\"Brand Gioielli\"},\"image\":{\"@id\":\"https:\\\/\\\/brandgioielli.it\\\/#\\\/schema\\\/logo\\\/image\\\/\"}}]}<\/script>\n<!-- \/ Yoast SEO plugin. -->","yoast_head_json":{"title":"Bracciale Cuore Piccolo Vuoto Cristalli - #BrandGioielli","description":"Acquista ora su Brand Gioielli: Bracciale Cuore Piccolo Vuoto Cristalli","robots":{"index":"index","follow":"follow","max-snippet":"max-snippet:-1","max-image-preview":"max-image-preview:large","max-video-preview":"max-video-preview:-1"},"canonical":"https:\/\/brandgioielli.it\/fr\/produit\/bracciale-cuore-piccolo-vuoto-cristalli\/","og_locale":"fr_FR","og_type":"article","og_title":"Bracciale Cuore Piccolo Vuoto Cristalli - #BrandGioielli","og_description":"Acquista ora su Brand Gioielli: Bracciale Cuore Piccolo Vuoto Cristalli","og_url":"https:\/\/brandgioielli.it\/fr\/produit\/bracciale-cuore-piccolo-vuoto-cristalli\/","og_site_name":"#BrandGioielli","article_modified_time":"2026-04-17T16:17:11+00:00","og_image":[{"width":2000,"height":2000,"url":"https:\/\/brandgioielli.it\/wp-content\/uploads\/2025\/12\/bracciale-piccolo-cuore-vuoto-acciaio.jpg","type":"image\/jpeg"}],"twitter_card":"summary_large_image","twitter_misc":{"Dur\u00e9e de lecture estim\u00e9e":"1 minute"},"schema":{"@context":"https:\/\/schema.org","@graph":[{"@type":"WebPage","@id":"https:\/\/brandgioielli.it\/prodotto\/bracciale-cuore-piccolo-vuoto-cristalli\/","url":"https:\/\/brandgioielli.it\/prodotto\/bracciale-cuore-piccolo-vuoto-cristalli\/","name":"Bracciale Cuore Piccolo Vuoto Cristalli - #BrandGioielli","isPartOf":{"@id":"https:\/\/brandgioielli.it\/#website"},"primaryImageOfPage":{"@id":"https:\/\/brandgioielli.it\/prodotto\/bracciale-cuore-piccolo-vuoto-cristalli\/#primaryimage"},"image":{"@id":"https:\/\/brandgioielli.it\/prodotto\/bracciale-cuore-piccolo-vuoto-cristalli\/#primaryimage"},"thumbnailUrl":"https:\/\/brandgioielli.it\/wp-content\/uploads\/2025\/12\/bracciale-piccolo-cuore-vuoto-acciaio.jpg","datePublished":"2026-01-15T15:34:12+00:00","dateModified":"2026-04-17T16:17:11+00:00","description":"Acquista ora su Brand Gioielli: Bracciale Cuore Piccolo Vuoto Cristalli","breadcrumb":{"@id":"https:\/\/brandgioielli.it\/prodotto\/bracciale-cuore-piccolo-vuoto-cristalli\/#breadcrumb"},"inLanguage":"fr-FR","potentialAction":[{"@type":"ReadAction","target":["https:\/\/brandgioielli.it\/prodotto\/bracciale-cuore-piccolo-vuoto-cristalli\/"]}]},{"@type":"ImageObject","inLanguage":"fr-FR","@id":"https:\/\/brandgioielli.it\/prodotto\/bracciale-cuore-piccolo-vuoto-cristalli\/#primaryimage","url":"https:\/\/brandgioielli.it\/wp-content\/uploads\/2025\/12\/bracciale-piccolo-cuore-vuoto-acciaio.jpg","contentUrl":"https:\/\/brandgioielli.it\/wp-content\/uploads\/2025\/12\/bracciale-piccolo-cuore-vuoto-acciaio.jpg","width":2000,"height":2000},{"@type":"BreadcrumbList","@id":"https:\/\/brandgioielli.it\/prodotto\/bracciale-cuore-piccolo-vuoto-cristalli\/#breadcrumb","itemListElement":[{"@type":"ListItem","position":1,"name":"Home","item":"https:\/\/brandgioielli.it\/"},{"@type":"ListItem","position":2,"name":"Shop","item":"https:\/\/brandgioielli.it\/shop\/"},{"@type":"ListItem","position":3,"name":"Bracciale Cuore Piccolo Vuoto Cristalli"}]},{"@type":"WebSite","@id":"https:\/\/brandgioielli.it\/#website","url":"https:\/\/brandgioielli.it\/","name":"#BrandJewellery","description":"","publisher":{"@id":"https:\/\/brandgioielli.it\/#organization"},"potentialAction":[{"@type":"SearchAction","target":{"@type":"EntryPoint","urlTemplate":"https:\/\/brandgioielli.it\/?s={search_term_string}"},"query-input":{"@type":"PropertyValueSpecification","valueRequired":true,"valueName":"search_term_string"}}],"inLanguage":"fr-FR"},{"@type":"Organization","@id":"https:\/\/brandgioielli.it\/#organization","name":"Bijoux de marque","url":"https:\/\/brandgioielli.it\/","logo":{"@type":"ImageObject","inLanguage":"fr-FR","@id":"https:\/\/brandgioielli.it\/#\/schema\/logo\/image\/","url":"https:\/\/brandgioielli.it\/wp-content\/uploads\/2025\/07\/LogoBrand.png","contentUrl":"https:\/\/brandgioielli.it\/wp-content\/uploads\/2025\/07\/LogoBrand.png","width":600,"height":170,"caption":"Brand Gioielli"},"image":{"@id":"https:\/\/brandgioielli.it\/#\/schema\/logo\/image\/"}}]}},"_links":{"self":[{"href":"https:\/\/brandgioielli.it\/fr\/wp-json\/wp\/v2\/product\/101496","targetHints":{"allow":["GET"]}}],"collection":[{"href":"https:\/\/brandgioielli.it\/fr\/wp-json\/wp\/v2\/product"}],"about":[{"href":"https:\/\/brandgioielli.it\/fr\/wp-json\/wp\/v2\/types\/product"}],"version-history":[{"count":5,"href":"https:\/\/brandgioielli.it\/fr\/wp-json\/wp\/v2\/product\/101496\/revisions"}],"predecessor-version":[{"id":107166,"href":"https:\/\/brandgioielli.it\/fr\/wp-json\/wp\/v2\/product\/101496\/revisions\/107166"}],"wp:featuredmedia":[{"embeddable":true,"href":"https:\/\/brandgioielli.it\/fr\/wp-json\/wp\/v2\/media\/101499"}],"wp:attachment":[{"href":"https:\/\/brandgioielli.it\/fr\/wp-json\/wp\/v2\/media?parent=101496"}],"wp:term":[{"taxonomy":"product_brand","embeddable":true,"href":"https:\/\/brandgioielli.it\/fr\/wp-json\/wp\/v2\/product_brand?post=101496"},{"taxonomy":"product_cat","embeddable":true,"href":"https:\/\/brandgioielli.it\/fr\/wp-json\/wp\/v2\/product_cat?post=101496"},{"taxonomy":"product_tag","embeddable":true,"href":"https:\/\/brandgioielli.it\/fr\/wp-json\/wp\/v2\/product_tag?post=101496"}],"curies":[{"name":"wp","href":"https:\/\/api.w.org\/{rel}","templated":true}]}}