{"id":101216,"date":"2026-01-15T16:37:03","date_gmt":"2026-01-15T15:37:03","guid":{"rendered":"https:\/\/sandybrown-lark-277155.hostingersite.com\/?post_type=product&#038;p=101216"},"modified":"2026-04-17T18:18:37","modified_gmt":"2026-04-17T16:18:37","slug":"bracciale-ematite-amazzonite-fossil-soil-e-turchese-bianco","status":"publish","type":"product","link":"https:\/\/brandgioielli.it\/fr\/produit\/bracciale-ematite-amazzonite-fossil-soil-e-turchese-bianco\/","title":{"rendered":"Bracelet en h\u00e9matite, amazonite, terre fossilis\u00e9e et turquoise blanche"},"content":{"rendered":"<h2>Bracelet pour homme orn\u00e9 d&#039;h\u00e9matite, d&#039;amazonite, de terre fossilis\u00e9e et de turquoise blanche<\/h2>\n<p>Le bracelet pour homme en h\u00e9matite et pierres naturelles de la marque Gioielli (#Brand) se distingue par son design \u00e9pur\u00e9 et contemporain. L&#039;h\u00e9matite y alterne avec des pierres naturelles, cr\u00e9ant un \u00e9quilibre harmonieux de couleurs et de mati\u00e8res. Chaque composition d\u00e9gage du caract\u00e8re et de l&#039;authenticit\u00e9, sublim\u00e9s par les nuances uniques des pierres. Confectionn\u00e9s \u00e0 partir de mat\u00e9riaux r\u00e9sistants et dot\u00e9s de d\u00e9tails en acier inoxydable hypoallerg\u00e9nique, ces bracelets garantissent confort et durabilit\u00e9. Alliant robustesse, naturel et style intemporel, ils apportent une touche d&#039;\u00e9l\u00e9gance et de personnalit\u00e9 \u00e0 toutes les tenues.<\/p>\n<p><strong>SP\u00c9CIFICATIONS TECHNIQUES<\/strong><\/p>\n<ul>\n<li>Bracelet en h\u00e9matite, amazonite, terre fossilis\u00e9e et turquoise blanche<\/li>\n<li>Longueur du bracelet : 19 cm + 3 cm d'extension<\/li>\n<li>Finition : acier<\/li>\n<li>Mat\u00e9riaux : Acier inoxydable, h\u00e9matite et pierres naturelles<\/li>\n<\/ul>\n<p><em>Tous les bijoux de la marque #Brand sont fabriqu\u00e9s \u00e0 partir de l'acier inoxydable chirurgical le plus pur du march\u00e9, test\u00e9 pour le nickel et con\u00e7u pour \u00eatre port\u00e9 tous les jours sans crainte de d\u00e9coloration ou de signes d'usure et r\u00e9sistant \u00e0 l'eau.\u00a0<\/em><\/p>","protected":false},"excerpt":{"rendered":"<p>Bracciale da Uomo con Ematite, Amazzonite, Fossil Soil e Turchese Bianco Il bracciale da uomo con ematite e pietre naturali firmato #Brand Gioielli si distingue per il suo design essenziale e contemporaneo, in cui l\u2019ematite si alterna a pietre naturali, creando un equilibrio armonioso di colori e materie. Ogni composizione esprime carattere e autenticit\u00e0, valorizzata [&hellip;]<\/p>\n","protected":false},"featured_media":101203,"template":"","meta":[],"product_brand":[],"product_cat":[459,38,499,506,39],"product_tag":[551],"class_list":{"0":"post-101216","1":"product","2":"type-product","3":"status-publish","4":"has-post-thumbnail","6":"product_cat-bracciali","7":"product_cat-bracciali-uomo","8":"product_cat-papa","9":"product_cat-sotto-i-20e","10":"product_cat-uomo","11":"product_tag-collezione-wild","13":"first","14":"instock","15":"shipping-taxable","16":"purchasable","17":"product-type-simple"},"yoast_head":"<!-- This site is optimized with the Yoast SEO plugin v27.4 - https:\/\/yoast.com\/product\/yoast-seo-wordpress\/ -->\n<title>Bracciale Ematite Amazzonite Fossil Soil e Turchese Bianco - #BrandGioielli<\/title>\n<meta name=\"description\" content=\"Acquista ora su Brand Gioielli: Bracciale Ematite Amazzonite Fossil Soil e Turchese Bianco\" \/>\n<meta name=\"robots\" content=\"index, follow, max-snippet:-1, max-image-preview:large, max-video-preview:-1\" \/>\n<link rel=\"canonical\" href=\"https:\/\/brandgioielli.it\/fr\/produit\/bracciale-ematite-amazzonite-fossil-soil-e-turchese-bianco\/\" \/>\n<meta property=\"og:locale\" content=\"fr_FR\" \/>\n<meta property=\"og:type\" content=\"article\" \/>\n<meta property=\"og:title\" content=\"Bracciale Ematite Amazzonite Fossil Soil e Turchese Bianco - #BrandGioielli\" \/>\n<meta property=\"og:description\" content=\"Acquista ora su Brand Gioielli: Bracciale Ematite Amazzonite Fossil Soil e Turchese Bianco\" \/>\n<meta property=\"og:url\" content=\"https:\/\/brandgioielli.it\/fr\/produit\/bracciale-ematite-amazzonite-fossil-soil-e-turchese-bianco\/\" \/>\n<meta property=\"og:site_name\" content=\"#BrandGioielli\" \/>\n<meta property=\"article:modified_time\" content=\"2026-04-17T16:18:37+00:00\" \/>\n<meta property=\"og:image\" content=\"https:\/\/brandgioielli.it\/wp-content\/uploads\/2025\/12\/Bracciale-turchese-bianco-amazonite-fossil-soil-cubi-ematite.jpg\" \/>\n\t<meta property=\"og:image:width\" content=\"800\" \/>\n\t<meta property=\"og:image:height\" content=\"800\" \/>\n\t<meta property=\"og:image:type\" content=\"image\/jpeg\" \/>\n<meta name=\"twitter:card\" content=\"summary_large_image\" \/>\n<meta name=\"twitter:label1\" content=\"Dur\u00e9e de lecture estim\u00e9e\" \/>\n\t<meta name=\"twitter:data1\" content=\"2 minutes\" \/>\n<script type=\"application\/ld+json\" class=\"yoast-schema-graph\">{\"@context\":\"https:\\\/\\\/schema.org\",\"@graph\":[{\"@type\":\"WebPage\",\"@id\":\"https:\\\/\\\/brandgioielli.it\\\/prodotto\\\/bracciale-ematite-amazzonite-fossil-soil-e-turchese-bianco\\\/\",\"url\":\"https:\\\/\\\/brandgioielli.it\\\/prodotto\\\/bracciale-ematite-amazzonite-fossil-soil-e-turchese-bianco\\\/\",\"name\":\"Bracciale Ematite Amazzonite Fossil Soil e Turchese Bianco - #BrandGioielli\",\"isPartOf\":{\"@id\":\"https:\\\/\\\/brandgioielli.it\\\/#website\"},\"primaryImageOfPage\":{\"@id\":\"https:\\\/\\\/brandgioielli.it\\\/prodotto\\\/bracciale-ematite-amazzonite-fossil-soil-e-turchese-bianco\\\/#primaryimage\"},\"image\":{\"@id\":\"https:\\\/\\\/brandgioielli.it\\\/prodotto\\\/bracciale-ematite-amazzonite-fossil-soil-e-turchese-bianco\\\/#primaryimage\"},\"thumbnailUrl\":\"https:\\\/\\\/brandgioielli.it\\\/wp-content\\\/uploads\\\/2025\\\/12\\\/Bracciale-turchese-bianco-amazonite-fossil-soil-cubi-ematite.jpg\",\"datePublished\":\"2026-01-15T15:37:03+00:00\",\"dateModified\":\"2026-04-17T16:18:37+00:00\",\"description\":\"Acquista ora su Brand Gioielli: Bracciale Ematite Amazzonite Fossil Soil e Turchese Bianco\",\"breadcrumb\":{\"@id\":\"https:\\\/\\\/brandgioielli.it\\\/prodotto\\\/bracciale-ematite-amazzonite-fossil-soil-e-turchese-bianco\\\/#breadcrumb\"},\"inLanguage\":\"fr-FR\",\"potentialAction\":[{\"@type\":\"ReadAction\",\"target\":[\"https:\\\/\\\/brandgioielli.it\\\/prodotto\\\/bracciale-ematite-amazzonite-fossil-soil-e-turchese-bianco\\\/\"]}]},{\"@type\":\"ImageObject\",\"inLanguage\":\"fr-FR\",\"@id\":\"https:\\\/\\\/brandgioielli.it\\\/prodotto\\\/bracciale-ematite-amazzonite-fossil-soil-e-turchese-bianco\\\/#primaryimage\",\"url\":\"https:\\\/\\\/brandgioielli.it\\\/wp-content\\\/uploads\\\/2025\\\/12\\\/Bracciale-turchese-bianco-amazonite-fossil-soil-cubi-ematite.jpg\",\"contentUrl\":\"https:\\\/\\\/brandgioielli.it\\\/wp-content\\\/uploads\\\/2025\\\/12\\\/Bracciale-turchese-bianco-amazonite-fossil-soil-cubi-ematite.jpg\",\"width\":800,\"height\":800},{\"@type\":\"BreadcrumbList\",\"@id\":\"https:\\\/\\\/brandgioielli.it\\\/prodotto\\\/bracciale-ematite-amazzonite-fossil-soil-e-turchese-bianco\\\/#breadcrumb\",\"itemListElement\":[{\"@type\":\"ListItem\",\"position\":1,\"name\":\"Home\",\"item\":\"https:\\\/\\\/brandgioielli.it\\\/\"},{\"@type\":\"ListItem\",\"position\":2,\"name\":\"Shop\",\"item\":\"https:\\\/\\\/brandgioielli.it\\\/shop\\\/\"},{\"@type\":\"ListItem\",\"position\":3,\"name\":\"Bracciale Ematite Amazzonite Fossil Soil e Turchese Bianco\"}]},{\"@type\":\"WebSite\",\"@id\":\"https:\\\/\\\/brandgioielli.it\\\/#website\",\"url\":\"https:\\\/\\\/brandgioielli.it\\\/\",\"name\":\"#BrandGioielli\",\"description\":\"\",\"publisher\":{\"@id\":\"https:\\\/\\\/brandgioielli.it\\\/#organization\"},\"potentialAction\":[{\"@type\":\"SearchAction\",\"target\":{\"@type\":\"EntryPoint\",\"urlTemplate\":\"https:\\\/\\\/brandgioielli.it\\\/?s={search_term_string}\"},\"query-input\":{\"@type\":\"PropertyValueSpecification\",\"valueRequired\":true,\"valueName\":\"search_term_string\"}}],\"inLanguage\":\"fr-FR\"},{\"@type\":\"Organization\",\"@id\":\"https:\\\/\\\/brandgioielli.it\\\/#organization\",\"name\":\"Brand Gioielli\",\"url\":\"https:\\\/\\\/brandgioielli.it\\\/\",\"logo\":{\"@type\":\"ImageObject\",\"inLanguage\":\"fr-FR\",\"@id\":\"https:\\\/\\\/brandgioielli.it\\\/#\\\/schema\\\/logo\\\/image\\\/\",\"url\":\"https:\\\/\\\/brandgioielli.it\\\/wp-content\\\/uploads\\\/2025\\\/07\\\/LogoBrand.png\",\"contentUrl\":\"https:\\\/\\\/brandgioielli.it\\\/wp-content\\\/uploads\\\/2025\\\/07\\\/LogoBrand.png\",\"width\":600,\"height\":170,\"caption\":\"Brand Gioielli\"},\"image\":{\"@id\":\"https:\\\/\\\/brandgioielli.it\\\/#\\\/schema\\\/logo\\\/image\\\/\"}}]}<\/script>\n<!-- \/ Yoast SEO plugin. -->","yoast_head_json":{"title":"Bracciale Ematite Amazzonite Fossil Soil e Turchese Bianco - #BrandGioielli","description":"Acquista ora su Brand Gioielli: Bracciale Ematite Amazzonite Fossil Soil e Turchese Bianco","robots":{"index":"index","follow":"follow","max-snippet":"max-snippet:-1","max-image-preview":"max-image-preview:large","max-video-preview":"max-video-preview:-1"},"canonical":"https:\/\/brandgioielli.it\/fr\/produit\/bracciale-ematite-amazzonite-fossil-soil-e-turchese-bianco\/","og_locale":"fr_FR","og_type":"article","og_title":"Bracciale Ematite Amazzonite Fossil Soil e Turchese Bianco - #BrandGioielli","og_description":"Acquista ora su Brand Gioielli: Bracciale Ematite Amazzonite Fossil Soil e Turchese Bianco","og_url":"https:\/\/brandgioielli.it\/fr\/produit\/bracciale-ematite-amazzonite-fossil-soil-e-turchese-bianco\/","og_site_name":"#BrandGioielli","article_modified_time":"2026-04-17T16:18:37+00:00","og_image":[{"width":800,"height":800,"url":"https:\/\/brandgioielli.it\/wp-content\/uploads\/2025\/12\/Bracciale-turchese-bianco-amazonite-fossil-soil-cubi-ematite.jpg","type":"image\/jpeg"}],"twitter_card":"summary_large_image","twitter_misc":{"Dur\u00e9e de lecture estim\u00e9e":"2 minutes"},"schema":{"@context":"https:\/\/schema.org","@graph":[{"@type":"WebPage","@id":"https:\/\/brandgioielli.it\/prodotto\/bracciale-ematite-amazzonite-fossil-soil-e-turchese-bianco\/","url":"https:\/\/brandgioielli.it\/prodotto\/bracciale-ematite-amazzonite-fossil-soil-e-turchese-bianco\/","name":"Bracciale Ematite Amazzonite Fossil Soil e Turchese Bianco - #BrandGioielli","isPartOf":{"@id":"https:\/\/brandgioielli.it\/#website"},"primaryImageOfPage":{"@id":"https:\/\/brandgioielli.it\/prodotto\/bracciale-ematite-amazzonite-fossil-soil-e-turchese-bianco\/#primaryimage"},"image":{"@id":"https:\/\/brandgioielli.it\/prodotto\/bracciale-ematite-amazzonite-fossil-soil-e-turchese-bianco\/#primaryimage"},"thumbnailUrl":"https:\/\/brandgioielli.it\/wp-content\/uploads\/2025\/12\/Bracciale-turchese-bianco-amazonite-fossil-soil-cubi-ematite.jpg","datePublished":"2026-01-15T15:37:03+00:00","dateModified":"2026-04-17T16:18:37+00:00","description":"Acquista ora su Brand Gioielli: Bracciale Ematite Amazzonite Fossil Soil e Turchese Bianco","breadcrumb":{"@id":"https:\/\/brandgioielli.it\/prodotto\/bracciale-ematite-amazzonite-fossil-soil-e-turchese-bianco\/#breadcrumb"},"inLanguage":"fr-FR","potentialAction":[{"@type":"ReadAction","target":["https:\/\/brandgioielli.it\/prodotto\/bracciale-ematite-amazzonite-fossil-soil-e-turchese-bianco\/"]}]},{"@type":"ImageObject","inLanguage":"fr-FR","@id":"https:\/\/brandgioielli.it\/prodotto\/bracciale-ematite-amazzonite-fossil-soil-e-turchese-bianco\/#primaryimage","url":"https:\/\/brandgioielli.it\/wp-content\/uploads\/2025\/12\/Bracciale-turchese-bianco-amazonite-fossil-soil-cubi-ematite.jpg","contentUrl":"https:\/\/brandgioielli.it\/wp-content\/uploads\/2025\/12\/Bracciale-turchese-bianco-amazonite-fossil-soil-cubi-ematite.jpg","width":800,"height":800},{"@type":"BreadcrumbList","@id":"https:\/\/brandgioielli.it\/prodotto\/bracciale-ematite-amazzonite-fossil-soil-e-turchese-bianco\/#breadcrumb","itemListElement":[{"@type":"ListItem","position":1,"name":"Home","item":"https:\/\/brandgioielli.it\/"},{"@type":"ListItem","position":2,"name":"Shop","item":"https:\/\/brandgioielli.it\/shop\/"},{"@type":"ListItem","position":3,"name":"Bracciale Ematite Amazzonite Fossil Soil e Turchese Bianco"}]},{"@type":"WebSite","@id":"https:\/\/brandgioielli.it\/#website","url":"https:\/\/brandgioielli.it\/","name":"#BrandJewellery","description":"","publisher":{"@id":"https:\/\/brandgioielli.it\/#organization"},"potentialAction":[{"@type":"SearchAction","target":{"@type":"EntryPoint","urlTemplate":"https:\/\/brandgioielli.it\/?s={search_term_string}"},"query-input":{"@type":"PropertyValueSpecification","valueRequired":true,"valueName":"search_term_string"}}],"inLanguage":"fr-FR"},{"@type":"Organization","@id":"https:\/\/brandgioielli.it\/#organization","name":"Bijoux de marque","url":"https:\/\/brandgioielli.it\/","logo":{"@type":"ImageObject","inLanguage":"fr-FR","@id":"https:\/\/brandgioielli.it\/#\/schema\/logo\/image\/","url":"https:\/\/brandgioielli.it\/wp-content\/uploads\/2025\/07\/LogoBrand.png","contentUrl":"https:\/\/brandgioielli.it\/wp-content\/uploads\/2025\/07\/LogoBrand.png","width":600,"height":170,"caption":"Brand Gioielli"},"image":{"@id":"https:\/\/brandgioielli.it\/#\/schema\/logo\/image\/"}}]}},"_links":{"self":[{"href":"https:\/\/brandgioielli.it\/fr\/wp-json\/wp\/v2\/product\/101216","targetHints":{"allow":["GET"]}}],"collection":[{"href":"https:\/\/brandgioielli.it\/fr\/wp-json\/wp\/v2\/product"}],"about":[{"href":"https:\/\/brandgioielli.it\/fr\/wp-json\/wp\/v2\/types\/product"}],"version-history":[{"count":1,"href":"https:\/\/brandgioielli.it\/fr\/wp-json\/wp\/v2\/product\/101216\/revisions"}],"predecessor-version":[{"id":101217,"href":"https:\/\/brandgioielli.it\/fr\/wp-json\/wp\/v2\/product\/101216\/revisions\/101217"}],"wp:featuredmedia":[{"embeddable":true,"href":"https:\/\/brandgioielli.it\/fr\/wp-json\/wp\/v2\/media\/101203"}],"wp:attachment":[{"href":"https:\/\/brandgioielli.it\/fr\/wp-json\/wp\/v2\/media?parent=101216"}],"wp:term":[{"taxonomy":"product_brand","embeddable":true,"href":"https:\/\/brandgioielli.it\/fr\/wp-json\/wp\/v2\/product_brand?post=101216"},{"taxonomy":"product_cat","embeddable":true,"href":"https:\/\/brandgioielli.it\/fr\/wp-json\/wp\/v2\/product_cat?post=101216"},{"taxonomy":"product_tag","embeddable":true,"href":"https:\/\/brandgioielli.it\/fr\/wp-json\/wp\/v2\/product_tag?post=101216"}],"curies":[{"name":"wp","href":"https:\/\/api.w.org\/{rel}","templated":true}]}}