{"id":100199,"date":"2025-11-06T17:07:24","date_gmt":"2025-11-06T16:07:24","guid":{"rendered":"https:\/\/sandybrown-lark-277155.hostingersite.com\/?post_type=product&#038;p=100199"},"modified":"2026-04-17T18:17:45","modified_gmt":"2026-04-17T16:17:45","slug":"orecchini-saliscendi-fiocco-di-neve","status":"publish","type":"product","link":"https:\/\/brandgioielli.it\/fr\/produit\/orecchini-saliscendi-fiocco-di-neve\/","title":{"rendered":"Boucles d'oreilles flocon de neige"},"content":{"rendered":"<h2>Boucles d'oreilles flocon de neige<\/h2>\n<p>Les boucles d&#039;oreilles coulissantes Gioielli flocon de neige de la marque #Brand sont un accessoire \u00e9l\u00e9gant et lumineux, inspir\u00e9 par la magie de l&#039;hiver. Confectionn\u00e9es en acier inoxydable hypoallerg\u00e9nique, elles arborent un d\u00e9licat flocon de neige orn\u00e9 de cristaux qui captent la lumi\u00e8re au moindre mouvement. Raffin\u00e9es et l\u00e9g\u00e8res, elles apportent une touche d&#039;\u00e9clat et de f\u00e9minit\u00e9, parfaites pour compl\u00e9ter une tenue de f\u00eates ou ajouter une note d&#039;\u00e9l\u00e9gance \u00e0 toute occasion.<\/p>\n<p><strong>SP\u00c9CIFICATIONS TECHNIQUES<\/strong><\/p>\n<ul>\n<li>Boucles d&#039;oreilles pendantes flocon de neige<\/li>\n<li>Longueur : 6 cm<\/li>\n<li>Finition : acier et PVD or<\/li>\n<li>Mat\u00e9riau : acier inoxydable et hypoallerg\u00e9nique, \u00e9mail<\/li>\n<\/ul>\n<p><em>Tous les bijoux de la marque #Brand sont fabriqu\u00e9s \u00e0 partir de l'acier inoxydable chirurgical le plus pur du march\u00e9, test\u00e9 pour le nickel et con\u00e7u pour \u00eatre port\u00e9 tous les jours sans crainte de d\u00e9coloration ou de signes d'usure et r\u00e9sistant \u00e0 l'eau.\u00a0<\/em><\/p>","protected":false},"excerpt":{"rendered":"<p>Orecchini Saliscendi Fiocco di Neve Gli orecchini saliscendi fiocco di neve #Brand Gioielli sono un accessorio elegante e luminoso, ispirato alla magia dell\u2019inverno. Realizzati in acciaio inossidabile ipoallergenico, presentano un delicato fiocco di neve impreziosito da cristalli che catturano la luce ad ogni movimento. Raffinati e leggeri, aggiungono un tocco di brillantezza e femminilit\u00e0, perfetti [&hellip;]<\/p>\n","protected":false},"featured_media":100141,"template":"","meta":[],"product_brand":[],"product_cat":[19,492,36,24,117,506],"product_tag":[103],"class_list":{"0":"post-100199","1":"product","2":"type-product","3":"status-publish","4":"has-post-thumbnail","6":"product_cat-donna","7":"product_cat-natale","8":"product_cat-orecchini","9":"product_cat-orecchini-donna","10":"product_cat-saliscendi","11":"product_cat-sotto-i-20e","12":"product_tag-collezione-natale","14":"first","15":"instock","16":"shipping-taxable","17":"purchasable","18":"product-type-variable"},"yoast_head":"<!-- This site is optimized with the Yoast SEO plugin v27.4 - https:\/\/yoast.com\/product\/yoast-seo-wordpress\/ -->\n<title>Orecchini Saliscendi Fiocco di Neve - #BrandGioielli<\/title>\n<meta name=\"description\" content=\"Acquista ora su Brand Gioielli: Orecchini Saliscendi Fiocco di Neve\" \/>\n<meta name=\"robots\" content=\"index, follow, max-snippet:-1, max-image-preview:large, max-video-preview:-1\" \/>\n<link rel=\"canonical\" href=\"https:\/\/brandgioielli.it\/fr\/produit\/orecchini-saliscendi-fiocco-di-neve\/\" \/>\n<meta property=\"og:locale\" content=\"fr_FR\" \/>\n<meta property=\"og:type\" content=\"article\" \/>\n<meta property=\"og:title\" content=\"Orecchini Saliscendi Fiocco di Neve - #BrandGioielli\" \/>\n<meta property=\"og:description\" content=\"Acquista ora su Brand Gioielli: Orecchini Saliscendi Fiocco di Neve\" \/>\n<meta property=\"og:url\" content=\"https:\/\/brandgioielli.it\/fr\/produit\/orecchini-saliscendi-fiocco-di-neve\/\" \/>\n<meta property=\"og:site_name\" content=\"#BrandGioielli\" \/>\n<meta property=\"article:modified_time\" content=\"2026-04-17T16:17:45+00:00\" \/>\n<meta property=\"og:image\" content=\"http:\/\/brandgioielli.it\/wp-content\/uploads\/2025\/11\/Orecchini-saliscendi-fiocco-di-neve-acciaio-1.jpg\" \/>\n\t<meta property=\"og:image:width\" content=\"800\" \/>\n\t<meta property=\"og:image:height\" content=\"800\" \/>\n\t<meta property=\"og:image:type\" content=\"image\/jpeg\" \/>\n<meta name=\"twitter:card\" content=\"summary_large_image\" \/>\n<meta name=\"twitter:label1\" content=\"Dur\u00e9e de lecture estim\u00e9e\" \/>\n\t<meta name=\"twitter:data1\" content=\"1 minute\" \/>\n<script type=\"application\/ld+json\" class=\"yoast-schema-graph\">{\"@context\":\"https:\\\/\\\/schema.org\",\"@graph\":[{\"@type\":\"WebPage\",\"@id\":\"https:\\\/\\\/brandgioielli.it\\\/prodotto\\\/orecchini-saliscendi-fiocco-di-neve\\\/\",\"url\":\"https:\\\/\\\/brandgioielli.it\\\/prodotto\\\/orecchini-saliscendi-fiocco-di-neve\\\/\",\"name\":\"Orecchini Saliscendi Fiocco di Neve - #BrandGioielli\",\"isPartOf\":{\"@id\":\"https:\\\/\\\/brandgioielli.it\\\/#website\"},\"primaryImageOfPage\":{\"@id\":\"https:\\\/\\\/brandgioielli.it\\\/prodotto\\\/orecchini-saliscendi-fiocco-di-neve\\\/#primaryimage\"},\"image\":{\"@id\":\"https:\\\/\\\/brandgioielli.it\\\/prodotto\\\/orecchini-saliscendi-fiocco-di-neve\\\/#primaryimage\"},\"thumbnailUrl\":\"https:\\\/\\\/brandgioielli.it\\\/wp-content\\\/uploads\\\/2025\\\/11\\\/Orecchini-saliscendi-fiocco-di-neve-acciaio-1.jpg\",\"datePublished\":\"2025-11-06T16:07:24+00:00\",\"dateModified\":\"2026-04-17T16:17:45+00:00\",\"description\":\"Acquista ora su Brand Gioielli: Orecchini Saliscendi Fiocco di Neve\",\"breadcrumb\":{\"@id\":\"https:\\\/\\\/brandgioielli.it\\\/prodotto\\\/orecchini-saliscendi-fiocco-di-neve\\\/#breadcrumb\"},\"inLanguage\":\"fr-FR\",\"potentialAction\":[{\"@type\":\"ReadAction\",\"target\":[\"https:\\\/\\\/brandgioielli.it\\\/prodotto\\\/orecchini-saliscendi-fiocco-di-neve\\\/\"]}]},{\"@type\":\"ImageObject\",\"inLanguage\":\"fr-FR\",\"@id\":\"https:\\\/\\\/brandgioielli.it\\\/prodotto\\\/orecchini-saliscendi-fiocco-di-neve\\\/#primaryimage\",\"url\":\"https:\\\/\\\/brandgioielli.it\\\/wp-content\\\/uploads\\\/2025\\\/11\\\/Orecchini-saliscendi-fiocco-di-neve-acciaio-1.jpg\",\"contentUrl\":\"https:\\\/\\\/brandgioielli.it\\\/wp-content\\\/uploads\\\/2025\\\/11\\\/Orecchini-saliscendi-fiocco-di-neve-acciaio-1.jpg\",\"width\":800,\"height\":800},{\"@type\":\"BreadcrumbList\",\"@id\":\"https:\\\/\\\/brandgioielli.it\\\/prodotto\\\/orecchini-saliscendi-fiocco-di-neve\\\/#breadcrumb\",\"itemListElement\":[{\"@type\":\"ListItem\",\"position\":1,\"name\":\"Home\",\"item\":\"https:\\\/\\\/brandgioielli.it\\\/\"},{\"@type\":\"ListItem\",\"position\":2,\"name\":\"Shop\",\"item\":\"https:\\\/\\\/brandgioielli.it\\\/shop\\\/\"},{\"@type\":\"ListItem\",\"position\":3,\"name\":\"Orecchini Saliscendi Fiocco di Neve\"}]},{\"@type\":\"WebSite\",\"@id\":\"https:\\\/\\\/brandgioielli.it\\\/#website\",\"url\":\"https:\\\/\\\/brandgioielli.it\\\/\",\"name\":\"#BrandGioielli\",\"description\":\"\",\"publisher\":{\"@id\":\"https:\\\/\\\/brandgioielli.it\\\/#organization\"},\"potentialAction\":[{\"@type\":\"SearchAction\",\"target\":{\"@type\":\"EntryPoint\",\"urlTemplate\":\"https:\\\/\\\/brandgioielli.it\\\/?s={search_term_string}\"},\"query-input\":{\"@type\":\"PropertyValueSpecification\",\"valueRequired\":true,\"valueName\":\"search_term_string\"}}],\"inLanguage\":\"fr-FR\"},{\"@type\":\"Organization\",\"@id\":\"https:\\\/\\\/brandgioielli.it\\\/#organization\",\"name\":\"Brand Gioielli\",\"url\":\"https:\\\/\\\/brandgioielli.it\\\/\",\"logo\":{\"@type\":\"ImageObject\",\"inLanguage\":\"fr-FR\",\"@id\":\"https:\\\/\\\/brandgioielli.it\\\/#\\\/schema\\\/logo\\\/image\\\/\",\"url\":\"https:\\\/\\\/brandgioielli.it\\\/wp-content\\\/uploads\\\/2025\\\/07\\\/LogoBrand.png\",\"contentUrl\":\"https:\\\/\\\/brandgioielli.it\\\/wp-content\\\/uploads\\\/2025\\\/07\\\/LogoBrand.png\",\"width\":600,\"height\":170,\"caption\":\"Brand Gioielli\"},\"image\":{\"@id\":\"https:\\\/\\\/brandgioielli.it\\\/#\\\/schema\\\/logo\\\/image\\\/\"}}]}<\/script>\n<!-- \/ Yoast SEO plugin. -->","yoast_head_json":{"title":"Boucles d&#039;oreilles pendantes flocon de neige - #BrandGioielli","description":"Achetez d\u00e8s maintenant chez Brand Gioielli : Boucles d&#039;oreilles pendantes Flocon de neige","robots":{"index":"index","follow":"follow","max-snippet":"max-snippet:-1","max-image-preview":"max-image-preview:large","max-video-preview":"max-video-preview:-1"},"canonical":"https:\/\/brandgioielli.it\/fr\/produit\/orecchini-saliscendi-fiocco-di-neve\/","og_locale":"fr_FR","og_type":"article","og_title":"Orecchini Saliscendi Fiocco di Neve - #BrandGioielli","og_description":"Acquista ora su Brand Gioielli: Orecchini Saliscendi Fiocco di Neve","og_url":"https:\/\/brandgioielli.it\/fr\/produit\/orecchini-saliscendi-fiocco-di-neve\/","og_site_name":"#BrandGioielli","article_modified_time":"2026-04-17T16:17:45+00:00","og_image":[{"width":800,"height":800,"url":"http:\/\/brandgioielli.it\/wp-content\/uploads\/2025\/11\/Orecchini-saliscendi-fiocco-di-neve-acciaio-1.jpg","type":"image\/jpeg"}],"twitter_card":"summary_large_image","twitter_misc":{"Dur\u00e9e de lecture estim\u00e9e":"1 minute"},"schema":{"@context":"https:\/\/schema.org","@graph":[{"@type":"WebPage","@id":"https:\/\/brandgioielli.it\/prodotto\/orecchini-saliscendi-fiocco-di-neve\/","url":"https:\/\/brandgioielli.it\/prodotto\/orecchini-saliscendi-fiocco-di-neve\/","name":"Boucles d&#039;oreilles pendantes flocon de neige - #BrandGioielli","isPartOf":{"@id":"https:\/\/brandgioielli.it\/#website"},"primaryImageOfPage":{"@id":"https:\/\/brandgioielli.it\/prodotto\/orecchini-saliscendi-fiocco-di-neve\/#primaryimage"},"image":{"@id":"https:\/\/brandgioielli.it\/prodotto\/orecchini-saliscendi-fiocco-di-neve\/#primaryimage"},"thumbnailUrl":"https:\/\/brandgioielli.it\/wp-content\/uploads\/2025\/11\/Orecchini-saliscendi-fiocco-di-neve-acciaio-1.jpg","datePublished":"2025-11-06T16:07:24+00:00","dateModified":"2026-04-17T16:17:45+00:00","description":"Achetez d\u00e8s maintenant chez Brand Gioielli : Boucles d&#039;oreilles pendantes Flocon de neige","breadcrumb":{"@id":"https:\/\/brandgioielli.it\/prodotto\/orecchini-saliscendi-fiocco-di-neve\/#breadcrumb"},"inLanguage":"fr-FR","potentialAction":[{"@type":"ReadAction","target":["https:\/\/brandgioielli.it\/prodotto\/orecchini-saliscendi-fiocco-di-neve\/"]}]},{"@type":"ImageObject","inLanguage":"fr-FR","@id":"https:\/\/brandgioielli.it\/prodotto\/orecchini-saliscendi-fiocco-di-neve\/#primaryimage","url":"https:\/\/brandgioielli.it\/wp-content\/uploads\/2025\/11\/Orecchini-saliscendi-fiocco-di-neve-acciaio-1.jpg","contentUrl":"https:\/\/brandgioielli.it\/wp-content\/uploads\/2025\/11\/Orecchini-saliscendi-fiocco-di-neve-acciaio-1.jpg","width":800,"height":800},{"@type":"BreadcrumbList","@id":"https:\/\/brandgioielli.it\/prodotto\/orecchini-saliscendi-fiocco-di-neve\/#breadcrumb","itemListElement":[{"@type":"ListItem","position":1,"name":"Home","item":"https:\/\/brandgioielli.it\/"},{"@type":"ListItem","position":2,"name":"Shop","item":"https:\/\/brandgioielli.it\/shop\/"},{"@type":"ListItem","position":3,"name":"Orecchini Saliscendi Fiocco di Neve"}]},{"@type":"WebSite","@id":"https:\/\/brandgioielli.it\/#website","url":"https:\/\/brandgioielli.it\/","name":"#BrandJewellery","description":"","publisher":{"@id":"https:\/\/brandgioielli.it\/#organization"},"potentialAction":[{"@type":"SearchAction","target":{"@type":"EntryPoint","urlTemplate":"https:\/\/brandgioielli.it\/?s={search_term_string}"},"query-input":{"@type":"PropertyValueSpecification","valueRequired":true,"valueName":"search_term_string"}}],"inLanguage":"fr-FR"},{"@type":"Organization","@id":"https:\/\/brandgioielli.it\/#organization","name":"Bijoux de marque","url":"https:\/\/brandgioielli.it\/","logo":{"@type":"ImageObject","inLanguage":"fr-FR","@id":"https:\/\/brandgioielli.it\/#\/schema\/logo\/image\/","url":"https:\/\/brandgioielli.it\/wp-content\/uploads\/2025\/07\/LogoBrand.png","contentUrl":"https:\/\/brandgioielli.it\/wp-content\/uploads\/2025\/07\/LogoBrand.png","width":600,"height":170,"caption":"Brand Gioielli"},"image":{"@id":"https:\/\/brandgioielli.it\/#\/schema\/logo\/image\/"}}]}},"_links":{"self":[{"href":"https:\/\/brandgioielli.it\/fr\/wp-json\/wp\/v2\/product\/100199","targetHints":{"allow":["GET"]}}],"collection":[{"href":"https:\/\/brandgioielli.it\/fr\/wp-json\/wp\/v2\/product"}],"about":[{"href":"https:\/\/brandgioielli.it\/fr\/wp-json\/wp\/v2\/types\/product"}],"version-history":[{"count":1,"href":"https:\/\/brandgioielli.it\/fr\/wp-json\/wp\/v2\/product\/100199\/revisions"}],"predecessor-version":[{"id":100202,"href":"https:\/\/brandgioielli.it\/fr\/wp-json\/wp\/v2\/product\/100199\/revisions\/100202"}],"wp:featuredmedia":[{"embeddable":true,"href":"https:\/\/brandgioielli.it\/fr\/wp-json\/wp\/v2\/media\/100141"}],"wp:attachment":[{"href":"https:\/\/brandgioielli.it\/fr\/wp-json\/wp\/v2\/media?parent=100199"}],"wp:term":[{"taxonomy":"product_brand","embeddable":true,"href":"https:\/\/brandgioielli.it\/fr\/wp-json\/wp\/v2\/product_brand?post=100199"},{"taxonomy":"product_cat","embeddable":true,"href":"https:\/\/brandgioielli.it\/fr\/wp-json\/wp\/v2\/product_cat?post=100199"},{"taxonomy":"product_tag","embeddable":true,"href":"https:\/\/brandgioielli.it\/fr\/wp-json\/wp\/v2\/product_tag?post=100199"}],"curies":[{"name":"wp","href":"https:\/\/api.w.org\/{rel}","templated":true}]}}