{"id":7817,"date":"2025-09-19T15:41:13","date_gmt":"2025-09-19T13:41:13","guid":{"rendered":"https:\/\/sandybrown-lark-277155.hostingersite.com\/prodotto\/chiodino-da-naso-a-l-con-cristallo\/"},"modified":"2026-03-05T09:40:57","modified_gmt":"2026-03-05T08:40:57","slug":"chiodino-da-naso-a-l-con-cristallo","status":"publish","type":"product","link":"https:\/\/brandgioielli.it\/en\/product\/chiodino-da-naso-a-l-con-cristallo\/","title":{"rendered":"L-Shaped Nose Stud Piercing with Crystal"},"content":{"rendered":"<h2>Piercing Chiodino da Naso a &#8220;L&#8221; con Cristallo<\/h2>\n<div class=\"flex flex-col text-sm pb-25\">\n<article class=\"text-token-text-primary w-full focus:outline-none [--shadow-height:45px] has-data-writing-block:pointer-events-none has-data-writing-block:-mt-(--shadow-height) has-data-writing-block:pt-(--shadow-height) [&amp;:has([data-writing-block])&gt;*]:pointer-events-auto scroll-mt-[calc(var(--header-height)+min(200px,max(70px,20svh)))]\" dir=\"auto\" tabindex=\"-1\" data-turn-id=\"request-6889f392-8280-8329-8895-28f60b0b39f3-1\" data-testid=\"conversation-turn-78\" data-scroll-anchor=\"true\" data-turn=\"assistant\">\n<div class=\"text-base my-auto mx-auto pb-10 [--thread-content-margin:--spacing(4)] @w-sm\/main:[--thread-content-margin:--spacing(6)] @w-lg\/main:[--thread-content-margin:--spacing(16)] px-(--thread-content-margin)\">\n<div class=\"[--thread-content-max-width:40rem] @w-lg\/main:[--thread-content-max-width:48rem] mx-auto max-w-(--thread-content-max-width) flex-1 group\/turn-messages focus-visible:outline-hidden relative flex w-full min-w-0 flex-col agent-turn\" tabindex=\"-1\">\n<div class=\"flex max-w-full flex-col grow\">\n<div class=\"min-h-8 text-message relative flex w-full flex-col items-end gap-2 text-start break-words whitespace-normal [.text-message+&amp;]:mt-1\" dir=\"auto\" data-message-author-role=\"assistant\" data-message-id=\"53eeb0b0-5d93-4ca6-b17e-03077ccfc717\" data-message-model-slug=\"gpt-5-2\">\n<div class=\"flex w-full flex-col gap-1 empty:hidden first:pt-[1px]\">\n<div class=\"markdown prose dark:prose-invert w-full wrap-break-word dark markdown-new-styling\">\n<p data-start=\"0\" data-end=\"672\" data-is-last-node=\"\" data-is-only-node=\"\">Il piercing chiodino da naso a forma di &#8220;L&#8221; con cristallo firmato #Brand Gioielli si distingue per il suo design luminoso ed elegante, pensato per valorizzare il naso con un punto luce raffinato e discreto. La particolare struttura a \u201cL\u201d facilita l\u2019inserimento e garantisce una vestibilit\u00e0 stabile e confortevole, adattandosi perfettamente alla forma del piercing. Il cristallo frontale dona brillantezza e cattura la luce con delicatezza, rendendolo ideale sia per look minimal e quotidiani sia per abbinamenti pi\u00f9 ricercati. Realizzato in acciaio inossidabile, assicura resistenza e durata nel tempo ed \u00e8 disponibile in 6 varianti colore del cristallo, per scegliere la tonalit\u00e0 pi\u00f9 adatta al proprio stile. Perfetto da indossare ogni giorno oppure da combinare con altri piercing per creare mix moderni e personalizzati.<\/p>\n<\/div>\n<\/div>\n<\/div>\n<\/div>\n<\/div>\n<\/div>\n<\/article>\n<\/div>\n<div class=\"flex flex-col text-sm pb-25\">\n<article class=\"text-token-text-primary w-full focus:outline-none [--shadow-height:45px] has-data-writing-block:pointer-events-none has-data-writing-block:-mt-(--shadow-height) has-data-writing-block:pt-(--shadow-height) [&amp;:has([data-writing-block])&gt;*]:pointer-events-auto scroll-mt-[calc(var(--header-height)+min(200px,max(70px,20svh)))]\" dir=\"auto\" tabindex=\"-1\" data-turn-id=\"request-693c1ef8-369c-8327-b513-59ed25edd9bb-3\" data-testid=\"conversation-turn-344\" data-scroll-anchor=\"true\" data-turn=\"assistant\">\n<div class=\"text-base my-auto mx-auto pb-10 [--thread-content-margin:--spacing(4)] @w-sm\/main:[--thread-content-margin:--spacing(6)] @w-lg\/main:[--thread-content-margin:--spacing(16)] px-(--thread-content-margin)\">\n<div class=\"[--thread-content-max-width:40rem] @w-lg\/main:[--thread-content-max-width:48rem] mx-auto max-w-(--thread-content-max-width) flex-1 group\/turn-messages focus-visible:outline-hidden relative flex w-full min-w-0 flex-col agent-turn\" tabindex=\"-1\">\n<div class=\"z-0 flex min-h-[46px] justify-start\"><strong>SPECIFICHE TECNICHE<\/strong><\/div>\n<\/div>\n<\/div>\n<\/article>\n<\/div>\n<ul>\n<li>Piercing Chiodino da Naso a &#8220;L&#8221; con Cristallo<\/li>\n<li>Lunghezza Barra: 6,5 mm<\/li>\n<li>Spessore Barra: 0,8 mm<\/li>\n<li>Diametro Cristallo: 2,5 mm<\/li>\n<li>Colori Cristallo: Azzurro, Bianco, Boreale, Rosa, Rosso, Verde<\/li>\n<li>Finitura: Acciaio<\/li>\n<li>Materiale: Acciaio Inossidabile<\/li>\n<\/ul>\n<p><strong><b>NOTE UTILI PER L\u2019ACQUISTO<\/b><br aria-hidden=\"true\" \/><\/strong>Per ragioni igieniche e di sicurezza, <strong>non accettiamo resi o cambi per prodotti della categoria <i>piercing<\/i>.<\/strong> Questa politica garantisce che tutti i prodotti sigillati che ricevi siano idonei e sicuri per l\u2019uso, mantenendo i pi\u00f9 alti standard di igiene.<\/p>\n<p><em>Tutti i gioielli #Brand sono realizzati con l\u2019acciaio chirurgico inossidabile pi\u00f9 puro presente sul mercato, testati per il Nichel e progettati per essere indossati ogni giorno senza timore di scolorimento o segni di usura.<\/em><\/p>\n","protected":false},"excerpt":{"rendered":"<p>Piercing Chiodino da Naso a &#8220;L&#8221; con Cristallo Il piercing chiodino da naso a forma di &#8220;L&#8221; con cristallo firmato #Brand Gioielli si distingue per il suo design luminoso ed elegante, pensato per valorizzare il naso con un punto luce raffinato e discreto. La particolare struttura a \u201cL\u201d facilita l\u2019inserimento e garantisce una vestibilit\u00e0 stabile [&hellip;]<\/p>\n","protected":false},"featured_media":105828,"template":"","meta":[],"product_brand":[],"product_cat":[497,92,500,508],"product_tag":[128],"class_list":{"0":"post-7817","1":"product","2":"type-product","3":"status-publish","4":"has-post-thumbnail","6":"product_cat-nose-stud","7":"product_cat-piercing","8":"product_cat-piercings","9":"product_cat-sotto-i-5e","10":"product_tag-piercing","12":"first","13":"instock","14":"shipping-taxable","15":"purchasable","16":"product-type-variable"},"yoast_head":"<!-- This site is optimized with the Yoast SEO plugin v27.4 - https:\/\/yoast.com\/product\/yoast-seo-wordpress\/ -->\n<title>Piercing Chiodino da Naso a &quot;L&quot; con Cristallo - #BrandGioielli<\/title>\n<meta name=\"description\" content=\"Acquista ora su Brand Gioielli: Piercing Chiodino da Naso a &quot;L&quot; con Cristallo\" \/>\n<meta name=\"robots\" content=\"index, follow, max-snippet:-1, max-image-preview:large, max-video-preview:-1\" \/>\n<link rel=\"canonical\" href=\"https:\/\/brandgioielli.it\/en\/product\/chiodino-da-naso-a-l-con-cristallo\/\" \/>\n<meta property=\"og:locale\" content=\"en_GB\" \/>\n<meta property=\"og:type\" content=\"article\" \/>\n<meta property=\"og:title\" content=\"Piercing Chiodino da Naso a &quot;L&quot; con Cristallo - #BrandGioielli\" \/>\n<meta property=\"og:description\" content=\"Acquista ora su Brand Gioielli: Piercing Chiodino da Naso a &quot;L&quot; con Cristallo\" \/>\n<meta property=\"og:url\" content=\"https:\/\/brandgioielli.it\/en\/product\/chiodino-da-naso-a-l-con-cristallo\/\" \/>\n<meta property=\"og:site_name\" content=\"#BrandGioielli\" \/>\n<meta property=\"article:modified_time\" content=\"2026-03-05T08:40:57+00:00\" \/>\n<meta property=\"og:image\" content=\"https:\/\/brandgioielli.it\/wp-content\/uploads\/2025\/09\/piercing-naso-curvo-tutti-i-colori-cristallo-L.jpg\" \/>\n\t<meta property=\"og:image:width\" content=\"800\" \/>\n\t<meta property=\"og:image:height\" content=\"800\" \/>\n\t<meta property=\"og:image:type\" content=\"image\/jpeg\" \/>\n<meta name=\"twitter:card\" content=\"summary_large_image\" \/>\n<meta name=\"twitter:label1\" content=\"Estimated reading time\" \/>\n\t<meta name=\"twitter:data1\" content=\"2 minutes\" \/>\n<script type=\"application\/ld+json\" class=\"yoast-schema-graph\">{\"@context\":\"https:\\\/\\\/schema.org\",\"@graph\":[{\"@type\":\"WebPage\",\"@id\":\"https:\\\/\\\/brandgioielli.it\\\/prodotto\\\/chiodino-da-naso-a-l-con-cristallo\\\/\",\"url\":\"https:\\\/\\\/brandgioielli.it\\\/prodotto\\\/chiodino-da-naso-a-l-con-cristallo\\\/\",\"name\":\"Piercing Chiodino da Naso a \\\"L\\\" con Cristallo - #BrandGioielli\",\"isPartOf\":{\"@id\":\"https:\\\/\\\/brandgioielli.it\\\/#website\"},\"primaryImageOfPage\":{\"@id\":\"https:\\\/\\\/brandgioielli.it\\\/prodotto\\\/chiodino-da-naso-a-l-con-cristallo\\\/#primaryimage\"},\"image\":{\"@id\":\"https:\\\/\\\/brandgioielli.it\\\/prodotto\\\/chiodino-da-naso-a-l-con-cristallo\\\/#primaryimage\"},\"thumbnailUrl\":\"https:\\\/\\\/brandgioielli.it\\\/wp-content\\\/uploads\\\/2025\\\/09\\\/piercing-naso-curvo-tutti-i-colori-cristallo-L.jpg\",\"datePublished\":\"2025-09-19T13:41:13+00:00\",\"dateModified\":\"2026-03-05T08:40:57+00:00\",\"description\":\"Acquista ora su Brand Gioielli: Piercing Chiodino da Naso a \\\"L\\\" con Cristallo\",\"breadcrumb\":{\"@id\":\"https:\\\/\\\/brandgioielli.it\\\/prodotto\\\/chiodino-da-naso-a-l-con-cristallo\\\/#breadcrumb\"},\"inLanguage\":\"en-GB\",\"potentialAction\":[{\"@type\":\"ReadAction\",\"target\":[\"https:\\\/\\\/brandgioielli.it\\\/prodotto\\\/chiodino-da-naso-a-l-con-cristallo\\\/\"]}]},{\"@type\":\"ImageObject\",\"inLanguage\":\"en-GB\",\"@id\":\"https:\\\/\\\/brandgioielli.it\\\/prodotto\\\/chiodino-da-naso-a-l-con-cristallo\\\/#primaryimage\",\"url\":\"https:\\\/\\\/brandgioielli.it\\\/wp-content\\\/uploads\\\/2025\\\/09\\\/piercing-naso-curvo-tutti-i-colori-cristallo-L.jpg\",\"contentUrl\":\"https:\\\/\\\/brandgioielli.it\\\/wp-content\\\/uploads\\\/2025\\\/09\\\/piercing-naso-curvo-tutti-i-colori-cristallo-L.jpg\",\"width\":800,\"height\":800},{\"@type\":\"BreadcrumbList\",\"@id\":\"https:\\\/\\\/brandgioielli.it\\\/prodotto\\\/chiodino-da-naso-a-l-con-cristallo\\\/#breadcrumb\",\"itemListElement\":[{\"@type\":\"ListItem\",\"position\":1,\"name\":\"Home\",\"item\":\"https:\\\/\\\/brandgioielli.it\\\/\"},{\"@type\":\"ListItem\",\"position\":2,\"name\":\"Shop\",\"item\":\"https:\\\/\\\/brandgioielli.it\\\/shop\\\/\"},{\"@type\":\"ListItem\",\"position\":3,\"name\":\"Piercing Chiodino da Naso a &#8220;L&#8221; con Cristallo\"}]},{\"@type\":\"WebSite\",\"@id\":\"https:\\\/\\\/brandgioielli.it\\\/#website\",\"url\":\"https:\\\/\\\/brandgioielli.it\\\/\",\"name\":\"#BrandGioielli\",\"description\":\"\",\"publisher\":{\"@id\":\"https:\\\/\\\/brandgioielli.it\\\/#organization\"},\"potentialAction\":[{\"@type\":\"SearchAction\",\"target\":{\"@type\":\"EntryPoint\",\"urlTemplate\":\"https:\\\/\\\/brandgioielli.it\\\/?s={search_term_string}\"},\"query-input\":{\"@type\":\"PropertyValueSpecification\",\"valueRequired\":true,\"valueName\":\"search_term_string\"}}],\"inLanguage\":\"en-GB\"},{\"@type\":\"Organization\",\"@id\":\"https:\\\/\\\/brandgioielli.it\\\/#organization\",\"name\":\"Brand Gioielli\",\"url\":\"https:\\\/\\\/brandgioielli.it\\\/\",\"logo\":{\"@type\":\"ImageObject\",\"inLanguage\":\"en-GB\",\"@id\":\"https:\\\/\\\/brandgioielli.it\\\/#\\\/schema\\\/logo\\\/image\\\/\",\"url\":\"https:\\\/\\\/brandgioielli.it\\\/wp-content\\\/uploads\\\/2025\\\/07\\\/LogoBrand.png\",\"contentUrl\":\"https:\\\/\\\/brandgioielli.it\\\/wp-content\\\/uploads\\\/2025\\\/07\\\/LogoBrand.png\",\"width\":600,\"height\":170,\"caption\":\"Brand Gioielli\"},\"image\":{\"@id\":\"https:\\\/\\\/brandgioielli.it\\\/#\\\/schema\\\/logo\\\/image\\\/\"}}]}<\/script>\n<!-- \/ Yoast SEO plugin. -->","yoast_head_json":{"title":"&quot;L&quot; Shaped Nose Stud Piercing with Crystal - #BrandGioielli","description":"Shop now at Brand Gioielli: &quot;L&quot; Shaped Nose Stud with Crystal Piercing","robots":{"index":"index","follow":"follow","max-snippet":"max-snippet:-1","max-image-preview":"max-image-preview:large","max-video-preview":"max-video-preview:-1"},"canonical":"https:\/\/brandgioielli.it\/en\/product\/chiodino-da-naso-a-l-con-cristallo\/","og_locale":"en_GB","og_type":"article","og_title":"Piercing Chiodino da Naso a \"L\" con Cristallo - #BrandGioielli","og_description":"Acquista ora su Brand Gioielli: Piercing Chiodino da Naso a \"L\" con Cristallo","og_url":"https:\/\/brandgioielli.it\/en\/product\/chiodino-da-naso-a-l-con-cristallo\/","og_site_name":"#BrandGioielli","article_modified_time":"2026-03-05T08:40:57+00:00","og_image":[{"width":800,"height":800,"url":"https:\/\/brandgioielli.it\/wp-content\/uploads\/2025\/09\/piercing-naso-curvo-tutti-i-colori-cristallo-L.jpg","type":"image\/jpeg"}],"twitter_card":"summary_large_image","twitter_misc":{"Estimated reading time":"2 minutes"},"schema":{"@context":"https:\/\/schema.org","@graph":[{"@type":"WebPage","@id":"https:\/\/brandgioielli.it\/prodotto\/chiodino-da-naso-a-l-con-cristallo\/","url":"https:\/\/brandgioielli.it\/prodotto\/chiodino-da-naso-a-l-con-cristallo\/","name":"&quot;L&quot; Shaped Nose Stud Piercing with Crystal - #BrandGioielli","isPartOf":{"@id":"https:\/\/brandgioielli.it\/#website"},"primaryImageOfPage":{"@id":"https:\/\/brandgioielli.it\/prodotto\/chiodino-da-naso-a-l-con-cristallo\/#primaryimage"},"image":{"@id":"https:\/\/brandgioielli.it\/prodotto\/chiodino-da-naso-a-l-con-cristallo\/#primaryimage"},"thumbnailUrl":"https:\/\/brandgioielli.it\/wp-content\/uploads\/2025\/09\/piercing-naso-curvo-tutti-i-colori-cristallo-L.jpg","datePublished":"2025-09-19T13:41:13+00:00","dateModified":"2026-03-05T08:40:57+00:00","description":"Shop now at Brand Gioielli: &quot;L&quot; Shaped Nose Stud with Crystal Piercing","breadcrumb":{"@id":"https:\/\/brandgioielli.it\/prodotto\/chiodino-da-naso-a-l-con-cristallo\/#breadcrumb"},"inLanguage":"en-GB","potentialAction":[{"@type":"ReadAction","target":["https:\/\/brandgioielli.it\/prodotto\/chiodino-da-naso-a-l-con-cristallo\/"]}]},{"@type":"ImageObject","inLanguage":"en-GB","@id":"https:\/\/brandgioielli.it\/prodotto\/chiodino-da-naso-a-l-con-cristallo\/#primaryimage","url":"https:\/\/brandgioielli.it\/wp-content\/uploads\/2025\/09\/piercing-naso-curvo-tutti-i-colori-cristallo-L.jpg","contentUrl":"https:\/\/brandgioielli.it\/wp-content\/uploads\/2025\/09\/piercing-naso-curvo-tutti-i-colori-cristallo-L.jpg","width":800,"height":800},{"@type":"BreadcrumbList","@id":"https:\/\/brandgioielli.it\/prodotto\/chiodino-da-naso-a-l-con-cristallo\/#breadcrumb","itemListElement":[{"@type":"ListItem","position":1,"name":"Home","item":"https:\/\/brandgioielli.it\/"},{"@type":"ListItem","position":2,"name":"Shop","item":"https:\/\/brandgioielli.it\/shop\/"},{"@type":"ListItem","position":3,"name":"Piercing Chiodino da Naso a &#8220;L&#8221; con Cristallo"}]},{"@type":"WebSite","@id":"https:\/\/brandgioielli.it\/#website","url":"https:\/\/brandgioielli.it\/","name":"#BrandGioielli","description":"","publisher":{"@id":"https:\/\/brandgioielli.it\/#organization"},"potentialAction":[{"@type":"SearchAction","target":{"@type":"EntryPoint","urlTemplate":"https:\/\/brandgioielli.it\/?s={search_term_string}"},"query-input":{"@type":"PropertyValueSpecification","valueRequired":true,"valueName":"search_term_string"}}],"inLanguage":"en-GB"},{"@type":"Organization","@id":"https:\/\/brandgioielli.it\/#organization","name":"Brand Jewellery","url":"https:\/\/brandgioielli.it\/","logo":{"@type":"ImageObject","inLanguage":"en-GB","@id":"https:\/\/brandgioielli.it\/#\/schema\/logo\/image\/","url":"https:\/\/brandgioielli.it\/wp-content\/uploads\/2025\/07\/LogoBrand.png","contentUrl":"https:\/\/brandgioielli.it\/wp-content\/uploads\/2025\/07\/LogoBrand.png","width":600,"height":170,"caption":"Brand Gioielli"},"image":{"@id":"https:\/\/brandgioielli.it\/#\/schema\/logo\/image\/"}}]}},"_links":{"self":[{"href":"https:\/\/brandgioielli.it\/en\/wp-json\/wp\/v2\/product\/7817","targetHints":{"allow":["GET"]}}],"collection":[{"href":"https:\/\/brandgioielli.it\/en\/wp-json\/wp\/v2\/product"}],"about":[{"href":"https:\/\/brandgioielli.it\/en\/wp-json\/wp\/v2\/types\/product"}],"version-history":[{"count":4,"href":"https:\/\/brandgioielli.it\/en\/wp-json\/wp\/v2\/product\/7817\/revisions"}],"predecessor-version":[{"id":105983,"href":"https:\/\/brandgioielli.it\/en\/wp-json\/wp\/v2\/product\/7817\/revisions\/105983"}],"wp:featuredmedia":[{"embeddable":true,"href":"https:\/\/brandgioielli.it\/en\/wp-json\/wp\/v2\/media\/105828"}],"wp:attachment":[{"href":"https:\/\/brandgioielli.it\/en\/wp-json\/wp\/v2\/media?parent=7817"}],"wp:term":[{"taxonomy":"product_brand","embeddable":true,"href":"https:\/\/brandgioielli.it\/en\/wp-json\/wp\/v2\/product_brand?post=7817"},{"taxonomy":"product_cat","embeddable":true,"href":"https:\/\/brandgioielli.it\/en\/wp-json\/wp\/v2\/product_cat?post=7817"},{"taxonomy":"product_tag","embeddable":true,"href":"https:\/\/brandgioielli.it\/en\/wp-json\/wp\/v2\/product_tag?post=7817"}],"curies":[{"name":"wp","href":"https:\/\/api.w.org\/{rel}","templated":true}]}}