{"id":7226,"date":"2025-09-20T17:32:23","date_gmt":"2025-09-20T15:32:23","guid":{"rendered":"https:\/\/sandybrown-lark-277155.hostingersite.com\/prodotto\/collana-pietre-bianche\/"},"modified":"2026-04-17T18:18:24","modified_gmt":"2026-04-17T16:18:24","slug":"collana-pietre-bianche","status":"publish","type":"product","link":"https:\/\/brandgioielli.it\/en\/product\/collana-pietre-bianche\/","title":{"rendered":"White Stone Baby Necklace"},"content":{"rendered":"<h2><b>Baby Necklace with White Stones<\/b><\/h2>\n<p>The children&#039;s necklace with white stones by #Brand Gioielli is a lightweight, comfortable and durable accessory, designed to accompany every moment of the day with style and simplicity. Made with beads in<strong data-start=\"538\" data-end=\"578\"> stainless steel <\/strong>and stones. The design is modern and minimal, perfect for both boys and girls, thanks to the neutral color scheme. Easy to wear, resistant to daily wear and water, it is an excellent <strong data-start=\"915\" data-end=\"942\">gift idea for children<\/strong> on occasions such as birthdays, communions or simply as the first piece of jewellery to carry with you.<\/p>\n<p><strong>TECHNICAL SPECIFICATIONS<\/strong><\/p>\n<ul>\n<li>White Stone Baby Necklace<\/li>\n<li>Length: 30cm + 5cm extension<\/li>\n<li>Finish: Steel<\/li>\n<li>Material: steel, stones<\/li>\n<\/ul>\n<p><em>All #Brand jewellery is made from the purest surgical stainless steel on the market, tested for Nickel and designed to be worn every day without fear of discolouration or signs of wear and tear and water-resistant.<\/em><\/p>","protected":false},"excerpt":{"rendered":"<p>Collana Bimbo con Pietre Bianche La collana da bambino con pietre bianche firmata #Brand Gioielli \u00e8 un accessorio leggero, comodo e resistente, pensato per accompagnare ogni momento della giornata con stile e semplicit\u00e0. Realizzata con perline in acciaio inossidabile e pietre. Il design \u00e8 moderno e minimal, perfetto sia per bambini che bambine, grazie alla [&hellip;]<\/p>\n","protected":false},"featured_media":102787,"template":"","meta":[],"product_brand":[],"product_cat":[33,123,466,458,506],"product_tag":[125],"class_list":{"0":"post-7226","1":"product","2":"type-product","3":"status-publish","4":"has-post-thumbnail","6":"product_cat-bambini","7":"product_cat-bambinicollane-bambini","8":"product_cat-bimbo","9":"product_cat-collane","10":"product_cat-sotto-i-20e","11":"product_tag-collezione-dragonfire","13":"first","14":"instock","15":"shipping-taxable","16":"purchasable","17":"product-type-simple"},"yoast_head":"<!-- This site is optimized with the Yoast SEO plugin v27.4 - https:\/\/yoast.com\/product\/yoast-seo-wordpress\/ -->\n<title>Collana Bimbo Pietre Bianche - #BrandGioielli<\/title>\n<meta name=\"description\" content=\"Acquista ora su Brand Gioielli: Collana Bimbo Pietre Bianche\" \/>\n<meta name=\"robots\" content=\"index, follow, max-snippet:-1, max-image-preview:large, max-video-preview:-1\" \/>\n<link rel=\"canonical\" href=\"https:\/\/brandgioielli.it\/en\/product\/collana-pietre-bianche\/\" \/>\n<meta property=\"og:locale\" content=\"en_GB\" \/>\n<meta property=\"og:type\" content=\"article\" \/>\n<meta property=\"og:title\" content=\"Collana Bimbo Pietre Bianche - #BrandGioielli\" \/>\n<meta property=\"og:description\" content=\"Acquista ora su Brand Gioielli: Collana Bimbo Pietre Bianche\" \/>\n<meta property=\"og:url\" content=\"https:\/\/brandgioielli.it\/en\/product\/collana-pietre-bianche\/\" \/>\n<meta property=\"og:site_name\" content=\"#BrandGioielli\" \/>\n<meta property=\"article:modified_time\" content=\"2026-04-17T16:18:24+00:00\" \/>\n<meta property=\"og:image\" content=\"http:\/\/brandgioielli.it\/wp-content\/uploads\/2025\/09\/collana-pietre-bianche.jpg\" \/>\n\t<meta property=\"og:image:width\" content=\"800\" \/>\n\t<meta property=\"og:image:height\" content=\"800\" \/>\n\t<meta property=\"og:image:type\" content=\"image\/jpeg\" \/>\n<meta name=\"twitter:card\" content=\"summary_large_image\" \/>\n<meta name=\"twitter:label1\" content=\"Estimated reading time\" \/>\n\t<meta name=\"twitter:data1\" content=\"1 minute\" \/>\n<script type=\"application\/ld+json\" class=\"yoast-schema-graph\">{\"@context\":\"https:\\\/\\\/schema.org\",\"@graph\":[{\"@type\":\"WebPage\",\"@id\":\"https:\\\/\\\/brandgioielli.it\\\/prodotto\\\/collana-pietre-bianche\\\/\",\"url\":\"https:\\\/\\\/brandgioielli.it\\\/prodotto\\\/collana-pietre-bianche\\\/\",\"name\":\"Collana Bimbo Pietre Bianche - #BrandGioielli\",\"isPartOf\":{\"@id\":\"https:\\\/\\\/brandgioielli.it\\\/#website\"},\"primaryImageOfPage\":{\"@id\":\"https:\\\/\\\/brandgioielli.it\\\/prodotto\\\/collana-pietre-bianche\\\/#primaryimage\"},\"image\":{\"@id\":\"https:\\\/\\\/brandgioielli.it\\\/prodotto\\\/collana-pietre-bianche\\\/#primaryimage\"},\"thumbnailUrl\":\"https:\\\/\\\/brandgioielli.it\\\/wp-content\\\/uploads\\\/2025\\\/09\\\/collana-pietre-bianche.jpg\",\"datePublished\":\"2025-09-20T15:32:23+00:00\",\"dateModified\":\"2026-04-17T16:18:24+00:00\",\"description\":\"Acquista ora su Brand Gioielli: Collana Bimbo Pietre Bianche\",\"breadcrumb\":{\"@id\":\"https:\\\/\\\/brandgioielli.it\\\/prodotto\\\/collana-pietre-bianche\\\/#breadcrumb\"},\"inLanguage\":\"en-GB\",\"potentialAction\":[{\"@type\":\"ReadAction\",\"target\":[\"https:\\\/\\\/brandgioielli.it\\\/prodotto\\\/collana-pietre-bianche\\\/\"]}]},{\"@type\":\"ImageObject\",\"inLanguage\":\"en-GB\",\"@id\":\"https:\\\/\\\/brandgioielli.it\\\/prodotto\\\/collana-pietre-bianche\\\/#primaryimage\",\"url\":\"https:\\\/\\\/brandgioielli.it\\\/wp-content\\\/uploads\\\/2025\\\/09\\\/collana-pietre-bianche.jpg\",\"contentUrl\":\"https:\\\/\\\/brandgioielli.it\\\/wp-content\\\/uploads\\\/2025\\\/09\\\/collana-pietre-bianche.jpg\",\"width\":800,\"height\":800},{\"@type\":\"BreadcrumbList\",\"@id\":\"https:\\\/\\\/brandgioielli.it\\\/prodotto\\\/collana-pietre-bianche\\\/#breadcrumb\",\"itemListElement\":[{\"@type\":\"ListItem\",\"position\":1,\"name\":\"Home\",\"item\":\"https:\\\/\\\/brandgioielli.it\\\/\"},{\"@type\":\"ListItem\",\"position\":2,\"name\":\"Shop\",\"item\":\"https:\\\/\\\/brandgioielli.it\\\/shop\\\/\"},{\"@type\":\"ListItem\",\"position\":3,\"name\":\"Collana Bimbo Pietre Bianche\"}]},{\"@type\":\"WebSite\",\"@id\":\"https:\\\/\\\/brandgioielli.it\\\/#website\",\"url\":\"https:\\\/\\\/brandgioielli.it\\\/\",\"name\":\"#BrandGioielli\",\"description\":\"\",\"publisher\":{\"@id\":\"https:\\\/\\\/brandgioielli.it\\\/#organization\"},\"potentialAction\":[{\"@type\":\"SearchAction\",\"target\":{\"@type\":\"EntryPoint\",\"urlTemplate\":\"https:\\\/\\\/brandgioielli.it\\\/?s={search_term_string}\"},\"query-input\":{\"@type\":\"PropertyValueSpecification\",\"valueRequired\":true,\"valueName\":\"search_term_string\"}}],\"inLanguage\":\"en-GB\"},{\"@type\":\"Organization\",\"@id\":\"https:\\\/\\\/brandgioielli.it\\\/#organization\",\"name\":\"Brand Gioielli\",\"url\":\"https:\\\/\\\/brandgioielli.it\\\/\",\"logo\":{\"@type\":\"ImageObject\",\"inLanguage\":\"en-GB\",\"@id\":\"https:\\\/\\\/brandgioielli.it\\\/#\\\/schema\\\/logo\\\/image\\\/\",\"url\":\"https:\\\/\\\/brandgioielli.it\\\/wp-content\\\/uploads\\\/2025\\\/07\\\/LogoBrand.png\",\"contentUrl\":\"https:\\\/\\\/brandgioielli.it\\\/wp-content\\\/uploads\\\/2025\\\/07\\\/LogoBrand.png\",\"width\":600,\"height\":170,\"caption\":\"Brand Gioielli\"},\"image\":{\"@id\":\"https:\\\/\\\/brandgioielli.it\\\/#\\\/schema\\\/logo\\\/image\\\/\"}}]}<\/script>\n<!-- \/ Yoast SEO plugin. -->","yoast_head_json":{"title":"White Stone Baby Necklace - #BrandGioielli","description":"Shop now at Brand Gioielli: White Stone Baby Necklace","robots":{"index":"index","follow":"follow","max-snippet":"max-snippet:-1","max-image-preview":"max-image-preview:large","max-video-preview":"max-video-preview:-1"},"canonical":"https:\/\/brandgioielli.it\/en\/product\/collana-pietre-bianche\/","og_locale":"en_GB","og_type":"article","og_title":"Collana Bimbo Pietre Bianche - #BrandGioielli","og_description":"Acquista ora su Brand Gioielli: Collana Bimbo Pietre Bianche","og_url":"https:\/\/brandgioielli.it\/en\/product\/collana-pietre-bianche\/","og_site_name":"#BrandGioielli","article_modified_time":"2026-04-17T16:18:24+00:00","og_image":[{"width":800,"height":800,"url":"http:\/\/brandgioielli.it\/wp-content\/uploads\/2025\/09\/collana-pietre-bianche.jpg","type":"image\/jpeg"}],"twitter_card":"summary_large_image","twitter_misc":{"Estimated reading time":"1 minute"},"schema":{"@context":"https:\/\/schema.org","@graph":[{"@type":"WebPage","@id":"https:\/\/brandgioielli.it\/prodotto\/collana-pietre-bianche\/","url":"https:\/\/brandgioielli.it\/prodotto\/collana-pietre-bianche\/","name":"White Stone Baby Necklace - #BrandGioielli","isPartOf":{"@id":"https:\/\/brandgioielli.it\/#website"},"primaryImageOfPage":{"@id":"https:\/\/brandgioielli.it\/prodotto\/collana-pietre-bianche\/#primaryimage"},"image":{"@id":"https:\/\/brandgioielli.it\/prodotto\/collana-pietre-bianche\/#primaryimage"},"thumbnailUrl":"https:\/\/brandgioielli.it\/wp-content\/uploads\/2025\/09\/collana-pietre-bianche.jpg","datePublished":"2025-09-20T15:32:23+00:00","dateModified":"2026-04-17T16:18:24+00:00","description":"Shop now at Brand Gioielli: White Stone Baby Necklace","breadcrumb":{"@id":"https:\/\/brandgioielli.it\/prodotto\/collana-pietre-bianche\/#breadcrumb"},"inLanguage":"en-GB","potentialAction":[{"@type":"ReadAction","target":["https:\/\/brandgioielli.it\/prodotto\/collana-pietre-bianche\/"]}]},{"@type":"ImageObject","inLanguage":"en-GB","@id":"https:\/\/brandgioielli.it\/prodotto\/collana-pietre-bianche\/#primaryimage","url":"https:\/\/brandgioielli.it\/wp-content\/uploads\/2025\/09\/collana-pietre-bianche.jpg","contentUrl":"https:\/\/brandgioielli.it\/wp-content\/uploads\/2025\/09\/collana-pietre-bianche.jpg","width":800,"height":800},{"@type":"BreadcrumbList","@id":"https:\/\/brandgioielli.it\/prodotto\/collana-pietre-bianche\/#breadcrumb","itemListElement":[{"@type":"ListItem","position":1,"name":"Home","item":"https:\/\/brandgioielli.it\/"},{"@type":"ListItem","position":2,"name":"Shop","item":"https:\/\/brandgioielli.it\/shop\/"},{"@type":"ListItem","position":3,"name":"Collana Bimbo Pietre Bianche"}]},{"@type":"WebSite","@id":"https:\/\/brandgioielli.it\/#website","url":"https:\/\/brandgioielli.it\/","name":"#BrandGioielli","description":"","publisher":{"@id":"https:\/\/brandgioielli.it\/#organization"},"potentialAction":[{"@type":"SearchAction","target":{"@type":"EntryPoint","urlTemplate":"https:\/\/brandgioielli.it\/?s={search_term_string}"},"query-input":{"@type":"PropertyValueSpecification","valueRequired":true,"valueName":"search_term_string"}}],"inLanguage":"en-GB"},{"@type":"Organization","@id":"https:\/\/brandgioielli.it\/#organization","name":"Brand Jewellery","url":"https:\/\/brandgioielli.it\/","logo":{"@type":"ImageObject","inLanguage":"en-GB","@id":"https:\/\/brandgioielli.it\/#\/schema\/logo\/image\/","url":"https:\/\/brandgioielli.it\/wp-content\/uploads\/2025\/07\/LogoBrand.png","contentUrl":"https:\/\/brandgioielli.it\/wp-content\/uploads\/2025\/07\/LogoBrand.png","width":600,"height":170,"caption":"Brand Gioielli"},"image":{"@id":"https:\/\/brandgioielli.it\/#\/schema\/logo\/image\/"}}]}},"_links":{"self":[{"href":"https:\/\/brandgioielli.it\/en\/wp-json\/wp\/v2\/product\/7226","targetHints":{"allow":["GET"]}}],"collection":[{"href":"https:\/\/brandgioielli.it\/en\/wp-json\/wp\/v2\/product"}],"about":[{"href":"https:\/\/brandgioielli.it\/en\/wp-json\/wp\/v2\/types\/product"}],"version-history":[{"count":3,"href":"https:\/\/brandgioielli.it\/en\/wp-json\/wp\/v2\/product\/7226\/revisions"}],"predecessor-version":[{"id":102826,"href":"https:\/\/brandgioielli.it\/en\/wp-json\/wp\/v2\/product\/7226\/revisions\/102826"}],"wp:featuredmedia":[{"embeddable":true,"href":"https:\/\/brandgioielli.it\/en\/wp-json\/wp\/v2\/media\/102787"}],"wp:attachment":[{"href":"https:\/\/brandgioielli.it\/en\/wp-json\/wp\/v2\/media?parent=7226"}],"wp:term":[{"taxonomy":"product_brand","embeddable":true,"href":"https:\/\/brandgioielli.it\/en\/wp-json\/wp\/v2\/product_brand?post=7226"},{"taxonomy":"product_cat","embeddable":true,"href":"https:\/\/brandgioielli.it\/en\/wp-json\/wp\/v2\/product_cat?post=7226"},{"taxonomy":"product_tag","embeddable":true,"href":"https:\/\/brandgioielli.it\/en\/wp-json\/wp\/v2\/product_tag?post=7226"}],"curies":[{"name":"wp","href":"https:\/\/api.w.org\/{rel}","templated":true}]}}