{"id":7219,"date":"2025-09-20T17:24:25","date_gmt":"2025-09-20T15:24:25","guid":{"rendered":"https:\/\/sandybrown-lark-277155.hostingersite.com\/prodotto\/bracciale-corda-pietre-turchesi\/"},"modified":"2026-04-17T18:18:23","modified_gmt":"2026-04-17T16:18:23","slug":"bracciale-corda-pietre-turchesi","status":"publish","type":"product","link":"https:\/\/brandgioielli.it\/en\/product\/bracciale-corda-pietre-turchesi\/","title":{"rendered":"Turquoise Stone Cord Bracelet"},"content":{"rendered":"<h2><b>Cord Bracelet with Turquoise Stones<\/b><\/h2>\n<p>The children&#039;s bracelet with cord and turquoise stones by #Brand Gioielli is a lightweight, comfortable and durable accessory, designed to accompany every moment of the day with style and simplicity. Made with beads in<strong data-start=\"538\" data-end=\"578\"> stainless steel <\/strong>and stones, is mounted on a <strong data-start=\"619\" data-end=\"648\">adjustable cord<\/strong>, ideal for easily fitting onto the wrists of little ones. The design is modern and minimal, perfect for both boys and girls, thanks to the neutral color scheme. Easy to wear, resistant to daily use and water, it is an excellent <strong data-start=\"915\" data-end=\"942\">gift idea for children<\/strong> on occasions such as birthdays, communions or simply as the first piece of jewellery to carry with you.<\/p>\n<p><strong>TECHNICAL SPECIFICATIONS<\/strong><\/p>\n<ul>\n<li>Turquoise Stone Cord Bracelet<\/li>\n<li>Length: 13 cm adjustable<\/li>\n<li>Finish: Steel<\/li>\n<li>Material: rope, stones<\/li>\n<\/ul>\n<p><em>All #Brand jewellery is made from the purest surgical stainless steel on the market, tested for Nickel and designed to be worn every day without fear of discolouration or signs of wear and tear and water-resistant.<\/em><\/p>","protected":false},"excerpt":{"rendered":"<p>Bracciale Cordino con Pietre Turchesi Il bracciale da bambino con cordino e pietre turchesi firmato #Brand Gioielli \u00e8 un accessorio leggero, comodo e resistente, pensato per accompagnare ogni momento della giornata con stile e semplicit\u00e0. Realizzato con perline in acciaio inossidabile e pietre, \u00e8 montato su un cordino regolabile, ideale per adattarsi facilmente al polso [&hellip;]<\/p>\n","protected":false},"featured_media":102777,"template":"","meta":[],"product_brand":[],"product_cat":[33,465,466,459,72,505],"product_tag":[125],"class_list":{"0":"post-7219","1":"product","2":"type-product","3":"status-publish","4":"has-post-thumbnail","6":"product_cat-bambini","7":"product_cat-bimba","8":"product_cat-bimbo","9":"product_cat-bracciali","10":"product_cat-bracciali-bambini","11":"product_cat-sotto-i-10e","12":"product_tag-collezione-dragonfire","14":"first","15":"instock","16":"shipping-taxable","17":"purchasable","18":"product-type-simple"},"yoast_head":"<!-- This site is optimized with the Yoast SEO plugin v27.4 - https:\/\/yoast.com\/product\/yoast-seo-wordpress\/ -->\n<title>Bracciale Cordino Pietre Turchesi - #BrandGioielli<\/title>\n<meta name=\"description\" content=\"Acquista ora su Brand Gioielli: Bracciale Cordino Pietre Turchesi\" \/>\n<meta name=\"robots\" content=\"index, follow, max-snippet:-1, max-image-preview:large, max-video-preview:-1\" \/>\n<link rel=\"canonical\" href=\"https:\/\/brandgioielli.it\/en\/product\/bracciale-corda-pietre-turchesi\/\" \/>\n<meta property=\"og:locale\" content=\"en_GB\" \/>\n<meta property=\"og:type\" content=\"article\" \/>\n<meta property=\"og:title\" content=\"Bracciale Cordino Pietre Turchesi - #BrandGioielli\" \/>\n<meta property=\"og:description\" content=\"Acquista ora su Brand Gioielli: Bracciale Cordino Pietre Turchesi\" \/>\n<meta property=\"og:url\" content=\"https:\/\/brandgioielli.it\/en\/product\/bracciale-corda-pietre-turchesi\/\" \/>\n<meta property=\"og:site_name\" content=\"#BrandGioielli\" \/>\n<meta property=\"article:modified_time\" content=\"2026-04-17T16:18:23+00:00\" \/>\n<meta property=\"og:image\" content=\"http:\/\/brandgioielli.it\/wp-content\/uploads\/2025\/09\/bracciale-cordino-pietre-azzurre.jpg\" \/>\n\t<meta property=\"og:image:width\" content=\"800\" \/>\n\t<meta property=\"og:image:height\" content=\"800\" \/>\n\t<meta property=\"og:image:type\" content=\"image\/jpeg\" \/>\n<meta name=\"twitter:card\" content=\"summary_large_image\" \/>\n<meta name=\"twitter:label1\" content=\"Estimated reading time\" \/>\n\t<meta name=\"twitter:data1\" content=\"2 minutes\" \/>\n<script type=\"application\/ld+json\" class=\"yoast-schema-graph\">{\"@context\":\"https:\\\/\\\/schema.org\",\"@graph\":[{\"@type\":\"WebPage\",\"@id\":\"https:\\\/\\\/brandgioielli.it\\\/prodotto\\\/bracciale-corda-pietre-turchesi\\\/\",\"url\":\"https:\\\/\\\/brandgioielli.it\\\/prodotto\\\/bracciale-corda-pietre-turchesi\\\/\",\"name\":\"Bracciale Cordino Pietre Turchesi - #BrandGioielli\",\"isPartOf\":{\"@id\":\"https:\\\/\\\/brandgioielli.it\\\/#website\"},\"primaryImageOfPage\":{\"@id\":\"https:\\\/\\\/brandgioielli.it\\\/prodotto\\\/bracciale-corda-pietre-turchesi\\\/#primaryimage\"},\"image\":{\"@id\":\"https:\\\/\\\/brandgioielli.it\\\/prodotto\\\/bracciale-corda-pietre-turchesi\\\/#primaryimage\"},\"thumbnailUrl\":\"https:\\\/\\\/brandgioielli.it\\\/wp-content\\\/uploads\\\/2025\\\/09\\\/bracciale-cordino-pietre-azzurre.jpg\",\"datePublished\":\"2025-09-20T15:24:25+00:00\",\"dateModified\":\"2026-04-17T16:18:23+00:00\",\"description\":\"Acquista ora su Brand Gioielli: Bracciale Cordino Pietre Turchesi\",\"breadcrumb\":{\"@id\":\"https:\\\/\\\/brandgioielli.it\\\/prodotto\\\/bracciale-corda-pietre-turchesi\\\/#breadcrumb\"},\"inLanguage\":\"en-GB\",\"potentialAction\":[{\"@type\":\"ReadAction\",\"target\":[\"https:\\\/\\\/brandgioielli.it\\\/prodotto\\\/bracciale-corda-pietre-turchesi\\\/\"]}]},{\"@type\":\"ImageObject\",\"inLanguage\":\"en-GB\",\"@id\":\"https:\\\/\\\/brandgioielli.it\\\/prodotto\\\/bracciale-corda-pietre-turchesi\\\/#primaryimage\",\"url\":\"https:\\\/\\\/brandgioielli.it\\\/wp-content\\\/uploads\\\/2025\\\/09\\\/bracciale-cordino-pietre-azzurre.jpg\",\"contentUrl\":\"https:\\\/\\\/brandgioielli.it\\\/wp-content\\\/uploads\\\/2025\\\/09\\\/bracciale-cordino-pietre-azzurre.jpg\",\"width\":800,\"height\":800},{\"@type\":\"BreadcrumbList\",\"@id\":\"https:\\\/\\\/brandgioielli.it\\\/prodotto\\\/bracciale-corda-pietre-turchesi\\\/#breadcrumb\",\"itemListElement\":[{\"@type\":\"ListItem\",\"position\":1,\"name\":\"Home\",\"item\":\"https:\\\/\\\/brandgioielli.it\\\/\"},{\"@type\":\"ListItem\",\"position\":2,\"name\":\"Shop\",\"item\":\"https:\\\/\\\/brandgioielli.it\\\/shop\\\/\"},{\"@type\":\"ListItem\",\"position\":3,\"name\":\"Bracciale Cordino Pietre Turchesi\"}]},{\"@type\":\"WebSite\",\"@id\":\"https:\\\/\\\/brandgioielli.it\\\/#website\",\"url\":\"https:\\\/\\\/brandgioielli.it\\\/\",\"name\":\"#BrandGioielli\",\"description\":\"\",\"publisher\":{\"@id\":\"https:\\\/\\\/brandgioielli.it\\\/#organization\"},\"potentialAction\":[{\"@type\":\"SearchAction\",\"target\":{\"@type\":\"EntryPoint\",\"urlTemplate\":\"https:\\\/\\\/brandgioielli.it\\\/?s={search_term_string}\"},\"query-input\":{\"@type\":\"PropertyValueSpecification\",\"valueRequired\":true,\"valueName\":\"search_term_string\"}}],\"inLanguage\":\"en-GB\"},{\"@type\":\"Organization\",\"@id\":\"https:\\\/\\\/brandgioielli.it\\\/#organization\",\"name\":\"Brand Gioielli\",\"url\":\"https:\\\/\\\/brandgioielli.it\\\/\",\"logo\":{\"@type\":\"ImageObject\",\"inLanguage\":\"en-GB\",\"@id\":\"https:\\\/\\\/brandgioielli.it\\\/#\\\/schema\\\/logo\\\/image\\\/\",\"url\":\"https:\\\/\\\/brandgioielli.it\\\/wp-content\\\/uploads\\\/2025\\\/07\\\/LogoBrand.png\",\"contentUrl\":\"https:\\\/\\\/brandgioielli.it\\\/wp-content\\\/uploads\\\/2025\\\/07\\\/LogoBrand.png\",\"width\":600,\"height\":170,\"caption\":\"Brand Gioielli\"},\"image\":{\"@id\":\"https:\\\/\\\/brandgioielli.it\\\/#\\\/schema\\\/logo\\\/image\\\/\"}}]}<\/script>\n<!-- \/ Yoast SEO plugin. -->","yoast_head_json":{"title":"Turquoise Stone Cord Bracelet - #BrandGioielli","description":"Shop now at Brand Gioielli: Turquoise Stone Cord Bracelet","robots":{"index":"index","follow":"follow","max-snippet":"max-snippet:-1","max-image-preview":"max-image-preview:large","max-video-preview":"max-video-preview:-1"},"canonical":"https:\/\/brandgioielli.it\/en\/product\/bracciale-corda-pietre-turchesi\/","og_locale":"en_GB","og_type":"article","og_title":"Bracciale Cordino Pietre Turchesi - #BrandGioielli","og_description":"Acquista ora su Brand Gioielli: Bracciale Cordino Pietre Turchesi","og_url":"https:\/\/brandgioielli.it\/en\/product\/bracciale-corda-pietre-turchesi\/","og_site_name":"#BrandGioielli","article_modified_time":"2026-04-17T16:18:23+00:00","og_image":[{"width":800,"height":800,"url":"http:\/\/brandgioielli.it\/wp-content\/uploads\/2025\/09\/bracciale-cordino-pietre-azzurre.jpg","type":"image\/jpeg"}],"twitter_card":"summary_large_image","twitter_misc":{"Estimated reading time":"2 minutes"},"schema":{"@context":"https:\/\/schema.org","@graph":[{"@type":"WebPage","@id":"https:\/\/brandgioielli.it\/prodotto\/bracciale-corda-pietre-turchesi\/","url":"https:\/\/brandgioielli.it\/prodotto\/bracciale-corda-pietre-turchesi\/","name":"Turquoise Stone Cord Bracelet - #BrandGioielli","isPartOf":{"@id":"https:\/\/brandgioielli.it\/#website"},"primaryImageOfPage":{"@id":"https:\/\/brandgioielli.it\/prodotto\/bracciale-corda-pietre-turchesi\/#primaryimage"},"image":{"@id":"https:\/\/brandgioielli.it\/prodotto\/bracciale-corda-pietre-turchesi\/#primaryimage"},"thumbnailUrl":"https:\/\/brandgioielli.it\/wp-content\/uploads\/2025\/09\/bracciale-cordino-pietre-azzurre.jpg","datePublished":"2025-09-20T15:24:25+00:00","dateModified":"2026-04-17T16:18:23+00:00","description":"Shop now at Brand Gioielli: Turquoise Stone Cord Bracelet","breadcrumb":{"@id":"https:\/\/brandgioielli.it\/prodotto\/bracciale-corda-pietre-turchesi\/#breadcrumb"},"inLanguage":"en-GB","potentialAction":[{"@type":"ReadAction","target":["https:\/\/brandgioielli.it\/prodotto\/bracciale-corda-pietre-turchesi\/"]}]},{"@type":"ImageObject","inLanguage":"en-GB","@id":"https:\/\/brandgioielli.it\/prodotto\/bracciale-corda-pietre-turchesi\/#primaryimage","url":"https:\/\/brandgioielli.it\/wp-content\/uploads\/2025\/09\/bracciale-cordino-pietre-azzurre.jpg","contentUrl":"https:\/\/brandgioielli.it\/wp-content\/uploads\/2025\/09\/bracciale-cordino-pietre-azzurre.jpg","width":800,"height":800},{"@type":"BreadcrumbList","@id":"https:\/\/brandgioielli.it\/prodotto\/bracciale-corda-pietre-turchesi\/#breadcrumb","itemListElement":[{"@type":"ListItem","position":1,"name":"Home","item":"https:\/\/brandgioielli.it\/"},{"@type":"ListItem","position":2,"name":"Shop","item":"https:\/\/brandgioielli.it\/shop\/"},{"@type":"ListItem","position":3,"name":"Bracciale Cordino Pietre Turchesi"}]},{"@type":"WebSite","@id":"https:\/\/brandgioielli.it\/#website","url":"https:\/\/brandgioielli.it\/","name":"#BrandGioielli","description":"","publisher":{"@id":"https:\/\/brandgioielli.it\/#organization"},"potentialAction":[{"@type":"SearchAction","target":{"@type":"EntryPoint","urlTemplate":"https:\/\/brandgioielli.it\/?s={search_term_string}"},"query-input":{"@type":"PropertyValueSpecification","valueRequired":true,"valueName":"search_term_string"}}],"inLanguage":"en-GB"},{"@type":"Organization","@id":"https:\/\/brandgioielli.it\/#organization","name":"Brand Jewellery","url":"https:\/\/brandgioielli.it\/","logo":{"@type":"ImageObject","inLanguage":"en-GB","@id":"https:\/\/brandgioielli.it\/#\/schema\/logo\/image\/","url":"https:\/\/brandgioielli.it\/wp-content\/uploads\/2025\/07\/LogoBrand.png","contentUrl":"https:\/\/brandgioielli.it\/wp-content\/uploads\/2025\/07\/LogoBrand.png","width":600,"height":170,"caption":"Brand Gioielli"},"image":{"@id":"https:\/\/brandgioielli.it\/#\/schema\/logo\/image\/"}}]}},"_links":{"self":[{"href":"https:\/\/brandgioielli.it\/en\/wp-json\/wp\/v2\/product\/7219","targetHints":{"allow":["GET"]}}],"collection":[{"href":"https:\/\/brandgioielli.it\/en\/wp-json\/wp\/v2\/product"}],"about":[{"href":"https:\/\/brandgioielli.it\/en\/wp-json\/wp\/v2\/types\/product"}],"version-history":[{"count":4,"href":"https:\/\/brandgioielli.it\/en\/wp-json\/wp\/v2\/product\/7219\/revisions"}],"predecessor-version":[{"id":102822,"href":"https:\/\/brandgioielli.it\/en\/wp-json\/wp\/v2\/product\/7219\/revisions\/102822"}],"wp:featuredmedia":[{"embeddable":true,"href":"https:\/\/brandgioielli.it\/en\/wp-json\/wp\/v2\/media\/102777"}],"wp:attachment":[{"href":"https:\/\/brandgioielli.it\/en\/wp-json\/wp\/v2\/media?parent=7219"}],"wp:term":[{"taxonomy":"product_brand","embeddable":true,"href":"https:\/\/brandgioielli.it\/en\/wp-json\/wp\/v2\/product_brand?post=7219"},{"taxonomy":"product_cat","embeddable":true,"href":"https:\/\/brandgioielli.it\/en\/wp-json\/wp\/v2\/product_cat?post=7219"},{"taxonomy":"product_tag","embeddable":true,"href":"https:\/\/brandgioielli.it\/en\/wp-json\/wp\/v2\/product_tag?post=7219"}],"curies":[{"name":"wp","href":"https:\/\/api.w.org\/{rel}","templated":true}]}}