{"id":26279,"date":"2025-10-03T08:56:13","date_gmt":"2025-10-03T06:56:13","guid":{"rendered":"https:\/\/sandybrown-lark-277155.hostingersite.com\/prodotto\/collana-pallini-cornetto-rosso\/"},"modified":"2026-04-20T18:17:15","modified_gmt":"2026-04-20T16:17:15","slug":"collana-pallini-cornetto-rosso","status":"publish","type":"product","link":"https:\/\/brandgioielli.it\/en\/product\/collana-pallini-cornetto-rosso\/","title":{"rendered":"Cornetto Ball Necklace"},"content":{"rendered":"<h3>Red Cornetto Pendant Necklace<\/h3>\n<p>The #BrandGiojelli women's red enamelled bead necklace with white crystals is designed for those who want to carry a symbol of good luck with them at all times. <strong>good luck<\/strong> without sacrificing style and femininity. Available in the <strong>gold and steel finishes <\/strong>is the perfect gift for those looking for a piece of jewellery that can be adapted to any occasion.<\/p>\n<p><strong>TECHNICAL SPECIFICATIONS<\/strong><\/p>\n<ul>\n<li>1.80 mm ball necklace with red enamelled horn pendant<\/li>\n<li>Length: 35 cm + 7 cm extension<\/li>\n<li>Cornetto size: 1.5 cm<\/li>\n<li>Finish: Steel, PVD Gold<\/li>\n<li>Material: stainless steel and hypoallergenic<\/li>\n<\/ul>\n<p><em>All #Brand jewellery is made from the purest surgical stainless steel on the market, tested for Nickel and designed to be worn every day without fear of discolouration or signs of wear.\u00a0<\/em><\/p>","protected":false},"excerpt":{"rendered":"<p>Collana a Sfere con Cornetto Rosso Pendente La collana a pallini con cornetto smaltato rosso portafortuna e cristalli bianchi da donna #BrandGioielli \u00e8 pensata per chi desidera portare sempre con s\u00e9 un simbolo di buona fortuna senza rinunciare a stile e femminilit\u00e0. Disponibile nella finiture oro e acciaio \u00e8 il regalo perfetto per chi cerca [&hellip;]<\/p>\n","protected":false},"featured_media":98472,"template":"","meta":[],"product_brand":[],"product_cat":[458,23,19,506],"product_tag":[354],"class_list":{"0":"post-26279","1":"product","2":"type-product","3":"status-publish","4":"has-post-thumbnail","6":"product_cat-collane","7":"product_cat-collane-donna","8":"product_cat-donna","9":"product_cat-sotto-i-20e","10":"product_tag-collezione-suerte-donna","12":"first","13":"instock","14":"shipping-taxable","15":"purchasable","16":"product-type-variable"},"yoast_head":"<!-- This site is optimized with the Yoast SEO plugin v27.4 - https:\/\/yoast.com\/product\/yoast-seo-wordpress\/ -->\n<title>Collana a Sfere con Cornetto Rosso Smaltato - Brand Gioielli<\/title>\n<meta name=\"description\" content=\"La collana a sfere con cornetto smaltato rosso portafortuna da donna Brand Gioielli \u00e8 pensata per chi desidera portare sempre con s\u00e9 un simbolo di buona fortuna senza rinunciare a stile e femminilit\u00e0. Disponibile nella finiture oro e acciaio \u00e8 il regalo perfetto per chi cerca un gioiello capace di adattarsi ad ogni occasione.\" \/>\n<meta name=\"robots\" content=\"index, follow, max-snippet:-1, max-image-preview:large, max-video-preview:-1\" \/>\n<link rel=\"canonical\" href=\"https:\/\/brandgioielli.it\/en\/product\/collana-pallini-cornetto-rosso\/\" \/>\n<meta property=\"og:locale\" content=\"en_GB\" \/>\n<meta property=\"og:type\" content=\"article\" \/>\n<meta property=\"og:title\" content=\"Collana a Sfere con Cornetto Rosso Smaltato - Brand Gioielli\" \/>\n<meta property=\"og:description\" content=\"La collana a sfere con cornetto smaltato rosso portafortuna da donna Brand Gioielli \u00e8 pensata per chi desidera portare sempre con s\u00e9 un simbolo di buona fortuna senza rinunciare a stile e femminilit\u00e0. Disponibile nella finiture oro e acciaio \u00e8 il regalo perfetto per chi cerca un gioiello capace di adattarsi ad ogni occasione.\" \/>\n<meta property=\"og:url\" content=\"https:\/\/brandgioielli.it\/en\/product\/collana-pallini-cornetto-rosso\/\" \/>\n<meta property=\"og:site_name\" content=\"#BrandGioielli\" \/>\n<meta property=\"article:modified_time\" content=\"2026-04-20T16:17:15+00:00\" \/>\n<meta property=\"og:image\" content=\"https:\/\/brandgioielli.it\/wp-content\/uploads\/2025\/10\/03NK034.jpg\" \/>\n\t<meta property=\"og:image:width\" content=\"800\" \/>\n\t<meta property=\"og:image:height\" content=\"800\" \/>\n\t<meta property=\"og:image:type\" content=\"image\/jpeg\" \/>\n<meta name=\"twitter:card\" content=\"summary_large_image\" \/>\n<meta name=\"twitter:label1\" content=\"Estimated reading time\" \/>\n\t<meta name=\"twitter:data1\" content=\"1 minute\" \/>\n<script type=\"application\/ld+json\" class=\"yoast-schema-graph\">{\"@context\":\"https:\\\/\\\/schema.org\",\"@graph\":[{\"@type\":\"WebPage\",\"@id\":\"https:\\\/\\\/brandgioielli.it\\\/prodotto\\\/collana-pallini-cornetto-rosso\\\/\",\"url\":\"https:\\\/\\\/brandgioielli.it\\\/prodotto\\\/collana-pallini-cornetto-rosso\\\/\",\"name\":\"Collana a Sfere con Cornetto Rosso Smaltato - Brand Gioielli\",\"isPartOf\":{\"@id\":\"https:\\\/\\\/brandgioielli.it\\\/#website\"},\"primaryImageOfPage\":{\"@id\":\"https:\\\/\\\/brandgioielli.it\\\/prodotto\\\/collana-pallini-cornetto-rosso\\\/#primaryimage\"},\"image\":{\"@id\":\"https:\\\/\\\/brandgioielli.it\\\/prodotto\\\/collana-pallini-cornetto-rosso\\\/#primaryimage\"},\"thumbnailUrl\":\"https:\\\/\\\/brandgioielli.it\\\/wp-content\\\/uploads\\\/2025\\\/10\\\/03NK034.jpg\",\"datePublished\":\"2025-10-03T06:56:13+00:00\",\"dateModified\":\"2026-04-20T16:17:15+00:00\",\"description\":\"La collana a sfere con cornetto smaltato rosso portafortuna da donna Brand Gioielli \u00e8 pensata per chi desidera portare sempre con s\u00e9 un simbolo di buona fortuna senza rinunciare a stile e femminilit\u00e0. Disponibile nella finiture oro e acciaio \u00e8 il regalo perfetto per chi cerca un gioiello capace di adattarsi ad ogni occasione.\",\"breadcrumb\":{\"@id\":\"https:\\\/\\\/brandgioielli.it\\\/prodotto\\\/collana-pallini-cornetto-rosso\\\/#breadcrumb\"},\"inLanguage\":\"en-GB\",\"potentialAction\":[{\"@type\":\"ReadAction\",\"target\":[\"https:\\\/\\\/brandgioielli.it\\\/prodotto\\\/collana-pallini-cornetto-rosso\\\/\"]}]},{\"@type\":\"ImageObject\",\"inLanguage\":\"en-GB\",\"@id\":\"https:\\\/\\\/brandgioielli.it\\\/prodotto\\\/collana-pallini-cornetto-rosso\\\/#primaryimage\",\"url\":\"https:\\\/\\\/brandgioielli.it\\\/wp-content\\\/uploads\\\/2025\\\/10\\\/03NK034.jpg\",\"contentUrl\":\"https:\\\/\\\/brandgioielli.it\\\/wp-content\\\/uploads\\\/2025\\\/10\\\/03NK034.jpg\",\"width\":800,\"height\":800},{\"@type\":\"BreadcrumbList\",\"@id\":\"https:\\\/\\\/brandgioielli.it\\\/prodotto\\\/collana-pallini-cornetto-rosso\\\/#breadcrumb\",\"itemListElement\":[{\"@type\":\"ListItem\",\"position\":1,\"name\":\"Home\",\"item\":\"https:\\\/\\\/brandgioielli.it\\\/\"},{\"@type\":\"ListItem\",\"position\":2,\"name\":\"Shop\",\"item\":\"https:\\\/\\\/brandgioielli.it\\\/shop\\\/\"},{\"@type\":\"ListItem\",\"position\":3,\"name\":\"Collana a Sfere con Cornetto\"}]},{\"@type\":\"WebSite\",\"@id\":\"https:\\\/\\\/brandgioielli.it\\\/#website\",\"url\":\"https:\\\/\\\/brandgioielli.it\\\/\",\"name\":\"#BrandGioielli\",\"description\":\"\",\"publisher\":{\"@id\":\"https:\\\/\\\/brandgioielli.it\\\/#organization\"},\"potentialAction\":[{\"@type\":\"SearchAction\",\"target\":{\"@type\":\"EntryPoint\",\"urlTemplate\":\"https:\\\/\\\/brandgioielli.it\\\/?s={search_term_string}\"},\"query-input\":{\"@type\":\"PropertyValueSpecification\",\"valueRequired\":true,\"valueName\":\"search_term_string\"}}],\"inLanguage\":\"en-GB\"},{\"@type\":\"Organization\",\"@id\":\"https:\\\/\\\/brandgioielli.it\\\/#organization\",\"name\":\"Brand Gioielli\",\"url\":\"https:\\\/\\\/brandgioielli.it\\\/\",\"logo\":{\"@type\":\"ImageObject\",\"inLanguage\":\"en-GB\",\"@id\":\"https:\\\/\\\/brandgioielli.it\\\/#\\\/schema\\\/logo\\\/image\\\/\",\"url\":\"https:\\\/\\\/brandgioielli.it\\\/wp-content\\\/uploads\\\/2025\\\/07\\\/LogoBrand.png\",\"contentUrl\":\"https:\\\/\\\/brandgioielli.it\\\/wp-content\\\/uploads\\\/2025\\\/07\\\/LogoBrand.png\",\"width\":600,\"height\":170,\"caption\":\"Brand Gioielli\"},\"image\":{\"@id\":\"https:\\\/\\\/brandgioielli.it\\\/#\\\/schema\\\/logo\\\/image\\\/\"}}]}<\/script>\n<!-- \/ Yoast SEO plugin. -->","yoast_head_json":{"title":"Red Enamelled Horn Ball Necklace - Brand Gioielli","description":"The women&#039;s lucky red enameled horn sphere necklace by Brand Gioielli is designed for those who want to carry a symbol of good luck without sacrificing style and femininity. Available in gold and steel finishes, it&#039;s the perfect gift for those seeking a piece of jewelry that can be worn for any occasion.","robots":{"index":"index","follow":"follow","max-snippet":"max-snippet:-1","max-image-preview":"max-image-preview:large","max-video-preview":"max-video-preview:-1"},"canonical":"https:\/\/brandgioielli.it\/en\/product\/collana-pallini-cornetto-rosso\/","og_locale":"en_GB","og_type":"article","og_title":"Collana a Sfere con Cornetto Rosso Smaltato - Brand Gioielli","og_description":"La collana a sfere con cornetto smaltato rosso portafortuna da donna Brand Gioielli \u00e8 pensata per chi desidera portare sempre con s\u00e9 un simbolo di buona fortuna senza rinunciare a stile e femminilit\u00e0. Disponibile nella finiture oro e acciaio \u00e8 il regalo perfetto per chi cerca un gioiello capace di adattarsi ad ogni occasione.","og_url":"https:\/\/brandgioielli.it\/en\/product\/collana-pallini-cornetto-rosso\/","og_site_name":"#BrandGioielli","article_modified_time":"2026-04-20T16:17:15+00:00","og_image":[{"width":800,"height":800,"url":"https:\/\/brandgioielli.it\/wp-content\/uploads\/2025\/10\/03NK034.jpg","type":"image\/jpeg"}],"twitter_card":"summary_large_image","twitter_misc":{"Estimated reading time":"1 minute"},"schema":{"@context":"https:\/\/schema.org","@graph":[{"@type":"WebPage","@id":"https:\/\/brandgioielli.it\/prodotto\/collana-pallini-cornetto-rosso\/","url":"https:\/\/brandgioielli.it\/prodotto\/collana-pallini-cornetto-rosso\/","name":"Red Enamelled Horn Ball Necklace - Brand Gioielli","isPartOf":{"@id":"https:\/\/brandgioielli.it\/#website"},"primaryImageOfPage":{"@id":"https:\/\/brandgioielli.it\/prodotto\/collana-pallini-cornetto-rosso\/#primaryimage"},"image":{"@id":"https:\/\/brandgioielli.it\/prodotto\/collana-pallini-cornetto-rosso\/#primaryimage"},"thumbnailUrl":"https:\/\/brandgioielli.it\/wp-content\/uploads\/2025\/10\/03NK034.jpg","datePublished":"2025-10-03T06:56:13+00:00","dateModified":"2026-04-20T16:17:15+00:00","description":"The women&#039;s lucky red enameled horn sphere necklace by Brand Gioielli is designed for those who want to carry a symbol of good luck without sacrificing style and femininity. Available in gold and steel finishes, it&#039;s the perfect gift for those seeking a piece of jewelry that can be worn for any occasion.","breadcrumb":{"@id":"https:\/\/brandgioielli.it\/prodotto\/collana-pallini-cornetto-rosso\/#breadcrumb"},"inLanguage":"en-GB","potentialAction":[{"@type":"ReadAction","target":["https:\/\/brandgioielli.it\/prodotto\/collana-pallini-cornetto-rosso\/"]}]},{"@type":"ImageObject","inLanguage":"en-GB","@id":"https:\/\/brandgioielli.it\/prodotto\/collana-pallini-cornetto-rosso\/#primaryimage","url":"https:\/\/brandgioielli.it\/wp-content\/uploads\/2025\/10\/03NK034.jpg","contentUrl":"https:\/\/brandgioielli.it\/wp-content\/uploads\/2025\/10\/03NK034.jpg","width":800,"height":800},{"@type":"BreadcrumbList","@id":"https:\/\/brandgioielli.it\/prodotto\/collana-pallini-cornetto-rosso\/#breadcrumb","itemListElement":[{"@type":"ListItem","position":1,"name":"Home","item":"https:\/\/brandgioielli.it\/"},{"@type":"ListItem","position":2,"name":"Shop","item":"https:\/\/brandgioielli.it\/shop\/"},{"@type":"ListItem","position":3,"name":"Collana a Sfere con Cornetto"}]},{"@type":"WebSite","@id":"https:\/\/brandgioielli.it\/#website","url":"https:\/\/brandgioielli.it\/","name":"#BrandGioielli","description":"","publisher":{"@id":"https:\/\/brandgioielli.it\/#organization"},"potentialAction":[{"@type":"SearchAction","target":{"@type":"EntryPoint","urlTemplate":"https:\/\/brandgioielli.it\/?s={search_term_string}"},"query-input":{"@type":"PropertyValueSpecification","valueRequired":true,"valueName":"search_term_string"}}],"inLanguage":"en-GB"},{"@type":"Organization","@id":"https:\/\/brandgioielli.it\/#organization","name":"Brand Jewellery","url":"https:\/\/brandgioielli.it\/","logo":{"@type":"ImageObject","inLanguage":"en-GB","@id":"https:\/\/brandgioielli.it\/#\/schema\/logo\/image\/","url":"https:\/\/brandgioielli.it\/wp-content\/uploads\/2025\/07\/LogoBrand.png","contentUrl":"https:\/\/brandgioielli.it\/wp-content\/uploads\/2025\/07\/LogoBrand.png","width":600,"height":170,"caption":"Brand Gioielli"},"image":{"@id":"https:\/\/brandgioielli.it\/#\/schema\/logo\/image\/"}}]}},"_links":{"self":[{"href":"https:\/\/brandgioielli.it\/en\/wp-json\/wp\/v2\/product\/26279","targetHints":{"allow":["GET"]}}],"collection":[{"href":"https:\/\/brandgioielli.it\/en\/wp-json\/wp\/v2\/product"}],"about":[{"href":"https:\/\/brandgioielli.it\/en\/wp-json\/wp\/v2\/types\/product"}],"version-history":[{"count":1,"href":"https:\/\/brandgioielli.it\/en\/wp-json\/wp\/v2\/product\/26279\/revisions"}],"predecessor-version":[{"id":26465,"href":"https:\/\/brandgioielli.it\/en\/wp-json\/wp\/v2\/product\/26279\/revisions\/26465"}],"wp:featuredmedia":[{"embeddable":true,"href":"https:\/\/brandgioielli.it\/en\/wp-json\/wp\/v2\/media\/98472"}],"wp:attachment":[{"href":"https:\/\/brandgioielli.it\/en\/wp-json\/wp\/v2\/media?parent=26279"}],"wp:term":[{"taxonomy":"product_brand","embeddable":true,"href":"https:\/\/brandgioielli.it\/en\/wp-json\/wp\/v2\/product_brand?post=26279"},{"taxonomy":"product_cat","embeddable":true,"href":"https:\/\/brandgioielli.it\/en\/wp-json\/wp\/v2\/product_cat?post=26279"},{"taxonomy":"product_tag","embeddable":true,"href":"https:\/\/brandgioielli.it\/en\/wp-json\/wp\/v2\/product_tag?post=26279"}],"curies":[{"name":"wp","href":"https:\/\/api.w.org\/{rel}","templated":true}]}}