{"id":26263,"date":"2025-10-03T08:55:52","date_gmt":"2025-10-03T06:55:52","guid":{"rendered":"https:\/\/sandybrown-lark-277155.hostingersite.com\/prodotto\/orecchino-cornetto-cristalli-bianchi\/"},"modified":"2026-04-20T18:17:10","modified_gmt":"2026-04-20T16:17:10","slug":"orecchino-cornetto-cristalli-bianchi","status":"publish","type":"product","link":"https:\/\/brandgioielli.it\/en\/product\/orecchino-cornetto-cristalli-bianchi\/","title":{"rendered":"White Crystals Cornetto Earring"},"content":{"rendered":"<h3>Single Earring with Crystals with Cornetto Pendant<\/h3>\n<p>The #BrandGioielli snap earring with white crystals and red enamelled horn pendant is designed for those who wish to carry a symbol of good luck with them at all times. <strong>good luck<\/strong> without sacrificing style and femininity. It is sold individually and is available in <strong>gold and steel finishes<\/strong>, is the perfect gift for anyone looking for a colourful and characterful touch to their style.<\/p>\n<p><strong>TECHNICAL SPECIFICATIONS<\/strong><\/p>\n<ul>\n<li>Hoop earring with crystals and enamelled horn pendant<\/li>\n<li>Earring diameter: 14 mm<\/li>\n<li>Charm Cornetto Size: 15 mm<\/li>\n<li>Type Crystals: Cubic Zirconia<\/li>\n<li>Crystal Colour: White<\/li>\n<li>Material: stainless steel and hypoallergenic<\/li>\n<\/ul>\n<p><em>All #Brand jewellery is made from the purest surgical stainless steel on the market, tested for Nickel and designed to be worn every day without fear of discolouration or signs of wear.\u00a0<\/em><\/p>","protected":false},"excerpt":{"rendered":"<p>Orecchino Singolo con Cristalli con pendente a Cornetto L&#8217;orecchino a scattino con cristallini bianchi e pendente a cornetto smaltato rosso portafortuna #BrandGioielli \u00e8 pensato per chi desidera portare sempre con s\u00e9 un simbolo di buona fortuna senza rinunciare a stile e femminilit\u00e0. Viene venduto singolamente ed \u00e8 disponibile nelle finiture oro e acciaio, \u00e8 il [&hellip;]<\/p>\n","protected":false},"featured_media":98463,"template":"","meta":[],"product_brand":[],"product_cat":[19,36,24,506],"product_tag":[354],"class_list":{"0":"post-26263","1":"product","2":"type-product","3":"status-publish","4":"has-post-thumbnail","6":"product_cat-donna","7":"product_cat-orecchini","8":"product_cat-orecchini-donna","9":"product_cat-sotto-i-20e","10":"product_tag-collezione-suerte-donna","12":"first","13":"instock","14":"shipping-taxable","15":"purchasable","16":"product-type-variable"},"yoast_head":"<!-- This site is optimized with the Yoast SEO plugin v27.4 - https:\/\/yoast.com\/product\/yoast-seo-wordpress\/ -->\n<title>Orecchino Cornetto Cristalli Bianchi - #BrandGioielli<\/title>\n<meta name=\"description\" content=\"Acquista ora su Brand Gioielli: Orecchino Cornetto Cristalli Bianchi\" \/>\n<meta name=\"robots\" content=\"index, follow, max-snippet:-1, max-image-preview:large, max-video-preview:-1\" \/>\n<link rel=\"canonical\" href=\"https:\/\/brandgioielli.it\/en\/product\/orecchino-cornetto-cristalli-bianchi\/\" \/>\n<meta property=\"og:locale\" content=\"en_GB\" \/>\n<meta property=\"og:type\" content=\"article\" \/>\n<meta property=\"og:title\" content=\"Orecchino Cornetto Cristalli Bianchi - #BrandGioielli\" \/>\n<meta property=\"og:description\" content=\"Acquista ora su Brand Gioielli: Orecchino Cornetto Cristalli Bianchi\" \/>\n<meta property=\"og:url\" content=\"https:\/\/brandgioielli.it\/en\/product\/orecchino-cornetto-cristalli-bianchi\/\" \/>\n<meta property=\"og:site_name\" content=\"#BrandGioielli\" \/>\n<meta property=\"article:modified_time\" content=\"2026-04-20T16:17:10+00:00\" \/>\n<meta property=\"og:image\" content=\"https:\/\/brandgioielli.it\/wp-content\/uploads\/2025\/10\/03ER021.jpg\" \/>\n\t<meta property=\"og:image:width\" content=\"800\" \/>\n\t<meta property=\"og:image:height\" content=\"800\" \/>\n\t<meta property=\"og:image:type\" content=\"image\/jpeg\" \/>\n<meta name=\"twitter:card\" content=\"summary_large_image\" \/>\n<meta name=\"twitter:label1\" content=\"Estimated reading time\" \/>\n\t<meta name=\"twitter:data1\" content=\"1 minute\" \/>\n<script type=\"application\/ld+json\" class=\"yoast-schema-graph\">{\"@context\":\"https:\\\/\\\/schema.org\",\"@graph\":[{\"@type\":\"WebPage\",\"@id\":\"https:\\\/\\\/brandgioielli.it\\\/prodotto\\\/orecchino-cornetto-cristalli-bianchi\\\/\",\"url\":\"https:\\\/\\\/brandgioielli.it\\\/prodotto\\\/orecchino-cornetto-cristalli-bianchi\\\/\",\"name\":\"Orecchino Cornetto Cristalli Bianchi - #BrandGioielli\",\"isPartOf\":{\"@id\":\"https:\\\/\\\/brandgioielli.it\\\/#website\"},\"primaryImageOfPage\":{\"@id\":\"https:\\\/\\\/brandgioielli.it\\\/prodotto\\\/orecchino-cornetto-cristalli-bianchi\\\/#primaryimage\"},\"image\":{\"@id\":\"https:\\\/\\\/brandgioielli.it\\\/prodotto\\\/orecchino-cornetto-cristalli-bianchi\\\/#primaryimage\"},\"thumbnailUrl\":\"https:\\\/\\\/brandgioielli.it\\\/wp-content\\\/uploads\\\/2025\\\/10\\\/03ER021.jpg\",\"datePublished\":\"2025-10-03T06:55:52+00:00\",\"dateModified\":\"2026-04-20T16:17:10+00:00\",\"description\":\"Acquista ora su Brand Gioielli: Orecchino Cornetto Cristalli Bianchi\",\"breadcrumb\":{\"@id\":\"https:\\\/\\\/brandgioielli.it\\\/prodotto\\\/orecchino-cornetto-cristalli-bianchi\\\/#breadcrumb\"},\"inLanguage\":\"en-GB\",\"potentialAction\":[{\"@type\":\"ReadAction\",\"target\":[\"https:\\\/\\\/brandgioielli.it\\\/prodotto\\\/orecchino-cornetto-cristalli-bianchi\\\/\"]}]},{\"@type\":\"ImageObject\",\"inLanguage\":\"en-GB\",\"@id\":\"https:\\\/\\\/brandgioielli.it\\\/prodotto\\\/orecchino-cornetto-cristalli-bianchi\\\/#primaryimage\",\"url\":\"https:\\\/\\\/brandgioielli.it\\\/wp-content\\\/uploads\\\/2025\\\/10\\\/03ER021.jpg\",\"contentUrl\":\"https:\\\/\\\/brandgioielli.it\\\/wp-content\\\/uploads\\\/2025\\\/10\\\/03ER021.jpg\",\"width\":800,\"height\":800},{\"@type\":\"BreadcrumbList\",\"@id\":\"https:\\\/\\\/brandgioielli.it\\\/prodotto\\\/orecchino-cornetto-cristalli-bianchi\\\/#breadcrumb\",\"itemListElement\":[{\"@type\":\"ListItem\",\"position\":1,\"name\":\"Home\",\"item\":\"https:\\\/\\\/brandgioielli.it\\\/\"},{\"@type\":\"ListItem\",\"position\":2,\"name\":\"Shop\",\"item\":\"https:\\\/\\\/brandgioielli.it\\\/shop\\\/\"},{\"@type\":\"ListItem\",\"position\":3,\"name\":\"Orecchino Cornetto Cristalli Bianchi\"}]},{\"@type\":\"WebSite\",\"@id\":\"https:\\\/\\\/brandgioielli.it\\\/#website\",\"url\":\"https:\\\/\\\/brandgioielli.it\\\/\",\"name\":\"#BrandGioielli\",\"description\":\"\",\"publisher\":{\"@id\":\"https:\\\/\\\/brandgioielli.it\\\/#organization\"},\"potentialAction\":[{\"@type\":\"SearchAction\",\"target\":{\"@type\":\"EntryPoint\",\"urlTemplate\":\"https:\\\/\\\/brandgioielli.it\\\/?s={search_term_string}\"},\"query-input\":{\"@type\":\"PropertyValueSpecification\",\"valueRequired\":true,\"valueName\":\"search_term_string\"}}],\"inLanguage\":\"en-GB\"},{\"@type\":\"Organization\",\"@id\":\"https:\\\/\\\/brandgioielli.it\\\/#organization\",\"name\":\"Brand Gioielli\",\"url\":\"https:\\\/\\\/brandgioielli.it\\\/\",\"logo\":{\"@type\":\"ImageObject\",\"inLanguage\":\"en-GB\",\"@id\":\"https:\\\/\\\/brandgioielli.it\\\/#\\\/schema\\\/logo\\\/image\\\/\",\"url\":\"https:\\\/\\\/brandgioielli.it\\\/wp-content\\\/uploads\\\/2025\\\/07\\\/LogoBrand.png\",\"contentUrl\":\"https:\\\/\\\/brandgioielli.it\\\/wp-content\\\/uploads\\\/2025\\\/07\\\/LogoBrand.png\",\"width\":600,\"height\":170,\"caption\":\"Brand Gioielli\"},\"image\":{\"@id\":\"https:\\\/\\\/brandgioielli.it\\\/#\\\/schema\\\/logo\\\/image\\\/\"}}]}<\/script>\n<!-- \/ Yoast SEO plugin. -->","yoast_head_json":{"title":"White Crystal Horn Earring - #BrandGioielli","description":"Shop now at Brand Gioielli: White Crystal Horn Earring","robots":{"index":"index","follow":"follow","max-snippet":"max-snippet:-1","max-image-preview":"max-image-preview:large","max-video-preview":"max-video-preview:-1"},"canonical":"https:\/\/brandgioielli.it\/en\/product\/orecchino-cornetto-cristalli-bianchi\/","og_locale":"en_GB","og_type":"article","og_title":"Orecchino Cornetto Cristalli Bianchi - #BrandGioielli","og_description":"Acquista ora su Brand Gioielli: Orecchino Cornetto Cristalli Bianchi","og_url":"https:\/\/brandgioielli.it\/en\/product\/orecchino-cornetto-cristalli-bianchi\/","og_site_name":"#BrandGioielli","article_modified_time":"2026-04-20T16:17:10+00:00","og_image":[{"width":800,"height":800,"url":"https:\/\/brandgioielli.it\/wp-content\/uploads\/2025\/10\/03ER021.jpg","type":"image\/jpeg"}],"twitter_card":"summary_large_image","twitter_misc":{"Estimated reading time":"1 minute"},"schema":{"@context":"https:\/\/schema.org","@graph":[{"@type":"WebPage","@id":"https:\/\/brandgioielli.it\/prodotto\/orecchino-cornetto-cristalli-bianchi\/","url":"https:\/\/brandgioielli.it\/prodotto\/orecchino-cornetto-cristalli-bianchi\/","name":"White Crystal Horn Earring - #BrandGioielli","isPartOf":{"@id":"https:\/\/brandgioielli.it\/#website"},"primaryImageOfPage":{"@id":"https:\/\/brandgioielli.it\/prodotto\/orecchino-cornetto-cristalli-bianchi\/#primaryimage"},"image":{"@id":"https:\/\/brandgioielli.it\/prodotto\/orecchino-cornetto-cristalli-bianchi\/#primaryimage"},"thumbnailUrl":"https:\/\/brandgioielli.it\/wp-content\/uploads\/2025\/10\/03ER021.jpg","datePublished":"2025-10-03T06:55:52+00:00","dateModified":"2026-04-20T16:17:10+00:00","description":"Shop now at Brand Gioielli: White Crystal Horn Earring","breadcrumb":{"@id":"https:\/\/brandgioielli.it\/prodotto\/orecchino-cornetto-cristalli-bianchi\/#breadcrumb"},"inLanguage":"en-GB","potentialAction":[{"@type":"ReadAction","target":["https:\/\/brandgioielli.it\/prodotto\/orecchino-cornetto-cristalli-bianchi\/"]}]},{"@type":"ImageObject","inLanguage":"en-GB","@id":"https:\/\/brandgioielli.it\/prodotto\/orecchino-cornetto-cristalli-bianchi\/#primaryimage","url":"https:\/\/brandgioielli.it\/wp-content\/uploads\/2025\/10\/03ER021.jpg","contentUrl":"https:\/\/brandgioielli.it\/wp-content\/uploads\/2025\/10\/03ER021.jpg","width":800,"height":800},{"@type":"BreadcrumbList","@id":"https:\/\/brandgioielli.it\/prodotto\/orecchino-cornetto-cristalli-bianchi\/#breadcrumb","itemListElement":[{"@type":"ListItem","position":1,"name":"Home","item":"https:\/\/brandgioielli.it\/"},{"@type":"ListItem","position":2,"name":"Shop","item":"https:\/\/brandgioielli.it\/shop\/"},{"@type":"ListItem","position":3,"name":"Orecchino Cornetto Cristalli Bianchi"}]},{"@type":"WebSite","@id":"https:\/\/brandgioielli.it\/#website","url":"https:\/\/brandgioielli.it\/","name":"#BrandGioielli","description":"","publisher":{"@id":"https:\/\/brandgioielli.it\/#organization"},"potentialAction":[{"@type":"SearchAction","target":{"@type":"EntryPoint","urlTemplate":"https:\/\/brandgioielli.it\/?s={search_term_string}"},"query-input":{"@type":"PropertyValueSpecification","valueRequired":true,"valueName":"search_term_string"}}],"inLanguage":"en-GB"},{"@type":"Organization","@id":"https:\/\/brandgioielli.it\/#organization","name":"Brand Jewellery","url":"https:\/\/brandgioielli.it\/","logo":{"@type":"ImageObject","inLanguage":"en-GB","@id":"https:\/\/brandgioielli.it\/#\/schema\/logo\/image\/","url":"https:\/\/brandgioielli.it\/wp-content\/uploads\/2025\/07\/LogoBrand.png","contentUrl":"https:\/\/brandgioielli.it\/wp-content\/uploads\/2025\/07\/LogoBrand.png","width":600,"height":170,"caption":"Brand Gioielli"},"image":{"@id":"https:\/\/brandgioielli.it\/#\/schema\/logo\/image\/"}}]}},"_links":{"self":[{"href":"https:\/\/brandgioielli.it\/en\/wp-json\/wp\/v2\/product\/26263","targetHints":{"allow":["GET"]}}],"collection":[{"href":"https:\/\/brandgioielli.it\/en\/wp-json\/wp\/v2\/product"}],"about":[{"href":"https:\/\/brandgioielli.it\/en\/wp-json\/wp\/v2\/types\/product"}],"version-history":[{"count":1,"href":"https:\/\/brandgioielli.it\/en\/wp-json\/wp\/v2\/product\/26263\/revisions"}],"predecessor-version":[{"id":26461,"href":"https:\/\/brandgioielli.it\/en\/wp-json\/wp\/v2\/product\/26263\/revisions\/26461"}],"wp:featuredmedia":[{"embeddable":true,"href":"https:\/\/brandgioielli.it\/en\/wp-json\/wp\/v2\/media\/98463"}],"wp:attachment":[{"href":"https:\/\/brandgioielli.it\/en\/wp-json\/wp\/v2\/media?parent=26263"}],"wp:term":[{"taxonomy":"product_brand","embeddable":true,"href":"https:\/\/brandgioielli.it\/en\/wp-json\/wp\/v2\/product_brand?post=26263"},{"taxonomy":"product_cat","embeddable":true,"href":"https:\/\/brandgioielli.it\/en\/wp-json\/wp\/v2\/product_cat?post=26263"},{"taxonomy":"product_tag","embeddable":true,"href":"https:\/\/brandgioielli.it\/en\/wp-json\/wp\/v2\/product_tag?post=26263"}],"curies":[{"name":"wp","href":"https:\/\/api.w.org\/{rel}","templated":true}]}}