{"id":26253,"date":"2025-09-19T16:30:53","date_gmt":"2025-09-19T14:30:53","guid":{"rendered":"https:\/\/sandybrown-lark-277155.hostingersite.com\/prodotto\/bracciale-ferro-di-cavallo-quadrifoglio-e-coccinella-color-oro-e-acciaio\/"},"modified":"2026-04-24T15:17:10","modified_gmt":"2026-04-24T13:17:10","slug":"bracciale-ferro-di-cavallo-quadrifoglio-e-coccinella-color-oro-e-acciaio","status":"publish","type":"product","link":"https:\/\/brandgioielli.it\/en\/product\/bracciale-ferro-di-cavallo-quadrifoglio-e-coccinella-color-oro-e-acciaio\/","title":{"rendered":"Horseshoe Bracelet Cloverleaf and Ladybird Gold and Steel"},"content":{"rendered":"<h3>Cube Bracelet with Horseshoe, Four-leaf Clover and Ladybird<\/h3>\n<p>The cube bracelet with horseshoe, four-leaf clover with crystals and red enamelled ladybird lucky charm #BrandGioielli is designed for those who wish to always carry a symbol of <strong>good luck<\/strong> without sacrificing style and femininity. This bracelet is the perfect piece of jewellery for those looking for a discreet touch of colour that can be adapted to different styles.<\/p>\n<p><strong>TECHNICAL SPECIFICATIONS<\/strong><\/p>\n<ul>\n<li>Cube bracelet with good luck symbols and pendant crystals<\/li>\n<li>Length: 16 cm + 3 cm extension<\/li>\n<li>Charm size: approx. 8 mm<\/li>\n<li>Finish: Steel and PVD Gold<\/li>\n<li>Cubes Size: 4 mm<\/li>\n<li>Type Crystals: 4 mm Cubic Zirconia<\/li>\n<li>Crystal Colour: White<\/li>\n<li>Material: stainless steel and hypoallergenic<\/li>\n<\/ul>\n<p><em>All #Brand jewellery is made from the purest surgical stainless steel on the market, tested for Nickel and designed to be worn every day without fear of discolouration or signs of wear.\u00a0<\/em><\/p>","protected":false},"excerpt":{"rendered":"<p>Bracciale a Cubetti con Ferro di Cavallo, Quadrifoglio e Coccinella Il bracciale a cubetti con ferro di cavallo, quadrifoglio con cristalli e coccinella smaltata rossa portafortuna #BrandGioielli \u00e8 pensato per chi desidera portare sempre con s\u00e9 un simbolo di buona fortuna senza rinunciare a stile e femminilit\u00e0. Questo bracciale \u00e8 il gioiello perfetto per chi [&hellip;]<\/p>\n","protected":false},"featured_media":57120,"template":"","meta":[],"product_brand":[],"product_cat":[459,20,19,507],"product_tag":[354],"class_list":{"0":"post-26253","1":"product","2":"type-product","3":"status-publish","4":"has-post-thumbnail","6":"product_cat-bracciali","7":"product_cat-bracciali-donna","8":"product_cat-donna","9":"product_cat-sotto-i-30e","10":"product_tag-collezione-suerte-donna","12":"first","13":"instock","14":"shipping-taxable","15":"purchasable","16":"product-type-simple"},"yoast_head":"<!-- This site is optimized with the Yoast SEO plugin v27.4 - https:\/\/yoast.com\/product\/yoast-seo-wordpress\/ -->\n<title>Bracciale Ferro di Cavallo Quadrifoglio e Coccinella Color Oro e Acciaio - #BrandGioielli<\/title>\n<meta name=\"description\" content=\"Acquista ora su Brand Gioielli: Bracciale Ferro di Cavallo Quadrifoglio e Coccinella Color Oro e Acciaio\" \/>\n<meta name=\"robots\" content=\"index, follow, max-snippet:-1, max-image-preview:large, max-video-preview:-1\" \/>\n<link rel=\"canonical\" href=\"https:\/\/brandgioielli.it\/en\/product\/bracciale-ferro-di-cavallo-quadrifoglio-e-coccinella-color-oro-e-acciaio\/\" \/>\n<meta property=\"og:locale\" content=\"en_GB\" \/>\n<meta property=\"og:type\" content=\"article\" \/>\n<meta property=\"og:title\" content=\"Bracciale Ferro di Cavallo Quadrifoglio e Coccinella Color Oro e Acciaio - #BrandGioielli\" \/>\n<meta property=\"og:description\" content=\"Acquista ora su Brand Gioielli: Bracciale Ferro di Cavallo Quadrifoglio e Coccinella Color Oro e Acciaio\" \/>\n<meta property=\"og:url\" content=\"https:\/\/brandgioielli.it\/en\/product\/bracciale-ferro-di-cavallo-quadrifoglio-e-coccinella-color-oro-e-acciaio\/\" \/>\n<meta property=\"og:site_name\" content=\"#BrandGioielli\" \/>\n<meta property=\"article:modified_time\" content=\"2026-04-24T13:17:10+00:00\" \/>\n<meta property=\"og:image\" content=\"http:\/\/brandgioielli.it\/wp-content\/uploads\/2025\/09\/03BR035.jpg\" \/>\n\t<meta property=\"og:image:width\" content=\"800\" \/>\n\t<meta property=\"og:image:height\" content=\"800\" \/>\n\t<meta property=\"og:image:type\" content=\"image\/jpeg\" \/>\n<meta name=\"twitter:card\" content=\"summary_large_image\" \/>\n<meta name=\"twitter:label1\" content=\"Estimated reading time\" \/>\n\t<meta name=\"twitter:data1\" content=\"1 minute\" \/>\n<script type=\"application\/ld+json\" class=\"yoast-schema-graph\">{\"@context\":\"https:\\\/\\\/schema.org\",\"@graph\":[{\"@type\":\"WebPage\",\"@id\":\"https:\\\/\\\/brandgioielli.it\\\/prodotto\\\/bracciale-ferro-di-cavallo-quadrifoglio-e-coccinella-color-oro-e-acciaio\\\/\",\"url\":\"https:\\\/\\\/brandgioielli.it\\\/prodotto\\\/bracciale-ferro-di-cavallo-quadrifoglio-e-coccinella-color-oro-e-acciaio\\\/\",\"name\":\"Bracciale Ferro di Cavallo Quadrifoglio e Coccinella Color Oro e Acciaio - #BrandGioielli\",\"isPartOf\":{\"@id\":\"https:\\\/\\\/brandgioielli.it\\\/#website\"},\"primaryImageOfPage\":{\"@id\":\"https:\\\/\\\/brandgioielli.it\\\/prodotto\\\/bracciale-ferro-di-cavallo-quadrifoglio-e-coccinella-color-oro-e-acciaio\\\/#primaryimage\"},\"image\":{\"@id\":\"https:\\\/\\\/brandgioielli.it\\\/prodotto\\\/bracciale-ferro-di-cavallo-quadrifoglio-e-coccinella-color-oro-e-acciaio\\\/#primaryimage\"},\"thumbnailUrl\":\"https:\\\/\\\/brandgioielli.it\\\/wp-content\\\/uploads\\\/2025\\\/09\\\/03BR035.jpg\",\"datePublished\":\"2025-09-19T14:30:53+00:00\",\"dateModified\":\"2026-04-24T13:17:10+00:00\",\"description\":\"Acquista ora su Brand Gioielli: Bracciale Ferro di Cavallo Quadrifoglio e Coccinella Color Oro e Acciaio\",\"breadcrumb\":{\"@id\":\"https:\\\/\\\/brandgioielli.it\\\/prodotto\\\/bracciale-ferro-di-cavallo-quadrifoglio-e-coccinella-color-oro-e-acciaio\\\/#breadcrumb\"},\"inLanguage\":\"en-GB\",\"potentialAction\":[{\"@type\":\"ReadAction\",\"target\":[\"https:\\\/\\\/brandgioielli.it\\\/prodotto\\\/bracciale-ferro-di-cavallo-quadrifoglio-e-coccinella-color-oro-e-acciaio\\\/\"]}]},{\"@type\":\"ImageObject\",\"inLanguage\":\"en-GB\",\"@id\":\"https:\\\/\\\/brandgioielli.it\\\/prodotto\\\/bracciale-ferro-di-cavallo-quadrifoglio-e-coccinella-color-oro-e-acciaio\\\/#primaryimage\",\"url\":\"https:\\\/\\\/brandgioielli.it\\\/wp-content\\\/uploads\\\/2025\\\/09\\\/03BR035.jpg\",\"contentUrl\":\"https:\\\/\\\/brandgioielli.it\\\/wp-content\\\/uploads\\\/2025\\\/09\\\/03BR035.jpg\",\"width\":800,\"height\":800},{\"@type\":\"BreadcrumbList\",\"@id\":\"https:\\\/\\\/brandgioielli.it\\\/prodotto\\\/bracciale-ferro-di-cavallo-quadrifoglio-e-coccinella-color-oro-e-acciaio\\\/#breadcrumb\",\"itemListElement\":[{\"@type\":\"ListItem\",\"position\":1,\"name\":\"Home\",\"item\":\"https:\\\/\\\/brandgioielli.it\\\/\"},{\"@type\":\"ListItem\",\"position\":2,\"name\":\"Shop\",\"item\":\"https:\\\/\\\/brandgioielli.it\\\/shop\\\/\"},{\"@type\":\"ListItem\",\"position\":3,\"name\":\"Bracciale Ferro di Cavallo Quadrifoglio e Coccinella Color Oro e Acciaio\"}]},{\"@type\":\"WebSite\",\"@id\":\"https:\\\/\\\/brandgioielli.it\\\/#website\",\"url\":\"https:\\\/\\\/brandgioielli.it\\\/\",\"name\":\"#BrandGioielli\",\"description\":\"\",\"publisher\":{\"@id\":\"https:\\\/\\\/brandgioielli.it\\\/#organization\"},\"potentialAction\":[{\"@type\":\"SearchAction\",\"target\":{\"@type\":\"EntryPoint\",\"urlTemplate\":\"https:\\\/\\\/brandgioielli.it\\\/?s={search_term_string}\"},\"query-input\":{\"@type\":\"PropertyValueSpecification\",\"valueRequired\":true,\"valueName\":\"search_term_string\"}}],\"inLanguage\":\"en-GB\"},{\"@type\":\"Organization\",\"@id\":\"https:\\\/\\\/brandgioielli.it\\\/#organization\",\"name\":\"Brand Gioielli\",\"url\":\"https:\\\/\\\/brandgioielli.it\\\/\",\"logo\":{\"@type\":\"ImageObject\",\"inLanguage\":\"en-GB\",\"@id\":\"https:\\\/\\\/brandgioielli.it\\\/#\\\/schema\\\/logo\\\/image\\\/\",\"url\":\"https:\\\/\\\/brandgioielli.it\\\/wp-content\\\/uploads\\\/2025\\\/07\\\/LogoBrand.png\",\"contentUrl\":\"https:\\\/\\\/brandgioielli.it\\\/wp-content\\\/uploads\\\/2025\\\/07\\\/LogoBrand.png\",\"width\":600,\"height\":170,\"caption\":\"Brand Gioielli\"},\"image\":{\"@id\":\"https:\\\/\\\/brandgioielli.it\\\/#\\\/schema\\\/logo\\\/image\\\/\"}}]}<\/script>\n<!-- \/ Yoast SEO plugin. -->","yoast_head_json":{"title":"Gold and Steel Horseshoe, Four-Leaf Clover, and Ladybug Bracelet - #BrandGioielli","description":"Shop now at Brand Gioielli: Gold and Steel Horseshoe, Four-Leaf Clover, and Ladybug Bracelet","robots":{"index":"index","follow":"follow","max-snippet":"max-snippet:-1","max-image-preview":"max-image-preview:large","max-video-preview":"max-video-preview:-1"},"canonical":"https:\/\/brandgioielli.it\/en\/product\/bracciale-ferro-di-cavallo-quadrifoglio-e-coccinella-color-oro-e-acciaio\/","og_locale":"en_GB","og_type":"article","og_title":"Bracciale Ferro di Cavallo Quadrifoglio e Coccinella Color Oro e Acciaio - #BrandGioielli","og_description":"Acquista ora su Brand Gioielli: Bracciale Ferro di Cavallo Quadrifoglio e Coccinella Color Oro e Acciaio","og_url":"https:\/\/brandgioielli.it\/en\/product\/bracciale-ferro-di-cavallo-quadrifoglio-e-coccinella-color-oro-e-acciaio\/","og_site_name":"#BrandGioielli","article_modified_time":"2026-04-24T13:17:10+00:00","og_image":[{"width":800,"height":800,"url":"http:\/\/brandgioielli.it\/wp-content\/uploads\/2025\/09\/03BR035.jpg","type":"image\/jpeg"}],"twitter_card":"summary_large_image","twitter_misc":{"Estimated reading time":"1 minute"},"schema":{"@context":"https:\/\/schema.org","@graph":[{"@type":"WebPage","@id":"https:\/\/brandgioielli.it\/prodotto\/bracciale-ferro-di-cavallo-quadrifoglio-e-coccinella-color-oro-e-acciaio\/","url":"https:\/\/brandgioielli.it\/prodotto\/bracciale-ferro-di-cavallo-quadrifoglio-e-coccinella-color-oro-e-acciaio\/","name":"Gold and Steel Horseshoe, Four-Leaf Clover, and Ladybug Bracelet - #BrandGioielli","isPartOf":{"@id":"https:\/\/brandgioielli.it\/#website"},"primaryImageOfPage":{"@id":"https:\/\/brandgioielli.it\/prodotto\/bracciale-ferro-di-cavallo-quadrifoglio-e-coccinella-color-oro-e-acciaio\/#primaryimage"},"image":{"@id":"https:\/\/brandgioielli.it\/prodotto\/bracciale-ferro-di-cavallo-quadrifoglio-e-coccinella-color-oro-e-acciaio\/#primaryimage"},"thumbnailUrl":"https:\/\/brandgioielli.it\/wp-content\/uploads\/2025\/09\/03BR035.jpg","datePublished":"2025-09-19T14:30:53+00:00","dateModified":"2026-04-24T13:17:10+00:00","description":"Shop now at Brand Gioielli: Gold and Steel Horseshoe, Four-Leaf Clover, and Ladybug Bracelet","breadcrumb":{"@id":"https:\/\/brandgioielli.it\/prodotto\/bracciale-ferro-di-cavallo-quadrifoglio-e-coccinella-color-oro-e-acciaio\/#breadcrumb"},"inLanguage":"en-GB","potentialAction":[{"@type":"ReadAction","target":["https:\/\/brandgioielli.it\/prodotto\/bracciale-ferro-di-cavallo-quadrifoglio-e-coccinella-color-oro-e-acciaio\/"]}]},{"@type":"ImageObject","inLanguage":"en-GB","@id":"https:\/\/brandgioielli.it\/prodotto\/bracciale-ferro-di-cavallo-quadrifoglio-e-coccinella-color-oro-e-acciaio\/#primaryimage","url":"https:\/\/brandgioielli.it\/wp-content\/uploads\/2025\/09\/03BR035.jpg","contentUrl":"https:\/\/brandgioielli.it\/wp-content\/uploads\/2025\/09\/03BR035.jpg","width":800,"height":800},{"@type":"BreadcrumbList","@id":"https:\/\/brandgioielli.it\/prodotto\/bracciale-ferro-di-cavallo-quadrifoglio-e-coccinella-color-oro-e-acciaio\/#breadcrumb","itemListElement":[{"@type":"ListItem","position":1,"name":"Home","item":"https:\/\/brandgioielli.it\/"},{"@type":"ListItem","position":2,"name":"Shop","item":"https:\/\/brandgioielli.it\/shop\/"},{"@type":"ListItem","position":3,"name":"Bracciale Ferro di Cavallo Quadrifoglio e Coccinella Color Oro e Acciaio"}]},{"@type":"WebSite","@id":"https:\/\/brandgioielli.it\/#website","url":"https:\/\/brandgioielli.it\/","name":"#BrandGioielli","description":"","publisher":{"@id":"https:\/\/brandgioielli.it\/#organization"},"potentialAction":[{"@type":"SearchAction","target":{"@type":"EntryPoint","urlTemplate":"https:\/\/brandgioielli.it\/?s={search_term_string}"},"query-input":{"@type":"PropertyValueSpecification","valueRequired":true,"valueName":"search_term_string"}}],"inLanguage":"en-GB"},{"@type":"Organization","@id":"https:\/\/brandgioielli.it\/#organization","name":"Brand Jewellery","url":"https:\/\/brandgioielli.it\/","logo":{"@type":"ImageObject","inLanguage":"en-GB","@id":"https:\/\/brandgioielli.it\/#\/schema\/logo\/image\/","url":"https:\/\/brandgioielli.it\/wp-content\/uploads\/2025\/07\/LogoBrand.png","contentUrl":"https:\/\/brandgioielli.it\/wp-content\/uploads\/2025\/07\/LogoBrand.png","width":600,"height":170,"caption":"Brand Gioielli"},"image":{"@id":"https:\/\/brandgioielli.it\/#\/schema\/logo\/image\/"}}]}},"_links":{"self":[{"href":"https:\/\/brandgioielli.it\/en\/wp-json\/wp\/v2\/product\/26253","targetHints":{"allow":["GET"]}}],"collection":[{"href":"https:\/\/brandgioielli.it\/en\/wp-json\/wp\/v2\/product"}],"about":[{"href":"https:\/\/brandgioielli.it\/en\/wp-json\/wp\/v2\/types\/product"}],"version-history":[{"count":1,"href":"https:\/\/brandgioielli.it\/en\/wp-json\/wp\/v2\/product\/26253\/revisions"}],"predecessor-version":[{"id":26459,"href":"https:\/\/brandgioielli.it\/en\/wp-json\/wp\/v2\/product\/26253\/revisions\/26459"}],"wp:featuredmedia":[{"embeddable":true,"href":"https:\/\/brandgioielli.it\/en\/wp-json\/wp\/v2\/media\/57120"}],"wp:attachment":[{"href":"https:\/\/brandgioielli.it\/en\/wp-json\/wp\/v2\/media?parent=26253"}],"wp:term":[{"taxonomy":"product_brand","embeddable":true,"href":"https:\/\/brandgioielli.it\/en\/wp-json\/wp\/v2\/product_brand?post=26253"},{"taxonomy":"product_cat","embeddable":true,"href":"https:\/\/brandgioielli.it\/en\/wp-json\/wp\/v2\/product_cat?post=26253"},{"taxonomy":"product_tag","embeddable":true,"href":"https:\/\/brandgioielli.it\/en\/wp-json\/wp\/v2\/product_tag?post=26253"}],"curies":[{"name":"wp","href":"https:\/\/api.w.org\/{rel}","templated":true}]}}