{"id":105950,"date":"2026-03-04T16:43:12","date_gmt":"2026-03-04T15:43:12","guid":{"rendered":"https:\/\/brandgioielli.it\/?post_type=product&#038;p=105950"},"modified":"2026-04-17T18:18:39","modified_gmt":"2026-04-17T16:18:39","slug":"bracciale-acciaio-ematite-papa-figlio","status":"publish","type":"product","link":"https:\/\/brandgioielli.it\/en\/product\/bracciale-acciaio-ematite-papa-figlio\/","title":{"rendered":"Satin Hematite Steel Bracelet for Father and Son"},"content":{"rendered":"<h2>Steel and Satin Hematite Bracelet for Father and Son<\/h2>\n<p data-start=\"0\" data-end=\"731\">The <strong data-start=\"43\" data-end=\"105\">Steel and satin hematite bracelet for father and son by #Brand Gioielli<\/strong> It&#039;s an elegant and symbolic accessory designed for little ones and their dads. The design combines polished stainless steel spheres with hematite inserts, creating a refined contrast between brilliance and dark hues that gives the bracelet character and modernity. The spheres alternating with hematite elements make the piece harmonious and versatile, perfect for any moment of the day with a simple yet sophisticated style. Thanks to the lobster clasp and extension chain, the bracelet guarantees practicality and an adjustable fit, ideal for children&#039;s wrists. Crafted from durable, quality materials, it is designed for daily wear while maintaining its brilliance over time.<\/p>\n<p data-start=\"733\" data-end=\"756\"><strong data-start=\"733\" data-end=\"756\">TECHNICAL SPECIFICATIONS<\/strong><\/p>\n<ul>\n<li>Steel and Hematite Bracelet for Children<\/li>\n<li>Length L (Dad): 19cm + 3cm extension<\/li>\n<li>Length S (child): 13cm + 3cm extension<\/li>\n<li>Finish: Steel<\/li>\n<li>Material: Stainless Steel, Stones<\/li>\n<\/ul>\n<p><em>All #Brand jewellery is made from the purest surgical stainless steel on the market, tested for Nickel and designed to be worn every day without fear of discolouration or signs of wear.<\/em><\/p>\n<p>&nbsp;<\/p>","protected":false},"excerpt":{"rendered":"<p>Bracciale Acciaio e Ematite Satinata Pap\u00e0 e Figlio Il bracciale acciaio e ematite satinata per pap\u00e0 e figlio firmato #Brand Gioielli \u00e8 un accessorio elegante e simbolico pensato per i pi\u00f9 piccoli ed i loro pap\u00e0. Il design combina sfere lucide in acciaio inossidabile con inserti in ematite, creando un raffinato contrasto tra brillantezza e [&hellip;]<\/p>\n","protected":false},"featured_media":105955,"template":"","meta":[],"product_brand":[],"product_cat":[33,466,73,72,469,38],"product_tag":[75],"class_list":{"0":"post-105950","1":"product","2":"type-product","3":"status-publish","4":"has-post-thumbnail","6":"product_cat-bambini","7":"product_cat-bimbo","8":"product_cat-bracciale-bambino","9":"product_cat-bracciali-bambini","10":"product_cat-bracciali-papa-figlio","11":"product_cat-bracciali-uomo","12":"product_tag-collezione-fierce-baby","14":"first","15":"instock","16":"shipping-taxable","17":"purchasable","18":"product-type-variable"},"yoast_head":"<!-- This site is optimized with the Yoast SEO plugin v27.4 - https:\/\/yoast.com\/product\/yoast-seo-wordpress\/ -->\n<title>Bracciale Acciaio Ematite Satinata Pap\u00e0 e Figlio - #BrandGioielli<\/title>\n<meta name=\"description\" content=\"Acquista ora su Brand Gioielli: Bracciale Acciaio Ematite Satinata Pap\u00e0 e Figlio\" \/>\n<meta name=\"robots\" content=\"index, follow, max-snippet:-1, max-image-preview:large, max-video-preview:-1\" \/>\n<link rel=\"canonical\" href=\"https:\/\/brandgioielli.it\/en\/product\/bracciale-acciaio-ematite-papa-figlio\/\" \/>\n<meta property=\"og:locale\" content=\"en_GB\" \/>\n<meta property=\"og:type\" content=\"article\" \/>\n<meta property=\"og:title\" content=\"Bracciale Acciaio Ematite Satinata Pap\u00e0 e Figlio - #BrandGioielli\" \/>\n<meta property=\"og:description\" content=\"Acquista ora su Brand Gioielli: Bracciale Acciaio Ematite Satinata Pap\u00e0 e Figlio\" \/>\n<meta property=\"og:url\" content=\"https:\/\/brandgioielli.it\/en\/product\/bracciale-acciaio-ematite-papa-figlio\/\" \/>\n<meta property=\"og:site_name\" content=\"#BrandGioielli\" \/>\n<meta property=\"article:modified_time\" content=\"2026-04-17T16:18:39+00:00\" \/>\n<meta property=\"og:image\" content=\"https:\/\/brandgioielli.it\/wp-content\/uploads\/2026\/03\/bracciale-ematite-acciaio-papa-e-figlio.jpg\" \/>\n\t<meta property=\"og:image:width\" content=\"800\" \/>\n\t<meta property=\"og:image:height\" content=\"800\" \/>\n\t<meta property=\"og:image:type\" content=\"image\/jpeg\" \/>\n<meta name=\"twitter:card\" content=\"summary_large_image\" \/>\n<meta name=\"twitter:label1\" content=\"Estimated reading time\" \/>\n\t<meta name=\"twitter:data1\" content=\"2 minutes\" \/>\n<script type=\"application\/ld+json\" class=\"yoast-schema-graph\">{\"@context\":\"https:\\\/\\\/schema.org\",\"@graph\":[{\"@type\":\"WebPage\",\"@id\":\"https:\\\/\\\/brandgioielli.it\\\/prodotto\\\/bracciale-acciaio-ematite-papa-figlio\\\/\",\"url\":\"https:\\\/\\\/brandgioielli.it\\\/prodotto\\\/bracciale-acciaio-ematite-papa-figlio\\\/\",\"name\":\"Bracciale Acciaio Ematite Satinata Pap\u00e0 e Figlio - #BrandGioielli\",\"isPartOf\":{\"@id\":\"https:\\\/\\\/brandgioielli.it\\\/#website\"},\"primaryImageOfPage\":{\"@id\":\"https:\\\/\\\/brandgioielli.it\\\/prodotto\\\/bracciale-acciaio-ematite-papa-figlio\\\/#primaryimage\"},\"image\":{\"@id\":\"https:\\\/\\\/brandgioielli.it\\\/prodotto\\\/bracciale-acciaio-ematite-papa-figlio\\\/#primaryimage\"},\"thumbnailUrl\":\"https:\\\/\\\/brandgioielli.it\\\/wp-content\\\/uploads\\\/2026\\\/03\\\/bracciale-ematite-acciaio-papa-e-figlio.jpg\",\"datePublished\":\"2026-03-04T15:43:12+00:00\",\"dateModified\":\"2026-04-17T16:18:39+00:00\",\"description\":\"Acquista ora su Brand Gioielli: Bracciale Acciaio Ematite Satinata Pap\u00e0 e Figlio\",\"breadcrumb\":{\"@id\":\"https:\\\/\\\/brandgioielli.it\\\/prodotto\\\/bracciale-acciaio-ematite-papa-figlio\\\/#breadcrumb\"},\"inLanguage\":\"en-GB\",\"potentialAction\":[{\"@type\":\"ReadAction\",\"target\":[\"https:\\\/\\\/brandgioielli.it\\\/prodotto\\\/bracciale-acciaio-ematite-papa-figlio\\\/\"]}]},{\"@type\":\"ImageObject\",\"inLanguage\":\"en-GB\",\"@id\":\"https:\\\/\\\/brandgioielli.it\\\/prodotto\\\/bracciale-acciaio-ematite-papa-figlio\\\/#primaryimage\",\"url\":\"https:\\\/\\\/brandgioielli.it\\\/wp-content\\\/uploads\\\/2026\\\/03\\\/bracciale-ematite-acciaio-papa-e-figlio.jpg\",\"contentUrl\":\"https:\\\/\\\/brandgioielli.it\\\/wp-content\\\/uploads\\\/2026\\\/03\\\/bracciale-ematite-acciaio-papa-e-figlio.jpg\",\"width\":800,\"height\":800},{\"@type\":\"BreadcrumbList\",\"@id\":\"https:\\\/\\\/brandgioielli.it\\\/prodotto\\\/bracciale-acciaio-ematite-papa-figlio\\\/#breadcrumb\",\"itemListElement\":[{\"@type\":\"ListItem\",\"position\":1,\"name\":\"Home\",\"item\":\"https:\\\/\\\/brandgioielli.it\\\/\"},{\"@type\":\"ListItem\",\"position\":2,\"name\":\"Shop\",\"item\":\"https:\\\/\\\/brandgioielli.it\\\/shop\\\/\"},{\"@type\":\"ListItem\",\"position\":3,\"name\":\"Bracciale Acciaio Ematite Satinata Pap\u00e0 e Figlio\"}]},{\"@type\":\"WebSite\",\"@id\":\"https:\\\/\\\/brandgioielli.it\\\/#website\",\"url\":\"https:\\\/\\\/brandgioielli.it\\\/\",\"name\":\"#BrandGioielli\",\"description\":\"\",\"publisher\":{\"@id\":\"https:\\\/\\\/brandgioielli.it\\\/#organization\"},\"potentialAction\":[{\"@type\":\"SearchAction\",\"target\":{\"@type\":\"EntryPoint\",\"urlTemplate\":\"https:\\\/\\\/brandgioielli.it\\\/?s={search_term_string}\"},\"query-input\":{\"@type\":\"PropertyValueSpecification\",\"valueRequired\":true,\"valueName\":\"search_term_string\"}}],\"inLanguage\":\"en-GB\"},{\"@type\":\"Organization\",\"@id\":\"https:\\\/\\\/brandgioielli.it\\\/#organization\",\"name\":\"Brand Gioielli\",\"url\":\"https:\\\/\\\/brandgioielli.it\\\/\",\"logo\":{\"@type\":\"ImageObject\",\"inLanguage\":\"en-GB\",\"@id\":\"https:\\\/\\\/brandgioielli.it\\\/#\\\/schema\\\/logo\\\/image\\\/\",\"url\":\"https:\\\/\\\/brandgioielli.it\\\/wp-content\\\/uploads\\\/2025\\\/07\\\/LogoBrand.png\",\"contentUrl\":\"https:\\\/\\\/brandgioielli.it\\\/wp-content\\\/uploads\\\/2025\\\/07\\\/LogoBrand.png\",\"width\":600,\"height\":170,\"caption\":\"Brand Gioielli\"},\"image\":{\"@id\":\"https:\\\/\\\/brandgioielli.it\\\/#\\\/schema\\\/logo\\\/image\\\/\"}}]}<\/script>\n<!-- \/ Yoast SEO plugin. -->","yoast_head_json":{"title":"Satin Hematite Steel Bracelet for Father and Son - #BrandGioielli","description":"Shop now at Brand Gioielli: Satin Hematite Steel Bracelet for Father and Son","robots":{"index":"index","follow":"follow","max-snippet":"max-snippet:-1","max-image-preview":"max-image-preview:large","max-video-preview":"max-video-preview:-1"},"canonical":"https:\/\/brandgioielli.it\/en\/product\/bracciale-acciaio-ematite-papa-figlio\/","og_locale":"en_GB","og_type":"article","og_title":"Bracciale Acciaio Ematite Satinata Pap\u00e0 e Figlio - #BrandGioielli","og_description":"Acquista ora su Brand Gioielli: Bracciale Acciaio Ematite Satinata Pap\u00e0 e Figlio","og_url":"https:\/\/brandgioielli.it\/en\/product\/bracciale-acciaio-ematite-papa-figlio\/","og_site_name":"#BrandGioielli","article_modified_time":"2026-04-17T16:18:39+00:00","og_image":[{"width":800,"height":800,"url":"https:\/\/brandgioielli.it\/wp-content\/uploads\/2026\/03\/bracciale-ematite-acciaio-papa-e-figlio.jpg","type":"image\/jpeg"}],"twitter_card":"summary_large_image","twitter_misc":{"Estimated reading time":"2 minutes"},"schema":{"@context":"https:\/\/schema.org","@graph":[{"@type":"WebPage","@id":"https:\/\/brandgioielli.it\/prodotto\/bracciale-acciaio-ematite-papa-figlio\/","url":"https:\/\/brandgioielli.it\/prodotto\/bracciale-acciaio-ematite-papa-figlio\/","name":"Satin Hematite Steel Bracelet for Father and Son - #BrandGioielli","isPartOf":{"@id":"https:\/\/brandgioielli.it\/#website"},"primaryImageOfPage":{"@id":"https:\/\/brandgioielli.it\/prodotto\/bracciale-acciaio-ematite-papa-figlio\/#primaryimage"},"image":{"@id":"https:\/\/brandgioielli.it\/prodotto\/bracciale-acciaio-ematite-papa-figlio\/#primaryimage"},"thumbnailUrl":"https:\/\/brandgioielli.it\/wp-content\/uploads\/2026\/03\/bracciale-ematite-acciaio-papa-e-figlio.jpg","datePublished":"2026-03-04T15:43:12+00:00","dateModified":"2026-04-17T16:18:39+00:00","description":"Shop now at Brand Gioielli: Satin Hematite Steel Bracelet for Father and Son","breadcrumb":{"@id":"https:\/\/brandgioielli.it\/prodotto\/bracciale-acciaio-ematite-papa-figlio\/#breadcrumb"},"inLanguage":"en-GB","potentialAction":[{"@type":"ReadAction","target":["https:\/\/brandgioielli.it\/prodotto\/bracciale-acciaio-ematite-papa-figlio\/"]}]},{"@type":"ImageObject","inLanguage":"en-GB","@id":"https:\/\/brandgioielli.it\/prodotto\/bracciale-acciaio-ematite-papa-figlio\/#primaryimage","url":"https:\/\/brandgioielli.it\/wp-content\/uploads\/2026\/03\/bracciale-ematite-acciaio-papa-e-figlio.jpg","contentUrl":"https:\/\/brandgioielli.it\/wp-content\/uploads\/2026\/03\/bracciale-ematite-acciaio-papa-e-figlio.jpg","width":800,"height":800},{"@type":"BreadcrumbList","@id":"https:\/\/brandgioielli.it\/prodotto\/bracciale-acciaio-ematite-papa-figlio\/#breadcrumb","itemListElement":[{"@type":"ListItem","position":1,"name":"Home","item":"https:\/\/brandgioielli.it\/"},{"@type":"ListItem","position":2,"name":"Shop","item":"https:\/\/brandgioielli.it\/shop\/"},{"@type":"ListItem","position":3,"name":"Bracciale Acciaio Ematite Satinata Pap\u00e0 e Figlio"}]},{"@type":"WebSite","@id":"https:\/\/brandgioielli.it\/#website","url":"https:\/\/brandgioielli.it\/","name":"#BrandGioielli","description":"","publisher":{"@id":"https:\/\/brandgioielli.it\/#organization"},"potentialAction":[{"@type":"SearchAction","target":{"@type":"EntryPoint","urlTemplate":"https:\/\/brandgioielli.it\/?s={search_term_string}"},"query-input":{"@type":"PropertyValueSpecification","valueRequired":true,"valueName":"search_term_string"}}],"inLanguage":"en-GB"},{"@type":"Organization","@id":"https:\/\/brandgioielli.it\/#organization","name":"Brand Jewellery","url":"https:\/\/brandgioielli.it\/","logo":{"@type":"ImageObject","inLanguage":"en-GB","@id":"https:\/\/brandgioielli.it\/#\/schema\/logo\/image\/","url":"https:\/\/brandgioielli.it\/wp-content\/uploads\/2025\/07\/LogoBrand.png","contentUrl":"https:\/\/brandgioielli.it\/wp-content\/uploads\/2025\/07\/LogoBrand.png","width":600,"height":170,"caption":"Brand Gioielli"},"image":{"@id":"https:\/\/brandgioielli.it\/#\/schema\/logo\/image\/"}}]}},"_links":{"self":[{"href":"https:\/\/brandgioielli.it\/en\/wp-json\/wp\/v2\/product\/105950","targetHints":{"allow":["GET"]}}],"collection":[{"href":"https:\/\/brandgioielli.it\/en\/wp-json\/wp\/v2\/product"}],"about":[{"href":"https:\/\/brandgioielli.it\/en\/wp-json\/wp\/v2\/types\/product"}],"version-history":[{"count":2,"href":"https:\/\/brandgioielli.it\/en\/wp-json\/wp\/v2\/product\/105950\/revisions"}],"predecessor-version":[{"id":105958,"href":"https:\/\/brandgioielli.it\/en\/wp-json\/wp\/v2\/product\/105950\/revisions\/105958"}],"wp:featuredmedia":[{"embeddable":true,"href":"https:\/\/brandgioielli.it\/en\/wp-json\/wp\/v2\/media\/105955"}],"wp:attachment":[{"href":"https:\/\/brandgioielli.it\/en\/wp-json\/wp\/v2\/media?parent=105950"}],"wp:term":[{"taxonomy":"product_brand","embeddable":true,"href":"https:\/\/brandgioielli.it\/en\/wp-json\/wp\/v2\/product_brand?post=105950"},{"taxonomy":"product_cat","embeddable":true,"href":"https:\/\/brandgioielli.it\/en\/wp-json\/wp\/v2\/product_cat?post=105950"},{"taxonomy":"product_tag","embeddable":true,"href":"https:\/\/brandgioielli.it\/en\/wp-json\/wp\/v2\/product_tag?post=105950"}],"curies":[{"name":"wp","href":"https:\/\/api.w.org\/{rel}","templated":true}]}}