{"id":99969,"date":"2025-11-06T17:12:09","date_gmt":"2025-11-06T16:12:09","guid":{"rendered":"https:\/\/sandybrown-lark-277155.hostingersite.com\/?post_type=product&#038;p=99969"},"modified":"2026-04-20T14:17:29","modified_gmt":"2026-04-20T12:17:29","slug":"orecchini-cerchio-piatto-13-mm-con-pave-di-cristalli","status":"publish","type":"product","link":"https:\/\/brandgioielli.it\/de\/produkt\/orecchini-cerchio-piatto-13-mm-con-pave-di-cristalli\/","title":{"rendered":"Flacher 13 mm Ohrring mit Kristallpav\u00e9"},"content":{"rendered":"<h2>Flacher 13 mm Ohrring mit Kristallpav\u00e9<\/h2>\n<p>Die #Brand Gioielli Kristallpav\u00e9-Creolen sind ein unverzichtbares Accessoire f\u00fcr alle, die auff\u00e4lligen, praktischen und vielseitigen Schmuck lieben. Hergestellt aus <strong data-start=\"605\" data-end=\"634\">rostfreier Stahl<\/strong>, langlebig und hypoallergen, ist erh\u00e4ltlich in <strong data-start=\"682\" data-end=\"708\">Ausf\u00fchrung in Stahl oder Gold<\/strong>, Diese Ohrringe sind perfekt, um jedem Look einen Hauch von Glanz und Pers\u00f6nlichkeit zu verleihen. Sie eignen sich ideal als Alltags-Ohrringe oder als originelles und elegantes Geschenk und sind f\u00fcr alle gedacht, die Stahlohrringe suchen, die minimalistisches Design, Tragekomfort und einen Hauch von Glanz vereinen. Dank ihres schlichten Designs sind sie f\u00fcr Damen und Herren gleicherma\u00dfen geeignet.<\/p>\n<p><strong>TECHNISCHE DATEN<\/strong><\/p>\n<ul>\n<li>Ohrclips mit wei\u00dfen Kristallen<\/li>\n<li>Au\u00dfendurchmesser: 1,3 cm<\/li>\n<li>Dicke: 3 mm<\/li>\n<li>Ausf\u00fchrung: Stahl oder PVD-Gold<\/li>\n<li>Material: Edelstahl und hypoallergene Zirkoniumdioxid<\/li>\n<\/ul>\n<p><em>Alle Schmuckst\u00fccke der Marke #Brand sind aus dem reinsten chirurgischen Edelstahl auf dem Markt hergestellt, auf Nickel getestet und so konzipiert, dass sie jeden Tag getragen werden k\u00f6nnen, ohne dass Verf\u00e4rbungen oder Verschlei\u00dferscheinungen zu bef\u00fcrchten sind.\u00a0<\/em><\/p>","protected":false},"excerpt":{"rendered":"<p>Orecchini Cerchio Piatto 13 mm con Pav\u00e8 di Cristalli Gli orecchini a cerchio con pav\u00e8 di cristalli firmati #Brand Gioielli sono un accessorio essenziale per chi ama i gioielli luminosi, pratici e versatili. Realizzato in acciaio inossidabile, resistente e ipoallergenico, \u00e8 disponibile in finitura acciaio o oro, perfetti per aggiungere un tocco di luce e [&hellip;]<\/p>\n","protected":false},"featured_media":99918,"template":"","meta":[],"product_brand":[],"product_cat":[460,567,475,19,36,24,65,507,39],"product_tag":[536],"class_list":{"0":"post-99969","1":"product","2":"type-product","3":"status-publish","4":"has-post-thumbnail","6":"product_cat-amica","7":"product_cat-brand-carpet","8":"product_cat-comunione-e-cresima","9":"product_cat-donna","10":"product_cat-orecchini","11":"product_cat-orecchini-donna","12":"product_cat-orecchini-uomo","13":"product_cat-sotto-i-30e","14":"product_cat-uomo","15":"product_tag-collezione-elite","17":"first","18":"instock","19":"shipping-taxable","20":"purchasable","21":"product-type-variable"},"yoast_head":"<!-- This site is optimized with the Yoast SEO plugin v27.4 - https:\/\/yoast.com\/product\/yoast-seo-wordpress\/ -->\n<title>Orecchini Cerchio Piatto 13 mm con Pav\u00e8 di Cristalli - #BrandGioielli<\/title>\n<meta name=\"description\" content=\"Acquista ora su Brand Gioielli: Orecchini Cerchio Piatto 13 mm con Pav\u00e8 di Cristalli\" \/>\n<meta name=\"robots\" content=\"index, follow, max-snippet:-1, max-image-preview:large, max-video-preview:-1\" \/>\n<link rel=\"canonical\" href=\"https:\/\/brandgioielli.it\/de\/produkt\/orecchini-cerchio-piatto-13-mm-con-pave-di-cristalli\/\" \/>\n<meta property=\"og:locale\" content=\"de_DE\" \/>\n<meta property=\"og:type\" content=\"article\" \/>\n<meta property=\"og:title\" content=\"Orecchini Cerchio Piatto 13 mm con Pav\u00e8 di Cristalli - #BrandGioielli\" \/>\n<meta property=\"og:description\" content=\"Acquista ora su Brand Gioielli: Orecchini Cerchio Piatto 13 mm con Pav\u00e8 di Cristalli\" \/>\n<meta property=\"og:url\" content=\"https:\/\/brandgioielli.it\/de\/produkt\/orecchini-cerchio-piatto-13-mm-con-pave-di-cristalli\/\" \/>\n<meta property=\"og:site_name\" content=\"#BrandGioielli\" \/>\n<meta property=\"article:modified_time\" content=\"2026-04-20T12:17:29+00:00\" \/>\n<meta property=\"og:image\" content=\"https:\/\/brandgioielli.it\/wp-content\/uploads\/2025\/10\/Scattini-cristalli-13-mm-acciaio.jpg\" \/>\n\t<meta property=\"og:image:width\" content=\"800\" \/>\n\t<meta property=\"og:image:height\" content=\"800\" \/>\n\t<meta property=\"og:image:type\" content=\"image\/jpeg\" \/>\n<meta name=\"twitter:card\" content=\"summary_large_image\" \/>\n<meta name=\"twitter:label1\" content=\"Gesch\u00e4tzte Lesezeit\" \/>\n\t<meta name=\"twitter:data1\" content=\"2\u00a0Minuten\" \/>\n<script type=\"application\/ld+json\" class=\"yoast-schema-graph\">{\"@context\":\"https:\\\/\\\/schema.org\",\"@graph\":[{\"@type\":\"WebPage\",\"@id\":\"https:\\\/\\\/brandgioielli.it\\\/prodotto\\\/orecchini-cerchio-piatto-13-mm-con-pave-di-cristalli\\\/\",\"url\":\"https:\\\/\\\/brandgioielli.it\\\/prodotto\\\/orecchini-cerchio-piatto-13-mm-con-pave-di-cristalli\\\/\",\"name\":\"Orecchini Cerchio Piatto 13 mm con Pav\u00e8 di Cristalli - #BrandGioielli\",\"isPartOf\":{\"@id\":\"https:\\\/\\\/brandgioielli.it\\\/#website\"},\"primaryImageOfPage\":{\"@id\":\"https:\\\/\\\/brandgioielli.it\\\/prodotto\\\/orecchini-cerchio-piatto-13-mm-con-pave-di-cristalli\\\/#primaryimage\"},\"image\":{\"@id\":\"https:\\\/\\\/brandgioielli.it\\\/prodotto\\\/orecchini-cerchio-piatto-13-mm-con-pave-di-cristalli\\\/#primaryimage\"},\"thumbnailUrl\":\"https:\\\/\\\/brandgioielli.it\\\/wp-content\\\/uploads\\\/2025\\\/10\\\/Scattini-cristalli-13-mm-acciaio.jpg\",\"datePublished\":\"2025-11-06T16:12:09+00:00\",\"dateModified\":\"2026-04-20T12:17:29+00:00\",\"description\":\"Acquista ora su Brand Gioielli: Orecchini Cerchio Piatto 13 mm con Pav\u00e8 di Cristalli\",\"breadcrumb\":{\"@id\":\"https:\\\/\\\/brandgioielli.it\\\/prodotto\\\/orecchini-cerchio-piatto-13-mm-con-pave-di-cristalli\\\/#breadcrumb\"},\"inLanguage\":\"de\",\"potentialAction\":[{\"@type\":\"ReadAction\",\"target\":[\"https:\\\/\\\/brandgioielli.it\\\/prodotto\\\/orecchini-cerchio-piatto-13-mm-con-pave-di-cristalli\\\/\"]}]},{\"@type\":\"ImageObject\",\"inLanguage\":\"de\",\"@id\":\"https:\\\/\\\/brandgioielli.it\\\/prodotto\\\/orecchini-cerchio-piatto-13-mm-con-pave-di-cristalli\\\/#primaryimage\",\"url\":\"https:\\\/\\\/brandgioielli.it\\\/wp-content\\\/uploads\\\/2025\\\/10\\\/Scattini-cristalli-13-mm-acciaio.jpg\",\"contentUrl\":\"https:\\\/\\\/brandgioielli.it\\\/wp-content\\\/uploads\\\/2025\\\/10\\\/Scattini-cristalli-13-mm-acciaio.jpg\",\"width\":800,\"height\":800},{\"@type\":\"BreadcrumbList\",\"@id\":\"https:\\\/\\\/brandgioielli.it\\\/prodotto\\\/orecchini-cerchio-piatto-13-mm-con-pave-di-cristalli\\\/#breadcrumb\",\"itemListElement\":[{\"@type\":\"ListItem\",\"position\":1,\"name\":\"Home\",\"item\":\"https:\\\/\\\/brandgioielli.it\\\/\"},{\"@type\":\"ListItem\",\"position\":2,\"name\":\"Shop\",\"item\":\"https:\\\/\\\/brandgioielli.it\\\/shop\\\/\"},{\"@type\":\"ListItem\",\"position\":3,\"name\":\"Orecchini Cerchio Piatto 13 mm con Pav\u00e8 di Cristalli\"}]},{\"@type\":\"WebSite\",\"@id\":\"https:\\\/\\\/brandgioielli.it\\\/#website\",\"url\":\"https:\\\/\\\/brandgioielli.it\\\/\",\"name\":\"#BrandGioielli\",\"description\":\"\",\"publisher\":{\"@id\":\"https:\\\/\\\/brandgioielli.it\\\/#organization\"},\"potentialAction\":[{\"@type\":\"SearchAction\",\"target\":{\"@type\":\"EntryPoint\",\"urlTemplate\":\"https:\\\/\\\/brandgioielli.it\\\/?s={search_term_string}\"},\"query-input\":{\"@type\":\"PropertyValueSpecification\",\"valueRequired\":true,\"valueName\":\"search_term_string\"}}],\"inLanguage\":\"de\"},{\"@type\":\"Organization\",\"@id\":\"https:\\\/\\\/brandgioielli.it\\\/#organization\",\"name\":\"Brand Gioielli\",\"url\":\"https:\\\/\\\/brandgioielli.it\\\/\",\"logo\":{\"@type\":\"ImageObject\",\"inLanguage\":\"de\",\"@id\":\"https:\\\/\\\/brandgioielli.it\\\/#\\\/schema\\\/logo\\\/image\\\/\",\"url\":\"https:\\\/\\\/brandgioielli.it\\\/wp-content\\\/uploads\\\/2025\\\/07\\\/LogoBrand.png\",\"contentUrl\":\"https:\\\/\\\/brandgioielli.it\\\/wp-content\\\/uploads\\\/2025\\\/07\\\/LogoBrand.png\",\"width\":600,\"height\":170,\"caption\":\"Brand Gioielli\"},\"image\":{\"@id\":\"https:\\\/\\\/brandgioielli.it\\\/#\\\/schema\\\/logo\\\/image\\\/\"}}]}<\/script>\n<!-- \/ Yoast SEO plugin. -->","yoast_head_json":{"title":"Orecchini Cerchio Piatto 13 mm con Pav\u00e8 di Cristalli - #BrandGioielli","description":"Acquista ora su Brand Gioielli: Orecchini Cerchio Piatto 13 mm con Pav\u00e8 di Cristalli","robots":{"index":"index","follow":"follow","max-snippet":"max-snippet:-1","max-image-preview":"max-image-preview:large","max-video-preview":"max-video-preview:-1"},"canonical":"https:\/\/brandgioielli.it\/de\/produkt\/orecchini-cerchio-piatto-13-mm-con-pave-di-cristalli\/","og_locale":"de_DE","og_type":"article","og_title":"Orecchini Cerchio Piatto 13 mm con Pav\u00e8 di Cristalli - #BrandGioielli","og_description":"Acquista ora su Brand Gioielli: Orecchini Cerchio Piatto 13 mm con Pav\u00e8 di Cristalli","og_url":"https:\/\/brandgioielli.it\/de\/produkt\/orecchini-cerchio-piatto-13-mm-con-pave-di-cristalli\/","og_site_name":"#BrandGioielli","article_modified_time":"2026-04-20T12:17:29+00:00","og_image":[{"width":800,"height":800,"url":"https:\/\/brandgioielli.it\/wp-content\/uploads\/2025\/10\/Scattini-cristalli-13-mm-acciaio.jpg","type":"image\/jpeg"}],"twitter_card":"summary_large_image","twitter_misc":{"Gesch\u00e4tzte Lesezeit":"2\u00a0Minuten"},"schema":{"@context":"https:\/\/schema.org","@graph":[{"@type":"WebPage","@id":"https:\/\/brandgioielli.it\/prodotto\/orecchini-cerchio-piatto-13-mm-con-pave-di-cristalli\/","url":"https:\/\/brandgioielli.it\/prodotto\/orecchini-cerchio-piatto-13-mm-con-pave-di-cristalli\/","name":"Orecchini Cerchio Piatto 13 mm con Pav\u00e8 di Cristalli - #BrandGioielli","isPartOf":{"@id":"https:\/\/brandgioielli.it\/#website"},"primaryImageOfPage":{"@id":"https:\/\/brandgioielli.it\/prodotto\/orecchini-cerchio-piatto-13-mm-con-pave-di-cristalli\/#primaryimage"},"image":{"@id":"https:\/\/brandgioielli.it\/prodotto\/orecchini-cerchio-piatto-13-mm-con-pave-di-cristalli\/#primaryimage"},"thumbnailUrl":"https:\/\/brandgioielli.it\/wp-content\/uploads\/2025\/10\/Scattini-cristalli-13-mm-acciaio.jpg","datePublished":"2025-11-06T16:12:09+00:00","dateModified":"2026-04-20T12:17:29+00:00","description":"Acquista ora su Brand Gioielli: Orecchini Cerchio Piatto 13 mm con Pav\u00e8 di Cristalli","breadcrumb":{"@id":"https:\/\/brandgioielli.it\/prodotto\/orecchini-cerchio-piatto-13-mm-con-pave-di-cristalli\/#breadcrumb"},"inLanguage":"de","potentialAction":[{"@type":"ReadAction","target":["https:\/\/brandgioielli.it\/prodotto\/orecchini-cerchio-piatto-13-mm-con-pave-di-cristalli\/"]}]},{"@type":"ImageObject","inLanguage":"de","@id":"https:\/\/brandgioielli.it\/prodotto\/orecchini-cerchio-piatto-13-mm-con-pave-di-cristalli\/#primaryimage","url":"https:\/\/brandgioielli.it\/wp-content\/uploads\/2025\/10\/Scattini-cristalli-13-mm-acciaio.jpg","contentUrl":"https:\/\/brandgioielli.it\/wp-content\/uploads\/2025\/10\/Scattini-cristalli-13-mm-acciaio.jpg","width":800,"height":800},{"@type":"BreadcrumbList","@id":"https:\/\/brandgioielli.it\/prodotto\/orecchini-cerchio-piatto-13-mm-con-pave-di-cristalli\/#breadcrumb","itemListElement":[{"@type":"ListItem","position":1,"name":"Home","item":"https:\/\/brandgioielli.it\/"},{"@type":"ListItem","position":2,"name":"Shop","item":"https:\/\/brandgioielli.it\/shop\/"},{"@type":"ListItem","position":3,"name":"Orecchini Cerchio Piatto 13 mm con Pav\u00e8 di Cristalli"}]},{"@type":"WebSite","@id":"https:\/\/brandgioielli.it\/#website","url":"https:\/\/brandgioielli.it\/","name":"#BrandGioielli","description":"","publisher":{"@id":"https:\/\/brandgioielli.it\/#organization"},"potentialAction":[{"@type":"SearchAction","target":{"@type":"EntryPoint","urlTemplate":"https:\/\/brandgioielli.it\/?s={search_term_string}"},"query-input":{"@type":"PropertyValueSpecification","valueRequired":true,"valueName":"search_term_string"}}],"inLanguage":"de"},{"@type":"Organization","@id":"https:\/\/brandgioielli.it\/#organization","name":"Markenschmuck","url":"https:\/\/brandgioielli.it\/","logo":{"@type":"ImageObject","inLanguage":"de","@id":"https:\/\/brandgioielli.it\/#\/schema\/logo\/image\/","url":"https:\/\/brandgioielli.it\/wp-content\/uploads\/2025\/07\/LogoBrand.png","contentUrl":"https:\/\/brandgioielli.it\/wp-content\/uploads\/2025\/07\/LogoBrand.png","width":600,"height":170,"caption":"Brand Gioielli"},"image":{"@id":"https:\/\/brandgioielli.it\/#\/schema\/logo\/image\/"}}]}},"_links":{"self":[{"href":"https:\/\/brandgioielli.it\/de\/wp-json\/wp\/v2\/product\/99969","targetHints":{"allow":["GET"]}}],"collection":[{"href":"https:\/\/brandgioielli.it\/de\/wp-json\/wp\/v2\/product"}],"about":[{"href":"https:\/\/brandgioielli.it\/de\/wp-json\/wp\/v2\/types\/product"}],"version-history":[{"count":2,"href":"https:\/\/brandgioielli.it\/de\/wp-json\/wp\/v2\/product\/99969\/revisions"}],"predecessor-version":[{"id":99977,"href":"https:\/\/brandgioielli.it\/de\/wp-json\/wp\/v2\/product\/99969\/revisions\/99977"}],"wp:featuredmedia":[{"embeddable":true,"href":"https:\/\/brandgioielli.it\/de\/wp-json\/wp\/v2\/media\/99918"}],"wp:attachment":[{"href":"https:\/\/brandgioielli.it\/de\/wp-json\/wp\/v2\/media?parent=99969"}],"wp:term":[{"taxonomy":"product_brand","embeddable":true,"href":"https:\/\/brandgioielli.it\/de\/wp-json\/wp\/v2\/product_brand?post=99969"},{"taxonomy":"product_cat","embeddable":true,"href":"https:\/\/brandgioielli.it\/de\/wp-json\/wp\/v2\/product_cat?post=99969"},{"taxonomy":"product_tag","embeddable":true,"href":"https:\/\/brandgioielli.it\/de\/wp-json\/wp\/v2\/product_tag?post=99969"}],"curies":[{"name":"wp","href":"https:\/\/api.w.org\/{rel}","templated":true}]}}