{"id":99930,"date":"2025-10-29T17:20:46","date_gmt":"2025-10-29T16:20:46","guid":{"rendered":"https:\/\/sandybrown-lark-277155.hostingersite.com\/?post_type=product&#038;p=99930"},"modified":"2026-04-20T08:18:43","modified_gmt":"2026-04-20T06:18:43","slug":"specchietto-rosa-con-cuori","status":"publish","type":"product","link":"https:\/\/brandgioielli.it\/de\/produkt\/specchietto-rosa-con-cuori\/","title":{"rendered":"Rosa Spiegel mit Herzen"},"content":{"rendered":"<p>Der rosa Spiegel mit Herzchen von Brand Gioielli ist der stilvolle Begleiter f\u00fcr unterwegs. Klein, praktisch und faltbar \u2013 er ist in 10 Modellen erh\u00e4ltlich und wartet darauf, von Ihnen entdeckt zu werden.<\/p>","protected":false},"excerpt":{"rendered":"<p>Der rosa Spiegel mit Herzchen von Brand Gioielli ist der stilvolle Begleiter f\u00fcr unterwegs. Klein, praktisch und faltbar \u2013 er ist in 10 Modellen erh\u00e4ltlich und wartet darauf, von Ihnen entdeckt zu werden.<\/p>","protected":false},"featured_media":99897,"template":"","meta":[],"product_brand":[],"product_cat":[535],"product_tag":[105],"class_list":{"0":"post-99930","1":"product","2":"type-product","3":"status-publish","4":"has-post-thumbnail","6":"product_cat-specchietti","7":"product_tag-gadget","9":"first","10":"instock","11":"shipping-taxable","12":"purchasable","13":"product-type-simple"},"yoast_head":"<!-- This site is optimized with the Yoast SEO plugin v27.4 - https:\/\/yoast.com\/product\/yoast-seo-wordpress\/ -->\n<title>Specchietto Rosa con Cuori - Brand Gioielli<\/title>\n<meta name=\"description\" content=\"Scopri tutti i Gadget firmati Brand Gioielli! Specchietti, Portagioie, Travel Box e tutto quel che serve per viaggiare con stile ovunque tu voglia. Li trovi tutti su brandgioielli.it\" \/>\n<meta name=\"robots\" content=\"index, follow, max-snippet:-1, max-image-preview:large, max-video-preview:-1\" \/>\n<link rel=\"canonical\" href=\"https:\/\/brandgioielli.it\/de\/produkt\/specchietto-rosa-con-cuori\/\" \/>\n<meta property=\"og:locale\" content=\"de_DE\" \/>\n<meta property=\"og:type\" content=\"article\" \/>\n<meta property=\"og:title\" content=\"Specchietto Rosa con Cuori - Brand Gioielli\" \/>\n<meta property=\"og:description\" content=\"Scopri tutti i Gadget firmati Brand Gioielli! Specchietti, Portagioie, Travel Box e tutto quel che serve per viaggiare con stile ovunque tu voglia. Li trovi tutti su brandgioielli.it\" \/>\n<meta property=\"og:url\" content=\"https:\/\/brandgioielli.it\/de\/produkt\/specchietto-rosa-con-cuori\/\" \/>\n<meta property=\"og:site_name\" content=\"#BrandGioielli\" \/>\n<meta property=\"article:modified_time\" content=\"2026-04-20T06:18:43+00:00\" \/>\n<meta property=\"og:image\" content=\"http:\/\/brandgioielli.it\/wp-content\/uploads\/2025\/10\/EXP015-08-fronte.jpg\" \/>\n\t<meta property=\"og:image:width\" content=\"800\" \/>\n\t<meta property=\"og:image:height\" content=\"800\" \/>\n\t<meta property=\"og:image:type\" content=\"image\/jpeg\" \/>\n<meta name=\"twitter:card\" content=\"summary_large_image\" \/>\n<meta name=\"twitter:label1\" content=\"Gesch\u00e4tzte Lesezeit\" \/>\n\t<meta name=\"twitter:data1\" content=\"1\u00a0Minute\" \/>\n<script type=\"application\/ld+json\" class=\"yoast-schema-graph\">{\"@context\":\"https:\\\/\\\/schema.org\",\"@graph\":[{\"@type\":\"WebPage\",\"@id\":\"https:\\\/\\\/brandgioielli.it\\\/prodotto\\\/specchietto-rosa-con-cuori\\\/\",\"url\":\"https:\\\/\\\/brandgioielli.it\\\/prodotto\\\/specchietto-rosa-con-cuori\\\/\",\"name\":\"Specchietto Rosa con Cuori - Brand Gioielli\",\"isPartOf\":{\"@id\":\"https:\\\/\\\/brandgioielli.it\\\/#website\"},\"primaryImageOfPage\":{\"@id\":\"https:\\\/\\\/brandgioielli.it\\\/prodotto\\\/specchietto-rosa-con-cuori\\\/#primaryimage\"},\"image\":{\"@id\":\"https:\\\/\\\/brandgioielli.it\\\/prodotto\\\/specchietto-rosa-con-cuori\\\/#primaryimage\"},\"thumbnailUrl\":\"https:\\\/\\\/brandgioielli.it\\\/wp-content\\\/uploads\\\/2025\\\/10\\\/EXP015-08-fronte.jpg\",\"datePublished\":\"2025-10-29T16:20:46+00:00\",\"dateModified\":\"2026-04-20T06:18:43+00:00\",\"description\":\"Scopri tutti i Gadget firmati Brand Gioielli! Specchietti, Portagioie, Travel Box e tutto quel che serve per viaggiare con stile ovunque tu voglia. Li trovi tutti su brandgioielli.it\",\"breadcrumb\":{\"@id\":\"https:\\\/\\\/brandgioielli.it\\\/prodotto\\\/specchietto-rosa-con-cuori\\\/#breadcrumb\"},\"inLanguage\":\"de\",\"potentialAction\":[{\"@type\":\"ReadAction\",\"target\":[\"https:\\\/\\\/brandgioielli.it\\\/prodotto\\\/specchietto-rosa-con-cuori\\\/\"]}]},{\"@type\":\"ImageObject\",\"inLanguage\":\"de\",\"@id\":\"https:\\\/\\\/brandgioielli.it\\\/prodotto\\\/specchietto-rosa-con-cuori\\\/#primaryimage\",\"url\":\"https:\\\/\\\/brandgioielli.it\\\/wp-content\\\/uploads\\\/2025\\\/10\\\/EXP015-08-fronte.jpg\",\"contentUrl\":\"https:\\\/\\\/brandgioielli.it\\\/wp-content\\\/uploads\\\/2025\\\/10\\\/EXP015-08-fronte.jpg\",\"width\":800,\"height\":800},{\"@type\":\"BreadcrumbList\",\"@id\":\"https:\\\/\\\/brandgioielli.it\\\/prodotto\\\/specchietto-rosa-con-cuori\\\/#breadcrumb\",\"itemListElement\":[{\"@type\":\"ListItem\",\"position\":1,\"name\":\"Home\",\"item\":\"https:\\\/\\\/brandgioielli.it\\\/\"},{\"@type\":\"ListItem\",\"position\":2,\"name\":\"Shop\",\"item\":\"https:\\\/\\\/brandgioielli.it\\\/shop\\\/\"},{\"@type\":\"ListItem\",\"position\":3,\"name\":\"Specchietto Rosa con Cuori\"}]},{\"@type\":\"WebSite\",\"@id\":\"https:\\\/\\\/brandgioielli.it\\\/#website\",\"url\":\"https:\\\/\\\/brandgioielli.it\\\/\",\"name\":\"#BrandGioielli\",\"description\":\"\",\"publisher\":{\"@id\":\"https:\\\/\\\/brandgioielli.it\\\/#organization\"},\"potentialAction\":[{\"@type\":\"SearchAction\",\"target\":{\"@type\":\"EntryPoint\",\"urlTemplate\":\"https:\\\/\\\/brandgioielli.it\\\/?s={search_term_string}\"},\"query-input\":{\"@type\":\"PropertyValueSpecification\",\"valueRequired\":true,\"valueName\":\"search_term_string\"}}],\"inLanguage\":\"de\"},{\"@type\":\"Organization\",\"@id\":\"https:\\\/\\\/brandgioielli.it\\\/#organization\",\"name\":\"Brand Gioielli\",\"url\":\"https:\\\/\\\/brandgioielli.it\\\/\",\"logo\":{\"@type\":\"ImageObject\",\"inLanguage\":\"de\",\"@id\":\"https:\\\/\\\/brandgioielli.it\\\/#\\\/schema\\\/logo\\\/image\\\/\",\"url\":\"https:\\\/\\\/brandgioielli.it\\\/wp-content\\\/uploads\\\/2025\\\/07\\\/LogoBrand.png\",\"contentUrl\":\"https:\\\/\\\/brandgioielli.it\\\/wp-content\\\/uploads\\\/2025\\\/07\\\/LogoBrand.png\",\"width\":600,\"height\":170,\"caption\":\"Brand Gioielli\"},\"image\":{\"@id\":\"https:\\\/\\\/brandgioielli.it\\\/#\\\/schema\\\/logo\\\/image\\\/\"}}]}<\/script>\n<!-- \/ Yoast SEO plugin. -->","yoast_head_json":{"title":"Rosa Spiegel mit Herzen - Schmuckmarke","description":"Entdecken Sie alle Gadgets von Brand Gioielli! Spiegel, Schmuckk\u00e4stchen, Reiseetuis und alles, was Sie f\u00fcr stilvolles Reisen ben\u00f6tigen. Alles finden Sie auf brandgioielli.it","robots":{"index":"index","follow":"follow","max-snippet":"max-snippet:-1","max-image-preview":"max-image-preview:large","max-video-preview":"max-video-preview:-1"},"canonical":"https:\/\/brandgioielli.it\/de\/produkt\/specchietto-rosa-con-cuori\/","og_locale":"de_DE","og_type":"article","og_title":"Specchietto Rosa con Cuori - Brand Gioielli","og_description":"Scopri tutti i Gadget firmati Brand Gioielli! Specchietti, Portagioie, Travel Box e tutto quel che serve per viaggiare con stile ovunque tu voglia. Li trovi tutti su brandgioielli.it","og_url":"https:\/\/brandgioielli.it\/de\/produkt\/specchietto-rosa-con-cuori\/","og_site_name":"#BrandGioielli","article_modified_time":"2026-04-20T06:18:43+00:00","og_image":[{"width":800,"height":800,"url":"http:\/\/brandgioielli.it\/wp-content\/uploads\/2025\/10\/EXP015-08-fronte.jpg","type":"image\/jpeg"}],"twitter_card":"summary_large_image","twitter_misc":{"Gesch\u00e4tzte Lesezeit":"1\u00a0Minute"},"schema":{"@context":"https:\/\/schema.org","@graph":[{"@type":"WebPage","@id":"https:\/\/brandgioielli.it\/prodotto\/specchietto-rosa-con-cuori\/","url":"https:\/\/brandgioielli.it\/prodotto\/specchietto-rosa-con-cuori\/","name":"Rosa Spiegel mit Herzen - Schmuckmarke","isPartOf":{"@id":"https:\/\/brandgioielli.it\/#website"},"primaryImageOfPage":{"@id":"https:\/\/brandgioielli.it\/prodotto\/specchietto-rosa-con-cuori\/#primaryimage"},"image":{"@id":"https:\/\/brandgioielli.it\/prodotto\/specchietto-rosa-con-cuori\/#primaryimage"},"thumbnailUrl":"https:\/\/brandgioielli.it\/wp-content\/uploads\/2025\/10\/EXP015-08-fronte.jpg","datePublished":"2025-10-29T16:20:46+00:00","dateModified":"2026-04-20T06:18:43+00:00","description":"Entdecken Sie alle Gadgets von Brand Gioielli! Spiegel, Schmuckk\u00e4stchen, Reiseetuis und alles, was Sie f\u00fcr stilvolles Reisen ben\u00f6tigen. Alles finden Sie auf brandgioielli.it","breadcrumb":{"@id":"https:\/\/brandgioielli.it\/prodotto\/specchietto-rosa-con-cuori\/#breadcrumb"},"inLanguage":"de","potentialAction":[{"@type":"ReadAction","target":["https:\/\/brandgioielli.it\/prodotto\/specchietto-rosa-con-cuori\/"]}]},{"@type":"ImageObject","inLanguage":"de","@id":"https:\/\/brandgioielli.it\/prodotto\/specchietto-rosa-con-cuori\/#primaryimage","url":"https:\/\/brandgioielli.it\/wp-content\/uploads\/2025\/10\/EXP015-08-fronte.jpg","contentUrl":"https:\/\/brandgioielli.it\/wp-content\/uploads\/2025\/10\/EXP015-08-fronte.jpg","width":800,"height":800},{"@type":"BreadcrumbList","@id":"https:\/\/brandgioielli.it\/prodotto\/specchietto-rosa-con-cuori\/#breadcrumb","itemListElement":[{"@type":"ListItem","position":1,"name":"Home","item":"https:\/\/brandgioielli.it\/"},{"@type":"ListItem","position":2,"name":"Shop","item":"https:\/\/brandgioielli.it\/shop\/"},{"@type":"ListItem","position":3,"name":"Specchietto Rosa con Cuori"}]},{"@type":"WebSite","@id":"https:\/\/brandgioielli.it\/#website","url":"https:\/\/brandgioielli.it\/","name":"#BrandGioielli","description":"","publisher":{"@id":"https:\/\/brandgioielli.it\/#organization"},"potentialAction":[{"@type":"SearchAction","target":{"@type":"EntryPoint","urlTemplate":"https:\/\/brandgioielli.it\/?s={search_term_string}"},"query-input":{"@type":"PropertyValueSpecification","valueRequired":true,"valueName":"search_term_string"}}],"inLanguage":"de"},{"@type":"Organization","@id":"https:\/\/brandgioielli.it\/#organization","name":"Markenschmuck","url":"https:\/\/brandgioielli.it\/","logo":{"@type":"ImageObject","inLanguage":"de","@id":"https:\/\/brandgioielli.it\/#\/schema\/logo\/image\/","url":"https:\/\/brandgioielli.it\/wp-content\/uploads\/2025\/07\/LogoBrand.png","contentUrl":"https:\/\/brandgioielli.it\/wp-content\/uploads\/2025\/07\/LogoBrand.png","width":600,"height":170,"caption":"Brand Gioielli"},"image":{"@id":"https:\/\/brandgioielli.it\/#\/schema\/logo\/image\/"}}]}},"_links":{"self":[{"href":"https:\/\/brandgioielli.it\/de\/wp-json\/wp\/v2\/product\/99930","targetHints":{"allow":["GET"]}}],"collection":[{"href":"https:\/\/brandgioielli.it\/de\/wp-json\/wp\/v2\/product"}],"about":[{"href":"https:\/\/brandgioielli.it\/de\/wp-json\/wp\/v2\/types\/product"}],"version-history":[{"count":1,"href":"https:\/\/brandgioielli.it\/de\/wp-json\/wp\/v2\/product\/99930\/revisions"}],"predecessor-version":[{"id":99939,"href":"https:\/\/brandgioielli.it\/de\/wp-json\/wp\/v2\/product\/99930\/revisions\/99939"}],"wp:featuredmedia":[{"embeddable":true,"href":"https:\/\/brandgioielli.it\/de\/wp-json\/wp\/v2\/media\/99897"}],"wp:attachment":[{"href":"https:\/\/brandgioielli.it\/de\/wp-json\/wp\/v2\/media?parent=99930"}],"wp:term":[{"taxonomy":"product_brand","embeddable":true,"href":"https:\/\/brandgioielli.it\/de\/wp-json\/wp\/v2\/product_brand?post=99930"},{"taxonomy":"product_cat","embeddable":true,"href":"https:\/\/brandgioielli.it\/de\/wp-json\/wp\/v2\/product_cat?post=99930"},{"taxonomy":"product_tag","embeddable":true,"href":"https:\/\/brandgioielli.it\/de\/wp-json\/wp\/v2\/product_tag?post=99930"}],"curies":[{"name":"wp","href":"https:\/\/api.w.org\/{rel}","templated":true}]}}