{"id":99924,"date":"2025-10-29T17:20:20","date_gmt":"2025-10-29T16:20:20","guid":{"rendered":"https:\/\/sandybrown-lark-277155.hostingersite.com\/?post_type=product&#038;p=99924"},"modified":"2026-04-20T07:18:44","modified_gmt":"2026-04-20T05:18:44","slug":"specchietto-bianco-con-cuori","status":"publish","type":"product","link":"https:\/\/brandgioielli.it\/de\/produkt\/specchietto-bianco-con-cuori\/","title":{"rendered":"Wei\u00dfer Spiegel mit Herzchen"},"content":{"rendered":"<p>Der wei\u00dfe Spiegel mit Herzen von Brand Gioielli ist der stilvolle Begleiter f\u00fcr unterwegs. Klein, praktisch und faltbar \u2013 er ist in 10 Modellen erh\u00e4ltlich, die darauf warten, entdeckt zu werden.<\/p>","protected":false},"excerpt":{"rendered":"<p>Der wei\u00dfe Spiegel mit Herzen von Brand Gioielli ist der stilvolle Begleiter f\u00fcr unterwegs. Klein, praktisch und faltbar \u2013 er ist in 10 Modellen erh\u00e4ltlich, die darauf warten, entdeckt zu werden.<\/p>","protected":false},"featured_media":99885,"template":"","meta":[],"product_brand":[],"product_cat":[535],"product_tag":[105],"class_list":{"0":"post-99924","1":"product","2":"type-product","3":"status-publish","4":"has-post-thumbnail","6":"product_cat-specchietti","7":"product_tag-gadget","9":"first","10":"outofstock","11":"shipping-taxable","12":"purchasable","13":"product-type-simple"},"yoast_head":"<!-- This site is optimized with the Yoast SEO plugin v27.4 - https:\/\/yoast.com\/product\/yoast-seo-wordpress\/ -->\n<title>Specchietto Bianco con Cuori - Brand Gioielli<\/title>\n<meta name=\"description\" content=\"Scopri tutti i Gadget firmati Brand Gioielli! Specchietti, Portagioie, Travel Box e tutto quel che serve per viaggiare con stile ovunque tu voglia. Li trovi tutti su brandgioielli.it\" \/>\n<meta name=\"robots\" content=\"index, follow, max-snippet:-1, max-image-preview:large, max-video-preview:-1\" \/>\n<link rel=\"canonical\" href=\"https:\/\/brandgioielli.it\/de\/produkt\/specchietto-bianco-con-cuori\/\" \/>\n<meta property=\"og:locale\" content=\"de_DE\" \/>\n<meta property=\"og:type\" content=\"article\" \/>\n<meta property=\"og:title\" content=\"Specchietto Bianco con Cuori - Brand Gioielli\" \/>\n<meta property=\"og:description\" content=\"Scopri tutti i Gadget firmati Brand Gioielli! Specchietti, Portagioie, Travel Box e tutto quel che serve per viaggiare con stile ovunque tu voglia. Li trovi tutti su brandgioielli.it\" \/>\n<meta property=\"og:url\" content=\"https:\/\/brandgioielli.it\/de\/produkt\/specchietto-bianco-con-cuori\/\" \/>\n<meta property=\"og:site_name\" content=\"#BrandGioielli\" \/>\n<meta property=\"article:modified_time\" content=\"2026-04-20T05:18:44+00:00\" \/>\n<meta property=\"og:image\" content=\"http:\/\/brandgioielli.it\/wp-content\/uploads\/2025\/10\/EXP015-01-fronte.jpg\" \/>\n\t<meta property=\"og:image:width\" content=\"800\" \/>\n\t<meta property=\"og:image:height\" content=\"800\" \/>\n\t<meta property=\"og:image:type\" content=\"image\/jpeg\" \/>\n<meta name=\"twitter:card\" content=\"summary_large_image\" \/>\n<meta name=\"twitter:label1\" content=\"Gesch\u00e4tzte Lesezeit\" \/>\n\t<meta name=\"twitter:data1\" content=\"1\u00a0Minute\" \/>\n<script type=\"application\/ld+json\" class=\"yoast-schema-graph\">{\"@context\":\"https:\\\/\\\/schema.org\",\"@graph\":[{\"@type\":\"WebPage\",\"@id\":\"https:\\\/\\\/brandgioielli.it\\\/prodotto\\\/specchietto-bianco-con-cuori\\\/\",\"url\":\"https:\\\/\\\/brandgioielli.it\\\/prodotto\\\/specchietto-bianco-con-cuori\\\/\",\"name\":\"Specchietto Bianco con Cuori - Brand Gioielli\",\"isPartOf\":{\"@id\":\"https:\\\/\\\/brandgioielli.it\\\/#website\"},\"primaryImageOfPage\":{\"@id\":\"https:\\\/\\\/brandgioielli.it\\\/prodotto\\\/specchietto-bianco-con-cuori\\\/#primaryimage\"},\"image\":{\"@id\":\"https:\\\/\\\/brandgioielli.it\\\/prodotto\\\/specchietto-bianco-con-cuori\\\/#primaryimage\"},\"thumbnailUrl\":\"https:\\\/\\\/brandgioielli.it\\\/wp-content\\\/uploads\\\/2025\\\/10\\\/EXP015-01-fronte.jpg\",\"datePublished\":\"2025-10-29T16:20:20+00:00\",\"dateModified\":\"2026-04-20T05:18:44+00:00\",\"description\":\"Scopri tutti i Gadget firmati Brand Gioielli! Specchietti, Portagioie, Travel Box e tutto quel che serve per viaggiare con stile ovunque tu voglia. Li trovi tutti su brandgioielli.it\",\"breadcrumb\":{\"@id\":\"https:\\\/\\\/brandgioielli.it\\\/prodotto\\\/specchietto-bianco-con-cuori\\\/#breadcrumb\"},\"inLanguage\":\"de\",\"potentialAction\":[{\"@type\":\"ReadAction\",\"target\":[\"https:\\\/\\\/brandgioielli.it\\\/prodotto\\\/specchietto-bianco-con-cuori\\\/\"]}]},{\"@type\":\"ImageObject\",\"inLanguage\":\"de\",\"@id\":\"https:\\\/\\\/brandgioielli.it\\\/prodotto\\\/specchietto-bianco-con-cuori\\\/#primaryimage\",\"url\":\"https:\\\/\\\/brandgioielli.it\\\/wp-content\\\/uploads\\\/2025\\\/10\\\/EXP015-01-fronte.jpg\",\"contentUrl\":\"https:\\\/\\\/brandgioielli.it\\\/wp-content\\\/uploads\\\/2025\\\/10\\\/EXP015-01-fronte.jpg\",\"width\":800,\"height\":800},{\"@type\":\"BreadcrumbList\",\"@id\":\"https:\\\/\\\/brandgioielli.it\\\/prodotto\\\/specchietto-bianco-con-cuori\\\/#breadcrumb\",\"itemListElement\":[{\"@type\":\"ListItem\",\"position\":1,\"name\":\"Home\",\"item\":\"https:\\\/\\\/brandgioielli.it\\\/\"},{\"@type\":\"ListItem\",\"position\":2,\"name\":\"Shop\",\"item\":\"https:\\\/\\\/brandgioielli.it\\\/shop\\\/\"},{\"@type\":\"ListItem\",\"position\":3,\"name\":\"Specchietto Bianco con Cuori\"}]},{\"@type\":\"WebSite\",\"@id\":\"https:\\\/\\\/brandgioielli.it\\\/#website\",\"url\":\"https:\\\/\\\/brandgioielli.it\\\/\",\"name\":\"#BrandGioielli\",\"description\":\"\",\"publisher\":{\"@id\":\"https:\\\/\\\/brandgioielli.it\\\/#organization\"},\"potentialAction\":[{\"@type\":\"SearchAction\",\"target\":{\"@type\":\"EntryPoint\",\"urlTemplate\":\"https:\\\/\\\/brandgioielli.it\\\/?s={search_term_string}\"},\"query-input\":{\"@type\":\"PropertyValueSpecification\",\"valueRequired\":true,\"valueName\":\"search_term_string\"}}],\"inLanguage\":\"de\"},{\"@type\":\"Organization\",\"@id\":\"https:\\\/\\\/brandgioielli.it\\\/#organization\",\"name\":\"Brand Gioielli\",\"url\":\"https:\\\/\\\/brandgioielli.it\\\/\",\"logo\":{\"@type\":\"ImageObject\",\"inLanguage\":\"de\",\"@id\":\"https:\\\/\\\/brandgioielli.it\\\/#\\\/schema\\\/logo\\\/image\\\/\",\"url\":\"https:\\\/\\\/brandgioielli.it\\\/wp-content\\\/uploads\\\/2025\\\/07\\\/LogoBrand.png\",\"contentUrl\":\"https:\\\/\\\/brandgioielli.it\\\/wp-content\\\/uploads\\\/2025\\\/07\\\/LogoBrand.png\",\"width\":600,\"height\":170,\"caption\":\"Brand Gioielli\"},\"image\":{\"@id\":\"https:\\\/\\\/brandgioielli.it\\\/#\\\/schema\\\/logo\\\/image\\\/\"}}]}<\/script>\n<!-- \/ Yoast SEO plugin. -->","yoast_head_json":{"title":"Specchietto Bianco con Cuori - Brand Gioielli","description":"Entdecken Sie alle Gadgets von Brand Gioielli! Spiegel, Schmuckk\u00e4stchen, Reiseetuis und alles, was Sie f\u00fcr stilvolles Reisen ben\u00f6tigen. Alles finden Sie auf brandgioielli.it","robots":{"index":"index","follow":"follow","max-snippet":"max-snippet:-1","max-image-preview":"max-image-preview:large","max-video-preview":"max-video-preview:-1"},"canonical":"https:\/\/brandgioielli.it\/de\/produkt\/specchietto-bianco-con-cuori\/","og_locale":"de_DE","og_type":"article","og_title":"Specchietto Bianco con Cuori - Brand Gioielli","og_description":"Scopri tutti i Gadget firmati Brand Gioielli! Specchietti, Portagioie, Travel Box e tutto quel che serve per viaggiare con stile ovunque tu voglia. Li trovi tutti su brandgioielli.it","og_url":"https:\/\/brandgioielli.it\/de\/produkt\/specchietto-bianco-con-cuori\/","og_site_name":"#BrandGioielli","article_modified_time":"2026-04-20T05:18:44+00:00","og_image":[{"width":800,"height":800,"url":"http:\/\/brandgioielli.it\/wp-content\/uploads\/2025\/10\/EXP015-01-fronte.jpg","type":"image\/jpeg"}],"twitter_card":"summary_large_image","twitter_misc":{"Gesch\u00e4tzte Lesezeit":"1\u00a0Minute"},"schema":{"@context":"https:\/\/schema.org","@graph":[{"@type":"WebPage","@id":"https:\/\/brandgioielli.it\/prodotto\/specchietto-bianco-con-cuori\/","url":"https:\/\/brandgioielli.it\/prodotto\/specchietto-bianco-con-cuori\/","name":"Specchietto Bianco con Cuori - Brand Gioielli","isPartOf":{"@id":"https:\/\/brandgioielli.it\/#website"},"primaryImageOfPage":{"@id":"https:\/\/brandgioielli.it\/prodotto\/specchietto-bianco-con-cuori\/#primaryimage"},"image":{"@id":"https:\/\/brandgioielli.it\/prodotto\/specchietto-bianco-con-cuori\/#primaryimage"},"thumbnailUrl":"https:\/\/brandgioielli.it\/wp-content\/uploads\/2025\/10\/EXP015-01-fronte.jpg","datePublished":"2025-10-29T16:20:20+00:00","dateModified":"2026-04-20T05:18:44+00:00","description":"Entdecken Sie alle Gadgets von Brand Gioielli! Spiegel, Schmuckk\u00e4stchen, Reiseetuis und alles, was Sie f\u00fcr stilvolles Reisen ben\u00f6tigen. Alles finden Sie auf brandgioielli.it","breadcrumb":{"@id":"https:\/\/brandgioielli.it\/prodotto\/specchietto-bianco-con-cuori\/#breadcrumb"},"inLanguage":"de","potentialAction":[{"@type":"ReadAction","target":["https:\/\/brandgioielli.it\/prodotto\/specchietto-bianco-con-cuori\/"]}]},{"@type":"ImageObject","inLanguage":"de","@id":"https:\/\/brandgioielli.it\/prodotto\/specchietto-bianco-con-cuori\/#primaryimage","url":"https:\/\/brandgioielli.it\/wp-content\/uploads\/2025\/10\/EXP015-01-fronte.jpg","contentUrl":"https:\/\/brandgioielli.it\/wp-content\/uploads\/2025\/10\/EXP015-01-fronte.jpg","width":800,"height":800},{"@type":"BreadcrumbList","@id":"https:\/\/brandgioielli.it\/prodotto\/specchietto-bianco-con-cuori\/#breadcrumb","itemListElement":[{"@type":"ListItem","position":1,"name":"Home","item":"https:\/\/brandgioielli.it\/"},{"@type":"ListItem","position":2,"name":"Shop","item":"https:\/\/brandgioielli.it\/shop\/"},{"@type":"ListItem","position":3,"name":"Specchietto Bianco con Cuori"}]},{"@type":"WebSite","@id":"https:\/\/brandgioielli.it\/#website","url":"https:\/\/brandgioielli.it\/","name":"#BrandGioielli","description":"","publisher":{"@id":"https:\/\/brandgioielli.it\/#organization"},"potentialAction":[{"@type":"SearchAction","target":{"@type":"EntryPoint","urlTemplate":"https:\/\/brandgioielli.it\/?s={search_term_string}"},"query-input":{"@type":"PropertyValueSpecification","valueRequired":true,"valueName":"search_term_string"}}],"inLanguage":"de"},{"@type":"Organization","@id":"https:\/\/brandgioielli.it\/#organization","name":"Markenschmuck","url":"https:\/\/brandgioielli.it\/","logo":{"@type":"ImageObject","inLanguage":"de","@id":"https:\/\/brandgioielli.it\/#\/schema\/logo\/image\/","url":"https:\/\/brandgioielli.it\/wp-content\/uploads\/2025\/07\/LogoBrand.png","contentUrl":"https:\/\/brandgioielli.it\/wp-content\/uploads\/2025\/07\/LogoBrand.png","width":600,"height":170,"caption":"Brand Gioielli"},"image":{"@id":"https:\/\/brandgioielli.it\/#\/schema\/logo\/image\/"}}]}},"_links":{"self":[{"href":"https:\/\/brandgioielli.it\/de\/wp-json\/wp\/v2\/product\/99924","targetHints":{"allow":["GET"]}}],"collection":[{"href":"https:\/\/brandgioielli.it\/de\/wp-json\/wp\/v2\/product"}],"about":[{"href":"https:\/\/brandgioielli.it\/de\/wp-json\/wp\/v2\/types\/product"}],"version-history":[{"count":3,"href":"https:\/\/brandgioielli.it\/de\/wp-json\/wp\/v2\/product\/99924\/revisions"}],"predecessor-version":[{"id":99934,"href":"https:\/\/brandgioielli.it\/de\/wp-json\/wp\/v2\/product\/99924\/revisions\/99934"}],"wp:featuredmedia":[{"embeddable":true,"href":"https:\/\/brandgioielli.it\/de\/wp-json\/wp\/v2\/media\/99885"}],"wp:attachment":[{"href":"https:\/\/brandgioielli.it\/de\/wp-json\/wp\/v2\/media?parent=99924"}],"wp:term":[{"taxonomy":"product_brand","embeddable":true,"href":"https:\/\/brandgioielli.it\/de\/wp-json\/wp\/v2\/product_brand?post=99924"},{"taxonomy":"product_cat","embeddable":true,"href":"https:\/\/brandgioielli.it\/de\/wp-json\/wp\/v2\/product_cat?post=99924"},{"taxonomy":"product_tag","embeddable":true,"href":"https:\/\/brandgioielli.it\/de\/wp-json\/wp\/v2\/product_tag?post=99924"}],"curies":[{"name":"wp","href":"https:\/\/api.w.org\/{rel}","templated":true}]}}