{"id":9383,"date":"2025-09-19T16:19:58","date_gmt":"2025-09-19T14:19:58","guid":{"rendered":"https:\/\/sandybrown-lark-277155.hostingersite.com\/prodotto\/bracciale-pietre-turchesi-rosse-beige-ed-ematite\/"},"modified":"2026-04-22T07:18:31","modified_gmt":"2026-04-22T05:18:31","slug":"bracciale-pietre-turchesi-rosse-beige-ed-ematite","status":"publish","type":"product","link":"https:\/\/brandgioielli.it\/de\/produkt\/bracciale-pietre-turchesi-rosse-beige-ed-ematite\/","title":{"rendered":"Rot-Beige-T\u00fcrkis-H\u00e4matit-Armband"},"content":{"rendered":"<h2>Herrenarmband mit t\u00fcrkisfarbenen, roten und beigen Steinen und dunklem H\u00e4matit<\/h2>\n<p>Das Herrenarmband von Gioielli (#Brand) mit t\u00fcrkisfarbenen, roten und beigen Steinen sowie dunklem H\u00e4matit besticht durch sein originelles und harmonisches Design. Es kombiniert abwechselnd Stahlelemente mit Natursteinen in warmen, leuchtenden Farben. Die unterschiedlichen Farbt\u00f6ne erzeugen eine dynamische und zugleich raffinierte Wirkung, w\u00e4hrend das zentrale Stahldetail dem Schmuckst\u00fcck eine besondere Note verleiht. Gefertigt aus strapazierf\u00e4higen und angenehm zu tragenden Materialien, ist es ideal f\u00fcr den Alltag. Ein einzigartiges Accessoire, das jedem Look Pers\u00f6nlichkeit, Ausgewogenheit und zeitlosen Stil verleiht.<\/p>\n<p><strong>TECHNISCHE DATEN<\/strong><\/p>\n<ul>\n<li>Armband aus t\u00fcrkisfarbenem, rotem, beigem und dunkelblauem H\u00e4matit<\/li>\n<li>L\u00e4nge des Armbands: 20 cm + 3 cm Verl\u00e4ngerung<\/li>\n<li>Ausf\u00fchrung: Stahl<\/li>\n<li>Material: Edelstahl, H\u00e4matit und Natursteine<\/li>\n<\/ul>\n<p><em>Alle Schmuckst\u00fccke von #Brand werden aus dem reinsten chirurgischen Edelstahl hergestellt, der auf Nickel getestet wurde, und sind so konzipiert, dass sie jeden Tag getragen werden k\u00f6nnen, ohne dass Verf\u00e4rbungen oder Abnutzungserscheinungen zu bef\u00fcrchten sind, und sie sind wasserfest.\u00a0<\/em><\/p>","protected":false},"excerpt":{"rendered":"<p>Bracciale da Uomo con Pietre Turchesi, Rosse e Beige ed Ematite Scura Il bracciale da uomo con pietre turchesi, rosse e beige ed ematite scura firmato #Brand Gioielli si distingue per il suo design originale e armonioso, caratterizzato dall\u2019alternanza di elementi in acciaio e pietre naturali dai colori caldi e luminosi. Le diverse tonalit\u00e0 creano [&hellip;]<\/p>\n","protected":false},"featured_media":101419,"template":"","meta":[],"product_brand":[],"product_cat":[459,38,507,611,39],"product_tag":[146],"class_list":{"0":"post-9383","1":"product","2":"type-product","3":"status-publish","4":"has-post-thumbnail","6":"product_cat-bracciali","7":"product_cat-bracciali-uomo","8":"product_cat-sotto-i-30e","9":"product_cat-spring-selection","10":"product_cat-uomo","11":"product_tag-collezione-reef","13":"first","14":"instock","15":"featured","16":"shipping-taxable","17":"purchasable","18":"product-type-simple"},"yoast_head":"<!-- This site is optimized with the Yoast SEO plugin v27.4 - https:\/\/yoast.com\/product\/yoast-seo-wordpress\/ -->\n<title>Bracciale Pietre Turchesi Rosse Beige ed Ematite - #BrandGioielli<\/title>\n<meta name=\"description\" content=\"Acquista ora su Brand Gioielli: Bracciale Pietre Turchesi Rosse Beige ed Ematite\" \/>\n<meta name=\"robots\" content=\"index, follow, max-snippet:-1, max-image-preview:large, max-video-preview:-1\" \/>\n<link rel=\"canonical\" href=\"https:\/\/brandgioielli.it\/de\/produkt\/bracciale-pietre-turchesi-rosse-beige-ed-ematite\/\" \/>\n<meta property=\"og:locale\" content=\"de_DE\" \/>\n<meta property=\"og:type\" content=\"article\" \/>\n<meta property=\"og:title\" content=\"Bracciale Pietre Turchesi Rosse Beige ed Ematite - #BrandGioielli\" \/>\n<meta property=\"og:description\" content=\"Acquista ora su Brand Gioielli: Bracciale Pietre Turchesi Rosse Beige ed Ematite\" \/>\n<meta property=\"og:url\" content=\"https:\/\/brandgioielli.it\/de\/produkt\/bracciale-pietre-turchesi-rosse-beige-ed-ematite\/\" \/>\n<meta property=\"og:site_name\" content=\"#BrandGioielli\" \/>\n<meta property=\"article:modified_time\" content=\"2026-04-22T05:18:31+00:00\" \/>\n<meta property=\"og:image\" content=\"https:\/\/brandgioielli.it\/wp-content\/uploads\/2025\/09\/Bracciali-pietre-turchesi-rosse-beige-ematite.jpg\" \/>\n\t<meta property=\"og:image:width\" content=\"800\" \/>\n\t<meta property=\"og:image:height\" content=\"800\" \/>\n\t<meta property=\"og:image:type\" content=\"image\/jpeg\" \/>\n<meta name=\"twitter:card\" content=\"summary_large_image\" \/>\n<meta name=\"twitter:label1\" content=\"Gesch\u00e4tzte Lesezeit\" \/>\n\t<meta name=\"twitter:data1\" content=\"2\u00a0Minuten\" \/>\n<script type=\"application\/ld+json\" class=\"yoast-schema-graph\">{\"@context\":\"https:\\\/\\\/schema.org\",\"@graph\":[{\"@type\":\"WebPage\",\"@id\":\"https:\\\/\\\/brandgioielli.it\\\/prodotto\\\/bracciale-pietre-turchesi-rosse-beige-ed-ematite\\\/\",\"url\":\"https:\\\/\\\/brandgioielli.it\\\/prodotto\\\/bracciale-pietre-turchesi-rosse-beige-ed-ematite\\\/\",\"name\":\"Bracciale Pietre Turchesi Rosse Beige ed Ematite - #BrandGioielli\",\"isPartOf\":{\"@id\":\"https:\\\/\\\/brandgioielli.it\\\/#website\"},\"primaryImageOfPage\":{\"@id\":\"https:\\\/\\\/brandgioielli.it\\\/prodotto\\\/bracciale-pietre-turchesi-rosse-beige-ed-ematite\\\/#primaryimage\"},\"image\":{\"@id\":\"https:\\\/\\\/brandgioielli.it\\\/prodotto\\\/bracciale-pietre-turchesi-rosse-beige-ed-ematite\\\/#primaryimage\"},\"thumbnailUrl\":\"https:\\\/\\\/brandgioielli.it\\\/wp-content\\\/uploads\\\/2025\\\/09\\\/Bracciali-pietre-turchesi-rosse-beige-ematite.jpg\",\"datePublished\":\"2025-09-19T14:19:58+00:00\",\"dateModified\":\"2026-04-22T05:18:31+00:00\",\"description\":\"Acquista ora su Brand Gioielli: Bracciale Pietre Turchesi Rosse Beige ed Ematite\",\"breadcrumb\":{\"@id\":\"https:\\\/\\\/brandgioielli.it\\\/prodotto\\\/bracciale-pietre-turchesi-rosse-beige-ed-ematite\\\/#breadcrumb\"},\"inLanguage\":\"de\",\"potentialAction\":[{\"@type\":\"ReadAction\",\"target\":[\"https:\\\/\\\/brandgioielli.it\\\/prodotto\\\/bracciale-pietre-turchesi-rosse-beige-ed-ematite\\\/\"]}]},{\"@type\":\"ImageObject\",\"inLanguage\":\"de\",\"@id\":\"https:\\\/\\\/brandgioielli.it\\\/prodotto\\\/bracciale-pietre-turchesi-rosse-beige-ed-ematite\\\/#primaryimage\",\"url\":\"https:\\\/\\\/brandgioielli.it\\\/wp-content\\\/uploads\\\/2025\\\/09\\\/Bracciali-pietre-turchesi-rosse-beige-ematite.jpg\",\"contentUrl\":\"https:\\\/\\\/brandgioielli.it\\\/wp-content\\\/uploads\\\/2025\\\/09\\\/Bracciali-pietre-turchesi-rosse-beige-ematite.jpg\",\"width\":800,\"height\":800},{\"@type\":\"BreadcrumbList\",\"@id\":\"https:\\\/\\\/brandgioielli.it\\\/prodotto\\\/bracciale-pietre-turchesi-rosse-beige-ed-ematite\\\/#breadcrumb\",\"itemListElement\":[{\"@type\":\"ListItem\",\"position\":1,\"name\":\"Home\",\"item\":\"https:\\\/\\\/brandgioielli.it\\\/\"},{\"@type\":\"ListItem\",\"position\":2,\"name\":\"Shop\",\"item\":\"https:\\\/\\\/brandgioielli.it\\\/shop\\\/\"},{\"@type\":\"ListItem\",\"position\":3,\"name\":\"Bracciale Pietre Turchesi Rosse Beige ed Ematite\"}]},{\"@type\":\"WebSite\",\"@id\":\"https:\\\/\\\/brandgioielli.it\\\/#website\",\"url\":\"https:\\\/\\\/brandgioielli.it\\\/\",\"name\":\"#BrandGioielli\",\"description\":\"\",\"publisher\":{\"@id\":\"https:\\\/\\\/brandgioielli.it\\\/#organization\"},\"potentialAction\":[{\"@type\":\"SearchAction\",\"target\":{\"@type\":\"EntryPoint\",\"urlTemplate\":\"https:\\\/\\\/brandgioielli.it\\\/?s={search_term_string}\"},\"query-input\":{\"@type\":\"PropertyValueSpecification\",\"valueRequired\":true,\"valueName\":\"search_term_string\"}}],\"inLanguage\":\"de\"},{\"@type\":\"Organization\",\"@id\":\"https:\\\/\\\/brandgioielli.it\\\/#organization\",\"name\":\"Brand Gioielli\",\"url\":\"https:\\\/\\\/brandgioielli.it\\\/\",\"logo\":{\"@type\":\"ImageObject\",\"inLanguage\":\"de\",\"@id\":\"https:\\\/\\\/brandgioielli.it\\\/#\\\/schema\\\/logo\\\/image\\\/\",\"url\":\"https:\\\/\\\/brandgioielli.it\\\/wp-content\\\/uploads\\\/2025\\\/07\\\/LogoBrand.png\",\"contentUrl\":\"https:\\\/\\\/brandgioielli.it\\\/wp-content\\\/uploads\\\/2025\\\/07\\\/LogoBrand.png\",\"width\":600,\"height\":170,\"caption\":\"Brand Gioielli\"},\"image\":{\"@id\":\"https:\\\/\\\/brandgioielli.it\\\/#\\\/schema\\\/logo\\\/image\\\/\"}}]}<\/script>\n<!-- \/ Yoast SEO plugin. -->","yoast_head_json":{"title":"Armband aus rotem, beigem und H\u00e4matit-Stein - #BrandGioielli","description":"Jetzt bei Brand Gioielli shoppen: Armband aus rotem, beigem und H\u00e4matit-Stein","robots":{"index":"index","follow":"follow","max-snippet":"max-snippet:-1","max-image-preview":"max-image-preview:large","max-video-preview":"max-video-preview:-1"},"canonical":"https:\/\/brandgioielli.it\/de\/produkt\/bracciale-pietre-turchesi-rosse-beige-ed-ematite\/","og_locale":"de_DE","og_type":"article","og_title":"Bracciale Pietre Turchesi Rosse Beige ed Ematite - #BrandGioielli","og_description":"Acquista ora su Brand Gioielli: Bracciale Pietre Turchesi Rosse Beige ed Ematite","og_url":"https:\/\/brandgioielli.it\/de\/produkt\/bracciale-pietre-turchesi-rosse-beige-ed-ematite\/","og_site_name":"#BrandGioielli","article_modified_time":"2026-04-22T05:18:31+00:00","og_image":[{"width":800,"height":800,"url":"https:\/\/brandgioielli.it\/wp-content\/uploads\/2025\/09\/Bracciali-pietre-turchesi-rosse-beige-ematite.jpg","type":"image\/jpeg"}],"twitter_card":"summary_large_image","twitter_misc":{"Gesch\u00e4tzte Lesezeit":"2\u00a0Minuten"},"schema":{"@context":"https:\/\/schema.org","@graph":[{"@type":"WebPage","@id":"https:\/\/brandgioielli.it\/prodotto\/bracciale-pietre-turchesi-rosse-beige-ed-ematite\/","url":"https:\/\/brandgioielli.it\/prodotto\/bracciale-pietre-turchesi-rosse-beige-ed-ematite\/","name":"Armband aus rotem, beigem und H\u00e4matit-Stein - #BrandGioielli","isPartOf":{"@id":"https:\/\/brandgioielli.it\/#website"},"primaryImageOfPage":{"@id":"https:\/\/brandgioielli.it\/prodotto\/bracciale-pietre-turchesi-rosse-beige-ed-ematite\/#primaryimage"},"image":{"@id":"https:\/\/brandgioielli.it\/prodotto\/bracciale-pietre-turchesi-rosse-beige-ed-ematite\/#primaryimage"},"thumbnailUrl":"https:\/\/brandgioielli.it\/wp-content\/uploads\/2025\/09\/Bracciali-pietre-turchesi-rosse-beige-ematite.jpg","datePublished":"2025-09-19T14:19:58+00:00","dateModified":"2026-04-22T05:18:31+00:00","description":"Jetzt bei Brand Gioielli shoppen: Armband aus rotem, beigem und H\u00e4matit-Stein","breadcrumb":{"@id":"https:\/\/brandgioielli.it\/prodotto\/bracciale-pietre-turchesi-rosse-beige-ed-ematite\/#breadcrumb"},"inLanguage":"de","potentialAction":[{"@type":"ReadAction","target":["https:\/\/brandgioielli.it\/prodotto\/bracciale-pietre-turchesi-rosse-beige-ed-ematite\/"]}]},{"@type":"ImageObject","inLanguage":"de","@id":"https:\/\/brandgioielli.it\/prodotto\/bracciale-pietre-turchesi-rosse-beige-ed-ematite\/#primaryimage","url":"https:\/\/brandgioielli.it\/wp-content\/uploads\/2025\/09\/Bracciali-pietre-turchesi-rosse-beige-ematite.jpg","contentUrl":"https:\/\/brandgioielli.it\/wp-content\/uploads\/2025\/09\/Bracciali-pietre-turchesi-rosse-beige-ematite.jpg","width":800,"height":800},{"@type":"BreadcrumbList","@id":"https:\/\/brandgioielli.it\/prodotto\/bracciale-pietre-turchesi-rosse-beige-ed-ematite\/#breadcrumb","itemListElement":[{"@type":"ListItem","position":1,"name":"Home","item":"https:\/\/brandgioielli.it\/"},{"@type":"ListItem","position":2,"name":"Shop","item":"https:\/\/brandgioielli.it\/shop\/"},{"@type":"ListItem","position":3,"name":"Bracciale Pietre Turchesi Rosse Beige ed Ematite"}]},{"@type":"WebSite","@id":"https:\/\/brandgioielli.it\/#website","url":"https:\/\/brandgioielli.it\/","name":"#BrandGioielli","description":"","publisher":{"@id":"https:\/\/brandgioielli.it\/#organization"},"potentialAction":[{"@type":"SearchAction","target":{"@type":"EntryPoint","urlTemplate":"https:\/\/brandgioielli.it\/?s={search_term_string}"},"query-input":{"@type":"PropertyValueSpecification","valueRequired":true,"valueName":"search_term_string"}}],"inLanguage":"de"},{"@type":"Organization","@id":"https:\/\/brandgioielli.it\/#organization","name":"Markenschmuck","url":"https:\/\/brandgioielli.it\/","logo":{"@type":"ImageObject","inLanguage":"de","@id":"https:\/\/brandgioielli.it\/#\/schema\/logo\/image\/","url":"https:\/\/brandgioielli.it\/wp-content\/uploads\/2025\/07\/LogoBrand.png","contentUrl":"https:\/\/brandgioielli.it\/wp-content\/uploads\/2025\/07\/LogoBrand.png","width":600,"height":170,"caption":"Brand Gioielli"},"image":{"@id":"https:\/\/brandgioielli.it\/#\/schema\/logo\/image\/"}}]}},"_links":{"self":[{"href":"https:\/\/brandgioielli.it\/de\/wp-json\/wp\/v2\/product\/9383","targetHints":{"allow":["GET"]}}],"collection":[{"href":"https:\/\/brandgioielli.it\/de\/wp-json\/wp\/v2\/product"}],"about":[{"href":"https:\/\/brandgioielli.it\/de\/wp-json\/wp\/v2\/types\/product"}],"version-history":[{"count":5,"href":"https:\/\/brandgioielli.it\/de\/wp-json\/wp\/v2\/product\/9383\/revisions"}],"predecessor-version":[{"id":101437,"href":"https:\/\/brandgioielli.it\/de\/wp-json\/wp\/v2\/product\/9383\/revisions\/101437"}],"wp:featuredmedia":[{"embeddable":true,"href":"https:\/\/brandgioielli.it\/de\/wp-json\/wp\/v2\/media\/101419"}],"wp:attachment":[{"href":"https:\/\/brandgioielli.it\/de\/wp-json\/wp\/v2\/media?parent=9383"}],"wp:term":[{"taxonomy":"product_brand","embeddable":true,"href":"https:\/\/brandgioielli.it\/de\/wp-json\/wp\/v2\/product_brand?post=9383"},{"taxonomy":"product_cat","embeddable":true,"href":"https:\/\/brandgioielli.it\/de\/wp-json\/wp\/v2\/product_cat?post=9383"},{"taxonomy":"product_tag","embeddable":true,"href":"https:\/\/brandgioielli.it\/de\/wp-json\/wp\/v2\/product_tag?post=9383"}],"curies":[{"name":"wp","href":"https:\/\/api.w.org\/{rel}","templated":true}]}}