{"id":9230,"date":"2025-09-19T16:15:51","date_gmt":"2025-09-19T14:15:51","guid":{"rendered":"https:\/\/sandybrown-lark-277155.hostingersite.com\/prodotto\/cristallo-goccia-viola\/"},"modified":"2026-04-20T08:17:57","modified_gmt":"2026-04-20T06:17:57","slug":"cristallo-goccia-viola","status":"publish","type":"product","link":"https:\/\/brandgioielli.it\/de\/produkt\/cristallo-goccia-viola\/","title":{"rendered":"Lila Kristalltropfen"},"content":{"rendered":"<h2>Kristall-Tropfen-Anh\u00e4nger lila<\/h2>\n<p>Die Crystal Point of Light Charm aus der Iris-Kollektion sind so konzipiert, dass Sie durch Mischen verschiedener Formen und Farben Ihr eigenes modulares Schmuckst\u00fcck kreieren k\u00f6nnen. Sie k\u00f6nnen Ohrringe, Armb\u00e4nder und Halsketten bereichern und sind dank ihres zeitlosen, klassischen Designs leicht zu kombinieren.<\/p>\n<p><strong>TECHNISCHE DATEN<\/strong><\/p>\n<ul>\n<li>Farbe: Lila<\/li>\n<li>Typ Kristalle: Kubischer Zirkoniumdioxid<\/li>\n<li>Gr\u00f6\u00dfe: 1cm<\/li>\n<li>Material: Rostfreier Stahl und hypoallergen<\/li>\n<\/ul>\n<p><em>Alle Schmuckst\u00fccke der Marke #Brand sind aus dem reinsten chirurgischen Edelstahl auf dem Markt hergestellt, auf Nickel getestet und so konzipiert, dass sie jeden Tag getragen werden k\u00f6nnen, ohne dass Verf\u00e4rbungen oder Verschlei\u00dferscheinungen zu bef\u00fcrchten sind.\u00a0<\/em><\/p>","protected":false},"excerpt":{"rendered":"<p>Charm Cristallo a Goccia Viola I Charm Cristallo Punto Luce della Collezione Iris sono pensati per creare il tuo gioiello componibile mixando diverse forme e colori. Possono arricchire orecchini, bracciali e collane e sono facilmente abbinabili, graazie al loro Design classico senza tempo. SPECIFICHE TECNICHE Colore: Viola Tipologia Cristalli: Cubic Zirconia Dimensione: 1cm Materiale: Acciaio [&hellip;]<\/p>\n","protected":false},"featured_media":56762,"template":"","meta":[],"product_brand":[],"product_cat":[22,471,19,505,611],"product_tag":[66,541],"class_list":{"0":"post-9230","1":"product","2":"type-product","3":"status-publish","4":"has-post-thumbnail","6":"product_cat-charm","7":"product_cat-charms","8":"product_cat-donna","9":"product_cat-sotto-i-10e","10":"product_cat-spring-selection","11":"product_tag-collezione-iris","12":"product_tag-componibili","14":"first","15":"instock","16":"shipping-taxable","17":"purchasable","18":"product-type-simple"},"yoast_head":"<!-- This site is optimized with the Yoast SEO plugin v27.4 - https:\/\/yoast.com\/product\/yoast-seo-wordpress\/ -->\n<title>Charm Cristallo a Goccia Viola - Brand Gioielli<\/title>\n<meta name=\"description\" content=\"I Charm Cristallo a Goccia della Collezione Iris sono pensati per creare il tuo gioiello componibile mixando diverse forme e colori. Possono arricchire orecchini, bracciali e collane e sono facilmente abbinabili, grazie al loro Design classico senza tempo.\u00a0\" \/>\n<meta name=\"robots\" content=\"index, follow, max-snippet:-1, max-image-preview:large, max-video-preview:-1\" \/>\n<link rel=\"canonical\" href=\"https:\/\/brandgioielli.it\/de\/produkt\/cristallo-goccia-viola\/\" \/>\n<meta property=\"og:locale\" content=\"de_DE\" \/>\n<meta property=\"og:type\" content=\"article\" \/>\n<meta property=\"og:title\" content=\"Charm Cristallo a Goccia Viola - Brand Gioielli\" \/>\n<meta property=\"og:description\" content=\"I Charm Cristallo a Goccia della Collezione Iris sono pensati per creare il tuo gioiello componibile mixando diverse forme e colori. Possono arricchire orecchini, bracciali e collane e sono facilmente abbinabili, grazie al loro Design classico senza tempo.\u00a0\" \/>\n<meta property=\"og:url\" content=\"https:\/\/brandgioielli.it\/de\/produkt\/cristallo-goccia-viola\/\" \/>\n<meta property=\"og:site_name\" content=\"#BrandGioielli\" \/>\n<meta property=\"article:modified_time\" content=\"2026-04-20T06:17:57+00:00\" \/>\n<meta property=\"og:image\" content=\"https:\/\/brandgioielli.it\/wp-content\/uploads\/2025\/09\/charm-cristallo-goccia-viola-1.jpg\" \/>\n\t<meta property=\"og:image:width\" content=\"1600\" \/>\n\t<meta property=\"og:image:height\" content=\"1600\" \/>\n\t<meta property=\"og:image:type\" content=\"image\/jpeg\" \/>\n<meta name=\"twitter:card\" content=\"summary_large_image\" \/>\n<meta name=\"twitter:label1\" content=\"Gesch\u00e4tzte Lesezeit\" \/>\n\t<meta name=\"twitter:data1\" content=\"1\u00a0Minute\" \/>\n<script type=\"application\/ld+json\" class=\"yoast-schema-graph\">{\"@context\":\"https:\\\/\\\/schema.org\",\"@graph\":[{\"@type\":\"WebPage\",\"@id\":\"https:\\\/\\\/brandgioielli.it\\\/prodotto\\\/cristallo-goccia-viola\\\/\",\"url\":\"https:\\\/\\\/brandgioielli.it\\\/prodotto\\\/cristallo-goccia-viola\\\/\",\"name\":\"Charm Cristallo a Goccia Viola - Brand Gioielli\",\"isPartOf\":{\"@id\":\"https:\\\/\\\/brandgioielli.it\\\/#website\"},\"primaryImageOfPage\":{\"@id\":\"https:\\\/\\\/brandgioielli.it\\\/prodotto\\\/cristallo-goccia-viola\\\/#primaryimage\"},\"image\":{\"@id\":\"https:\\\/\\\/brandgioielli.it\\\/prodotto\\\/cristallo-goccia-viola\\\/#primaryimage\"},\"thumbnailUrl\":\"https:\\\/\\\/brandgioielli.it\\\/wp-content\\\/uploads\\\/2025\\\/09\\\/charm-cristallo-goccia-viola-1.jpg\",\"datePublished\":\"2025-09-19T14:15:51+00:00\",\"dateModified\":\"2026-04-20T06:17:57+00:00\",\"description\":\"I Charm Cristallo a Goccia della Collezione Iris sono pensati per creare il tuo gioiello componibile mixando diverse forme e colori. Possono arricchire orecchini, bracciali e collane e sono facilmente abbinabili, grazie al loro Design classico senza tempo.\u00a0\",\"breadcrumb\":{\"@id\":\"https:\\\/\\\/brandgioielli.it\\\/prodotto\\\/cristallo-goccia-viola\\\/#breadcrumb\"},\"inLanguage\":\"de\",\"potentialAction\":[{\"@type\":\"ReadAction\",\"target\":[\"https:\\\/\\\/brandgioielli.it\\\/prodotto\\\/cristallo-goccia-viola\\\/\"]}]},{\"@type\":\"ImageObject\",\"inLanguage\":\"de\",\"@id\":\"https:\\\/\\\/brandgioielli.it\\\/prodotto\\\/cristallo-goccia-viola\\\/#primaryimage\",\"url\":\"https:\\\/\\\/brandgioielli.it\\\/wp-content\\\/uploads\\\/2025\\\/09\\\/charm-cristallo-goccia-viola-1.jpg\",\"contentUrl\":\"https:\\\/\\\/brandgioielli.it\\\/wp-content\\\/uploads\\\/2025\\\/09\\\/charm-cristallo-goccia-viola-1.jpg\",\"width\":1600,\"height\":1600},{\"@type\":\"BreadcrumbList\",\"@id\":\"https:\\\/\\\/brandgioielli.it\\\/prodotto\\\/cristallo-goccia-viola\\\/#breadcrumb\",\"itemListElement\":[{\"@type\":\"ListItem\",\"position\":1,\"name\":\"Home\",\"item\":\"https:\\\/\\\/brandgioielli.it\\\/\"},{\"@type\":\"ListItem\",\"position\":2,\"name\":\"Shop\",\"item\":\"https:\\\/\\\/brandgioielli.it\\\/shop\\\/\"},{\"@type\":\"ListItem\",\"position\":3,\"name\":\"Cristallo Goccia Viola\"}]},{\"@type\":\"WebSite\",\"@id\":\"https:\\\/\\\/brandgioielli.it\\\/#website\",\"url\":\"https:\\\/\\\/brandgioielli.it\\\/\",\"name\":\"#BrandGioielli\",\"description\":\"\",\"publisher\":{\"@id\":\"https:\\\/\\\/brandgioielli.it\\\/#organization\"},\"potentialAction\":[{\"@type\":\"SearchAction\",\"target\":{\"@type\":\"EntryPoint\",\"urlTemplate\":\"https:\\\/\\\/brandgioielli.it\\\/?s={search_term_string}\"},\"query-input\":{\"@type\":\"PropertyValueSpecification\",\"valueRequired\":true,\"valueName\":\"search_term_string\"}}],\"inLanguage\":\"de\"},{\"@type\":\"Organization\",\"@id\":\"https:\\\/\\\/brandgioielli.it\\\/#organization\",\"name\":\"Brand Gioielli\",\"url\":\"https:\\\/\\\/brandgioielli.it\\\/\",\"logo\":{\"@type\":\"ImageObject\",\"inLanguage\":\"de\",\"@id\":\"https:\\\/\\\/brandgioielli.it\\\/#\\\/schema\\\/logo\\\/image\\\/\",\"url\":\"https:\\\/\\\/brandgioielli.it\\\/wp-content\\\/uploads\\\/2025\\\/07\\\/LogoBrand.png\",\"contentUrl\":\"https:\\\/\\\/brandgioielli.it\\\/wp-content\\\/uploads\\\/2025\\\/07\\\/LogoBrand.png\",\"width\":600,\"height\":170,\"caption\":\"Brand Gioielli\"},\"image\":{\"@id\":\"https:\\\/\\\/brandgioielli.it\\\/#\\\/schema\\\/logo\\\/image\\\/\"}}]}<\/script>\n<!-- \/ Yoast SEO plugin. -->","yoast_head_json":{"title":"Lila tropfenf\u00f6rmiger Kristallanh\u00e4nger \u2013 Schmuckmarke","description":"Die Kristall-Tropfenanh\u00e4nger aus der Iris-Kollektion wurden entworfen, um durch das Kombinieren verschiedener Formen und Farben Ihren eigenen modularen Schmuck zu kreieren. Sie werten Ohrringe, Armb\u00e4nder und Halsketten auf und lassen sich dank ihres zeitlosen, klassischen Designs leicht kombinieren.\u00a0","robots":{"index":"index","follow":"follow","max-snippet":"max-snippet:-1","max-image-preview":"max-image-preview:large","max-video-preview":"max-video-preview:-1"},"canonical":"https:\/\/brandgioielli.it\/de\/produkt\/cristallo-goccia-viola\/","og_locale":"de_DE","og_type":"article","og_title":"Charm Cristallo a Goccia Viola - Brand Gioielli","og_description":"I Charm Cristallo a Goccia della Collezione Iris sono pensati per creare il tuo gioiello componibile mixando diverse forme e colori. Possono arricchire orecchini, bracciali e collane e sono facilmente abbinabili, grazie al loro Design classico senza tempo.\u00a0","og_url":"https:\/\/brandgioielli.it\/de\/produkt\/cristallo-goccia-viola\/","og_site_name":"#BrandGioielli","article_modified_time":"2026-04-20T06:17:57+00:00","og_image":[{"width":1600,"height":1600,"url":"https:\/\/brandgioielli.it\/wp-content\/uploads\/2025\/09\/charm-cristallo-goccia-viola-1.jpg","type":"image\/jpeg"}],"twitter_card":"summary_large_image","twitter_misc":{"Gesch\u00e4tzte Lesezeit":"1\u00a0Minute"},"schema":{"@context":"https:\/\/schema.org","@graph":[{"@type":"WebPage","@id":"https:\/\/brandgioielli.it\/prodotto\/cristallo-goccia-viola\/","url":"https:\/\/brandgioielli.it\/prodotto\/cristallo-goccia-viola\/","name":"Lila tropfenf\u00f6rmiger Kristallanh\u00e4nger \u2013 Schmuckmarke","isPartOf":{"@id":"https:\/\/brandgioielli.it\/#website"},"primaryImageOfPage":{"@id":"https:\/\/brandgioielli.it\/prodotto\/cristallo-goccia-viola\/#primaryimage"},"image":{"@id":"https:\/\/brandgioielli.it\/prodotto\/cristallo-goccia-viola\/#primaryimage"},"thumbnailUrl":"https:\/\/brandgioielli.it\/wp-content\/uploads\/2025\/09\/charm-cristallo-goccia-viola-1.jpg","datePublished":"2025-09-19T14:15:51+00:00","dateModified":"2026-04-20T06:17:57+00:00","description":"Die Kristall-Tropfenanh\u00e4nger aus der Iris-Kollektion wurden entworfen, um durch das Kombinieren verschiedener Formen und Farben Ihren eigenen modularen Schmuck zu kreieren. Sie werten Ohrringe, Armb\u00e4nder und Halsketten auf und lassen sich dank ihres zeitlosen, klassischen Designs leicht kombinieren.\u00a0","breadcrumb":{"@id":"https:\/\/brandgioielli.it\/prodotto\/cristallo-goccia-viola\/#breadcrumb"},"inLanguage":"de","potentialAction":[{"@type":"ReadAction","target":["https:\/\/brandgioielli.it\/prodotto\/cristallo-goccia-viola\/"]}]},{"@type":"ImageObject","inLanguage":"de","@id":"https:\/\/brandgioielli.it\/prodotto\/cristallo-goccia-viola\/#primaryimage","url":"https:\/\/brandgioielli.it\/wp-content\/uploads\/2025\/09\/charm-cristallo-goccia-viola-1.jpg","contentUrl":"https:\/\/brandgioielli.it\/wp-content\/uploads\/2025\/09\/charm-cristallo-goccia-viola-1.jpg","width":1600,"height":1600},{"@type":"BreadcrumbList","@id":"https:\/\/brandgioielli.it\/prodotto\/cristallo-goccia-viola\/#breadcrumb","itemListElement":[{"@type":"ListItem","position":1,"name":"Home","item":"https:\/\/brandgioielli.it\/"},{"@type":"ListItem","position":2,"name":"Shop","item":"https:\/\/brandgioielli.it\/shop\/"},{"@type":"ListItem","position":3,"name":"Cristallo Goccia Viola"}]},{"@type":"WebSite","@id":"https:\/\/brandgioielli.it\/#website","url":"https:\/\/brandgioielli.it\/","name":"#BrandGioielli","description":"","publisher":{"@id":"https:\/\/brandgioielli.it\/#organization"},"potentialAction":[{"@type":"SearchAction","target":{"@type":"EntryPoint","urlTemplate":"https:\/\/brandgioielli.it\/?s={search_term_string}"},"query-input":{"@type":"PropertyValueSpecification","valueRequired":true,"valueName":"search_term_string"}}],"inLanguage":"de"},{"@type":"Organization","@id":"https:\/\/brandgioielli.it\/#organization","name":"Markenschmuck","url":"https:\/\/brandgioielli.it\/","logo":{"@type":"ImageObject","inLanguage":"de","@id":"https:\/\/brandgioielli.it\/#\/schema\/logo\/image\/","url":"https:\/\/brandgioielli.it\/wp-content\/uploads\/2025\/07\/LogoBrand.png","contentUrl":"https:\/\/brandgioielli.it\/wp-content\/uploads\/2025\/07\/LogoBrand.png","width":600,"height":170,"caption":"Brand Gioielli"},"image":{"@id":"https:\/\/brandgioielli.it\/#\/schema\/logo\/image\/"}}]}},"_links":{"self":[{"href":"https:\/\/brandgioielli.it\/de\/wp-json\/wp\/v2\/product\/9230","targetHints":{"allow":["GET"]}}],"collection":[{"href":"https:\/\/brandgioielli.it\/de\/wp-json\/wp\/v2\/product"}],"about":[{"href":"https:\/\/brandgioielli.it\/de\/wp-json\/wp\/v2\/types\/product"}],"version-history":[{"count":3,"href":"https:\/\/brandgioielli.it\/de\/wp-json\/wp\/v2\/product\/9230\/revisions"}],"predecessor-version":[{"id":100540,"href":"https:\/\/brandgioielli.it\/de\/wp-json\/wp\/v2\/product\/9230\/revisions\/100540"}],"wp:featuredmedia":[{"embeddable":true,"href":"https:\/\/brandgioielli.it\/de\/wp-json\/wp\/v2\/media\/56762"}],"wp:attachment":[{"href":"https:\/\/brandgioielli.it\/de\/wp-json\/wp\/v2\/media?parent=9230"}],"wp:term":[{"taxonomy":"product_brand","embeddable":true,"href":"https:\/\/brandgioielli.it\/de\/wp-json\/wp\/v2\/product_brand?post=9230"},{"taxonomy":"product_cat","embeddable":true,"href":"https:\/\/brandgioielli.it\/de\/wp-json\/wp\/v2\/product_cat?post=9230"},{"taxonomy":"product_tag","embeddable":true,"href":"https:\/\/brandgioielli.it\/de\/wp-json\/wp\/v2\/product_tag?post=9230"}],"curies":[{"name":"wp","href":"https:\/\/api.w.org\/{rel}","templated":true}]}}