{"id":9198,"date":"2025-09-19T16:15:15","date_gmt":"2025-09-19T14:15:15","guid":{"rendered":"https:\/\/sandybrown-lark-277155.hostingersite.com\/prodotto\/charm-cristallo-rosso\/"},"modified":"2026-04-20T08:17:57","modified_gmt":"2026-04-20T06:17:57","slug":"charm-cristallo-rosso","status":"publish","type":"product","link":"https:\/\/brandgioielli.it\/de\/produkt\/charm-cristallo-rosso\/","title":{"rendered":"Roter Kristall Charme"},"content":{"rendered":"<h2>Kristall-Anh\u00e4nger Lichtpunkt Rot<\/h2>\n<p>Die Crystal Point of Light Charm aus der Iris-Kollektion sind so konzipiert, dass Sie Ihr eigenes modulares Schmuckst\u00fcck kreieren k\u00f6nnen, indem Sie verschiedene Formen und Farben mischen. Sie k\u00f6nnen Ohrringe, Armb\u00e4nder und Halsketten bereichern und sind dank ihres zeitlosen, klassischen Designs leicht zu kombinieren.<\/p>\n<p><strong>TECHNISCHE DATEN<\/strong><\/p>\n<ul>\n<li>Farbe: Rot<\/li>\n<li>Typ Kristalle: Kubischer Zirkoniumdioxid<\/li>\n<li>Gr\u00f6\u00dfe: 5 mm<\/li>\n<li>Material: Rostfreier Stahl und hypoallergen<\/li>\n<\/ul>\n<p><em>Alle Schmuckst\u00fccke der Marke #Brand sind aus dem reinsten chirurgischen Edelstahl auf dem Markt hergestellt, auf Nickel getestet und so konzipiert, dass sie jeden Tag getragen werden k\u00f6nnen, ohne dass Verf\u00e4rbungen oder Verschlei\u00dferscheinungen zu bef\u00fcrchten sind.\u00a0<\/em><\/p>","protected":false},"excerpt":{"rendered":"<p>Charm Cristallo Punto Luce Rosso I Charm Cristallo Punto Luce della Collezione Iris sono pensati per creare il tuo gioiello componibile mixando diverse forme e colori. Possono arricchire orecchini, bracciali e collane e sono facilmente abbinabili, grazie al loro Design classico senza tempo. SPECIFICHE TECNICHE Colore: Rosso Tipologia Cristalli: Cubic Zirconia Dimensione: 5mm Materiale: Acciaio [&hellip;]<\/p>\n","protected":false},"featured_media":56742,"template":"","meta":[],"product_brand":[],"product_cat":[22,471,19,508],"product_tag":[66,541],"class_list":{"0":"post-9198","1":"product","2":"type-product","3":"status-publish","4":"has-post-thumbnail","6":"product_cat-charm","7":"product_cat-charms","8":"product_cat-donna","9":"product_cat-sotto-i-5e","10":"product_tag-collezione-iris","11":"product_tag-componibili","13":"first","14":"instock","15":"shipping-taxable","16":"purchasable","17":"product-type-simple"},"yoast_head":"<!-- This site is optimized with the Yoast SEO plugin v27.4 - https:\/\/yoast.com\/product\/yoast-seo-wordpress\/ -->\n<title>Charm Punto Luce Rosso - Brand Gioielli<\/title>\n<meta name=\"description\" content=\"I Charm Cristallo Punto Luce della Collezione Iris sono pensati per creare il tuo gioiello componibile mixando diverse forme e colori. Possono arricchire orecchini, bracciali e collane e sono facilmente abbinabili, grazie al loro Design classico senza tempo.\u00a0\" \/>\n<meta name=\"robots\" content=\"index, follow, max-snippet:-1, max-image-preview:large, max-video-preview:-1\" \/>\n<link rel=\"canonical\" href=\"https:\/\/brandgioielli.it\/de\/produkt\/charm-cristallo-rosso\/\" \/>\n<meta property=\"og:locale\" content=\"de_DE\" \/>\n<meta property=\"og:type\" content=\"article\" \/>\n<meta property=\"og:title\" content=\"Charm Punto Luce Rosso - Brand Gioielli\" \/>\n<meta property=\"og:description\" content=\"I Charm Cristallo Punto Luce della Collezione Iris sono pensati per creare il tuo gioiello componibile mixando diverse forme e colori. Possono arricchire orecchini, bracciali e collane e sono facilmente abbinabili, grazie al loro Design classico senza tempo.\u00a0\" \/>\n<meta property=\"og:url\" content=\"https:\/\/brandgioielli.it\/de\/produkt\/charm-cristallo-rosso\/\" \/>\n<meta property=\"og:site_name\" content=\"#BrandGioielli\" \/>\n<meta property=\"article:modified_time\" content=\"2026-04-20T06:17:57+00:00\" \/>\n<meta property=\"og:image\" content=\"http:\/\/brandgioielli.it\/wp-content\/uploads\/2025\/09\/charm-cristallo-rosso.jpg\" \/>\n\t<meta property=\"og:image:width\" content=\"1600\" \/>\n\t<meta property=\"og:image:height\" content=\"1600\" \/>\n\t<meta property=\"og:image:type\" content=\"image\/jpeg\" \/>\n<meta name=\"twitter:card\" content=\"summary_large_image\" \/>\n<meta name=\"twitter:label1\" content=\"Gesch\u00e4tzte Lesezeit\" \/>\n\t<meta name=\"twitter:data1\" content=\"1\u00a0Minute\" \/>\n<script type=\"application\/ld+json\" class=\"yoast-schema-graph\">{\"@context\":\"https:\\\/\\\/schema.org\",\"@graph\":[{\"@type\":\"WebPage\",\"@id\":\"https:\\\/\\\/brandgioielli.it\\\/prodotto\\\/charm-cristallo-rosso\\\/\",\"url\":\"https:\\\/\\\/brandgioielli.it\\\/prodotto\\\/charm-cristallo-rosso\\\/\",\"name\":\"Charm Punto Luce Rosso - Brand Gioielli\",\"isPartOf\":{\"@id\":\"https:\\\/\\\/brandgioielli.it\\\/#website\"},\"primaryImageOfPage\":{\"@id\":\"https:\\\/\\\/brandgioielli.it\\\/prodotto\\\/charm-cristallo-rosso\\\/#primaryimage\"},\"image\":{\"@id\":\"https:\\\/\\\/brandgioielli.it\\\/prodotto\\\/charm-cristallo-rosso\\\/#primaryimage\"},\"thumbnailUrl\":\"https:\\\/\\\/brandgioielli.it\\\/wp-content\\\/uploads\\\/2025\\\/09\\\/charm-cristallo-rosso.jpg\",\"datePublished\":\"2025-09-19T14:15:15+00:00\",\"dateModified\":\"2026-04-20T06:17:57+00:00\",\"description\":\"I Charm Cristallo Punto Luce della Collezione Iris sono pensati per creare il tuo gioiello componibile mixando diverse forme e colori. Possono arricchire orecchini, bracciali e collane e sono facilmente abbinabili, grazie al loro Design classico senza tempo.\u00a0\",\"breadcrumb\":{\"@id\":\"https:\\\/\\\/brandgioielli.it\\\/prodotto\\\/charm-cristallo-rosso\\\/#breadcrumb\"},\"inLanguage\":\"de\",\"potentialAction\":[{\"@type\":\"ReadAction\",\"target\":[\"https:\\\/\\\/brandgioielli.it\\\/prodotto\\\/charm-cristallo-rosso\\\/\"]}]},{\"@type\":\"ImageObject\",\"inLanguage\":\"de\",\"@id\":\"https:\\\/\\\/brandgioielli.it\\\/prodotto\\\/charm-cristallo-rosso\\\/#primaryimage\",\"url\":\"https:\\\/\\\/brandgioielli.it\\\/wp-content\\\/uploads\\\/2025\\\/09\\\/charm-cristallo-rosso.jpg\",\"contentUrl\":\"https:\\\/\\\/brandgioielli.it\\\/wp-content\\\/uploads\\\/2025\\\/09\\\/charm-cristallo-rosso.jpg\",\"width\":1600,\"height\":1600},{\"@type\":\"BreadcrumbList\",\"@id\":\"https:\\\/\\\/brandgioielli.it\\\/prodotto\\\/charm-cristallo-rosso\\\/#breadcrumb\",\"itemListElement\":[{\"@type\":\"ListItem\",\"position\":1,\"name\":\"Home\",\"item\":\"https:\\\/\\\/brandgioielli.it\\\/\"},{\"@type\":\"ListItem\",\"position\":2,\"name\":\"Shop\",\"item\":\"https:\\\/\\\/brandgioielli.it\\\/shop\\\/\"},{\"@type\":\"ListItem\",\"position\":3,\"name\":\"Charm Cristallo Rosso\"}]},{\"@type\":\"WebSite\",\"@id\":\"https:\\\/\\\/brandgioielli.it\\\/#website\",\"url\":\"https:\\\/\\\/brandgioielli.it\\\/\",\"name\":\"#BrandGioielli\",\"description\":\"\",\"publisher\":{\"@id\":\"https:\\\/\\\/brandgioielli.it\\\/#organization\"},\"potentialAction\":[{\"@type\":\"SearchAction\",\"target\":{\"@type\":\"EntryPoint\",\"urlTemplate\":\"https:\\\/\\\/brandgioielli.it\\\/?s={search_term_string}\"},\"query-input\":{\"@type\":\"PropertyValueSpecification\",\"valueRequired\":true,\"valueName\":\"search_term_string\"}}],\"inLanguage\":\"de\"},{\"@type\":\"Organization\",\"@id\":\"https:\\\/\\\/brandgioielli.it\\\/#organization\",\"name\":\"Brand Gioielli\",\"url\":\"https:\\\/\\\/brandgioielli.it\\\/\",\"logo\":{\"@type\":\"ImageObject\",\"inLanguage\":\"de\",\"@id\":\"https:\\\/\\\/brandgioielli.it\\\/#\\\/schema\\\/logo\\\/image\\\/\",\"url\":\"https:\\\/\\\/brandgioielli.it\\\/wp-content\\\/uploads\\\/2025\\\/07\\\/LogoBrand.png\",\"contentUrl\":\"https:\\\/\\\/brandgioielli.it\\\/wp-content\\\/uploads\\\/2025\\\/07\\\/LogoBrand.png\",\"width\":600,\"height\":170,\"caption\":\"Brand Gioielli\"},\"image\":{\"@id\":\"https:\\\/\\\/brandgioielli.it\\\/#\\\/schema\\\/logo\\\/image\\\/\"}}]}<\/script>\n<!-- \/ Yoast SEO plugin. -->","yoast_head_json":{"title":"Anh\u00e4nger mit rotem Lichtpunkt \u2013 Schmuckmarke","description":"Die Crystal Point of Light Charm aus der Iris-Kollektion sind so konzipiert, dass Sie Ihr eigenes modulares Schmuckst\u00fcck kreieren k\u00f6nnen, indem Sie verschiedene Formen und Farben mischen. Sie k\u00f6nnen Ohrringe, Armb\u00e4nder und Halsketten bereichern und sind dank ihres zeitlosen, klassischen Designs leicht zu kombinieren.\u00a0","robots":{"index":"index","follow":"follow","max-snippet":"max-snippet:-1","max-image-preview":"max-image-preview:large","max-video-preview":"max-video-preview:-1"},"canonical":"https:\/\/brandgioielli.it\/de\/produkt\/charm-cristallo-rosso\/","og_locale":"de_DE","og_type":"article","og_title":"Charm Punto Luce Rosso - Brand Gioielli","og_description":"I Charm Cristallo Punto Luce della Collezione Iris sono pensati per creare il tuo gioiello componibile mixando diverse forme e colori. Possono arricchire orecchini, bracciali e collane e sono facilmente abbinabili, grazie al loro Design classico senza tempo.\u00a0","og_url":"https:\/\/brandgioielli.it\/de\/produkt\/charm-cristallo-rosso\/","og_site_name":"#BrandGioielli","article_modified_time":"2026-04-20T06:17:57+00:00","og_image":[{"width":1600,"height":1600,"url":"http:\/\/brandgioielli.it\/wp-content\/uploads\/2025\/09\/charm-cristallo-rosso.jpg","type":"image\/jpeg"}],"twitter_card":"summary_large_image","twitter_misc":{"Gesch\u00e4tzte Lesezeit":"1\u00a0Minute"},"schema":{"@context":"https:\/\/schema.org","@graph":[{"@type":"WebPage","@id":"https:\/\/brandgioielli.it\/prodotto\/charm-cristallo-rosso\/","url":"https:\/\/brandgioielli.it\/prodotto\/charm-cristallo-rosso\/","name":"Anh\u00e4nger mit rotem Lichtpunkt \u2013 Schmuckmarke","isPartOf":{"@id":"https:\/\/brandgioielli.it\/#website"},"primaryImageOfPage":{"@id":"https:\/\/brandgioielli.it\/prodotto\/charm-cristallo-rosso\/#primaryimage"},"image":{"@id":"https:\/\/brandgioielli.it\/prodotto\/charm-cristallo-rosso\/#primaryimage"},"thumbnailUrl":"https:\/\/brandgioielli.it\/wp-content\/uploads\/2025\/09\/charm-cristallo-rosso.jpg","datePublished":"2025-09-19T14:15:15+00:00","dateModified":"2026-04-20T06:17:57+00:00","description":"Die Crystal Point of Light Charm aus der Iris-Kollektion sind so konzipiert, dass Sie Ihr eigenes modulares Schmuckst\u00fcck kreieren k\u00f6nnen, indem Sie verschiedene Formen und Farben mischen. Sie k\u00f6nnen Ohrringe, Armb\u00e4nder und Halsketten bereichern und sind dank ihres zeitlosen, klassischen Designs leicht zu kombinieren.\u00a0","breadcrumb":{"@id":"https:\/\/brandgioielli.it\/prodotto\/charm-cristallo-rosso\/#breadcrumb"},"inLanguage":"de","potentialAction":[{"@type":"ReadAction","target":["https:\/\/brandgioielli.it\/prodotto\/charm-cristallo-rosso\/"]}]},{"@type":"ImageObject","inLanguage":"de","@id":"https:\/\/brandgioielli.it\/prodotto\/charm-cristallo-rosso\/#primaryimage","url":"https:\/\/brandgioielli.it\/wp-content\/uploads\/2025\/09\/charm-cristallo-rosso.jpg","contentUrl":"https:\/\/brandgioielli.it\/wp-content\/uploads\/2025\/09\/charm-cristallo-rosso.jpg","width":1600,"height":1600},{"@type":"BreadcrumbList","@id":"https:\/\/brandgioielli.it\/prodotto\/charm-cristallo-rosso\/#breadcrumb","itemListElement":[{"@type":"ListItem","position":1,"name":"Home","item":"https:\/\/brandgioielli.it\/"},{"@type":"ListItem","position":2,"name":"Shop","item":"https:\/\/brandgioielli.it\/shop\/"},{"@type":"ListItem","position":3,"name":"Charm Cristallo Rosso"}]},{"@type":"WebSite","@id":"https:\/\/brandgioielli.it\/#website","url":"https:\/\/brandgioielli.it\/","name":"#BrandGioielli","description":"","publisher":{"@id":"https:\/\/brandgioielli.it\/#organization"},"potentialAction":[{"@type":"SearchAction","target":{"@type":"EntryPoint","urlTemplate":"https:\/\/brandgioielli.it\/?s={search_term_string}"},"query-input":{"@type":"PropertyValueSpecification","valueRequired":true,"valueName":"search_term_string"}}],"inLanguage":"de"},{"@type":"Organization","@id":"https:\/\/brandgioielli.it\/#organization","name":"Markenschmuck","url":"https:\/\/brandgioielli.it\/","logo":{"@type":"ImageObject","inLanguage":"de","@id":"https:\/\/brandgioielli.it\/#\/schema\/logo\/image\/","url":"https:\/\/brandgioielli.it\/wp-content\/uploads\/2025\/07\/LogoBrand.png","contentUrl":"https:\/\/brandgioielli.it\/wp-content\/uploads\/2025\/07\/LogoBrand.png","width":600,"height":170,"caption":"Brand Gioielli"},"image":{"@id":"https:\/\/brandgioielli.it\/#\/schema\/logo\/image\/"}}]}},"_links":{"self":[{"href":"https:\/\/brandgioielli.it\/de\/wp-json\/wp\/v2\/product\/9198","targetHints":{"allow":["GET"]}}],"collection":[{"href":"https:\/\/brandgioielli.it\/de\/wp-json\/wp\/v2\/product"}],"about":[{"href":"https:\/\/brandgioielli.it\/de\/wp-json\/wp\/v2\/types\/product"}],"version-history":[{"count":3,"href":"https:\/\/brandgioielli.it\/de\/wp-json\/wp\/v2\/product\/9198\/revisions"}],"predecessor-version":[{"id":100513,"href":"https:\/\/brandgioielli.it\/de\/wp-json\/wp\/v2\/product\/9198\/revisions\/100513"}],"wp:featuredmedia":[{"embeddable":true,"href":"https:\/\/brandgioielli.it\/de\/wp-json\/wp\/v2\/media\/56742"}],"wp:attachment":[{"href":"https:\/\/brandgioielli.it\/de\/wp-json\/wp\/v2\/media?parent=9198"}],"wp:term":[{"taxonomy":"product_brand","embeddable":true,"href":"https:\/\/brandgioielli.it\/de\/wp-json\/wp\/v2\/product_brand?post=9198"},{"taxonomy":"product_cat","embeddable":true,"href":"https:\/\/brandgioielli.it\/de\/wp-json\/wp\/v2\/product_cat?post=9198"},{"taxonomy":"product_tag","embeddable":true,"href":"https:\/\/brandgioielli.it\/de\/wp-json\/wp\/v2\/product_tag?post=9198"}],"curies":[{"name":"wp","href":"https:\/\/api.w.org\/{rel}","templated":true}]}}