{"id":9165,"date":"2025-09-19T16:14:02","date_gmt":"2025-09-19T14:14:02","guid":{"rendered":"https:\/\/sandybrown-lark-277155.hostingersite.com\/prodotto\/cavigliera-cristalli-viola-e-verdi\/"},"modified":"2026-04-20T18:17:51","modified_gmt":"2026-04-20T16:17:51","slug":"cavigliera-cristalli-viola-e-verdi","status":"publish","type":"product","link":"https:\/\/brandgioielli.it\/de\/produkt\/cavigliera-cristalli-viola-e-verdi\/","title":{"rendered":"Fu\u00dfkettchen mit lila und gr\u00fcnem Kristallanh\u00e4nger"},"content":{"rendered":"<h2>Fu\u00dfkettchen mit lila und gr\u00fcnen Kristallanh\u00e4ngern<\/h2>\n<p>Das Fu\u00dfkettchen mit baumelnden Kristallen von #Brand Gioielli ist das perfekte Accessoire, um Weiblichkeit und Stil auf schlichte Art auszudr\u00fccken. Hergestellt in <strong data-start=\"489\" data-end=\"518\">rostfreier Stahl<\/strong>, Dieses elegante Fu\u00dfkettchen ist perfekt f\u00fcr jeden Tag, auch im Sommer. Kleine Anh\u00e4nger bewegen sich sanft bei jedem Schritt und erzeugen ein subtiles, aber dennoch faszinierendes Lichtspiel. Kombinieren Sie es mit Sandalen, Sneakers oder barfu\u00df f\u00fcr einen frischen und raffinierten Look.<\/p>\n<p><strong>TECHNISCHE DATEN<\/strong><\/p>\n<ul>\n<li>Fu\u00dfkettchen mit lila und gr\u00fcnem Kristallanh\u00e4nger<\/li>\n<li>L\u00e4nge: 21 cm + 5 cm Verl\u00e4ngerung<\/li>\n<li>Ausf\u00fchrung: Stahl, goldfarben PVD-beschichtet<\/li>\n<li>Material: Rostfreier Stahl, Kristalle<\/li>\n<\/ul>\n<p><em>Alle Schmuckst\u00fccke von #Brand werden aus dem reinsten chirurgischen Edelstahl hergestellt, der auf Nickel getestet wurde, und sind so konzipiert, dass sie jeden Tag getragen werden k\u00f6nnen, ohne dass Verf\u00e4rbungen oder Abnutzungserscheinungen zu bef\u00fcrchten sind, und sie sind wasserfest.<\/em><\/p>","protected":false},"excerpt":{"rendered":"<p>Cavigliera con Cristalli Pendenti Viola e Verdi La cavigliera con cristalli pendenti firmata #Brand Gioielli \u00e8 il dettaglio perfetto per esprimere femminilit\u00e0 e stile con semplicit\u00e0. Realizzata in acciaio inossidabile, \u00e8 perfetta per essere indossata ogni giorno, anche durante l\u2019estate. Impreziosita da piccoli pendenti che si muovono delicatamente ad ogni passo, creando un gioco di [&hellip;]<\/p>\n","protected":false},"featured_media":56711,"template":"","meta":[],"product_brand":[],"product_cat":[59,470,19,506],"product_tag":[142],"class_list":{"0":"post-9165","1":"product","2":"type-product","3":"status-publish","4":"has-post-thumbnail","6":"product_cat-cavigliere","7":"product_cat-cavigliere-2","8":"product_cat-donna","9":"product_cat-sotto-i-20e","10":"product_tag-collezione-calypso","12":"first","13":"instock","14":"shipping-taxable","15":"purchasable","16":"product-type-simple"},"yoast_head":"<!-- This site is optimized with the Yoast SEO plugin v27.4 - https:\/\/yoast.com\/product\/yoast-seo-wordpress\/ -->\n<title>Cavigliera Cristalli Pendenti Viola e Verdi - #BrandGioielli<\/title>\n<meta name=\"description\" content=\"Acquista ora su Brand Gioielli: Cavigliera Cristalli Pendenti Viola e Verdi\" \/>\n<meta name=\"robots\" content=\"index, follow, max-snippet:-1, max-image-preview:large, max-video-preview:-1\" \/>\n<link rel=\"canonical\" href=\"https:\/\/brandgioielli.it\/de\/produkt\/cavigliera-cristalli-viola-e-verdi\/\" \/>\n<meta property=\"og:locale\" content=\"de_DE\" \/>\n<meta property=\"og:type\" content=\"article\" \/>\n<meta property=\"og:title\" content=\"Cavigliera Cristalli Pendenti Viola e Verdi - #BrandGioielli\" \/>\n<meta property=\"og:description\" content=\"Acquista ora su Brand Gioielli: Cavigliera Cristalli Pendenti Viola e Verdi\" \/>\n<meta property=\"og:url\" content=\"https:\/\/brandgioielli.it\/de\/produkt\/cavigliera-cristalli-viola-e-verdi\/\" \/>\n<meta property=\"og:site_name\" content=\"#BrandGioielli\" \/>\n<meta property=\"article:modified_time\" content=\"2026-04-20T16:17:51+00:00\" \/>\n<meta property=\"og:image\" content=\"http:\/\/brandgioielli.it\/wp-content\/uploads\/2025\/09\/cavigliera-cristalli-viola-e-verdi-1.jpg\" \/>\n\t<meta property=\"og:image:width\" content=\"800\" \/>\n\t<meta property=\"og:image:height\" content=\"800\" \/>\n\t<meta property=\"og:image:type\" content=\"image\/jpeg\" \/>\n<meta name=\"twitter:card\" content=\"summary_large_image\" \/>\n<meta name=\"twitter:label1\" content=\"Gesch\u00e4tzte Lesezeit\" \/>\n\t<meta name=\"twitter:data1\" content=\"1\u00a0Minute\" \/>\n<script type=\"application\/ld+json\" class=\"yoast-schema-graph\">{\"@context\":\"https:\\\/\\\/schema.org\",\"@graph\":[{\"@type\":\"WebPage\",\"@id\":\"https:\\\/\\\/brandgioielli.it\\\/prodotto\\\/cavigliera-cristalli-viola-e-verdi\\\/\",\"url\":\"https:\\\/\\\/brandgioielli.it\\\/prodotto\\\/cavigliera-cristalli-viola-e-verdi\\\/\",\"name\":\"Cavigliera Cristalli Pendenti Viola e Verdi - #BrandGioielli\",\"isPartOf\":{\"@id\":\"https:\\\/\\\/brandgioielli.it\\\/#website\"},\"primaryImageOfPage\":{\"@id\":\"https:\\\/\\\/brandgioielli.it\\\/prodotto\\\/cavigliera-cristalli-viola-e-verdi\\\/#primaryimage\"},\"image\":{\"@id\":\"https:\\\/\\\/brandgioielli.it\\\/prodotto\\\/cavigliera-cristalli-viola-e-verdi\\\/#primaryimage\"},\"thumbnailUrl\":\"https:\\\/\\\/brandgioielli.it\\\/wp-content\\\/uploads\\\/2025\\\/09\\\/cavigliera-cristalli-viola-e-verdi-1.jpg\",\"datePublished\":\"2025-09-19T14:14:02+00:00\",\"dateModified\":\"2026-04-20T16:17:51+00:00\",\"description\":\"Acquista ora su Brand Gioielli: Cavigliera Cristalli Pendenti Viola e Verdi\",\"breadcrumb\":{\"@id\":\"https:\\\/\\\/brandgioielli.it\\\/prodotto\\\/cavigliera-cristalli-viola-e-verdi\\\/#breadcrumb\"},\"inLanguage\":\"de\",\"potentialAction\":[{\"@type\":\"ReadAction\",\"target\":[\"https:\\\/\\\/brandgioielli.it\\\/prodotto\\\/cavigliera-cristalli-viola-e-verdi\\\/\"]}]},{\"@type\":\"ImageObject\",\"inLanguage\":\"de\",\"@id\":\"https:\\\/\\\/brandgioielli.it\\\/prodotto\\\/cavigliera-cristalli-viola-e-verdi\\\/#primaryimage\",\"url\":\"https:\\\/\\\/brandgioielli.it\\\/wp-content\\\/uploads\\\/2025\\\/09\\\/cavigliera-cristalli-viola-e-verdi-1.jpg\",\"contentUrl\":\"https:\\\/\\\/brandgioielli.it\\\/wp-content\\\/uploads\\\/2025\\\/09\\\/cavigliera-cristalli-viola-e-verdi-1.jpg\",\"width\":800,\"height\":800},{\"@type\":\"BreadcrumbList\",\"@id\":\"https:\\\/\\\/brandgioielli.it\\\/prodotto\\\/cavigliera-cristalli-viola-e-verdi\\\/#breadcrumb\",\"itemListElement\":[{\"@type\":\"ListItem\",\"position\":1,\"name\":\"Home\",\"item\":\"https:\\\/\\\/brandgioielli.it\\\/\"},{\"@type\":\"ListItem\",\"position\":2,\"name\":\"Shop\",\"item\":\"https:\\\/\\\/brandgioielli.it\\\/shop\\\/\"},{\"@type\":\"ListItem\",\"position\":3,\"name\":\"Cavigliera Cristalli Pendenti Viola e Verdi\"}]},{\"@type\":\"WebSite\",\"@id\":\"https:\\\/\\\/brandgioielli.it\\\/#website\",\"url\":\"https:\\\/\\\/brandgioielli.it\\\/\",\"name\":\"#BrandGioielli\",\"description\":\"\",\"publisher\":{\"@id\":\"https:\\\/\\\/brandgioielli.it\\\/#organization\"},\"potentialAction\":[{\"@type\":\"SearchAction\",\"target\":{\"@type\":\"EntryPoint\",\"urlTemplate\":\"https:\\\/\\\/brandgioielli.it\\\/?s={search_term_string}\"},\"query-input\":{\"@type\":\"PropertyValueSpecification\",\"valueRequired\":true,\"valueName\":\"search_term_string\"}}],\"inLanguage\":\"de\"},{\"@type\":\"Organization\",\"@id\":\"https:\\\/\\\/brandgioielli.it\\\/#organization\",\"name\":\"Brand Gioielli\",\"url\":\"https:\\\/\\\/brandgioielli.it\\\/\",\"logo\":{\"@type\":\"ImageObject\",\"inLanguage\":\"de\",\"@id\":\"https:\\\/\\\/brandgioielli.it\\\/#\\\/schema\\\/logo\\\/image\\\/\",\"url\":\"https:\\\/\\\/brandgioielli.it\\\/wp-content\\\/uploads\\\/2025\\\/07\\\/LogoBrand.png\",\"contentUrl\":\"https:\\\/\\\/brandgioielli.it\\\/wp-content\\\/uploads\\\/2025\\\/07\\\/LogoBrand.png\",\"width\":600,\"height\":170,\"caption\":\"Brand Gioielli\"},\"image\":{\"@id\":\"https:\\\/\\\/brandgioielli.it\\\/#\\\/schema\\\/logo\\\/image\\\/\"}}]}<\/script>\n<!-- \/ Yoast SEO plugin. -->","yoast_head_json":{"title":"Cavigliera Cristalli Pendenti Viola e Verdi - #BrandGioielli","description":"Acquista ora su Brand Gioielli: Cavigliera Cristalli Pendenti Viola e Verdi","robots":{"index":"index","follow":"follow","max-snippet":"max-snippet:-1","max-image-preview":"max-image-preview:large","max-video-preview":"max-video-preview:-1"},"canonical":"https:\/\/brandgioielli.it\/de\/produkt\/cavigliera-cristalli-viola-e-verdi\/","og_locale":"de_DE","og_type":"article","og_title":"Cavigliera Cristalli Pendenti Viola e Verdi - #BrandGioielli","og_description":"Acquista ora su Brand Gioielli: Cavigliera Cristalli Pendenti Viola e Verdi","og_url":"https:\/\/brandgioielli.it\/de\/produkt\/cavigliera-cristalli-viola-e-verdi\/","og_site_name":"#BrandGioielli","article_modified_time":"2026-04-20T16:17:51+00:00","og_image":[{"width":800,"height":800,"url":"http:\/\/brandgioielli.it\/wp-content\/uploads\/2025\/09\/cavigliera-cristalli-viola-e-verdi-1.jpg","type":"image\/jpeg"}],"twitter_card":"summary_large_image","twitter_misc":{"Gesch\u00e4tzte Lesezeit":"1\u00a0Minute"},"schema":{"@context":"https:\/\/schema.org","@graph":[{"@type":"WebPage","@id":"https:\/\/brandgioielli.it\/prodotto\/cavigliera-cristalli-viola-e-verdi\/","url":"https:\/\/brandgioielli.it\/prodotto\/cavigliera-cristalli-viola-e-verdi\/","name":"Cavigliera Cristalli Pendenti Viola e Verdi - #BrandGioielli","isPartOf":{"@id":"https:\/\/brandgioielli.it\/#website"},"primaryImageOfPage":{"@id":"https:\/\/brandgioielli.it\/prodotto\/cavigliera-cristalli-viola-e-verdi\/#primaryimage"},"image":{"@id":"https:\/\/brandgioielli.it\/prodotto\/cavigliera-cristalli-viola-e-verdi\/#primaryimage"},"thumbnailUrl":"https:\/\/brandgioielli.it\/wp-content\/uploads\/2025\/09\/cavigliera-cristalli-viola-e-verdi-1.jpg","datePublished":"2025-09-19T14:14:02+00:00","dateModified":"2026-04-20T16:17:51+00:00","description":"Acquista ora su Brand Gioielli: Cavigliera Cristalli Pendenti Viola e Verdi","breadcrumb":{"@id":"https:\/\/brandgioielli.it\/prodotto\/cavigliera-cristalli-viola-e-verdi\/#breadcrumb"},"inLanguage":"de","potentialAction":[{"@type":"ReadAction","target":["https:\/\/brandgioielli.it\/prodotto\/cavigliera-cristalli-viola-e-verdi\/"]}]},{"@type":"ImageObject","inLanguage":"de","@id":"https:\/\/brandgioielli.it\/prodotto\/cavigliera-cristalli-viola-e-verdi\/#primaryimage","url":"https:\/\/brandgioielli.it\/wp-content\/uploads\/2025\/09\/cavigliera-cristalli-viola-e-verdi-1.jpg","contentUrl":"https:\/\/brandgioielli.it\/wp-content\/uploads\/2025\/09\/cavigliera-cristalli-viola-e-verdi-1.jpg","width":800,"height":800},{"@type":"BreadcrumbList","@id":"https:\/\/brandgioielli.it\/prodotto\/cavigliera-cristalli-viola-e-verdi\/#breadcrumb","itemListElement":[{"@type":"ListItem","position":1,"name":"Home","item":"https:\/\/brandgioielli.it\/"},{"@type":"ListItem","position":2,"name":"Shop","item":"https:\/\/brandgioielli.it\/shop\/"},{"@type":"ListItem","position":3,"name":"Cavigliera Cristalli Pendenti Viola e Verdi"}]},{"@type":"WebSite","@id":"https:\/\/brandgioielli.it\/#website","url":"https:\/\/brandgioielli.it\/","name":"#BrandGioielli","description":"","publisher":{"@id":"https:\/\/brandgioielli.it\/#organization"},"potentialAction":[{"@type":"SearchAction","target":{"@type":"EntryPoint","urlTemplate":"https:\/\/brandgioielli.it\/?s={search_term_string}"},"query-input":{"@type":"PropertyValueSpecification","valueRequired":true,"valueName":"search_term_string"}}],"inLanguage":"de"},{"@type":"Organization","@id":"https:\/\/brandgioielli.it\/#organization","name":"Markenschmuck","url":"https:\/\/brandgioielli.it\/","logo":{"@type":"ImageObject","inLanguage":"de","@id":"https:\/\/brandgioielli.it\/#\/schema\/logo\/image\/","url":"https:\/\/brandgioielli.it\/wp-content\/uploads\/2025\/07\/LogoBrand.png","contentUrl":"https:\/\/brandgioielli.it\/wp-content\/uploads\/2025\/07\/LogoBrand.png","width":600,"height":170,"caption":"Brand Gioielli"},"image":{"@id":"https:\/\/brandgioielli.it\/#\/schema\/logo\/image\/"}}]}},"_links":{"self":[{"href":"https:\/\/brandgioielli.it\/de\/wp-json\/wp\/v2\/product\/9165","targetHints":{"allow":["GET"]}}],"collection":[{"href":"https:\/\/brandgioielli.it\/de\/wp-json\/wp\/v2\/product"}],"about":[{"href":"https:\/\/brandgioielli.it\/de\/wp-json\/wp\/v2\/types\/product"}],"version-history":[{"count":3,"href":"https:\/\/brandgioielli.it\/de\/wp-json\/wp\/v2\/product\/9165\/revisions"}],"predecessor-version":[{"id":102766,"href":"https:\/\/brandgioielli.it\/de\/wp-json\/wp\/v2\/product\/9165\/revisions\/102766"}],"wp:featuredmedia":[{"embeddable":true,"href":"https:\/\/brandgioielli.it\/de\/wp-json\/wp\/v2\/media\/56711"}],"wp:attachment":[{"href":"https:\/\/brandgioielli.it\/de\/wp-json\/wp\/v2\/media?parent=9165"}],"wp:term":[{"taxonomy":"product_brand","embeddable":true,"href":"https:\/\/brandgioielli.it\/de\/wp-json\/wp\/v2\/product_brand?post=9165"},{"taxonomy":"product_cat","embeddable":true,"href":"https:\/\/brandgioielli.it\/de\/wp-json\/wp\/v2\/product_cat?post=9165"},{"taxonomy":"product_tag","embeddable":true,"href":"https:\/\/brandgioielli.it\/de\/wp-json\/wp\/v2\/product_tag?post=9165"}],"curies":[{"name":"wp","href":"https:\/\/api.w.org\/{rel}","templated":true}]}}