{"id":8828,"date":"2025-09-19T16:06:39","date_gmt":"2025-09-19T14:06:39","guid":{"rendered":"https:\/\/sandybrown-lark-277155.hostingersite.com\/prodotto\/anello-mezzo-cuore-nero\/"},"modified":"2026-04-20T18:17:30","modified_gmt":"2026-04-20T16:17:30","slug":"anello-mezzo-cuore-nero","status":"publish","type":"product","link":"https:\/\/brandgioielli.it\/de\/produkt\/anello-mezzo-cuore-nero\/","title":{"rendered":"Schwarzer Ehering mit halbem Herz"},"content":{"rendered":"<h2>Schwarzer Ehering mit halbem Herz<\/h2>\n<p>Der halbherzf\u00f6rmige Ehering von #Brand Gioielli symbolisiert authentische Verbundenheit. Sein minimalistisches und zeitloses Design macht ihn perfekt als ... <strong>Paarring<\/strong>, das t\u00e4glich als Zeichen der Liebe, Verbundenheit oder des gegenseitigen Versprechens getragen werden soll. Hergestellt aus <strong>rostfreier Stahl<\/strong>, Im Inneren befindet sich die Gravur \u201c<em>Allein sind wir unvollst\u00e4ndig\u2026<\/em>\u201dUnd ein halbes Herz mit einem schwarzen Kristall macht diesen Herrenring zu einem wahren Symbol der Liebe. Ideal als Ring f\u00fcr Jahrestage, Valentinstag oder besondere Anl\u00e4sse \u2013 eine elegante Wahl f\u00fcr alle, die ein Schmuckst\u00fcck zum Teilen suchen.\u201c.<\/p>\n<p><strong>TECHNISCHE DATEN<\/strong><\/p>\n<ul>\n<li>Schwarzer Ehering mit halbem Herz<\/li>\n<li>Erh\u00e4ltlich in den Gr\u00f6\u00dfen: 16, 18, 20, 22, 24, 26, 28, 30, 32, 34<\/li>\n<li>Oberfl\u00e4che: Schwarze PVD-Beschichtung<\/li>\n<li>Material: Rostfreier Stahl, Kristalle<\/li>\n<\/ul>\n<p><em>Alle Schmuckst\u00fccke von #Brand werden aus dem reinsten chirurgischen Edelstahl hergestellt, der auf Nickel getestet wurde, und sind so konzipiert, dass sie jeden Tag getragen werden k\u00f6nnen, ohne dass Verf\u00e4rbungen oder Abnutzungserscheinungen zu bef\u00fcrchten sind, und sie sind wasserfest.<\/em><\/p>","protected":false},"excerpt":{"rendered":"<p>Anello Fede Mezzo Cuore Nero L&#8217;anello fede mezzo cuore firmato #Brand Gioielli \u00e8 pensato per rappresentare i legami autentici. Il suo design minimal e senza tempo la rende perfetta come anello di coppia, da indossare ogni giorno come segno d\u2019amore, connessione o promessa reciproca. Realizzata in acciaio inossidabile, all\u2019interno ha l\u2019incisione \u201cDa soli siamo incompleti&#8230;\u201d [&hellip;]<\/p>\n","protected":false},"featured_media":56485,"template":"","meta":[],"product_brand":[],"product_cat":[457,42,476,505,39],"product_tag":[139],"class_list":{"0":"post-8828","1":"product","2":"type-product","3":"status-publish","4":"has-post-thumbnail","6":"product_cat-anelli","7":"product_cat-anelli-uomo","8":"product_cat-coppia","9":"product_cat-sotto-i-10e","10":"product_cat-uomo","11":"product_tag-collezione-perfect","13":"first","14":"instock","15":"shipping-taxable","16":"purchasable","17":"product-type-variable"},"yoast_head":"<!-- This site is optimized with the Yoast SEO plugin v27.4 - https:\/\/yoast.com\/product\/yoast-seo-wordpress\/ -->\n<title>Anello Fede Mezzo Cuore Nero - #BrandGioielli<\/title>\n<meta name=\"description\" content=\"Acquista ora su Brand Gioielli: Anello Fede Mezzo Cuore Nero\" \/>\n<meta name=\"robots\" content=\"index, follow, max-snippet:-1, max-image-preview:large, max-video-preview:-1\" \/>\n<link rel=\"canonical\" href=\"https:\/\/brandgioielli.it\/de\/produkt\/anello-mezzo-cuore-nero\/\" \/>\n<meta property=\"og:locale\" content=\"de_DE\" \/>\n<meta property=\"og:type\" content=\"article\" \/>\n<meta property=\"og:title\" content=\"Anello Fede Mezzo Cuore Nero - #BrandGioielli\" \/>\n<meta property=\"og:description\" content=\"Acquista ora su Brand Gioielli: Anello Fede Mezzo Cuore Nero\" \/>\n<meta property=\"og:url\" content=\"https:\/\/brandgioielli.it\/de\/produkt\/anello-mezzo-cuore-nero\/\" \/>\n<meta property=\"og:site_name\" content=\"#BrandGioielli\" \/>\n<meta property=\"article:modified_time\" content=\"2026-04-20T16:17:30+00:00\" \/>\n<meta property=\"og:image\" content=\"http:\/\/brandgioielli.it\/wp-content\/uploads\/2025\/09\/11RG006N-16-2.jpg\" \/>\n\t<meta property=\"og:image:width\" content=\"800\" \/>\n\t<meta property=\"og:image:height\" content=\"800\" \/>\n\t<meta property=\"og:image:type\" content=\"image\/jpeg\" \/>\n<meta name=\"twitter:card\" content=\"summary_large_image\" \/>\n<meta name=\"twitter:label1\" content=\"Gesch\u00e4tzte Lesezeit\" \/>\n\t<meta name=\"twitter:data1\" content=\"2\u00a0Minuten\" \/>\n<script type=\"application\/ld+json\" class=\"yoast-schema-graph\">{\"@context\":\"https:\\\/\\\/schema.org\",\"@graph\":[{\"@type\":\"WebPage\",\"@id\":\"https:\\\/\\\/brandgioielli.it\\\/prodotto\\\/anello-mezzo-cuore-nero\\\/\",\"url\":\"https:\\\/\\\/brandgioielli.it\\\/prodotto\\\/anello-mezzo-cuore-nero\\\/\",\"name\":\"Anello Fede Mezzo Cuore Nero - #BrandGioielli\",\"isPartOf\":{\"@id\":\"https:\\\/\\\/brandgioielli.it\\\/#website\"},\"primaryImageOfPage\":{\"@id\":\"https:\\\/\\\/brandgioielli.it\\\/prodotto\\\/anello-mezzo-cuore-nero\\\/#primaryimage\"},\"image\":{\"@id\":\"https:\\\/\\\/brandgioielli.it\\\/prodotto\\\/anello-mezzo-cuore-nero\\\/#primaryimage\"},\"thumbnailUrl\":\"https:\\\/\\\/brandgioielli.it\\\/wp-content\\\/uploads\\\/2025\\\/09\\\/11RG006N-16-2.jpg\",\"datePublished\":\"2025-09-19T14:06:39+00:00\",\"dateModified\":\"2026-04-20T16:17:30+00:00\",\"description\":\"Acquista ora su Brand Gioielli: Anello Fede Mezzo Cuore Nero\",\"breadcrumb\":{\"@id\":\"https:\\\/\\\/brandgioielli.it\\\/prodotto\\\/anello-mezzo-cuore-nero\\\/#breadcrumb\"},\"inLanguage\":\"de\",\"potentialAction\":[{\"@type\":\"ReadAction\",\"target\":[\"https:\\\/\\\/brandgioielli.it\\\/prodotto\\\/anello-mezzo-cuore-nero\\\/\"]}]},{\"@type\":\"ImageObject\",\"inLanguage\":\"de\",\"@id\":\"https:\\\/\\\/brandgioielli.it\\\/prodotto\\\/anello-mezzo-cuore-nero\\\/#primaryimage\",\"url\":\"https:\\\/\\\/brandgioielli.it\\\/wp-content\\\/uploads\\\/2025\\\/09\\\/11RG006N-16-2.jpg\",\"contentUrl\":\"https:\\\/\\\/brandgioielli.it\\\/wp-content\\\/uploads\\\/2025\\\/09\\\/11RG006N-16-2.jpg\",\"width\":800,\"height\":800},{\"@type\":\"BreadcrumbList\",\"@id\":\"https:\\\/\\\/brandgioielli.it\\\/prodotto\\\/anello-mezzo-cuore-nero\\\/#breadcrumb\",\"itemListElement\":[{\"@type\":\"ListItem\",\"position\":1,\"name\":\"Home\",\"item\":\"https:\\\/\\\/brandgioielli.it\\\/\"},{\"@type\":\"ListItem\",\"position\":2,\"name\":\"Shop\",\"item\":\"https:\\\/\\\/brandgioielli.it\\\/shop\\\/\"},{\"@type\":\"ListItem\",\"position\":3,\"name\":\"Anello Fede Mezzo Cuore Nero\"}]},{\"@type\":\"WebSite\",\"@id\":\"https:\\\/\\\/brandgioielli.it\\\/#website\",\"url\":\"https:\\\/\\\/brandgioielli.it\\\/\",\"name\":\"#BrandGioielli\",\"description\":\"\",\"publisher\":{\"@id\":\"https:\\\/\\\/brandgioielli.it\\\/#organization\"},\"potentialAction\":[{\"@type\":\"SearchAction\",\"target\":{\"@type\":\"EntryPoint\",\"urlTemplate\":\"https:\\\/\\\/brandgioielli.it\\\/?s={search_term_string}\"},\"query-input\":{\"@type\":\"PropertyValueSpecification\",\"valueRequired\":true,\"valueName\":\"search_term_string\"}}],\"inLanguage\":\"de\"},{\"@type\":\"Organization\",\"@id\":\"https:\\\/\\\/brandgioielli.it\\\/#organization\",\"name\":\"Brand Gioielli\",\"url\":\"https:\\\/\\\/brandgioielli.it\\\/\",\"logo\":{\"@type\":\"ImageObject\",\"inLanguage\":\"de\",\"@id\":\"https:\\\/\\\/brandgioielli.it\\\/#\\\/schema\\\/logo\\\/image\\\/\",\"url\":\"https:\\\/\\\/brandgioielli.it\\\/wp-content\\\/uploads\\\/2025\\\/07\\\/LogoBrand.png\",\"contentUrl\":\"https:\\\/\\\/brandgioielli.it\\\/wp-content\\\/uploads\\\/2025\\\/07\\\/LogoBrand.png\",\"width\":600,\"height\":170,\"caption\":\"Brand Gioielli\"},\"image\":{\"@id\":\"https:\\\/\\\/brandgioielli.it\\\/#\\\/schema\\\/logo\\\/image\\\/\"}}]}<\/script>\n<!-- \/ Yoast SEO plugin. -->","yoast_head_json":{"title":"Anello Fede Mezzo Cuore Nero - #BrandGioielli","description":"Acquista ora su Brand Gioielli: Anello Fede Mezzo Cuore Nero","robots":{"index":"index","follow":"follow","max-snippet":"max-snippet:-1","max-image-preview":"max-image-preview:large","max-video-preview":"max-video-preview:-1"},"canonical":"https:\/\/brandgioielli.it\/de\/produkt\/anello-mezzo-cuore-nero\/","og_locale":"de_DE","og_type":"article","og_title":"Anello Fede Mezzo Cuore Nero - #BrandGioielli","og_description":"Acquista ora su Brand Gioielli: Anello Fede Mezzo Cuore Nero","og_url":"https:\/\/brandgioielli.it\/de\/produkt\/anello-mezzo-cuore-nero\/","og_site_name":"#BrandGioielli","article_modified_time":"2026-04-20T16:17:30+00:00","og_image":[{"width":800,"height":800,"url":"http:\/\/brandgioielli.it\/wp-content\/uploads\/2025\/09\/11RG006N-16-2.jpg","type":"image\/jpeg"}],"twitter_card":"summary_large_image","twitter_misc":{"Gesch\u00e4tzte Lesezeit":"2\u00a0Minuten"},"schema":{"@context":"https:\/\/schema.org","@graph":[{"@type":"WebPage","@id":"https:\/\/brandgioielli.it\/prodotto\/anello-mezzo-cuore-nero\/","url":"https:\/\/brandgioielli.it\/prodotto\/anello-mezzo-cuore-nero\/","name":"Anello Fede Mezzo Cuore Nero - #BrandGioielli","isPartOf":{"@id":"https:\/\/brandgioielli.it\/#website"},"primaryImageOfPage":{"@id":"https:\/\/brandgioielli.it\/prodotto\/anello-mezzo-cuore-nero\/#primaryimage"},"image":{"@id":"https:\/\/brandgioielli.it\/prodotto\/anello-mezzo-cuore-nero\/#primaryimage"},"thumbnailUrl":"https:\/\/brandgioielli.it\/wp-content\/uploads\/2025\/09\/11RG006N-16-2.jpg","datePublished":"2025-09-19T14:06:39+00:00","dateModified":"2026-04-20T16:17:30+00:00","description":"Acquista ora su Brand Gioielli: Anello Fede Mezzo Cuore Nero","breadcrumb":{"@id":"https:\/\/brandgioielli.it\/prodotto\/anello-mezzo-cuore-nero\/#breadcrumb"},"inLanguage":"de","potentialAction":[{"@type":"ReadAction","target":["https:\/\/brandgioielli.it\/prodotto\/anello-mezzo-cuore-nero\/"]}]},{"@type":"ImageObject","inLanguage":"de","@id":"https:\/\/brandgioielli.it\/prodotto\/anello-mezzo-cuore-nero\/#primaryimage","url":"https:\/\/brandgioielli.it\/wp-content\/uploads\/2025\/09\/11RG006N-16-2.jpg","contentUrl":"https:\/\/brandgioielli.it\/wp-content\/uploads\/2025\/09\/11RG006N-16-2.jpg","width":800,"height":800},{"@type":"BreadcrumbList","@id":"https:\/\/brandgioielli.it\/prodotto\/anello-mezzo-cuore-nero\/#breadcrumb","itemListElement":[{"@type":"ListItem","position":1,"name":"Home","item":"https:\/\/brandgioielli.it\/"},{"@type":"ListItem","position":2,"name":"Shop","item":"https:\/\/brandgioielli.it\/shop\/"},{"@type":"ListItem","position":3,"name":"Anello Fede Mezzo Cuore Nero"}]},{"@type":"WebSite","@id":"https:\/\/brandgioielli.it\/#website","url":"https:\/\/brandgioielli.it\/","name":"#BrandGioielli","description":"","publisher":{"@id":"https:\/\/brandgioielli.it\/#organization"},"potentialAction":[{"@type":"SearchAction","target":{"@type":"EntryPoint","urlTemplate":"https:\/\/brandgioielli.it\/?s={search_term_string}"},"query-input":{"@type":"PropertyValueSpecification","valueRequired":true,"valueName":"search_term_string"}}],"inLanguage":"de"},{"@type":"Organization","@id":"https:\/\/brandgioielli.it\/#organization","name":"Markenschmuck","url":"https:\/\/brandgioielli.it\/","logo":{"@type":"ImageObject","inLanguage":"de","@id":"https:\/\/brandgioielli.it\/#\/schema\/logo\/image\/","url":"https:\/\/brandgioielli.it\/wp-content\/uploads\/2025\/07\/LogoBrand.png","contentUrl":"https:\/\/brandgioielli.it\/wp-content\/uploads\/2025\/07\/LogoBrand.png","width":600,"height":170,"caption":"Brand Gioielli"},"image":{"@id":"https:\/\/brandgioielli.it\/#\/schema\/logo\/image\/"}}]}},"_links":{"self":[{"href":"https:\/\/brandgioielli.it\/de\/wp-json\/wp\/v2\/product\/8828","targetHints":{"allow":["GET"]}}],"collection":[{"href":"https:\/\/brandgioielli.it\/de\/wp-json\/wp\/v2\/product"}],"about":[{"href":"https:\/\/brandgioielli.it\/de\/wp-json\/wp\/v2\/types\/product"}],"version-history":[{"count":3,"href":"https:\/\/brandgioielli.it\/de\/wp-json\/wp\/v2\/product\/8828\/revisions"}],"predecessor-version":[{"id":102525,"href":"https:\/\/brandgioielli.it\/de\/wp-json\/wp\/v2\/product\/8828\/revisions\/102525"}],"wp:featuredmedia":[{"embeddable":true,"href":"https:\/\/brandgioielli.it\/de\/wp-json\/wp\/v2\/media\/56485"}],"wp:attachment":[{"href":"https:\/\/brandgioielli.it\/de\/wp-json\/wp\/v2\/media?parent=8828"}],"wp:term":[{"taxonomy":"product_brand","embeddable":true,"href":"https:\/\/brandgioielli.it\/de\/wp-json\/wp\/v2\/product_brand?post=8828"},{"taxonomy":"product_cat","embeddable":true,"href":"https:\/\/brandgioielli.it\/de\/wp-json\/wp\/v2\/product_cat?post=8828"},{"taxonomy":"product_tag","embeddable":true,"href":"https:\/\/brandgioielli.it\/de\/wp-json\/wp\/v2\/product_tag?post=8828"}],"curies":[{"name":"wp","href":"https:\/\/api.w.org\/{rel}","templated":true}]}}