{"id":8691,"date":"2025-09-19T16:02:58","date_gmt":"2025-09-19T14:02:58","guid":{"rendered":"https:\/\/sandybrown-lark-277155.hostingersite.com\/prodotto\/portachiavi-solo-se-ti-rende-felice\/"},"modified":"2026-04-17T18:17:46","modified_gmt":"2026-04-17T16:17:46","slug":"portachiavi-solo-se-ti-rende-felice","status":"publish","type":"product","link":"https:\/\/brandgioielli.it\/de\/produkt\/portachiavi-solo-se-ti-rende-felice\/","title":{"rendered":"Schl\u00fcsselanh\u00e4nger Nur wenn es dich gl\u00fccklich macht"},"content":{"rendered":"<h2><strong>Schl\u00fcsselanh\u00e4nger \u201cNur wenn es dich gl\u00fccklich macht\u201d<\/strong><\/h2>\n<p data-start=\"428\" data-end=\"624\">Der Schl\u00fcsselanh\u00e4nger aus \u00d6ko-Leder von #Brand Gioielli ist das perfekte Accessoire, um Ihrem Tag oder dem eines geliebten Menschen eine positive Note zu verleihen. Hergestellt aus <strong data-start=\"640\" data-end=\"663\">\u00d6ko-Leder <\/strong>Dieser mit viel Liebe zum Detail gefertigte Schl\u00fcsselanh\u00e4nger ist mit einem emotionalen oder motivierenden Spruch verziert. Jedes Modell vermittelt eine andere Botschaft, doch alle verfolgen dasselbe Ziel: ein L\u00e4cheln zu schenken, zu inspirieren oder an etwas Wichtiges zu erinnern. Die perfekte, originelle Geschenkidee. Ein schlichtes Objekt mit tiefgr\u00fcndiger Aussage \u2013 ein absolutes Must-have.<\/p>\n<p><strong>TECHNISCHE DATEN<\/strong><\/p>\n<ul>\n<li>Schl\u00fcsselanh\u00e4nger \u201cNur wenn es dich gl\u00fccklich macht\u201d<\/li>\n<li>Abmessungen: 4 cm x 6 cm<\/li>\n<li>Bris\u00e8 Durchmesser: 3 cm<\/li>\n<li>Ausf\u00fchrung: Stahl<\/li>\n<li>Material: Stahl, \u00d6ko-Leder<\/li>\n<\/ul>\n<p><em>Alle Schmuckst\u00fccke von #Brand werden aus dem reinsten chirurgischen Edelstahl hergestellt, der auf Nickel getestet wurde, und sind so konzipiert, dass sie jeden Tag getragen werden k\u00f6nnen, ohne dass Verf\u00e4rbungen oder Abnutzungserscheinungen zu bef\u00fcrchten sind, und sie sind wasserfest.<\/em><\/p>","protected":false},"excerpt":{"rendered":"<p>Portachiavi &#8220;Solo se ti rende felice&#8221; Il portachiavi in ecopelle firmato #Brand Gioielli \u00e8 l\u2019accessorio perfetto per aggiungere un tocco di positivit\u00e0 alla tua giornata o a quella di chi ami. Realizzato in ecopelle e curato nei dettagli, questo portachiavi \u00e8 decorato con una frase emozionale o motivazionale. Ogni modello trasmette un messaggio diverso, ma [&hellip;]<\/p>\n","protected":false},"featured_media":102860,"template":"","meta":[],"product_brand":[],"product_cat":[476,19,26,506,39],"product_tag":[136],"class_list":{"0":"post-8691","1":"product","2":"type-product","3":"status-publish","4":"has-post-thumbnail","6":"product_cat-coppia","7":"product_cat-donna","8":"product_cat-portachiavi","9":"product_cat-sotto-i-20e","10":"product_cat-uomo","11":"product_tag-collezione-emozioni","13":"first","14":"instock","15":"shipping-taxable","16":"purchasable","17":"product-type-simple"},"yoast_head":"<!-- This site is optimized with the Yoast SEO plugin v27.4 - https:\/\/yoast.com\/product\/yoast-seo-wordpress\/ -->\n<title>Portachiavi Solo Se Ti Rende Felice - #BrandGioielli<\/title>\n<meta name=\"description\" content=\"Acquista ora su Brand Gioielli: Portachiavi Solo Se Ti Rende Felice\" \/>\n<meta name=\"robots\" content=\"index, follow, max-snippet:-1, max-image-preview:large, max-video-preview:-1\" \/>\n<link rel=\"canonical\" href=\"https:\/\/brandgioielli.it\/de\/produkt\/portachiavi-solo-se-ti-rende-felice\/\" \/>\n<meta property=\"og:locale\" content=\"de_DE\" \/>\n<meta property=\"og:type\" content=\"article\" \/>\n<meta property=\"og:title\" content=\"Portachiavi Solo Se Ti Rende Felice - #BrandGioielli\" \/>\n<meta property=\"og:description\" content=\"Acquista ora su Brand Gioielli: Portachiavi Solo Se Ti Rende Felice\" \/>\n<meta property=\"og:url\" content=\"https:\/\/brandgioielli.it\/de\/produkt\/portachiavi-solo-se-ti-rende-felice\/\" \/>\n<meta property=\"og:site_name\" content=\"#BrandGioielli\" \/>\n<meta property=\"article:modified_time\" content=\"2026-04-17T16:17:46+00:00\" \/>\n<meta property=\"og:image\" content=\"http:\/\/brandgioielli.it\/wp-content\/uploads\/2025\/09\/portachiavi-solo-se-ti-rende-felice.jpg\" \/>\n\t<meta property=\"og:image:width\" content=\"800\" \/>\n\t<meta property=\"og:image:height\" content=\"800\" \/>\n\t<meta property=\"og:image:type\" content=\"image\/jpeg\" \/>\n<meta name=\"twitter:card\" content=\"summary_large_image\" \/>\n<meta name=\"twitter:label1\" content=\"Gesch\u00e4tzte Lesezeit\" \/>\n\t<meta name=\"twitter:data1\" content=\"1\u00a0Minute\" \/>\n<script type=\"application\/ld+json\" class=\"yoast-schema-graph\">{\"@context\":\"https:\\\/\\\/schema.org\",\"@graph\":[{\"@type\":\"WebPage\",\"@id\":\"https:\\\/\\\/brandgioielli.it\\\/prodotto\\\/portachiavi-solo-se-ti-rende-felice\\\/\",\"url\":\"https:\\\/\\\/brandgioielli.it\\\/prodotto\\\/portachiavi-solo-se-ti-rende-felice\\\/\",\"name\":\"Portachiavi Solo Se Ti Rende Felice - #BrandGioielli\",\"isPartOf\":{\"@id\":\"https:\\\/\\\/brandgioielli.it\\\/#website\"},\"primaryImageOfPage\":{\"@id\":\"https:\\\/\\\/brandgioielli.it\\\/prodotto\\\/portachiavi-solo-se-ti-rende-felice\\\/#primaryimage\"},\"image\":{\"@id\":\"https:\\\/\\\/brandgioielli.it\\\/prodotto\\\/portachiavi-solo-se-ti-rende-felice\\\/#primaryimage\"},\"thumbnailUrl\":\"https:\\\/\\\/brandgioielli.it\\\/wp-content\\\/uploads\\\/2025\\\/09\\\/portachiavi-solo-se-ti-rende-felice.jpg\",\"datePublished\":\"2025-09-19T14:02:58+00:00\",\"dateModified\":\"2026-04-17T16:17:46+00:00\",\"description\":\"Acquista ora su Brand Gioielli: Portachiavi Solo Se Ti Rende Felice\",\"breadcrumb\":{\"@id\":\"https:\\\/\\\/brandgioielli.it\\\/prodotto\\\/portachiavi-solo-se-ti-rende-felice\\\/#breadcrumb\"},\"inLanguage\":\"de\",\"potentialAction\":[{\"@type\":\"ReadAction\",\"target\":[\"https:\\\/\\\/brandgioielli.it\\\/prodotto\\\/portachiavi-solo-se-ti-rende-felice\\\/\"]}]},{\"@type\":\"ImageObject\",\"inLanguage\":\"de\",\"@id\":\"https:\\\/\\\/brandgioielli.it\\\/prodotto\\\/portachiavi-solo-se-ti-rende-felice\\\/#primaryimage\",\"url\":\"https:\\\/\\\/brandgioielli.it\\\/wp-content\\\/uploads\\\/2025\\\/09\\\/portachiavi-solo-se-ti-rende-felice.jpg\",\"contentUrl\":\"https:\\\/\\\/brandgioielli.it\\\/wp-content\\\/uploads\\\/2025\\\/09\\\/portachiavi-solo-se-ti-rende-felice.jpg\",\"width\":800,\"height\":800},{\"@type\":\"BreadcrumbList\",\"@id\":\"https:\\\/\\\/brandgioielli.it\\\/prodotto\\\/portachiavi-solo-se-ti-rende-felice\\\/#breadcrumb\",\"itemListElement\":[{\"@type\":\"ListItem\",\"position\":1,\"name\":\"Home\",\"item\":\"https:\\\/\\\/brandgioielli.it\\\/\"},{\"@type\":\"ListItem\",\"position\":2,\"name\":\"Shop\",\"item\":\"https:\\\/\\\/brandgioielli.it\\\/shop\\\/\"},{\"@type\":\"ListItem\",\"position\":3,\"name\":\"Portachiavi Solo Se Ti Rende Felice\"}]},{\"@type\":\"WebSite\",\"@id\":\"https:\\\/\\\/brandgioielli.it\\\/#website\",\"url\":\"https:\\\/\\\/brandgioielli.it\\\/\",\"name\":\"#BrandGioielli\",\"description\":\"\",\"publisher\":{\"@id\":\"https:\\\/\\\/brandgioielli.it\\\/#organization\"},\"potentialAction\":[{\"@type\":\"SearchAction\",\"target\":{\"@type\":\"EntryPoint\",\"urlTemplate\":\"https:\\\/\\\/brandgioielli.it\\\/?s={search_term_string}\"},\"query-input\":{\"@type\":\"PropertyValueSpecification\",\"valueRequired\":true,\"valueName\":\"search_term_string\"}}],\"inLanguage\":\"de\"},{\"@type\":\"Organization\",\"@id\":\"https:\\\/\\\/brandgioielli.it\\\/#organization\",\"name\":\"Brand Gioielli\",\"url\":\"https:\\\/\\\/brandgioielli.it\\\/\",\"logo\":{\"@type\":\"ImageObject\",\"inLanguage\":\"de\",\"@id\":\"https:\\\/\\\/brandgioielli.it\\\/#\\\/schema\\\/logo\\\/image\\\/\",\"url\":\"https:\\\/\\\/brandgioielli.it\\\/wp-content\\\/uploads\\\/2025\\\/07\\\/LogoBrand.png\",\"contentUrl\":\"https:\\\/\\\/brandgioielli.it\\\/wp-content\\\/uploads\\\/2025\\\/07\\\/LogoBrand.png\",\"width\":600,\"height\":170,\"caption\":\"Brand Gioielli\"},\"image\":{\"@id\":\"https:\\\/\\\/brandgioielli.it\\\/#\\\/schema\\\/logo\\\/image\\\/\"}}]}<\/script>\n<!-- \/ Yoast SEO plugin. -->","yoast_head_json":{"title":"Schl\u00fcsselanh\u00e4nger \u201eNur wenn es dich gl\u00fccklich macht\u201c \u2013 #BrandGioielli","description":"Jetzt bei Brand Gioielli shoppen: Schl\u00fcsselanh\u00e4nger \u2013 nur wenn sie dich gl\u00fccklich machen","robots":{"index":"index","follow":"follow","max-snippet":"max-snippet:-1","max-image-preview":"max-image-preview:large","max-video-preview":"max-video-preview:-1"},"canonical":"https:\/\/brandgioielli.it\/de\/produkt\/portachiavi-solo-se-ti-rende-felice\/","og_locale":"de_DE","og_type":"article","og_title":"Portachiavi Solo Se Ti Rende Felice - #BrandGioielli","og_description":"Acquista ora su Brand Gioielli: Portachiavi Solo Se Ti Rende Felice","og_url":"https:\/\/brandgioielli.it\/de\/produkt\/portachiavi-solo-se-ti-rende-felice\/","og_site_name":"#BrandGioielli","article_modified_time":"2026-04-17T16:17:46+00:00","og_image":[{"width":800,"height":800,"url":"http:\/\/brandgioielli.it\/wp-content\/uploads\/2025\/09\/portachiavi-solo-se-ti-rende-felice.jpg","type":"image\/jpeg"}],"twitter_card":"summary_large_image","twitter_misc":{"Gesch\u00e4tzte Lesezeit":"1\u00a0Minute"},"schema":{"@context":"https:\/\/schema.org","@graph":[{"@type":"WebPage","@id":"https:\/\/brandgioielli.it\/prodotto\/portachiavi-solo-se-ti-rende-felice\/","url":"https:\/\/brandgioielli.it\/prodotto\/portachiavi-solo-se-ti-rende-felice\/","name":"Schl\u00fcsselanh\u00e4nger \u201eNur wenn es dich gl\u00fccklich macht\u201c \u2013 #BrandGioielli","isPartOf":{"@id":"https:\/\/brandgioielli.it\/#website"},"primaryImageOfPage":{"@id":"https:\/\/brandgioielli.it\/prodotto\/portachiavi-solo-se-ti-rende-felice\/#primaryimage"},"image":{"@id":"https:\/\/brandgioielli.it\/prodotto\/portachiavi-solo-se-ti-rende-felice\/#primaryimage"},"thumbnailUrl":"https:\/\/brandgioielli.it\/wp-content\/uploads\/2025\/09\/portachiavi-solo-se-ti-rende-felice.jpg","datePublished":"2025-09-19T14:02:58+00:00","dateModified":"2026-04-17T16:17:46+00:00","description":"Jetzt bei Brand Gioielli shoppen: Schl\u00fcsselanh\u00e4nger \u2013 nur wenn sie dich gl\u00fccklich machen","breadcrumb":{"@id":"https:\/\/brandgioielli.it\/prodotto\/portachiavi-solo-se-ti-rende-felice\/#breadcrumb"},"inLanguage":"de","potentialAction":[{"@type":"ReadAction","target":["https:\/\/brandgioielli.it\/prodotto\/portachiavi-solo-se-ti-rende-felice\/"]}]},{"@type":"ImageObject","inLanguage":"de","@id":"https:\/\/brandgioielli.it\/prodotto\/portachiavi-solo-se-ti-rende-felice\/#primaryimage","url":"https:\/\/brandgioielli.it\/wp-content\/uploads\/2025\/09\/portachiavi-solo-se-ti-rende-felice.jpg","contentUrl":"https:\/\/brandgioielli.it\/wp-content\/uploads\/2025\/09\/portachiavi-solo-se-ti-rende-felice.jpg","width":800,"height":800},{"@type":"BreadcrumbList","@id":"https:\/\/brandgioielli.it\/prodotto\/portachiavi-solo-se-ti-rende-felice\/#breadcrumb","itemListElement":[{"@type":"ListItem","position":1,"name":"Home","item":"https:\/\/brandgioielli.it\/"},{"@type":"ListItem","position":2,"name":"Shop","item":"https:\/\/brandgioielli.it\/shop\/"},{"@type":"ListItem","position":3,"name":"Portachiavi Solo Se Ti Rende Felice"}]},{"@type":"WebSite","@id":"https:\/\/brandgioielli.it\/#website","url":"https:\/\/brandgioielli.it\/","name":"#BrandGioielli","description":"","publisher":{"@id":"https:\/\/brandgioielli.it\/#organization"},"potentialAction":[{"@type":"SearchAction","target":{"@type":"EntryPoint","urlTemplate":"https:\/\/brandgioielli.it\/?s={search_term_string}"},"query-input":{"@type":"PropertyValueSpecification","valueRequired":true,"valueName":"search_term_string"}}],"inLanguage":"de"},{"@type":"Organization","@id":"https:\/\/brandgioielli.it\/#organization","name":"Markenschmuck","url":"https:\/\/brandgioielli.it\/","logo":{"@type":"ImageObject","inLanguage":"de","@id":"https:\/\/brandgioielli.it\/#\/schema\/logo\/image\/","url":"https:\/\/brandgioielli.it\/wp-content\/uploads\/2025\/07\/LogoBrand.png","contentUrl":"https:\/\/brandgioielli.it\/wp-content\/uploads\/2025\/07\/LogoBrand.png","width":600,"height":170,"caption":"Brand Gioielli"},"image":{"@id":"https:\/\/brandgioielli.it\/#\/schema\/logo\/image\/"}}]}},"_links":{"self":[{"href":"https:\/\/brandgioielli.it\/de\/wp-json\/wp\/v2\/product\/8691","targetHints":{"allow":["GET"]}}],"collection":[{"href":"https:\/\/brandgioielli.it\/de\/wp-json\/wp\/v2\/product"}],"about":[{"href":"https:\/\/brandgioielli.it\/de\/wp-json\/wp\/v2\/types\/product"}],"version-history":[{"count":3,"href":"https:\/\/brandgioielli.it\/de\/wp-json\/wp\/v2\/product\/8691\/revisions"}],"predecessor-version":[{"id":102901,"href":"https:\/\/brandgioielli.it\/de\/wp-json\/wp\/v2\/product\/8691\/revisions\/102901"}],"wp:featuredmedia":[{"embeddable":true,"href":"https:\/\/brandgioielli.it\/de\/wp-json\/wp\/v2\/media\/102860"}],"wp:attachment":[{"href":"https:\/\/brandgioielli.it\/de\/wp-json\/wp\/v2\/media?parent=8691"}],"wp:term":[{"taxonomy":"product_brand","embeddable":true,"href":"https:\/\/brandgioielli.it\/de\/wp-json\/wp\/v2\/product_brand?post=8691"},{"taxonomy":"product_cat","embeddable":true,"href":"https:\/\/brandgioielli.it\/de\/wp-json\/wp\/v2\/product_cat?post=8691"},{"taxonomy":"product_tag","embeddable":true,"href":"https:\/\/brandgioielli.it\/de\/wp-json\/wp\/v2\/product_tag?post=8691"}],"curies":[{"name":"wp","href":"https:\/\/api.w.org\/{rel}","templated":true}]}}