{"id":8115,"date":"2025-09-19T15:47:01","date_gmt":"2025-09-19T13:47:01","guid":{"rendered":"https:\/\/sandybrown-lark-277155.hostingersite.com\/prodotto\/orecchino-singolo-saliscendi-cuore-turchese\/"},"modified":"2026-04-20T11:17:43","modified_gmt":"2026-04-20T09:17:43","slug":"orecchino-singolo-saliscendi-cuore-turchese","status":"publish","type":"product","link":"https:\/\/brandgioielli.it\/de\/produkt\/orecchino-singolo-saliscendi-cuore-turchese\/","title":{"rendered":"T\u00fcrkisfarbener Herz-Ohrring (einzeln)"},"content":{"rendered":"<h2>T\u00fcrkisfarbener Herz-Ohrring (einzeln)<\/h2>\n<p data-start=\"518\" data-end=\"721\">Der einzelne herzf\u00f6rmige Ohrh\u00e4nger von #Brand Gioielli besticht durch sein frisches und verspieltes Design. Leuchtend farbige Emaille-Motive harmonieren perfekt mit der zarten Kette, die f\u00fcr eine elegante, flie\u00dfende Bewegung sorgt. Die Kette verleiht jeder Bewegung Dynamik und Leuchtkraft. Gefertigt aus Edelstahl mit Emaille-Details, vereint der Ohrh\u00e4nger Langlebigkeit mit modernem Stil. Er ist perfekt, um Ihrem Alltagslook einen Farbtupfer und Pers\u00f6nlichkeit zu verleihen und kann einzeln f\u00fcr einen zarten Look oder in Kombination mit anderen Ohrringen f\u00fcr trendige und moderne Outfits getragen werden.<\/p>\n<p><strong>TECHNISCHE DATEN<\/strong><\/p>\n<ul>\n<li>T\u00fcrkisfarbener Herz-Ohrring (einzeln)<\/li>\n<li>L\u00e4nge des Ohrrings: 6 cm<\/li>\n<li>Ausf\u00fchrung: Stahl<\/li>\n<li>Material: Rostfreier Stahl, Kristalle<\/li>\n<\/ul>\n<p><em>Alle Schmuckst\u00fccke von #Brand werden aus dem reinsten chirurgischen Edelstahl hergestellt, der auf Nickel getestet wurde, und sind so konzipiert, dass sie jeden Tag getragen werden k\u00f6nnen, ohne dass Verf\u00e4rbungen oder Abnutzungserscheinungen zu bef\u00fcrchten sind, und sie sind wasserfest.<\/em><\/p>","protected":false},"excerpt":{"rendered":"<p>Orecchino Singolo Saliscendi Cuore Turchese L&#8217;orecchino singolo saliscendi cuore firmato #Brand Gioielli si distingue per il suo design fresco e giocoso, caratterizzato da soggetti smaltati dai colori vivaci abbinati a una sottile catenina che crea un elegante effetto movimento. La catena sottile dona dinamismo e luminosit\u00e0 ad ogni gesto. Realizzati in acciaio inossidabile e dettagli [&hellip;]<\/p>\n","protected":false},"featured_media":105359,"template":"","meta":[],"product_brand":[],"product_cat":[19,36,24,117,505,611],"product_tag":[585],"class_list":{"0":"post-8115","1":"product","2":"type-product","3":"status-publish","4":"has-post-thumbnail","6":"product_cat-donna","7":"product_cat-orecchini","8":"product_cat-orecchini-donna","9":"product_cat-saliscendi","10":"product_cat-sotto-i-10e","11":"product_cat-spring-selection","12":"product_tag-collezione-joy","14":"first","15":"instock","16":"shipping-taxable","17":"purchasable","18":"product-type-simple"},"yoast_head":"<!-- This site is optimized with the Yoast SEO plugin v27.4 - https:\/\/yoast.com\/product\/yoast-seo-wordpress\/ -->\n<title>Orecchino Singolo Saliscendi Cuore Turchese - #BrandGioielli<\/title>\n<meta name=\"description\" content=\"Acquista ora su Brand Gioielli: Orecchino Singolo Saliscendi Cuore Turchese\" \/>\n<meta name=\"robots\" content=\"index, follow, max-snippet:-1, max-image-preview:large, max-video-preview:-1\" \/>\n<link rel=\"canonical\" href=\"https:\/\/brandgioielli.it\/de\/produkt\/orecchino-singolo-saliscendi-cuore-turchese\/\" \/>\n<meta property=\"og:locale\" content=\"de_DE\" \/>\n<meta property=\"og:type\" content=\"article\" \/>\n<meta property=\"og:title\" content=\"Orecchino Singolo Saliscendi Cuore Turchese - #BrandGioielli\" \/>\n<meta property=\"og:description\" content=\"Acquista ora su Brand Gioielli: Orecchino Singolo Saliscendi Cuore Turchese\" \/>\n<meta property=\"og:url\" content=\"https:\/\/brandgioielli.it\/de\/produkt\/orecchino-singolo-saliscendi-cuore-turchese\/\" \/>\n<meta property=\"og:site_name\" content=\"#BrandGioielli\" \/>\n<meta property=\"article:modified_time\" content=\"2026-04-20T09:17:43+00:00\" \/>\n<meta property=\"og:image\" content=\"https:\/\/brandgioielli.it\/wp-content\/uploads\/2025\/09\/saliscendi-singolo-cuore-azzurro-cristalli.jpg\" \/>\n\t<meta property=\"og:image:width\" content=\"800\" \/>\n\t<meta property=\"og:image:height\" content=\"800\" \/>\n\t<meta property=\"og:image:type\" content=\"image\/jpeg\" \/>\n<meta name=\"twitter:card\" content=\"summary_large_image\" \/>\n<meta name=\"twitter:label1\" content=\"Gesch\u00e4tzte Lesezeit\" \/>\n\t<meta name=\"twitter:data1\" content=\"1\u00a0Minute\" \/>\n<script type=\"application\/ld+json\" class=\"yoast-schema-graph\">{\"@context\":\"https:\\\/\\\/schema.org\",\"@graph\":[{\"@type\":\"WebPage\",\"@id\":\"https:\\\/\\\/brandgioielli.it\\\/prodotto\\\/orecchino-singolo-saliscendi-cuore-turchese\\\/\",\"url\":\"https:\\\/\\\/brandgioielli.it\\\/prodotto\\\/orecchino-singolo-saliscendi-cuore-turchese\\\/\",\"name\":\"Orecchino Singolo Saliscendi Cuore Turchese - #BrandGioielli\",\"isPartOf\":{\"@id\":\"https:\\\/\\\/brandgioielli.it\\\/#website\"},\"primaryImageOfPage\":{\"@id\":\"https:\\\/\\\/brandgioielli.it\\\/prodotto\\\/orecchino-singolo-saliscendi-cuore-turchese\\\/#primaryimage\"},\"image\":{\"@id\":\"https:\\\/\\\/brandgioielli.it\\\/prodotto\\\/orecchino-singolo-saliscendi-cuore-turchese\\\/#primaryimage\"},\"thumbnailUrl\":\"https:\\\/\\\/brandgioielli.it\\\/wp-content\\\/uploads\\\/2025\\\/09\\\/saliscendi-singolo-cuore-azzurro-cristalli.jpg\",\"datePublished\":\"2025-09-19T13:47:01+00:00\",\"dateModified\":\"2026-04-20T09:17:43+00:00\",\"description\":\"Acquista ora su Brand Gioielli: Orecchino Singolo Saliscendi Cuore Turchese\",\"breadcrumb\":{\"@id\":\"https:\\\/\\\/brandgioielli.it\\\/prodotto\\\/orecchino-singolo-saliscendi-cuore-turchese\\\/#breadcrumb\"},\"inLanguage\":\"de\",\"potentialAction\":[{\"@type\":\"ReadAction\",\"target\":[\"https:\\\/\\\/brandgioielli.it\\\/prodotto\\\/orecchino-singolo-saliscendi-cuore-turchese\\\/\"]}]},{\"@type\":\"ImageObject\",\"inLanguage\":\"de\",\"@id\":\"https:\\\/\\\/brandgioielli.it\\\/prodotto\\\/orecchino-singolo-saliscendi-cuore-turchese\\\/#primaryimage\",\"url\":\"https:\\\/\\\/brandgioielli.it\\\/wp-content\\\/uploads\\\/2025\\\/09\\\/saliscendi-singolo-cuore-azzurro-cristalli.jpg\",\"contentUrl\":\"https:\\\/\\\/brandgioielli.it\\\/wp-content\\\/uploads\\\/2025\\\/09\\\/saliscendi-singolo-cuore-azzurro-cristalli.jpg\",\"width\":800,\"height\":800},{\"@type\":\"BreadcrumbList\",\"@id\":\"https:\\\/\\\/brandgioielli.it\\\/prodotto\\\/orecchino-singolo-saliscendi-cuore-turchese\\\/#breadcrumb\",\"itemListElement\":[{\"@type\":\"ListItem\",\"position\":1,\"name\":\"Home\",\"item\":\"https:\\\/\\\/brandgioielli.it\\\/\"},{\"@type\":\"ListItem\",\"position\":2,\"name\":\"Shop\",\"item\":\"https:\\\/\\\/brandgioielli.it\\\/shop\\\/\"},{\"@type\":\"ListItem\",\"position\":3,\"name\":\"Orecchino Singolo Saliscendi Cuore Turchese\"}]},{\"@type\":\"WebSite\",\"@id\":\"https:\\\/\\\/brandgioielli.it\\\/#website\",\"url\":\"https:\\\/\\\/brandgioielli.it\\\/\",\"name\":\"#BrandGioielli\",\"description\":\"\",\"publisher\":{\"@id\":\"https:\\\/\\\/brandgioielli.it\\\/#organization\"},\"potentialAction\":[{\"@type\":\"SearchAction\",\"target\":{\"@type\":\"EntryPoint\",\"urlTemplate\":\"https:\\\/\\\/brandgioielli.it\\\/?s={search_term_string}\"},\"query-input\":{\"@type\":\"PropertyValueSpecification\",\"valueRequired\":true,\"valueName\":\"search_term_string\"}}],\"inLanguage\":\"de\"},{\"@type\":\"Organization\",\"@id\":\"https:\\\/\\\/brandgioielli.it\\\/#organization\",\"name\":\"Brand Gioielli\",\"url\":\"https:\\\/\\\/brandgioielli.it\\\/\",\"logo\":{\"@type\":\"ImageObject\",\"inLanguage\":\"de\",\"@id\":\"https:\\\/\\\/brandgioielli.it\\\/#\\\/schema\\\/logo\\\/image\\\/\",\"url\":\"https:\\\/\\\/brandgioielli.it\\\/wp-content\\\/uploads\\\/2025\\\/07\\\/LogoBrand.png\",\"contentUrl\":\"https:\\\/\\\/brandgioielli.it\\\/wp-content\\\/uploads\\\/2025\\\/07\\\/LogoBrand.png\",\"width\":600,\"height\":170,\"caption\":\"Brand Gioielli\"},\"image\":{\"@id\":\"https:\\\/\\\/brandgioielli.it\\\/#\\\/schema\\\/logo\\\/image\\\/\"}}]}<\/script>\n<!-- \/ Yoast SEO plugin. -->","yoast_head_json":{"title":"Orecchino Singolo Saliscendi Cuore Turchese - #BrandGioielli","description":"Acquista ora su Brand Gioielli: Orecchino Singolo Saliscendi Cuore Turchese","robots":{"index":"index","follow":"follow","max-snippet":"max-snippet:-1","max-image-preview":"max-image-preview:large","max-video-preview":"max-video-preview:-1"},"canonical":"https:\/\/brandgioielli.it\/de\/produkt\/orecchino-singolo-saliscendi-cuore-turchese\/","og_locale":"de_DE","og_type":"article","og_title":"Orecchino Singolo Saliscendi Cuore Turchese - #BrandGioielli","og_description":"Acquista ora su Brand Gioielli: Orecchino Singolo Saliscendi Cuore Turchese","og_url":"https:\/\/brandgioielli.it\/de\/produkt\/orecchino-singolo-saliscendi-cuore-turchese\/","og_site_name":"#BrandGioielli","article_modified_time":"2026-04-20T09:17:43+00:00","og_image":[{"width":800,"height":800,"url":"https:\/\/brandgioielli.it\/wp-content\/uploads\/2025\/09\/saliscendi-singolo-cuore-azzurro-cristalli.jpg","type":"image\/jpeg"}],"twitter_card":"summary_large_image","twitter_misc":{"Gesch\u00e4tzte Lesezeit":"1\u00a0Minute"},"schema":{"@context":"https:\/\/schema.org","@graph":[{"@type":"WebPage","@id":"https:\/\/brandgioielli.it\/prodotto\/orecchino-singolo-saliscendi-cuore-turchese\/","url":"https:\/\/brandgioielli.it\/prodotto\/orecchino-singolo-saliscendi-cuore-turchese\/","name":"Orecchino Singolo Saliscendi Cuore Turchese - #BrandGioielli","isPartOf":{"@id":"https:\/\/brandgioielli.it\/#website"},"primaryImageOfPage":{"@id":"https:\/\/brandgioielli.it\/prodotto\/orecchino-singolo-saliscendi-cuore-turchese\/#primaryimage"},"image":{"@id":"https:\/\/brandgioielli.it\/prodotto\/orecchino-singolo-saliscendi-cuore-turchese\/#primaryimage"},"thumbnailUrl":"https:\/\/brandgioielli.it\/wp-content\/uploads\/2025\/09\/saliscendi-singolo-cuore-azzurro-cristalli.jpg","datePublished":"2025-09-19T13:47:01+00:00","dateModified":"2026-04-20T09:17:43+00:00","description":"Acquista ora su Brand Gioielli: Orecchino Singolo Saliscendi Cuore Turchese","breadcrumb":{"@id":"https:\/\/brandgioielli.it\/prodotto\/orecchino-singolo-saliscendi-cuore-turchese\/#breadcrumb"},"inLanguage":"de","potentialAction":[{"@type":"ReadAction","target":["https:\/\/brandgioielli.it\/prodotto\/orecchino-singolo-saliscendi-cuore-turchese\/"]}]},{"@type":"ImageObject","inLanguage":"de","@id":"https:\/\/brandgioielli.it\/prodotto\/orecchino-singolo-saliscendi-cuore-turchese\/#primaryimage","url":"https:\/\/brandgioielli.it\/wp-content\/uploads\/2025\/09\/saliscendi-singolo-cuore-azzurro-cristalli.jpg","contentUrl":"https:\/\/brandgioielli.it\/wp-content\/uploads\/2025\/09\/saliscendi-singolo-cuore-azzurro-cristalli.jpg","width":800,"height":800},{"@type":"BreadcrumbList","@id":"https:\/\/brandgioielli.it\/prodotto\/orecchino-singolo-saliscendi-cuore-turchese\/#breadcrumb","itemListElement":[{"@type":"ListItem","position":1,"name":"Home","item":"https:\/\/brandgioielli.it\/"},{"@type":"ListItem","position":2,"name":"Shop","item":"https:\/\/brandgioielli.it\/shop\/"},{"@type":"ListItem","position":3,"name":"Orecchino Singolo Saliscendi Cuore Turchese"}]},{"@type":"WebSite","@id":"https:\/\/brandgioielli.it\/#website","url":"https:\/\/brandgioielli.it\/","name":"#BrandGioielli","description":"","publisher":{"@id":"https:\/\/brandgioielli.it\/#organization"},"potentialAction":[{"@type":"SearchAction","target":{"@type":"EntryPoint","urlTemplate":"https:\/\/brandgioielli.it\/?s={search_term_string}"},"query-input":{"@type":"PropertyValueSpecification","valueRequired":true,"valueName":"search_term_string"}}],"inLanguage":"de"},{"@type":"Organization","@id":"https:\/\/brandgioielli.it\/#organization","name":"Markenschmuck","url":"https:\/\/brandgioielli.it\/","logo":{"@type":"ImageObject","inLanguage":"de","@id":"https:\/\/brandgioielli.it\/#\/schema\/logo\/image\/","url":"https:\/\/brandgioielli.it\/wp-content\/uploads\/2025\/07\/LogoBrand.png","contentUrl":"https:\/\/brandgioielli.it\/wp-content\/uploads\/2025\/07\/LogoBrand.png","width":600,"height":170,"caption":"Brand Gioielli"},"image":{"@id":"https:\/\/brandgioielli.it\/#\/schema\/logo\/image\/"}}]}},"_links":{"self":[{"href":"https:\/\/brandgioielli.it\/de\/wp-json\/wp\/v2\/product\/8115","targetHints":{"allow":["GET"]}}],"collection":[{"href":"https:\/\/brandgioielli.it\/de\/wp-json\/wp\/v2\/product"}],"about":[{"href":"https:\/\/brandgioielli.it\/de\/wp-json\/wp\/v2\/types\/product"}],"version-history":[{"count":3,"href":"https:\/\/brandgioielli.it\/de\/wp-json\/wp\/v2\/product\/8115\/revisions"}],"predecessor-version":[{"id":105404,"href":"https:\/\/brandgioielli.it\/de\/wp-json\/wp\/v2\/product\/8115\/revisions\/105404"}],"wp:featuredmedia":[{"embeddable":true,"href":"https:\/\/brandgioielli.it\/de\/wp-json\/wp\/v2\/media\/105359"}],"wp:attachment":[{"href":"https:\/\/brandgioielli.it\/de\/wp-json\/wp\/v2\/media?parent=8115"}],"wp:term":[{"taxonomy":"product_brand","embeddable":true,"href":"https:\/\/brandgioielli.it\/de\/wp-json\/wp\/v2\/product_brand?post=8115"},{"taxonomy":"product_cat","embeddable":true,"href":"https:\/\/brandgioielli.it\/de\/wp-json\/wp\/v2\/product_cat?post=8115"},{"taxonomy":"product_tag","embeddable":true,"href":"https:\/\/brandgioielli.it\/de\/wp-json\/wp\/v2\/product_tag?post=8115"}],"curies":[{"name":"wp","href":"https:\/\/api.w.org\/{rel}","templated":true}]}}