{"id":6808,"date":"2025-09-20T14:40:32","date_gmt":"2025-09-20T12:40:32","guid":{"rendered":"https:\/\/sandybrown-lark-277155.hostingersite.com\/prodotto\/collana-cuore-pendente\/"},"modified":"2026-04-21T18:18:49","modified_gmt":"2026-04-21T16:18:49","slug":"collana-cuore-pendente","status":"publish","type":"product","link":"https:\/\/brandgioielli.it\/de\/produkt\/collana-cuore-pendente\/","title":{"rendered":"Herz-Anh\u00e4nger-Halskette"},"content":{"rendered":"<h2>Herz-Anh\u00e4nger-Halskette<\/h2>\n<p data-start=\"518\" data-end=\"721\">Die Herzkette von #Brand Gioielli ist ein minimalistisches Accessoire mit gro\u00dfer Bedeutung. Hergestellt aus <strong data-start=\"531\" data-end=\"560\">rostfreier Stahl<\/strong>, resistent und hypoallergen. <strong data-start=\"676\" data-end=\"722\">glatte und gl\u00e4nzende Oberfl\u00e4che<\/strong>\u00a0Es eignet sich perfekt zum Gravieren: eines Namens, eines wichtigen Datums, eines Stichworts, eines Initialen oder einer geheimen Botschaft. Es ist auch eine perfekte Idee f\u00fcr \u2026 <strong data-start=\"990\" data-end=\"1015\">personalisiertes Geschenk<\/strong>, um etwas zu widmen oder zu teilen.<\/p>\n<p><strong>TECHNISCHE DATEN<\/strong><\/p>\n<ul>\n<li>Herz-Anh\u00e4nger-Halskette<\/li>\n<li>Gr\u00f6\u00dfe: 2 cm<\/li>\n<li>L\u00e4nge: 42 cm + 5 cm Verl\u00e4ngerung<\/li>\n<li>Ausf\u00fchrung: Stahl<\/li>\n<li>Material: Rostfreier Stahl<\/li>\n<\/ul>\n<p><em>Alle Schmuckst\u00fccke von #Brand werden aus dem reinsten chirurgischen Edelstahl hergestellt, der auf Nickel getestet wurde, und sind so konzipiert, dass sie jeden Tag getragen werden k\u00f6nnen, ohne dass Verf\u00e4rbungen oder Abnutzungserscheinungen zu bef\u00fcrchten sind, und sie sind wasserfest.<\/em><\/p>","protected":false},"excerpt":{"rendered":"<p>Collana Cuore Pendente La collana cuore firmata #Brand Gioielli \u00e8 un accessorio minimalista nel design, ma carico di significato. Realizzata in acciaio inossidabile, resistente e ipoallergenica. La superficie liscia e lucida\u00a0\u00e8 perfetta per un\u2019incisione: un nome, una data importante, una parola chiave, un&#8217;iniziale o un messaggio segreto. Un\u2019idea perfetta anche per un regalo personalizzato, da [&hellip;]<\/p>\n","protected":false},"featured_media":64241,"template":"","meta":[],"product_brand":[],"product_cat":[458,23,19,483,506],"product_tag":[113],"class_list":{"0":"post-6808","1":"product","2":"type-product","3":"status-publish","4":"has-post-thumbnail","6":"product_cat-collane","7":"product_cat-collane-donna","8":"product_cat-donna","9":"product_cat-incidibili","10":"product_cat-sotto-i-20e","11":"product_tag-collezione-basic","13":"first","14":"instock","15":"shipping-taxable","16":"purchasable","17":"product-type-simple"},"yoast_head":"<!-- This site is optimized with the Yoast SEO plugin v27.4 - https:\/\/yoast.com\/product\/yoast-seo-wordpress\/ -->\n<title>Collana Cuore Pendente - #BrandGioielli<\/title>\n<meta name=\"description\" content=\"Acquista ora su Brand Gioielli: Collana Cuore Pendente\" \/>\n<meta name=\"robots\" content=\"index, follow, max-snippet:-1, max-image-preview:large, max-video-preview:-1\" \/>\n<link rel=\"canonical\" href=\"https:\/\/brandgioielli.it\/de\/produkt\/collana-cuore-pendente\/\" \/>\n<meta property=\"og:locale\" content=\"de_DE\" \/>\n<meta property=\"og:type\" content=\"article\" \/>\n<meta property=\"og:title\" content=\"Collana Cuore Pendente - #BrandGioielli\" \/>\n<meta property=\"og:description\" content=\"Acquista ora su Brand Gioielli: Collana Cuore Pendente\" \/>\n<meta property=\"og:url\" content=\"https:\/\/brandgioielli.it\/de\/produkt\/collana-cuore-pendente\/\" \/>\n<meta property=\"og:site_name\" content=\"#BrandGioielli\" \/>\n<meta property=\"article:modified_time\" content=\"2026-04-21T16:18:49+00:00\" \/>\n<meta property=\"og:image\" content=\"https:\/\/brandgioielli.it\/wp-content\/uploads\/2025\/09\/35NK003.jpg\" \/>\n\t<meta property=\"og:image:width\" content=\"800\" \/>\n\t<meta property=\"og:image:height\" content=\"800\" \/>\n\t<meta property=\"og:image:type\" content=\"image\/jpeg\" \/>\n<meta name=\"twitter:card\" content=\"summary_large_image\" \/>\n<meta name=\"twitter:label1\" content=\"Gesch\u00e4tzte Lesezeit\" \/>\n\t<meta name=\"twitter:data1\" content=\"1\u00a0Minute\" \/>\n<script type=\"application\/ld+json\" class=\"yoast-schema-graph\">{\"@context\":\"https:\\\/\\\/schema.org\",\"@graph\":[{\"@type\":\"WebPage\",\"@id\":\"https:\\\/\\\/brandgioielli.it\\\/prodotto\\\/collana-cuore-pendente\\\/\",\"url\":\"https:\\\/\\\/brandgioielli.it\\\/prodotto\\\/collana-cuore-pendente\\\/\",\"name\":\"Collana Cuore Pendente - #BrandGioielli\",\"isPartOf\":{\"@id\":\"https:\\\/\\\/brandgioielli.it\\\/#website\"},\"primaryImageOfPage\":{\"@id\":\"https:\\\/\\\/brandgioielli.it\\\/prodotto\\\/collana-cuore-pendente\\\/#primaryimage\"},\"image\":{\"@id\":\"https:\\\/\\\/brandgioielli.it\\\/prodotto\\\/collana-cuore-pendente\\\/#primaryimage\"},\"thumbnailUrl\":\"https:\\\/\\\/brandgioielli.it\\\/wp-content\\\/uploads\\\/2025\\\/09\\\/35NK003.jpg\",\"datePublished\":\"2025-09-20T12:40:32+00:00\",\"dateModified\":\"2026-04-21T16:18:49+00:00\",\"description\":\"Acquista ora su Brand Gioielli: Collana Cuore Pendente\",\"breadcrumb\":{\"@id\":\"https:\\\/\\\/brandgioielli.it\\\/prodotto\\\/collana-cuore-pendente\\\/#breadcrumb\"},\"inLanguage\":\"de\",\"potentialAction\":[{\"@type\":\"ReadAction\",\"target\":[\"https:\\\/\\\/brandgioielli.it\\\/prodotto\\\/collana-cuore-pendente\\\/\"]}]},{\"@type\":\"ImageObject\",\"inLanguage\":\"de\",\"@id\":\"https:\\\/\\\/brandgioielli.it\\\/prodotto\\\/collana-cuore-pendente\\\/#primaryimage\",\"url\":\"https:\\\/\\\/brandgioielli.it\\\/wp-content\\\/uploads\\\/2025\\\/09\\\/35NK003.jpg\",\"contentUrl\":\"https:\\\/\\\/brandgioielli.it\\\/wp-content\\\/uploads\\\/2025\\\/09\\\/35NK003.jpg\",\"width\":800,\"height\":800},{\"@type\":\"BreadcrumbList\",\"@id\":\"https:\\\/\\\/brandgioielli.it\\\/prodotto\\\/collana-cuore-pendente\\\/#breadcrumb\",\"itemListElement\":[{\"@type\":\"ListItem\",\"position\":1,\"name\":\"Home\",\"item\":\"https:\\\/\\\/brandgioielli.it\\\/\"},{\"@type\":\"ListItem\",\"position\":2,\"name\":\"Shop\",\"item\":\"https:\\\/\\\/brandgioielli.it\\\/shop\\\/\"},{\"@type\":\"ListItem\",\"position\":3,\"name\":\"Collana Cuore Pendente\"}]},{\"@type\":\"WebSite\",\"@id\":\"https:\\\/\\\/brandgioielli.it\\\/#website\",\"url\":\"https:\\\/\\\/brandgioielli.it\\\/\",\"name\":\"#BrandGioielli\",\"description\":\"\",\"publisher\":{\"@id\":\"https:\\\/\\\/brandgioielli.it\\\/#organization\"},\"potentialAction\":[{\"@type\":\"SearchAction\",\"target\":{\"@type\":\"EntryPoint\",\"urlTemplate\":\"https:\\\/\\\/brandgioielli.it\\\/?s={search_term_string}\"},\"query-input\":{\"@type\":\"PropertyValueSpecification\",\"valueRequired\":true,\"valueName\":\"search_term_string\"}}],\"inLanguage\":\"de\"},{\"@type\":\"Organization\",\"@id\":\"https:\\\/\\\/brandgioielli.it\\\/#organization\",\"name\":\"Brand Gioielli\",\"url\":\"https:\\\/\\\/brandgioielli.it\\\/\",\"logo\":{\"@type\":\"ImageObject\",\"inLanguage\":\"de\",\"@id\":\"https:\\\/\\\/brandgioielli.it\\\/#\\\/schema\\\/logo\\\/image\\\/\",\"url\":\"https:\\\/\\\/brandgioielli.it\\\/wp-content\\\/uploads\\\/2025\\\/07\\\/LogoBrand.png\",\"contentUrl\":\"https:\\\/\\\/brandgioielli.it\\\/wp-content\\\/uploads\\\/2025\\\/07\\\/LogoBrand.png\",\"width\":600,\"height\":170,\"caption\":\"Brand Gioielli\"},\"image\":{\"@id\":\"https:\\\/\\\/brandgioielli.it\\\/#\\\/schema\\\/logo\\\/image\\\/\"}}]}<\/script>\n<!-- \/ Yoast SEO plugin. -->","yoast_head_json":{"title":"Herzanh\u00e4nger-Halskette - #BrandGioielli","description":"Jetzt bei Brand Gioielli shoppen: Herzanh\u00e4nger-Halskette","robots":{"index":"index","follow":"follow","max-snippet":"max-snippet:-1","max-image-preview":"max-image-preview:large","max-video-preview":"max-video-preview:-1"},"canonical":"https:\/\/brandgioielli.it\/de\/produkt\/collana-cuore-pendente\/","og_locale":"de_DE","og_type":"article","og_title":"Collana Cuore Pendente - #BrandGioielli","og_description":"Acquista ora su Brand Gioielli: Collana Cuore Pendente","og_url":"https:\/\/brandgioielli.it\/de\/produkt\/collana-cuore-pendente\/","og_site_name":"#BrandGioielli","article_modified_time":"2026-04-21T16:18:49+00:00","og_image":[{"width":800,"height":800,"url":"https:\/\/brandgioielli.it\/wp-content\/uploads\/2025\/09\/35NK003.jpg","type":"image\/jpeg"}],"twitter_card":"summary_large_image","twitter_misc":{"Gesch\u00e4tzte Lesezeit":"1\u00a0Minute"},"schema":{"@context":"https:\/\/schema.org","@graph":[{"@type":"WebPage","@id":"https:\/\/brandgioielli.it\/prodotto\/collana-cuore-pendente\/","url":"https:\/\/brandgioielli.it\/prodotto\/collana-cuore-pendente\/","name":"Herzanh\u00e4nger-Halskette - #BrandGioielli","isPartOf":{"@id":"https:\/\/brandgioielli.it\/#website"},"primaryImageOfPage":{"@id":"https:\/\/brandgioielli.it\/prodotto\/collana-cuore-pendente\/#primaryimage"},"image":{"@id":"https:\/\/brandgioielli.it\/prodotto\/collana-cuore-pendente\/#primaryimage"},"thumbnailUrl":"https:\/\/brandgioielli.it\/wp-content\/uploads\/2025\/09\/35NK003.jpg","datePublished":"2025-09-20T12:40:32+00:00","dateModified":"2026-04-21T16:18:49+00:00","description":"Jetzt bei Brand Gioielli shoppen: Herzanh\u00e4nger-Halskette","breadcrumb":{"@id":"https:\/\/brandgioielli.it\/prodotto\/collana-cuore-pendente\/#breadcrumb"},"inLanguage":"de","potentialAction":[{"@type":"ReadAction","target":["https:\/\/brandgioielli.it\/prodotto\/collana-cuore-pendente\/"]}]},{"@type":"ImageObject","inLanguage":"de","@id":"https:\/\/brandgioielli.it\/prodotto\/collana-cuore-pendente\/#primaryimage","url":"https:\/\/brandgioielli.it\/wp-content\/uploads\/2025\/09\/35NK003.jpg","contentUrl":"https:\/\/brandgioielli.it\/wp-content\/uploads\/2025\/09\/35NK003.jpg","width":800,"height":800},{"@type":"BreadcrumbList","@id":"https:\/\/brandgioielli.it\/prodotto\/collana-cuore-pendente\/#breadcrumb","itemListElement":[{"@type":"ListItem","position":1,"name":"Home","item":"https:\/\/brandgioielli.it\/"},{"@type":"ListItem","position":2,"name":"Shop","item":"https:\/\/brandgioielli.it\/shop\/"},{"@type":"ListItem","position":3,"name":"Collana Cuore Pendente"}]},{"@type":"WebSite","@id":"https:\/\/brandgioielli.it\/#website","url":"https:\/\/brandgioielli.it\/","name":"#BrandGioielli","description":"","publisher":{"@id":"https:\/\/brandgioielli.it\/#organization"},"potentialAction":[{"@type":"SearchAction","target":{"@type":"EntryPoint","urlTemplate":"https:\/\/brandgioielli.it\/?s={search_term_string}"},"query-input":{"@type":"PropertyValueSpecification","valueRequired":true,"valueName":"search_term_string"}}],"inLanguage":"de"},{"@type":"Organization","@id":"https:\/\/brandgioielli.it\/#organization","name":"Markenschmuck","url":"https:\/\/brandgioielli.it\/","logo":{"@type":"ImageObject","inLanguage":"de","@id":"https:\/\/brandgioielli.it\/#\/schema\/logo\/image\/","url":"https:\/\/brandgioielli.it\/wp-content\/uploads\/2025\/07\/LogoBrand.png","contentUrl":"https:\/\/brandgioielli.it\/wp-content\/uploads\/2025\/07\/LogoBrand.png","width":600,"height":170,"caption":"Brand Gioielli"},"image":{"@id":"https:\/\/brandgioielli.it\/#\/schema\/logo\/image\/"}}]}},"_links":{"self":[{"href":"https:\/\/brandgioielli.it\/de\/wp-json\/wp\/v2\/product\/6808","targetHints":{"allow":["GET"]}}],"collection":[{"href":"https:\/\/brandgioielli.it\/de\/wp-json\/wp\/v2\/product"}],"about":[{"href":"https:\/\/brandgioielli.it\/de\/wp-json\/wp\/v2\/types\/product"}],"version-history":[{"count":3,"href":"https:\/\/brandgioielli.it\/de\/wp-json\/wp\/v2\/product\/6808\/revisions"}],"predecessor-version":[{"id":103930,"href":"https:\/\/brandgioielli.it\/de\/wp-json\/wp\/v2\/product\/6808\/revisions\/103930"}],"wp:featuredmedia":[{"embeddable":true,"href":"https:\/\/brandgioielli.it\/de\/wp-json\/wp\/v2\/media\/64241"}],"wp:attachment":[{"href":"https:\/\/brandgioielli.it\/de\/wp-json\/wp\/v2\/media?parent=6808"}],"wp:term":[{"taxonomy":"product_brand","embeddable":true,"href":"https:\/\/brandgioielli.it\/de\/wp-json\/wp\/v2\/product_brand?post=6808"},{"taxonomy":"product_cat","embeddable":true,"href":"https:\/\/brandgioielli.it\/de\/wp-json\/wp\/v2\/product_cat?post=6808"},{"taxonomy":"product_tag","embeddable":true,"href":"https:\/\/brandgioielli.it\/de\/wp-json\/wp\/v2\/product_tag?post=6808"}],"curies":[{"name":"wp","href":"https:\/\/api.w.org\/{rel}","templated":true}]}}