{"id":6797,"date":"2025-09-20T14:32:23","date_gmt":"2025-09-20T12:32:23","guid":{"rendered":"https:\/\/sandybrown-lark-277155.hostingersite.com\/prodotto\/charm-osso-cane-piccolo\/"},"modified":"2026-04-21T18:18:47","modified_gmt":"2026-04-21T16:18:47","slug":"charm-osso-cane-piccolo","status":"publish","type":"product","link":"https:\/\/brandgioielli.it\/de\/produkt\/charm-osso-cane-piccolo\/","title":{"rendered":"Charme kleiner Hundeknochen"},"content":{"rendered":"<h2>Kleiner Hundeknochen-Anh\u00e4nger<\/h2>\n<p data-start=\"518\" data-end=\"721\">Der Hundeanh\u00e4nger von #Brand Gioielli ist ein minimalistisches Accessoire mit tiefer Bedeutung. Hergestellt aus <strong data-start=\"531\" data-end=\"560\">rostfreier Stahl<\/strong>, resistent und hypoallergen. <strong data-start=\"676\" data-end=\"722\">glatte und gl\u00e4nzende Oberfl\u00e4che<\/strong>\u00a0Es eignet sich perfekt zum Gravieren: eines Namens, eines wichtigen Datums, eines Stichworts, eines Initialen oder einer geheimen Botschaft. Es ist auch eine perfekte Idee f\u00fcr \u2026 <strong data-start=\"990\" data-end=\"1015\">personalisiertes Geschenk<\/strong>, um etwas zu widmen oder zu teilen.<\/p>\n<p><strong>TECHNISCHE DATEN<\/strong><\/p>\n<ul>\n<li>Hundeknochen-Anh\u00e4nger<\/li>\n<li>Gr\u00f6\u00dfe: 2 cm<\/li>\n<li>Ausf\u00fchrung: Stahl<\/li>\n<li>Material: Rostfreier Stahl<\/li>\n<\/ul>\n<p><em>Alle Schmuckst\u00fccke von #Brand werden aus dem reinsten chirurgischen Edelstahl hergestellt, der auf Nickel getestet wurde, und sind so konzipiert, dass sie jeden Tag getragen werden k\u00f6nnen, ohne dass Verf\u00e4rbungen oder Abnutzungserscheinungen zu bef\u00fcrchten sind, und sie sind wasserfest.<\/em><\/p>","protected":false},"excerpt":{"rendered":"<p>Charm Osso per Cane Dimensione Piccola Il charm per cani firmato #Brand Gioielli \u00e8 un accessorio minimalista nel design, ma carico di significato. Realizzato in acciaio inossidabile, resistente e ipoallergenica. La superficie liscia e lucida\u00a0\u00e8 perfetta per un\u2019incisione: un nome, una data importante, una parola chiave, un&#8217;iniziale o un messaggio segreto. Un\u2019idea perfetta anche per [&hellip;]<\/p>\n","protected":false},"featured_media":64219,"template":"","meta":[],"product_brand":[],"product_cat":[22,471,19,483,505],"product_tag":[113,541],"class_list":{"0":"post-6797","1":"product","2":"type-product","3":"status-publish","4":"has-post-thumbnail","6":"product_cat-charm","7":"product_cat-charms","8":"product_cat-donna","9":"product_cat-incidibili","10":"product_cat-sotto-i-10e","11":"product_tag-collezione-basic","12":"product_tag-componibili","14":"first","15":"instock","16":"shipping-taxable","17":"purchasable","18":"product-type-simple"},"yoast_head":"<!-- This site is optimized with the Yoast SEO plugin v27.4 - https:\/\/yoast.com\/product\/yoast-seo-wordpress\/ -->\n<title>Charm Osso Cane Piccolo - #BrandGioielli<\/title>\n<meta name=\"description\" content=\"Acquista ora su Brand Gioielli: Charm Osso Cane Piccolo\" \/>\n<meta name=\"robots\" content=\"index, follow, max-snippet:-1, max-image-preview:large, max-video-preview:-1\" \/>\n<link rel=\"canonical\" href=\"https:\/\/brandgioielli.it\/de\/produkt\/charm-osso-cane-piccolo\/\" \/>\n<meta property=\"og:locale\" content=\"de_DE\" \/>\n<meta property=\"og:type\" content=\"article\" \/>\n<meta property=\"og:title\" content=\"Charm Osso Cane Piccolo - #BrandGioielli\" \/>\n<meta property=\"og:description\" content=\"Acquista ora su Brand Gioielli: Charm Osso Cane Piccolo\" \/>\n<meta property=\"og:url\" content=\"https:\/\/brandgioielli.it\/de\/produkt\/charm-osso-cane-piccolo\/\" \/>\n<meta property=\"og:site_name\" content=\"#BrandGioielli\" \/>\n<meta property=\"article:modified_time\" content=\"2026-04-21T16:18:47+00:00\" \/>\n<meta property=\"og:image\" content=\"https:\/\/brandgioielli.it\/wp-content\/uploads\/2025\/09\/35CH004.jpg\" \/>\n\t<meta property=\"og:image:width\" content=\"800\" \/>\n\t<meta property=\"og:image:height\" content=\"800\" \/>\n\t<meta property=\"og:image:type\" content=\"image\/jpeg\" \/>\n<meta name=\"twitter:card\" content=\"summary_large_image\" \/>\n<meta name=\"twitter:label1\" content=\"Gesch\u00e4tzte Lesezeit\" \/>\n\t<meta name=\"twitter:data1\" content=\"1\u00a0Minute\" \/>\n<script type=\"application\/ld+json\" class=\"yoast-schema-graph\">{\"@context\":\"https:\\\/\\\/schema.org\",\"@graph\":[{\"@type\":\"WebPage\",\"@id\":\"https:\\\/\\\/brandgioielli.it\\\/prodotto\\\/charm-osso-cane-piccolo\\\/\",\"url\":\"https:\\\/\\\/brandgioielli.it\\\/prodotto\\\/charm-osso-cane-piccolo\\\/\",\"name\":\"Charm Osso Cane Piccolo - #BrandGioielli\",\"isPartOf\":{\"@id\":\"https:\\\/\\\/brandgioielli.it\\\/#website\"},\"primaryImageOfPage\":{\"@id\":\"https:\\\/\\\/brandgioielli.it\\\/prodotto\\\/charm-osso-cane-piccolo\\\/#primaryimage\"},\"image\":{\"@id\":\"https:\\\/\\\/brandgioielli.it\\\/prodotto\\\/charm-osso-cane-piccolo\\\/#primaryimage\"},\"thumbnailUrl\":\"https:\\\/\\\/brandgioielli.it\\\/wp-content\\\/uploads\\\/2025\\\/09\\\/35CH004.jpg\",\"datePublished\":\"2025-09-20T12:32:23+00:00\",\"dateModified\":\"2026-04-21T16:18:47+00:00\",\"description\":\"Acquista ora su Brand Gioielli: Charm Osso Cane Piccolo\",\"breadcrumb\":{\"@id\":\"https:\\\/\\\/brandgioielli.it\\\/prodotto\\\/charm-osso-cane-piccolo\\\/#breadcrumb\"},\"inLanguage\":\"de\",\"potentialAction\":[{\"@type\":\"ReadAction\",\"target\":[\"https:\\\/\\\/brandgioielli.it\\\/prodotto\\\/charm-osso-cane-piccolo\\\/\"]}]},{\"@type\":\"ImageObject\",\"inLanguage\":\"de\",\"@id\":\"https:\\\/\\\/brandgioielli.it\\\/prodotto\\\/charm-osso-cane-piccolo\\\/#primaryimage\",\"url\":\"https:\\\/\\\/brandgioielli.it\\\/wp-content\\\/uploads\\\/2025\\\/09\\\/35CH004.jpg\",\"contentUrl\":\"https:\\\/\\\/brandgioielli.it\\\/wp-content\\\/uploads\\\/2025\\\/09\\\/35CH004.jpg\",\"width\":800,\"height\":800},{\"@type\":\"BreadcrumbList\",\"@id\":\"https:\\\/\\\/brandgioielli.it\\\/prodotto\\\/charm-osso-cane-piccolo\\\/#breadcrumb\",\"itemListElement\":[{\"@type\":\"ListItem\",\"position\":1,\"name\":\"Home\",\"item\":\"https:\\\/\\\/brandgioielli.it\\\/\"},{\"@type\":\"ListItem\",\"position\":2,\"name\":\"Shop\",\"item\":\"https:\\\/\\\/brandgioielli.it\\\/shop\\\/\"},{\"@type\":\"ListItem\",\"position\":3,\"name\":\"Charm Osso Cane Piccolo\"}]},{\"@type\":\"WebSite\",\"@id\":\"https:\\\/\\\/brandgioielli.it\\\/#website\",\"url\":\"https:\\\/\\\/brandgioielli.it\\\/\",\"name\":\"#BrandGioielli\",\"description\":\"\",\"publisher\":{\"@id\":\"https:\\\/\\\/brandgioielli.it\\\/#organization\"},\"potentialAction\":[{\"@type\":\"SearchAction\",\"target\":{\"@type\":\"EntryPoint\",\"urlTemplate\":\"https:\\\/\\\/brandgioielli.it\\\/?s={search_term_string}\"},\"query-input\":{\"@type\":\"PropertyValueSpecification\",\"valueRequired\":true,\"valueName\":\"search_term_string\"}}],\"inLanguage\":\"de\"},{\"@type\":\"Organization\",\"@id\":\"https:\\\/\\\/brandgioielli.it\\\/#organization\",\"name\":\"Brand Gioielli\",\"url\":\"https:\\\/\\\/brandgioielli.it\\\/\",\"logo\":{\"@type\":\"ImageObject\",\"inLanguage\":\"de\",\"@id\":\"https:\\\/\\\/brandgioielli.it\\\/#\\\/schema\\\/logo\\\/image\\\/\",\"url\":\"https:\\\/\\\/brandgioielli.it\\\/wp-content\\\/uploads\\\/2025\\\/07\\\/LogoBrand.png\",\"contentUrl\":\"https:\\\/\\\/brandgioielli.it\\\/wp-content\\\/uploads\\\/2025\\\/07\\\/LogoBrand.png\",\"width\":600,\"height\":170,\"caption\":\"Brand Gioielli\"},\"image\":{\"@id\":\"https:\\\/\\\/brandgioielli.it\\\/#\\\/schema\\\/logo\\\/image\\\/\"}}]}<\/script>\n<!-- \/ Yoast SEO plugin. -->","yoast_head_json":{"title":"Charm Osso Cane Piccolo - #BrandGioielli","description":"Acquista ora su Brand Gioielli: Charm Osso Cane Piccolo","robots":{"index":"index","follow":"follow","max-snippet":"max-snippet:-1","max-image-preview":"max-image-preview:large","max-video-preview":"max-video-preview:-1"},"canonical":"https:\/\/brandgioielli.it\/de\/produkt\/charm-osso-cane-piccolo\/","og_locale":"de_DE","og_type":"article","og_title":"Charm Osso Cane Piccolo - #BrandGioielli","og_description":"Acquista ora su Brand Gioielli: Charm Osso Cane Piccolo","og_url":"https:\/\/brandgioielli.it\/de\/produkt\/charm-osso-cane-piccolo\/","og_site_name":"#BrandGioielli","article_modified_time":"2026-04-21T16:18:47+00:00","og_image":[{"width":800,"height":800,"url":"https:\/\/brandgioielli.it\/wp-content\/uploads\/2025\/09\/35CH004.jpg","type":"image\/jpeg"}],"twitter_card":"summary_large_image","twitter_misc":{"Gesch\u00e4tzte Lesezeit":"1\u00a0Minute"},"schema":{"@context":"https:\/\/schema.org","@graph":[{"@type":"WebPage","@id":"https:\/\/brandgioielli.it\/prodotto\/charm-osso-cane-piccolo\/","url":"https:\/\/brandgioielli.it\/prodotto\/charm-osso-cane-piccolo\/","name":"Charm Osso Cane Piccolo - #BrandGioielli","isPartOf":{"@id":"https:\/\/brandgioielli.it\/#website"},"primaryImageOfPage":{"@id":"https:\/\/brandgioielli.it\/prodotto\/charm-osso-cane-piccolo\/#primaryimage"},"image":{"@id":"https:\/\/brandgioielli.it\/prodotto\/charm-osso-cane-piccolo\/#primaryimage"},"thumbnailUrl":"https:\/\/brandgioielli.it\/wp-content\/uploads\/2025\/09\/35CH004.jpg","datePublished":"2025-09-20T12:32:23+00:00","dateModified":"2026-04-21T16:18:47+00:00","description":"Acquista ora su Brand Gioielli: Charm Osso Cane Piccolo","breadcrumb":{"@id":"https:\/\/brandgioielli.it\/prodotto\/charm-osso-cane-piccolo\/#breadcrumb"},"inLanguage":"de","potentialAction":[{"@type":"ReadAction","target":["https:\/\/brandgioielli.it\/prodotto\/charm-osso-cane-piccolo\/"]}]},{"@type":"ImageObject","inLanguage":"de","@id":"https:\/\/brandgioielli.it\/prodotto\/charm-osso-cane-piccolo\/#primaryimage","url":"https:\/\/brandgioielli.it\/wp-content\/uploads\/2025\/09\/35CH004.jpg","contentUrl":"https:\/\/brandgioielli.it\/wp-content\/uploads\/2025\/09\/35CH004.jpg","width":800,"height":800},{"@type":"BreadcrumbList","@id":"https:\/\/brandgioielli.it\/prodotto\/charm-osso-cane-piccolo\/#breadcrumb","itemListElement":[{"@type":"ListItem","position":1,"name":"Home","item":"https:\/\/brandgioielli.it\/"},{"@type":"ListItem","position":2,"name":"Shop","item":"https:\/\/brandgioielli.it\/shop\/"},{"@type":"ListItem","position":3,"name":"Charm Osso Cane Piccolo"}]},{"@type":"WebSite","@id":"https:\/\/brandgioielli.it\/#website","url":"https:\/\/brandgioielli.it\/","name":"#BrandGioielli","description":"","publisher":{"@id":"https:\/\/brandgioielli.it\/#organization"},"potentialAction":[{"@type":"SearchAction","target":{"@type":"EntryPoint","urlTemplate":"https:\/\/brandgioielli.it\/?s={search_term_string}"},"query-input":{"@type":"PropertyValueSpecification","valueRequired":true,"valueName":"search_term_string"}}],"inLanguage":"de"},{"@type":"Organization","@id":"https:\/\/brandgioielli.it\/#organization","name":"Markenschmuck","url":"https:\/\/brandgioielli.it\/","logo":{"@type":"ImageObject","inLanguage":"de","@id":"https:\/\/brandgioielli.it\/#\/schema\/logo\/image\/","url":"https:\/\/brandgioielli.it\/wp-content\/uploads\/2025\/07\/LogoBrand.png","contentUrl":"https:\/\/brandgioielli.it\/wp-content\/uploads\/2025\/07\/LogoBrand.png","width":600,"height":170,"caption":"Brand Gioielli"},"image":{"@id":"https:\/\/brandgioielli.it\/#\/schema\/logo\/image\/"}}]}},"_links":{"self":[{"href":"https:\/\/brandgioielli.it\/de\/wp-json\/wp\/v2\/product\/6797","targetHints":{"allow":["GET"]}}],"collection":[{"href":"https:\/\/brandgioielli.it\/de\/wp-json\/wp\/v2\/product"}],"about":[{"href":"https:\/\/brandgioielli.it\/de\/wp-json\/wp\/v2\/types\/product"}],"version-history":[{"count":3,"href":"https:\/\/brandgioielli.it\/de\/wp-json\/wp\/v2\/product\/6797\/revisions"}],"predecessor-version":[{"id":103974,"href":"https:\/\/brandgioielli.it\/de\/wp-json\/wp\/v2\/product\/6797\/revisions\/103974"}],"wp:featuredmedia":[{"embeddable":true,"href":"https:\/\/brandgioielli.it\/de\/wp-json\/wp\/v2\/media\/64219"}],"wp:attachment":[{"href":"https:\/\/brandgioielli.it\/de\/wp-json\/wp\/v2\/media?parent=6797"}],"wp:term":[{"taxonomy":"product_brand","embeddable":true,"href":"https:\/\/brandgioielli.it\/de\/wp-json\/wp\/v2\/product_brand?post=6797"},{"taxonomy":"product_cat","embeddable":true,"href":"https:\/\/brandgioielli.it\/de\/wp-json\/wp\/v2\/product_cat?post=6797"},{"taxonomy":"product_tag","embeddable":true,"href":"https:\/\/brandgioielli.it\/de\/wp-json\/wp\/v2\/product_tag?post=6797"}],"curies":[{"name":"wp","href":"https:\/\/api.w.org\/{rel}","templated":true}]}}