{"id":5837,"date":"2025-09-20T10:10:32","date_gmt":"2025-09-20T08:10:32","guid":{"rendered":"https:\/\/sandybrown-lark-277155.hostingersite.com\/prodotto\/charm-omino-di-zenzero\/"},"modified":"2026-04-17T18:17:41","modified_gmt":"2026-04-17T16:17:41","slug":"charm-omino-di-zenzero","status":"publish","type":"product","link":"https:\/\/brandgioielli.it\/de\/produkt\/charm-omino-di-zenzero\/","title":{"rendered":"Charme-Lebkuchenmann"},"content":{"rendered":"<h2>Charme-Lebkuchenmann<\/h2>\n<p>Der emaillierte Charm \"Ginger Man\" von #Brand Jewellery ist ein helles und fr\u00f6hliches Accessoire, ideal, um Armb\u00e4ndern, Halsketten oder Ohrringen einen festlichen Touch zu verleihen. Er ist aus rostfreiem Stahl gefertigt und kombiniert St\u00e4rke, Glanz und einen lustigen Stil, der perfekt zur Weihnachtszeit passt. Ein kleines Schmuckst\u00fcck, das W\u00e4rme und Pers\u00f6nlichkeit in jede Kreation bringt.<\/p>\n<p><strong>TECHNISCHE DATEN<\/strong><\/p>\n<ul>\n<li>Lebkuchenmann Charme<\/li>\n<li>H\u00f6he: 2 cm<\/li>\n<li>Ausf\u00fchrung: Stahl<\/li>\n<li>Material: rostfreier Stahl und hypoallergene, Emaille<\/li>\n<\/ul>\n<p><em>Alle Schmuckst\u00fccke von #Brand werden aus dem reinsten chirurgischen Edelstahl hergestellt, der auf Nickel getestet wurde, und sind so konzipiert, dass sie jeden Tag getragen werden k\u00f6nnen, ohne dass Verf\u00e4rbungen oder Abnutzungserscheinungen zu bef\u00fcrchten sind, und sie sind wasserfest.\u00a0<\/em><\/p>","protected":false},"excerpt":{"rendered":"<p>Charm Omino di Zenzero Il charm omino di zenzero smaltato firmato #Brand Gioielli \u00e8 un accessorio allegro e luminoso, ideale per aggiungere un tocco festoso ai bracciali, alle collane o agli orecchini. Realizzato in acciaio inossidabile, unisce resistenza, brillantezza e uno stile divertente perfetto per il periodo natalizio. Un piccolo gioiello che regala calore e [&hellip;]<\/p>\n","protected":false},"featured_media":100134,"template":"","meta":[],"product_brand":[],"product_cat":[465,22,471,19,492,505],"product_tag":[103,541],"class_list":{"0":"post-5837","1":"product","2":"type-product","3":"status-publish","4":"has-post-thumbnail","6":"product_cat-bimba","7":"product_cat-charm","8":"product_cat-charms","9":"product_cat-donna","10":"product_cat-natale","11":"product_cat-sotto-i-10e","12":"product_tag-collezione-natale","13":"product_tag-componibili","15":"first","16":"instock","17":"shipping-taxable","18":"purchasable","19":"product-type-simple"},"yoast_head":"<!-- This site is optimized with the Yoast SEO plugin v27.4 - https:\/\/yoast.com\/product\/yoast-seo-wordpress\/ -->\n<title>Charm Omino di zenzero - #BrandGioielli<\/title>\n<meta name=\"description\" content=\"Acquista ora su Brand Gioielli: Charm Omino di zenzero\" \/>\n<meta name=\"robots\" content=\"index, follow, max-snippet:-1, max-image-preview:large, max-video-preview:-1\" \/>\n<link rel=\"canonical\" href=\"https:\/\/brandgioielli.it\/de\/produkt\/charm-omino-di-zenzero\/\" \/>\n<meta property=\"og:locale\" content=\"de_DE\" \/>\n<meta property=\"og:type\" content=\"article\" \/>\n<meta property=\"og:title\" content=\"Charm Omino di zenzero - #BrandGioielli\" \/>\n<meta property=\"og:description\" content=\"Acquista ora su Brand Gioielli: Charm Omino di zenzero\" \/>\n<meta property=\"og:url\" content=\"https:\/\/brandgioielli.it\/de\/produkt\/charm-omino-di-zenzero\/\" \/>\n<meta property=\"og:site_name\" content=\"#BrandGioielli\" \/>\n<meta property=\"article:modified_time\" content=\"2026-04-17T16:17:41+00:00\" \/>\n<meta property=\"og:image\" content=\"http:\/\/brandgioielli.it\/wp-content\/uploads\/2025\/11\/Charm-omino-zenzero-acciaio-1.jpg\" \/>\n\t<meta property=\"og:image:width\" content=\"800\" \/>\n\t<meta property=\"og:image:height\" content=\"800\" \/>\n\t<meta property=\"og:image:type\" content=\"image\/jpeg\" \/>\n<meta name=\"twitter:card\" content=\"summary_large_image\" \/>\n<meta name=\"twitter:label1\" content=\"Gesch\u00e4tzte Lesezeit\" \/>\n\t<meta name=\"twitter:data1\" content=\"1\u00a0Minute\" \/>\n<script type=\"application\/ld+json\" class=\"yoast-schema-graph\">{\"@context\":\"https:\\\/\\\/schema.org\",\"@graph\":[{\"@type\":\"WebPage\",\"@id\":\"https:\\\/\\\/brandgioielli.it\\\/prodotto\\\/charm-omino-di-zenzero\\\/\",\"url\":\"https:\\\/\\\/brandgioielli.it\\\/prodotto\\\/charm-omino-di-zenzero\\\/\",\"name\":\"Charm Omino di zenzero - #BrandGioielli\",\"isPartOf\":{\"@id\":\"https:\\\/\\\/brandgioielli.it\\\/#website\"},\"primaryImageOfPage\":{\"@id\":\"https:\\\/\\\/brandgioielli.it\\\/prodotto\\\/charm-omino-di-zenzero\\\/#primaryimage\"},\"image\":{\"@id\":\"https:\\\/\\\/brandgioielli.it\\\/prodotto\\\/charm-omino-di-zenzero\\\/#primaryimage\"},\"thumbnailUrl\":\"https:\\\/\\\/brandgioielli.it\\\/wp-content\\\/uploads\\\/2025\\\/11\\\/Charm-omino-zenzero-acciaio-1.jpg\",\"datePublished\":\"2025-09-20T08:10:32+00:00\",\"dateModified\":\"2026-04-17T16:17:41+00:00\",\"description\":\"Acquista ora su Brand Gioielli: Charm Omino di zenzero\",\"breadcrumb\":{\"@id\":\"https:\\\/\\\/brandgioielli.it\\\/prodotto\\\/charm-omino-di-zenzero\\\/#breadcrumb\"},\"inLanguage\":\"de\",\"potentialAction\":[{\"@type\":\"ReadAction\",\"target\":[\"https:\\\/\\\/brandgioielli.it\\\/prodotto\\\/charm-omino-di-zenzero\\\/\"]}]},{\"@type\":\"ImageObject\",\"inLanguage\":\"de\",\"@id\":\"https:\\\/\\\/brandgioielli.it\\\/prodotto\\\/charm-omino-di-zenzero\\\/#primaryimage\",\"url\":\"https:\\\/\\\/brandgioielli.it\\\/wp-content\\\/uploads\\\/2025\\\/11\\\/Charm-omino-zenzero-acciaio-1.jpg\",\"contentUrl\":\"https:\\\/\\\/brandgioielli.it\\\/wp-content\\\/uploads\\\/2025\\\/11\\\/Charm-omino-zenzero-acciaio-1.jpg\",\"width\":800,\"height\":800},{\"@type\":\"BreadcrumbList\",\"@id\":\"https:\\\/\\\/brandgioielli.it\\\/prodotto\\\/charm-omino-di-zenzero\\\/#breadcrumb\",\"itemListElement\":[{\"@type\":\"ListItem\",\"position\":1,\"name\":\"Home\",\"item\":\"https:\\\/\\\/brandgioielli.it\\\/\"},{\"@type\":\"ListItem\",\"position\":2,\"name\":\"Shop\",\"item\":\"https:\\\/\\\/brandgioielli.it\\\/shop\\\/\"},{\"@type\":\"ListItem\",\"position\":3,\"name\":\"Charm Omino di zenzero\"}]},{\"@type\":\"WebSite\",\"@id\":\"https:\\\/\\\/brandgioielli.it\\\/#website\",\"url\":\"https:\\\/\\\/brandgioielli.it\\\/\",\"name\":\"#BrandGioielli\",\"description\":\"\",\"publisher\":{\"@id\":\"https:\\\/\\\/brandgioielli.it\\\/#organization\"},\"potentialAction\":[{\"@type\":\"SearchAction\",\"target\":{\"@type\":\"EntryPoint\",\"urlTemplate\":\"https:\\\/\\\/brandgioielli.it\\\/?s={search_term_string}\"},\"query-input\":{\"@type\":\"PropertyValueSpecification\",\"valueRequired\":true,\"valueName\":\"search_term_string\"}}],\"inLanguage\":\"de\"},{\"@type\":\"Organization\",\"@id\":\"https:\\\/\\\/brandgioielli.it\\\/#organization\",\"name\":\"Brand Gioielli\",\"url\":\"https:\\\/\\\/brandgioielli.it\\\/\",\"logo\":{\"@type\":\"ImageObject\",\"inLanguage\":\"de\",\"@id\":\"https:\\\/\\\/brandgioielli.it\\\/#\\\/schema\\\/logo\\\/image\\\/\",\"url\":\"https:\\\/\\\/brandgioielli.it\\\/wp-content\\\/uploads\\\/2025\\\/07\\\/LogoBrand.png\",\"contentUrl\":\"https:\\\/\\\/brandgioielli.it\\\/wp-content\\\/uploads\\\/2025\\\/07\\\/LogoBrand.png\",\"width\":600,\"height\":170,\"caption\":\"Brand Gioielli\"},\"image\":{\"@id\":\"https:\\\/\\\/brandgioielli.it\\\/#\\\/schema\\\/logo\\\/image\\\/\"}}]}<\/script>\n<!-- \/ Yoast SEO plugin. -->","yoast_head_json":{"title":"Lebkuchenmann-Anh\u00e4nger - #BrandGioielli","description":"Jetzt bei Brand Gioielli shoppen: Lebkuchenmann-Anh\u00e4nger","robots":{"index":"index","follow":"follow","max-snippet":"max-snippet:-1","max-image-preview":"max-image-preview:large","max-video-preview":"max-video-preview:-1"},"canonical":"https:\/\/brandgioielli.it\/de\/produkt\/charm-omino-di-zenzero\/","og_locale":"de_DE","og_type":"article","og_title":"Charm Omino di zenzero - #BrandGioielli","og_description":"Acquista ora su Brand Gioielli: Charm Omino di zenzero","og_url":"https:\/\/brandgioielli.it\/de\/produkt\/charm-omino-di-zenzero\/","og_site_name":"#BrandGioielli","article_modified_time":"2026-04-17T16:17:41+00:00","og_image":[{"width":800,"height":800,"url":"http:\/\/brandgioielli.it\/wp-content\/uploads\/2025\/11\/Charm-omino-zenzero-acciaio-1.jpg","type":"image\/jpeg"}],"twitter_card":"summary_large_image","twitter_misc":{"Gesch\u00e4tzte Lesezeit":"1\u00a0Minute"},"schema":{"@context":"https:\/\/schema.org","@graph":[{"@type":"WebPage","@id":"https:\/\/brandgioielli.it\/prodotto\/charm-omino-di-zenzero\/","url":"https:\/\/brandgioielli.it\/prodotto\/charm-omino-di-zenzero\/","name":"Lebkuchenmann-Anh\u00e4nger - #BrandGioielli","isPartOf":{"@id":"https:\/\/brandgioielli.it\/#website"},"primaryImageOfPage":{"@id":"https:\/\/brandgioielli.it\/prodotto\/charm-omino-di-zenzero\/#primaryimage"},"image":{"@id":"https:\/\/brandgioielli.it\/prodotto\/charm-omino-di-zenzero\/#primaryimage"},"thumbnailUrl":"https:\/\/brandgioielli.it\/wp-content\/uploads\/2025\/11\/Charm-omino-zenzero-acciaio-1.jpg","datePublished":"2025-09-20T08:10:32+00:00","dateModified":"2026-04-17T16:17:41+00:00","description":"Jetzt bei Brand Gioielli shoppen: Lebkuchenmann-Anh\u00e4nger","breadcrumb":{"@id":"https:\/\/brandgioielli.it\/prodotto\/charm-omino-di-zenzero\/#breadcrumb"},"inLanguage":"de","potentialAction":[{"@type":"ReadAction","target":["https:\/\/brandgioielli.it\/prodotto\/charm-omino-di-zenzero\/"]}]},{"@type":"ImageObject","inLanguage":"de","@id":"https:\/\/brandgioielli.it\/prodotto\/charm-omino-di-zenzero\/#primaryimage","url":"https:\/\/brandgioielli.it\/wp-content\/uploads\/2025\/11\/Charm-omino-zenzero-acciaio-1.jpg","contentUrl":"https:\/\/brandgioielli.it\/wp-content\/uploads\/2025\/11\/Charm-omino-zenzero-acciaio-1.jpg","width":800,"height":800},{"@type":"BreadcrumbList","@id":"https:\/\/brandgioielli.it\/prodotto\/charm-omino-di-zenzero\/#breadcrumb","itemListElement":[{"@type":"ListItem","position":1,"name":"Home","item":"https:\/\/brandgioielli.it\/"},{"@type":"ListItem","position":2,"name":"Shop","item":"https:\/\/brandgioielli.it\/shop\/"},{"@type":"ListItem","position":3,"name":"Charm Omino di zenzero"}]},{"@type":"WebSite","@id":"https:\/\/brandgioielli.it\/#website","url":"https:\/\/brandgioielli.it\/","name":"#BrandGioielli","description":"","publisher":{"@id":"https:\/\/brandgioielli.it\/#organization"},"potentialAction":[{"@type":"SearchAction","target":{"@type":"EntryPoint","urlTemplate":"https:\/\/brandgioielli.it\/?s={search_term_string}"},"query-input":{"@type":"PropertyValueSpecification","valueRequired":true,"valueName":"search_term_string"}}],"inLanguage":"de"},{"@type":"Organization","@id":"https:\/\/brandgioielli.it\/#organization","name":"Markenschmuck","url":"https:\/\/brandgioielli.it\/","logo":{"@type":"ImageObject","inLanguage":"de","@id":"https:\/\/brandgioielli.it\/#\/schema\/logo\/image\/","url":"https:\/\/brandgioielli.it\/wp-content\/uploads\/2025\/07\/LogoBrand.png","contentUrl":"https:\/\/brandgioielli.it\/wp-content\/uploads\/2025\/07\/LogoBrand.png","width":600,"height":170,"caption":"Brand Gioielli"},"image":{"@id":"https:\/\/brandgioielli.it\/#\/schema\/logo\/image\/"}}]}},"_links":{"self":[{"href":"https:\/\/brandgioielli.it\/de\/wp-json\/wp\/v2\/product\/5837","targetHints":{"allow":["GET"]}}],"collection":[{"href":"https:\/\/brandgioielli.it\/de\/wp-json\/wp\/v2\/product"}],"about":[{"href":"https:\/\/brandgioielli.it\/de\/wp-json\/wp\/v2\/types\/product"}],"version-history":[{"count":3,"href":"https:\/\/brandgioielli.it\/de\/wp-json\/wp\/v2\/product\/5837\/revisions"}],"predecessor-version":[{"id":100178,"href":"https:\/\/brandgioielli.it\/de\/wp-json\/wp\/v2\/product\/5837\/revisions\/100178"}],"wp:featuredmedia":[{"embeddable":true,"href":"https:\/\/brandgioielli.it\/de\/wp-json\/wp\/v2\/media\/100134"}],"wp:attachment":[{"href":"https:\/\/brandgioielli.it\/de\/wp-json\/wp\/v2\/media?parent=5837"}],"wp:term":[{"taxonomy":"product_brand","embeddable":true,"href":"https:\/\/brandgioielli.it\/de\/wp-json\/wp\/v2\/product_brand?post=5837"},{"taxonomy":"product_cat","embeddable":true,"href":"https:\/\/brandgioielli.it\/de\/wp-json\/wp\/v2\/product_cat?post=5837"},{"taxonomy":"product_tag","embeddable":true,"href":"https:\/\/brandgioielli.it\/de\/wp-json\/wp\/v2\/product_tag?post=5837"}],"curies":[{"name":"wp","href":"https:\/\/api.w.org\/{rel}","templated":true}]}}