{"id":5719,"date":"2025-09-20T09:42:20","date_gmt":"2025-09-20T07:42:20","guid":{"rendered":"https:\/\/sandybrown-lark-277155.hostingersite.com\/prodotto\/bracciale-tennis-3mm-con-catena-figaro\/"},"modified":"2026-04-22T18:17:52","modified_gmt":"2026-04-22T16:17:52","slug":"bracciale-doppio-con-tennis-3mm-e-catena-figaro","status":"publish","type":"product","link":"https:\/\/brandgioielli.it\/de\/produkt\/bracciale-doppio-con-tennis-3mm-e-catena-figaro\/","title":{"rendered":"Doppelarmband mit 3 mm Tennis- und Figarokette"},"content":{"rendered":"<h2 data-start=\"122\" data-end=\"653\">Doppelarmband mit 3 mm Tennis- und Figarokette<\/h2>\n<p data-start=\"454\" data-end=\"871\">Das Doppelarmband mit Tennis- und Figarokette von #Brand Gioielli besticht durch sein k\u00fchnes, modernes Design. Funkelnde Kristalle und die robuste, ineinander verschlungene Gliederkette bilden eine harmonische Einheit. Der Kontrast zwischen der eleganten Funkeligkeit des Tennisarmbands und der strukturierten Form der Kette schafft eine perfekte Balance aus Raffinesse und Pers\u00f6nlichkeit und macht das Armband zu einem modernen, ausdrucksstarken Accessoire. Die klaren Linien und die Edelstahl-Oberfl\u00e4che unterstreichen den vielseitigen, eleganten Stil und machen es ideal f\u00fcr den Alltag oder als funkelndes, unverwechselbares Detail f\u00fcr anspruchsvolle Looks.<\/p>\n<p><strong>TECHNISCHE DATEN<\/strong><\/p>\n<ul>\n<li>Doppelarmband mit 3 mm Tennis- und Figarokette<\/li>\n<li>Abmessungen: 16 cm + 3 cm Verl\u00e4ngerung, Herzkette<\/li>\n<li>Kristalldurchmesser: 3 mm<\/li>\n<li>Kristallfarbe: Wei\u00df<\/li>\n<li>Ausf\u00fchrung: Stahl<\/li>\n<li>Material: Edelstahl, Kristalle<\/li>\n<\/ul>\n<p><em>Alle Schmuckst\u00fccke der Marke #Brand sind aus dem reinsten chirurgischen Edelstahl auf dem Markt hergestellt, auf Nickel getestet und so konzipiert, dass sie jeden Tag getragen werden k\u00f6nnen, ohne dass Verf\u00e4rbungen oder Verschlei\u00dferscheinungen zu bef\u00fcrchten sind.\u00a0<\/em><\/p>","protected":false},"excerpt":{"rendered":"<p>Bracciale Doppio con Tennis 3mm e Catena Figaro Il bracciale doppio con il tennis e con la catena figaro firmato #Brand Gioielli si distingue per il suo design deciso e contemporaneo, caratterizzato dall\u2019unione armoniosa tra la luminosit\u00e0 della fila di cristalli e la forza della catena grande a maglie intrecciate. Il contrasto tra l\u2019eleganza brillante [&hellip;]<\/p>\n","protected":false},"featured_media":104684,"template":"","meta":[],"product_brand":[],"product_cat":[459,20,567,19,507],"product_tag":[578],"class_list":{"0":"post-5719","1":"product","2":"type-product","3":"status-publish","4":"has-post-thumbnail","6":"product_cat-bracciali","7":"product_cat-bracciali-donna","8":"product_cat-brand-carpet","9":"product_cat-donna","10":"product_cat-sotto-i-30e","11":"product_tag-collezione-red-carpet","13":"first","14":"instock","15":"shipping-taxable","16":"purchasable","17":"product-type-simple"},"yoast_head":"<!-- This site is optimized with the Yoast SEO plugin v27.4 - https:\/\/yoast.com\/product\/yoast-seo-wordpress\/ -->\n<title>Bracciale Doppio con Tennis e Catena Figaro - Brand Gioielli<\/title>\n<meta name=\"description\" content=\"Il bracciale a doppio filo con tennis e catena figaro firmato Brand Gioielli \u00e8 un gioiello raffinato e moderno, pensato per chi ama un accessorio discreto ma di carattere. Realizzato in acciaio inossidabile ipoallergenico e testato per il nichel, unisce resistenza e comfort, garantendo lucentezza e durata nel tempo.\" \/>\n<meta name=\"robots\" content=\"index, follow, max-snippet:-1, max-image-preview:large, max-video-preview:-1\" \/>\n<link rel=\"canonical\" href=\"https:\/\/brandgioielli.it\/de\/produkt\/bracciale-doppio-con-tennis-3mm-e-catena-figaro\/\" \/>\n<meta property=\"og:locale\" content=\"de_DE\" \/>\n<meta property=\"og:type\" content=\"article\" \/>\n<meta property=\"og:title\" content=\"Bracciale Doppio con Tennis e Catena Figaro - Brand Gioielli\" \/>\n<meta property=\"og:description\" content=\"Il bracciale a doppio filo con tennis e catena figaro firmato Brand Gioielli \u00e8 un gioiello raffinato e moderno, pensato per chi ama un accessorio discreto ma di carattere. Realizzato in acciaio inossidabile ipoallergenico e testato per il nichel, unisce resistenza e comfort, garantendo lucentezza e durata nel tempo.\" \/>\n<meta property=\"og:url\" content=\"https:\/\/brandgioielli.it\/de\/produkt\/bracciale-doppio-con-tennis-3mm-e-catena-figaro\/\" \/>\n<meta property=\"og:site_name\" content=\"#BrandGioielli\" \/>\n<meta property=\"article:modified_time\" content=\"2026-04-22T16:17:52+00:00\" \/>\n<meta property=\"og:image\" content=\"https:\/\/brandgioielli.it\/wp-content\/uploads\/2025\/09\/Bracciale-Doppio-con-Tennis-3mm-e-Catena-Figaro.jpg\" \/>\n\t<meta property=\"og:image:width\" content=\"800\" \/>\n\t<meta property=\"og:image:height\" content=\"800\" \/>\n\t<meta property=\"og:image:type\" content=\"image\/jpeg\" \/>\n<meta name=\"twitter:card\" content=\"summary_large_image\" \/>\n<meta name=\"twitter:label1\" content=\"Gesch\u00e4tzte Lesezeit\" \/>\n\t<meta name=\"twitter:data1\" content=\"2\u00a0Minuten\" \/>\n<script type=\"application\/ld+json\" class=\"yoast-schema-graph\">{\"@context\":\"https:\\\/\\\/schema.org\",\"@graph\":[{\"@type\":\"WebPage\",\"@id\":\"https:\\\/\\\/brandgioielli.it\\\/prodotto\\\/bracciale-doppio-con-tennis-3mm-e-catena-figaro\\\/\",\"url\":\"https:\\\/\\\/brandgioielli.it\\\/prodotto\\\/bracciale-doppio-con-tennis-3mm-e-catena-figaro\\\/\",\"name\":\"Bracciale Doppio con Tennis e Catena Figaro - Brand Gioielli\",\"isPartOf\":{\"@id\":\"https:\\\/\\\/brandgioielli.it\\\/#website\"},\"primaryImageOfPage\":{\"@id\":\"https:\\\/\\\/brandgioielli.it\\\/prodotto\\\/bracciale-doppio-con-tennis-3mm-e-catena-figaro\\\/#primaryimage\"},\"image\":{\"@id\":\"https:\\\/\\\/brandgioielli.it\\\/prodotto\\\/bracciale-doppio-con-tennis-3mm-e-catena-figaro\\\/#primaryimage\"},\"thumbnailUrl\":\"https:\\\/\\\/brandgioielli.it\\\/wp-content\\\/uploads\\\/2025\\\/09\\\/Bracciale-Doppio-con-Tennis-3mm-e-Catena-Figaro.jpg\",\"datePublished\":\"2025-09-20T07:42:20+00:00\",\"dateModified\":\"2026-04-22T16:17:52+00:00\",\"description\":\"Il bracciale a doppio filo con tennis e catena figaro firmato Brand Gioielli \u00e8 un gioiello raffinato e moderno, pensato per chi ama un accessorio discreto ma di carattere. Realizzato in acciaio inossidabile ipoallergenico e testato per il nichel, unisce resistenza e comfort, garantendo lucentezza e durata nel tempo.\",\"breadcrumb\":{\"@id\":\"https:\\\/\\\/brandgioielli.it\\\/prodotto\\\/bracciale-doppio-con-tennis-3mm-e-catena-figaro\\\/#breadcrumb\"},\"inLanguage\":\"de\",\"potentialAction\":[{\"@type\":\"ReadAction\",\"target\":[\"https:\\\/\\\/brandgioielli.it\\\/prodotto\\\/bracciale-doppio-con-tennis-3mm-e-catena-figaro\\\/\"]}]},{\"@type\":\"ImageObject\",\"inLanguage\":\"de\",\"@id\":\"https:\\\/\\\/brandgioielli.it\\\/prodotto\\\/bracciale-doppio-con-tennis-3mm-e-catena-figaro\\\/#primaryimage\",\"url\":\"https:\\\/\\\/brandgioielli.it\\\/wp-content\\\/uploads\\\/2025\\\/09\\\/Bracciale-Doppio-con-Tennis-3mm-e-Catena-Figaro.jpg\",\"contentUrl\":\"https:\\\/\\\/brandgioielli.it\\\/wp-content\\\/uploads\\\/2025\\\/09\\\/Bracciale-Doppio-con-Tennis-3mm-e-Catena-Figaro.jpg\",\"width\":800,\"height\":800},{\"@type\":\"BreadcrumbList\",\"@id\":\"https:\\\/\\\/brandgioielli.it\\\/prodotto\\\/bracciale-doppio-con-tennis-3mm-e-catena-figaro\\\/#breadcrumb\",\"itemListElement\":[{\"@type\":\"ListItem\",\"position\":1,\"name\":\"Home\",\"item\":\"https:\\\/\\\/brandgioielli.it\\\/\"},{\"@type\":\"ListItem\",\"position\":2,\"name\":\"Shop\",\"item\":\"https:\\\/\\\/brandgioielli.it\\\/shop\\\/\"},{\"@type\":\"ListItem\",\"position\":3,\"name\":\"Bracciale Doppio con Tennis 3mm e Catena Figaro\"}]},{\"@type\":\"WebSite\",\"@id\":\"https:\\\/\\\/brandgioielli.it\\\/#website\",\"url\":\"https:\\\/\\\/brandgioielli.it\\\/\",\"name\":\"#BrandGioielli\",\"description\":\"\",\"publisher\":{\"@id\":\"https:\\\/\\\/brandgioielli.it\\\/#organization\"},\"potentialAction\":[{\"@type\":\"SearchAction\",\"target\":{\"@type\":\"EntryPoint\",\"urlTemplate\":\"https:\\\/\\\/brandgioielli.it\\\/?s={search_term_string}\"},\"query-input\":{\"@type\":\"PropertyValueSpecification\",\"valueRequired\":true,\"valueName\":\"search_term_string\"}}],\"inLanguage\":\"de\"},{\"@type\":\"Organization\",\"@id\":\"https:\\\/\\\/brandgioielli.it\\\/#organization\",\"name\":\"Brand Gioielli\",\"url\":\"https:\\\/\\\/brandgioielli.it\\\/\",\"logo\":{\"@type\":\"ImageObject\",\"inLanguage\":\"de\",\"@id\":\"https:\\\/\\\/brandgioielli.it\\\/#\\\/schema\\\/logo\\\/image\\\/\",\"url\":\"https:\\\/\\\/brandgioielli.it\\\/wp-content\\\/uploads\\\/2025\\\/07\\\/LogoBrand.png\",\"contentUrl\":\"https:\\\/\\\/brandgioielli.it\\\/wp-content\\\/uploads\\\/2025\\\/07\\\/LogoBrand.png\",\"width\":600,\"height\":170,\"caption\":\"Brand Gioielli\"},\"image\":{\"@id\":\"https:\\\/\\\/brandgioielli.it\\\/#\\\/schema\\\/logo\\\/image\\\/\"}}]}<\/script>\n<!-- \/ Yoast SEO plugin. -->","yoast_head_json":{"title":"Doppel-Tennisarmband mit Figaro-Kette \u2013 Marke Gioielli","description":"Das zweireihige Tennisarmband mit Figaro-Kette von Brand Gioielli ist ein elegantes und modernes Schmuckst\u00fcck, entworfen f\u00fcr alle, die ein dezentes und dennoch markantes Accessoire lieben. Gefertigt aus hypoallergenem, nickelfreiem Edelstahl, vereint es Robustheit und Tragekomfort und garantiert Glanz und Langlebigkeit.","robots":{"index":"index","follow":"follow","max-snippet":"max-snippet:-1","max-image-preview":"max-image-preview:large","max-video-preview":"max-video-preview:-1"},"canonical":"https:\/\/brandgioielli.it\/de\/produkt\/bracciale-doppio-con-tennis-3mm-e-catena-figaro\/","og_locale":"de_DE","og_type":"article","og_title":"Bracciale Doppio con Tennis e Catena Figaro - Brand Gioielli","og_description":"Il bracciale a doppio filo con tennis e catena figaro firmato Brand Gioielli \u00e8 un gioiello raffinato e moderno, pensato per chi ama un accessorio discreto ma di carattere. Realizzato in acciaio inossidabile ipoallergenico e testato per il nichel, unisce resistenza e comfort, garantendo lucentezza e durata nel tempo.","og_url":"https:\/\/brandgioielli.it\/de\/produkt\/bracciale-doppio-con-tennis-3mm-e-catena-figaro\/","og_site_name":"#BrandGioielli","article_modified_time":"2026-04-22T16:17:52+00:00","og_image":[{"width":800,"height":800,"url":"https:\/\/brandgioielli.it\/wp-content\/uploads\/2025\/09\/Bracciale-Doppio-con-Tennis-3mm-e-Catena-Figaro.jpg","type":"image\/jpeg"}],"twitter_card":"summary_large_image","twitter_misc":{"Gesch\u00e4tzte Lesezeit":"2\u00a0Minuten"},"schema":{"@context":"https:\/\/schema.org","@graph":[{"@type":"WebPage","@id":"https:\/\/brandgioielli.it\/prodotto\/bracciale-doppio-con-tennis-3mm-e-catena-figaro\/","url":"https:\/\/brandgioielli.it\/prodotto\/bracciale-doppio-con-tennis-3mm-e-catena-figaro\/","name":"Doppel-Tennisarmband mit Figaro-Kette \u2013 Marke Gioielli","isPartOf":{"@id":"https:\/\/brandgioielli.it\/#website"},"primaryImageOfPage":{"@id":"https:\/\/brandgioielli.it\/prodotto\/bracciale-doppio-con-tennis-3mm-e-catena-figaro\/#primaryimage"},"image":{"@id":"https:\/\/brandgioielli.it\/prodotto\/bracciale-doppio-con-tennis-3mm-e-catena-figaro\/#primaryimage"},"thumbnailUrl":"https:\/\/brandgioielli.it\/wp-content\/uploads\/2025\/09\/Bracciale-Doppio-con-Tennis-3mm-e-Catena-Figaro.jpg","datePublished":"2025-09-20T07:42:20+00:00","dateModified":"2026-04-22T16:17:52+00:00","description":"Das zweireihige Tennisarmband mit Figaro-Kette von Brand Gioielli ist ein elegantes und modernes Schmuckst\u00fcck, entworfen f\u00fcr alle, die ein dezentes und dennoch markantes Accessoire lieben. Gefertigt aus hypoallergenem, nickelfreiem Edelstahl, vereint es Robustheit und Tragekomfort und garantiert Glanz und Langlebigkeit.","breadcrumb":{"@id":"https:\/\/brandgioielli.it\/prodotto\/bracciale-doppio-con-tennis-3mm-e-catena-figaro\/#breadcrumb"},"inLanguage":"de","potentialAction":[{"@type":"ReadAction","target":["https:\/\/brandgioielli.it\/prodotto\/bracciale-doppio-con-tennis-3mm-e-catena-figaro\/"]}]},{"@type":"ImageObject","inLanguage":"de","@id":"https:\/\/brandgioielli.it\/prodotto\/bracciale-doppio-con-tennis-3mm-e-catena-figaro\/#primaryimage","url":"https:\/\/brandgioielli.it\/wp-content\/uploads\/2025\/09\/Bracciale-Doppio-con-Tennis-3mm-e-Catena-Figaro.jpg","contentUrl":"https:\/\/brandgioielli.it\/wp-content\/uploads\/2025\/09\/Bracciale-Doppio-con-Tennis-3mm-e-Catena-Figaro.jpg","width":800,"height":800},{"@type":"BreadcrumbList","@id":"https:\/\/brandgioielli.it\/prodotto\/bracciale-doppio-con-tennis-3mm-e-catena-figaro\/#breadcrumb","itemListElement":[{"@type":"ListItem","position":1,"name":"Home","item":"https:\/\/brandgioielli.it\/"},{"@type":"ListItem","position":2,"name":"Shop","item":"https:\/\/brandgioielli.it\/shop\/"},{"@type":"ListItem","position":3,"name":"Bracciale Doppio con Tennis 3mm e Catena Figaro"}]},{"@type":"WebSite","@id":"https:\/\/brandgioielli.it\/#website","url":"https:\/\/brandgioielli.it\/","name":"#BrandGioielli","description":"","publisher":{"@id":"https:\/\/brandgioielli.it\/#organization"},"potentialAction":[{"@type":"SearchAction","target":{"@type":"EntryPoint","urlTemplate":"https:\/\/brandgioielli.it\/?s={search_term_string}"},"query-input":{"@type":"PropertyValueSpecification","valueRequired":true,"valueName":"search_term_string"}}],"inLanguage":"de"},{"@type":"Organization","@id":"https:\/\/brandgioielli.it\/#organization","name":"Markenschmuck","url":"https:\/\/brandgioielli.it\/","logo":{"@type":"ImageObject","inLanguage":"de","@id":"https:\/\/brandgioielli.it\/#\/schema\/logo\/image\/","url":"https:\/\/brandgioielli.it\/wp-content\/uploads\/2025\/07\/LogoBrand.png","contentUrl":"https:\/\/brandgioielli.it\/wp-content\/uploads\/2025\/07\/LogoBrand.png","width":600,"height":170,"caption":"Brand Gioielli"},"image":{"@id":"https:\/\/brandgioielli.it\/#\/schema\/logo\/image\/"}}]}},"_links":{"self":[{"href":"https:\/\/brandgioielli.it\/de\/wp-json\/wp\/v2\/product\/5719","targetHints":{"allow":["GET"]}}],"collection":[{"href":"https:\/\/brandgioielli.it\/de\/wp-json\/wp\/v2\/product"}],"about":[{"href":"https:\/\/brandgioielli.it\/de\/wp-json\/wp\/v2\/types\/product"}],"version-history":[{"count":8,"href":"https:\/\/brandgioielli.it\/de\/wp-json\/wp\/v2\/product\/5719\/revisions"}],"predecessor-version":[{"id":104699,"href":"https:\/\/brandgioielli.it\/de\/wp-json\/wp\/v2\/product\/5719\/revisions\/104699"}],"wp:featuredmedia":[{"embeddable":true,"href":"https:\/\/brandgioielli.it\/de\/wp-json\/wp\/v2\/media\/104684"}],"wp:attachment":[{"href":"https:\/\/brandgioielli.it\/de\/wp-json\/wp\/v2\/media?parent=5719"}],"wp:term":[{"taxonomy":"product_brand","embeddable":true,"href":"https:\/\/brandgioielli.it\/de\/wp-json\/wp\/v2\/product_brand?post=5719"},{"taxonomy":"product_cat","embeddable":true,"href":"https:\/\/brandgioielli.it\/de\/wp-json\/wp\/v2\/product_cat?post=5719"},{"taxonomy":"product_tag","embeddable":true,"href":"https:\/\/brandgioielli.it\/de\/wp-json\/wp\/v2\/product_tag?post=5719"}],"curies":[{"name":"wp","href":"https:\/\/api.w.org\/{rel}","templated":true}]}}