{"id":4734,"date":"2025-09-20T04:40:31","date_gmt":"2025-09-20T02:40:31","guid":{"rendered":"https:\/\/sandybrown-lark-277155.hostingersite.com\/prodotto\/orecchini-punto-luce-bianco-25mm\/"},"modified":"2026-04-28T18:18:02","modified_gmt":"2026-04-28T16:18:02","slug":"orecchini-piercing-punto-luce-bianco-25mm","status":"publish","type":"product","link":"https:\/\/brandgioielli.it\/de\/produkt\/orecchini-piercing-punto-luce-bianco-25mm\/","title":{"rendered":"2,5 mm wei\u00dfe Lichtpunkt-Ohrringe"},"content":{"rendered":"<h2>2,5 mm wei\u00dfe Lichtpunkt-Ohrringe<\/h2>\n<p data-start=\"518\" data-end=\"721\">Die wei\u00dfen Kristallohrringe von #Brand Gioielli bestechen durch ihr schlichtes und zugleich strahlendes Design. Ein zentraler wei\u00dfer Kristall f\u00e4ngt das Licht ein und reflektiert es mit dezenter Eleganz. Die kompakte Form und die Edelstahl-Oberfl\u00e4che unterstreichen den minimalistischen und modernen Stil. So eignen sie sich perfekt f\u00fcr klassische Ohrl\u00e4ppchen-Ohrringe oder Piercings an anderen Stellen des Ohrs \u2013 ganz nach Ihrem Geschmack. Vielseitig und raffiniert sind sie ideal f\u00fcr den Alltag, ob solo oder in Kombination mit anderen Ohrringen. Kreieren Sie moderne und individuelle Looks und verleihen Sie Ihrem Outfit einen Hauch von unaufdringlicher und raffinierter Brillanz.<\/p>\n<p><strong>TECHNISCHE DATEN<\/strong><\/p>\n<ul>\n<li>2,5 mm wei\u00dfe Lichtpunkt-Ohrringe<\/li>\n<li>Kristallgr\u00f6\u00dfe: 2,5 mm<\/li>\n<li>Kristallfarbe: Wei\u00df<\/li>\n<li>Verschluss: Kugelverschluss<\/li>\n<li>Ausf\u00fchrung: Stahl<\/li>\n<li>Material: Edelstahl, Kristall<\/li>\n<\/ul>\n<p><em>Alle Schmuckst\u00fccke von #Brand werden aus dem reinsten chirurgischen Edelstahl hergestellt, der auf Nickel getestet wurde, und sind so konzipiert, dass sie jeden Tag getragen werden k\u00f6nnen, ohne dass Verf\u00e4rbungen oder Abnutzungserscheinungen zu bef\u00fcrchten sind, und sie sind wasserfest.<\/em><\/p>","protected":false},"excerpt":{"rendered":"<p>Orecchini Piercing Punto Luce Bianco 2,5mm La coppia di orecchini piercing punto luce bianco firmati #Brand Gioielli si distinguono per il loro design essenziale e luminoso, caratterizzato da un cristallo bianco centrale che cattura e riflette la luce con discreta eleganza. La struttura compatta e la finitura in acciaio esaltano uno stile minimal e contemporaneo, [&hellip;]<\/p>\n","protected":false},"featured_media":104293,"template":"","meta":[],"product_brand":[],"product_cat":[19,36,24,65,92,500,508,510,39],"product_tag":[53,128],"class_list":{"0":"post-4734","1":"product","2":"type-product","3":"status-publish","4":"has-post-thumbnail","6":"product_cat-donna","7":"product_cat-orecchini","8":"product_cat-orecchini-donna","9":"product_cat-orecchini-uomo","10":"product_cat-piercing","11":"product_cat-piercings","12":"product_cat-sotto-i-5e","13":"product_cat-tragus","14":"product_cat-uomo","15":"product_tag-collezione-crystal","16":"product_tag-piercing","18":"first","19":"instock","20":"shipping-taxable","21":"purchasable","22":"product-type-simple"},"yoast_head":"<!-- This site is optimized with the Yoast SEO plugin v27.5 - https:\/\/yoast.com\/product\/yoast-seo-wordpress\/ -->\n<title>Orecchini Piercing Punto Luce Bianco 2,5mm - #BrandGioielli<\/title>\n<meta name=\"description\" content=\"Acquista ora su Brand Gioielli: Orecchini Piercing Punto Luce Bianco 2,5mm\" \/>\n<meta name=\"robots\" content=\"index, follow, max-snippet:-1, max-image-preview:large, max-video-preview:-1\" \/>\n<link rel=\"canonical\" href=\"https:\/\/brandgioielli.it\/de\/produkt\/orecchini-piercing-punto-luce-bianco-25mm\/\" \/>\n<meta property=\"og:locale\" content=\"de_DE\" \/>\n<meta property=\"og:type\" content=\"article\" \/>\n<meta property=\"og:title\" content=\"Orecchini Piercing Punto Luce Bianco 2,5mm - #BrandGioielli\" \/>\n<meta property=\"og:description\" content=\"Acquista ora su Brand Gioielli: Orecchini Piercing Punto Luce Bianco 2,5mm\" \/>\n<meta property=\"og:url\" content=\"https:\/\/brandgioielli.it\/de\/produkt\/orecchini-piercing-punto-luce-bianco-25mm\/\" \/>\n<meta property=\"og:site_name\" content=\"#BrandGioielli\" \/>\n<meta property=\"article:modified_time\" content=\"2026-04-28T16:18:02+00:00\" \/>\n<meta property=\"og:image\" content=\"https:\/\/brandgioielli.it\/wp-content\/uploads\/2025\/09\/orecchini-piercing-cristallo-25.jpg\" \/>\n\t<meta property=\"og:image:width\" content=\"800\" \/>\n\t<meta property=\"og:image:height\" content=\"800\" \/>\n\t<meta property=\"og:image:type\" content=\"image\/jpeg\" \/>\n<meta name=\"twitter:card\" content=\"summary_large_image\" \/>\n<meta name=\"twitter:label1\" content=\"Gesch\u00e4tzte Lesezeit\" \/>\n\t<meta name=\"twitter:data1\" content=\"2\u00a0Minuten\" \/>\n<script type=\"application\/ld+json\" class=\"yoast-schema-graph\">{\"@context\":\"https:\\\/\\\/schema.org\",\"@graph\":[{\"@type\":\"WebPage\",\"@id\":\"https:\\\/\\\/brandgioielli.it\\\/prodotto\\\/orecchini-piercing-punto-luce-bianco-25mm\\\/\",\"url\":\"https:\\\/\\\/brandgioielli.it\\\/prodotto\\\/orecchini-piercing-punto-luce-bianco-25mm\\\/\",\"name\":\"Orecchini Piercing Punto Luce Bianco 2,5mm - #BrandGioielli\",\"isPartOf\":{\"@id\":\"https:\\\/\\\/brandgioielli.it\\\/#website\"},\"primaryImageOfPage\":{\"@id\":\"https:\\\/\\\/brandgioielli.it\\\/prodotto\\\/orecchini-piercing-punto-luce-bianco-25mm\\\/#primaryimage\"},\"image\":{\"@id\":\"https:\\\/\\\/brandgioielli.it\\\/prodotto\\\/orecchini-piercing-punto-luce-bianco-25mm\\\/#primaryimage\"},\"thumbnailUrl\":\"https:\\\/\\\/brandgioielli.it\\\/wp-content\\\/uploads\\\/2025\\\/09\\\/orecchini-piercing-cristallo-25.jpg\",\"datePublished\":\"2025-09-20T02:40:31+00:00\",\"dateModified\":\"2026-04-28T16:18:02+00:00\",\"description\":\"Acquista ora su Brand Gioielli: Orecchini Piercing Punto Luce Bianco 2,5mm\",\"breadcrumb\":{\"@id\":\"https:\\\/\\\/brandgioielli.it\\\/prodotto\\\/orecchini-piercing-punto-luce-bianco-25mm\\\/#breadcrumb\"},\"inLanguage\":\"de\",\"potentialAction\":[{\"@type\":\"ReadAction\",\"target\":[\"https:\\\/\\\/brandgioielli.it\\\/prodotto\\\/orecchini-piercing-punto-luce-bianco-25mm\\\/\"]}]},{\"@type\":\"ImageObject\",\"inLanguage\":\"de\",\"@id\":\"https:\\\/\\\/brandgioielli.it\\\/prodotto\\\/orecchini-piercing-punto-luce-bianco-25mm\\\/#primaryimage\",\"url\":\"https:\\\/\\\/brandgioielli.it\\\/wp-content\\\/uploads\\\/2025\\\/09\\\/orecchini-piercing-cristallo-25.jpg\",\"contentUrl\":\"https:\\\/\\\/brandgioielli.it\\\/wp-content\\\/uploads\\\/2025\\\/09\\\/orecchini-piercing-cristallo-25.jpg\",\"width\":800,\"height\":800},{\"@type\":\"BreadcrumbList\",\"@id\":\"https:\\\/\\\/brandgioielli.it\\\/prodotto\\\/orecchini-piercing-punto-luce-bianco-25mm\\\/#breadcrumb\",\"itemListElement\":[{\"@type\":\"ListItem\",\"position\":1,\"name\":\"Home\",\"item\":\"https:\\\/\\\/brandgioielli.it\\\/\"},{\"@type\":\"ListItem\",\"position\":2,\"name\":\"Shop\",\"item\":\"https:\\\/\\\/brandgioielli.it\\\/shop\\\/\"},{\"@type\":\"ListItem\",\"position\":3,\"name\":\"Orecchini Piercing Punto Luce Bianco 2,5mm\"}]},{\"@type\":\"WebSite\",\"@id\":\"https:\\\/\\\/brandgioielli.it\\\/#website\",\"url\":\"https:\\\/\\\/brandgioielli.it\\\/\",\"name\":\"#BrandGioielli\",\"description\":\"\",\"publisher\":{\"@id\":\"https:\\\/\\\/brandgioielli.it\\\/#organization\"},\"potentialAction\":[{\"@type\":\"SearchAction\",\"target\":{\"@type\":\"EntryPoint\",\"urlTemplate\":\"https:\\\/\\\/brandgioielli.it\\\/?s={search_term_string}\"},\"query-input\":{\"@type\":\"PropertyValueSpecification\",\"valueRequired\":true,\"valueName\":\"search_term_string\"}}],\"inLanguage\":\"de\"},{\"@type\":\"Organization\",\"@id\":\"https:\\\/\\\/brandgioielli.it\\\/#organization\",\"name\":\"Brand Gioielli\",\"url\":\"https:\\\/\\\/brandgioielli.it\\\/\",\"logo\":{\"@type\":\"ImageObject\",\"inLanguage\":\"de\",\"@id\":\"https:\\\/\\\/brandgioielli.it\\\/#\\\/schema\\\/logo\\\/image\\\/\",\"url\":\"https:\\\/\\\/brandgioielli.it\\\/wp-content\\\/uploads\\\/2025\\\/07\\\/LogoBrand.png\",\"contentUrl\":\"https:\\\/\\\/brandgioielli.it\\\/wp-content\\\/uploads\\\/2025\\\/07\\\/LogoBrand.png\",\"width\":600,\"height\":170,\"caption\":\"Brand Gioielli\"},\"image\":{\"@id\":\"https:\\\/\\\/brandgioielli.it\\\/#\\\/schema\\\/logo\\\/image\\\/\"}}]}<\/script>\n<!-- \/ Yoast SEO plugin. -->","yoast_head_json":{"title":"Orecchini Piercing Punto Luce Bianco 2,5mm - #BrandGioielli","description":"Acquista ora su Brand Gioielli: Orecchini Piercing Punto Luce Bianco 2,5mm","robots":{"index":"index","follow":"follow","max-snippet":"max-snippet:-1","max-image-preview":"max-image-preview:large","max-video-preview":"max-video-preview:-1"},"canonical":"https:\/\/brandgioielli.it\/de\/produkt\/orecchini-piercing-punto-luce-bianco-25mm\/","og_locale":"de_DE","og_type":"article","og_title":"Orecchini Piercing Punto Luce Bianco 2,5mm - #BrandGioielli","og_description":"Acquista ora su Brand Gioielli: Orecchini Piercing Punto Luce Bianco 2,5mm","og_url":"https:\/\/brandgioielli.it\/de\/produkt\/orecchini-piercing-punto-luce-bianco-25mm\/","og_site_name":"#BrandGioielli","article_modified_time":"2026-04-28T16:18:02+00:00","og_image":[{"width":800,"height":800,"url":"https:\/\/brandgioielli.it\/wp-content\/uploads\/2025\/09\/orecchini-piercing-cristallo-25.jpg","type":"image\/jpeg"}],"twitter_card":"summary_large_image","twitter_misc":{"Gesch\u00e4tzte Lesezeit":"2\u00a0Minuten"},"schema":{"@context":"https:\/\/schema.org","@graph":[{"@type":"WebPage","@id":"https:\/\/brandgioielli.it\/prodotto\/orecchini-piercing-punto-luce-bianco-25mm\/","url":"https:\/\/brandgioielli.it\/prodotto\/orecchini-piercing-punto-luce-bianco-25mm\/","name":"Orecchini Piercing Punto Luce Bianco 2,5mm - #BrandGioielli","isPartOf":{"@id":"https:\/\/brandgioielli.it\/#website"},"primaryImageOfPage":{"@id":"https:\/\/brandgioielli.it\/prodotto\/orecchini-piercing-punto-luce-bianco-25mm\/#primaryimage"},"image":{"@id":"https:\/\/brandgioielli.it\/prodotto\/orecchini-piercing-punto-luce-bianco-25mm\/#primaryimage"},"thumbnailUrl":"https:\/\/brandgioielli.it\/wp-content\/uploads\/2025\/09\/orecchini-piercing-cristallo-25.jpg","datePublished":"2025-09-20T02:40:31+00:00","dateModified":"2026-04-28T16:18:02+00:00","description":"Acquista ora su Brand Gioielli: Orecchini Piercing Punto Luce Bianco 2,5mm","breadcrumb":{"@id":"https:\/\/brandgioielli.it\/prodotto\/orecchini-piercing-punto-luce-bianco-25mm\/#breadcrumb"},"inLanguage":"de","potentialAction":[{"@type":"ReadAction","target":["https:\/\/brandgioielli.it\/prodotto\/orecchini-piercing-punto-luce-bianco-25mm\/"]}]},{"@type":"ImageObject","inLanguage":"de","@id":"https:\/\/brandgioielli.it\/prodotto\/orecchini-piercing-punto-luce-bianco-25mm\/#primaryimage","url":"https:\/\/brandgioielli.it\/wp-content\/uploads\/2025\/09\/orecchini-piercing-cristallo-25.jpg","contentUrl":"https:\/\/brandgioielli.it\/wp-content\/uploads\/2025\/09\/orecchini-piercing-cristallo-25.jpg","width":800,"height":800},{"@type":"BreadcrumbList","@id":"https:\/\/brandgioielli.it\/prodotto\/orecchini-piercing-punto-luce-bianco-25mm\/#breadcrumb","itemListElement":[{"@type":"ListItem","position":1,"name":"Home","item":"https:\/\/brandgioielli.it\/"},{"@type":"ListItem","position":2,"name":"Shop","item":"https:\/\/brandgioielli.it\/shop\/"},{"@type":"ListItem","position":3,"name":"Orecchini Piercing Punto Luce Bianco 2,5mm"}]},{"@type":"WebSite","@id":"https:\/\/brandgioielli.it\/#website","url":"https:\/\/brandgioielli.it\/","name":"#BrandGioielli","description":"","publisher":{"@id":"https:\/\/brandgioielli.it\/#organization"},"potentialAction":[{"@type":"SearchAction","target":{"@type":"EntryPoint","urlTemplate":"https:\/\/brandgioielli.it\/?s={search_term_string}"},"query-input":{"@type":"PropertyValueSpecification","valueRequired":true,"valueName":"search_term_string"}}],"inLanguage":"de"},{"@type":"Organization","@id":"https:\/\/brandgioielli.it\/#organization","name":"Markenschmuck","url":"https:\/\/brandgioielli.it\/","logo":{"@type":"ImageObject","inLanguage":"de","@id":"https:\/\/brandgioielli.it\/#\/schema\/logo\/image\/","url":"https:\/\/brandgioielli.it\/wp-content\/uploads\/2025\/07\/LogoBrand.png","contentUrl":"https:\/\/brandgioielli.it\/wp-content\/uploads\/2025\/07\/LogoBrand.png","width":600,"height":170,"caption":"Brand Gioielli"},"image":{"@id":"https:\/\/brandgioielli.it\/#\/schema\/logo\/image\/"}}]}},"_links":{"self":[{"href":"https:\/\/brandgioielli.it\/de\/wp-json\/wp\/v2\/product\/4734","targetHints":{"allow":["GET"]}}],"collection":[{"href":"https:\/\/brandgioielli.it\/de\/wp-json\/wp\/v2\/product"}],"about":[{"href":"https:\/\/brandgioielli.it\/de\/wp-json\/wp\/v2\/types\/product"}],"version-history":[{"count":5,"href":"https:\/\/brandgioielli.it\/de\/wp-json\/wp\/v2\/product\/4734\/revisions"}],"predecessor-version":[{"id":106698,"href":"https:\/\/brandgioielli.it\/de\/wp-json\/wp\/v2\/product\/4734\/revisions\/106698"}],"wp:featuredmedia":[{"embeddable":true,"href":"https:\/\/brandgioielli.it\/de\/wp-json\/wp\/v2\/media\/104293"}],"wp:attachment":[{"href":"https:\/\/brandgioielli.it\/de\/wp-json\/wp\/v2\/media?parent=4734"}],"wp:term":[{"taxonomy":"product_brand","embeddable":true,"href":"https:\/\/brandgioielli.it\/de\/wp-json\/wp\/v2\/product_brand?post=4734"},{"taxonomy":"product_cat","embeddable":true,"href":"https:\/\/brandgioielli.it\/de\/wp-json\/wp\/v2\/product_cat?post=4734"},{"taxonomy":"product_tag","embeddable":true,"href":"https:\/\/brandgioielli.it\/de\/wp-json\/wp\/v2\/product_tag?post=4734"}],"curies":[{"name":"wp","href":"https:\/\/api.w.org\/{rel}","templated":true}]}}