{"id":4454,"date":"2025-09-20T03:18:22","date_gmt":"2025-09-20T01:18:22","guid":{"rendered":"https:\/\/sandybrown-lark-277155.hostingersite.com\/prodotto\/anello-fede-con-cristallo-pvd-oro\/"},"modified":"2026-04-20T15:17:34","modified_gmt":"2026-04-20T13:17:34","slug":"anello-fede-con-cristallo-pvd-oro","status":"publish","type":"product","link":"https:\/\/brandgioielli.it\/de\/produkt\/anello-fede-con-cristallo-pvd-oro\/","title":{"rendered":"Goldener Kristall-Glaubensring\u00a0"},"content":{"rendered":"<h2>Goldener Glaubensring mit Kristall<\/h2>\n<p>Der Noi-Goldring von #Brand Gioielli symbolisiert authentische Verbundenheit. Sein minimalistisches und zeitloses Design macht ihn perfekt als ... <strong data-start=\"526\" data-end=\"546\">Paarring<\/strong>, das t\u00e4glich als Zeichen der Liebe, Verbundenheit oder des gegenseitigen Versprechens getragen werden soll. Hergestellt aus <strong data-start=\"642\" data-end=\"671\">rostfreier Stahl<\/strong>, Innen ziert eine Emaillegravur mit dem Wort \u201cNOI\u201d und zwei Herzen den Ring \u2013 ein wahres Symbol der Liebe zwischen Mann und Frau. Ob Jahrestag, Valentinstag oder ein anderer besonderer Anlass, er ist eine elegante Wahl f\u00fcr alle, die ein Schmuckst\u00fcck zum Verschenken suchen.<\/p>\n<p><strong>TECHNISCHE DATEN<\/strong><\/p>\n<ul>\n<li>Goldener Kristall-Glaubensring<\/li>\n<li>Erh\u00e4ltlich in den Gr\u00f6\u00dfen: 08-10-12-14-16-18-20-22-24-26-28-30-32-34<\/li>\n<li>Oberfl\u00e4che: Gold PVD<\/li>\n<li>Material: Edelstahl, Emaille, Kristalle<\/li>\n<\/ul>\n<p><em>Alle Schmuckst\u00fccke von #Brand werden aus dem reinsten chirurgischen Edelstahl hergestellt, der auf Nickel getestet wurde, und sind so konzipiert, dass sie jeden Tag getragen werden k\u00f6nnen, ohne dass Verf\u00e4rbungen oder Abnutzungserscheinungen zu bef\u00fcrchten sind, und sie sind wasserfest.<\/em><\/p>","protected":false},"excerpt":{"rendered":"<p>Anello Fede Oro con Cristallo L&#8217;anello Noi oro firmato #Brand Gioielli \u00e8 pensato per rappresentare i legami autentici. Il suo design minimal e senza tempo la rende perfetta come anello di coppia, da indossare ogni giorno come segno d\u2019amore, connessione o promessa reciproca. Realizzata in acciaio inossidabile, all\u2019interno ha l\u2019incisione smaltata con la scritta \u201cNOI\u201d [&hellip;]<\/p>\n","protected":false},"featured_media":61870,"template":"","meta":[],"product_brand":[],"product_cat":[457,25,42,476,19,505,39],"product_tag":[88],"class_list":{"0":"post-4454","1":"product","2":"type-product","3":"status-publish","4":"has-post-thumbnail","6":"product_cat-anelli","7":"product_cat-anelli-donna","8":"product_cat-anelli-uomo","9":"product_cat-coppia","10":"product_cat-donna","11":"product_cat-sotto-i-10e","12":"product_cat-uomo","13":"product_tag-collezione-noi","15":"first","16":"instock","17":"shipping-taxable","18":"purchasable","19":"product-type-variable"},"yoast_head":"<!-- This site is optimized with the Yoast SEO plugin v27.4 - https:\/\/yoast.com\/product\/yoast-seo-wordpress\/ -->\n<title>Anello Fede Oro Cristallo\u00a0 - #BrandGioielli<\/title>\n<meta name=\"description\" content=\"Acquista ora su Brand Gioielli: Anello Fede Oro Cristallo\u00a0\" \/>\n<meta name=\"robots\" content=\"index, follow, max-snippet:-1, max-image-preview:large, max-video-preview:-1\" \/>\n<link rel=\"canonical\" href=\"https:\/\/brandgioielli.it\/de\/produkt\/anello-fede-con-cristallo-pvd-oro\/\" \/>\n<meta property=\"og:locale\" content=\"de_DE\" \/>\n<meta property=\"og:type\" content=\"article\" \/>\n<meta property=\"og:title\" content=\"Anello Fede Oro Cristallo\u00a0 - #BrandGioielli\" \/>\n<meta property=\"og:description\" content=\"Acquista ora su Brand Gioielli: Anello Fede Oro Cristallo\u00a0\" \/>\n<meta property=\"og:url\" content=\"https:\/\/brandgioielli.it\/de\/produkt\/anello-fede-con-cristallo-pvd-oro\/\" \/>\n<meta property=\"og:site_name\" content=\"#BrandGioielli\" \/>\n<meta property=\"article:modified_time\" content=\"2026-04-20T13:17:34+00:00\" \/>\n<meta property=\"og:image\" content=\"http:\/\/brandgioielli.it\/wp-content\/uploads\/2025\/09\/11RG004G-26.jpg\" \/>\n\t<meta property=\"og:image:width\" content=\"800\" \/>\n\t<meta property=\"og:image:height\" content=\"800\" \/>\n\t<meta property=\"og:image:type\" content=\"image\/jpeg\" \/>\n<meta name=\"twitter:card\" content=\"summary_large_image\" \/>\n<meta name=\"twitter:label1\" content=\"Gesch\u00e4tzte Lesezeit\" \/>\n\t<meta name=\"twitter:data1\" content=\"1\u00a0Minute\" \/>\n<script type=\"application\/ld+json\" class=\"yoast-schema-graph\">{\"@context\":\"https:\\\/\\\/schema.org\",\"@graph\":[{\"@type\":\"WebPage\",\"@id\":\"https:\\\/\\\/brandgioielli.it\\\/prodotto\\\/anello-fede-con-cristallo-pvd-oro\\\/\",\"url\":\"https:\\\/\\\/brandgioielli.it\\\/prodotto\\\/anello-fede-con-cristallo-pvd-oro\\\/\",\"name\":\"Anello Fede Oro Cristallo\u00a0 - #BrandGioielli\",\"isPartOf\":{\"@id\":\"https:\\\/\\\/brandgioielli.it\\\/#website\"},\"primaryImageOfPage\":{\"@id\":\"https:\\\/\\\/brandgioielli.it\\\/prodotto\\\/anello-fede-con-cristallo-pvd-oro\\\/#primaryimage\"},\"image\":{\"@id\":\"https:\\\/\\\/brandgioielli.it\\\/prodotto\\\/anello-fede-con-cristallo-pvd-oro\\\/#primaryimage\"},\"thumbnailUrl\":\"https:\\\/\\\/brandgioielli.it\\\/wp-content\\\/uploads\\\/2025\\\/09\\\/11RG004G-26.jpg\",\"datePublished\":\"2025-09-20T01:18:22+00:00\",\"dateModified\":\"2026-04-20T13:17:34+00:00\",\"description\":\"Acquista ora su Brand Gioielli: Anello Fede Oro Cristallo\u00a0\",\"breadcrumb\":{\"@id\":\"https:\\\/\\\/brandgioielli.it\\\/prodotto\\\/anello-fede-con-cristallo-pvd-oro\\\/#breadcrumb\"},\"inLanguage\":\"de\",\"potentialAction\":[{\"@type\":\"ReadAction\",\"target\":[\"https:\\\/\\\/brandgioielli.it\\\/prodotto\\\/anello-fede-con-cristallo-pvd-oro\\\/\"]}]},{\"@type\":\"ImageObject\",\"inLanguage\":\"de\",\"@id\":\"https:\\\/\\\/brandgioielli.it\\\/prodotto\\\/anello-fede-con-cristallo-pvd-oro\\\/#primaryimage\",\"url\":\"https:\\\/\\\/brandgioielli.it\\\/wp-content\\\/uploads\\\/2025\\\/09\\\/11RG004G-26.jpg\",\"contentUrl\":\"https:\\\/\\\/brandgioielli.it\\\/wp-content\\\/uploads\\\/2025\\\/09\\\/11RG004G-26.jpg\",\"width\":800,\"height\":800},{\"@type\":\"BreadcrumbList\",\"@id\":\"https:\\\/\\\/brandgioielli.it\\\/prodotto\\\/anello-fede-con-cristallo-pvd-oro\\\/#breadcrumb\",\"itemListElement\":[{\"@type\":\"ListItem\",\"position\":1,\"name\":\"Home\",\"item\":\"https:\\\/\\\/brandgioielli.it\\\/\"},{\"@type\":\"ListItem\",\"position\":2,\"name\":\"Shop\",\"item\":\"https:\\\/\\\/brandgioielli.it\\\/shop\\\/\"},{\"@type\":\"ListItem\",\"position\":3,\"name\":\"Anello Fede Oro Cristallo\u00a0\"}]},{\"@type\":\"WebSite\",\"@id\":\"https:\\\/\\\/brandgioielli.it\\\/#website\",\"url\":\"https:\\\/\\\/brandgioielli.it\\\/\",\"name\":\"#BrandGioielli\",\"description\":\"\",\"publisher\":{\"@id\":\"https:\\\/\\\/brandgioielli.it\\\/#organization\"},\"potentialAction\":[{\"@type\":\"SearchAction\",\"target\":{\"@type\":\"EntryPoint\",\"urlTemplate\":\"https:\\\/\\\/brandgioielli.it\\\/?s={search_term_string}\"},\"query-input\":{\"@type\":\"PropertyValueSpecification\",\"valueRequired\":true,\"valueName\":\"search_term_string\"}}],\"inLanguage\":\"de\"},{\"@type\":\"Organization\",\"@id\":\"https:\\\/\\\/brandgioielli.it\\\/#organization\",\"name\":\"Brand Gioielli\",\"url\":\"https:\\\/\\\/brandgioielli.it\\\/\",\"logo\":{\"@type\":\"ImageObject\",\"inLanguage\":\"de\",\"@id\":\"https:\\\/\\\/brandgioielli.it\\\/#\\\/schema\\\/logo\\\/image\\\/\",\"url\":\"https:\\\/\\\/brandgioielli.it\\\/wp-content\\\/uploads\\\/2025\\\/07\\\/LogoBrand.png\",\"contentUrl\":\"https:\\\/\\\/brandgioielli.it\\\/wp-content\\\/uploads\\\/2025\\\/07\\\/LogoBrand.png\",\"width\":600,\"height\":170,\"caption\":\"Brand Gioielli\"},\"image\":{\"@id\":\"https:\\\/\\\/brandgioielli.it\\\/#\\\/schema\\\/logo\\\/image\\\/\"}}]}<\/script>\n<!-- \/ Yoast SEO plugin. -->","yoast_head_json":{"title":"Anello Fede Oro Cristallo\u00a0 - #BrandGioielli","description":"Acquista ora su Brand Gioielli: Anello Fede Oro Cristallo\u00a0","robots":{"index":"index","follow":"follow","max-snippet":"max-snippet:-1","max-image-preview":"max-image-preview:large","max-video-preview":"max-video-preview:-1"},"canonical":"https:\/\/brandgioielli.it\/de\/produkt\/anello-fede-con-cristallo-pvd-oro\/","og_locale":"de_DE","og_type":"article","og_title":"Anello Fede Oro Cristallo\u00a0 - #BrandGioielli","og_description":"Acquista ora su Brand Gioielli: Anello Fede Oro Cristallo\u00a0","og_url":"https:\/\/brandgioielli.it\/de\/produkt\/anello-fede-con-cristallo-pvd-oro\/","og_site_name":"#BrandGioielli","article_modified_time":"2026-04-20T13:17:34+00:00","og_image":[{"width":800,"height":800,"url":"http:\/\/brandgioielli.it\/wp-content\/uploads\/2025\/09\/11RG004G-26.jpg","type":"image\/jpeg"}],"twitter_card":"summary_large_image","twitter_misc":{"Gesch\u00e4tzte Lesezeit":"1\u00a0Minute"},"schema":{"@context":"https:\/\/schema.org","@graph":[{"@type":"WebPage","@id":"https:\/\/brandgioielli.it\/prodotto\/anello-fede-con-cristallo-pvd-oro\/","url":"https:\/\/brandgioielli.it\/prodotto\/anello-fede-con-cristallo-pvd-oro\/","name":"Anello Fede Oro Cristallo\u00a0 - #BrandGioielli","isPartOf":{"@id":"https:\/\/brandgioielli.it\/#website"},"primaryImageOfPage":{"@id":"https:\/\/brandgioielli.it\/prodotto\/anello-fede-con-cristallo-pvd-oro\/#primaryimage"},"image":{"@id":"https:\/\/brandgioielli.it\/prodotto\/anello-fede-con-cristallo-pvd-oro\/#primaryimage"},"thumbnailUrl":"https:\/\/brandgioielli.it\/wp-content\/uploads\/2025\/09\/11RG004G-26.jpg","datePublished":"2025-09-20T01:18:22+00:00","dateModified":"2026-04-20T13:17:34+00:00","description":"Acquista ora su Brand Gioielli: Anello Fede Oro Cristallo\u00a0","breadcrumb":{"@id":"https:\/\/brandgioielli.it\/prodotto\/anello-fede-con-cristallo-pvd-oro\/#breadcrumb"},"inLanguage":"de","potentialAction":[{"@type":"ReadAction","target":["https:\/\/brandgioielli.it\/prodotto\/anello-fede-con-cristallo-pvd-oro\/"]}]},{"@type":"ImageObject","inLanguage":"de","@id":"https:\/\/brandgioielli.it\/prodotto\/anello-fede-con-cristallo-pvd-oro\/#primaryimage","url":"https:\/\/brandgioielli.it\/wp-content\/uploads\/2025\/09\/11RG004G-26.jpg","contentUrl":"https:\/\/brandgioielli.it\/wp-content\/uploads\/2025\/09\/11RG004G-26.jpg","width":800,"height":800},{"@type":"BreadcrumbList","@id":"https:\/\/brandgioielli.it\/prodotto\/anello-fede-con-cristallo-pvd-oro\/#breadcrumb","itemListElement":[{"@type":"ListItem","position":1,"name":"Home","item":"https:\/\/brandgioielli.it\/"},{"@type":"ListItem","position":2,"name":"Shop","item":"https:\/\/brandgioielli.it\/shop\/"},{"@type":"ListItem","position":3,"name":"Anello Fede Oro Cristallo\u00a0"}]},{"@type":"WebSite","@id":"https:\/\/brandgioielli.it\/#website","url":"https:\/\/brandgioielli.it\/","name":"#BrandGioielli","description":"","publisher":{"@id":"https:\/\/brandgioielli.it\/#organization"},"potentialAction":[{"@type":"SearchAction","target":{"@type":"EntryPoint","urlTemplate":"https:\/\/brandgioielli.it\/?s={search_term_string}"},"query-input":{"@type":"PropertyValueSpecification","valueRequired":true,"valueName":"search_term_string"}}],"inLanguage":"de"},{"@type":"Organization","@id":"https:\/\/brandgioielli.it\/#organization","name":"Markenschmuck","url":"https:\/\/brandgioielli.it\/","logo":{"@type":"ImageObject","inLanguage":"de","@id":"https:\/\/brandgioielli.it\/#\/schema\/logo\/image\/","url":"https:\/\/brandgioielli.it\/wp-content\/uploads\/2025\/07\/LogoBrand.png","contentUrl":"https:\/\/brandgioielli.it\/wp-content\/uploads\/2025\/07\/LogoBrand.png","width":600,"height":170,"caption":"Brand Gioielli"},"image":{"@id":"https:\/\/brandgioielli.it\/#\/schema\/logo\/image\/"}}]}},"_links":{"self":[{"href":"https:\/\/brandgioielli.it\/de\/wp-json\/wp\/v2\/product\/4454","targetHints":{"allow":["GET"]}}],"collection":[{"href":"https:\/\/brandgioielli.it\/de\/wp-json\/wp\/v2\/product"}],"about":[{"href":"https:\/\/brandgioielli.it\/de\/wp-json\/wp\/v2\/types\/product"}],"version-history":[{"count":3,"href":"https:\/\/brandgioielli.it\/de\/wp-json\/wp\/v2\/product\/4454\/revisions"}],"predecessor-version":[{"id":102520,"href":"https:\/\/brandgioielli.it\/de\/wp-json\/wp\/v2\/product\/4454\/revisions\/102520"}],"wp:featuredmedia":[{"embeddable":true,"href":"https:\/\/brandgioielli.it\/de\/wp-json\/wp\/v2\/media\/61870"}],"wp:attachment":[{"href":"https:\/\/brandgioielli.it\/de\/wp-json\/wp\/v2\/media?parent=4454"}],"wp:term":[{"taxonomy":"product_brand","embeddable":true,"href":"https:\/\/brandgioielli.it\/de\/wp-json\/wp\/v2\/product_brand?post=4454"},{"taxonomy":"product_cat","embeddable":true,"href":"https:\/\/brandgioielli.it\/de\/wp-json\/wp\/v2\/product_cat?post=4454"},{"taxonomy":"product_tag","embeddable":true,"href":"https:\/\/brandgioielli.it\/de\/wp-json\/wp\/v2\/product_tag?post=4454"}],"curies":[{"name":"wp","href":"https:\/\/api.w.org\/{rel}","templated":true}]}}