{"id":4367,"date":"2025-09-20T02:58:20","date_gmt":"2025-09-20T00:58:20","guid":{"rendered":"https:\/\/sandybrown-lark-277155.hostingersite.com\/prodotto\/bracciale-tennis-cuori-pendenti\/"},"modified":"2026-04-17T18:17:52","modified_gmt":"2026-04-17T16:17:52","slug":"bracciale-tennis-con-cuori-pendenti","status":"publish","type":"product","link":"https:\/\/brandgioielli.it\/de\/produkt\/bracciale-tennis-con-cuori-pendenti\/","title":{"rendered":"Tennisarmband mit Herzanh\u00e4nger"},"content":{"rendered":"<h2 data-start=\"122\" data-end=\"653\">Tennisarmband mit Herzanh\u00e4nger<\/h2>\n<p data-start=\"98\" data-end=\"452\">Das Gioielli Tennisarmband von #Brand mit baumelnden Herzen besticht durch sein raffiniertes und romantisches Design. Funkelnde Kristalle umschmeicheln das Handgelenk und verleihen ihm eine harmonische und ausgewogene Silhouette. Zarte, herzf\u00f6rmige Anh\u00e4nger bereichern die klassische Tennisarmband-Linie und sorgen f\u00fcr Bewegung und einen Hauch von Emotion. Der Glanz von Stahl und Kristallen unterstreicht den eleganten und modernen Stil und macht dieses Armband zu einem unverwechselbaren und zugleich vielseitigen Accessoire \u2013 ideal f\u00fcr jeden Tag oder kombiniert mit anderen Schmuckst\u00fccken f\u00fcr einen raffinierten und individuellen Look.<\/p>\n<p><strong>TECHNISCHE DATEN<\/strong><\/p>\n<ul>\n<li>Tennisarmband mit Herzanh\u00e4nger<\/li>\n<li>L\u00e4nge: 16 cm + 3 cm Verl\u00e4ngerung, Herzkette<\/li>\n<li>Herzgr\u00f6\u00dfe: 6 mm<\/li>\n<li>Kristallgr\u00f6\u00dfe: 2 mm<\/li>\n<li>Kristallfarbe: Wei\u00df<\/li>\n<li>Ausf\u00fchrung: Stahl<\/li>\n<li>Material: Edelstahl, Kristalle<\/li>\n<\/ul>\n<p><em>Alle Schmuckst\u00fccke der Marke #Brand werden aus dem reinsten auf dem Markt erh\u00e4ltlichen chirurgischen Edelstahl gefertigt, sind nickelgepr\u00fcft und so konzipiert, dass sie jeden Tag getragen werden k\u00f6nnen, ohne dass Verf\u00e4rbungen oder Abnutzungserscheinungen bef\u00fcrchtet werden m\u00fcssen.<\/em><\/p>\n<p>&nbsp;<\/p>","protected":false},"excerpt":{"rendered":"<p>Bracciale Tennis con Cuori Pendenti Il bracciale tennis con cuori pendenti firmato #Brand Gioielli si distingue per il suo design raffinato e romantico, caratterizzato da una luminosa sequenza di cristalli che avvolge il polso con equilibrio e armonia. Ad arricchire la linea classica del tennis, delicati pendenti a forma di cuore si alternano lungo la [&hellip;]<\/p>\n","protected":false},"featured_media":104001,"template":"","meta":[],"product_brand":[],"product_cat":[459,20,567,19,506],"product_tag":[53],"class_list":{"0":"post-4367","1":"product","2":"type-product","3":"status-publish","4":"has-post-thumbnail","6":"product_cat-bracciali","7":"product_cat-bracciali-donna","8":"product_cat-brand-carpet","9":"product_cat-donna","10":"product_cat-sotto-i-20e","11":"product_tag-collezione-crystal","13":"first","14":"instock","15":"shipping-taxable","16":"purchasable","17":"product-type-simple"},"yoast_head":"<!-- This site is optimized with the Yoast SEO plugin v27.4 - https:\/\/yoast.com\/product\/yoast-seo-wordpress\/ -->\n<title>Bracciale Tennis con Cuori Pendenti - Brand Gioielli<\/title>\n<meta name=\"description\" content=\"Il bracciale tennis con cuori pendenti firmato Brand Gioielli \u00e8 un gioiello raffinato e romantico, perfetto per chi ama dare un tocco di dolcezza e luce a ogni look. Realizzato in acciaio inossidabile ipoallergenico, garantisce resistenza, comfort e brillantezza costante anche con uso quotidiano.\" \/>\n<meta name=\"robots\" content=\"index, follow, max-snippet:-1, max-image-preview:large, max-video-preview:-1\" \/>\n<link rel=\"canonical\" href=\"https:\/\/brandgioielli.it\/de\/produkt\/bracciale-tennis-con-cuori-pendenti\/\" \/>\n<meta property=\"og:locale\" content=\"de_DE\" \/>\n<meta property=\"og:type\" content=\"article\" \/>\n<meta property=\"og:title\" content=\"Bracciale Tennis con Cuori Pendenti - Brand Gioielli\" \/>\n<meta property=\"og:description\" content=\"Il bracciale tennis con cuori pendenti firmato Brand Gioielli \u00e8 un gioiello raffinato e romantico, perfetto per chi ama dare un tocco di dolcezza e luce a ogni look. Realizzato in acciaio inossidabile ipoallergenico, garantisce resistenza, comfort e brillantezza costante anche con uso quotidiano.\" \/>\n<meta property=\"og:url\" content=\"https:\/\/brandgioielli.it\/de\/produkt\/bracciale-tennis-con-cuori-pendenti\/\" \/>\n<meta property=\"og:site_name\" content=\"#BrandGioielli\" \/>\n<meta property=\"article:modified_time\" content=\"2026-04-17T16:17:52+00:00\" \/>\n<meta property=\"og:image\" content=\"https:\/\/brandgioielli.it\/wp-content\/uploads\/2025\/09\/bracciale-tennis-bianchi-pendenti-cuori.jpg\" \/>\n\t<meta property=\"og:image:width\" content=\"800\" \/>\n\t<meta property=\"og:image:height\" content=\"800\" \/>\n\t<meta property=\"og:image:type\" content=\"image\/jpeg\" \/>\n<meta name=\"twitter:card\" content=\"summary_large_image\" \/>\n<meta name=\"twitter:label1\" content=\"Gesch\u00e4tzte Lesezeit\" \/>\n\t<meta name=\"twitter:data1\" content=\"2\u00a0Minuten\" \/>\n<script type=\"application\/ld+json\" class=\"yoast-schema-graph\">{\"@context\":\"https:\\\/\\\/schema.org\",\"@graph\":[{\"@type\":\"WebPage\",\"@id\":\"https:\\\/\\\/brandgioielli.it\\\/prodotto\\\/bracciale-tennis-con-cuori-pendenti\\\/\",\"url\":\"https:\\\/\\\/brandgioielli.it\\\/prodotto\\\/bracciale-tennis-con-cuori-pendenti\\\/\",\"name\":\"Bracciale Tennis con Cuori Pendenti - Brand Gioielli\",\"isPartOf\":{\"@id\":\"https:\\\/\\\/brandgioielli.it\\\/#website\"},\"primaryImageOfPage\":{\"@id\":\"https:\\\/\\\/brandgioielli.it\\\/prodotto\\\/bracciale-tennis-con-cuori-pendenti\\\/#primaryimage\"},\"image\":{\"@id\":\"https:\\\/\\\/brandgioielli.it\\\/prodotto\\\/bracciale-tennis-con-cuori-pendenti\\\/#primaryimage\"},\"thumbnailUrl\":\"https:\\\/\\\/brandgioielli.it\\\/wp-content\\\/uploads\\\/2025\\\/09\\\/bracciale-tennis-bianchi-pendenti-cuori.jpg\",\"datePublished\":\"2025-09-20T00:58:20+00:00\",\"dateModified\":\"2026-04-17T16:17:52+00:00\",\"description\":\"Il bracciale tennis con cuori pendenti firmato Brand Gioielli \u00e8 un gioiello raffinato e romantico, perfetto per chi ama dare un tocco di dolcezza e luce a ogni look. Realizzato in acciaio inossidabile ipoallergenico, garantisce resistenza, comfort e brillantezza costante anche con uso quotidiano.\",\"breadcrumb\":{\"@id\":\"https:\\\/\\\/brandgioielli.it\\\/prodotto\\\/bracciale-tennis-con-cuori-pendenti\\\/#breadcrumb\"},\"inLanguage\":\"de\",\"potentialAction\":[{\"@type\":\"ReadAction\",\"target\":[\"https:\\\/\\\/brandgioielli.it\\\/prodotto\\\/bracciale-tennis-con-cuori-pendenti\\\/\"]}]},{\"@type\":\"ImageObject\",\"inLanguage\":\"de\",\"@id\":\"https:\\\/\\\/brandgioielli.it\\\/prodotto\\\/bracciale-tennis-con-cuori-pendenti\\\/#primaryimage\",\"url\":\"https:\\\/\\\/brandgioielli.it\\\/wp-content\\\/uploads\\\/2025\\\/09\\\/bracciale-tennis-bianchi-pendenti-cuori.jpg\",\"contentUrl\":\"https:\\\/\\\/brandgioielli.it\\\/wp-content\\\/uploads\\\/2025\\\/09\\\/bracciale-tennis-bianchi-pendenti-cuori.jpg\",\"width\":800,\"height\":800},{\"@type\":\"BreadcrumbList\",\"@id\":\"https:\\\/\\\/brandgioielli.it\\\/prodotto\\\/bracciale-tennis-con-cuori-pendenti\\\/#breadcrumb\",\"itemListElement\":[{\"@type\":\"ListItem\",\"position\":1,\"name\":\"Home\",\"item\":\"https:\\\/\\\/brandgioielli.it\\\/\"},{\"@type\":\"ListItem\",\"position\":2,\"name\":\"Shop\",\"item\":\"https:\\\/\\\/brandgioielli.it\\\/shop\\\/\"},{\"@type\":\"ListItem\",\"position\":3,\"name\":\"Bracciale Tennis con Cuori Pendenti\"}]},{\"@type\":\"WebSite\",\"@id\":\"https:\\\/\\\/brandgioielli.it\\\/#website\",\"url\":\"https:\\\/\\\/brandgioielli.it\\\/\",\"name\":\"#BrandGioielli\",\"description\":\"\",\"publisher\":{\"@id\":\"https:\\\/\\\/brandgioielli.it\\\/#organization\"},\"potentialAction\":[{\"@type\":\"SearchAction\",\"target\":{\"@type\":\"EntryPoint\",\"urlTemplate\":\"https:\\\/\\\/brandgioielli.it\\\/?s={search_term_string}\"},\"query-input\":{\"@type\":\"PropertyValueSpecification\",\"valueRequired\":true,\"valueName\":\"search_term_string\"}}],\"inLanguage\":\"de\"},{\"@type\":\"Organization\",\"@id\":\"https:\\\/\\\/brandgioielli.it\\\/#organization\",\"name\":\"Brand Gioielli\",\"url\":\"https:\\\/\\\/brandgioielli.it\\\/\",\"logo\":{\"@type\":\"ImageObject\",\"inLanguage\":\"de\",\"@id\":\"https:\\\/\\\/brandgioielli.it\\\/#\\\/schema\\\/logo\\\/image\\\/\",\"url\":\"https:\\\/\\\/brandgioielli.it\\\/wp-content\\\/uploads\\\/2025\\\/07\\\/LogoBrand.png\",\"contentUrl\":\"https:\\\/\\\/brandgioielli.it\\\/wp-content\\\/uploads\\\/2025\\\/07\\\/LogoBrand.png\",\"width\":600,\"height\":170,\"caption\":\"Brand Gioielli\"},\"image\":{\"@id\":\"https:\\\/\\\/brandgioielli.it\\\/#\\\/schema\\\/logo\\\/image\\\/\"}}]}<\/script>\n<!-- \/ Yoast SEO plugin. -->","yoast_head_json":{"title":"Bracciale Tennis con Cuori Pendenti - Brand Gioielli","description":"Il bracciale tennis con cuori pendenti firmato Brand Gioielli \u00e8 un gioiello raffinato e romantico, perfetto per chi ama dare un tocco di dolcezza e luce a ogni look. Realizzato in acciaio inossidabile ipoallergenico, garantisce resistenza, comfort e brillantezza costante anche con uso quotidiano.","robots":{"index":"index","follow":"follow","max-snippet":"max-snippet:-1","max-image-preview":"max-image-preview:large","max-video-preview":"max-video-preview:-1"},"canonical":"https:\/\/brandgioielli.it\/de\/produkt\/bracciale-tennis-con-cuori-pendenti\/","og_locale":"de_DE","og_type":"article","og_title":"Bracciale Tennis con Cuori Pendenti - Brand Gioielli","og_description":"Il bracciale tennis con cuori pendenti firmato Brand Gioielli \u00e8 un gioiello raffinato e romantico, perfetto per chi ama dare un tocco di dolcezza e luce a ogni look. Realizzato in acciaio inossidabile ipoallergenico, garantisce resistenza, comfort e brillantezza costante anche con uso quotidiano.","og_url":"https:\/\/brandgioielli.it\/de\/produkt\/bracciale-tennis-con-cuori-pendenti\/","og_site_name":"#BrandGioielli","article_modified_time":"2026-04-17T16:17:52+00:00","og_image":[{"width":800,"height":800,"url":"https:\/\/brandgioielli.it\/wp-content\/uploads\/2025\/09\/bracciale-tennis-bianchi-pendenti-cuori.jpg","type":"image\/jpeg"}],"twitter_card":"summary_large_image","twitter_misc":{"Gesch\u00e4tzte Lesezeit":"2\u00a0Minuten"},"schema":{"@context":"https:\/\/schema.org","@graph":[{"@type":"WebPage","@id":"https:\/\/brandgioielli.it\/prodotto\/bracciale-tennis-con-cuori-pendenti\/","url":"https:\/\/brandgioielli.it\/prodotto\/bracciale-tennis-con-cuori-pendenti\/","name":"Bracciale Tennis con Cuori Pendenti - Brand Gioielli","isPartOf":{"@id":"https:\/\/brandgioielli.it\/#website"},"primaryImageOfPage":{"@id":"https:\/\/brandgioielli.it\/prodotto\/bracciale-tennis-con-cuori-pendenti\/#primaryimage"},"image":{"@id":"https:\/\/brandgioielli.it\/prodotto\/bracciale-tennis-con-cuori-pendenti\/#primaryimage"},"thumbnailUrl":"https:\/\/brandgioielli.it\/wp-content\/uploads\/2025\/09\/bracciale-tennis-bianchi-pendenti-cuori.jpg","datePublished":"2025-09-20T00:58:20+00:00","dateModified":"2026-04-17T16:17:52+00:00","description":"Il bracciale tennis con cuori pendenti firmato Brand Gioielli \u00e8 un gioiello raffinato e romantico, perfetto per chi ama dare un tocco di dolcezza e luce a ogni look. Realizzato in acciaio inossidabile ipoallergenico, garantisce resistenza, comfort e brillantezza costante anche con uso quotidiano.","breadcrumb":{"@id":"https:\/\/brandgioielli.it\/prodotto\/bracciale-tennis-con-cuori-pendenti\/#breadcrumb"},"inLanguage":"de","potentialAction":[{"@type":"ReadAction","target":["https:\/\/brandgioielli.it\/prodotto\/bracciale-tennis-con-cuori-pendenti\/"]}]},{"@type":"ImageObject","inLanguage":"de","@id":"https:\/\/brandgioielli.it\/prodotto\/bracciale-tennis-con-cuori-pendenti\/#primaryimage","url":"https:\/\/brandgioielli.it\/wp-content\/uploads\/2025\/09\/bracciale-tennis-bianchi-pendenti-cuori.jpg","contentUrl":"https:\/\/brandgioielli.it\/wp-content\/uploads\/2025\/09\/bracciale-tennis-bianchi-pendenti-cuori.jpg","width":800,"height":800},{"@type":"BreadcrumbList","@id":"https:\/\/brandgioielli.it\/prodotto\/bracciale-tennis-con-cuori-pendenti\/#breadcrumb","itemListElement":[{"@type":"ListItem","position":1,"name":"Home","item":"https:\/\/brandgioielli.it\/"},{"@type":"ListItem","position":2,"name":"Shop","item":"https:\/\/brandgioielli.it\/shop\/"},{"@type":"ListItem","position":3,"name":"Bracciale Tennis con Cuori Pendenti"}]},{"@type":"WebSite","@id":"https:\/\/brandgioielli.it\/#website","url":"https:\/\/brandgioielli.it\/","name":"#BrandGioielli","description":"","publisher":{"@id":"https:\/\/brandgioielli.it\/#organization"},"potentialAction":[{"@type":"SearchAction","target":{"@type":"EntryPoint","urlTemplate":"https:\/\/brandgioielli.it\/?s={search_term_string}"},"query-input":{"@type":"PropertyValueSpecification","valueRequired":true,"valueName":"search_term_string"}}],"inLanguage":"de"},{"@type":"Organization","@id":"https:\/\/brandgioielli.it\/#organization","name":"Markenschmuck","url":"https:\/\/brandgioielli.it\/","logo":{"@type":"ImageObject","inLanguage":"de","@id":"https:\/\/brandgioielli.it\/#\/schema\/logo\/image\/","url":"https:\/\/brandgioielli.it\/wp-content\/uploads\/2025\/07\/LogoBrand.png","contentUrl":"https:\/\/brandgioielli.it\/wp-content\/uploads\/2025\/07\/LogoBrand.png","width":600,"height":170,"caption":"Brand Gioielli"},"image":{"@id":"https:\/\/brandgioielli.it\/#\/schema\/logo\/image\/"}}]}},"_links":{"self":[{"href":"https:\/\/brandgioielli.it\/de\/wp-json\/wp\/v2\/product\/4367","targetHints":{"allow":["GET"]}}],"collection":[{"href":"https:\/\/brandgioielli.it\/de\/wp-json\/wp\/v2\/product"}],"about":[{"href":"https:\/\/brandgioielli.it\/de\/wp-json\/wp\/v2\/types\/product"}],"version-history":[{"count":5,"href":"https:\/\/brandgioielli.it\/de\/wp-json\/wp\/v2\/product\/4367\/revisions"}],"predecessor-version":[{"id":104007,"href":"https:\/\/brandgioielli.it\/de\/wp-json\/wp\/v2\/product\/4367\/revisions\/104007"}],"wp:featuredmedia":[{"embeddable":true,"href":"https:\/\/brandgioielli.it\/de\/wp-json\/wp\/v2\/media\/104001"}],"wp:attachment":[{"href":"https:\/\/brandgioielli.it\/de\/wp-json\/wp\/v2\/media?parent=4367"}],"wp:term":[{"taxonomy":"product_brand","embeddable":true,"href":"https:\/\/brandgioielli.it\/de\/wp-json\/wp\/v2\/product_brand?post=4367"},{"taxonomy":"product_cat","embeddable":true,"href":"https:\/\/brandgioielli.it\/de\/wp-json\/wp\/v2\/product_cat?post=4367"},{"taxonomy":"product_tag","embeddable":true,"href":"https:\/\/brandgioielli.it\/de\/wp-json\/wp\/v2\/product_tag?post=4367"}],"curies":[{"name":"wp","href":"https:\/\/api.w.org\/{rel}","templated":true}]}}