{"id":4325,"date":"2025-09-20T02:44:23","date_gmt":"2025-09-20T00:44:23","guid":{"rendered":"https:\/\/sandybrown-lark-277155.hostingersite.com\/prodotto\/portachiavi-in-ecopelle-texture-fibra-di-carbonio\/"},"modified":"2026-04-17T15:18:31","modified_gmt":"2026-04-17T13:18:31","slug":"portachiavi-in-ecopelle-texture-fibra-di-carbonio","status":"publish","type":"product","link":"https:\/\/brandgioielli.it\/de\/produkt\/portachiavi-in-ecopelle-texture-fibra-di-carbonio\/","title":{"rendered":"Schl\u00fcsselanh\u00e4nger aus Kunstleder mit Karbonfaserstruktur"},"content":{"rendered":"<p><strong>Schl\u00fcsselanh\u00e4nger aus schwarzem Kunstleder mit Karbonfaserstruktur<\/strong><\/p>\n<p>Abmessungen: 10 cm x 1,5 cm, Ringdurchmesser 2,5 cm<\/p>\n<p>Material: Kunstleder, hypoallergener Stahl, getestet auf Nickel<\/p>","protected":false},"excerpt":{"rendered":"<p>Schwarzer Schl\u00fcsselanh\u00e4nger aus \u00d6ko-Leder mit Carbonfaser-Optik. Ma\u00dfe: 10 cm x 1,5 cm, Ringdurchmesser 2,5 cm. Material: \u00d6ko-Leder, hypoallergener, nickelfreier Stahl.<\/p>","protected":false},"featured_media":61772,"template":"","meta":[],"product_brand":[],"product_cat":[26,506,39],"product_tag":[43],"class_list":{"0":"post-4325","1":"product","2":"type-product","3":"status-publish","4":"has-post-thumbnail","6":"product_cat-portachiavi","7":"product_cat-sotto-i-20e","8":"product_cat-uomo","9":"product_tag-collezione-winner","11":"first","12":"instock","13":"shipping-taxable","14":"purchasable","15":"product-type-simple"},"yoast_head":"<!-- This site is optimized with the Yoast SEO plugin v27.4 - https:\/\/yoast.com\/product\/yoast-seo-wordpress\/ -->\n<title>Portachiavi in ecopelle texture fibra di carbonio - #BrandGioielli<\/title>\n<meta name=\"description\" content=\"Acquista ora su Brand Gioielli: Portachiavi in ecopelle texture fibra di carbonio\" \/>\n<meta name=\"robots\" content=\"index, follow, max-snippet:-1, max-image-preview:large, max-video-preview:-1\" \/>\n<link rel=\"canonical\" href=\"https:\/\/brandgioielli.it\/de\/produkt\/portachiavi-in-ecopelle-texture-fibra-di-carbonio\/\" \/>\n<meta property=\"og:locale\" content=\"de_DE\" \/>\n<meta property=\"og:type\" content=\"article\" \/>\n<meta property=\"og:title\" content=\"Portachiavi in ecopelle texture fibra di carbonio - #BrandGioielli\" \/>\n<meta property=\"og:description\" content=\"Acquista ora su Brand Gioielli: Portachiavi in ecopelle texture fibra di carbonio\" \/>\n<meta property=\"og:url\" content=\"https:\/\/brandgioielli.it\/de\/produkt\/portachiavi-in-ecopelle-texture-fibra-di-carbonio\/\" \/>\n<meta property=\"og:site_name\" content=\"#BrandGioielli\" \/>\n<meta property=\"article:modified_time\" content=\"2026-04-17T13:18:31+00:00\" \/>\n<meta property=\"og:image\" content=\"http:\/\/brandgioielli.it\/wp-content\/uploads\/2025\/09\/53KR003N.jpg\" \/>\n\t<meta property=\"og:image:width\" content=\"800\" \/>\n\t<meta property=\"og:image:height\" content=\"800\" \/>\n\t<meta property=\"og:image:type\" content=\"image\/jpeg\" \/>\n<meta name=\"twitter:card\" content=\"summary_large_image\" \/>\n<script type=\"application\/ld+json\" class=\"yoast-schema-graph\">{\"@context\":\"https:\\\/\\\/schema.org\",\"@graph\":[{\"@type\":\"WebPage\",\"@id\":\"https:\\\/\\\/brandgioielli.it\\\/prodotto\\\/portachiavi-in-ecopelle-texture-fibra-di-carbonio\\\/\",\"url\":\"https:\\\/\\\/brandgioielli.it\\\/prodotto\\\/portachiavi-in-ecopelle-texture-fibra-di-carbonio\\\/\",\"name\":\"Portachiavi in ecopelle texture fibra di carbonio - #BrandGioielli\",\"isPartOf\":{\"@id\":\"https:\\\/\\\/brandgioielli.it\\\/#website\"},\"primaryImageOfPage\":{\"@id\":\"https:\\\/\\\/brandgioielli.it\\\/prodotto\\\/portachiavi-in-ecopelle-texture-fibra-di-carbonio\\\/#primaryimage\"},\"image\":{\"@id\":\"https:\\\/\\\/brandgioielli.it\\\/prodotto\\\/portachiavi-in-ecopelle-texture-fibra-di-carbonio\\\/#primaryimage\"},\"thumbnailUrl\":\"https:\\\/\\\/brandgioielli.it\\\/wp-content\\\/uploads\\\/2025\\\/09\\\/53KR003N.jpg\",\"datePublished\":\"2025-09-20T00:44:23+00:00\",\"dateModified\":\"2026-04-17T13:18:31+00:00\",\"description\":\"Acquista ora su Brand Gioielli: Portachiavi in ecopelle texture fibra di carbonio\",\"breadcrumb\":{\"@id\":\"https:\\\/\\\/brandgioielli.it\\\/prodotto\\\/portachiavi-in-ecopelle-texture-fibra-di-carbonio\\\/#breadcrumb\"},\"inLanguage\":\"de\",\"potentialAction\":[{\"@type\":\"ReadAction\",\"target\":[\"https:\\\/\\\/brandgioielli.it\\\/prodotto\\\/portachiavi-in-ecopelle-texture-fibra-di-carbonio\\\/\"]}]},{\"@type\":\"ImageObject\",\"inLanguage\":\"de\",\"@id\":\"https:\\\/\\\/brandgioielli.it\\\/prodotto\\\/portachiavi-in-ecopelle-texture-fibra-di-carbonio\\\/#primaryimage\",\"url\":\"https:\\\/\\\/brandgioielli.it\\\/wp-content\\\/uploads\\\/2025\\\/09\\\/53KR003N.jpg\",\"contentUrl\":\"https:\\\/\\\/brandgioielli.it\\\/wp-content\\\/uploads\\\/2025\\\/09\\\/53KR003N.jpg\",\"width\":800,\"height\":800},{\"@type\":\"BreadcrumbList\",\"@id\":\"https:\\\/\\\/brandgioielli.it\\\/prodotto\\\/portachiavi-in-ecopelle-texture-fibra-di-carbonio\\\/#breadcrumb\",\"itemListElement\":[{\"@type\":\"ListItem\",\"position\":1,\"name\":\"Home\",\"item\":\"https:\\\/\\\/brandgioielli.it\\\/\"},{\"@type\":\"ListItem\",\"position\":2,\"name\":\"Shop\",\"item\":\"https:\\\/\\\/brandgioielli.it\\\/shop\\\/\"},{\"@type\":\"ListItem\",\"position\":3,\"name\":\"Portachiavi in ecopelle texture fibra di carbonio\"}]},{\"@type\":\"WebSite\",\"@id\":\"https:\\\/\\\/brandgioielli.it\\\/#website\",\"url\":\"https:\\\/\\\/brandgioielli.it\\\/\",\"name\":\"#BrandGioielli\",\"description\":\"\",\"publisher\":{\"@id\":\"https:\\\/\\\/brandgioielli.it\\\/#organization\"},\"potentialAction\":[{\"@type\":\"SearchAction\",\"target\":{\"@type\":\"EntryPoint\",\"urlTemplate\":\"https:\\\/\\\/brandgioielli.it\\\/?s={search_term_string}\"},\"query-input\":{\"@type\":\"PropertyValueSpecification\",\"valueRequired\":true,\"valueName\":\"search_term_string\"}}],\"inLanguage\":\"de\"},{\"@type\":\"Organization\",\"@id\":\"https:\\\/\\\/brandgioielli.it\\\/#organization\",\"name\":\"Brand Gioielli\",\"url\":\"https:\\\/\\\/brandgioielli.it\\\/\",\"logo\":{\"@type\":\"ImageObject\",\"inLanguage\":\"de\",\"@id\":\"https:\\\/\\\/brandgioielli.it\\\/#\\\/schema\\\/logo\\\/image\\\/\",\"url\":\"https:\\\/\\\/brandgioielli.it\\\/wp-content\\\/uploads\\\/2025\\\/07\\\/LogoBrand.png\",\"contentUrl\":\"https:\\\/\\\/brandgioielli.it\\\/wp-content\\\/uploads\\\/2025\\\/07\\\/LogoBrand.png\",\"width\":600,\"height\":170,\"caption\":\"Brand Gioielli\"},\"image\":{\"@id\":\"https:\\\/\\\/brandgioielli.it\\\/#\\\/schema\\\/logo\\\/image\\\/\"}}]}<\/script>\n<!-- \/ Yoast SEO plugin. -->","yoast_head_json":{"title":"Schl\u00fcsselanh\u00e4nger aus Kunstleder mit Carbonfaser-Textur - #BrandGioielli","description":"Jetzt bei Brand Gioielli shoppen: Schl\u00fcsselanh\u00e4nger aus Kunstleder mit Carbonfaser-Textur","robots":{"index":"index","follow":"follow","max-snippet":"max-snippet:-1","max-image-preview":"max-image-preview:large","max-video-preview":"max-video-preview:-1"},"canonical":"https:\/\/brandgioielli.it\/de\/produkt\/portachiavi-in-ecopelle-texture-fibra-di-carbonio\/","og_locale":"de_DE","og_type":"article","og_title":"Portachiavi in ecopelle texture fibra di carbonio - #BrandGioielli","og_description":"Acquista ora su Brand Gioielli: Portachiavi in ecopelle texture fibra di carbonio","og_url":"https:\/\/brandgioielli.it\/de\/produkt\/portachiavi-in-ecopelle-texture-fibra-di-carbonio\/","og_site_name":"#BrandGioielli","article_modified_time":"2026-04-17T13:18:31+00:00","og_image":[{"width":800,"height":800,"url":"http:\/\/brandgioielli.it\/wp-content\/uploads\/2025\/09\/53KR003N.jpg","type":"image\/jpeg"}],"twitter_card":"summary_large_image","schema":{"@context":"https:\/\/schema.org","@graph":[{"@type":"WebPage","@id":"https:\/\/brandgioielli.it\/prodotto\/portachiavi-in-ecopelle-texture-fibra-di-carbonio\/","url":"https:\/\/brandgioielli.it\/prodotto\/portachiavi-in-ecopelle-texture-fibra-di-carbonio\/","name":"Schl\u00fcsselanh\u00e4nger aus Kunstleder mit Carbonfaser-Textur - #BrandGioielli","isPartOf":{"@id":"https:\/\/brandgioielli.it\/#website"},"primaryImageOfPage":{"@id":"https:\/\/brandgioielli.it\/prodotto\/portachiavi-in-ecopelle-texture-fibra-di-carbonio\/#primaryimage"},"image":{"@id":"https:\/\/brandgioielli.it\/prodotto\/portachiavi-in-ecopelle-texture-fibra-di-carbonio\/#primaryimage"},"thumbnailUrl":"https:\/\/brandgioielli.it\/wp-content\/uploads\/2025\/09\/53KR003N.jpg","datePublished":"2025-09-20T00:44:23+00:00","dateModified":"2026-04-17T13:18:31+00:00","description":"Jetzt bei Brand Gioielli shoppen: Schl\u00fcsselanh\u00e4nger aus Kunstleder mit Carbonfaser-Textur","breadcrumb":{"@id":"https:\/\/brandgioielli.it\/prodotto\/portachiavi-in-ecopelle-texture-fibra-di-carbonio\/#breadcrumb"},"inLanguage":"de","potentialAction":[{"@type":"ReadAction","target":["https:\/\/brandgioielli.it\/prodotto\/portachiavi-in-ecopelle-texture-fibra-di-carbonio\/"]}]},{"@type":"ImageObject","inLanguage":"de","@id":"https:\/\/brandgioielli.it\/prodotto\/portachiavi-in-ecopelle-texture-fibra-di-carbonio\/#primaryimage","url":"https:\/\/brandgioielli.it\/wp-content\/uploads\/2025\/09\/53KR003N.jpg","contentUrl":"https:\/\/brandgioielli.it\/wp-content\/uploads\/2025\/09\/53KR003N.jpg","width":800,"height":800},{"@type":"BreadcrumbList","@id":"https:\/\/brandgioielli.it\/prodotto\/portachiavi-in-ecopelle-texture-fibra-di-carbonio\/#breadcrumb","itemListElement":[{"@type":"ListItem","position":1,"name":"Home","item":"https:\/\/brandgioielli.it\/"},{"@type":"ListItem","position":2,"name":"Shop","item":"https:\/\/brandgioielli.it\/shop\/"},{"@type":"ListItem","position":3,"name":"Portachiavi in ecopelle texture fibra di carbonio"}]},{"@type":"WebSite","@id":"https:\/\/brandgioielli.it\/#website","url":"https:\/\/brandgioielli.it\/","name":"#BrandGioielli","description":"","publisher":{"@id":"https:\/\/brandgioielli.it\/#organization"},"potentialAction":[{"@type":"SearchAction","target":{"@type":"EntryPoint","urlTemplate":"https:\/\/brandgioielli.it\/?s={search_term_string}"},"query-input":{"@type":"PropertyValueSpecification","valueRequired":true,"valueName":"search_term_string"}}],"inLanguage":"de"},{"@type":"Organization","@id":"https:\/\/brandgioielli.it\/#organization","name":"Markenschmuck","url":"https:\/\/brandgioielli.it\/","logo":{"@type":"ImageObject","inLanguage":"de","@id":"https:\/\/brandgioielli.it\/#\/schema\/logo\/image\/","url":"https:\/\/brandgioielli.it\/wp-content\/uploads\/2025\/07\/LogoBrand.png","contentUrl":"https:\/\/brandgioielli.it\/wp-content\/uploads\/2025\/07\/LogoBrand.png","width":600,"height":170,"caption":"Brand Gioielli"},"image":{"@id":"https:\/\/brandgioielli.it\/#\/schema\/logo\/image\/"}}]}},"_links":{"self":[{"href":"https:\/\/brandgioielli.it\/de\/wp-json\/wp\/v2\/product\/4325","targetHints":{"allow":["GET"]}}],"collection":[{"href":"https:\/\/brandgioielli.it\/de\/wp-json\/wp\/v2\/product"}],"about":[{"href":"https:\/\/brandgioielli.it\/de\/wp-json\/wp\/v2\/types\/product"}],"version-history":[{"count":1,"href":"https:\/\/brandgioielli.it\/de\/wp-json\/wp\/v2\/product\/4325\/revisions"}],"predecessor-version":[{"id":4407,"href":"https:\/\/brandgioielli.it\/de\/wp-json\/wp\/v2\/product\/4325\/revisions\/4407"}],"wp:featuredmedia":[{"embeddable":true,"href":"https:\/\/brandgioielli.it\/de\/wp-json\/wp\/v2\/media\/61772"}],"wp:attachment":[{"href":"https:\/\/brandgioielli.it\/de\/wp-json\/wp\/v2\/media?parent=4325"}],"wp:term":[{"taxonomy":"product_brand","embeddable":true,"href":"https:\/\/brandgioielli.it\/de\/wp-json\/wp\/v2\/product_brand?post=4325"},{"taxonomy":"product_cat","embeddable":true,"href":"https:\/\/brandgioielli.it\/de\/wp-json\/wp\/v2\/product_cat?post=4325"},{"taxonomy":"product_tag","embeddable":true,"href":"https:\/\/brandgioielli.it\/de\/wp-json\/wp\/v2\/product_tag?post=4325"}],"curies":[{"name":"wp","href":"https:\/\/api.w.org\/{rel}","templated":true}]}}