{"id":3755,"date":"2025-09-20T01:02:21","date_gmt":"2025-09-19T23:02:21","guid":{"rendered":"https:\/\/sandybrown-lark-277155.hostingersite.com\/prodotto\/mini-charm-lettera-s\/"},"modified":"2026-04-17T18:17:04","modified_gmt":"2026-04-17T16:17:04","slug":"mini-charm-lettera-s","status":"publish","type":"product","link":"https:\/\/brandgioielli.it\/de\/produkt\/mini-charm-lettera-s\/","title":{"rendered":"Mini-Anh\u00e4nger Buchstabe S"},"content":{"rendered":"<p><b>Mini-Stahlanh\u00e4nger Buchstabe S<\/b><\/p>\n<p><strong>den Namen durch Auswahl von Charms zusammenstellen<\/strong><\/p>\n<p><strong>Charme Gr\u00f6\u00dfe:<\/strong><\/p>\n<p><strong>5mm Karabinerhaken<\/strong><\/p>\n<p><strong>Buchstabe 10mm<\/strong><\/p>\n<p><strong>hypoallergen und rostfrei\u00a0<\/strong><\/p>","protected":false},"excerpt":{"rendered":"<p>Mini-Anh\u00e4nger \u201eS\u201c aus Edelstahl \u2013 Gestalten Sie Ihren Namen, indem Sie die Anh\u00e4ngergr\u00f6\u00dfe ausw\u00e4hlen: 5 mm Karabinerverschluss, 10 mm Buchstabe. Hypoallergen und aus Edelstahl.\u00a0<\/p>","protected":false},"featured_media":60941,"template":"","meta":[],"product_brand":[],"product_cat":[22,19,490,508],"product_tag":[64,541],"class_list":{"0":"post-3755","1":"product","2":"type-product","3":"status-publish","4":"has-post-thumbnail","6":"product_cat-charm","7":"product_cat-donna","8":"product_cat-mini-charms","9":"product_cat-sotto-i-5e","10":"product_tag-collezione-letterine","11":"product_tag-componibili","13":"first","14":"instock","15":"shipping-taxable","16":"purchasable","17":"product-type-simple"},"yoast_head":"<!-- This site is optimized with the Yoast SEO plugin v27.4 - https:\/\/yoast.com\/product\/yoast-seo-wordpress\/ -->\n<title>Mini charm lettera S - #BrandGioielli<\/title>\n<meta name=\"description\" content=\"Acquista ora su Brand Gioielli: Mini charm lettera S\" \/>\n<meta name=\"robots\" content=\"index, follow, max-snippet:-1, max-image-preview:large, max-video-preview:-1\" \/>\n<link rel=\"canonical\" href=\"https:\/\/brandgioielli.it\/de\/produkt\/mini-charm-lettera-s\/\" \/>\n<meta property=\"og:locale\" content=\"de_DE\" \/>\n<meta property=\"og:type\" content=\"article\" \/>\n<meta property=\"og:title\" content=\"Mini charm lettera S - #BrandGioielli\" \/>\n<meta property=\"og:description\" content=\"Acquista ora su Brand Gioielli: Mini charm lettera S\" \/>\n<meta property=\"og:url\" content=\"https:\/\/brandgioielli.it\/de\/produkt\/mini-charm-lettera-s\/\" \/>\n<meta property=\"og:site_name\" content=\"#BrandGioielli\" \/>\n<meta property=\"article:modified_time\" content=\"2026-04-17T16:17:04+00:00\" \/>\n<meta property=\"og:image\" content=\"http:\/\/brandgioielli.it\/wp-content\/uploads\/2025\/09\/02CH502S.jpg\" \/>\n\t<meta property=\"og:image:width\" content=\"800\" \/>\n\t<meta property=\"og:image:height\" content=\"800\" \/>\n\t<meta property=\"og:image:type\" content=\"image\/jpeg\" \/>\n<meta name=\"twitter:card\" content=\"summary_large_image\" \/>\n<script type=\"application\/ld+json\" class=\"yoast-schema-graph\">{\"@context\":\"https:\\\/\\\/schema.org\",\"@graph\":[{\"@type\":\"WebPage\",\"@id\":\"https:\\\/\\\/brandgioielli.it\\\/prodotto\\\/mini-charm-lettera-s\\\/\",\"url\":\"https:\\\/\\\/brandgioielli.it\\\/prodotto\\\/mini-charm-lettera-s\\\/\",\"name\":\"Mini charm lettera S - #BrandGioielli\",\"isPartOf\":{\"@id\":\"https:\\\/\\\/brandgioielli.it\\\/#website\"},\"primaryImageOfPage\":{\"@id\":\"https:\\\/\\\/brandgioielli.it\\\/prodotto\\\/mini-charm-lettera-s\\\/#primaryimage\"},\"image\":{\"@id\":\"https:\\\/\\\/brandgioielli.it\\\/prodotto\\\/mini-charm-lettera-s\\\/#primaryimage\"},\"thumbnailUrl\":\"https:\\\/\\\/brandgioielli.it\\\/wp-content\\\/uploads\\\/2025\\\/09\\\/02CH502S.jpg\",\"datePublished\":\"2025-09-19T23:02:21+00:00\",\"dateModified\":\"2026-04-17T16:17:04+00:00\",\"description\":\"Acquista ora su Brand Gioielli: Mini charm lettera S\",\"breadcrumb\":{\"@id\":\"https:\\\/\\\/brandgioielli.it\\\/prodotto\\\/mini-charm-lettera-s\\\/#breadcrumb\"},\"inLanguage\":\"de\",\"potentialAction\":[{\"@type\":\"ReadAction\",\"target\":[\"https:\\\/\\\/brandgioielli.it\\\/prodotto\\\/mini-charm-lettera-s\\\/\"]}]},{\"@type\":\"ImageObject\",\"inLanguage\":\"de\",\"@id\":\"https:\\\/\\\/brandgioielli.it\\\/prodotto\\\/mini-charm-lettera-s\\\/#primaryimage\",\"url\":\"https:\\\/\\\/brandgioielli.it\\\/wp-content\\\/uploads\\\/2025\\\/09\\\/02CH502S.jpg\",\"contentUrl\":\"https:\\\/\\\/brandgioielli.it\\\/wp-content\\\/uploads\\\/2025\\\/09\\\/02CH502S.jpg\",\"width\":800,\"height\":800},{\"@type\":\"BreadcrumbList\",\"@id\":\"https:\\\/\\\/brandgioielli.it\\\/prodotto\\\/mini-charm-lettera-s\\\/#breadcrumb\",\"itemListElement\":[{\"@type\":\"ListItem\",\"position\":1,\"name\":\"Home\",\"item\":\"https:\\\/\\\/brandgioielli.it\\\/\"},{\"@type\":\"ListItem\",\"position\":2,\"name\":\"Shop\",\"item\":\"https:\\\/\\\/brandgioielli.it\\\/shop\\\/\"},{\"@type\":\"ListItem\",\"position\":3,\"name\":\"Mini charm lettera S\"}]},{\"@type\":\"WebSite\",\"@id\":\"https:\\\/\\\/brandgioielli.it\\\/#website\",\"url\":\"https:\\\/\\\/brandgioielli.it\\\/\",\"name\":\"#BrandGioielli\",\"description\":\"\",\"publisher\":{\"@id\":\"https:\\\/\\\/brandgioielli.it\\\/#organization\"},\"potentialAction\":[{\"@type\":\"SearchAction\",\"target\":{\"@type\":\"EntryPoint\",\"urlTemplate\":\"https:\\\/\\\/brandgioielli.it\\\/?s={search_term_string}\"},\"query-input\":{\"@type\":\"PropertyValueSpecification\",\"valueRequired\":true,\"valueName\":\"search_term_string\"}}],\"inLanguage\":\"de\"},{\"@type\":\"Organization\",\"@id\":\"https:\\\/\\\/brandgioielli.it\\\/#organization\",\"name\":\"Brand Gioielli\",\"url\":\"https:\\\/\\\/brandgioielli.it\\\/\",\"logo\":{\"@type\":\"ImageObject\",\"inLanguage\":\"de\",\"@id\":\"https:\\\/\\\/brandgioielli.it\\\/#\\\/schema\\\/logo\\\/image\\\/\",\"url\":\"https:\\\/\\\/brandgioielli.it\\\/wp-content\\\/uploads\\\/2025\\\/07\\\/LogoBrand.png\",\"contentUrl\":\"https:\\\/\\\/brandgioielli.it\\\/wp-content\\\/uploads\\\/2025\\\/07\\\/LogoBrand.png\",\"width\":600,\"height\":170,\"caption\":\"Brand Gioielli\"},\"image\":{\"@id\":\"https:\\\/\\\/brandgioielli.it\\\/#\\\/schema\\\/logo\\\/image\\\/\"}}]}<\/script>\n<!-- \/ Yoast SEO plugin. -->","yoast_head_json":{"title":"Mini-Charm-Buchstabe S - #BrandGioielli","description":"Jetzt bei Brand Gioielli shoppen: Mini-Buchstaben-S-Anh\u00e4nger","robots":{"index":"index","follow":"follow","max-snippet":"max-snippet:-1","max-image-preview":"max-image-preview:large","max-video-preview":"max-video-preview:-1"},"canonical":"https:\/\/brandgioielli.it\/de\/produkt\/mini-charm-lettera-s\/","og_locale":"de_DE","og_type":"article","og_title":"Mini charm lettera S - #BrandGioielli","og_description":"Acquista ora su Brand Gioielli: Mini charm lettera S","og_url":"https:\/\/brandgioielli.it\/de\/produkt\/mini-charm-lettera-s\/","og_site_name":"#BrandGioielli","article_modified_time":"2026-04-17T16:17:04+00:00","og_image":[{"width":800,"height":800,"url":"http:\/\/brandgioielli.it\/wp-content\/uploads\/2025\/09\/02CH502S.jpg","type":"image\/jpeg"}],"twitter_card":"summary_large_image","schema":{"@context":"https:\/\/schema.org","@graph":[{"@type":"WebPage","@id":"https:\/\/brandgioielli.it\/prodotto\/mini-charm-lettera-s\/","url":"https:\/\/brandgioielli.it\/prodotto\/mini-charm-lettera-s\/","name":"Mini-Charm-Buchstabe S - #BrandGioielli","isPartOf":{"@id":"https:\/\/brandgioielli.it\/#website"},"primaryImageOfPage":{"@id":"https:\/\/brandgioielli.it\/prodotto\/mini-charm-lettera-s\/#primaryimage"},"image":{"@id":"https:\/\/brandgioielli.it\/prodotto\/mini-charm-lettera-s\/#primaryimage"},"thumbnailUrl":"https:\/\/brandgioielli.it\/wp-content\/uploads\/2025\/09\/02CH502S.jpg","datePublished":"2025-09-19T23:02:21+00:00","dateModified":"2026-04-17T16:17:04+00:00","description":"Jetzt bei Brand Gioielli shoppen: Mini-Buchstaben-S-Anh\u00e4nger","breadcrumb":{"@id":"https:\/\/brandgioielli.it\/prodotto\/mini-charm-lettera-s\/#breadcrumb"},"inLanguage":"de","potentialAction":[{"@type":"ReadAction","target":["https:\/\/brandgioielli.it\/prodotto\/mini-charm-lettera-s\/"]}]},{"@type":"ImageObject","inLanguage":"de","@id":"https:\/\/brandgioielli.it\/prodotto\/mini-charm-lettera-s\/#primaryimage","url":"https:\/\/brandgioielli.it\/wp-content\/uploads\/2025\/09\/02CH502S.jpg","contentUrl":"https:\/\/brandgioielli.it\/wp-content\/uploads\/2025\/09\/02CH502S.jpg","width":800,"height":800},{"@type":"BreadcrumbList","@id":"https:\/\/brandgioielli.it\/prodotto\/mini-charm-lettera-s\/#breadcrumb","itemListElement":[{"@type":"ListItem","position":1,"name":"Home","item":"https:\/\/brandgioielli.it\/"},{"@type":"ListItem","position":2,"name":"Shop","item":"https:\/\/brandgioielli.it\/shop\/"},{"@type":"ListItem","position":3,"name":"Mini charm lettera S"}]},{"@type":"WebSite","@id":"https:\/\/brandgioielli.it\/#website","url":"https:\/\/brandgioielli.it\/","name":"#BrandGioielli","description":"","publisher":{"@id":"https:\/\/brandgioielli.it\/#organization"},"potentialAction":[{"@type":"SearchAction","target":{"@type":"EntryPoint","urlTemplate":"https:\/\/brandgioielli.it\/?s={search_term_string}"},"query-input":{"@type":"PropertyValueSpecification","valueRequired":true,"valueName":"search_term_string"}}],"inLanguage":"de"},{"@type":"Organization","@id":"https:\/\/brandgioielli.it\/#organization","name":"Markenschmuck","url":"https:\/\/brandgioielli.it\/","logo":{"@type":"ImageObject","inLanguage":"de","@id":"https:\/\/brandgioielli.it\/#\/schema\/logo\/image\/","url":"https:\/\/brandgioielli.it\/wp-content\/uploads\/2025\/07\/LogoBrand.png","contentUrl":"https:\/\/brandgioielli.it\/wp-content\/uploads\/2025\/07\/LogoBrand.png","width":600,"height":170,"caption":"Brand Gioielli"},"image":{"@id":"https:\/\/brandgioielli.it\/#\/schema\/logo\/image\/"}}]}},"_links":{"self":[{"href":"https:\/\/brandgioielli.it\/de\/wp-json\/wp\/v2\/product\/3755","targetHints":{"allow":["GET"]}}],"collection":[{"href":"https:\/\/brandgioielli.it\/de\/wp-json\/wp\/v2\/product"}],"about":[{"href":"https:\/\/brandgioielli.it\/de\/wp-json\/wp\/v2\/types\/product"}],"version-history":[{"count":1,"href":"https:\/\/brandgioielli.it\/de\/wp-json\/wp\/v2\/product\/3755\/revisions"}],"predecessor-version":[{"id":16309,"href":"https:\/\/brandgioielli.it\/de\/wp-json\/wp\/v2\/product\/3755\/revisions\/16309"}],"wp:featuredmedia":[{"embeddable":true,"href":"https:\/\/brandgioielli.it\/de\/wp-json\/wp\/v2\/media\/60941"}],"wp:attachment":[{"href":"https:\/\/brandgioielli.it\/de\/wp-json\/wp\/v2\/media?parent=3755"}],"wp:term":[{"taxonomy":"product_brand","embeddable":true,"href":"https:\/\/brandgioielli.it\/de\/wp-json\/wp\/v2\/product_brand?post=3755"},{"taxonomy":"product_cat","embeddable":true,"href":"https:\/\/brandgioielli.it\/de\/wp-json\/wp\/v2\/product_cat?post=3755"},{"taxonomy":"product_tag","embeddable":true,"href":"https:\/\/brandgioielli.it\/de\/wp-json\/wp\/v2\/product_tag?post=3755"}],"curies":[{"name":"wp","href":"https:\/\/api.w.org\/{rel}","templated":true}]}}