{"id":35581,"date":"2025-10-03T08:50:00","date_gmt":"2025-10-03T06:50:00","guid":{"rendered":"https:\/\/sandybrown-lark-277155.hostingersite.com\/prodotto\/collana-tennis-cristallo-cuore\/"},"modified":"2026-04-21T18:18:24","modified_gmt":"2026-04-21T16:18:24","slug":"collana-tennis-cristallo-cuore","status":"publish","type":"product","link":"https:\/\/brandgioielli.it\/de\/produkt\/collana-tennis-cristallo-cuore\/","title":{"rendered":"Tennis-Halskette mit Herzkristall"},"content":{"rendered":"<h2><strong>Tennis-Halskette mit Herzkristall<\/strong><\/h2>\n<p>Die Tennis-Halskette mit Herz-Kristall von #Brand Jewellery ist das <strong data-start=\"312\" data-end=\"353\">Perfektes Geschenk zum Fest der Liebe<\/strong>, ein romantischer Gedanke zu besonderen Anl\u00e4ssen wie\u00a0<strong data-start=\"414\" data-end=\"431\">Valentinstag<\/strong>, Jahrestag oder Geburtstag. Aus Edelstahl gefertigt und mit einem herzf\u00f6rmigen Kristall verziert, verbindet er elegantes Design und symbolische Bedeutung. Erh\u00e4ltlich in <strong data-start=\"621\" data-end=\"647\">Ausf\u00fchrung in Stahl oder Gold<\/strong>\u00a0und in\u00a0<strong data-start=\"653\" data-end=\"670\">f\u00fcnf Farben<\/strong>, Dieses romantische Accessoire passt zu jedem Stil und kann jeden Tag als Symbol der Zuneigung, Leidenschaft oder tiefen Verbundenheit getragen werden.<\/p>\n<p><strong>TECHNISCHE DATEN<\/strong><\/p>\n<ul>\n<li>Tennis-Halskette mit Herzkristall<\/li>\n<li>L\u00e4nge: 38cm + 5cm Verl\u00e4ngerung<\/li>\n<li>Tennis-Halskette mit wei\u00dfen 2mm-Kristallen<\/li>\n<li>Kristallgr\u00f6\u00dfe: 6mm<\/li>\n<li>Kristallfarben: Wei\u00df, Rosa, Rot, Gr\u00fcn, Blau<\/li>\n<li>Ausf\u00fchrung: Stahl oder Gold PVD<\/li>\n<li>Material: Edelstahl, Kristalle<\/li>\n<\/ul>\n<p><em>Alle Schmuckst\u00fccke der Marke #Brand sind aus dem reinsten chirurgischen Edelstahl auf dem Markt hergestellt, auf Nickel getestet und so konzipiert, dass sie jeden Tag getragen werden k\u00f6nnen, ohne dass Verf\u00e4rbungen oder Verschlei\u00dferscheinungen zu bef\u00fcrchten sind.\u00a0<\/em><\/p>","protected":false},"excerpt":{"rendered":"<p>Collana Tennis con Cristallo a Cuore La Collana Tennis con Cristallo a Cuore firmata #Brand Gioielli \u00e8 il regalo perfetto per celebrare l\u2019amore, un pensiero romantico da donare in occasioni speciali come\u00a0San Valentino, un anniversario o un compleanno. Realizzata in acciaio inossidabile e impreziosita da un cristallo a forma di cuore, unisce design elegante e [&hellip;]<\/p>\n","protected":false},"featured_media":98311,"template":"","meta":[],"product_brand":[],"product_cat":[567,458,23,476,19,612,507,611],"product_tag":[93],"class_list":{"0":"post-35581","1":"product","2":"type-product","3":"status-publish","4":"has-post-thumbnail","6":"product_cat-brand-carpet","7":"product_cat-collane","8":"product_cat-collane-donna","9":"product_cat-coppia","10":"product_cat-donna","11":"product_cat-festa-della-mamma","12":"product_cat-sotto-i-30e","13":"product_cat-spring-selection","14":"product_tag-collezione-attimi","16":"first","17":"instock","18":"shipping-taxable","19":"purchasable","20":"product-type-variable"},"yoast_head":"<!-- This site is optimized with the Yoast SEO plugin v27.4 - https:\/\/yoast.com\/product\/yoast-seo-wordpress\/ -->\n<title>Collana Tennis con Cristallo a Cuore - Brand Gioielli<\/title>\n<meta name=\"description\" content=\"La Collana Tennis con Cristallo a Cuore firmata Brand Gioielli \u00e8 il regalo perfetto per celebrare l\u2019amore, un pensiero romantico da donare in occasioni speciali come\u00a0San Valentino, un anniversario o un compleanno. Realizzata in acciaio inossidabile e impreziosita da un cristallo a forma di cuore, unisce design elegante e significato simbolico.\" \/>\n<meta name=\"robots\" content=\"index, follow, max-snippet:-1, max-image-preview:large, max-video-preview:-1\" \/>\n<link rel=\"canonical\" href=\"https:\/\/brandgioielli.it\/de\/produkt\/collana-tennis-cristallo-cuore\/\" \/>\n<meta property=\"og:locale\" content=\"de_DE\" \/>\n<meta property=\"og:type\" content=\"article\" \/>\n<meta property=\"og:title\" content=\"Collana Tennis con Cristallo a Cuore - Brand Gioielli\" \/>\n<meta property=\"og:description\" content=\"La Collana Tennis con Cristallo a Cuore firmata Brand Gioielli \u00e8 il regalo perfetto per celebrare l\u2019amore, un pensiero romantico da donare in occasioni speciali come\u00a0San Valentino, un anniversario o un compleanno. Realizzata in acciaio inossidabile e impreziosita da un cristallo a forma di cuore, unisce design elegante e significato simbolico.\" \/>\n<meta property=\"og:url\" content=\"https:\/\/brandgioielli.it\/de\/produkt\/collana-tennis-cristallo-cuore\/\" \/>\n<meta property=\"og:site_name\" content=\"#BrandGioielli\" \/>\n<meta property=\"article:modified_time\" content=\"2026-04-21T16:18:24+00:00\" \/>\n<meta property=\"og:image\" content=\"https:\/\/brandgioielli.it\/wp-content\/uploads\/2025\/10\/Collana-Tennis-Cuore-Bianco-1.jpg\" \/>\n\t<meta property=\"og:image:width\" content=\"800\" \/>\n\t<meta property=\"og:image:height\" content=\"800\" \/>\n\t<meta property=\"og:image:type\" content=\"image\/jpeg\" \/>\n<meta name=\"twitter:card\" content=\"summary_large_image\" \/>\n<meta name=\"twitter:label1\" content=\"Gesch\u00e4tzte Lesezeit\" \/>\n\t<meta name=\"twitter:data1\" content=\"2\u00a0Minuten\" \/>\n<script type=\"application\/ld+json\" class=\"yoast-schema-graph\">{\"@context\":\"https:\\\/\\\/schema.org\",\"@graph\":[{\"@type\":\"WebPage\",\"@id\":\"https:\\\/\\\/brandgioielli.it\\\/prodotto\\\/collana-tennis-cristallo-cuore\\\/\",\"url\":\"https:\\\/\\\/brandgioielli.it\\\/prodotto\\\/collana-tennis-cristallo-cuore\\\/\",\"name\":\"Collana Tennis con Cristallo a Cuore - Brand Gioielli\",\"isPartOf\":{\"@id\":\"https:\\\/\\\/brandgioielli.it\\\/#website\"},\"primaryImageOfPage\":{\"@id\":\"https:\\\/\\\/brandgioielli.it\\\/prodotto\\\/collana-tennis-cristallo-cuore\\\/#primaryimage\"},\"image\":{\"@id\":\"https:\\\/\\\/brandgioielli.it\\\/prodotto\\\/collana-tennis-cristallo-cuore\\\/#primaryimage\"},\"thumbnailUrl\":\"https:\\\/\\\/brandgioielli.it\\\/wp-content\\\/uploads\\\/2025\\\/10\\\/Collana-Tennis-Cuore-Bianco-1.jpg\",\"datePublished\":\"2025-10-03T06:50:00+00:00\",\"dateModified\":\"2026-04-21T16:18:24+00:00\",\"description\":\"La Collana Tennis con Cristallo a Cuore firmata Brand Gioielli \u00e8 il regalo perfetto per celebrare l\u2019amore, un pensiero romantico da donare in occasioni speciali come\u00a0San Valentino, un anniversario o un compleanno. Realizzata in acciaio inossidabile e impreziosita da un cristallo a forma di cuore, unisce design elegante e significato simbolico.\",\"breadcrumb\":{\"@id\":\"https:\\\/\\\/brandgioielli.it\\\/prodotto\\\/collana-tennis-cristallo-cuore\\\/#breadcrumb\"},\"inLanguage\":\"de\",\"potentialAction\":[{\"@type\":\"ReadAction\",\"target\":[\"https:\\\/\\\/brandgioielli.it\\\/prodotto\\\/collana-tennis-cristallo-cuore\\\/\"]}]},{\"@type\":\"ImageObject\",\"inLanguage\":\"de\",\"@id\":\"https:\\\/\\\/brandgioielli.it\\\/prodotto\\\/collana-tennis-cristallo-cuore\\\/#primaryimage\",\"url\":\"https:\\\/\\\/brandgioielli.it\\\/wp-content\\\/uploads\\\/2025\\\/10\\\/Collana-Tennis-Cuore-Bianco-1.jpg\",\"contentUrl\":\"https:\\\/\\\/brandgioielli.it\\\/wp-content\\\/uploads\\\/2025\\\/10\\\/Collana-Tennis-Cuore-Bianco-1.jpg\",\"width\":800,\"height\":800},{\"@type\":\"BreadcrumbList\",\"@id\":\"https:\\\/\\\/brandgioielli.it\\\/prodotto\\\/collana-tennis-cristallo-cuore\\\/#breadcrumb\",\"itemListElement\":[{\"@type\":\"ListItem\",\"position\":1,\"name\":\"Home\",\"item\":\"https:\\\/\\\/brandgioielli.it\\\/\"},{\"@type\":\"ListItem\",\"position\":2,\"name\":\"Shop\",\"item\":\"https:\\\/\\\/brandgioielli.it\\\/shop\\\/\"},{\"@type\":\"ListItem\",\"position\":3,\"name\":\"Collana Tennis con Cristallo a Cuore\"}]},{\"@type\":\"WebSite\",\"@id\":\"https:\\\/\\\/brandgioielli.it\\\/#website\",\"url\":\"https:\\\/\\\/brandgioielli.it\\\/\",\"name\":\"#BrandGioielli\",\"description\":\"\",\"publisher\":{\"@id\":\"https:\\\/\\\/brandgioielli.it\\\/#organization\"},\"potentialAction\":[{\"@type\":\"SearchAction\",\"target\":{\"@type\":\"EntryPoint\",\"urlTemplate\":\"https:\\\/\\\/brandgioielli.it\\\/?s={search_term_string}\"},\"query-input\":{\"@type\":\"PropertyValueSpecification\",\"valueRequired\":true,\"valueName\":\"search_term_string\"}}],\"inLanguage\":\"de\"},{\"@type\":\"Organization\",\"@id\":\"https:\\\/\\\/brandgioielli.it\\\/#organization\",\"name\":\"Brand Gioielli\",\"url\":\"https:\\\/\\\/brandgioielli.it\\\/\",\"logo\":{\"@type\":\"ImageObject\",\"inLanguage\":\"de\",\"@id\":\"https:\\\/\\\/brandgioielli.it\\\/#\\\/schema\\\/logo\\\/image\\\/\",\"url\":\"https:\\\/\\\/brandgioielli.it\\\/wp-content\\\/uploads\\\/2025\\\/07\\\/LogoBrand.png\",\"contentUrl\":\"https:\\\/\\\/brandgioielli.it\\\/wp-content\\\/uploads\\\/2025\\\/07\\\/LogoBrand.png\",\"width\":600,\"height\":170,\"caption\":\"Brand Gioielli\"},\"image\":{\"@id\":\"https:\\\/\\\/brandgioielli.it\\\/#\\\/schema\\\/logo\\\/image\\\/\"}}]}<\/script>\n<!-- \/ Yoast SEO plugin. -->","yoast_head_json":{"title":"Tennis-Halskette mit Herzkristall - Marke Gioielli","description":"Die Tennis-Halskette mit herzf\u00f6rmigem Kristall von Brand Gioielli ist das perfekte Geschenk, um die Liebe zu feiern \u2013 eine romantische Geste f\u00fcr besondere Anl\u00e4sse wie Valentinstag, Jahrestag oder Geburtstag. Gefertigt aus Edelstahl und verziert mit einem herzf\u00f6rmigen Kristall, vereint sie elegantes Design mit symbolischer Bedeutung.","robots":{"index":"index","follow":"follow","max-snippet":"max-snippet:-1","max-image-preview":"max-image-preview:large","max-video-preview":"max-video-preview:-1"},"canonical":"https:\/\/brandgioielli.it\/de\/produkt\/collana-tennis-cristallo-cuore\/","og_locale":"de_DE","og_type":"article","og_title":"Collana Tennis con Cristallo a Cuore - Brand Gioielli","og_description":"La Collana Tennis con Cristallo a Cuore firmata Brand Gioielli \u00e8 il regalo perfetto per celebrare l\u2019amore, un pensiero romantico da donare in occasioni speciali come\u00a0San Valentino, un anniversario o un compleanno. Realizzata in acciaio inossidabile e impreziosita da un cristallo a forma di cuore, unisce design elegante e significato simbolico.","og_url":"https:\/\/brandgioielli.it\/de\/produkt\/collana-tennis-cristallo-cuore\/","og_site_name":"#BrandGioielli","article_modified_time":"2026-04-21T16:18:24+00:00","og_image":[{"width":800,"height":800,"url":"https:\/\/brandgioielli.it\/wp-content\/uploads\/2025\/10\/Collana-Tennis-Cuore-Bianco-1.jpg","type":"image\/jpeg"}],"twitter_card":"summary_large_image","twitter_misc":{"Gesch\u00e4tzte Lesezeit":"2\u00a0Minuten"},"schema":{"@context":"https:\/\/schema.org","@graph":[{"@type":"WebPage","@id":"https:\/\/brandgioielli.it\/prodotto\/collana-tennis-cristallo-cuore\/","url":"https:\/\/brandgioielli.it\/prodotto\/collana-tennis-cristallo-cuore\/","name":"Tennis-Halskette mit Herzkristall - Marke Gioielli","isPartOf":{"@id":"https:\/\/brandgioielli.it\/#website"},"primaryImageOfPage":{"@id":"https:\/\/brandgioielli.it\/prodotto\/collana-tennis-cristallo-cuore\/#primaryimage"},"image":{"@id":"https:\/\/brandgioielli.it\/prodotto\/collana-tennis-cristallo-cuore\/#primaryimage"},"thumbnailUrl":"https:\/\/brandgioielli.it\/wp-content\/uploads\/2025\/10\/Collana-Tennis-Cuore-Bianco-1.jpg","datePublished":"2025-10-03T06:50:00+00:00","dateModified":"2026-04-21T16:18:24+00:00","description":"Die Tennis-Halskette mit herzf\u00f6rmigem Kristall von Brand Gioielli ist das perfekte Geschenk, um die Liebe zu feiern \u2013 eine romantische Geste f\u00fcr besondere Anl\u00e4sse wie Valentinstag, Jahrestag oder Geburtstag. Gefertigt aus Edelstahl und verziert mit einem herzf\u00f6rmigen Kristall, vereint sie elegantes Design mit symbolischer Bedeutung.","breadcrumb":{"@id":"https:\/\/brandgioielli.it\/prodotto\/collana-tennis-cristallo-cuore\/#breadcrumb"},"inLanguage":"de","potentialAction":[{"@type":"ReadAction","target":["https:\/\/brandgioielli.it\/prodotto\/collana-tennis-cristallo-cuore\/"]}]},{"@type":"ImageObject","inLanguage":"de","@id":"https:\/\/brandgioielli.it\/prodotto\/collana-tennis-cristallo-cuore\/#primaryimage","url":"https:\/\/brandgioielli.it\/wp-content\/uploads\/2025\/10\/Collana-Tennis-Cuore-Bianco-1.jpg","contentUrl":"https:\/\/brandgioielli.it\/wp-content\/uploads\/2025\/10\/Collana-Tennis-Cuore-Bianco-1.jpg","width":800,"height":800},{"@type":"BreadcrumbList","@id":"https:\/\/brandgioielli.it\/prodotto\/collana-tennis-cristallo-cuore\/#breadcrumb","itemListElement":[{"@type":"ListItem","position":1,"name":"Home","item":"https:\/\/brandgioielli.it\/"},{"@type":"ListItem","position":2,"name":"Shop","item":"https:\/\/brandgioielli.it\/shop\/"},{"@type":"ListItem","position":3,"name":"Collana Tennis con Cristallo a Cuore"}]},{"@type":"WebSite","@id":"https:\/\/brandgioielli.it\/#website","url":"https:\/\/brandgioielli.it\/","name":"#BrandGioielli","description":"","publisher":{"@id":"https:\/\/brandgioielli.it\/#organization"},"potentialAction":[{"@type":"SearchAction","target":{"@type":"EntryPoint","urlTemplate":"https:\/\/brandgioielli.it\/?s={search_term_string}"},"query-input":{"@type":"PropertyValueSpecification","valueRequired":true,"valueName":"search_term_string"}}],"inLanguage":"de"},{"@type":"Organization","@id":"https:\/\/brandgioielli.it\/#organization","name":"Markenschmuck","url":"https:\/\/brandgioielli.it\/","logo":{"@type":"ImageObject","inLanguage":"de","@id":"https:\/\/brandgioielli.it\/#\/schema\/logo\/image\/","url":"https:\/\/brandgioielli.it\/wp-content\/uploads\/2025\/07\/LogoBrand.png","contentUrl":"https:\/\/brandgioielli.it\/wp-content\/uploads\/2025\/07\/LogoBrand.png","width":600,"height":170,"caption":"Brand Gioielli"},"image":{"@id":"https:\/\/brandgioielli.it\/#\/schema\/logo\/image\/"}}]}},"_links":{"self":[{"href":"https:\/\/brandgioielli.it\/de\/wp-json\/wp\/v2\/product\/35581","targetHints":{"allow":["GET"]}}],"collection":[{"href":"https:\/\/brandgioielli.it\/de\/wp-json\/wp\/v2\/product"}],"about":[{"href":"https:\/\/brandgioielli.it\/de\/wp-json\/wp\/v2\/types\/product"}],"version-history":[{"count":4,"href":"https:\/\/brandgioielli.it\/de\/wp-json\/wp\/v2\/product\/35581\/revisions"}],"predecessor-version":[{"id":103251,"href":"https:\/\/brandgioielli.it\/de\/wp-json\/wp\/v2\/product\/35581\/revisions\/103251"}],"wp:featuredmedia":[{"embeddable":true,"href":"https:\/\/brandgioielli.it\/de\/wp-json\/wp\/v2\/media\/98311"}],"wp:attachment":[{"href":"https:\/\/brandgioielli.it\/de\/wp-json\/wp\/v2\/media?parent=35581"}],"wp:term":[{"taxonomy":"product_brand","embeddable":true,"href":"https:\/\/brandgioielli.it\/de\/wp-json\/wp\/v2\/product_brand?post=35581"},{"taxonomy":"product_cat","embeddable":true,"href":"https:\/\/brandgioielli.it\/de\/wp-json\/wp\/v2\/product_cat?post=35581"},{"taxonomy":"product_tag","embeddable":true,"href":"https:\/\/brandgioielli.it\/de\/wp-json\/wp\/v2\/product_tag?post=35581"}],"curies":[{"name":"wp","href":"https:\/\/api.w.org\/{rel}","templated":true}]}}