{"id":26335,"date":"2025-10-03T08:57:08","date_gmt":"2025-10-03T06:57:08","guid":{"rendered":"https:\/\/sandybrown-lark-277155.hostingersite.com\/prodotto\/collana-cuore-sacro\/"},"modified":"2026-04-24T18:17:19","modified_gmt":"2026-04-24T16:17:19","slug":"collana-cuore-sacro","status":"publish","type":"product","link":"https:\/\/brandgioielli.it\/de\/produkt\/collana-cuore-sacro\/","title":{"rendered":"Heiliges Herz Halskette"},"content":{"rendered":"<h3>Herrenkette mit Anh\u00e4nger des Heiligen Herzens<\/h3>\n<p>Die #Brand Gioielli Gl\u00fccksanh\u00e4nger-Halskette mit heiligem Herzen ist als Symbol f\u00fcr Gl\u00fcck und Freude gedacht und kann sowohl t\u00e4glich getragen als auch zu besonderen Anl\u00e4ssen verschenkt werden. Erh\u00e4ltlich in <strong>Stahl- und schwarze PVD-Oberfl\u00e4chen <\/strong>ist das perfekte Geschenk f\u00fcr alle, die ein Schmuckst\u00fcck suchen, das zu jedem Anlass passt.<\/p>\n<p><strong>TECHNISCHE DATEN<\/strong><\/p>\n<ul>\n<li>Halskette mit Anh\u00e4nger des Heiligen Herzens<\/li>\n<li>L\u00e4nge: 50 cm + 7 cm Verl\u00e4ngerung<\/li>\n<li>Gr\u00f6\u00dfe des Heiligen Herzens: 2 cm<\/li>\n<li>Ausf\u00fchrung: Stahl oder PVD Schwarz<\/li>\n<li>Material: rostfreier Stahl und hypoallergen<\/li>\n<\/ul>\n<p><em>Alle Schmuckst\u00fccke der Marke #Brand sind aus dem reinsten chirurgischen Edelstahl auf dem Markt hergestellt, auf Nickel getestet und so konzipiert, dass sie jeden Tag getragen werden k\u00f6nnen, ohne dass Verf\u00e4rbungen oder Verschlei\u00dferscheinungen zu bef\u00fcrchten sind.\u00a0<\/em><\/p>","protected":false},"excerpt":{"rendered":"<p>Collana da Uomo con Cuore Sacro Pendente La collana con cuore sacro pendente portafortuna\u00a0 #Brand Gioielli \u00e8 pensata per essere indossata tutti i giorni o per essere regalata nelle occasioni speciali come simbolo di buona fortuna. Disponibile nella finiture acciaio e PVD nero \u00e8 il regalo perfetto per chi cerca un gioiello capace di adattarsi [&hellip;]<\/p>\n","protected":false},"featured_media":98499,"template":"","meta":[],"product_brand":[],"product_cat":[458,41,506,39],"product_tag":[355],"class_list":{"0":"post-26335","1":"product","2":"type-product","3":"status-publish","4":"has-post-thumbnail","6":"product_cat-collane","7":"product_cat-collane-uomo","8":"product_cat-sotto-i-20e","9":"product_cat-uomo","10":"product_tag-collezione-suerte-uomo","12":"first","13":"instock","14":"shipping-taxable","15":"purchasable","16":"product-type-variable"},"yoast_head":"<!-- This site is optimized with the Yoast SEO plugin v27.4 - https:\/\/yoast.com\/product\/yoast-seo-wordpress\/ -->\n<title>Collana Cuore Sacro - #BrandGioielli<\/title>\n<meta name=\"description\" content=\"Acquista ora su Brand Gioielli: Collana Cuore Sacro\" \/>\n<meta name=\"robots\" content=\"index, follow, max-snippet:-1, max-image-preview:large, max-video-preview:-1\" \/>\n<link rel=\"canonical\" href=\"https:\/\/brandgioielli.it\/de\/produkt\/collana-cuore-sacro\/\" \/>\n<meta property=\"og:locale\" content=\"de_DE\" \/>\n<meta property=\"og:type\" content=\"article\" \/>\n<meta property=\"og:title\" content=\"Collana Cuore Sacro - #BrandGioielli\" \/>\n<meta property=\"og:description\" content=\"Acquista ora su Brand Gioielli: Collana Cuore Sacro\" \/>\n<meta property=\"og:url\" content=\"https:\/\/brandgioielli.it\/de\/produkt\/collana-cuore-sacro\/\" \/>\n<meta property=\"og:site_name\" content=\"#BrandGioielli\" \/>\n<meta property=\"article:modified_time\" content=\"2026-04-24T16:17:19+00:00\" \/>\n<meta property=\"og:image\" content=\"https:\/\/brandgioielli.it\/wp-content\/uploads\/2025\/10\/collana-uomo-cuore-sacro-acciaio.jpg\" \/>\n\t<meta property=\"og:image:width\" content=\"800\" \/>\n\t<meta property=\"og:image:height\" content=\"800\" \/>\n\t<meta property=\"og:image:type\" content=\"image\/jpeg\" \/>\n<meta name=\"twitter:card\" content=\"summary_large_image\" \/>\n<meta name=\"twitter:label1\" content=\"Gesch\u00e4tzte Lesezeit\" \/>\n\t<meta name=\"twitter:data1\" content=\"1\u00a0Minute\" \/>\n<script type=\"application\/ld+json\" class=\"yoast-schema-graph\">{\"@context\":\"https:\\\/\\\/schema.org\",\"@graph\":[{\"@type\":\"WebPage\",\"@id\":\"https:\\\/\\\/brandgioielli.it\\\/prodotto\\\/collana-cuore-sacro\\\/\",\"url\":\"https:\\\/\\\/brandgioielli.it\\\/prodotto\\\/collana-cuore-sacro\\\/\",\"name\":\"Collana Cuore Sacro - #BrandGioielli\",\"isPartOf\":{\"@id\":\"https:\\\/\\\/brandgioielli.it\\\/#website\"},\"primaryImageOfPage\":{\"@id\":\"https:\\\/\\\/brandgioielli.it\\\/prodotto\\\/collana-cuore-sacro\\\/#primaryimage\"},\"image\":{\"@id\":\"https:\\\/\\\/brandgioielli.it\\\/prodotto\\\/collana-cuore-sacro\\\/#primaryimage\"},\"thumbnailUrl\":\"https:\\\/\\\/brandgioielli.it\\\/wp-content\\\/uploads\\\/2025\\\/10\\\/collana-uomo-cuore-sacro-acciaio.jpg\",\"datePublished\":\"2025-10-03T06:57:08+00:00\",\"dateModified\":\"2026-04-24T16:17:19+00:00\",\"description\":\"Acquista ora su Brand Gioielli: Collana Cuore Sacro\",\"breadcrumb\":{\"@id\":\"https:\\\/\\\/brandgioielli.it\\\/prodotto\\\/collana-cuore-sacro\\\/#breadcrumb\"},\"inLanguage\":\"de\",\"potentialAction\":[{\"@type\":\"ReadAction\",\"target\":[\"https:\\\/\\\/brandgioielli.it\\\/prodotto\\\/collana-cuore-sacro\\\/\"]}]},{\"@type\":\"ImageObject\",\"inLanguage\":\"de\",\"@id\":\"https:\\\/\\\/brandgioielli.it\\\/prodotto\\\/collana-cuore-sacro\\\/#primaryimage\",\"url\":\"https:\\\/\\\/brandgioielli.it\\\/wp-content\\\/uploads\\\/2025\\\/10\\\/collana-uomo-cuore-sacro-acciaio.jpg\",\"contentUrl\":\"https:\\\/\\\/brandgioielli.it\\\/wp-content\\\/uploads\\\/2025\\\/10\\\/collana-uomo-cuore-sacro-acciaio.jpg\",\"width\":800,\"height\":800},{\"@type\":\"BreadcrumbList\",\"@id\":\"https:\\\/\\\/brandgioielli.it\\\/prodotto\\\/collana-cuore-sacro\\\/#breadcrumb\",\"itemListElement\":[{\"@type\":\"ListItem\",\"position\":1,\"name\":\"Home\",\"item\":\"https:\\\/\\\/brandgioielli.it\\\/\"},{\"@type\":\"ListItem\",\"position\":2,\"name\":\"Shop\",\"item\":\"https:\\\/\\\/brandgioielli.it\\\/shop\\\/\"},{\"@type\":\"ListItem\",\"position\":3,\"name\":\"Collana Cuore Sacro\"}]},{\"@type\":\"WebSite\",\"@id\":\"https:\\\/\\\/brandgioielli.it\\\/#website\",\"url\":\"https:\\\/\\\/brandgioielli.it\\\/\",\"name\":\"#BrandGioielli\",\"description\":\"\",\"publisher\":{\"@id\":\"https:\\\/\\\/brandgioielli.it\\\/#organization\"},\"potentialAction\":[{\"@type\":\"SearchAction\",\"target\":{\"@type\":\"EntryPoint\",\"urlTemplate\":\"https:\\\/\\\/brandgioielli.it\\\/?s={search_term_string}\"},\"query-input\":{\"@type\":\"PropertyValueSpecification\",\"valueRequired\":true,\"valueName\":\"search_term_string\"}}],\"inLanguage\":\"de\"},{\"@type\":\"Organization\",\"@id\":\"https:\\\/\\\/brandgioielli.it\\\/#organization\",\"name\":\"Brand Gioielli\",\"url\":\"https:\\\/\\\/brandgioielli.it\\\/\",\"logo\":{\"@type\":\"ImageObject\",\"inLanguage\":\"de\",\"@id\":\"https:\\\/\\\/brandgioielli.it\\\/#\\\/schema\\\/logo\\\/image\\\/\",\"url\":\"https:\\\/\\\/brandgioielli.it\\\/wp-content\\\/uploads\\\/2025\\\/07\\\/LogoBrand.png\",\"contentUrl\":\"https:\\\/\\\/brandgioielli.it\\\/wp-content\\\/uploads\\\/2025\\\/07\\\/LogoBrand.png\",\"width\":600,\"height\":170,\"caption\":\"Brand Gioielli\"},\"image\":{\"@id\":\"https:\\\/\\\/brandgioielli.it\\\/#\\\/schema\\\/logo\\\/image\\\/\"}}]}<\/script>\n<!-- \/ Yoast SEO plugin. -->","yoast_head_json":{"title":"Halskette mit dem Heiligen Herzen - #BrandGioielli","description":"Jetzt bei Brand Gioielli shoppen: Halskette mit heiligem Herzen","robots":{"index":"index","follow":"follow","max-snippet":"max-snippet:-1","max-image-preview":"max-image-preview:large","max-video-preview":"max-video-preview:-1"},"canonical":"https:\/\/brandgioielli.it\/de\/produkt\/collana-cuore-sacro\/","og_locale":"de_DE","og_type":"article","og_title":"Collana Cuore Sacro - #BrandGioielli","og_description":"Acquista ora su Brand Gioielli: Collana Cuore Sacro","og_url":"https:\/\/brandgioielli.it\/de\/produkt\/collana-cuore-sacro\/","og_site_name":"#BrandGioielli","article_modified_time":"2026-04-24T16:17:19+00:00","og_image":[{"width":800,"height":800,"url":"https:\/\/brandgioielli.it\/wp-content\/uploads\/2025\/10\/collana-uomo-cuore-sacro-acciaio.jpg","type":"image\/jpeg"}],"twitter_card":"summary_large_image","twitter_misc":{"Gesch\u00e4tzte Lesezeit":"1\u00a0Minute"},"schema":{"@context":"https:\/\/schema.org","@graph":[{"@type":"WebPage","@id":"https:\/\/brandgioielli.it\/prodotto\/collana-cuore-sacro\/","url":"https:\/\/brandgioielli.it\/prodotto\/collana-cuore-sacro\/","name":"Halskette mit dem Heiligen Herzen - #BrandGioielli","isPartOf":{"@id":"https:\/\/brandgioielli.it\/#website"},"primaryImageOfPage":{"@id":"https:\/\/brandgioielli.it\/prodotto\/collana-cuore-sacro\/#primaryimage"},"image":{"@id":"https:\/\/brandgioielli.it\/prodotto\/collana-cuore-sacro\/#primaryimage"},"thumbnailUrl":"https:\/\/brandgioielli.it\/wp-content\/uploads\/2025\/10\/collana-uomo-cuore-sacro-acciaio.jpg","datePublished":"2025-10-03T06:57:08+00:00","dateModified":"2026-04-24T16:17:19+00:00","description":"Jetzt bei Brand Gioielli shoppen: Halskette mit heiligem Herzen","breadcrumb":{"@id":"https:\/\/brandgioielli.it\/prodotto\/collana-cuore-sacro\/#breadcrumb"},"inLanguage":"de","potentialAction":[{"@type":"ReadAction","target":["https:\/\/brandgioielli.it\/prodotto\/collana-cuore-sacro\/"]}]},{"@type":"ImageObject","inLanguage":"de","@id":"https:\/\/brandgioielli.it\/prodotto\/collana-cuore-sacro\/#primaryimage","url":"https:\/\/brandgioielli.it\/wp-content\/uploads\/2025\/10\/collana-uomo-cuore-sacro-acciaio.jpg","contentUrl":"https:\/\/brandgioielli.it\/wp-content\/uploads\/2025\/10\/collana-uomo-cuore-sacro-acciaio.jpg","width":800,"height":800},{"@type":"BreadcrumbList","@id":"https:\/\/brandgioielli.it\/prodotto\/collana-cuore-sacro\/#breadcrumb","itemListElement":[{"@type":"ListItem","position":1,"name":"Home","item":"https:\/\/brandgioielli.it\/"},{"@type":"ListItem","position":2,"name":"Shop","item":"https:\/\/brandgioielli.it\/shop\/"},{"@type":"ListItem","position":3,"name":"Collana Cuore Sacro"}]},{"@type":"WebSite","@id":"https:\/\/brandgioielli.it\/#website","url":"https:\/\/brandgioielli.it\/","name":"#BrandGioielli","description":"","publisher":{"@id":"https:\/\/brandgioielli.it\/#organization"},"potentialAction":[{"@type":"SearchAction","target":{"@type":"EntryPoint","urlTemplate":"https:\/\/brandgioielli.it\/?s={search_term_string}"},"query-input":{"@type":"PropertyValueSpecification","valueRequired":true,"valueName":"search_term_string"}}],"inLanguage":"de"},{"@type":"Organization","@id":"https:\/\/brandgioielli.it\/#organization","name":"Markenschmuck","url":"https:\/\/brandgioielli.it\/","logo":{"@type":"ImageObject","inLanguage":"de","@id":"https:\/\/brandgioielli.it\/#\/schema\/logo\/image\/","url":"https:\/\/brandgioielli.it\/wp-content\/uploads\/2025\/07\/LogoBrand.png","contentUrl":"https:\/\/brandgioielli.it\/wp-content\/uploads\/2025\/07\/LogoBrand.png","width":600,"height":170,"caption":"Brand Gioielli"},"image":{"@id":"https:\/\/brandgioielli.it\/#\/schema\/logo\/image\/"}}]}},"_links":{"self":[{"href":"https:\/\/brandgioielli.it\/de\/wp-json\/wp\/v2\/product\/26335","targetHints":{"allow":["GET"]}}],"collection":[{"href":"https:\/\/brandgioielli.it\/de\/wp-json\/wp\/v2\/product"}],"about":[{"href":"https:\/\/brandgioielli.it\/de\/wp-json\/wp\/v2\/types\/product"}],"version-history":[{"count":1,"href":"https:\/\/brandgioielli.it\/de\/wp-json\/wp\/v2\/product\/26335\/revisions"}],"predecessor-version":[{"id":26472,"href":"https:\/\/brandgioielli.it\/de\/wp-json\/wp\/v2\/product\/26335\/revisions\/26472"}],"wp:featuredmedia":[{"embeddable":true,"href":"https:\/\/brandgioielli.it\/de\/wp-json\/wp\/v2\/media\/98499"}],"wp:attachment":[{"href":"https:\/\/brandgioielli.it\/de\/wp-json\/wp\/v2\/media?parent=26335"}],"wp:term":[{"taxonomy":"product_brand","embeddable":true,"href":"https:\/\/brandgioielli.it\/de\/wp-json\/wp\/v2\/product_brand?post=26335"},{"taxonomy":"product_cat","embeddable":true,"href":"https:\/\/brandgioielli.it\/de\/wp-json\/wp\/v2\/product_cat?post=26335"},{"taxonomy":"product_tag","embeddable":true,"href":"https:\/\/brandgioielli.it\/de\/wp-json\/wp\/v2\/product_tag?post=26335"}],"curies":[{"name":"wp","href":"https:\/\/api.w.org\/{rel}","templated":true}]}}