{"id":26305,"date":"2025-10-03T08:56:35","date_gmt":"2025-10-03T06:56:35","guid":{"rendered":"https:\/\/sandybrown-lark-277155.hostingersite.com\/prodotto\/orecchino-a-cerchio-con-cristalli-e-charm-cornetto\/"},"modified":"2026-04-24T09:17:10","modified_gmt":"2026-04-24T07:17:10","slug":"orecchino-a-cerchio-con-cristalli-e-charm-cornetto","status":"publish","type":"product","link":"https:\/\/brandgioielli.it\/de\/produkt\/orecchino-a-cerchio-con-cristalli-e-charm-cornetto\/","title":{"rendered":"Creolen mit Kristallen und Cornetto-Charme"},"content":{"rendered":"<h3>Einzelner Creolenohrring mit Kristallen und Cornetto-Charme<\/h3>\n<p>Der Herrenohrring #Brand Jewellery mit Kristallen und Gl\u00fcckshornanh\u00e4nger eignet sich f\u00fcr das t\u00e4gliche Tragen oder als Gl\u00fccksbringer f\u00fcr besondere Anl\u00e4sse. Er ist aus Stahl und in Schwarz mit einem gl\u00e4nzenden oder rot emaillierten Horn erh\u00e4ltlich und eignet sich perfekt f\u00fcr alle, die ein Schmuckst\u00fcck f\u00fcr jede Gelegenheit oder ein besonderes Geschenk suchen. Der Ohrring wird einzeln verkauft.<\/p>\n<p><strong>TECHNISCHE DATEN<\/strong><\/p>\n<ul>\n<li>Herren-Ohrring mit Kristallen und Kornett-Anh\u00e4nger<\/li>\n<li>Durchmesser des Ohrrings: 14 mm<\/li>\n<li>Charme Cornetto Gr\u00f6\u00dfe: 1,5 cm<\/li>\n<li>Typ Kristalle: Kubischer Zirkoniumdioxid<\/li>\n<li>Kristallfarbe: Wei\u00df, Schwarz<\/li>\n<li>Ausf\u00fchrung: Stahl, PVD schwarz<\/li>\n<li>Material: rostfreier Stahl und hypoallergen<\/li>\n<\/ul>\n<p><em>Alle Schmuckst\u00fccke der Marke #Brand sind aus dem reinsten chirurgischen Edelstahl auf dem Markt hergestellt, auf Nickel getestet und so konzipiert, dass sie jeden Tag getragen werden k\u00f6nnen, ohne dass Verf\u00e4rbungen oder Verschlei\u00dferscheinungen zu bef\u00fcrchten sind.\u00a0<\/em><\/p>","protected":false},"excerpt":{"rendered":"<p>Orecchino Singolo a Cerchio con Cristalli e Charm Cornetto L&#8217;orecchino a cerchio da uomo con cristalli e pendente a cornetto portafortuna #Brand Gioielli \u00e8 pensato per essere indossato tutti i giorni o per essere regalato nelle occasioni speciali come simbolo di buona fortuna. Disponibile nella finitura acciaio e nero, con cornetto lucido o smaltato rosso, [&hellip;]<\/p>\n","protected":false},"featured_media":98485,"template":"","meta":[],"product_brand":[],"product_cat":[36,65,506,39],"product_tag":[355],"class_list":{"0":"post-26305","1":"product","2":"type-product","3":"status-publish","4":"has-post-thumbnail","6":"product_cat-orecchini","7":"product_cat-orecchini-uomo","8":"product_cat-sotto-i-20e","9":"product_cat-uomo","10":"product_tag-collezione-suerte-uomo","12":"first","13":"instock","14":"shipping-taxable","15":"purchasable","16":"product-type-variable"},"yoast_head":"<!-- This site is optimized with the Yoast SEO plugin v27.4 - https:\/\/yoast.com\/product\/yoast-seo-wordpress\/ -->\n<title>Orecchino da Uomo con Cristalli e Cornetto - Brand Gioielli<\/title>\n<meta name=\"description\" content=\"L&#039;orecchino a cerchio da uomo con cristalli e pendente a cornetto portafortuna #Brand Gioielli \u00e8 pensato per essere indossato tutti i giorni o per essere regalato nelle occasioni speciali come simbolo di buona fortuna.\" \/>\n<meta name=\"robots\" content=\"index, follow, max-snippet:-1, max-image-preview:large, max-video-preview:-1\" \/>\n<link rel=\"canonical\" href=\"https:\/\/brandgioielli.it\/de\/produkt\/orecchino-a-cerchio-con-cristalli-e-charm-cornetto\/\" \/>\n<meta property=\"og:locale\" content=\"de_DE\" \/>\n<meta property=\"og:type\" content=\"article\" \/>\n<meta property=\"og:title\" content=\"Orecchino da Uomo con Cristalli e Cornetto - Brand Gioielli\" \/>\n<meta property=\"og:description\" content=\"L&#039;orecchino a cerchio da uomo con cristalli e pendente a cornetto portafortuna #Brand Gioielli \u00e8 pensato per essere indossato tutti i giorni o per essere regalato nelle occasioni speciali come simbolo di buona fortuna.\" \/>\n<meta property=\"og:url\" content=\"https:\/\/brandgioielli.it\/de\/produkt\/orecchino-a-cerchio-con-cristalli-e-charm-cornetto\/\" \/>\n<meta property=\"og:site_name\" content=\"#BrandGioielli\" \/>\n<meta property=\"article:modified_time\" content=\"2026-04-24T07:17:10+00:00\" \/>\n<meta property=\"og:image\" content=\"http:\/\/brandgioielli.it\/wp-content\/uploads\/2025\/10\/orecchino-uomo-cerchio-nero-acciaio-pendente-cornetto-rosso.jpg\" \/>\n\t<meta property=\"og:image:width\" content=\"800\" \/>\n\t<meta property=\"og:image:height\" content=\"800\" \/>\n\t<meta property=\"og:image:type\" content=\"image\/jpeg\" \/>\n<meta name=\"twitter:card\" content=\"summary_large_image\" \/>\n<meta name=\"twitter:label1\" content=\"Gesch\u00e4tzte Lesezeit\" \/>\n\t<meta name=\"twitter:data1\" content=\"1\u00a0Minute\" \/>\n<script type=\"application\/ld+json\" class=\"yoast-schema-graph\">{\"@context\":\"https:\\\/\\\/schema.org\",\"@graph\":[{\"@type\":\"WebPage\",\"@id\":\"https:\\\/\\\/brandgioielli.it\\\/prodotto\\\/orecchino-a-cerchio-con-cristalli-e-charm-cornetto\\\/\",\"url\":\"https:\\\/\\\/brandgioielli.it\\\/prodotto\\\/orecchino-a-cerchio-con-cristalli-e-charm-cornetto\\\/\",\"name\":\"Orecchino da Uomo con Cristalli e Cornetto - Brand Gioielli\",\"isPartOf\":{\"@id\":\"https:\\\/\\\/brandgioielli.it\\\/#website\"},\"primaryImageOfPage\":{\"@id\":\"https:\\\/\\\/brandgioielli.it\\\/prodotto\\\/orecchino-a-cerchio-con-cristalli-e-charm-cornetto\\\/#primaryimage\"},\"image\":{\"@id\":\"https:\\\/\\\/brandgioielli.it\\\/prodotto\\\/orecchino-a-cerchio-con-cristalli-e-charm-cornetto\\\/#primaryimage\"},\"thumbnailUrl\":\"https:\\\/\\\/brandgioielli.it\\\/wp-content\\\/uploads\\\/2025\\\/10\\\/orecchino-uomo-cerchio-nero-acciaio-pendente-cornetto-rosso.jpg\",\"datePublished\":\"2025-10-03T06:56:35+00:00\",\"dateModified\":\"2026-04-24T07:17:10+00:00\",\"description\":\"L'orecchino a cerchio da uomo con cristalli e pendente a cornetto portafortuna #Brand Gioielli \u00e8 pensato per essere indossato tutti i giorni o per essere regalato nelle occasioni speciali come simbolo di buona fortuna.\",\"breadcrumb\":{\"@id\":\"https:\\\/\\\/brandgioielli.it\\\/prodotto\\\/orecchino-a-cerchio-con-cristalli-e-charm-cornetto\\\/#breadcrumb\"},\"inLanguage\":\"de\",\"potentialAction\":[{\"@type\":\"ReadAction\",\"target\":[\"https:\\\/\\\/brandgioielli.it\\\/prodotto\\\/orecchino-a-cerchio-con-cristalli-e-charm-cornetto\\\/\"]}]},{\"@type\":\"ImageObject\",\"inLanguage\":\"de\",\"@id\":\"https:\\\/\\\/brandgioielli.it\\\/prodotto\\\/orecchino-a-cerchio-con-cristalli-e-charm-cornetto\\\/#primaryimage\",\"url\":\"https:\\\/\\\/brandgioielli.it\\\/wp-content\\\/uploads\\\/2025\\\/10\\\/orecchino-uomo-cerchio-nero-acciaio-pendente-cornetto-rosso.jpg\",\"contentUrl\":\"https:\\\/\\\/brandgioielli.it\\\/wp-content\\\/uploads\\\/2025\\\/10\\\/orecchino-uomo-cerchio-nero-acciaio-pendente-cornetto-rosso.jpg\",\"width\":800,\"height\":800},{\"@type\":\"BreadcrumbList\",\"@id\":\"https:\\\/\\\/brandgioielli.it\\\/prodotto\\\/orecchino-a-cerchio-con-cristalli-e-charm-cornetto\\\/#breadcrumb\",\"itemListElement\":[{\"@type\":\"ListItem\",\"position\":1,\"name\":\"Home\",\"item\":\"https:\\\/\\\/brandgioielli.it\\\/\"},{\"@type\":\"ListItem\",\"position\":2,\"name\":\"Shop\",\"item\":\"https:\\\/\\\/brandgioielli.it\\\/shop\\\/\"},{\"@type\":\"ListItem\",\"position\":3,\"name\":\"Orecchino a Cerchio con Cristalli e Charm Cornetto\"}]},{\"@type\":\"WebSite\",\"@id\":\"https:\\\/\\\/brandgioielli.it\\\/#website\",\"url\":\"https:\\\/\\\/brandgioielli.it\\\/\",\"name\":\"#BrandGioielli\",\"description\":\"\",\"publisher\":{\"@id\":\"https:\\\/\\\/brandgioielli.it\\\/#organization\"},\"potentialAction\":[{\"@type\":\"SearchAction\",\"target\":{\"@type\":\"EntryPoint\",\"urlTemplate\":\"https:\\\/\\\/brandgioielli.it\\\/?s={search_term_string}\"},\"query-input\":{\"@type\":\"PropertyValueSpecification\",\"valueRequired\":true,\"valueName\":\"search_term_string\"}}],\"inLanguage\":\"de\"},{\"@type\":\"Organization\",\"@id\":\"https:\\\/\\\/brandgioielli.it\\\/#organization\",\"name\":\"Brand Gioielli\",\"url\":\"https:\\\/\\\/brandgioielli.it\\\/\",\"logo\":{\"@type\":\"ImageObject\",\"inLanguage\":\"de\",\"@id\":\"https:\\\/\\\/brandgioielli.it\\\/#\\\/schema\\\/logo\\\/image\\\/\",\"url\":\"https:\\\/\\\/brandgioielli.it\\\/wp-content\\\/uploads\\\/2025\\\/07\\\/LogoBrand.png\",\"contentUrl\":\"https:\\\/\\\/brandgioielli.it\\\/wp-content\\\/uploads\\\/2025\\\/07\\\/LogoBrand.png\",\"width\":600,\"height\":170,\"caption\":\"Brand Gioielli\"},\"image\":{\"@id\":\"https:\\\/\\\/brandgioielli.it\\\/#\\\/schema\\\/logo\\\/image\\\/\"}}]}<\/script>\n<!-- \/ Yoast SEO plugin. -->","yoast_head_json":{"title":"Herrenohrring mit Kristallen und Horn - Schmuckmarke","description":"Der Herren-Ohrring \u201e#Brand Gioielli\u201c mit Kristall-Creole und Gl\u00fcckshorn-Anh\u00e4nger ist so konzipiert, dass er jeden Tag getragen oder zu besonderen Anl\u00e4ssen als Geschenk \u00fcberreicht werden kann und ein Symbol f\u00fcr Gl\u00fcck darstellt.","robots":{"index":"index","follow":"follow","max-snippet":"max-snippet:-1","max-image-preview":"max-image-preview:large","max-video-preview":"max-video-preview:-1"},"canonical":"https:\/\/brandgioielli.it\/de\/produkt\/orecchino-a-cerchio-con-cristalli-e-charm-cornetto\/","og_locale":"de_DE","og_type":"article","og_title":"Orecchino da Uomo con Cristalli e Cornetto - Brand Gioielli","og_description":"L'orecchino a cerchio da uomo con cristalli e pendente a cornetto portafortuna #Brand Gioielli \u00e8 pensato per essere indossato tutti i giorni o per essere regalato nelle occasioni speciali come simbolo di buona fortuna.","og_url":"https:\/\/brandgioielli.it\/de\/produkt\/orecchino-a-cerchio-con-cristalli-e-charm-cornetto\/","og_site_name":"#BrandGioielli","article_modified_time":"2026-04-24T07:17:10+00:00","og_image":[{"width":800,"height":800,"url":"http:\/\/brandgioielli.it\/wp-content\/uploads\/2025\/10\/orecchino-uomo-cerchio-nero-acciaio-pendente-cornetto-rosso.jpg","type":"image\/jpeg"}],"twitter_card":"summary_large_image","twitter_misc":{"Gesch\u00e4tzte Lesezeit":"1\u00a0Minute"},"schema":{"@context":"https:\/\/schema.org","@graph":[{"@type":"WebPage","@id":"https:\/\/brandgioielli.it\/prodotto\/orecchino-a-cerchio-con-cristalli-e-charm-cornetto\/","url":"https:\/\/brandgioielli.it\/prodotto\/orecchino-a-cerchio-con-cristalli-e-charm-cornetto\/","name":"Herrenohrring mit Kristallen und Horn - Schmuckmarke","isPartOf":{"@id":"https:\/\/brandgioielli.it\/#website"},"primaryImageOfPage":{"@id":"https:\/\/brandgioielli.it\/prodotto\/orecchino-a-cerchio-con-cristalli-e-charm-cornetto\/#primaryimage"},"image":{"@id":"https:\/\/brandgioielli.it\/prodotto\/orecchino-a-cerchio-con-cristalli-e-charm-cornetto\/#primaryimage"},"thumbnailUrl":"https:\/\/brandgioielli.it\/wp-content\/uploads\/2025\/10\/orecchino-uomo-cerchio-nero-acciaio-pendente-cornetto-rosso.jpg","datePublished":"2025-10-03T06:56:35+00:00","dateModified":"2026-04-24T07:17:10+00:00","description":"Der Herren-Ohrring \u201e#Brand Gioielli\u201c mit Kristall-Creole und Gl\u00fcckshorn-Anh\u00e4nger ist so konzipiert, dass er jeden Tag getragen oder zu besonderen Anl\u00e4ssen als Geschenk \u00fcberreicht werden kann und ein Symbol f\u00fcr Gl\u00fcck darstellt.","breadcrumb":{"@id":"https:\/\/brandgioielli.it\/prodotto\/orecchino-a-cerchio-con-cristalli-e-charm-cornetto\/#breadcrumb"},"inLanguage":"de","potentialAction":[{"@type":"ReadAction","target":["https:\/\/brandgioielli.it\/prodotto\/orecchino-a-cerchio-con-cristalli-e-charm-cornetto\/"]}]},{"@type":"ImageObject","inLanguage":"de","@id":"https:\/\/brandgioielli.it\/prodotto\/orecchino-a-cerchio-con-cristalli-e-charm-cornetto\/#primaryimage","url":"https:\/\/brandgioielli.it\/wp-content\/uploads\/2025\/10\/orecchino-uomo-cerchio-nero-acciaio-pendente-cornetto-rosso.jpg","contentUrl":"https:\/\/brandgioielli.it\/wp-content\/uploads\/2025\/10\/orecchino-uomo-cerchio-nero-acciaio-pendente-cornetto-rosso.jpg","width":800,"height":800},{"@type":"BreadcrumbList","@id":"https:\/\/brandgioielli.it\/prodotto\/orecchino-a-cerchio-con-cristalli-e-charm-cornetto\/#breadcrumb","itemListElement":[{"@type":"ListItem","position":1,"name":"Home","item":"https:\/\/brandgioielli.it\/"},{"@type":"ListItem","position":2,"name":"Shop","item":"https:\/\/brandgioielli.it\/shop\/"},{"@type":"ListItem","position":3,"name":"Orecchino a Cerchio con Cristalli e Charm Cornetto"}]},{"@type":"WebSite","@id":"https:\/\/brandgioielli.it\/#website","url":"https:\/\/brandgioielli.it\/","name":"#BrandGioielli","description":"","publisher":{"@id":"https:\/\/brandgioielli.it\/#organization"},"potentialAction":[{"@type":"SearchAction","target":{"@type":"EntryPoint","urlTemplate":"https:\/\/brandgioielli.it\/?s={search_term_string}"},"query-input":{"@type":"PropertyValueSpecification","valueRequired":true,"valueName":"search_term_string"}}],"inLanguage":"de"},{"@type":"Organization","@id":"https:\/\/brandgioielli.it\/#organization","name":"Markenschmuck","url":"https:\/\/brandgioielli.it\/","logo":{"@type":"ImageObject","inLanguage":"de","@id":"https:\/\/brandgioielli.it\/#\/schema\/logo\/image\/","url":"https:\/\/brandgioielli.it\/wp-content\/uploads\/2025\/07\/LogoBrand.png","contentUrl":"https:\/\/brandgioielli.it\/wp-content\/uploads\/2025\/07\/LogoBrand.png","width":600,"height":170,"caption":"Brand Gioielli"},"image":{"@id":"https:\/\/brandgioielli.it\/#\/schema\/logo\/image\/"}}]}},"_links":{"self":[{"href":"https:\/\/brandgioielli.it\/de\/wp-json\/wp\/v2\/product\/26305","targetHints":{"allow":["GET"]}}],"collection":[{"href":"https:\/\/brandgioielli.it\/de\/wp-json\/wp\/v2\/product"}],"about":[{"href":"https:\/\/brandgioielli.it\/de\/wp-json\/wp\/v2\/types\/product"}],"version-history":[{"count":1,"href":"https:\/\/brandgioielli.it\/de\/wp-json\/wp\/v2\/product\/26305\/revisions"}],"predecessor-version":[{"id":26470,"href":"https:\/\/brandgioielli.it\/de\/wp-json\/wp\/v2\/product\/26305\/revisions\/26470"}],"wp:featuredmedia":[{"embeddable":true,"href":"https:\/\/brandgioielli.it\/de\/wp-json\/wp\/v2\/media\/98485"}],"wp:attachment":[{"href":"https:\/\/brandgioielli.it\/de\/wp-json\/wp\/v2\/media?parent=26305"}],"wp:term":[{"taxonomy":"product_brand","embeddable":true,"href":"https:\/\/brandgioielli.it\/de\/wp-json\/wp\/v2\/product_brand?post=26305"},{"taxonomy":"product_cat","embeddable":true,"href":"https:\/\/brandgioielli.it\/de\/wp-json\/wp\/v2\/product_cat?post=26305"},{"taxonomy":"product_tag","embeddable":true,"href":"https:\/\/brandgioielli.it\/de\/wp-json\/wp\/v2\/product_tag?post=26305"}],"curies":[{"name":"wp","href":"https:\/\/api.w.org\/{rel}","templated":true}]}}