{"id":26302,"date":"2025-10-03T08:56:35","date_gmt":"2025-10-03T06:56:35","guid":{"rendered":"https:\/\/sandybrown-lark-277155.hostingersite.com\/prodotto\/bracciale-a-sfere-con-charm-cornetto\/"},"modified":"2026-04-17T18:17:11","modified_gmt":"2026-04-17T16:17:11","slug":"bracciale-a-sfere-con-charm-cornetto","status":"publish","type":"product","link":"https:\/\/brandgioielli.it\/de\/produkt\/bracciale-a-sfere-con-charm-cornetto\/","title":{"rendered":"Kugelarmband mit Cornetto-Charme"},"content":{"rendered":"<h3>Stahl- und H\u00e4matitkugelarmband f\u00fcr M\u00e4nner mit Cornetto<\/h3>\n<p>Das Stahlarmband #Brand Jewellery ist ein Schmuckst\u00fcck, das man jeden Tag tragen oder zu besonderen Anl\u00e4ssen als Gl\u00fcckssymbol verschenken kann. Es ist in Stahl und Schwarz erh\u00e4ltlich und eignet sich perfekt f\u00fcr alle, die ein Schmuckst\u00fcck f\u00fcr jede Gelegenheit oder ein besonderes Geschenk suchen.<\/p>\n<p><strong>TECHNISCHE DATEN<\/strong><\/p>\n<ul>\n<li>Stahlarmband mit Cornetto-Anh\u00e4nger<\/li>\n<li>Ma\u00dfe: 19 cm + 3 cm Verl\u00e4ngerung<\/li>\n<li>Charme Cornetto Gr\u00f6\u00dfe: 1,5 cm<\/li>\n<li>Ausf\u00fchrung: Stahl oder PVD Schwarz<\/li>\n<li>Material: rostfreier Stahl und hypoallergen<\/li>\n<\/ul>\n<p><em>Alle Schmuckst\u00fccke der Marke #Brand sind aus dem reinsten chirurgischen Edelstahl auf dem Markt hergestellt, auf Nickel getestet und so konzipiert, dass sie jeden Tag getragen werden k\u00f6nnen, ohne dass Verf\u00e4rbungen oder Verschlei\u00dferscheinungen zu bef\u00fcrchten sind.\u00a0<\/em><\/p>","protected":false},"excerpt":{"rendered":"<p>Bracciale Uomo a Sfere in Acciaio ed Ematite con Cornetto Il bracciale a pallini con cornetto portafortuna in acciaio #Brand Gioielli \u00e8 pensato per essere indossato tutti i giorni o per essere regalato nelle occasioni speciali come simbolo di buona fortuna. Disponibile nella finitura acciaio e nero, \u00e8 perfetto per chi cerca un gioiello capace [&hellip;]<\/p>\n","protected":false},"featured_media":98483,"template":"","meta":[],"product_brand":[],"product_cat":[459,38,506,39],"product_tag":[355],"class_list":{"0":"post-26302","1":"product","2":"type-product","3":"status-publish","4":"has-post-thumbnail","6":"product_cat-bracciali","7":"product_cat-bracciali-uomo","8":"product_cat-sotto-i-20e","9":"product_cat-uomo","10":"product_tag-collezione-suerte-uomo","12":"first","13":"instock","14":"shipping-taxable","15":"purchasable","16":"product-type-variable"},"yoast_head":"<!-- This site is optimized with the Yoast SEO plugin v27.4 - https:\/\/yoast.com\/product\/yoast-seo-wordpress\/ -->\n<title>Bracciale con Charm Cornetto Portafortuna<\/title>\n<meta name=\"description\" content=\"Il bracciale a sfere con cornetto smaltato portafortuna in acciaio #Brand Gioielli \u00e8 pensato per essere indossato tutti i giorni o per essere regalato nelle occasioni speciali come simbolo di buona fortuna. Disponibile nella finitura acciaio e nero, \u00e8 perfetto per chi cerca un gioiello capace di adattarsi ad ogni occasione o un regalo speciale.\" \/>\n<meta name=\"robots\" content=\"index, follow, max-snippet:-1, max-image-preview:large, max-video-preview:-1\" \/>\n<link rel=\"canonical\" href=\"https:\/\/brandgioielli.it\/de\/produkt\/bracciale-a-sfere-con-charm-cornetto\/\" \/>\n<meta property=\"og:locale\" content=\"de_DE\" \/>\n<meta property=\"og:type\" content=\"article\" \/>\n<meta property=\"og:title\" content=\"Bracciale con Charm Cornetto Portafortuna\" \/>\n<meta property=\"og:description\" content=\"Il bracciale a sfere con cornetto smaltato portafortuna in acciaio #Brand Gioielli \u00e8 pensato per essere indossato tutti i giorni o per essere regalato nelle occasioni speciali come simbolo di buona fortuna. Disponibile nella finitura acciaio e nero, \u00e8 perfetto per chi cerca un gioiello capace di adattarsi ad ogni occasione o un regalo speciale.\" \/>\n<meta property=\"og:url\" content=\"https:\/\/brandgioielli.it\/de\/produkt\/bracciale-a-sfere-con-charm-cornetto\/\" \/>\n<meta property=\"og:site_name\" content=\"#BrandGioielli\" \/>\n<meta property=\"article:modified_time\" content=\"2026-04-17T16:17:11+00:00\" \/>\n<meta property=\"og:image\" content=\"http:\/\/brandgioielli.it\/wp-content\/uploads\/2025\/10\/bracciale-uomo-sfere-acciaio-cornetto.jpg\" \/>\n\t<meta property=\"og:image:width\" content=\"800\" \/>\n\t<meta property=\"og:image:height\" content=\"800\" \/>\n\t<meta property=\"og:image:type\" content=\"image\/jpeg\" \/>\n<meta name=\"twitter:card\" content=\"summary_large_image\" \/>\n<meta name=\"twitter:label1\" content=\"Gesch\u00e4tzte Lesezeit\" \/>\n\t<meta name=\"twitter:data1\" content=\"1\u00a0Minute\" \/>\n<script type=\"application\/ld+json\" class=\"yoast-schema-graph\">{\"@context\":\"https:\\\/\\\/schema.org\",\"@graph\":[{\"@type\":\"WebPage\",\"@id\":\"https:\\\/\\\/brandgioielli.it\\\/prodotto\\\/bracciale-a-sfere-con-charm-cornetto\\\/\",\"url\":\"https:\\\/\\\/brandgioielli.it\\\/prodotto\\\/bracciale-a-sfere-con-charm-cornetto\\\/\",\"name\":\"Bracciale con Charm Cornetto Portafortuna\",\"isPartOf\":{\"@id\":\"https:\\\/\\\/brandgioielli.it\\\/#website\"},\"primaryImageOfPage\":{\"@id\":\"https:\\\/\\\/brandgioielli.it\\\/prodotto\\\/bracciale-a-sfere-con-charm-cornetto\\\/#primaryimage\"},\"image\":{\"@id\":\"https:\\\/\\\/brandgioielli.it\\\/prodotto\\\/bracciale-a-sfere-con-charm-cornetto\\\/#primaryimage\"},\"thumbnailUrl\":\"https:\\\/\\\/brandgioielli.it\\\/wp-content\\\/uploads\\\/2025\\\/10\\\/bracciale-uomo-sfere-acciaio-cornetto.jpg\",\"datePublished\":\"2025-10-03T06:56:35+00:00\",\"dateModified\":\"2026-04-17T16:17:11+00:00\",\"description\":\"Il bracciale a sfere con cornetto smaltato portafortuna in acciaio #Brand Gioielli \u00e8 pensato per essere indossato tutti i giorni o per essere regalato nelle occasioni speciali come simbolo di buona fortuna. Disponibile nella finitura acciaio e nero, \u00e8 perfetto per chi cerca un gioiello capace di adattarsi ad ogni occasione o un regalo speciale.\",\"breadcrumb\":{\"@id\":\"https:\\\/\\\/brandgioielli.it\\\/prodotto\\\/bracciale-a-sfere-con-charm-cornetto\\\/#breadcrumb\"},\"inLanguage\":\"de\",\"potentialAction\":[{\"@type\":\"ReadAction\",\"target\":[\"https:\\\/\\\/brandgioielli.it\\\/prodotto\\\/bracciale-a-sfere-con-charm-cornetto\\\/\"]}]},{\"@type\":\"ImageObject\",\"inLanguage\":\"de\",\"@id\":\"https:\\\/\\\/brandgioielli.it\\\/prodotto\\\/bracciale-a-sfere-con-charm-cornetto\\\/#primaryimage\",\"url\":\"https:\\\/\\\/brandgioielli.it\\\/wp-content\\\/uploads\\\/2025\\\/10\\\/bracciale-uomo-sfere-acciaio-cornetto.jpg\",\"contentUrl\":\"https:\\\/\\\/brandgioielli.it\\\/wp-content\\\/uploads\\\/2025\\\/10\\\/bracciale-uomo-sfere-acciaio-cornetto.jpg\",\"width\":800,\"height\":800},{\"@type\":\"BreadcrumbList\",\"@id\":\"https:\\\/\\\/brandgioielli.it\\\/prodotto\\\/bracciale-a-sfere-con-charm-cornetto\\\/#breadcrumb\",\"itemListElement\":[{\"@type\":\"ListItem\",\"position\":1,\"name\":\"Home\",\"item\":\"https:\\\/\\\/brandgioielli.it\\\/\"},{\"@type\":\"ListItem\",\"position\":2,\"name\":\"Shop\",\"item\":\"https:\\\/\\\/brandgioielli.it\\\/shop\\\/\"},{\"@type\":\"ListItem\",\"position\":3,\"name\":\"Bracciale a Sfere con Charm Cornetto\"}]},{\"@type\":\"WebSite\",\"@id\":\"https:\\\/\\\/brandgioielli.it\\\/#website\",\"url\":\"https:\\\/\\\/brandgioielli.it\\\/\",\"name\":\"#BrandGioielli\",\"description\":\"\",\"publisher\":{\"@id\":\"https:\\\/\\\/brandgioielli.it\\\/#organization\"},\"potentialAction\":[{\"@type\":\"SearchAction\",\"target\":{\"@type\":\"EntryPoint\",\"urlTemplate\":\"https:\\\/\\\/brandgioielli.it\\\/?s={search_term_string}\"},\"query-input\":{\"@type\":\"PropertyValueSpecification\",\"valueRequired\":true,\"valueName\":\"search_term_string\"}}],\"inLanguage\":\"de\"},{\"@type\":\"Organization\",\"@id\":\"https:\\\/\\\/brandgioielli.it\\\/#organization\",\"name\":\"Brand Gioielli\",\"url\":\"https:\\\/\\\/brandgioielli.it\\\/\",\"logo\":{\"@type\":\"ImageObject\",\"inLanguage\":\"de\",\"@id\":\"https:\\\/\\\/brandgioielli.it\\\/#\\\/schema\\\/logo\\\/image\\\/\",\"url\":\"https:\\\/\\\/brandgioielli.it\\\/wp-content\\\/uploads\\\/2025\\\/07\\\/LogoBrand.png\",\"contentUrl\":\"https:\\\/\\\/brandgioielli.it\\\/wp-content\\\/uploads\\\/2025\\\/07\\\/LogoBrand.png\",\"width\":600,\"height\":170,\"caption\":\"Brand Gioielli\"},\"image\":{\"@id\":\"https:\\\/\\\/brandgioielli.it\\\/#\\\/schema\\\/logo\\\/image\\\/\"}}]}<\/script>\n<!-- \/ Yoast SEO plugin. -->","yoast_head_json":{"title":"Armband mit Gl\u00fcckshorn-Anh\u00e4nger","description":"Das Armband \u201eGioielli\u201c von #Brand mit Stahlkugel und emailliertem Gl\u00fcckshorn ist als Gl\u00fcckssymbol und sowohl f\u00fcr den Alltag als auch als Geschenk zu besonderen Anl\u00e4ssen geeignet. Erh\u00e4ltlich in Stahl und Schwarz, ist es perfekt f\u00fcr alle, die ein vielseitiges Schmuckst\u00fcck oder ein besonderes Geschenk suchen.","robots":{"index":"index","follow":"follow","max-snippet":"max-snippet:-1","max-image-preview":"max-image-preview:large","max-video-preview":"max-video-preview:-1"},"canonical":"https:\/\/brandgioielli.it\/de\/produkt\/bracciale-a-sfere-con-charm-cornetto\/","og_locale":"de_DE","og_type":"article","og_title":"Bracciale con Charm Cornetto Portafortuna","og_description":"Il bracciale a sfere con cornetto smaltato portafortuna in acciaio #Brand Gioielli \u00e8 pensato per essere indossato tutti i giorni o per essere regalato nelle occasioni speciali come simbolo di buona fortuna. Disponibile nella finitura acciaio e nero, \u00e8 perfetto per chi cerca un gioiello capace di adattarsi ad ogni occasione o un regalo speciale.","og_url":"https:\/\/brandgioielli.it\/de\/produkt\/bracciale-a-sfere-con-charm-cornetto\/","og_site_name":"#BrandGioielli","article_modified_time":"2026-04-17T16:17:11+00:00","og_image":[{"width":800,"height":800,"url":"http:\/\/brandgioielli.it\/wp-content\/uploads\/2025\/10\/bracciale-uomo-sfere-acciaio-cornetto.jpg","type":"image\/jpeg"}],"twitter_card":"summary_large_image","twitter_misc":{"Gesch\u00e4tzte Lesezeit":"1\u00a0Minute"},"schema":{"@context":"https:\/\/schema.org","@graph":[{"@type":"WebPage","@id":"https:\/\/brandgioielli.it\/prodotto\/bracciale-a-sfere-con-charm-cornetto\/","url":"https:\/\/brandgioielli.it\/prodotto\/bracciale-a-sfere-con-charm-cornetto\/","name":"Armband mit Gl\u00fcckshorn-Anh\u00e4nger","isPartOf":{"@id":"https:\/\/brandgioielli.it\/#website"},"primaryImageOfPage":{"@id":"https:\/\/brandgioielli.it\/prodotto\/bracciale-a-sfere-con-charm-cornetto\/#primaryimage"},"image":{"@id":"https:\/\/brandgioielli.it\/prodotto\/bracciale-a-sfere-con-charm-cornetto\/#primaryimage"},"thumbnailUrl":"https:\/\/brandgioielli.it\/wp-content\/uploads\/2025\/10\/bracciale-uomo-sfere-acciaio-cornetto.jpg","datePublished":"2025-10-03T06:56:35+00:00","dateModified":"2026-04-17T16:17:11+00:00","description":"Das Armband \u201eGioielli\u201c von #Brand mit Stahlkugel und emailliertem Gl\u00fcckshorn ist als Gl\u00fcckssymbol und sowohl f\u00fcr den Alltag als auch als Geschenk zu besonderen Anl\u00e4ssen geeignet. Erh\u00e4ltlich in Stahl und Schwarz, ist es perfekt f\u00fcr alle, die ein vielseitiges Schmuckst\u00fcck oder ein besonderes Geschenk suchen.","breadcrumb":{"@id":"https:\/\/brandgioielli.it\/prodotto\/bracciale-a-sfere-con-charm-cornetto\/#breadcrumb"},"inLanguage":"de","potentialAction":[{"@type":"ReadAction","target":["https:\/\/brandgioielli.it\/prodotto\/bracciale-a-sfere-con-charm-cornetto\/"]}]},{"@type":"ImageObject","inLanguage":"de","@id":"https:\/\/brandgioielli.it\/prodotto\/bracciale-a-sfere-con-charm-cornetto\/#primaryimage","url":"https:\/\/brandgioielli.it\/wp-content\/uploads\/2025\/10\/bracciale-uomo-sfere-acciaio-cornetto.jpg","contentUrl":"https:\/\/brandgioielli.it\/wp-content\/uploads\/2025\/10\/bracciale-uomo-sfere-acciaio-cornetto.jpg","width":800,"height":800},{"@type":"BreadcrumbList","@id":"https:\/\/brandgioielli.it\/prodotto\/bracciale-a-sfere-con-charm-cornetto\/#breadcrumb","itemListElement":[{"@type":"ListItem","position":1,"name":"Home","item":"https:\/\/brandgioielli.it\/"},{"@type":"ListItem","position":2,"name":"Shop","item":"https:\/\/brandgioielli.it\/shop\/"},{"@type":"ListItem","position":3,"name":"Bracciale a Sfere con Charm Cornetto"}]},{"@type":"WebSite","@id":"https:\/\/brandgioielli.it\/#website","url":"https:\/\/brandgioielli.it\/","name":"#BrandGioielli","description":"","publisher":{"@id":"https:\/\/brandgioielli.it\/#organization"},"potentialAction":[{"@type":"SearchAction","target":{"@type":"EntryPoint","urlTemplate":"https:\/\/brandgioielli.it\/?s={search_term_string}"},"query-input":{"@type":"PropertyValueSpecification","valueRequired":true,"valueName":"search_term_string"}}],"inLanguage":"de"},{"@type":"Organization","@id":"https:\/\/brandgioielli.it\/#organization","name":"Markenschmuck","url":"https:\/\/brandgioielli.it\/","logo":{"@type":"ImageObject","inLanguage":"de","@id":"https:\/\/brandgioielli.it\/#\/schema\/logo\/image\/","url":"https:\/\/brandgioielli.it\/wp-content\/uploads\/2025\/07\/LogoBrand.png","contentUrl":"https:\/\/brandgioielli.it\/wp-content\/uploads\/2025\/07\/LogoBrand.png","width":600,"height":170,"caption":"Brand Gioielli"},"image":{"@id":"https:\/\/brandgioielli.it\/#\/schema\/logo\/image\/"}}]}},"_links":{"self":[{"href":"https:\/\/brandgioielli.it\/de\/wp-json\/wp\/v2\/product\/26302","targetHints":{"allow":["GET"]}}],"collection":[{"href":"https:\/\/brandgioielli.it\/de\/wp-json\/wp\/v2\/product"}],"about":[{"href":"https:\/\/brandgioielli.it\/de\/wp-json\/wp\/v2\/types\/product"}],"version-history":[{"count":3,"href":"https:\/\/brandgioielli.it\/de\/wp-json\/wp\/v2\/product\/26302\/revisions"}],"predecessor-version":[{"id":100189,"href":"https:\/\/brandgioielli.it\/de\/wp-json\/wp\/v2\/product\/26302\/revisions\/100189"}],"wp:featuredmedia":[{"embeddable":true,"href":"https:\/\/brandgioielli.it\/de\/wp-json\/wp\/v2\/media\/98483"}],"wp:attachment":[{"href":"https:\/\/brandgioielli.it\/de\/wp-json\/wp\/v2\/media?parent=26302"}],"wp:term":[{"taxonomy":"product_brand","embeddable":true,"href":"https:\/\/brandgioielli.it\/de\/wp-json\/wp\/v2\/product_brand?post=26302"},{"taxonomy":"product_cat","embeddable":true,"href":"https:\/\/brandgioielli.it\/de\/wp-json\/wp\/v2\/product_cat?post=26302"},{"taxonomy":"product_tag","embeddable":true,"href":"https:\/\/brandgioielli.it\/de\/wp-json\/wp\/v2\/product_tag?post=26302"}],"curies":[{"name":"wp","href":"https:\/\/api.w.org\/{rel}","templated":true}]}}