{"id":26286,"date":"2025-10-03T08:56:21","date_gmt":"2025-10-03T06:56:21","guid":{"rendered":"https:\/\/sandybrown-lark-277155.hostingersite.com\/prodotto\/anello-con-cornetto-e-quadrifoglio-pendenti\/"},"modified":"2026-04-20T18:17:15","modified_gmt":"2026-04-20T16:17:15","slug":"anello-con-cornetto-e-quadrifoglio-pendenti","status":"publish","type":"product","link":"https:\/\/brandgioielli.it\/de\/produkt\/anello-con-cornetto-e-quadrifoglio-pendenti\/","title":{"rendered":"Verstellbarer Ring mit Cornetto- und Kleeblatt-Anh\u00e4ngern"},"content":{"rendered":"<h3>Verstellbarer Ring mit Anh\u00e4ngern aus Horn, vierbl\u00e4ttrigem Kleeblatt und Kristall<\/h3>\n<p>Der verstellbare Ring mit gl\u00fcckbringendem, rot emailliertem Horn, vierbl\u00e4ttrigem Kleeblatt und Kristallanh\u00e4nger #BrandGioielli ist f\u00fcr diejenigen gedacht, die immer ein Symbol des Gl\u00fccks bei sich tragen m\u00f6chten. <strong>viel Gl\u00fcck<\/strong> ohne dabei auf Stil und Weiblichkeit zu verzichten. Erh\u00e4ltlich in zwei verstellbaren Gr\u00f6\u00dfen und in <strong>Gold- und Stahlausf\u00fchrungen <\/strong>ist das perfekte Geschenk f\u00fcr alle, die ein Schmuckst\u00fcck suchen, das zu jedem Anlass passt.<\/p>\n<p><strong>TECHNISCHE DATEN<\/strong><\/p>\n<ul>\n<li>Verstellbarer Ring mit Anh\u00e4ngern aus Horn, vierbl\u00e4ttrigem Kleeblatt und Kristallen<\/li>\n<li>Gr\u00f6\u00dfen: 12 (verstellbar bis 14) und 15 (verstellbar bis 17)<\/li>\n<li>Cornetto-Gr\u00f6\u00dfe: 1,5 cm<\/li>\n<li>Ausf\u00fchrung: Stahl oder Gold PVD<\/li>\n<li>Material: rostfreier Stahl und hypoallergen<\/li>\n<\/ul>\n<p><em>Alle Schmuckst\u00fccke der Marke #Brand sind aus dem reinsten chirurgischen Edelstahl auf dem Markt hergestellt, auf Nickel getestet und so konzipiert, dass sie jeden Tag getragen werden k\u00f6nnen, ohne dass Verf\u00e4rbungen oder Verschlei\u00dferscheinungen zu bef\u00fcrchten sind.\u00a0<\/em><\/p>","protected":false},"excerpt":{"rendered":"<p>Anello Regolabile con Cornetto, Quadrifoglio e Cristallo Pendenti L&#8217;anello regolabile con cornetto smaltato rosso portafortuna, quadrifoglio e cristallo pendente #BrandGioielli \u00e8 pensato per chi desidera portare sempre con s\u00e9 un simbolo di buona fortuna senza rinunciare a stile e femminilit\u00e0. Disponibile in due misure regolabili e nelle finiture oro e acciaio \u00e8 il regalo perfetto [&hellip;]<\/p>\n","protected":false},"featured_media":98476,"template":"","meta":[],"product_brand":[],"product_cat":[457,25,19,506],"product_tag":[354],"class_list":{"0":"post-26286","1":"product","2":"type-product","3":"status-publish","4":"has-post-thumbnail","6":"product_cat-anelli","7":"product_cat-anelli-donna","8":"product_cat-donna","9":"product_cat-sotto-i-20e","10":"product_tag-collezione-suerte-donna","12":"first","13":"instock","14":"shipping-taxable","15":"purchasable","16":"product-type-variable"},"yoast_head":"<!-- This site is optimized with the Yoast SEO plugin v27.4 - https:\/\/yoast.com\/product\/yoast-seo-wordpress\/ -->\n<title>Anello Regolabile con Cornetto e Quadrifoglio Pendenti - Brand Gioielli<\/title>\n<meta name=\"description\" content=\"L&#039;anello regolabile con cornetto smaltato rosso portafortuna, quadrifoglio e cristallo pendente #BrandGioielli \u00e8 pensato per chi desidera portare sempre con s\u00e9 un simbolo di buona fortuna senza rinunciare a stile e femminilit\u00e0.\" \/>\n<meta name=\"robots\" content=\"index, follow, max-snippet:-1, max-image-preview:large, max-video-preview:-1\" \/>\n<link rel=\"canonical\" href=\"https:\/\/brandgioielli.it\/de\/produkt\/anello-con-cornetto-e-quadrifoglio-pendenti\/\" \/>\n<meta property=\"og:locale\" content=\"de_DE\" \/>\n<meta property=\"og:type\" content=\"article\" \/>\n<meta property=\"og:title\" content=\"Anello Regolabile con Cornetto e Quadrifoglio Pendenti - Brand Gioielli\" \/>\n<meta property=\"og:description\" content=\"L&#039;anello regolabile con cornetto smaltato rosso portafortuna, quadrifoglio e cristallo pendente #BrandGioielli \u00e8 pensato per chi desidera portare sempre con s\u00e9 un simbolo di buona fortuna senza rinunciare a stile e femminilit\u00e0.\" \/>\n<meta property=\"og:url\" content=\"https:\/\/brandgioielli.it\/de\/produkt\/anello-con-cornetto-e-quadrifoglio-pendenti\/\" \/>\n<meta property=\"og:site_name\" content=\"#BrandGioielli\" \/>\n<meta property=\"article:modified_time\" content=\"2026-04-20T16:17:15+00:00\" \/>\n<meta property=\"og:image\" content=\"https:\/\/brandgioielli.it\/wp-content\/uploads\/2025\/10\/03RG015-12.jpg\" \/>\n\t<meta property=\"og:image:width\" content=\"800\" \/>\n\t<meta property=\"og:image:height\" content=\"800\" \/>\n\t<meta property=\"og:image:type\" content=\"image\/jpeg\" \/>\n<meta name=\"twitter:card\" content=\"summary_large_image\" \/>\n<meta name=\"twitter:label1\" content=\"Gesch\u00e4tzte Lesezeit\" \/>\n\t<meta name=\"twitter:data1\" content=\"1\u00a0Minute\" \/>\n<script type=\"application\/ld+json\" class=\"yoast-schema-graph\">{\"@context\":\"https:\\\/\\\/schema.org\",\"@graph\":[{\"@type\":\"WebPage\",\"@id\":\"https:\\\/\\\/brandgioielli.it\\\/prodotto\\\/anello-con-cornetto-e-quadrifoglio-pendenti\\\/\",\"url\":\"https:\\\/\\\/brandgioielli.it\\\/prodotto\\\/anello-con-cornetto-e-quadrifoglio-pendenti\\\/\",\"name\":\"Anello Regolabile con Cornetto e Quadrifoglio Pendenti - Brand Gioielli\",\"isPartOf\":{\"@id\":\"https:\\\/\\\/brandgioielli.it\\\/#website\"},\"primaryImageOfPage\":{\"@id\":\"https:\\\/\\\/brandgioielli.it\\\/prodotto\\\/anello-con-cornetto-e-quadrifoglio-pendenti\\\/#primaryimage\"},\"image\":{\"@id\":\"https:\\\/\\\/brandgioielli.it\\\/prodotto\\\/anello-con-cornetto-e-quadrifoglio-pendenti\\\/#primaryimage\"},\"thumbnailUrl\":\"https:\\\/\\\/brandgioielli.it\\\/wp-content\\\/uploads\\\/2025\\\/10\\\/03RG015-12.jpg\",\"datePublished\":\"2025-10-03T06:56:21+00:00\",\"dateModified\":\"2026-04-20T16:17:15+00:00\",\"description\":\"L'anello regolabile con cornetto smaltato rosso portafortuna, quadrifoglio e cristallo pendente #BrandGioielli \u00e8 pensato per chi desidera portare sempre con s\u00e9 un simbolo di buona fortuna senza rinunciare a stile e femminilit\u00e0.\",\"breadcrumb\":{\"@id\":\"https:\\\/\\\/brandgioielli.it\\\/prodotto\\\/anello-con-cornetto-e-quadrifoglio-pendenti\\\/#breadcrumb\"},\"inLanguage\":\"de\",\"potentialAction\":[{\"@type\":\"ReadAction\",\"target\":[\"https:\\\/\\\/brandgioielli.it\\\/prodotto\\\/anello-con-cornetto-e-quadrifoglio-pendenti\\\/\"]}]},{\"@type\":\"ImageObject\",\"inLanguage\":\"de\",\"@id\":\"https:\\\/\\\/brandgioielli.it\\\/prodotto\\\/anello-con-cornetto-e-quadrifoglio-pendenti\\\/#primaryimage\",\"url\":\"https:\\\/\\\/brandgioielli.it\\\/wp-content\\\/uploads\\\/2025\\\/10\\\/03RG015-12.jpg\",\"contentUrl\":\"https:\\\/\\\/brandgioielli.it\\\/wp-content\\\/uploads\\\/2025\\\/10\\\/03RG015-12.jpg\",\"width\":800,\"height\":800},{\"@type\":\"BreadcrumbList\",\"@id\":\"https:\\\/\\\/brandgioielli.it\\\/prodotto\\\/anello-con-cornetto-e-quadrifoglio-pendenti\\\/#breadcrumb\",\"itemListElement\":[{\"@type\":\"ListItem\",\"position\":1,\"name\":\"Home\",\"item\":\"https:\\\/\\\/brandgioielli.it\\\/\"},{\"@type\":\"ListItem\",\"position\":2,\"name\":\"Shop\",\"item\":\"https:\\\/\\\/brandgioielli.it\\\/shop\\\/\"},{\"@type\":\"ListItem\",\"position\":3,\"name\":\"Anello Regolabile con Cornetto e Quadrifoglio Pendenti\"}]},{\"@type\":\"WebSite\",\"@id\":\"https:\\\/\\\/brandgioielli.it\\\/#website\",\"url\":\"https:\\\/\\\/brandgioielli.it\\\/\",\"name\":\"#BrandGioielli\",\"description\":\"\",\"publisher\":{\"@id\":\"https:\\\/\\\/brandgioielli.it\\\/#organization\"},\"potentialAction\":[{\"@type\":\"SearchAction\",\"target\":{\"@type\":\"EntryPoint\",\"urlTemplate\":\"https:\\\/\\\/brandgioielli.it\\\/?s={search_term_string}\"},\"query-input\":{\"@type\":\"PropertyValueSpecification\",\"valueRequired\":true,\"valueName\":\"search_term_string\"}}],\"inLanguage\":\"de\"},{\"@type\":\"Organization\",\"@id\":\"https:\\\/\\\/brandgioielli.it\\\/#organization\",\"name\":\"Brand Gioielli\",\"url\":\"https:\\\/\\\/brandgioielli.it\\\/\",\"logo\":{\"@type\":\"ImageObject\",\"inLanguage\":\"de\",\"@id\":\"https:\\\/\\\/brandgioielli.it\\\/#\\\/schema\\\/logo\\\/image\\\/\",\"url\":\"https:\\\/\\\/brandgioielli.it\\\/wp-content\\\/uploads\\\/2025\\\/07\\\/LogoBrand.png\",\"contentUrl\":\"https:\\\/\\\/brandgioielli.it\\\/wp-content\\\/uploads\\\/2025\\\/07\\\/LogoBrand.png\",\"width\":600,\"height\":170,\"caption\":\"Brand Gioielli\"},\"image\":{\"@id\":\"https:\\\/\\\/brandgioielli.it\\\/#\\\/schema\\\/logo\\\/image\\\/\"}}]}<\/script>\n<!-- \/ Yoast SEO plugin. -->","yoast_head_json":{"title":"Verstellbarer Ring mit Anh\u00e4ngern in Form eines Horns und eines vierbl\u00e4ttrigen Kleeblatts \u2013 Marke Gioielli","description":"Der verstellbare Ring mit einem gl\u00fcckbringenden roten Emaille-Horn, einem vierbl\u00e4ttrigen Kleeblatt und einem Kristallanh\u00e4nger #BrandGioielli wurde f\u00fcr diejenigen entworfen, die immer ein Symbol des Gl\u00fccks bei sich tragen m\u00f6chten, ohne dabei auf Stil und Weiblichkeit zu verzichten.","robots":{"index":"index","follow":"follow","max-snippet":"max-snippet:-1","max-image-preview":"max-image-preview:large","max-video-preview":"max-video-preview:-1"},"canonical":"https:\/\/brandgioielli.it\/de\/produkt\/anello-con-cornetto-e-quadrifoglio-pendenti\/","og_locale":"de_DE","og_type":"article","og_title":"Anello Regolabile con Cornetto e Quadrifoglio Pendenti - Brand Gioielli","og_description":"L'anello regolabile con cornetto smaltato rosso portafortuna, quadrifoglio e cristallo pendente #BrandGioielli \u00e8 pensato per chi desidera portare sempre con s\u00e9 un simbolo di buona fortuna senza rinunciare a stile e femminilit\u00e0.","og_url":"https:\/\/brandgioielli.it\/de\/produkt\/anello-con-cornetto-e-quadrifoglio-pendenti\/","og_site_name":"#BrandGioielli","article_modified_time":"2026-04-20T16:17:15+00:00","og_image":[{"width":800,"height":800,"url":"https:\/\/brandgioielli.it\/wp-content\/uploads\/2025\/10\/03RG015-12.jpg","type":"image\/jpeg"}],"twitter_card":"summary_large_image","twitter_misc":{"Gesch\u00e4tzte Lesezeit":"1\u00a0Minute"},"schema":{"@context":"https:\/\/schema.org","@graph":[{"@type":"WebPage","@id":"https:\/\/brandgioielli.it\/prodotto\/anello-con-cornetto-e-quadrifoglio-pendenti\/","url":"https:\/\/brandgioielli.it\/prodotto\/anello-con-cornetto-e-quadrifoglio-pendenti\/","name":"Verstellbarer Ring mit Anh\u00e4ngern in Form eines Horns und eines vierbl\u00e4ttrigen Kleeblatts \u2013 Marke Gioielli","isPartOf":{"@id":"https:\/\/brandgioielli.it\/#website"},"primaryImageOfPage":{"@id":"https:\/\/brandgioielli.it\/prodotto\/anello-con-cornetto-e-quadrifoglio-pendenti\/#primaryimage"},"image":{"@id":"https:\/\/brandgioielli.it\/prodotto\/anello-con-cornetto-e-quadrifoglio-pendenti\/#primaryimage"},"thumbnailUrl":"https:\/\/brandgioielli.it\/wp-content\/uploads\/2025\/10\/03RG015-12.jpg","datePublished":"2025-10-03T06:56:21+00:00","dateModified":"2026-04-20T16:17:15+00:00","description":"Der verstellbare Ring mit einem gl\u00fcckbringenden roten Emaille-Horn, einem vierbl\u00e4ttrigen Kleeblatt und einem Kristallanh\u00e4nger #BrandGioielli wurde f\u00fcr diejenigen entworfen, die immer ein Symbol des Gl\u00fccks bei sich tragen m\u00f6chten, ohne dabei auf Stil und Weiblichkeit zu verzichten.","breadcrumb":{"@id":"https:\/\/brandgioielli.it\/prodotto\/anello-con-cornetto-e-quadrifoglio-pendenti\/#breadcrumb"},"inLanguage":"de","potentialAction":[{"@type":"ReadAction","target":["https:\/\/brandgioielli.it\/prodotto\/anello-con-cornetto-e-quadrifoglio-pendenti\/"]}]},{"@type":"ImageObject","inLanguage":"de","@id":"https:\/\/brandgioielli.it\/prodotto\/anello-con-cornetto-e-quadrifoglio-pendenti\/#primaryimage","url":"https:\/\/brandgioielli.it\/wp-content\/uploads\/2025\/10\/03RG015-12.jpg","contentUrl":"https:\/\/brandgioielli.it\/wp-content\/uploads\/2025\/10\/03RG015-12.jpg","width":800,"height":800},{"@type":"BreadcrumbList","@id":"https:\/\/brandgioielli.it\/prodotto\/anello-con-cornetto-e-quadrifoglio-pendenti\/#breadcrumb","itemListElement":[{"@type":"ListItem","position":1,"name":"Home","item":"https:\/\/brandgioielli.it\/"},{"@type":"ListItem","position":2,"name":"Shop","item":"https:\/\/brandgioielli.it\/shop\/"},{"@type":"ListItem","position":3,"name":"Anello Regolabile con Cornetto e Quadrifoglio Pendenti"}]},{"@type":"WebSite","@id":"https:\/\/brandgioielli.it\/#website","url":"https:\/\/brandgioielli.it\/","name":"#BrandGioielli","description":"","publisher":{"@id":"https:\/\/brandgioielli.it\/#organization"},"potentialAction":[{"@type":"SearchAction","target":{"@type":"EntryPoint","urlTemplate":"https:\/\/brandgioielli.it\/?s={search_term_string}"},"query-input":{"@type":"PropertyValueSpecification","valueRequired":true,"valueName":"search_term_string"}}],"inLanguage":"de"},{"@type":"Organization","@id":"https:\/\/brandgioielli.it\/#organization","name":"Markenschmuck","url":"https:\/\/brandgioielli.it\/","logo":{"@type":"ImageObject","inLanguage":"de","@id":"https:\/\/brandgioielli.it\/#\/schema\/logo\/image\/","url":"https:\/\/brandgioielli.it\/wp-content\/uploads\/2025\/07\/LogoBrand.png","contentUrl":"https:\/\/brandgioielli.it\/wp-content\/uploads\/2025\/07\/LogoBrand.png","width":600,"height":170,"caption":"Brand Gioielli"},"image":{"@id":"https:\/\/brandgioielli.it\/#\/schema\/logo\/image\/"}}]}},"_links":{"self":[{"href":"https:\/\/brandgioielli.it\/de\/wp-json\/wp\/v2\/product\/26286","targetHints":{"allow":["GET"]}}],"collection":[{"href":"https:\/\/brandgioielli.it\/de\/wp-json\/wp\/v2\/product"}],"about":[{"href":"https:\/\/brandgioielli.it\/de\/wp-json\/wp\/v2\/types\/product"}],"version-history":[{"count":4,"href":"https:\/\/brandgioielli.it\/de\/wp-json\/wp\/v2\/product\/26286\/revisions"}],"predecessor-version":[{"id":103739,"href":"https:\/\/brandgioielli.it\/de\/wp-json\/wp\/v2\/product\/26286\/revisions\/103739"}],"wp:featuredmedia":[{"embeddable":true,"href":"https:\/\/brandgioielli.it\/de\/wp-json\/wp\/v2\/media\/98476"}],"wp:attachment":[{"href":"https:\/\/brandgioielli.it\/de\/wp-json\/wp\/v2\/media?parent=26286"}],"wp:term":[{"taxonomy":"product_brand","embeddable":true,"href":"https:\/\/brandgioielli.it\/de\/wp-json\/wp\/v2\/product_brand?post=26286"},{"taxonomy":"product_cat","embeddable":true,"href":"https:\/\/brandgioielli.it\/de\/wp-json\/wp\/v2\/product_cat?post=26286"},{"taxonomy":"product_tag","embeddable":true,"href":"https:\/\/brandgioielli.it\/de\/wp-json\/wp\/v2\/product_tag?post=26286"}],"curies":[{"name":"wp","href":"https:\/\/api.w.org\/{rel}","templated":true}]}}