{"id":26279,"date":"2025-10-03T08:56:13","date_gmt":"2025-10-03T06:56:13","guid":{"rendered":"https:\/\/sandybrown-lark-277155.hostingersite.com\/prodotto\/collana-pallini-cornetto-rosso\/"},"modified":"2026-04-20T18:17:15","modified_gmt":"2026-04-20T16:17:15","slug":"collana-pallini-cornetto-rosso","status":"publish","type":"product","link":"https:\/\/brandgioielli.it\/de\/produkt\/collana-pallini-cornetto-rosso\/","title":{"rendered":"Kugel-Halskette mit Cornetto"},"content":{"rendered":"<h3>Rote Cornetto-Anh\u00e4nger-Halskette<\/h3>\n<p>Die #BrandGiojelli Damen-Halskette mit roten emaillierten Perlen und wei\u00dfen Kristallen ist f\u00fcr all diejenigen gedacht, die ein Gl\u00fcckssymbol immer bei sich tragen m\u00f6chten. <strong>viel Gl\u00fcck<\/strong> ohne auf Stil und Weiblichkeit zu verzichten. Erh\u00e4ltlich in der <strong>Gold- und Stahlausf\u00fchrungen <\/strong>ist das perfekte Geschenk f\u00fcr alle, die ein Schmuckst\u00fcck suchen, das zu jedem Anlass passt.<\/p>\n<p><strong>TECHNISCHE DATEN<\/strong><\/p>\n<ul>\n<li>1,80 mm Kugelkette mit rot emailliertem Hornanh\u00e4nger<\/li>\n<li>L\u00e4nge: 35 cm + 7 cm Verl\u00e4ngerung<\/li>\n<li>Cornetto-Gr\u00f6\u00dfe: 1,5 cm<\/li>\n<li>Ausf\u00fchrung: Stahl, PVD Gold<\/li>\n<li>Material: rostfreier Stahl und hypoallergen<\/li>\n<\/ul>\n<p><em>Alle Schmuckst\u00fccke der Marke #Brand sind aus dem reinsten chirurgischen Edelstahl auf dem Markt hergestellt, auf Nickel getestet und so konzipiert, dass sie jeden Tag getragen werden k\u00f6nnen, ohne dass Verf\u00e4rbungen oder Verschlei\u00dferscheinungen zu bef\u00fcrchten sind.\u00a0<\/em><\/p>","protected":false},"excerpt":{"rendered":"<p>Collana a Sfere con Cornetto Rosso Pendente La collana a pallini con cornetto smaltato rosso portafortuna e cristalli bianchi da donna #BrandGioielli \u00e8 pensata per chi desidera portare sempre con s\u00e9 un simbolo di buona fortuna senza rinunciare a stile e femminilit\u00e0. Disponibile nella finiture oro e acciaio \u00e8 il regalo perfetto per chi cerca [&hellip;]<\/p>\n","protected":false},"featured_media":98472,"template":"","meta":[],"product_brand":[],"product_cat":[458,23,19,506],"product_tag":[354],"class_list":{"0":"post-26279","1":"product","2":"type-product","3":"status-publish","4":"has-post-thumbnail","6":"product_cat-collane","7":"product_cat-collane-donna","8":"product_cat-donna","9":"product_cat-sotto-i-20e","10":"product_tag-collezione-suerte-donna","12":"first","13":"instock","14":"shipping-taxable","15":"purchasable","16":"product-type-variable"},"yoast_head":"<!-- This site is optimized with the Yoast SEO plugin v27.4 - https:\/\/yoast.com\/product\/yoast-seo-wordpress\/ -->\n<title>Collana a Sfere con Cornetto Rosso Smaltato - Brand Gioielli<\/title>\n<meta name=\"description\" content=\"La collana a sfere con cornetto smaltato rosso portafortuna da donna Brand Gioielli \u00e8 pensata per chi desidera portare sempre con s\u00e9 un simbolo di buona fortuna senza rinunciare a stile e femminilit\u00e0. Disponibile nella finiture oro e acciaio \u00e8 il regalo perfetto per chi cerca un gioiello capace di adattarsi ad ogni occasione.\" \/>\n<meta name=\"robots\" content=\"index, follow, max-snippet:-1, max-image-preview:large, max-video-preview:-1\" \/>\n<link rel=\"canonical\" href=\"https:\/\/brandgioielli.it\/de\/produkt\/collana-pallini-cornetto-rosso\/\" \/>\n<meta property=\"og:locale\" content=\"de_DE\" \/>\n<meta property=\"og:type\" content=\"article\" \/>\n<meta property=\"og:title\" content=\"Collana a Sfere con Cornetto Rosso Smaltato - Brand Gioielli\" \/>\n<meta property=\"og:description\" content=\"La collana a sfere con cornetto smaltato rosso portafortuna da donna Brand Gioielli \u00e8 pensata per chi desidera portare sempre con s\u00e9 un simbolo di buona fortuna senza rinunciare a stile e femminilit\u00e0. Disponibile nella finiture oro e acciaio \u00e8 il regalo perfetto per chi cerca un gioiello capace di adattarsi ad ogni occasione.\" \/>\n<meta property=\"og:url\" content=\"https:\/\/brandgioielli.it\/de\/produkt\/collana-pallini-cornetto-rosso\/\" \/>\n<meta property=\"og:site_name\" content=\"#BrandGioielli\" \/>\n<meta property=\"article:modified_time\" content=\"2026-04-20T16:17:15+00:00\" \/>\n<meta property=\"og:image\" content=\"https:\/\/brandgioielli.it\/wp-content\/uploads\/2025\/10\/03NK034.jpg\" \/>\n\t<meta property=\"og:image:width\" content=\"800\" \/>\n\t<meta property=\"og:image:height\" content=\"800\" \/>\n\t<meta property=\"og:image:type\" content=\"image\/jpeg\" \/>\n<meta name=\"twitter:card\" content=\"summary_large_image\" \/>\n<meta name=\"twitter:label1\" content=\"Gesch\u00e4tzte Lesezeit\" \/>\n\t<meta name=\"twitter:data1\" content=\"1\u00a0Minute\" \/>\n<script type=\"application\/ld+json\" class=\"yoast-schema-graph\">{\"@context\":\"https:\\\/\\\/schema.org\",\"@graph\":[{\"@type\":\"WebPage\",\"@id\":\"https:\\\/\\\/brandgioielli.it\\\/prodotto\\\/collana-pallini-cornetto-rosso\\\/\",\"url\":\"https:\\\/\\\/brandgioielli.it\\\/prodotto\\\/collana-pallini-cornetto-rosso\\\/\",\"name\":\"Collana a Sfere con Cornetto Rosso Smaltato - Brand Gioielli\",\"isPartOf\":{\"@id\":\"https:\\\/\\\/brandgioielli.it\\\/#website\"},\"primaryImageOfPage\":{\"@id\":\"https:\\\/\\\/brandgioielli.it\\\/prodotto\\\/collana-pallini-cornetto-rosso\\\/#primaryimage\"},\"image\":{\"@id\":\"https:\\\/\\\/brandgioielli.it\\\/prodotto\\\/collana-pallini-cornetto-rosso\\\/#primaryimage\"},\"thumbnailUrl\":\"https:\\\/\\\/brandgioielli.it\\\/wp-content\\\/uploads\\\/2025\\\/10\\\/03NK034.jpg\",\"datePublished\":\"2025-10-03T06:56:13+00:00\",\"dateModified\":\"2026-04-20T16:17:15+00:00\",\"description\":\"La collana a sfere con cornetto smaltato rosso portafortuna da donna Brand Gioielli \u00e8 pensata per chi desidera portare sempre con s\u00e9 un simbolo di buona fortuna senza rinunciare a stile e femminilit\u00e0. Disponibile nella finiture oro e acciaio \u00e8 il regalo perfetto per chi cerca un gioiello capace di adattarsi ad ogni occasione.\",\"breadcrumb\":{\"@id\":\"https:\\\/\\\/brandgioielli.it\\\/prodotto\\\/collana-pallini-cornetto-rosso\\\/#breadcrumb\"},\"inLanguage\":\"de\",\"potentialAction\":[{\"@type\":\"ReadAction\",\"target\":[\"https:\\\/\\\/brandgioielli.it\\\/prodotto\\\/collana-pallini-cornetto-rosso\\\/\"]}]},{\"@type\":\"ImageObject\",\"inLanguage\":\"de\",\"@id\":\"https:\\\/\\\/brandgioielli.it\\\/prodotto\\\/collana-pallini-cornetto-rosso\\\/#primaryimage\",\"url\":\"https:\\\/\\\/brandgioielli.it\\\/wp-content\\\/uploads\\\/2025\\\/10\\\/03NK034.jpg\",\"contentUrl\":\"https:\\\/\\\/brandgioielli.it\\\/wp-content\\\/uploads\\\/2025\\\/10\\\/03NK034.jpg\",\"width\":800,\"height\":800},{\"@type\":\"BreadcrumbList\",\"@id\":\"https:\\\/\\\/brandgioielli.it\\\/prodotto\\\/collana-pallini-cornetto-rosso\\\/#breadcrumb\",\"itemListElement\":[{\"@type\":\"ListItem\",\"position\":1,\"name\":\"Home\",\"item\":\"https:\\\/\\\/brandgioielli.it\\\/\"},{\"@type\":\"ListItem\",\"position\":2,\"name\":\"Shop\",\"item\":\"https:\\\/\\\/brandgioielli.it\\\/shop\\\/\"},{\"@type\":\"ListItem\",\"position\":3,\"name\":\"Collana a Sfere con Cornetto\"}]},{\"@type\":\"WebSite\",\"@id\":\"https:\\\/\\\/brandgioielli.it\\\/#website\",\"url\":\"https:\\\/\\\/brandgioielli.it\\\/\",\"name\":\"#BrandGioielli\",\"description\":\"\",\"publisher\":{\"@id\":\"https:\\\/\\\/brandgioielli.it\\\/#organization\"},\"potentialAction\":[{\"@type\":\"SearchAction\",\"target\":{\"@type\":\"EntryPoint\",\"urlTemplate\":\"https:\\\/\\\/brandgioielli.it\\\/?s={search_term_string}\"},\"query-input\":{\"@type\":\"PropertyValueSpecification\",\"valueRequired\":true,\"valueName\":\"search_term_string\"}}],\"inLanguage\":\"de\"},{\"@type\":\"Organization\",\"@id\":\"https:\\\/\\\/brandgioielli.it\\\/#organization\",\"name\":\"Brand Gioielli\",\"url\":\"https:\\\/\\\/brandgioielli.it\\\/\",\"logo\":{\"@type\":\"ImageObject\",\"inLanguage\":\"de\",\"@id\":\"https:\\\/\\\/brandgioielli.it\\\/#\\\/schema\\\/logo\\\/image\\\/\",\"url\":\"https:\\\/\\\/brandgioielli.it\\\/wp-content\\\/uploads\\\/2025\\\/07\\\/LogoBrand.png\",\"contentUrl\":\"https:\\\/\\\/brandgioielli.it\\\/wp-content\\\/uploads\\\/2025\\\/07\\\/LogoBrand.png\",\"width\":600,\"height\":170,\"caption\":\"Brand Gioielli\"},\"image\":{\"@id\":\"https:\\\/\\\/brandgioielli.it\\\/#\\\/schema\\\/logo\\\/image\\\/\"}}]}<\/script>\n<!-- \/ Yoast SEO plugin. -->","yoast_head_json":{"title":"Halskette mit roter emaillierter Hornkugel \u2013 Marke Gioielli","description":"Die rote, emaillierte Hornkugel-Halskette von Brand Gioielli ist ein Gl\u00fccksbringer f\u00fcr Damen und wurde f\u00fcr alle entworfen, die ein Symbol des Gl\u00fccks tragen m\u00f6chten, ohne dabei auf Stil und Weiblichkeit zu verzichten. Erh\u00e4ltlich in Gold und Edelstahl, ist sie das perfekte Geschenk f\u00fcr alle, die ein Schmuckst\u00fcck suchen, das zu jedem Anlass passt.","robots":{"index":"index","follow":"follow","max-snippet":"max-snippet:-1","max-image-preview":"max-image-preview:large","max-video-preview":"max-video-preview:-1"},"canonical":"https:\/\/brandgioielli.it\/de\/produkt\/collana-pallini-cornetto-rosso\/","og_locale":"de_DE","og_type":"article","og_title":"Collana a Sfere con Cornetto Rosso Smaltato - Brand Gioielli","og_description":"La collana a sfere con cornetto smaltato rosso portafortuna da donna Brand Gioielli \u00e8 pensata per chi desidera portare sempre con s\u00e9 un simbolo di buona fortuna senza rinunciare a stile e femminilit\u00e0. Disponibile nella finiture oro e acciaio \u00e8 il regalo perfetto per chi cerca un gioiello capace di adattarsi ad ogni occasione.","og_url":"https:\/\/brandgioielli.it\/de\/produkt\/collana-pallini-cornetto-rosso\/","og_site_name":"#BrandGioielli","article_modified_time":"2026-04-20T16:17:15+00:00","og_image":[{"width":800,"height":800,"url":"https:\/\/brandgioielli.it\/wp-content\/uploads\/2025\/10\/03NK034.jpg","type":"image\/jpeg"}],"twitter_card":"summary_large_image","twitter_misc":{"Gesch\u00e4tzte Lesezeit":"1\u00a0Minute"},"schema":{"@context":"https:\/\/schema.org","@graph":[{"@type":"WebPage","@id":"https:\/\/brandgioielli.it\/prodotto\/collana-pallini-cornetto-rosso\/","url":"https:\/\/brandgioielli.it\/prodotto\/collana-pallini-cornetto-rosso\/","name":"Halskette mit roter emaillierter Hornkugel \u2013 Marke Gioielli","isPartOf":{"@id":"https:\/\/brandgioielli.it\/#website"},"primaryImageOfPage":{"@id":"https:\/\/brandgioielli.it\/prodotto\/collana-pallini-cornetto-rosso\/#primaryimage"},"image":{"@id":"https:\/\/brandgioielli.it\/prodotto\/collana-pallini-cornetto-rosso\/#primaryimage"},"thumbnailUrl":"https:\/\/brandgioielli.it\/wp-content\/uploads\/2025\/10\/03NK034.jpg","datePublished":"2025-10-03T06:56:13+00:00","dateModified":"2026-04-20T16:17:15+00:00","description":"Die rote, emaillierte Hornkugel-Halskette von Brand Gioielli ist ein Gl\u00fccksbringer f\u00fcr Damen und wurde f\u00fcr alle entworfen, die ein Symbol des Gl\u00fccks tragen m\u00f6chten, ohne dabei auf Stil und Weiblichkeit zu verzichten. Erh\u00e4ltlich in Gold und Edelstahl, ist sie das perfekte Geschenk f\u00fcr alle, die ein Schmuckst\u00fcck suchen, das zu jedem Anlass passt.","breadcrumb":{"@id":"https:\/\/brandgioielli.it\/prodotto\/collana-pallini-cornetto-rosso\/#breadcrumb"},"inLanguage":"de","potentialAction":[{"@type":"ReadAction","target":["https:\/\/brandgioielli.it\/prodotto\/collana-pallini-cornetto-rosso\/"]}]},{"@type":"ImageObject","inLanguage":"de","@id":"https:\/\/brandgioielli.it\/prodotto\/collana-pallini-cornetto-rosso\/#primaryimage","url":"https:\/\/brandgioielli.it\/wp-content\/uploads\/2025\/10\/03NK034.jpg","contentUrl":"https:\/\/brandgioielli.it\/wp-content\/uploads\/2025\/10\/03NK034.jpg","width":800,"height":800},{"@type":"BreadcrumbList","@id":"https:\/\/brandgioielli.it\/prodotto\/collana-pallini-cornetto-rosso\/#breadcrumb","itemListElement":[{"@type":"ListItem","position":1,"name":"Home","item":"https:\/\/brandgioielli.it\/"},{"@type":"ListItem","position":2,"name":"Shop","item":"https:\/\/brandgioielli.it\/shop\/"},{"@type":"ListItem","position":3,"name":"Collana a Sfere con Cornetto"}]},{"@type":"WebSite","@id":"https:\/\/brandgioielli.it\/#website","url":"https:\/\/brandgioielli.it\/","name":"#BrandGioielli","description":"","publisher":{"@id":"https:\/\/brandgioielli.it\/#organization"},"potentialAction":[{"@type":"SearchAction","target":{"@type":"EntryPoint","urlTemplate":"https:\/\/brandgioielli.it\/?s={search_term_string}"},"query-input":{"@type":"PropertyValueSpecification","valueRequired":true,"valueName":"search_term_string"}}],"inLanguage":"de"},{"@type":"Organization","@id":"https:\/\/brandgioielli.it\/#organization","name":"Markenschmuck","url":"https:\/\/brandgioielli.it\/","logo":{"@type":"ImageObject","inLanguage":"de","@id":"https:\/\/brandgioielli.it\/#\/schema\/logo\/image\/","url":"https:\/\/brandgioielli.it\/wp-content\/uploads\/2025\/07\/LogoBrand.png","contentUrl":"https:\/\/brandgioielli.it\/wp-content\/uploads\/2025\/07\/LogoBrand.png","width":600,"height":170,"caption":"Brand Gioielli"},"image":{"@id":"https:\/\/brandgioielli.it\/#\/schema\/logo\/image\/"}}]}},"_links":{"self":[{"href":"https:\/\/brandgioielli.it\/de\/wp-json\/wp\/v2\/product\/26279","targetHints":{"allow":["GET"]}}],"collection":[{"href":"https:\/\/brandgioielli.it\/de\/wp-json\/wp\/v2\/product"}],"about":[{"href":"https:\/\/brandgioielli.it\/de\/wp-json\/wp\/v2\/types\/product"}],"version-history":[{"count":1,"href":"https:\/\/brandgioielli.it\/de\/wp-json\/wp\/v2\/product\/26279\/revisions"}],"predecessor-version":[{"id":26465,"href":"https:\/\/brandgioielli.it\/de\/wp-json\/wp\/v2\/product\/26279\/revisions\/26465"}],"wp:featuredmedia":[{"embeddable":true,"href":"https:\/\/brandgioielli.it\/de\/wp-json\/wp\/v2\/media\/98472"}],"wp:attachment":[{"href":"https:\/\/brandgioielli.it\/de\/wp-json\/wp\/v2\/media?parent=26279"}],"wp:term":[{"taxonomy":"product_brand","embeddable":true,"href":"https:\/\/brandgioielli.it\/de\/wp-json\/wp\/v2\/product_brand?post=26279"},{"taxonomy":"product_cat","embeddable":true,"href":"https:\/\/brandgioielli.it\/de\/wp-json\/wp\/v2\/product_cat?post=26279"},{"taxonomy":"product_tag","embeddable":true,"href":"https:\/\/brandgioielli.it\/de\/wp-json\/wp\/v2\/product_tag?post=26279"}],"curies":[{"name":"wp","href":"https:\/\/api.w.org\/{rel}","templated":true}]}}