{"id":26256,"date":"2025-10-03T08:55:45","date_gmt":"2025-10-03T06:55:45","guid":{"rendered":"https:\/\/sandybrown-lark-277155.hostingersite.com\/prodotto\/bracciale-a-sfere-con-cornetto\/"},"modified":"2026-04-21T18:17:14","modified_gmt":"2026-04-21T16:17:14","slug":"bracciale-a-sfere-con-cornetto","status":"publish","type":"product","link":"https:\/\/brandgioielli.it\/de\/produkt\/bracciale-a-sfere-con-cornetto\/","title":{"rendered":"Kugelarmband mit Cornetto"},"content":{"rendered":"<h3>Kugelarmband mit rotem Cornetto<\/h3>\n<p>Das Armband #BrandGioielli aus rot emailliertem Horn ist f\u00fcr all jene gedacht, die ein Gl\u00fcckssymbol immer bei sich tragen m\u00f6chten. <strong>viel Gl\u00fcck<\/strong> ohne auf Stil und Weiblichkeit zu verzichten. Verf\u00fcgbar in <strong>Gold- und Stahlausf\u00fchrungen<\/strong>, ist das perfekte Schmuckst\u00fcck f\u00fcr alle, die auf der Suche nach einem dezenten Farbakzent sind, der sich an verschiedene Stile anpassen l\u00e4sst.<\/p>\n<p><strong>TECHNISCHE DATEN<\/strong><\/p>\n<ul>\n<li>Emailliertes Kornett-Kugelarmband f\u00fcr Frauen<\/li>\n<li>L\u00e4nge: 16 cm + 3 cm Verl\u00e4ngerung<\/li>\n<li>Horngr\u00f6\u00dfe: 1,5 cm<\/li>\n<li>Material: rostfreier Stahl und hypoallergen<\/li>\n<\/ul>\n<p><em>Alle Schmuckst\u00fccke der Marke #Brand sind aus dem reinsten chirurgischen Edelstahl auf dem Markt hergestellt, auf Nickel getestet und so konzipiert, dass sie jeden Tag getragen werden k\u00f6nnen, ohne dass Verf\u00e4rbungen oder Verschlei\u00dferscheinungen zu bef\u00fcrchten sind.\u00a0<\/em><\/p>","protected":false},"excerpt":{"rendered":"<p>Bracciale a Sfere con Cornetto Rosso Il bracciale donna a pallini con cornetto rosso smaltato portafortuna #BrandGioielli \u00e8 pensato per chi desidera portare sempre con s\u00e9 un simbolo di buona fortuna senza rinunciare a stile e femminilit\u00e0. Disponibile nelle finiture oro e acciaio, \u00e8 il gioiello perfetto per chi cerca un tocco di colore discreto [&hellip;]<\/p>\n","protected":false},"featured_media":98459,"template":"","meta":[],"product_brand":[],"product_cat":[459,20,19,506],"product_tag":[354],"class_list":{"0":"post-26256","1":"product","2":"type-product","3":"status-publish","4":"has-post-thumbnail","6":"product_cat-bracciali","7":"product_cat-bracciali-donna","8":"product_cat-donna","9":"product_cat-sotto-i-20e","10":"product_tag-collezione-suerte-donna","12":"first","13":"instock","14":"shipping-taxable","15":"purchasable","16":"product-type-variable"},"yoast_head":"<!-- This site is optimized with the Yoast SEO plugin v27.4 - https:\/\/yoast.com\/product\/yoast-seo-wordpress\/ -->\n<title>Bracciale Donna a Sfere con Cornetto Portafortuna - #BrandGioielli<\/title>\n<meta name=\"description\" content=\"Il bracciale donna a sfere con cornetto rosso portafortuna Brand Gioielli \u00e8 pensato per chi desidera portare sempre con s\u00e9 un simbolo di buona fortuna senza rinunciare a stile e femminilit\u00e0. Disponibile nelle finiture oro e acciaio, \u00e8 il gioiello perfetto per chi cerca un tocco di colore discreto e adattabile a diversi stili.\" \/>\n<meta name=\"robots\" content=\"index, follow, max-snippet:-1, max-image-preview:large, max-video-preview:-1\" \/>\n<link rel=\"canonical\" href=\"https:\/\/brandgioielli.it\/de\/produkt\/bracciale-a-sfere-con-cornetto\/\" \/>\n<meta property=\"og:locale\" content=\"de_DE\" \/>\n<meta property=\"og:type\" content=\"article\" \/>\n<meta property=\"og:title\" content=\"Bracciale Donna a Sfere con Cornetto Portafortuna - #BrandGioielli\" \/>\n<meta property=\"og:description\" content=\"Il bracciale donna a sfere con cornetto rosso portafortuna Brand Gioielli \u00e8 pensato per chi desidera portare sempre con s\u00e9 un simbolo di buona fortuna senza rinunciare a stile e femminilit\u00e0. Disponibile nelle finiture oro e acciaio, \u00e8 il gioiello perfetto per chi cerca un tocco di colore discreto e adattabile a diversi stili.\" \/>\n<meta property=\"og:url\" content=\"https:\/\/brandgioielli.it\/de\/produkt\/bracciale-a-sfere-con-cornetto\/\" \/>\n<meta property=\"og:site_name\" content=\"#BrandGioielli\" \/>\n<meta property=\"article:modified_time\" content=\"2026-04-21T16:17:14+00:00\" \/>\n<meta property=\"og:image\" content=\"http:\/\/brandgioielli.it\/wp-content\/uploads\/2025\/10\/03BR036.jpg\" \/>\n\t<meta property=\"og:image:width\" content=\"800\" \/>\n\t<meta property=\"og:image:height\" content=\"800\" \/>\n\t<meta property=\"og:image:type\" content=\"image\/jpeg\" \/>\n<meta name=\"twitter:card\" content=\"summary_large_image\" \/>\n<meta name=\"twitter:label1\" content=\"Gesch\u00e4tzte Lesezeit\" \/>\n\t<meta name=\"twitter:data1\" content=\"1\u00a0Minute\" \/>\n<script type=\"application\/ld+json\" class=\"yoast-schema-graph\">{\"@context\":\"https:\\\/\\\/schema.org\",\"@graph\":[{\"@type\":\"WebPage\",\"@id\":\"https:\\\/\\\/brandgioielli.it\\\/prodotto\\\/bracciale-a-sfere-con-cornetto\\\/\",\"url\":\"https:\\\/\\\/brandgioielli.it\\\/prodotto\\\/bracciale-a-sfere-con-cornetto\\\/\",\"name\":\"Bracciale Donna a Sfere con Cornetto Portafortuna - #BrandGioielli\",\"isPartOf\":{\"@id\":\"https:\\\/\\\/brandgioielli.it\\\/#website\"},\"primaryImageOfPage\":{\"@id\":\"https:\\\/\\\/brandgioielli.it\\\/prodotto\\\/bracciale-a-sfere-con-cornetto\\\/#primaryimage\"},\"image\":{\"@id\":\"https:\\\/\\\/brandgioielli.it\\\/prodotto\\\/bracciale-a-sfere-con-cornetto\\\/#primaryimage\"},\"thumbnailUrl\":\"https:\\\/\\\/brandgioielli.it\\\/wp-content\\\/uploads\\\/2025\\\/10\\\/03BR036.jpg\",\"datePublished\":\"2025-10-03T06:55:45+00:00\",\"dateModified\":\"2026-04-21T16:17:14+00:00\",\"description\":\"Il bracciale donna a sfere con cornetto rosso portafortuna Brand Gioielli \u00e8 pensato per chi desidera portare sempre con s\u00e9 un simbolo di buona fortuna senza rinunciare a stile e femminilit\u00e0. Disponibile nelle finiture oro e acciaio, \u00e8 il gioiello perfetto per chi cerca un tocco di colore discreto e adattabile a diversi stili.\",\"breadcrumb\":{\"@id\":\"https:\\\/\\\/brandgioielli.it\\\/prodotto\\\/bracciale-a-sfere-con-cornetto\\\/#breadcrumb\"},\"inLanguage\":\"de\",\"potentialAction\":[{\"@type\":\"ReadAction\",\"target\":[\"https:\\\/\\\/brandgioielli.it\\\/prodotto\\\/bracciale-a-sfere-con-cornetto\\\/\"]}]},{\"@type\":\"ImageObject\",\"inLanguage\":\"de\",\"@id\":\"https:\\\/\\\/brandgioielli.it\\\/prodotto\\\/bracciale-a-sfere-con-cornetto\\\/#primaryimage\",\"url\":\"https:\\\/\\\/brandgioielli.it\\\/wp-content\\\/uploads\\\/2025\\\/10\\\/03BR036.jpg\",\"contentUrl\":\"https:\\\/\\\/brandgioielli.it\\\/wp-content\\\/uploads\\\/2025\\\/10\\\/03BR036.jpg\",\"width\":800,\"height\":800},{\"@type\":\"BreadcrumbList\",\"@id\":\"https:\\\/\\\/brandgioielli.it\\\/prodotto\\\/bracciale-a-sfere-con-cornetto\\\/#breadcrumb\",\"itemListElement\":[{\"@type\":\"ListItem\",\"position\":1,\"name\":\"Home\",\"item\":\"https:\\\/\\\/brandgioielli.it\\\/\"},{\"@type\":\"ListItem\",\"position\":2,\"name\":\"Shop\",\"item\":\"https:\\\/\\\/brandgioielli.it\\\/shop\\\/\"},{\"@type\":\"ListItem\",\"position\":3,\"name\":\"Bracciale a Sfere con Cornetto\"}]},{\"@type\":\"WebSite\",\"@id\":\"https:\\\/\\\/brandgioielli.it\\\/#website\",\"url\":\"https:\\\/\\\/brandgioielli.it\\\/\",\"name\":\"#BrandGioielli\",\"description\":\"\",\"publisher\":{\"@id\":\"https:\\\/\\\/brandgioielli.it\\\/#organization\"},\"potentialAction\":[{\"@type\":\"SearchAction\",\"target\":{\"@type\":\"EntryPoint\",\"urlTemplate\":\"https:\\\/\\\/brandgioielli.it\\\/?s={search_term_string}\"},\"query-input\":{\"@type\":\"PropertyValueSpecification\",\"valueRequired\":true,\"valueName\":\"search_term_string\"}}],\"inLanguage\":\"de\"},{\"@type\":\"Organization\",\"@id\":\"https:\\\/\\\/brandgioielli.it\\\/#organization\",\"name\":\"Brand Gioielli\",\"url\":\"https:\\\/\\\/brandgioielli.it\\\/\",\"logo\":{\"@type\":\"ImageObject\",\"inLanguage\":\"de\",\"@id\":\"https:\\\/\\\/brandgioielli.it\\\/#\\\/schema\\\/logo\\\/image\\\/\",\"url\":\"https:\\\/\\\/brandgioielli.it\\\/wp-content\\\/uploads\\\/2025\\\/07\\\/LogoBrand.png\",\"contentUrl\":\"https:\\\/\\\/brandgioielli.it\\\/wp-content\\\/uploads\\\/2025\\\/07\\\/LogoBrand.png\",\"width\":600,\"height\":170,\"caption\":\"Brand Gioielli\"},\"image\":{\"@id\":\"https:\\\/\\\/brandgioielli.it\\\/#\\\/schema\\\/logo\\\/image\\\/\"}}]}<\/script>\n<!-- \/ Yoast SEO plugin. -->","yoast_head_json":{"title":"Damenarmband mit Gl\u00fcckshornperlen - #BrandGioielli","description":"Das Damenarmband mit rotem Gl\u00fcckshorn von Brand Gioielli ist f\u00fcr alle Frauen entworfen, die ein Symbol des Gl\u00fccks bei sich tragen m\u00f6chten, ohne dabei auf Stil und Weiblichkeit zu verzichten. Erh\u00e4ltlich in Gold und Edelstahl, ist es das perfekte Schmuckst\u00fcck f\u00fcr alle, die einen dezenten Farbtupfer suchen, der sich vielseitig kombinieren l\u00e4sst.","robots":{"index":"index","follow":"follow","max-snippet":"max-snippet:-1","max-image-preview":"max-image-preview:large","max-video-preview":"max-video-preview:-1"},"canonical":"https:\/\/brandgioielli.it\/de\/produkt\/bracciale-a-sfere-con-cornetto\/","og_locale":"de_DE","og_type":"article","og_title":"Bracciale Donna a Sfere con Cornetto Portafortuna - #BrandGioielli","og_description":"Il bracciale donna a sfere con cornetto rosso portafortuna Brand Gioielli \u00e8 pensato per chi desidera portare sempre con s\u00e9 un simbolo di buona fortuna senza rinunciare a stile e femminilit\u00e0. Disponibile nelle finiture oro e acciaio, \u00e8 il gioiello perfetto per chi cerca un tocco di colore discreto e adattabile a diversi stili.","og_url":"https:\/\/brandgioielli.it\/de\/produkt\/bracciale-a-sfere-con-cornetto\/","og_site_name":"#BrandGioielli","article_modified_time":"2026-04-21T16:17:14+00:00","og_image":[{"width":800,"height":800,"url":"http:\/\/brandgioielli.it\/wp-content\/uploads\/2025\/10\/03BR036.jpg","type":"image\/jpeg"}],"twitter_card":"summary_large_image","twitter_misc":{"Gesch\u00e4tzte Lesezeit":"1\u00a0Minute"},"schema":{"@context":"https:\/\/schema.org","@graph":[{"@type":"WebPage","@id":"https:\/\/brandgioielli.it\/prodotto\/bracciale-a-sfere-con-cornetto\/","url":"https:\/\/brandgioielli.it\/prodotto\/bracciale-a-sfere-con-cornetto\/","name":"Damenarmband mit Gl\u00fcckshornperlen - #BrandGioielli","isPartOf":{"@id":"https:\/\/brandgioielli.it\/#website"},"primaryImageOfPage":{"@id":"https:\/\/brandgioielli.it\/prodotto\/bracciale-a-sfere-con-cornetto\/#primaryimage"},"image":{"@id":"https:\/\/brandgioielli.it\/prodotto\/bracciale-a-sfere-con-cornetto\/#primaryimage"},"thumbnailUrl":"https:\/\/brandgioielli.it\/wp-content\/uploads\/2025\/10\/03BR036.jpg","datePublished":"2025-10-03T06:55:45+00:00","dateModified":"2026-04-21T16:17:14+00:00","description":"Das Damenarmband mit rotem Gl\u00fcckshorn von Brand Gioielli ist f\u00fcr alle Frauen entworfen, die ein Symbol des Gl\u00fccks bei sich tragen m\u00f6chten, ohne dabei auf Stil und Weiblichkeit zu verzichten. Erh\u00e4ltlich in Gold und Edelstahl, ist es das perfekte Schmuckst\u00fcck f\u00fcr alle, die einen dezenten Farbtupfer suchen, der sich vielseitig kombinieren l\u00e4sst.","breadcrumb":{"@id":"https:\/\/brandgioielli.it\/prodotto\/bracciale-a-sfere-con-cornetto\/#breadcrumb"},"inLanguage":"de","potentialAction":[{"@type":"ReadAction","target":["https:\/\/brandgioielli.it\/prodotto\/bracciale-a-sfere-con-cornetto\/"]}]},{"@type":"ImageObject","inLanguage":"de","@id":"https:\/\/brandgioielli.it\/prodotto\/bracciale-a-sfere-con-cornetto\/#primaryimage","url":"https:\/\/brandgioielli.it\/wp-content\/uploads\/2025\/10\/03BR036.jpg","contentUrl":"https:\/\/brandgioielli.it\/wp-content\/uploads\/2025\/10\/03BR036.jpg","width":800,"height":800},{"@type":"BreadcrumbList","@id":"https:\/\/brandgioielli.it\/prodotto\/bracciale-a-sfere-con-cornetto\/#breadcrumb","itemListElement":[{"@type":"ListItem","position":1,"name":"Home","item":"https:\/\/brandgioielli.it\/"},{"@type":"ListItem","position":2,"name":"Shop","item":"https:\/\/brandgioielli.it\/shop\/"},{"@type":"ListItem","position":3,"name":"Bracciale a Sfere con Cornetto"}]},{"@type":"WebSite","@id":"https:\/\/brandgioielli.it\/#website","url":"https:\/\/brandgioielli.it\/","name":"#BrandGioielli","description":"","publisher":{"@id":"https:\/\/brandgioielli.it\/#organization"},"potentialAction":[{"@type":"SearchAction","target":{"@type":"EntryPoint","urlTemplate":"https:\/\/brandgioielli.it\/?s={search_term_string}"},"query-input":{"@type":"PropertyValueSpecification","valueRequired":true,"valueName":"search_term_string"}}],"inLanguage":"de"},{"@type":"Organization","@id":"https:\/\/brandgioielli.it\/#organization","name":"Markenschmuck","url":"https:\/\/brandgioielli.it\/","logo":{"@type":"ImageObject","inLanguage":"de","@id":"https:\/\/brandgioielli.it\/#\/schema\/logo\/image\/","url":"https:\/\/brandgioielli.it\/wp-content\/uploads\/2025\/07\/LogoBrand.png","contentUrl":"https:\/\/brandgioielli.it\/wp-content\/uploads\/2025\/07\/LogoBrand.png","width":600,"height":170,"caption":"Brand Gioielli"},"image":{"@id":"https:\/\/brandgioielli.it\/#\/schema\/logo\/image\/"}}]}},"_links":{"self":[{"href":"https:\/\/brandgioielli.it\/de\/wp-json\/wp\/v2\/product\/26256","targetHints":{"allow":["GET"]}}],"collection":[{"href":"https:\/\/brandgioielli.it\/de\/wp-json\/wp\/v2\/product"}],"about":[{"href":"https:\/\/brandgioielli.it\/de\/wp-json\/wp\/v2\/types\/product"}],"version-history":[{"count":1,"href":"https:\/\/brandgioielli.it\/de\/wp-json\/wp\/v2\/product\/26256\/revisions"}],"predecessor-version":[{"id":26460,"href":"https:\/\/brandgioielli.it\/de\/wp-json\/wp\/v2\/product\/26256\/revisions\/26460"}],"wp:featuredmedia":[{"embeddable":true,"href":"https:\/\/brandgioielli.it\/de\/wp-json\/wp\/v2\/media\/98459"}],"wp:attachment":[{"href":"https:\/\/brandgioielli.it\/de\/wp-json\/wp\/v2\/media?parent=26256"}],"wp:term":[{"taxonomy":"product_brand","embeddable":true,"href":"https:\/\/brandgioielli.it\/de\/wp-json\/wp\/v2\/product_brand?post=26256"},{"taxonomy":"product_cat","embeddable":true,"href":"https:\/\/brandgioielli.it\/de\/wp-json\/wp\/v2\/product_cat?post=26256"},{"taxonomy":"product_tag","embeddable":true,"href":"https:\/\/brandgioielli.it\/de\/wp-json\/wp\/v2\/product_tag?post=26256"}],"curies":[{"name":"wp","href":"https:\/\/api.w.org\/{rel}","templated":true}]}}