{"id":26217,"date":"2025-10-03T08:55:24","date_gmt":"2025-10-03T06:55:24","guid":{"rendered":"https:\/\/sandybrown-lark-277155.hostingersite.com\/prodotto\/bracciale-maxi-tennis-uomo-cristalli-alternati\/"},"modified":"2026-04-22T18:18:02","modified_gmt":"2026-04-22T16:18:02","slug":"bracciale-maxi-tennis-alternato-uomo","status":"publish","type":"product","link":"https:\/\/brandgioielli.it\/de\/produkt\/bracciale-maxi-tennis-alternato-uomo\/","title":{"rendered":"Maxi Tennis Alternate Armband f\u00fcr Herren"},"content":{"rendered":"<h3>Maxi Tennis Alternate Armband f\u00fcr Herren<\/h3>\n<p>Das abwechselnde Maxi-Tennisarmband f\u00fcr Herren von Gioielli (#) ist f\u00fcr alle entworfen, die zeitlose Eleganz lieben. Seine schlanke Linie, verziert mit einer Reihe von 3 mm gro\u00dfen Kristallen, f\u00e4ngt das Licht auf zarte und elegante Weise ein und unterstreicht dezent jede Bewegung des Handgelenks. Erh\u00e4ltlich in Gold und Edelstahl sowie in zwei Kristallfarben, bietet es die M\u00f6glichkeit, die Kombination zu w\u00e4hlen, die am besten zu Ihrem Stil oder Anlass passt.<\/p>\n<p><strong>TECHNISCHE DATEN<\/strong><\/p>\n<ul>\n<li>Maxi Tennis Alternate Armband f\u00fcr Herren<\/li>\n<li>L\u00e4nge: 19 cm + 3 cm Verl\u00e4ngerung<\/li>\n<li>Kristallgr\u00f6\u00dfe: 3 mm<\/li>\n<li>Kristallfarbe: Wei\u00df abwechselnd mit Schwarz<\/li>\n<li>Ausf\u00fchrung: Stahl oder Gold PVD<\/li>\n<li>Material: Edelstahl, Kristalle<\/li>\n<\/ul>\n<p><em>Alle Schmuckst\u00fccke von #Brand sind aus rostfreiem und hypoallergenem Chirurgenstahl gefertigt, auf Nickel getestet und so konzipiert, dass sie jeden Tag getragen werden k\u00f6nnen, ohne Verf\u00e4rbungen oder Verschlei\u00dferscheinungen zu bef\u00fcrchten.<\/em><\/p>","protected":false},"excerpt":{"rendered":"<p>Bracciale Maxi Tennis Alternato Uomo Il bracciale maxi tennis alternato da uomo firmato #Brand Gioielli \u00e8 pensato per chi ama l\u2019eleganza essenziale e senza tempo. La sua linea sottile, arricchita da una sequenza di cristalli da 3 mm, cattura la luce in modo delicato e raffinato, valorizzando ogni movimento del polso con discrezione. Disponibile nelle [&hellip;]<\/p>\n","protected":false},"featured_media":103556,"template":"","meta":[],"product_brand":[],"product_cat":[459,38,567,507,611,39],"product_tag":[353],"class_list":{"0":"post-26217","1":"product","2":"type-product","3":"status-publish","4":"has-post-thumbnail","6":"product_cat-bracciali","7":"product_cat-bracciali-uomo","8":"product_cat-brand-carpet","9":"product_cat-sotto-i-30e","10":"product_cat-spring-selection","11":"product_cat-uomo","12":"product_tag-collezione-tennis","14":"first","15":"instock","16":"shipping-taxable","17":"purchasable","18":"product-type-variable"},"yoast_head":"<!-- This site is optimized with the Yoast SEO plugin v27.4 - https:\/\/yoast.com\/product\/yoast-seo-wordpress\/ -->\n<title>Bracciale Maxi Tennis da Uomo a Colori Alternati - Brand Gioielli<\/title>\n<meta name=\"description\" content=\"Il Bracciale Maxi-Tennis da Uomo Brand Gioielli \u00e8 pensato per chi ama l\u2019eleganza essenziale e senza tempo. La sua linea sottile, arricchita da una sequenza di cristalli da 3 mm, cattura la luce in modo delicato e raffinato, valorizzando ogni movimento del polso con discrezione.\" \/>\n<meta name=\"robots\" content=\"index, follow, max-snippet:-1, max-image-preview:large, max-video-preview:-1\" \/>\n<link rel=\"canonical\" href=\"https:\/\/brandgioielli.it\/de\/produkt\/bracciale-maxi-tennis-alternato-uomo\/\" \/>\n<meta property=\"og:locale\" content=\"de_DE\" \/>\n<meta property=\"og:type\" content=\"article\" \/>\n<meta property=\"og:title\" content=\"Bracciale Maxi Tennis da Uomo a Colori Alternati - Brand Gioielli\" \/>\n<meta property=\"og:description\" content=\"Il Bracciale Maxi-Tennis da Uomo Brand Gioielli \u00e8 pensato per chi ama l\u2019eleganza essenziale e senza tempo. La sua linea sottile, arricchita da una sequenza di cristalli da 3 mm, cattura la luce in modo delicato e raffinato, valorizzando ogni movimento del polso con discrezione.\" \/>\n<meta property=\"og:url\" content=\"https:\/\/brandgioielli.it\/de\/produkt\/bracciale-maxi-tennis-alternato-uomo\/\" \/>\n<meta property=\"og:site_name\" content=\"#BrandGioielli\" \/>\n<meta property=\"article:modified_time\" content=\"2026-04-22T16:18:02+00:00\" \/>\n<meta property=\"og:image\" content=\"https:\/\/brandgioielli.it\/wp-content\/uploads\/2025\/10\/bracciale-maxi-uomo-cristalli-alternati-3mm.jpg\" \/>\n\t<meta property=\"og:image:width\" content=\"800\" \/>\n\t<meta property=\"og:image:height\" content=\"800\" \/>\n\t<meta property=\"og:image:type\" content=\"image\/jpeg\" \/>\n<meta name=\"twitter:card\" content=\"summary_large_image\" \/>\n<meta name=\"twitter:label1\" content=\"Gesch\u00e4tzte Lesezeit\" \/>\n\t<meta name=\"twitter:data1\" content=\"1\u00a0Minute\" \/>\n<script type=\"application\/ld+json\" class=\"yoast-schema-graph\">{\"@context\":\"https:\\\/\\\/schema.org\",\"@graph\":[{\"@type\":\"WebPage\",\"@id\":\"https:\\\/\\\/brandgioielli.it\\\/prodotto\\\/bracciale-maxi-tennis-alternato-uomo\\\/\",\"url\":\"https:\\\/\\\/brandgioielli.it\\\/prodotto\\\/bracciale-maxi-tennis-alternato-uomo\\\/\",\"name\":\"Bracciale Maxi Tennis da Uomo a Colori Alternati - Brand Gioielli\",\"isPartOf\":{\"@id\":\"https:\\\/\\\/brandgioielli.it\\\/#website\"},\"primaryImageOfPage\":{\"@id\":\"https:\\\/\\\/brandgioielli.it\\\/prodotto\\\/bracciale-maxi-tennis-alternato-uomo\\\/#primaryimage\"},\"image\":{\"@id\":\"https:\\\/\\\/brandgioielli.it\\\/prodotto\\\/bracciale-maxi-tennis-alternato-uomo\\\/#primaryimage\"},\"thumbnailUrl\":\"https:\\\/\\\/brandgioielli.it\\\/wp-content\\\/uploads\\\/2025\\\/10\\\/bracciale-maxi-uomo-cristalli-alternati-3mm.jpg\",\"datePublished\":\"2025-10-03T06:55:24+00:00\",\"dateModified\":\"2026-04-22T16:18:02+00:00\",\"description\":\"Il Bracciale Maxi-Tennis da Uomo Brand Gioielli \u00e8 pensato per chi ama l\u2019eleganza essenziale e senza tempo. La sua linea sottile, arricchita da una sequenza di cristalli da 3 mm, cattura la luce in modo delicato e raffinato, valorizzando ogni movimento del polso con discrezione.\",\"breadcrumb\":{\"@id\":\"https:\\\/\\\/brandgioielli.it\\\/prodotto\\\/bracciale-maxi-tennis-alternato-uomo\\\/#breadcrumb\"},\"inLanguage\":\"de\",\"potentialAction\":[{\"@type\":\"ReadAction\",\"target\":[\"https:\\\/\\\/brandgioielli.it\\\/prodotto\\\/bracciale-maxi-tennis-alternato-uomo\\\/\"]}]},{\"@type\":\"ImageObject\",\"inLanguage\":\"de\",\"@id\":\"https:\\\/\\\/brandgioielli.it\\\/prodotto\\\/bracciale-maxi-tennis-alternato-uomo\\\/#primaryimage\",\"url\":\"https:\\\/\\\/brandgioielli.it\\\/wp-content\\\/uploads\\\/2025\\\/10\\\/bracciale-maxi-uomo-cristalli-alternati-3mm.jpg\",\"contentUrl\":\"https:\\\/\\\/brandgioielli.it\\\/wp-content\\\/uploads\\\/2025\\\/10\\\/bracciale-maxi-uomo-cristalli-alternati-3mm.jpg\",\"width\":800,\"height\":800},{\"@type\":\"BreadcrumbList\",\"@id\":\"https:\\\/\\\/brandgioielli.it\\\/prodotto\\\/bracciale-maxi-tennis-alternato-uomo\\\/#breadcrumb\",\"itemListElement\":[{\"@type\":\"ListItem\",\"position\":1,\"name\":\"Home\",\"item\":\"https:\\\/\\\/brandgioielli.it\\\/\"},{\"@type\":\"ListItem\",\"position\":2,\"name\":\"Shop\",\"item\":\"https:\\\/\\\/brandgioielli.it\\\/shop\\\/\"},{\"@type\":\"ListItem\",\"position\":3,\"name\":\"Bracciale Maxi Tennis Alternato Uomo\"}]},{\"@type\":\"WebSite\",\"@id\":\"https:\\\/\\\/brandgioielli.it\\\/#website\",\"url\":\"https:\\\/\\\/brandgioielli.it\\\/\",\"name\":\"#BrandGioielli\",\"description\":\"\",\"publisher\":{\"@id\":\"https:\\\/\\\/brandgioielli.it\\\/#organization\"},\"potentialAction\":[{\"@type\":\"SearchAction\",\"target\":{\"@type\":\"EntryPoint\",\"urlTemplate\":\"https:\\\/\\\/brandgioielli.it\\\/?s={search_term_string}\"},\"query-input\":{\"@type\":\"PropertyValueSpecification\",\"valueRequired\":true,\"valueName\":\"search_term_string\"}}],\"inLanguage\":\"de\"},{\"@type\":\"Organization\",\"@id\":\"https:\\\/\\\/brandgioielli.it\\\/#organization\",\"name\":\"Brand Gioielli\",\"url\":\"https:\\\/\\\/brandgioielli.it\\\/\",\"logo\":{\"@type\":\"ImageObject\",\"inLanguage\":\"de\",\"@id\":\"https:\\\/\\\/brandgioielli.it\\\/#\\\/schema\\\/logo\\\/image\\\/\",\"url\":\"https:\\\/\\\/brandgioielli.it\\\/wp-content\\\/uploads\\\/2025\\\/07\\\/LogoBrand.png\",\"contentUrl\":\"https:\\\/\\\/brandgioielli.it\\\/wp-content\\\/uploads\\\/2025\\\/07\\\/LogoBrand.png\",\"width\":600,\"height\":170,\"caption\":\"Brand Gioielli\"},\"image\":{\"@id\":\"https:\\\/\\\/brandgioielli.it\\\/#\\\/schema\\\/logo\\\/image\\\/\"}}]}<\/script>\n<!-- \/ Yoast SEO plugin. -->","yoast_head_json":{"title":"Maxi-Tennisarmband f\u00fcr Herren in abwechselnden Farben \u2013 Marke Gioielli","description":"Das Maxi-Tennisarmband von Brand Gioielli f\u00fcr Herren ist f\u00fcr alle entworfen, die schlichte und zeitlose Eleganz lieben. Seine schlanke Linie, verziert mit einer Reihe von 3 mm gro\u00dfen Kristallen, f\u00e4ngt das Licht zart und elegant ein und unterstreicht dezent jede Bewegung des Handgelenks.","robots":{"index":"index","follow":"follow","max-snippet":"max-snippet:-1","max-image-preview":"max-image-preview:large","max-video-preview":"max-video-preview:-1"},"canonical":"https:\/\/brandgioielli.it\/de\/produkt\/bracciale-maxi-tennis-alternato-uomo\/","og_locale":"de_DE","og_type":"article","og_title":"Bracciale Maxi Tennis da Uomo a Colori Alternati - Brand Gioielli","og_description":"Il Bracciale Maxi-Tennis da Uomo Brand Gioielli \u00e8 pensato per chi ama l\u2019eleganza essenziale e senza tempo. La sua linea sottile, arricchita da una sequenza di cristalli da 3 mm, cattura la luce in modo delicato e raffinato, valorizzando ogni movimento del polso con discrezione.","og_url":"https:\/\/brandgioielli.it\/de\/produkt\/bracciale-maxi-tennis-alternato-uomo\/","og_site_name":"#BrandGioielli","article_modified_time":"2026-04-22T16:18:02+00:00","og_image":[{"width":800,"height":800,"url":"https:\/\/brandgioielli.it\/wp-content\/uploads\/2025\/10\/bracciale-maxi-uomo-cristalli-alternati-3mm.jpg","type":"image\/jpeg"}],"twitter_card":"summary_large_image","twitter_misc":{"Gesch\u00e4tzte Lesezeit":"1\u00a0Minute"},"schema":{"@context":"https:\/\/schema.org","@graph":[{"@type":"WebPage","@id":"https:\/\/brandgioielli.it\/prodotto\/bracciale-maxi-tennis-alternato-uomo\/","url":"https:\/\/brandgioielli.it\/prodotto\/bracciale-maxi-tennis-alternato-uomo\/","name":"Maxi-Tennisarmband f\u00fcr Herren in abwechselnden Farben \u2013 Marke Gioielli","isPartOf":{"@id":"https:\/\/brandgioielli.it\/#website"},"primaryImageOfPage":{"@id":"https:\/\/brandgioielli.it\/prodotto\/bracciale-maxi-tennis-alternato-uomo\/#primaryimage"},"image":{"@id":"https:\/\/brandgioielli.it\/prodotto\/bracciale-maxi-tennis-alternato-uomo\/#primaryimage"},"thumbnailUrl":"https:\/\/brandgioielli.it\/wp-content\/uploads\/2025\/10\/bracciale-maxi-uomo-cristalli-alternati-3mm.jpg","datePublished":"2025-10-03T06:55:24+00:00","dateModified":"2026-04-22T16:18:02+00:00","description":"Das Maxi-Tennisarmband von Brand Gioielli f\u00fcr Herren ist f\u00fcr alle entworfen, die schlichte und zeitlose Eleganz lieben. Seine schlanke Linie, verziert mit einer Reihe von 3 mm gro\u00dfen Kristallen, f\u00e4ngt das Licht zart und elegant ein und unterstreicht dezent jede Bewegung des Handgelenks.","breadcrumb":{"@id":"https:\/\/brandgioielli.it\/prodotto\/bracciale-maxi-tennis-alternato-uomo\/#breadcrumb"},"inLanguage":"de","potentialAction":[{"@type":"ReadAction","target":["https:\/\/brandgioielli.it\/prodotto\/bracciale-maxi-tennis-alternato-uomo\/"]}]},{"@type":"ImageObject","inLanguage":"de","@id":"https:\/\/brandgioielli.it\/prodotto\/bracciale-maxi-tennis-alternato-uomo\/#primaryimage","url":"https:\/\/brandgioielli.it\/wp-content\/uploads\/2025\/10\/bracciale-maxi-uomo-cristalli-alternati-3mm.jpg","contentUrl":"https:\/\/brandgioielli.it\/wp-content\/uploads\/2025\/10\/bracciale-maxi-uomo-cristalli-alternati-3mm.jpg","width":800,"height":800},{"@type":"BreadcrumbList","@id":"https:\/\/brandgioielli.it\/prodotto\/bracciale-maxi-tennis-alternato-uomo\/#breadcrumb","itemListElement":[{"@type":"ListItem","position":1,"name":"Home","item":"https:\/\/brandgioielli.it\/"},{"@type":"ListItem","position":2,"name":"Shop","item":"https:\/\/brandgioielli.it\/shop\/"},{"@type":"ListItem","position":3,"name":"Bracciale Maxi Tennis Alternato Uomo"}]},{"@type":"WebSite","@id":"https:\/\/brandgioielli.it\/#website","url":"https:\/\/brandgioielli.it\/","name":"#BrandGioielli","description":"","publisher":{"@id":"https:\/\/brandgioielli.it\/#organization"},"potentialAction":[{"@type":"SearchAction","target":{"@type":"EntryPoint","urlTemplate":"https:\/\/brandgioielli.it\/?s={search_term_string}"},"query-input":{"@type":"PropertyValueSpecification","valueRequired":true,"valueName":"search_term_string"}}],"inLanguage":"de"},{"@type":"Organization","@id":"https:\/\/brandgioielli.it\/#organization","name":"Markenschmuck","url":"https:\/\/brandgioielli.it\/","logo":{"@type":"ImageObject","inLanguage":"de","@id":"https:\/\/brandgioielli.it\/#\/schema\/logo\/image\/","url":"https:\/\/brandgioielli.it\/wp-content\/uploads\/2025\/07\/LogoBrand.png","contentUrl":"https:\/\/brandgioielli.it\/wp-content\/uploads\/2025\/07\/LogoBrand.png","width":600,"height":170,"caption":"Brand Gioielli"},"image":{"@id":"https:\/\/brandgioielli.it\/#\/schema\/logo\/image\/"}}]}},"_links":{"self":[{"href":"https:\/\/brandgioielli.it\/de\/wp-json\/wp\/v2\/product\/26217","targetHints":{"allow":["GET"]}}],"collection":[{"href":"https:\/\/brandgioielli.it\/de\/wp-json\/wp\/v2\/product"}],"about":[{"href":"https:\/\/brandgioielli.it\/de\/wp-json\/wp\/v2\/types\/product"}],"version-history":[{"count":4,"href":"https:\/\/brandgioielli.it\/de\/wp-json\/wp\/v2\/product\/26217\/revisions"}],"predecessor-version":[{"id":103558,"href":"https:\/\/brandgioielli.it\/de\/wp-json\/wp\/v2\/product\/26217\/revisions\/103558"}],"wp:featuredmedia":[{"embeddable":true,"href":"https:\/\/brandgioielli.it\/de\/wp-json\/wp\/v2\/media\/103556"}],"wp:attachment":[{"href":"https:\/\/brandgioielli.it\/de\/wp-json\/wp\/v2\/media?parent=26217"}],"wp:term":[{"taxonomy":"product_brand","embeddable":true,"href":"https:\/\/brandgioielli.it\/de\/wp-json\/wp\/v2\/product_brand?post=26217"},{"taxonomy":"product_cat","embeddable":true,"href":"https:\/\/brandgioielli.it\/de\/wp-json\/wp\/v2\/product_cat?post=26217"},{"taxonomy":"product_tag","embeddable":true,"href":"https:\/\/brandgioielli.it\/de\/wp-json\/wp\/v2\/product_tag?post=26217"}],"curies":[{"name":"wp","href":"https:\/\/api.w.org\/{rel}","templated":true}]}}