{"id":26130,"date":"2025-10-03T08:53:59","date_gmt":"2025-10-03T06:53:59","guid":{"rendered":"https:\/\/sandybrown-lark-277155.hostingersite.com\/prodotto\/collana-tennis-classico-uomo\/"},"modified":"2026-04-17T18:18:10","modified_gmt":"2026-04-17T16:18:10","slug":"collana-tennis-uomo","status":"publish","type":"product","link":"https:\/\/brandgioielli.it\/de\/produkt\/collana-tennis-uomo\/","title":{"rendered":"Tennis-Halskette f\u00fcr Herren"},"content":{"rendered":"<h3>Tennis-Halskette f\u00fcr Herren<\/h3>\n<p>Die Herren-Tenniskette #BrandGioielli ist f\u00fcr alle entworfen, die zeitlose Eleganz lieben. Ihre schlanke Linie, verziert mit einer Reihe von 3 mm gro\u00dfen Kristallen, f\u00e4ngt das Licht zart und elegant ein und unterstreicht dezent jede Bewegung des Handgelenks. Erh\u00e4ltlich in Gold und Edelstahl sowie in zwei Kristallfarben, bietet sie die M\u00f6glichkeit, die Kombination zu w\u00e4hlen, die am besten zu Ihrem Stil oder Anlass passt.<\/p>\n<p><strong>TECHNISCHE DATEN<\/strong><\/p>\n<ul>\n<li>Tennis-Halskette f\u00fcr Herren<\/li>\n<li>L\u00e4nge: 45cm + 5cm Verl\u00e4ngerung<\/li>\n<li>Kristallgr\u00f6\u00dfe: 3 mm<\/li>\n<li>Kristallfarbe: Wei\u00df, Schwarz<\/li>\n<li>Ausf\u00fchrung: Stahl oder Gold PVD<\/li>\n<li>Material: Edelstahl, Kristalle<\/li>\n<\/ul>\n<p><em>Alle Schmuckst\u00fccke von #Brand sind aus rostfreiem und hypoallergenem Chirurgenstahl gefertigt, auf Nickel getestet und so konzipiert, dass sie jeden Tag getragen werden k\u00f6nnen, ohne Verf\u00e4rbungen oder Verschlei\u00dferscheinungen zu bef\u00fcrchten.<\/em><\/p>","protected":false},"excerpt":{"rendered":"<p>Collana Tennis Uomo La collana tennis da uomo #BrandGioielli \u00e8 pensato per chi ama l\u2019eleganza essenziale e senza tempo. La sua linea sottile, arricchita da una sequenza di cristalli da 3 mm, cattura la luce in modo delicato e raffinato, valorizzando ogni movimento del polso con discrezione. Disponibile nelle finiture oro e acciaio e due [&hellip;]<\/p>\n","protected":false},"featured_media":103587,"template":"","meta":[],"product_brand":[],"product_cat":[567,458,41,507,611,39],"product_tag":[353],"class_list":{"0":"post-26130","1":"product","2":"type-product","3":"status-publish","4":"has-post-thumbnail","6":"product_cat-brand-carpet","7":"product_cat-collane","8":"product_cat-collane-uomo","9":"product_cat-sotto-i-30e","10":"product_cat-spring-selection","11":"product_cat-uomo","12":"product_tag-collezione-tennis","14":"first","15":"instock","16":"shipping-taxable","17":"purchasable","18":"product-type-variable"},"yoast_head":"<!-- This site is optimized with the Yoast SEO plugin v27.4 - https:\/\/yoast.com\/product\/yoast-seo-wordpress\/ -->\n<title>Collana Tennis Classica da Uomo - Brand Gioielli<\/title>\n<meta name=\"description\" content=\"La Collana Tennis Classico da Uomo #BrandGioielli \u00e8 pensata per chi ama l\u2019eleganza essenziale e senza tempo. La sua linea sottile, arricchita da una sequenza di cristalli da 3 mm, cattura la luce in modo delicato e raffinato, valorizzando ogni movimento con discrezione.\" \/>\n<meta name=\"robots\" content=\"index, follow, max-snippet:-1, max-image-preview:large, max-video-preview:-1\" \/>\n<link rel=\"canonical\" href=\"https:\/\/brandgioielli.it\/de\/produkt\/collana-tennis-uomo\/\" \/>\n<meta property=\"og:locale\" content=\"de_DE\" \/>\n<meta property=\"og:type\" content=\"article\" \/>\n<meta property=\"og:title\" content=\"Collana Tennis Classica da Uomo - Brand Gioielli\" \/>\n<meta property=\"og:description\" content=\"La Collana Tennis Classico da Uomo #BrandGioielli \u00e8 pensata per chi ama l\u2019eleganza essenziale e senza tempo. La sua linea sottile, arricchita da una sequenza di cristalli da 3 mm, cattura la luce in modo delicato e raffinato, valorizzando ogni movimento con discrezione.\" \/>\n<meta property=\"og:url\" content=\"https:\/\/brandgioielli.it\/de\/produkt\/collana-tennis-uomo\/\" \/>\n<meta property=\"og:site_name\" content=\"#BrandGioielli\" \/>\n<meta property=\"article:modified_time\" content=\"2026-04-17T16:18:10+00:00\" \/>\n<meta property=\"og:image\" content=\"https:\/\/brandgioielli.it\/wp-content\/uploads\/2025\/10\/collana-uomo-cristalli-bianchi.jpg\" \/>\n\t<meta property=\"og:image:width\" content=\"800\" \/>\n\t<meta property=\"og:image:height\" content=\"800\" \/>\n\t<meta property=\"og:image:type\" content=\"image\/jpeg\" \/>\n<meta name=\"twitter:card\" content=\"summary_large_image\" \/>\n<meta name=\"twitter:label1\" content=\"Gesch\u00e4tzte Lesezeit\" \/>\n\t<meta name=\"twitter:data1\" content=\"1\u00a0Minute\" \/>\n<script type=\"application\/ld+json\" class=\"yoast-schema-graph\">{\"@context\":\"https:\\\/\\\/schema.org\",\"@graph\":[{\"@type\":\"WebPage\",\"@id\":\"https:\\\/\\\/brandgioielli.it\\\/prodotto\\\/collana-tennis-uomo\\\/\",\"url\":\"https:\\\/\\\/brandgioielli.it\\\/prodotto\\\/collana-tennis-uomo\\\/\",\"name\":\"Collana Tennis Classica da Uomo - Brand Gioielli\",\"isPartOf\":{\"@id\":\"https:\\\/\\\/brandgioielli.it\\\/#website\"},\"primaryImageOfPage\":{\"@id\":\"https:\\\/\\\/brandgioielli.it\\\/prodotto\\\/collana-tennis-uomo\\\/#primaryimage\"},\"image\":{\"@id\":\"https:\\\/\\\/brandgioielli.it\\\/prodotto\\\/collana-tennis-uomo\\\/#primaryimage\"},\"thumbnailUrl\":\"https:\\\/\\\/brandgioielli.it\\\/wp-content\\\/uploads\\\/2025\\\/10\\\/collana-uomo-cristalli-bianchi.jpg\",\"datePublished\":\"2025-10-03T06:53:59+00:00\",\"dateModified\":\"2026-04-17T16:18:10+00:00\",\"description\":\"La Collana Tennis Classico da Uomo #BrandGioielli \u00e8 pensata per chi ama l\u2019eleganza essenziale e senza tempo. La sua linea sottile, arricchita da una sequenza di cristalli da 3 mm, cattura la luce in modo delicato e raffinato, valorizzando ogni movimento con discrezione.\",\"breadcrumb\":{\"@id\":\"https:\\\/\\\/brandgioielli.it\\\/prodotto\\\/collana-tennis-uomo\\\/#breadcrumb\"},\"inLanguage\":\"de\",\"potentialAction\":[{\"@type\":\"ReadAction\",\"target\":[\"https:\\\/\\\/brandgioielli.it\\\/prodotto\\\/collana-tennis-uomo\\\/\"]}]},{\"@type\":\"ImageObject\",\"inLanguage\":\"de\",\"@id\":\"https:\\\/\\\/brandgioielli.it\\\/prodotto\\\/collana-tennis-uomo\\\/#primaryimage\",\"url\":\"https:\\\/\\\/brandgioielli.it\\\/wp-content\\\/uploads\\\/2025\\\/10\\\/collana-uomo-cristalli-bianchi.jpg\",\"contentUrl\":\"https:\\\/\\\/brandgioielli.it\\\/wp-content\\\/uploads\\\/2025\\\/10\\\/collana-uomo-cristalli-bianchi.jpg\",\"width\":800,\"height\":800},{\"@type\":\"BreadcrumbList\",\"@id\":\"https:\\\/\\\/brandgioielli.it\\\/prodotto\\\/collana-tennis-uomo\\\/#breadcrumb\",\"itemListElement\":[{\"@type\":\"ListItem\",\"position\":1,\"name\":\"Home\",\"item\":\"https:\\\/\\\/brandgioielli.it\\\/\"},{\"@type\":\"ListItem\",\"position\":2,\"name\":\"Shop\",\"item\":\"https:\\\/\\\/brandgioielli.it\\\/shop\\\/\"},{\"@type\":\"ListItem\",\"position\":3,\"name\":\"Collana Tennis Uomo\"}]},{\"@type\":\"WebSite\",\"@id\":\"https:\\\/\\\/brandgioielli.it\\\/#website\",\"url\":\"https:\\\/\\\/brandgioielli.it\\\/\",\"name\":\"#BrandGioielli\",\"description\":\"\",\"publisher\":{\"@id\":\"https:\\\/\\\/brandgioielli.it\\\/#organization\"},\"potentialAction\":[{\"@type\":\"SearchAction\",\"target\":{\"@type\":\"EntryPoint\",\"urlTemplate\":\"https:\\\/\\\/brandgioielli.it\\\/?s={search_term_string}\"},\"query-input\":{\"@type\":\"PropertyValueSpecification\",\"valueRequired\":true,\"valueName\":\"search_term_string\"}}],\"inLanguage\":\"de\"},{\"@type\":\"Organization\",\"@id\":\"https:\\\/\\\/brandgioielli.it\\\/#organization\",\"name\":\"Brand Gioielli\",\"url\":\"https:\\\/\\\/brandgioielli.it\\\/\",\"logo\":{\"@type\":\"ImageObject\",\"inLanguage\":\"de\",\"@id\":\"https:\\\/\\\/brandgioielli.it\\\/#\\\/schema\\\/logo\\\/image\\\/\",\"url\":\"https:\\\/\\\/brandgioielli.it\\\/wp-content\\\/uploads\\\/2025\\\/07\\\/LogoBrand.png\",\"contentUrl\":\"https:\\\/\\\/brandgioielli.it\\\/wp-content\\\/uploads\\\/2025\\\/07\\\/LogoBrand.png\",\"width\":600,\"height\":170,\"caption\":\"Brand Gioielli\"},\"image\":{\"@id\":\"https:\\\/\\\/brandgioielli.it\\\/#\\\/schema\\\/logo\\\/image\\\/\"}}]}<\/script>\n<!-- \/ Yoast SEO plugin. -->","yoast_head_json":{"title":"Klassische Tennis-Halskette f\u00fcr Herren \u2013 Markenschmuck","description":"Die klassische Tennis-Halskette von Gioielli (#BrandGioielli) ist f\u00fcr alle entworfen, die zeitlose Eleganz lieben. Ihre schlanke Linie, verziert mit einer Reihe von 3 mm gro\u00dfen Kristallen, f\u00e4ngt das Licht zart und elegant ein und unterstreicht dezent jede Bewegung.","robots":{"index":"index","follow":"follow","max-snippet":"max-snippet:-1","max-image-preview":"max-image-preview:large","max-video-preview":"max-video-preview:-1"},"canonical":"https:\/\/brandgioielli.it\/de\/produkt\/collana-tennis-uomo\/","og_locale":"de_DE","og_type":"article","og_title":"Collana Tennis Classica da Uomo - Brand Gioielli","og_description":"La Collana Tennis Classico da Uomo #BrandGioielli \u00e8 pensata per chi ama l\u2019eleganza essenziale e senza tempo. La sua linea sottile, arricchita da una sequenza di cristalli da 3 mm, cattura la luce in modo delicato e raffinato, valorizzando ogni movimento con discrezione.","og_url":"https:\/\/brandgioielli.it\/de\/produkt\/collana-tennis-uomo\/","og_site_name":"#BrandGioielli","article_modified_time":"2026-04-17T16:18:10+00:00","og_image":[{"width":800,"height":800,"url":"https:\/\/brandgioielli.it\/wp-content\/uploads\/2025\/10\/collana-uomo-cristalli-bianchi.jpg","type":"image\/jpeg"}],"twitter_card":"summary_large_image","twitter_misc":{"Gesch\u00e4tzte Lesezeit":"1\u00a0Minute"},"schema":{"@context":"https:\/\/schema.org","@graph":[{"@type":"WebPage","@id":"https:\/\/brandgioielli.it\/prodotto\/collana-tennis-uomo\/","url":"https:\/\/brandgioielli.it\/prodotto\/collana-tennis-uomo\/","name":"Klassische Tennis-Halskette f\u00fcr Herren \u2013 Markenschmuck","isPartOf":{"@id":"https:\/\/brandgioielli.it\/#website"},"primaryImageOfPage":{"@id":"https:\/\/brandgioielli.it\/prodotto\/collana-tennis-uomo\/#primaryimage"},"image":{"@id":"https:\/\/brandgioielli.it\/prodotto\/collana-tennis-uomo\/#primaryimage"},"thumbnailUrl":"https:\/\/brandgioielli.it\/wp-content\/uploads\/2025\/10\/collana-uomo-cristalli-bianchi.jpg","datePublished":"2025-10-03T06:53:59+00:00","dateModified":"2026-04-17T16:18:10+00:00","description":"Die klassische Tennis-Halskette von Gioielli (#BrandGioielli) ist f\u00fcr alle entworfen, die zeitlose Eleganz lieben. Ihre schlanke Linie, verziert mit einer Reihe von 3 mm gro\u00dfen Kristallen, f\u00e4ngt das Licht zart und elegant ein und unterstreicht dezent jede Bewegung.","breadcrumb":{"@id":"https:\/\/brandgioielli.it\/prodotto\/collana-tennis-uomo\/#breadcrumb"},"inLanguage":"de","potentialAction":[{"@type":"ReadAction","target":["https:\/\/brandgioielli.it\/prodotto\/collana-tennis-uomo\/"]}]},{"@type":"ImageObject","inLanguage":"de","@id":"https:\/\/brandgioielli.it\/prodotto\/collana-tennis-uomo\/#primaryimage","url":"https:\/\/brandgioielli.it\/wp-content\/uploads\/2025\/10\/collana-uomo-cristalli-bianchi.jpg","contentUrl":"https:\/\/brandgioielli.it\/wp-content\/uploads\/2025\/10\/collana-uomo-cristalli-bianchi.jpg","width":800,"height":800},{"@type":"BreadcrumbList","@id":"https:\/\/brandgioielli.it\/prodotto\/collana-tennis-uomo\/#breadcrumb","itemListElement":[{"@type":"ListItem","position":1,"name":"Home","item":"https:\/\/brandgioielli.it\/"},{"@type":"ListItem","position":2,"name":"Shop","item":"https:\/\/brandgioielli.it\/shop\/"},{"@type":"ListItem","position":3,"name":"Collana Tennis Uomo"}]},{"@type":"WebSite","@id":"https:\/\/brandgioielli.it\/#website","url":"https:\/\/brandgioielli.it\/","name":"#BrandGioielli","description":"","publisher":{"@id":"https:\/\/brandgioielli.it\/#organization"},"potentialAction":[{"@type":"SearchAction","target":{"@type":"EntryPoint","urlTemplate":"https:\/\/brandgioielli.it\/?s={search_term_string}"},"query-input":{"@type":"PropertyValueSpecification","valueRequired":true,"valueName":"search_term_string"}}],"inLanguage":"de"},{"@type":"Organization","@id":"https:\/\/brandgioielli.it\/#organization","name":"Markenschmuck","url":"https:\/\/brandgioielli.it\/","logo":{"@type":"ImageObject","inLanguage":"de","@id":"https:\/\/brandgioielli.it\/#\/schema\/logo\/image\/","url":"https:\/\/brandgioielli.it\/wp-content\/uploads\/2025\/07\/LogoBrand.png","contentUrl":"https:\/\/brandgioielli.it\/wp-content\/uploads\/2025\/07\/LogoBrand.png","width":600,"height":170,"caption":"Brand Gioielli"},"image":{"@id":"https:\/\/brandgioielli.it\/#\/schema\/logo\/image\/"}}]}},"_links":{"self":[{"href":"https:\/\/brandgioielli.it\/de\/wp-json\/wp\/v2\/product\/26130","targetHints":{"allow":["GET"]}}],"collection":[{"href":"https:\/\/brandgioielli.it\/de\/wp-json\/wp\/v2\/product"}],"about":[{"href":"https:\/\/brandgioielli.it\/de\/wp-json\/wp\/v2\/types\/product"}],"version-history":[{"count":3,"href":"https:\/\/brandgioielli.it\/de\/wp-json\/wp\/v2\/product\/26130\/revisions"}],"predecessor-version":[{"id":103591,"href":"https:\/\/brandgioielli.it\/de\/wp-json\/wp\/v2\/product\/26130\/revisions\/103591"}],"wp:featuredmedia":[{"embeddable":true,"href":"https:\/\/brandgioielli.it\/de\/wp-json\/wp\/v2\/media\/103587"}],"wp:attachment":[{"href":"https:\/\/brandgioielli.it\/de\/wp-json\/wp\/v2\/media?parent=26130"}],"wp:term":[{"taxonomy":"product_brand","embeddable":true,"href":"https:\/\/brandgioielli.it\/de\/wp-json\/wp\/v2\/product_brand?post=26130"},{"taxonomy":"product_cat","embeddable":true,"href":"https:\/\/brandgioielli.it\/de\/wp-json\/wp\/v2\/product_cat?post=26130"},{"taxonomy":"product_tag","embeddable":true,"href":"https:\/\/brandgioielli.it\/de\/wp-json\/wp\/v2\/product_tag?post=26130"}],"curies":[{"name":"wp","href":"https:\/\/api.w.org\/{rel}","templated":true}]}}