{"id":26089,"date":"2025-09-19T16:28:04","date_gmt":"2025-09-19T14:28:04","guid":{"rendered":"https:\/\/sandybrown-lark-277155.hostingersite.com\/prodotto\/bracciale-maxi-tennis-elastico-donna\/"},"modified":"2026-04-17T18:18:01","modified_gmt":"2026-04-17T16:18:01","slug":"bracciale-maxi-tennis-elastico-donna","status":"publish","type":"product","link":"https:\/\/brandgioielli.it\/de\/produkt\/bracciale-maxi-tennis-elastico-donna\/","title":{"rendered":"Maxi Tennis Elastisches Damenarmband"},"content":{"rendered":"<h3>Maxi Tennis Elastisches Damenarmband<\/h3>\n<p>Das dehnbare Maxi-Tennisarmband f\u00fcr Damen von #Brand Gioielli besticht durch sein elegantes und zeitloses Design. Die regelm\u00e4\u00dfige Anordnung der Kristalle verleiht dem Armband Glanz und Raffinesse. Klare Linien und harmonische Proportionen unterstreichen die klassische \u00c4sthetik, die modern interpretiert wird und somit zu jedem Anlass passt. Erh\u00e4ltlich in verschiedenen Farben und Ausf\u00fchrungen, bietet dieses Armband die M\u00f6glichkeit, die Variante zu w\u00e4hlen, die am besten zu Ihrem Stil passt. Ein vielseitiges und elegantes Schmuckst\u00fcck, das sich perfekt solo oder in Kombination mit anderen Accessoires tragen l\u00e4sst und Ihrem Look eine dezente Eleganz verleiht.<\/p>\n<p><strong>TECHNISCHE DATEN<\/strong><\/p>\n<ul>\n<li>Maxi Tennis Elastisches Damenarmband<\/li>\n<li>L\u00e4nge: passend f\u00fcr ein 16 cm Handgelenk<\/li>\n<li>Kristallgr\u00f6\u00dfe: 4 mm<\/li>\n<li>Kristallfarbe: Wei\u00df, Rosa, Rot, Blau, Gr\u00fcn, Schwarz<\/li>\n<li>Ausf\u00fchrung: Stahl oder Gold PVD<\/li>\n<li>Material: Edelstahl, Kristalle<\/li>\n<\/ul>\n<p><em>Alle Schmuckst\u00fccke der Marke #Brand sind aus dem reinsten chirurgischen Edelstahl auf dem Markt hergestellt, auf Nickel getestet und so konzipiert, dass sie jeden Tag getragen werden k\u00f6nnen, ohne dass Verf\u00e4rbungen oder Verschlei\u00dferscheinungen zu bef\u00fcrchten sind.<\/em><\/p>","protected":false},"excerpt":{"rendered":"<p>Bracciale Maxi Tennis Elastico Donna Il bracciale maxi tennis elastico da donna firmato #Brand Gioielli si distingue per il suo stile elegante e intramontabile, caratterizzato da una sequenza regolare di cristalli che donano luce e raffinatezza al design. Le linee pulite e l\u2019equilibrio delle proporzioni esaltano un\u2019estetica classica, reinterpretata in chiave contemporanea per adattarsi a [&hellip;]<\/p>\n","protected":false},"featured_media":103685,"template":"","meta":[],"product_brand":[],"product_cat":[459,20,567,19,506,611],"product_tag":[353],"class_list":{"0":"post-26089","1":"product","2":"type-product","3":"status-publish","4":"has-post-thumbnail","6":"product_cat-bracciali","7":"product_cat-bracciali-donna","8":"product_cat-brand-carpet","9":"product_cat-donna","10":"product_cat-sotto-i-20e","11":"product_cat-spring-selection","12":"product_tag-collezione-tennis","14":"first","15":"instock","16":"shipping-taxable","17":"purchasable","18":"product-type-variable"},"yoast_head":"<!-- This site is optimized with the Yoast SEO plugin v27.4 - https:\/\/yoast.com\/product\/yoast-seo-wordpress\/ -->\n<title>Bracciale Maxi Tennis Elastico da Donna - Brand Gioielli<\/title>\n<meta name=\"description\" content=\"Il Bracciale Maxi Tennis da Donna elastico e colorato Brand Gioielli \u00e8 pensato per chi ama l\u2019eleganza essenziale e senza tempo. La sua linea sottile, arricchita da una sequenza di cristalli da 4 mm, cattura la luce in modo delicato e raffinato valorizzando ogni movimento del polso con discrezione.\" \/>\n<meta name=\"robots\" content=\"index, follow, max-snippet:-1, max-image-preview:large, max-video-preview:-1\" \/>\n<link rel=\"canonical\" href=\"https:\/\/brandgioielli.it\/de\/produkt\/bracciale-maxi-tennis-elastico-donna\/\" \/>\n<meta property=\"og:locale\" content=\"de_DE\" \/>\n<meta property=\"og:type\" content=\"article\" \/>\n<meta property=\"og:title\" content=\"Bracciale Maxi Tennis Elastico da Donna - Brand Gioielli\" \/>\n<meta property=\"og:description\" content=\"Il Bracciale Maxi Tennis da Donna elastico e colorato Brand Gioielli \u00e8 pensato per chi ama l\u2019eleganza essenziale e senza tempo. La sua linea sottile, arricchita da una sequenza di cristalli da 4 mm, cattura la luce in modo delicato e raffinato valorizzando ogni movimento del polso con discrezione.\" \/>\n<meta property=\"og:url\" content=\"https:\/\/brandgioielli.it\/de\/produkt\/bracciale-maxi-tennis-elastico-donna\/\" \/>\n<meta property=\"og:site_name\" content=\"#BrandGioielli\" \/>\n<meta property=\"article:modified_time\" content=\"2026-04-17T16:18:01+00:00\" \/>\n<meta property=\"og:image\" content=\"https:\/\/brandgioielli.it\/wp-content\/uploads\/2025\/09\/bracciale-elastico-cristalli-bianchi.jpg\" \/>\n\t<meta property=\"og:image:width\" content=\"800\" \/>\n\t<meta property=\"og:image:height\" content=\"800\" \/>\n\t<meta property=\"og:image:type\" content=\"image\/jpeg\" \/>\n<meta name=\"twitter:card\" content=\"summary_large_image\" \/>\n<meta name=\"twitter:label1\" content=\"Gesch\u00e4tzte Lesezeit\" \/>\n\t<meta name=\"twitter:data1\" content=\"2\u00a0Minuten\" \/>\n<script type=\"application\/ld+json\" class=\"yoast-schema-graph\">{\"@context\":\"https:\\\/\\\/schema.org\",\"@graph\":[{\"@type\":\"WebPage\",\"@id\":\"https:\\\/\\\/brandgioielli.it\\\/prodotto\\\/bracciale-maxi-tennis-elastico-donna\\\/\",\"url\":\"https:\\\/\\\/brandgioielli.it\\\/prodotto\\\/bracciale-maxi-tennis-elastico-donna\\\/\",\"name\":\"Bracciale Maxi Tennis Elastico da Donna - Brand Gioielli\",\"isPartOf\":{\"@id\":\"https:\\\/\\\/brandgioielli.it\\\/#website\"},\"primaryImageOfPage\":{\"@id\":\"https:\\\/\\\/brandgioielli.it\\\/prodotto\\\/bracciale-maxi-tennis-elastico-donna\\\/#primaryimage\"},\"image\":{\"@id\":\"https:\\\/\\\/brandgioielli.it\\\/prodotto\\\/bracciale-maxi-tennis-elastico-donna\\\/#primaryimage\"},\"thumbnailUrl\":\"https:\\\/\\\/brandgioielli.it\\\/wp-content\\\/uploads\\\/2025\\\/09\\\/bracciale-elastico-cristalli-bianchi.jpg\",\"datePublished\":\"2025-09-19T14:28:04+00:00\",\"dateModified\":\"2026-04-17T16:18:01+00:00\",\"description\":\"Il Bracciale Maxi Tennis da Donna elastico e colorato Brand Gioielli \u00e8 pensato per chi ama l\u2019eleganza essenziale e senza tempo. La sua linea sottile, arricchita da una sequenza di cristalli da 4 mm, cattura la luce in modo delicato e raffinato valorizzando ogni movimento del polso con discrezione.\",\"breadcrumb\":{\"@id\":\"https:\\\/\\\/brandgioielli.it\\\/prodotto\\\/bracciale-maxi-tennis-elastico-donna\\\/#breadcrumb\"},\"inLanguage\":\"de\",\"potentialAction\":[{\"@type\":\"ReadAction\",\"target\":[\"https:\\\/\\\/brandgioielli.it\\\/prodotto\\\/bracciale-maxi-tennis-elastico-donna\\\/\"]}]},{\"@type\":\"ImageObject\",\"inLanguage\":\"de\",\"@id\":\"https:\\\/\\\/brandgioielli.it\\\/prodotto\\\/bracciale-maxi-tennis-elastico-donna\\\/#primaryimage\",\"url\":\"https:\\\/\\\/brandgioielli.it\\\/wp-content\\\/uploads\\\/2025\\\/09\\\/bracciale-elastico-cristalli-bianchi.jpg\",\"contentUrl\":\"https:\\\/\\\/brandgioielli.it\\\/wp-content\\\/uploads\\\/2025\\\/09\\\/bracciale-elastico-cristalli-bianchi.jpg\",\"width\":800,\"height\":800},{\"@type\":\"BreadcrumbList\",\"@id\":\"https:\\\/\\\/brandgioielli.it\\\/prodotto\\\/bracciale-maxi-tennis-elastico-donna\\\/#breadcrumb\",\"itemListElement\":[{\"@type\":\"ListItem\",\"position\":1,\"name\":\"Home\",\"item\":\"https:\\\/\\\/brandgioielli.it\\\/\"},{\"@type\":\"ListItem\",\"position\":2,\"name\":\"Shop\",\"item\":\"https:\\\/\\\/brandgioielli.it\\\/shop\\\/\"},{\"@type\":\"ListItem\",\"position\":3,\"name\":\"Bracciale Maxi Tennis Elastico Donna\"}]},{\"@type\":\"WebSite\",\"@id\":\"https:\\\/\\\/brandgioielli.it\\\/#website\",\"url\":\"https:\\\/\\\/brandgioielli.it\\\/\",\"name\":\"#BrandGioielli\",\"description\":\"\",\"publisher\":{\"@id\":\"https:\\\/\\\/brandgioielli.it\\\/#organization\"},\"potentialAction\":[{\"@type\":\"SearchAction\",\"target\":{\"@type\":\"EntryPoint\",\"urlTemplate\":\"https:\\\/\\\/brandgioielli.it\\\/?s={search_term_string}\"},\"query-input\":{\"@type\":\"PropertyValueSpecification\",\"valueRequired\":true,\"valueName\":\"search_term_string\"}}],\"inLanguage\":\"de\"},{\"@type\":\"Organization\",\"@id\":\"https:\\\/\\\/brandgioielli.it\\\/#organization\",\"name\":\"Brand Gioielli\",\"url\":\"https:\\\/\\\/brandgioielli.it\\\/\",\"logo\":{\"@type\":\"ImageObject\",\"inLanguage\":\"de\",\"@id\":\"https:\\\/\\\/brandgioielli.it\\\/#\\\/schema\\\/logo\\\/image\\\/\",\"url\":\"https:\\\/\\\/brandgioielli.it\\\/wp-content\\\/uploads\\\/2025\\\/07\\\/LogoBrand.png\",\"contentUrl\":\"https:\\\/\\\/brandgioielli.it\\\/wp-content\\\/uploads\\\/2025\\\/07\\\/LogoBrand.png\",\"width\":600,\"height\":170,\"caption\":\"Brand Gioielli\"},\"image\":{\"@id\":\"https:\\\/\\\/brandgioielli.it\\\/#\\\/schema\\\/logo\\\/image\\\/\"}}]}<\/script>\n<!-- \/ Yoast SEO plugin. -->","yoast_head_json":{"title":"Bracciale Maxi Tennis Elastico da Donna - Brand Gioielli","description":"Il Bracciale Maxi Tennis da Donna elastico e colorato Brand Gioielli \u00e8 pensato per chi ama l\u2019eleganza essenziale e senza tempo. La sua linea sottile, arricchita da una sequenza di cristalli da 4 mm, cattura la luce in modo delicato e raffinato valorizzando ogni movimento del polso con discrezione.","robots":{"index":"index","follow":"follow","max-snippet":"max-snippet:-1","max-image-preview":"max-image-preview:large","max-video-preview":"max-video-preview:-1"},"canonical":"https:\/\/brandgioielli.it\/de\/produkt\/bracciale-maxi-tennis-elastico-donna\/","og_locale":"de_DE","og_type":"article","og_title":"Bracciale Maxi Tennis Elastico da Donna - Brand Gioielli","og_description":"Il Bracciale Maxi Tennis da Donna elastico e colorato Brand Gioielli \u00e8 pensato per chi ama l\u2019eleganza essenziale e senza tempo. La sua linea sottile, arricchita da una sequenza di cristalli da 4 mm, cattura la luce in modo delicato e raffinato valorizzando ogni movimento del polso con discrezione.","og_url":"https:\/\/brandgioielli.it\/de\/produkt\/bracciale-maxi-tennis-elastico-donna\/","og_site_name":"#BrandGioielli","article_modified_time":"2026-04-17T16:18:01+00:00","og_image":[{"width":800,"height":800,"url":"https:\/\/brandgioielli.it\/wp-content\/uploads\/2025\/09\/bracciale-elastico-cristalli-bianchi.jpg","type":"image\/jpeg"}],"twitter_card":"summary_large_image","twitter_misc":{"Gesch\u00e4tzte Lesezeit":"2\u00a0Minuten"},"schema":{"@context":"https:\/\/schema.org","@graph":[{"@type":"WebPage","@id":"https:\/\/brandgioielli.it\/prodotto\/bracciale-maxi-tennis-elastico-donna\/","url":"https:\/\/brandgioielli.it\/prodotto\/bracciale-maxi-tennis-elastico-donna\/","name":"Bracciale Maxi Tennis Elastico da Donna - Brand Gioielli","isPartOf":{"@id":"https:\/\/brandgioielli.it\/#website"},"primaryImageOfPage":{"@id":"https:\/\/brandgioielli.it\/prodotto\/bracciale-maxi-tennis-elastico-donna\/#primaryimage"},"image":{"@id":"https:\/\/brandgioielli.it\/prodotto\/bracciale-maxi-tennis-elastico-donna\/#primaryimage"},"thumbnailUrl":"https:\/\/brandgioielli.it\/wp-content\/uploads\/2025\/09\/bracciale-elastico-cristalli-bianchi.jpg","datePublished":"2025-09-19T14:28:04+00:00","dateModified":"2026-04-17T16:18:01+00:00","description":"Il Bracciale Maxi Tennis da Donna elastico e colorato Brand Gioielli \u00e8 pensato per chi ama l\u2019eleganza essenziale e senza tempo. La sua linea sottile, arricchita da una sequenza di cristalli da 4 mm, cattura la luce in modo delicato e raffinato valorizzando ogni movimento del polso con discrezione.","breadcrumb":{"@id":"https:\/\/brandgioielli.it\/prodotto\/bracciale-maxi-tennis-elastico-donna\/#breadcrumb"},"inLanguage":"de","potentialAction":[{"@type":"ReadAction","target":["https:\/\/brandgioielli.it\/prodotto\/bracciale-maxi-tennis-elastico-donna\/"]}]},{"@type":"ImageObject","inLanguage":"de","@id":"https:\/\/brandgioielli.it\/prodotto\/bracciale-maxi-tennis-elastico-donna\/#primaryimage","url":"https:\/\/brandgioielli.it\/wp-content\/uploads\/2025\/09\/bracciale-elastico-cristalli-bianchi.jpg","contentUrl":"https:\/\/brandgioielli.it\/wp-content\/uploads\/2025\/09\/bracciale-elastico-cristalli-bianchi.jpg","width":800,"height":800},{"@type":"BreadcrumbList","@id":"https:\/\/brandgioielli.it\/prodotto\/bracciale-maxi-tennis-elastico-donna\/#breadcrumb","itemListElement":[{"@type":"ListItem","position":1,"name":"Home","item":"https:\/\/brandgioielli.it\/"},{"@type":"ListItem","position":2,"name":"Shop","item":"https:\/\/brandgioielli.it\/shop\/"},{"@type":"ListItem","position":3,"name":"Bracciale Maxi Tennis Elastico Donna"}]},{"@type":"WebSite","@id":"https:\/\/brandgioielli.it\/#website","url":"https:\/\/brandgioielli.it\/","name":"#BrandGioielli","description":"","publisher":{"@id":"https:\/\/brandgioielli.it\/#organization"},"potentialAction":[{"@type":"SearchAction","target":{"@type":"EntryPoint","urlTemplate":"https:\/\/brandgioielli.it\/?s={search_term_string}"},"query-input":{"@type":"PropertyValueSpecification","valueRequired":true,"valueName":"search_term_string"}}],"inLanguage":"de"},{"@type":"Organization","@id":"https:\/\/brandgioielli.it\/#organization","name":"Markenschmuck","url":"https:\/\/brandgioielli.it\/","logo":{"@type":"ImageObject","inLanguage":"de","@id":"https:\/\/brandgioielli.it\/#\/schema\/logo\/image\/","url":"https:\/\/brandgioielli.it\/wp-content\/uploads\/2025\/07\/LogoBrand.png","contentUrl":"https:\/\/brandgioielli.it\/wp-content\/uploads\/2025\/07\/LogoBrand.png","width":600,"height":170,"caption":"Brand Gioielli"},"image":{"@id":"https:\/\/brandgioielli.it\/#\/schema\/logo\/image\/"}}]}},"_links":{"self":[{"href":"https:\/\/brandgioielli.it\/de\/wp-json\/wp\/v2\/product\/26089","targetHints":{"allow":["GET"]}}],"collection":[{"href":"https:\/\/brandgioielli.it\/de\/wp-json\/wp\/v2\/product"}],"about":[{"href":"https:\/\/brandgioielli.it\/de\/wp-json\/wp\/v2\/types\/product"}],"version-history":[{"count":6,"href":"https:\/\/brandgioielli.it\/de\/wp-json\/wp\/v2\/product\/26089\/revisions"}],"predecessor-version":[{"id":103687,"href":"https:\/\/brandgioielli.it\/de\/wp-json\/wp\/v2\/product\/26089\/revisions\/103687"}],"wp:featuredmedia":[{"embeddable":true,"href":"https:\/\/brandgioielli.it\/de\/wp-json\/wp\/v2\/media\/103685"}],"wp:attachment":[{"href":"https:\/\/brandgioielli.it\/de\/wp-json\/wp\/v2\/media?parent=26089"}],"wp:term":[{"taxonomy":"product_brand","embeddable":true,"href":"https:\/\/brandgioielli.it\/de\/wp-json\/wp\/v2\/product_brand?post=26089"},{"taxonomy":"product_cat","embeddable":true,"href":"https:\/\/brandgioielli.it\/de\/wp-json\/wp\/v2\/product_cat?post=26089"},{"taxonomy":"product_tag","embeddable":true,"href":"https:\/\/brandgioielli.it\/de\/wp-json\/wp\/v2\/product_tag?post=26089"}],"curies":[{"name":"wp","href":"https:\/\/api.w.org\/{rel}","templated":true}]}}