{"id":25999,"date":"2025-09-19T16:25:53","date_gmt":"2025-09-19T14:25:53","guid":{"rendered":"https:\/\/sandybrown-lark-277155.hostingersite.com\/prodotto\/bracciale-micro-tennis-colore-alternato-donna\/"},"modified":"2026-04-23T12:18:03","modified_gmt":"2026-04-23T10:18:03","slug":"bracciale-micro-tennis-alternato-donna","status":"publish","type":"product","link":"https:\/\/brandgioielli.it\/de\/produkt\/bracciale-micro-tennis-alternato-donna\/","title":{"rendered":"Damen-Mikro-Tennisarmband mit abwechselnden B\u00e4ndern"},"content":{"rendered":"<h3>Damen-Mikro-Tennisarmband mit abwechselnden B\u00e4ndern<\/h3>\n<p>Das Damen-Mikro-Tennisarmband mit abwechselnden Farben von #Brand Gioielli besticht durch sein elegantes und zeitloses Design mit einer raffinierten Abfolge harmonisch angeordneter, leuchtender Kristalle. Das klassische Tennisarmband wird durch den Wechsel von wei\u00dfen Kristallen mit zarten Farbtupfern modern interpretiert, wodurch das Schmuckst\u00fcck Dynamik und Pers\u00f6nlichkeit erh\u00e4lt, ohne an Eleganz einzub\u00fc\u00dfen. Die klaren Linien und der gl\u00e4nzende Edelstahl unterstreichen den femininen und raffinierten Stil und machen dieses Armband zu einem vielseitigen Accessoire, das sich perfekt f\u00fcr den Alltag eignet oder elegantere Outfits mit einem strahlenden und raffinierten Detail abrundet.<\/p>\n<p><strong>TECHNISCHE DATEN<\/strong><\/p>\n<ul>\n<li>Damen-Mikro-Tennisarmband mit abwechselnden B\u00e4ndern<\/li>\n<li>L\u00e4nge: 16cm + 3cm Verl\u00e4ngerung, mit herzf\u00f6rmiger Kette<\/li>\n<li>Kristallgr\u00f6\u00dfe: 1,5 mm<\/li>\n<li>Kristallfarbe: Wei\u00df abwechselnd mit Rosa, Rot, Blau oder Gr\u00fcn<\/li>\n<li>Ausf\u00fchrung: Stahl<\/li>\n<li>Material: Edelstahl, Kristalle<\/li>\n<\/ul>\n<p><em>Alle Schmuckst\u00fccke der Marke #Brand sind aus dem reinsten chirurgischen Edelstahl auf dem Markt hergestellt, auf Nickel getestet und so konzipiert, dass sie jeden Tag getragen werden k\u00f6nnen, ohne dass Verf\u00e4rbungen oder Verschlei\u00dferscheinungen zu bef\u00fcrchten sind.\u00a0<\/em><\/p>","protected":false},"excerpt":{"rendered":"<p>Bracciale Micro Tennis Alternato Donna Il bracciale micro tennis con colore alternato da donna firmato #Brand Gioielli si distingue per il suo design elegante e senza tempo, caratterizzato da una raffinata sequenza di cristalli luminosi disposti in modo armonioso. La classica struttura tennis viene reinterpretata in chiave contemporanea grazie all\u2019alternanza del cristallo bianco a delicati [&hellip;]<\/p>\n","protected":false},"featured_media":103728,"template":"","meta":[],"product_brand":[],"product_cat":[459,20,567,19,612,506,611],"product_tag":[353],"class_list":{"0":"post-25999","1":"product","2":"type-product","3":"status-publish","4":"has-post-thumbnail","6":"product_cat-bracciali","7":"product_cat-bracciali-donna","8":"product_cat-brand-carpet","9":"product_cat-donna","10":"product_cat-festa-della-mamma","11":"product_cat-sotto-i-20e","12":"product_cat-spring-selection","13":"product_tag-collezione-tennis","15":"first","16":"instock","17":"shipping-taxable","18":"purchasable","19":"product-type-variable"},"yoast_head":"<!-- This site is optimized with the Yoast SEO plugin v27.4 - https:\/\/yoast.com\/product\/yoast-seo-wordpress\/ -->\n<title>Bracciale Micro Tennis da Donna a Colore Alternato - Brand Gioielli<\/title>\n<meta name=\"description\" content=\"Il Bracciale Micro Tennis da donna #BrandGioielli a colore alternato \u00e8 pensato per chi ama l\u2019eleganza essenziale e senza tempo. La sua linea sottile, arricchita da una sequenza di cristalli da 1,5 mm, cattura la luce in modo delicato e raffinato valorizzando ogni movimento del polso con discrezione.\" \/>\n<meta name=\"robots\" content=\"index, follow, max-snippet:-1, max-image-preview:large, max-video-preview:-1\" \/>\n<link rel=\"canonical\" href=\"https:\/\/brandgioielli.it\/de\/produkt\/bracciale-micro-tennis-alternato-donna\/\" \/>\n<meta property=\"og:locale\" content=\"de_DE\" \/>\n<meta property=\"og:type\" content=\"article\" \/>\n<meta property=\"og:title\" content=\"Bracciale Micro Tennis da Donna a Colore Alternato - Brand Gioielli\" \/>\n<meta property=\"og:description\" content=\"Il Bracciale Micro Tennis da donna #BrandGioielli a colore alternato \u00e8 pensato per chi ama l\u2019eleganza essenziale e senza tempo. La sua linea sottile, arricchita da una sequenza di cristalli da 1,5 mm, cattura la luce in modo delicato e raffinato valorizzando ogni movimento del polso con discrezione.\" \/>\n<meta property=\"og:url\" content=\"https:\/\/brandgioielli.it\/de\/produkt\/bracciale-micro-tennis-alternato-donna\/\" \/>\n<meta property=\"og:site_name\" content=\"#BrandGioielli\" \/>\n<meta property=\"article:modified_time\" content=\"2026-04-23T10:18:03+00:00\" \/>\n<meta property=\"og:image\" content=\"https:\/\/brandgioielli.it\/wp-content\/uploads\/2025\/09\/bracciale-micro-cristalli-rosa-alternato-15mm-1.jpg\" \/>\n\t<meta property=\"og:image:width\" content=\"800\" \/>\n\t<meta property=\"og:image:height\" content=\"800\" \/>\n\t<meta property=\"og:image:type\" content=\"image\/jpeg\" \/>\n<meta name=\"twitter:card\" content=\"summary_large_image\" \/>\n<meta name=\"twitter:label1\" content=\"Gesch\u00e4tzte Lesezeit\" \/>\n\t<meta name=\"twitter:data1\" content=\"2\u00a0Minuten\" \/>\n<script type=\"application\/ld+json\" class=\"yoast-schema-graph\">{\"@context\":\"https:\\\/\\\/schema.org\",\"@graph\":[{\"@type\":\"WebPage\",\"@id\":\"https:\\\/\\\/brandgioielli.it\\\/prodotto\\\/bracciale-micro-tennis-alternato-donna\\\/\",\"url\":\"https:\\\/\\\/brandgioielli.it\\\/prodotto\\\/bracciale-micro-tennis-alternato-donna\\\/\",\"name\":\"Bracciale Micro Tennis da Donna a Colore Alternato - Brand Gioielli\",\"isPartOf\":{\"@id\":\"https:\\\/\\\/brandgioielli.it\\\/#website\"},\"primaryImageOfPage\":{\"@id\":\"https:\\\/\\\/brandgioielli.it\\\/prodotto\\\/bracciale-micro-tennis-alternato-donna\\\/#primaryimage\"},\"image\":{\"@id\":\"https:\\\/\\\/brandgioielli.it\\\/prodotto\\\/bracciale-micro-tennis-alternato-donna\\\/#primaryimage\"},\"thumbnailUrl\":\"https:\\\/\\\/brandgioielli.it\\\/wp-content\\\/uploads\\\/2025\\\/09\\\/bracciale-micro-cristalli-rosa-alternato-15mm-1.jpg\",\"datePublished\":\"2025-09-19T14:25:53+00:00\",\"dateModified\":\"2026-04-23T10:18:03+00:00\",\"description\":\"Il Bracciale Micro Tennis da donna #BrandGioielli a colore alternato \u00e8 pensato per chi ama l\u2019eleganza essenziale e senza tempo. La sua linea sottile, arricchita da una sequenza di cristalli da 1,5 mm, cattura la luce in modo delicato e raffinato valorizzando ogni movimento del polso con discrezione.\",\"breadcrumb\":{\"@id\":\"https:\\\/\\\/brandgioielli.it\\\/prodotto\\\/bracciale-micro-tennis-alternato-donna\\\/#breadcrumb\"},\"inLanguage\":\"de\",\"potentialAction\":[{\"@type\":\"ReadAction\",\"target\":[\"https:\\\/\\\/brandgioielli.it\\\/prodotto\\\/bracciale-micro-tennis-alternato-donna\\\/\"]}]},{\"@type\":\"ImageObject\",\"inLanguage\":\"de\",\"@id\":\"https:\\\/\\\/brandgioielli.it\\\/prodotto\\\/bracciale-micro-tennis-alternato-donna\\\/#primaryimage\",\"url\":\"https:\\\/\\\/brandgioielli.it\\\/wp-content\\\/uploads\\\/2025\\\/09\\\/bracciale-micro-cristalli-rosa-alternato-15mm-1.jpg\",\"contentUrl\":\"https:\\\/\\\/brandgioielli.it\\\/wp-content\\\/uploads\\\/2025\\\/09\\\/bracciale-micro-cristalli-rosa-alternato-15mm-1.jpg\",\"width\":800,\"height\":800},{\"@type\":\"BreadcrumbList\",\"@id\":\"https:\\\/\\\/brandgioielli.it\\\/prodotto\\\/bracciale-micro-tennis-alternato-donna\\\/#breadcrumb\",\"itemListElement\":[{\"@type\":\"ListItem\",\"position\":1,\"name\":\"Home\",\"item\":\"https:\\\/\\\/brandgioielli.it\\\/\"},{\"@type\":\"ListItem\",\"position\":2,\"name\":\"Shop\",\"item\":\"https:\\\/\\\/brandgioielli.it\\\/shop\\\/\"},{\"@type\":\"ListItem\",\"position\":3,\"name\":\"Bracciale Micro Tennis Alternato Donna\"}]},{\"@type\":\"WebSite\",\"@id\":\"https:\\\/\\\/brandgioielli.it\\\/#website\",\"url\":\"https:\\\/\\\/brandgioielli.it\\\/\",\"name\":\"#BrandGioielli\",\"description\":\"\",\"publisher\":{\"@id\":\"https:\\\/\\\/brandgioielli.it\\\/#organization\"},\"potentialAction\":[{\"@type\":\"SearchAction\",\"target\":{\"@type\":\"EntryPoint\",\"urlTemplate\":\"https:\\\/\\\/brandgioielli.it\\\/?s={search_term_string}\"},\"query-input\":{\"@type\":\"PropertyValueSpecification\",\"valueRequired\":true,\"valueName\":\"search_term_string\"}}],\"inLanguage\":\"de\"},{\"@type\":\"Organization\",\"@id\":\"https:\\\/\\\/brandgioielli.it\\\/#organization\",\"name\":\"Brand Gioielli\",\"url\":\"https:\\\/\\\/brandgioielli.it\\\/\",\"logo\":{\"@type\":\"ImageObject\",\"inLanguage\":\"de\",\"@id\":\"https:\\\/\\\/brandgioielli.it\\\/#\\\/schema\\\/logo\\\/image\\\/\",\"url\":\"https:\\\/\\\/brandgioielli.it\\\/wp-content\\\/uploads\\\/2025\\\/07\\\/LogoBrand.png\",\"contentUrl\":\"https:\\\/\\\/brandgioielli.it\\\/wp-content\\\/uploads\\\/2025\\\/07\\\/LogoBrand.png\",\"width\":600,\"height\":170,\"caption\":\"Brand Gioielli\"},\"image\":{\"@id\":\"https:\\\/\\\/brandgioielli.it\\\/#\\\/schema\\\/logo\\\/image\\\/\"}}]}<\/script>\n<!-- \/ Yoast SEO plugin. -->","yoast_head_json":{"title":"Damen-Mikro-Tennisarmband mit wechselnden Farben \u2013 Marke Gioielli","description":"Das Micro-Tennisarmband #BrandGioielli f\u00fcr Damen in abwechselnden Farben ist f\u00fcr alle entworfen, die schlichte und zeitlose Eleganz lieben. Seine schlanke Linie, verziert mit einer Reihe von 1,5 mm gro\u00dfen Kristallen, f\u00e4ngt das Licht zart und elegant ein und unterstreicht dezent jede Bewegung des Handgelenks.","robots":{"index":"index","follow":"follow","max-snippet":"max-snippet:-1","max-image-preview":"max-image-preview:large","max-video-preview":"max-video-preview:-1"},"canonical":"https:\/\/brandgioielli.it\/de\/produkt\/bracciale-micro-tennis-alternato-donna\/","og_locale":"de_DE","og_type":"article","og_title":"Bracciale Micro Tennis da Donna a Colore Alternato - Brand Gioielli","og_description":"Il Bracciale Micro Tennis da donna #BrandGioielli a colore alternato \u00e8 pensato per chi ama l\u2019eleganza essenziale e senza tempo. La sua linea sottile, arricchita da una sequenza di cristalli da 1,5 mm, cattura la luce in modo delicato e raffinato valorizzando ogni movimento del polso con discrezione.","og_url":"https:\/\/brandgioielli.it\/de\/produkt\/bracciale-micro-tennis-alternato-donna\/","og_site_name":"#BrandGioielli","article_modified_time":"2026-04-23T10:18:03+00:00","og_image":[{"width":800,"height":800,"url":"https:\/\/brandgioielli.it\/wp-content\/uploads\/2025\/09\/bracciale-micro-cristalli-rosa-alternato-15mm-1.jpg","type":"image\/jpeg"}],"twitter_card":"summary_large_image","twitter_misc":{"Gesch\u00e4tzte Lesezeit":"2\u00a0Minuten"},"schema":{"@context":"https:\/\/schema.org","@graph":[{"@type":"WebPage","@id":"https:\/\/brandgioielli.it\/prodotto\/bracciale-micro-tennis-alternato-donna\/","url":"https:\/\/brandgioielli.it\/prodotto\/bracciale-micro-tennis-alternato-donna\/","name":"Damen-Mikro-Tennisarmband mit wechselnden Farben \u2013 Marke Gioielli","isPartOf":{"@id":"https:\/\/brandgioielli.it\/#website"},"primaryImageOfPage":{"@id":"https:\/\/brandgioielli.it\/prodotto\/bracciale-micro-tennis-alternato-donna\/#primaryimage"},"image":{"@id":"https:\/\/brandgioielli.it\/prodotto\/bracciale-micro-tennis-alternato-donna\/#primaryimage"},"thumbnailUrl":"https:\/\/brandgioielli.it\/wp-content\/uploads\/2025\/09\/bracciale-micro-cristalli-rosa-alternato-15mm-1.jpg","datePublished":"2025-09-19T14:25:53+00:00","dateModified":"2026-04-23T10:18:03+00:00","description":"Das Micro-Tennisarmband #BrandGioielli f\u00fcr Damen in abwechselnden Farben ist f\u00fcr alle entworfen, die schlichte und zeitlose Eleganz lieben. Seine schlanke Linie, verziert mit einer Reihe von 1,5 mm gro\u00dfen Kristallen, f\u00e4ngt das Licht zart und elegant ein und unterstreicht dezent jede Bewegung des Handgelenks.","breadcrumb":{"@id":"https:\/\/brandgioielli.it\/prodotto\/bracciale-micro-tennis-alternato-donna\/#breadcrumb"},"inLanguage":"de","potentialAction":[{"@type":"ReadAction","target":["https:\/\/brandgioielli.it\/prodotto\/bracciale-micro-tennis-alternato-donna\/"]}]},{"@type":"ImageObject","inLanguage":"de","@id":"https:\/\/brandgioielli.it\/prodotto\/bracciale-micro-tennis-alternato-donna\/#primaryimage","url":"https:\/\/brandgioielli.it\/wp-content\/uploads\/2025\/09\/bracciale-micro-cristalli-rosa-alternato-15mm-1.jpg","contentUrl":"https:\/\/brandgioielli.it\/wp-content\/uploads\/2025\/09\/bracciale-micro-cristalli-rosa-alternato-15mm-1.jpg","width":800,"height":800},{"@type":"BreadcrumbList","@id":"https:\/\/brandgioielli.it\/prodotto\/bracciale-micro-tennis-alternato-donna\/#breadcrumb","itemListElement":[{"@type":"ListItem","position":1,"name":"Home","item":"https:\/\/brandgioielli.it\/"},{"@type":"ListItem","position":2,"name":"Shop","item":"https:\/\/brandgioielli.it\/shop\/"},{"@type":"ListItem","position":3,"name":"Bracciale Micro Tennis Alternato Donna"}]},{"@type":"WebSite","@id":"https:\/\/brandgioielli.it\/#website","url":"https:\/\/brandgioielli.it\/","name":"#BrandGioielli","description":"","publisher":{"@id":"https:\/\/brandgioielli.it\/#organization"},"potentialAction":[{"@type":"SearchAction","target":{"@type":"EntryPoint","urlTemplate":"https:\/\/brandgioielli.it\/?s={search_term_string}"},"query-input":{"@type":"PropertyValueSpecification","valueRequired":true,"valueName":"search_term_string"}}],"inLanguage":"de"},{"@type":"Organization","@id":"https:\/\/brandgioielli.it\/#organization","name":"Markenschmuck","url":"https:\/\/brandgioielli.it\/","logo":{"@type":"ImageObject","inLanguage":"de","@id":"https:\/\/brandgioielli.it\/#\/schema\/logo\/image\/","url":"https:\/\/brandgioielli.it\/wp-content\/uploads\/2025\/07\/LogoBrand.png","contentUrl":"https:\/\/brandgioielli.it\/wp-content\/uploads\/2025\/07\/LogoBrand.png","width":600,"height":170,"caption":"Brand Gioielli"},"image":{"@id":"https:\/\/brandgioielli.it\/#\/schema\/logo\/image\/"}}]}},"_links":{"self":[{"href":"https:\/\/brandgioielli.it\/de\/wp-json\/wp\/v2\/product\/25999","targetHints":{"allow":["GET"]}}],"collection":[{"href":"https:\/\/brandgioielli.it\/de\/wp-json\/wp\/v2\/product"}],"about":[{"href":"https:\/\/brandgioielli.it\/de\/wp-json\/wp\/v2\/types\/product"}],"version-history":[{"count":6,"href":"https:\/\/brandgioielli.it\/de\/wp-json\/wp\/v2\/product\/25999\/revisions"}],"predecessor-version":[{"id":103738,"href":"https:\/\/brandgioielli.it\/de\/wp-json\/wp\/v2\/product\/25999\/revisions\/103738"}],"wp:featuredmedia":[{"embeddable":true,"href":"https:\/\/brandgioielli.it\/de\/wp-json\/wp\/v2\/media\/103728"}],"wp:attachment":[{"href":"https:\/\/brandgioielli.it\/de\/wp-json\/wp\/v2\/media?parent=25999"}],"wp:term":[{"taxonomy":"product_brand","embeddable":true,"href":"https:\/\/brandgioielli.it\/de\/wp-json\/wp\/v2\/product_brand?post=25999"},{"taxonomy":"product_cat","embeddable":true,"href":"https:\/\/brandgioielli.it\/de\/wp-json\/wp\/v2\/product_cat?post=25999"},{"taxonomy":"product_tag","embeddable":true,"href":"https:\/\/brandgioielli.it\/de\/wp-json\/wp\/v2\/product_tag?post=25999"}],"curies":[{"name":"wp","href":"https:\/\/api.w.org\/{rel}","templated":true}]}}