{"id":2308,"date":"2025-09-19T21:58:19","date_gmt":"2025-09-19T19:58:19","guid":{"rendered":"https:\/\/sandybrown-lark-277155.hostingersite.com\/prodotto\/orecchino-cerchio-singolo-16mm\/"},"modified":"2026-04-21T18:17:28","modified_gmt":"2026-04-21T16:17:28","slug":"orecchino-cerchio-singolo-16mm","status":"publish","type":"product","link":"https:\/\/brandgioielli.it\/de\/produkt\/orecchino-cerchio-singolo-16mm\/","title":{"rendered":"Gro\u00dfer glatter Reif-Ohrring"},"content":{"rendered":"<h2>Gro\u00dfer glatter Reif-Ohrring<\/h2>\n<p>Die Reif-Ohrringe der Kollektion sind in drei Fantasien und Gr\u00f6\u00dfen erh\u00e4ltlich und eignen sich perfekt als Basis f\u00fcr die Zusammenstellung eines eigenen Ohrrings oder als Einzelst\u00fcck f\u00fcr einen klassischen Stil.<\/p>\n<p><strong>TECHNISCHE DATEN<\/strong><\/p>\n<ul>\n<li>Ausf\u00fchrung: Stahl<\/li>\n<li>Durchmesser: 16 mm<\/li>\n<li>Dicke: 2 mm<\/li>\n<li>Material: Rostfreier Stahl und hypoallergen<\/li>\n<\/ul>\n<p><em>Alle Schmuckst\u00fccke der Marke #Brand sind aus dem reinsten chirurgischen Edelstahl auf dem Markt hergestellt, auf Nickel getestet und so konzipiert, dass sie jeden Tag getragen werden k\u00f6nnen, ohne dass Verf\u00e4rbungen oder Verschlei\u00dferscheinungen zu bef\u00fcrchten sind.\u00a0<\/em><\/p>","protected":false},"excerpt":{"rendered":"<p>Orecchino a Cerchio Liscio Grande Gli orecchini a cerchio della collezione sono disponibili in tre fantasie e dimensioni, e sono perfetti sia come base per comporre il tuo orecchino personalizzato, sia da indossare singolarmente come da stile pi\u00f9 classico. SPECIFICHE TECNICHE Finitura: Acciaio Diametro: 16mm Spessore: 2mm Materiale: Acciaio Inossidabile e Ipoallergenico Tutti i gioielli [&hellip;]<\/p>\n","protected":false},"featured_media":59298,"template":"","meta":[],"product_brand":[],"product_cat":[19,36,24,65,508,611,39],"product_tag":[67,66],"class_list":{"0":"post-2308","1":"product","2":"type-product","3":"status-publish","4":"has-post-thumbnail","6":"product_cat-donna","7":"product_cat-orecchini","8":"product_cat-orecchini-donna","9":"product_cat-orecchini-uomo","10":"product_cat-sotto-i-5e","11":"product_cat-spring-selection","12":"product_cat-uomo","13":"product_tag-collezione-hoola","14":"product_tag-collezione-iris","16":"first","17":"instock","18":"shipping-taxable","19":"purchasable","20":"product-type-simple"},"yoast_head":"<!-- This site is optimized with the Yoast SEO plugin v27.4 - https:\/\/yoast.com\/product\/yoast-seo-wordpress\/ -->\n<title>Orecchino a Cerchio Liscio Grande - Brand Gioielli<\/title>\n<meta name=\"description\" content=\"Gli orecchini a cerchio della collezione sono disponibili in tre fantasie e dimensioni, e sono perfetti sia come base per comporre il tuo orecchino personalizzato, sia da indossare singolarmente come da stile pi\u00f9 classico.\" \/>\n<meta name=\"robots\" content=\"index, follow, max-snippet:-1, max-image-preview:large, max-video-preview:-1\" \/>\n<link rel=\"canonical\" href=\"https:\/\/brandgioielli.it\/de\/produkt\/orecchino-cerchio-singolo-16mm\/\" \/>\n<meta property=\"og:locale\" content=\"de_DE\" \/>\n<meta property=\"og:type\" content=\"article\" \/>\n<meta property=\"og:title\" content=\"Orecchino a Cerchio Liscio Grande - Brand Gioielli\" \/>\n<meta property=\"og:description\" content=\"Gli orecchini a cerchio della collezione sono disponibili in tre fantasie e dimensioni, e sono perfetti sia come base per comporre il tuo orecchino personalizzato, sia da indossare singolarmente come da stile pi\u00f9 classico.\" \/>\n<meta property=\"og:url\" content=\"https:\/\/brandgioielli.it\/de\/produkt\/orecchino-cerchio-singolo-16mm\/\" \/>\n<meta property=\"og:site_name\" content=\"#BrandGioielli\" \/>\n<meta property=\"article:modified_time\" content=\"2026-04-21T16:17:28+00:00\" \/>\n<meta property=\"og:image\" content=\"https:\/\/brandgioielli.it\/wp-content\/uploads\/2025\/09\/09ER008-1.jpg\" \/>\n\t<meta property=\"og:image:width\" content=\"800\" \/>\n\t<meta property=\"og:image:height\" content=\"800\" \/>\n\t<meta property=\"og:image:type\" content=\"image\/jpeg\" \/>\n<meta name=\"twitter:card\" content=\"summary_large_image\" \/>\n<meta name=\"twitter:label1\" content=\"Gesch\u00e4tzte Lesezeit\" \/>\n\t<meta name=\"twitter:data1\" content=\"1\u00a0Minute\" \/>\n<script type=\"application\/ld+json\" class=\"yoast-schema-graph\">{\"@context\":\"https:\\\/\\\/schema.org\",\"@graph\":[{\"@type\":\"WebPage\",\"@id\":\"https:\\\/\\\/brandgioielli.it\\\/prodotto\\\/orecchino-cerchio-singolo-16mm\\\/\",\"url\":\"https:\\\/\\\/brandgioielli.it\\\/prodotto\\\/orecchino-cerchio-singolo-16mm\\\/\",\"name\":\"Orecchino a Cerchio Liscio Grande - Brand Gioielli\",\"isPartOf\":{\"@id\":\"https:\\\/\\\/brandgioielli.it\\\/#website\"},\"primaryImageOfPage\":{\"@id\":\"https:\\\/\\\/brandgioielli.it\\\/prodotto\\\/orecchino-cerchio-singolo-16mm\\\/#primaryimage\"},\"image\":{\"@id\":\"https:\\\/\\\/brandgioielli.it\\\/prodotto\\\/orecchino-cerchio-singolo-16mm\\\/#primaryimage\"},\"thumbnailUrl\":\"https:\\\/\\\/brandgioielli.it\\\/wp-content\\\/uploads\\\/2025\\\/09\\\/09ER008-1.jpg\",\"datePublished\":\"2025-09-19T19:58:19+00:00\",\"dateModified\":\"2026-04-21T16:17:28+00:00\",\"description\":\"Gli orecchini a cerchio della collezione sono disponibili in tre fantasie e dimensioni, e sono perfetti sia come base per comporre il tuo orecchino personalizzato, sia da indossare singolarmente come da stile pi\u00f9 classico.\",\"breadcrumb\":{\"@id\":\"https:\\\/\\\/brandgioielli.it\\\/prodotto\\\/orecchino-cerchio-singolo-16mm\\\/#breadcrumb\"},\"inLanguage\":\"de\",\"potentialAction\":[{\"@type\":\"ReadAction\",\"target\":[\"https:\\\/\\\/brandgioielli.it\\\/prodotto\\\/orecchino-cerchio-singolo-16mm\\\/\"]}]},{\"@type\":\"ImageObject\",\"inLanguage\":\"de\",\"@id\":\"https:\\\/\\\/brandgioielli.it\\\/prodotto\\\/orecchino-cerchio-singolo-16mm\\\/#primaryimage\",\"url\":\"https:\\\/\\\/brandgioielli.it\\\/wp-content\\\/uploads\\\/2025\\\/09\\\/09ER008-1.jpg\",\"contentUrl\":\"https:\\\/\\\/brandgioielli.it\\\/wp-content\\\/uploads\\\/2025\\\/09\\\/09ER008-1.jpg\",\"width\":800,\"height\":800},{\"@type\":\"BreadcrumbList\",\"@id\":\"https:\\\/\\\/brandgioielli.it\\\/prodotto\\\/orecchino-cerchio-singolo-16mm\\\/#breadcrumb\",\"itemListElement\":[{\"@type\":\"ListItem\",\"position\":1,\"name\":\"Home\",\"item\":\"https:\\\/\\\/brandgioielli.it\\\/\"},{\"@type\":\"ListItem\",\"position\":2,\"name\":\"Shop\",\"item\":\"https:\\\/\\\/brandgioielli.it\\\/shop\\\/\"},{\"@type\":\"ListItem\",\"position\":3,\"name\":\"Orecchino a Cerchio Liscio Grande\"}]},{\"@type\":\"WebSite\",\"@id\":\"https:\\\/\\\/brandgioielli.it\\\/#website\",\"url\":\"https:\\\/\\\/brandgioielli.it\\\/\",\"name\":\"#BrandGioielli\",\"description\":\"\",\"publisher\":{\"@id\":\"https:\\\/\\\/brandgioielli.it\\\/#organization\"},\"potentialAction\":[{\"@type\":\"SearchAction\",\"target\":{\"@type\":\"EntryPoint\",\"urlTemplate\":\"https:\\\/\\\/brandgioielli.it\\\/?s={search_term_string}\"},\"query-input\":{\"@type\":\"PropertyValueSpecification\",\"valueRequired\":true,\"valueName\":\"search_term_string\"}}],\"inLanguage\":\"de\"},{\"@type\":\"Organization\",\"@id\":\"https:\\\/\\\/brandgioielli.it\\\/#organization\",\"name\":\"Brand Gioielli\",\"url\":\"https:\\\/\\\/brandgioielli.it\\\/\",\"logo\":{\"@type\":\"ImageObject\",\"inLanguage\":\"de\",\"@id\":\"https:\\\/\\\/brandgioielli.it\\\/#\\\/schema\\\/logo\\\/image\\\/\",\"url\":\"https:\\\/\\\/brandgioielli.it\\\/wp-content\\\/uploads\\\/2025\\\/07\\\/LogoBrand.png\",\"contentUrl\":\"https:\\\/\\\/brandgioielli.it\\\/wp-content\\\/uploads\\\/2025\\\/07\\\/LogoBrand.png\",\"width\":600,\"height\":170,\"caption\":\"Brand Gioielli\"},\"image\":{\"@id\":\"https:\\\/\\\/brandgioielli.it\\\/#\\\/schema\\\/logo\\\/image\\\/\"}}]}<\/script>\n<!-- \/ Yoast SEO plugin. -->","yoast_head_json":{"title":"Orecchino a Cerchio Liscio Grande - Brand Gioielli","description":"Die Reif-Ohrringe der Kollektion sind in drei Fantasien und Gr\u00f6\u00dfen erh\u00e4ltlich und eignen sich perfekt als Basis f\u00fcr die Zusammenstellung eines eigenen Ohrrings oder als Einzelst\u00fcck f\u00fcr einen klassischen Stil.","robots":{"index":"index","follow":"follow","max-snippet":"max-snippet:-1","max-image-preview":"max-image-preview:large","max-video-preview":"max-video-preview:-1"},"canonical":"https:\/\/brandgioielli.it\/de\/produkt\/orecchino-cerchio-singolo-16mm\/","og_locale":"de_DE","og_type":"article","og_title":"Orecchino a Cerchio Liscio Grande - Brand Gioielli","og_description":"Gli orecchini a cerchio della collezione sono disponibili in tre fantasie e dimensioni, e sono perfetti sia come base per comporre il tuo orecchino personalizzato, sia da indossare singolarmente come da stile pi\u00f9 classico.","og_url":"https:\/\/brandgioielli.it\/de\/produkt\/orecchino-cerchio-singolo-16mm\/","og_site_name":"#BrandGioielli","article_modified_time":"2026-04-21T16:17:28+00:00","og_image":[{"width":800,"height":800,"url":"https:\/\/brandgioielli.it\/wp-content\/uploads\/2025\/09\/09ER008-1.jpg","type":"image\/jpeg"}],"twitter_card":"summary_large_image","twitter_misc":{"Gesch\u00e4tzte Lesezeit":"1\u00a0Minute"},"schema":{"@context":"https:\/\/schema.org","@graph":[{"@type":"WebPage","@id":"https:\/\/brandgioielli.it\/prodotto\/orecchino-cerchio-singolo-16mm\/","url":"https:\/\/brandgioielli.it\/prodotto\/orecchino-cerchio-singolo-16mm\/","name":"Orecchino a Cerchio Liscio Grande - Brand Gioielli","isPartOf":{"@id":"https:\/\/brandgioielli.it\/#website"},"primaryImageOfPage":{"@id":"https:\/\/brandgioielli.it\/prodotto\/orecchino-cerchio-singolo-16mm\/#primaryimage"},"image":{"@id":"https:\/\/brandgioielli.it\/prodotto\/orecchino-cerchio-singolo-16mm\/#primaryimage"},"thumbnailUrl":"https:\/\/brandgioielli.it\/wp-content\/uploads\/2025\/09\/09ER008-1.jpg","datePublished":"2025-09-19T19:58:19+00:00","dateModified":"2026-04-21T16:17:28+00:00","description":"Die Reif-Ohrringe der Kollektion sind in drei Fantasien und Gr\u00f6\u00dfen erh\u00e4ltlich und eignen sich perfekt als Basis f\u00fcr die Zusammenstellung eines eigenen Ohrrings oder als Einzelst\u00fcck f\u00fcr einen klassischen Stil.","breadcrumb":{"@id":"https:\/\/brandgioielli.it\/prodotto\/orecchino-cerchio-singolo-16mm\/#breadcrumb"},"inLanguage":"de","potentialAction":[{"@type":"ReadAction","target":["https:\/\/brandgioielli.it\/prodotto\/orecchino-cerchio-singolo-16mm\/"]}]},{"@type":"ImageObject","inLanguage":"de","@id":"https:\/\/brandgioielli.it\/prodotto\/orecchino-cerchio-singolo-16mm\/#primaryimage","url":"https:\/\/brandgioielli.it\/wp-content\/uploads\/2025\/09\/09ER008-1.jpg","contentUrl":"https:\/\/brandgioielli.it\/wp-content\/uploads\/2025\/09\/09ER008-1.jpg","width":800,"height":800},{"@type":"BreadcrumbList","@id":"https:\/\/brandgioielli.it\/prodotto\/orecchino-cerchio-singolo-16mm\/#breadcrumb","itemListElement":[{"@type":"ListItem","position":1,"name":"Home","item":"https:\/\/brandgioielli.it\/"},{"@type":"ListItem","position":2,"name":"Shop","item":"https:\/\/brandgioielli.it\/shop\/"},{"@type":"ListItem","position":3,"name":"Orecchino a Cerchio Liscio Grande"}]},{"@type":"WebSite","@id":"https:\/\/brandgioielli.it\/#website","url":"https:\/\/brandgioielli.it\/","name":"#BrandGioielli","description":"","publisher":{"@id":"https:\/\/brandgioielli.it\/#organization"},"potentialAction":[{"@type":"SearchAction","target":{"@type":"EntryPoint","urlTemplate":"https:\/\/brandgioielli.it\/?s={search_term_string}"},"query-input":{"@type":"PropertyValueSpecification","valueRequired":true,"valueName":"search_term_string"}}],"inLanguage":"de"},{"@type":"Organization","@id":"https:\/\/brandgioielli.it\/#organization","name":"Markenschmuck","url":"https:\/\/brandgioielli.it\/","logo":{"@type":"ImageObject","inLanguage":"de","@id":"https:\/\/brandgioielli.it\/#\/schema\/logo\/image\/","url":"https:\/\/brandgioielli.it\/wp-content\/uploads\/2025\/07\/LogoBrand.png","contentUrl":"https:\/\/brandgioielli.it\/wp-content\/uploads\/2025\/07\/LogoBrand.png","width":600,"height":170,"caption":"Brand Gioielli"},"image":{"@id":"https:\/\/brandgioielli.it\/#\/schema\/logo\/image\/"}}]}},"_links":{"self":[{"href":"https:\/\/brandgioielli.it\/de\/wp-json\/wp\/v2\/product\/2308","targetHints":{"allow":["GET"]}}],"collection":[{"href":"https:\/\/brandgioielli.it\/de\/wp-json\/wp\/v2\/product"}],"about":[{"href":"https:\/\/brandgioielli.it\/de\/wp-json\/wp\/v2\/types\/product"}],"version-history":[{"count":4,"href":"https:\/\/brandgioielli.it\/de\/wp-json\/wp\/v2\/product\/2308\/revisions"}],"predecessor-version":[{"id":100553,"href":"https:\/\/brandgioielli.it\/de\/wp-json\/wp\/v2\/product\/2308\/revisions\/100553"}],"wp:featuredmedia":[{"embeddable":true,"href":"https:\/\/brandgioielli.it\/de\/wp-json\/wp\/v2\/media\/59298"}],"wp:attachment":[{"href":"https:\/\/brandgioielli.it\/de\/wp-json\/wp\/v2\/media?parent=2308"}],"wp:term":[{"taxonomy":"product_brand","embeddable":true,"href":"https:\/\/brandgioielli.it\/de\/wp-json\/wp\/v2\/product_brand?post=2308"},{"taxonomy":"product_cat","embeddable":true,"href":"https:\/\/brandgioielli.it\/de\/wp-json\/wp\/v2\/product_cat?post=2308"},{"taxonomy":"product_tag","embeddable":true,"href":"https:\/\/brandgioielli.it\/de\/wp-json\/wp\/v2\/product_tag?post=2308"}],"curies":[{"name":"wp","href":"https:\/\/api.w.org\/{rel}","templated":true}]}}