{"id":1172,"date":"2025-09-19T18:46:23","date_gmt":"2025-09-19T16:46:23","guid":{"rendered":"https:\/\/sandybrown-lark-277155.hostingersite.com\/prodotto\/anello-tennis-cristalli-bianchi-e1900\/"},"modified":"2026-04-17T18:18:10","modified_gmt":"2026-04-17T16:18:10","slug":"anello-tennis-cristalli-bianchi","status":"publish","type":"product","link":"https:\/\/brandgioielli.it\/de\/produkt\/anello-tennis-cristalli-bianchi\/","title":{"rendered":"Tennisring mit wei\u00dfen Kristallen"},"content":{"rendered":"<h2 data-start=\"122\" data-end=\"653\">Tennisring mit wei\u00dfen Kristallen<\/h2>\n<p data-start=\"104\" data-end=\"383\">Der wei\u00dfe Kristall-Tennisring von #Brand Gioielli besticht durch sein schlichtes und elegantes Design. Klare Linien werden von einer raffinierten Anordnung pr\u00e4zise gesetzter, leuchtender Kristalle verziert. Die schlanke, harmonische Struktur unterstreicht die Brillanz der Details und schafft eine perfekte Balance zwischen Schlichtheit und Leichtigkeit. Dieser Ring passt sich m\u00fchelos verschiedenen Stilen an und ist ideal f\u00fcr den Alltag \u2013 solo getragen f\u00fcr einen minimalistischen Look oder kombiniert mit anderem Schmuck f\u00fcr einen eleganteren Auftritt. Erh\u00e4ltlich in verschiedenen Gr\u00f6\u00dfen, bietet er einen bequemen und vielseitigen Tragekomfort und verk\u00f6rpert eine dezente und moderne Eleganz, die zu jedem Anlass passt.<\/p>\n<p><strong>TECHNISCHE DATEN<\/strong><\/p>\n<ul>\n<li>Tennisring mit wei\u00dfen Kristallen<\/li>\n<li>Verf\u00fcgbare Gr\u00f6\u00dfen: 10, 12, 14, 16, 18, 20, 22<\/li>\n<li>Ringdicke: 2,7 mm<\/li>\n<li>Kristallfarbe: Wei\u00df<\/li>\n<li>Ausf\u00fchrung: Stahl<\/li>\n<li>Material: Edelstahl, Kristalle<\/li>\n<\/ul>\n<p><em>Alle Schmuckst\u00fccke der Marke #Brand sind aus dem reinsten chirurgischen Edelstahl auf dem Markt hergestellt, auf Nickel getestet und so konzipiert, dass sie jeden Tag getragen werden k\u00f6nnen, ohne dass Verf\u00e4rbungen oder Verschlei\u00dferscheinungen zu bef\u00fcrchten sind.\u00a0<\/em><\/p>\n<p>&nbsp;<\/p>","protected":false},"excerpt":{"rendered":"<p>Anello Tennis Cristalli Bianchi L\u2019anello tennis con i cristalli bianchi firmato #Brand Gioielli si distingue per il suo design essenziale ed elegante, caratterizzato da una linea pulita impreziosita da una raffinata sequenza di cristalli luminosi incastonati con precisione. La struttura sottile e armoniosa valorizza la brillantezza dei dettagli, creando un equilibrio perfetto tra sobriet\u00e0 e [&hellip;]<\/p>\n","protected":false},"featured_media":104023,"template":"","meta":[],"product_brand":[],"product_cat":[457,25,567,476,19,506],"product_tag":[53],"class_list":{"0":"post-1172","1":"product","2":"type-product","3":"status-publish","4":"has-post-thumbnail","6":"product_cat-anelli","7":"product_cat-anelli-donna","8":"product_cat-brand-carpet","9":"product_cat-coppia","10":"product_cat-donna","11":"product_cat-sotto-i-20e","12":"product_tag-collezione-crystal","14":"first","15":"instock","16":"shipping-taxable","17":"purchasable","18":"product-type-variable"},"yoast_head":"<!-- This site is optimized with the Yoast SEO plugin v27.4 - https:\/\/yoast.com\/product\/yoast-seo-wordpress\/ -->\n<title>Anello Tennis in Acciaio con Cristalli Bianchi - Brand Gioielli<\/title>\n<meta name=\"description\" content=\"L\u2019Anello Tennis con Cristalli Bianchi firmato Brand Gioielli unisce eleganza e praticit\u00e0 in un Design essenziale e luminoso. Realizzato in acciaio inossidabile ipoallergenico, offre comfort e resistenza all\u2019usura, mantenendo nel tempo la brillantezza dei suoi cristalli.\" \/>\n<meta name=\"robots\" content=\"index, follow, max-snippet:-1, max-image-preview:large, max-video-preview:-1\" \/>\n<link rel=\"canonical\" href=\"https:\/\/brandgioielli.it\/de\/produkt\/anello-tennis-cristalli-bianchi\/\" \/>\n<meta property=\"og:locale\" content=\"de_DE\" \/>\n<meta property=\"og:type\" content=\"article\" \/>\n<meta property=\"og:title\" content=\"Anello Tennis in Acciaio con Cristalli Bianchi - Brand Gioielli\" \/>\n<meta property=\"og:description\" content=\"L\u2019Anello Tennis con Cristalli Bianchi firmato Brand Gioielli unisce eleganza e praticit\u00e0 in un Design essenziale e luminoso. Realizzato in acciaio inossidabile ipoallergenico, offre comfort e resistenza all\u2019usura, mantenendo nel tempo la brillantezza dei suoi cristalli.\" \/>\n<meta property=\"og:url\" content=\"https:\/\/brandgioielli.it\/de\/produkt\/anello-tennis-cristalli-bianchi\/\" \/>\n<meta property=\"og:site_name\" content=\"#BrandGioielli\" \/>\n<meta property=\"article:modified_time\" content=\"2026-04-17T16:18:10+00:00\" \/>\n<meta property=\"og:image\" content=\"https:\/\/brandgioielli.it\/wp-content\/uploads\/2025\/09\/anello-soft-wearing-cristalli-bianchi.jpg\" \/>\n\t<meta property=\"og:image:width\" content=\"800\" \/>\n\t<meta property=\"og:image:height\" content=\"800\" \/>\n\t<meta property=\"og:image:type\" content=\"image\/jpeg\" \/>\n<meta name=\"twitter:card\" content=\"summary_large_image\" \/>\n<meta name=\"twitter:label1\" content=\"Gesch\u00e4tzte Lesezeit\" \/>\n\t<meta name=\"twitter:data1\" content=\"2\u00a0Minuten\" \/>\n<script type=\"application\/ld+json\" class=\"yoast-schema-graph\">{\"@context\":\"https:\\\/\\\/schema.org\",\"@graph\":[{\"@type\":\"WebPage\",\"@id\":\"https:\\\/\\\/brandgioielli.it\\\/prodotto\\\/anello-tennis-cristalli-bianchi\\\/\",\"url\":\"https:\\\/\\\/brandgioielli.it\\\/prodotto\\\/anello-tennis-cristalli-bianchi\\\/\",\"name\":\"Anello Tennis in Acciaio con Cristalli Bianchi - Brand Gioielli\",\"isPartOf\":{\"@id\":\"https:\\\/\\\/brandgioielli.it\\\/#website\"},\"primaryImageOfPage\":{\"@id\":\"https:\\\/\\\/brandgioielli.it\\\/prodotto\\\/anello-tennis-cristalli-bianchi\\\/#primaryimage\"},\"image\":{\"@id\":\"https:\\\/\\\/brandgioielli.it\\\/prodotto\\\/anello-tennis-cristalli-bianchi\\\/#primaryimage\"},\"thumbnailUrl\":\"https:\\\/\\\/brandgioielli.it\\\/wp-content\\\/uploads\\\/2025\\\/09\\\/anello-soft-wearing-cristalli-bianchi.jpg\",\"datePublished\":\"2025-09-19T16:46:23+00:00\",\"dateModified\":\"2026-04-17T16:18:10+00:00\",\"description\":\"L\u2019Anello Tennis con Cristalli Bianchi firmato Brand Gioielli unisce eleganza e praticit\u00e0 in un Design essenziale e luminoso. Realizzato in acciaio inossidabile ipoallergenico, offre comfort e resistenza all\u2019usura, mantenendo nel tempo la brillantezza dei suoi cristalli.\",\"breadcrumb\":{\"@id\":\"https:\\\/\\\/brandgioielli.it\\\/prodotto\\\/anello-tennis-cristalli-bianchi\\\/#breadcrumb\"},\"inLanguage\":\"de\",\"potentialAction\":[{\"@type\":\"ReadAction\",\"target\":[\"https:\\\/\\\/brandgioielli.it\\\/prodotto\\\/anello-tennis-cristalli-bianchi\\\/\"]}]},{\"@type\":\"ImageObject\",\"inLanguage\":\"de\",\"@id\":\"https:\\\/\\\/brandgioielli.it\\\/prodotto\\\/anello-tennis-cristalli-bianchi\\\/#primaryimage\",\"url\":\"https:\\\/\\\/brandgioielli.it\\\/wp-content\\\/uploads\\\/2025\\\/09\\\/anello-soft-wearing-cristalli-bianchi.jpg\",\"contentUrl\":\"https:\\\/\\\/brandgioielli.it\\\/wp-content\\\/uploads\\\/2025\\\/09\\\/anello-soft-wearing-cristalli-bianchi.jpg\",\"width\":800,\"height\":800},{\"@type\":\"BreadcrumbList\",\"@id\":\"https:\\\/\\\/brandgioielli.it\\\/prodotto\\\/anello-tennis-cristalli-bianchi\\\/#breadcrumb\",\"itemListElement\":[{\"@type\":\"ListItem\",\"position\":1,\"name\":\"Home\",\"item\":\"https:\\\/\\\/brandgioielli.it\\\/\"},{\"@type\":\"ListItem\",\"position\":2,\"name\":\"Shop\",\"item\":\"https:\\\/\\\/brandgioielli.it\\\/shop\\\/\"},{\"@type\":\"ListItem\",\"position\":3,\"name\":\"Anello Tennis Cristalli Bianchi\"}]},{\"@type\":\"WebSite\",\"@id\":\"https:\\\/\\\/brandgioielli.it\\\/#website\",\"url\":\"https:\\\/\\\/brandgioielli.it\\\/\",\"name\":\"#BrandGioielli\",\"description\":\"\",\"publisher\":{\"@id\":\"https:\\\/\\\/brandgioielli.it\\\/#organization\"},\"potentialAction\":[{\"@type\":\"SearchAction\",\"target\":{\"@type\":\"EntryPoint\",\"urlTemplate\":\"https:\\\/\\\/brandgioielli.it\\\/?s={search_term_string}\"},\"query-input\":{\"@type\":\"PropertyValueSpecification\",\"valueRequired\":true,\"valueName\":\"search_term_string\"}}],\"inLanguage\":\"de\"},{\"@type\":\"Organization\",\"@id\":\"https:\\\/\\\/brandgioielli.it\\\/#organization\",\"name\":\"Brand Gioielli\",\"url\":\"https:\\\/\\\/brandgioielli.it\\\/\",\"logo\":{\"@type\":\"ImageObject\",\"inLanguage\":\"de\",\"@id\":\"https:\\\/\\\/brandgioielli.it\\\/#\\\/schema\\\/logo\\\/image\\\/\",\"url\":\"https:\\\/\\\/brandgioielli.it\\\/wp-content\\\/uploads\\\/2025\\\/07\\\/LogoBrand.png\",\"contentUrl\":\"https:\\\/\\\/brandgioielli.it\\\/wp-content\\\/uploads\\\/2025\\\/07\\\/LogoBrand.png\",\"width\":600,\"height\":170,\"caption\":\"Brand Gioielli\"},\"image\":{\"@id\":\"https:\\\/\\\/brandgioielli.it\\\/#\\\/schema\\\/logo\\\/image\\\/\"}}]}<\/script>\n<!-- \/ Yoast SEO plugin. -->","yoast_head_json":{"title":"Anello Tennis in Acciaio con Cristalli Bianchi - Brand Gioielli","description":"L\u2019Anello Tennis con Cristalli Bianchi firmato Brand Gioielli unisce eleganza e praticit\u00e0 in un Design essenziale e luminoso. Realizzato in acciaio inossidabile ipoallergenico, offre comfort e resistenza all\u2019usura, mantenendo nel tempo la brillantezza dei suoi cristalli.","robots":{"index":"index","follow":"follow","max-snippet":"max-snippet:-1","max-image-preview":"max-image-preview:large","max-video-preview":"max-video-preview:-1"},"canonical":"https:\/\/brandgioielli.it\/de\/produkt\/anello-tennis-cristalli-bianchi\/","og_locale":"de_DE","og_type":"article","og_title":"Anello Tennis in Acciaio con Cristalli Bianchi - Brand Gioielli","og_description":"L\u2019Anello Tennis con Cristalli Bianchi firmato Brand Gioielli unisce eleganza e praticit\u00e0 in un Design essenziale e luminoso. Realizzato in acciaio inossidabile ipoallergenico, offre comfort e resistenza all\u2019usura, mantenendo nel tempo la brillantezza dei suoi cristalli.","og_url":"https:\/\/brandgioielli.it\/de\/produkt\/anello-tennis-cristalli-bianchi\/","og_site_name":"#BrandGioielli","article_modified_time":"2026-04-17T16:18:10+00:00","og_image":[{"width":800,"height":800,"url":"https:\/\/brandgioielli.it\/wp-content\/uploads\/2025\/09\/anello-soft-wearing-cristalli-bianchi.jpg","type":"image\/jpeg"}],"twitter_card":"summary_large_image","twitter_misc":{"Gesch\u00e4tzte Lesezeit":"2\u00a0Minuten"},"schema":{"@context":"https:\/\/schema.org","@graph":[{"@type":"WebPage","@id":"https:\/\/brandgioielli.it\/prodotto\/anello-tennis-cristalli-bianchi\/","url":"https:\/\/brandgioielli.it\/prodotto\/anello-tennis-cristalli-bianchi\/","name":"Anello Tennis in Acciaio con Cristalli Bianchi - Brand Gioielli","isPartOf":{"@id":"https:\/\/brandgioielli.it\/#website"},"primaryImageOfPage":{"@id":"https:\/\/brandgioielli.it\/prodotto\/anello-tennis-cristalli-bianchi\/#primaryimage"},"image":{"@id":"https:\/\/brandgioielli.it\/prodotto\/anello-tennis-cristalli-bianchi\/#primaryimage"},"thumbnailUrl":"https:\/\/brandgioielli.it\/wp-content\/uploads\/2025\/09\/anello-soft-wearing-cristalli-bianchi.jpg","datePublished":"2025-09-19T16:46:23+00:00","dateModified":"2026-04-17T16:18:10+00:00","description":"L\u2019Anello Tennis con Cristalli Bianchi firmato Brand Gioielli unisce eleganza e praticit\u00e0 in un Design essenziale e luminoso. Realizzato in acciaio inossidabile ipoallergenico, offre comfort e resistenza all\u2019usura, mantenendo nel tempo la brillantezza dei suoi cristalli.","breadcrumb":{"@id":"https:\/\/brandgioielli.it\/prodotto\/anello-tennis-cristalli-bianchi\/#breadcrumb"},"inLanguage":"de","potentialAction":[{"@type":"ReadAction","target":["https:\/\/brandgioielli.it\/prodotto\/anello-tennis-cristalli-bianchi\/"]}]},{"@type":"ImageObject","inLanguage":"de","@id":"https:\/\/brandgioielli.it\/prodotto\/anello-tennis-cristalli-bianchi\/#primaryimage","url":"https:\/\/brandgioielli.it\/wp-content\/uploads\/2025\/09\/anello-soft-wearing-cristalli-bianchi.jpg","contentUrl":"https:\/\/brandgioielli.it\/wp-content\/uploads\/2025\/09\/anello-soft-wearing-cristalli-bianchi.jpg","width":800,"height":800},{"@type":"BreadcrumbList","@id":"https:\/\/brandgioielli.it\/prodotto\/anello-tennis-cristalli-bianchi\/#breadcrumb","itemListElement":[{"@type":"ListItem","position":1,"name":"Home","item":"https:\/\/brandgioielli.it\/"},{"@type":"ListItem","position":2,"name":"Shop","item":"https:\/\/brandgioielli.it\/shop\/"},{"@type":"ListItem","position":3,"name":"Anello Tennis Cristalli Bianchi"}]},{"@type":"WebSite","@id":"https:\/\/brandgioielli.it\/#website","url":"https:\/\/brandgioielli.it\/","name":"#BrandGioielli","description":"","publisher":{"@id":"https:\/\/brandgioielli.it\/#organization"},"potentialAction":[{"@type":"SearchAction","target":{"@type":"EntryPoint","urlTemplate":"https:\/\/brandgioielli.it\/?s={search_term_string}"},"query-input":{"@type":"PropertyValueSpecification","valueRequired":true,"valueName":"search_term_string"}}],"inLanguage":"de"},{"@type":"Organization","@id":"https:\/\/brandgioielli.it\/#organization","name":"Markenschmuck","url":"https:\/\/brandgioielli.it\/","logo":{"@type":"ImageObject","inLanguage":"de","@id":"https:\/\/brandgioielli.it\/#\/schema\/logo\/image\/","url":"https:\/\/brandgioielli.it\/wp-content\/uploads\/2025\/07\/LogoBrand.png","contentUrl":"https:\/\/brandgioielli.it\/wp-content\/uploads\/2025\/07\/LogoBrand.png","width":600,"height":170,"caption":"Brand Gioielli"},"image":{"@id":"https:\/\/brandgioielli.it\/#\/schema\/logo\/image\/"}}]}},"_links":{"self":[{"href":"https:\/\/brandgioielli.it\/de\/wp-json\/wp\/v2\/product\/1172","targetHints":{"allow":["GET"]}}],"collection":[{"href":"https:\/\/brandgioielli.it\/de\/wp-json\/wp\/v2\/product"}],"about":[{"href":"https:\/\/brandgioielli.it\/de\/wp-json\/wp\/v2\/types\/product"}],"version-history":[{"count":8,"href":"https:\/\/brandgioielli.it\/de\/wp-json\/wp\/v2\/product\/1172\/revisions"}],"predecessor-version":[{"id":104027,"href":"https:\/\/brandgioielli.it\/de\/wp-json\/wp\/v2\/product\/1172\/revisions\/104027"}],"wp:featuredmedia":[{"embeddable":true,"href":"https:\/\/brandgioielli.it\/de\/wp-json\/wp\/v2\/media\/104023"}],"wp:attachment":[{"href":"https:\/\/brandgioielli.it\/de\/wp-json\/wp\/v2\/media?parent=1172"}],"wp:term":[{"taxonomy":"product_brand","embeddable":true,"href":"https:\/\/brandgioielli.it\/de\/wp-json\/wp\/v2\/product_brand?post=1172"},{"taxonomy":"product_cat","embeddable":true,"href":"https:\/\/brandgioielli.it\/de\/wp-json\/wp\/v2\/product_cat?post=1172"},{"taxonomy":"product_tag","embeddable":true,"href":"https:\/\/brandgioielli.it\/de\/wp-json\/wp\/v2\/product_tag?post=1172"}],"curies":[{"name":"wp","href":"https:\/\/api.w.org\/{rel}","templated":true}]}}