{"id":106121,"date":"2026-03-05T12:52:25","date_gmt":"2026-03-05T11:52:25","guid":{"rendered":"https:\/\/brandgioielli.it\/?post_type=product&#038;p=106121"},"modified":"2026-04-20T08:17:13","modified_gmt":"2026-04-20T06:17:13","slug":"collana-quadrifoglio-ferro-di-cavallo","status":"publish","type":"product","link":"https:\/\/brandgioielli.it\/de\/produkt\/collana-quadrifoglio-ferro-di-cavallo\/","title":{"rendered":"Vierbl\u00e4ttrige Kleeblatt-Hufeisen-Halskette"},"content":{"rendered":"<h2>Halskette mit vierbl\u00e4ttrigem Kleeblatt und Hufeisen<\/h2>\n<p data-start=\"49\" data-end=\"423\">Die Gioielli-Halskette von #Brand mit Horn und Hufeisen ist ein Schmuckst\u00fcck mit symbolischer Bedeutung und modernem Design aus hypoallergenem Stahl. Die zarte Kette ist mit zwei ikonischen Anh\u00e4ngern aus der Tradition der Gl\u00fccksbringer verziert: einem vierbl\u00e4ttrigen Kleeblatt, Symbol f\u00fcr Gl\u00fcck, und einem Hufeisen, das seit jeher mit Wohlstand in Verbindung gebracht wird. Dank ihres leichten und vielseitigen Designs eignet sich diese Halskette perfekt f\u00fcr jeden Tag \u2013 ob einzeln getragen f\u00fcr einen zarten Look oder kombiniert mit anderen Halsketten f\u00fcr einen modernen Lagenlook. Der Karabinerverschluss und die Verl\u00e4ngerungskette erm\u00f6glichen eine einfache Anpassung der L\u00e4nge f\u00fcr optimalen Tragekomfort. Die Halskette ist aus hypoallergenem Stahl gefertigt und beh\u00e4lt so auch bei t\u00e4glichem Gebrauch ihren Glanz, ihre St\u00e4rke und ihre Qualit\u00e4t \u00fcber lange Zeit.<\/p>\n<p><strong>TECHNISCHE DATEN<\/strong><\/p>\n<ul>\n<li>Vierbl\u00e4ttrige Kleeblatt-Hufeisen-Halskette<\/li>\n<li>Gr\u00f6\u00dfe: 40 cm + 5 cm Verl\u00e4ngerung<\/li>\n<li>Ausf\u00fchrung: Stahl, goldfarben PVD-beschichtet<\/li>\n<li>Material: Rostfreier Stahl<\/li>\n<\/ul>\n<p><em>Alle Schmuckst\u00fccke von #Brand werden aus dem reinsten chirurgischen Edelstahl hergestellt, der auf Nickel getestet wurde, und sind so konzipiert, dass sie jeden Tag getragen werden k\u00f6nnen, ohne dass Verf\u00e4rbungen oder Abnutzungserscheinungen zu bef\u00fcrchten sind, und sie sind wasserfest.<\/em><\/p>","protected":false},"excerpt":{"rendered":"<p>Collana Quadrifoglio e Ferro di Cavallo La collana con cornetto e ferro di cavallo firmata #Brand Gioielli \u00e8 un gioiello dal significato simbolico e dal design contemporaneo, realizzata in acciaio anallergico. La catena sottile \u00e8 impreziosita da due pendenti iconici della tradizione portafortuna: il quadrifoglio, simbolo di buon auspicio, e il ferro di cavallo, da [&hellip;]<\/p>\n","protected":false},"featured_media":106132,"template":"","meta":[],"product_brand":[],"product_cat":[458,23,19,507],"product_tag":[56],"class_list":{"0":"post-106121","1":"product","2":"type-product","3":"status-publish","4":"has-post-thumbnail","6":"product_cat-collane","7":"product_cat-collane-donna","8":"product_cat-donna","9":"product_cat-sotto-i-30e","10":"product_tag-collezione-good-luck","12":"first","13":"instock","14":"shipping-taxable","15":"purchasable","16":"product-type-variable"},"yoast_head":"<!-- This site is optimized with the Yoast SEO plugin v27.4 - https:\/\/yoast.com\/product\/yoast-seo-wordpress\/ -->\n<title>Collana Quadrifoglio Ferro di Cavallo - #BrandGioielli<\/title>\n<meta name=\"description\" content=\"Acquista ora su Brand Gioielli: Collana Quadrifoglio Ferro di Cavallo\" \/>\n<meta name=\"robots\" content=\"index, follow, max-snippet:-1, max-image-preview:large, max-video-preview:-1\" \/>\n<link rel=\"canonical\" href=\"https:\/\/brandgioielli.it\/de\/produkt\/collana-quadrifoglio-ferro-di-cavallo\/\" \/>\n<meta property=\"og:locale\" content=\"de_DE\" \/>\n<meta property=\"og:type\" content=\"article\" \/>\n<meta property=\"og:title\" content=\"Collana Quadrifoglio Ferro di Cavallo - #BrandGioielli\" \/>\n<meta property=\"og:description\" content=\"Acquista ora su Brand Gioielli: Collana Quadrifoglio Ferro di Cavallo\" \/>\n<meta property=\"og:url\" content=\"https:\/\/brandgioielli.it\/de\/produkt\/collana-quadrifoglio-ferro-di-cavallo\/\" \/>\n<meta property=\"og:site_name\" content=\"#BrandGioielli\" \/>\n<meta property=\"article:modified_time\" content=\"2026-04-20T06:17:13+00:00\" \/>\n<meta property=\"og:image\" content=\"https:\/\/brandgioielli.it\/wp-content\/uploads\/2026\/03\/collana-quadrifoglio-peperoncino-acciai-1.jpg\" \/>\n\t<meta property=\"og:image:width\" content=\"800\" \/>\n\t<meta property=\"og:image:height\" content=\"800\" \/>\n\t<meta property=\"og:image:type\" content=\"image\/jpeg\" \/>\n<meta name=\"twitter:card\" content=\"summary_large_image\" \/>\n<meta name=\"twitter:label1\" content=\"Gesch\u00e4tzte Lesezeit\" \/>\n\t<meta name=\"twitter:data1\" content=\"2\u00a0Minuten\" \/>\n<script type=\"application\/ld+json\" class=\"yoast-schema-graph\">{\"@context\":\"https:\\\/\\\/schema.org\",\"@graph\":[{\"@type\":\"WebPage\",\"@id\":\"https:\\\/\\\/brandgioielli.it\\\/prodotto\\\/collana-quadrifoglio-ferro-di-cavallo\\\/\",\"url\":\"https:\\\/\\\/brandgioielli.it\\\/prodotto\\\/collana-quadrifoglio-ferro-di-cavallo\\\/\",\"name\":\"Collana Quadrifoglio Ferro di Cavallo - #BrandGioielli\",\"isPartOf\":{\"@id\":\"https:\\\/\\\/brandgioielli.it\\\/#website\"},\"primaryImageOfPage\":{\"@id\":\"https:\\\/\\\/brandgioielli.it\\\/prodotto\\\/collana-quadrifoglio-ferro-di-cavallo\\\/#primaryimage\"},\"image\":{\"@id\":\"https:\\\/\\\/brandgioielli.it\\\/prodotto\\\/collana-quadrifoglio-ferro-di-cavallo\\\/#primaryimage\"},\"thumbnailUrl\":\"https:\\\/\\\/brandgioielli.it\\\/wp-content\\\/uploads\\\/2026\\\/03\\\/collana-quadrifoglio-peperoncino-acciai-1.jpg\",\"datePublished\":\"2026-03-05T11:52:25+00:00\",\"dateModified\":\"2026-04-20T06:17:13+00:00\",\"description\":\"Acquista ora su Brand Gioielli: Collana Quadrifoglio Ferro di Cavallo\",\"breadcrumb\":{\"@id\":\"https:\\\/\\\/brandgioielli.it\\\/prodotto\\\/collana-quadrifoglio-ferro-di-cavallo\\\/#breadcrumb\"},\"inLanguage\":\"de\",\"potentialAction\":[{\"@type\":\"ReadAction\",\"target\":[\"https:\\\/\\\/brandgioielli.it\\\/prodotto\\\/collana-quadrifoglio-ferro-di-cavallo\\\/\"]}]},{\"@type\":\"ImageObject\",\"inLanguage\":\"de\",\"@id\":\"https:\\\/\\\/brandgioielli.it\\\/prodotto\\\/collana-quadrifoglio-ferro-di-cavallo\\\/#primaryimage\",\"url\":\"https:\\\/\\\/brandgioielli.it\\\/wp-content\\\/uploads\\\/2026\\\/03\\\/collana-quadrifoglio-peperoncino-acciai-1.jpg\",\"contentUrl\":\"https:\\\/\\\/brandgioielli.it\\\/wp-content\\\/uploads\\\/2026\\\/03\\\/collana-quadrifoglio-peperoncino-acciai-1.jpg\",\"width\":800,\"height\":800},{\"@type\":\"BreadcrumbList\",\"@id\":\"https:\\\/\\\/brandgioielli.it\\\/prodotto\\\/collana-quadrifoglio-ferro-di-cavallo\\\/#breadcrumb\",\"itemListElement\":[{\"@type\":\"ListItem\",\"position\":1,\"name\":\"Home\",\"item\":\"https:\\\/\\\/brandgioielli.it\\\/\"},{\"@type\":\"ListItem\",\"position\":2,\"name\":\"Shop\",\"item\":\"https:\\\/\\\/brandgioielli.it\\\/shop\\\/\"},{\"@type\":\"ListItem\",\"position\":3,\"name\":\"Collana Quadrifoglio Ferro di Cavallo\"}]},{\"@type\":\"WebSite\",\"@id\":\"https:\\\/\\\/brandgioielli.it\\\/#website\",\"url\":\"https:\\\/\\\/brandgioielli.it\\\/\",\"name\":\"#BrandGioielli\",\"description\":\"\",\"publisher\":{\"@id\":\"https:\\\/\\\/brandgioielli.it\\\/#organization\"},\"potentialAction\":[{\"@type\":\"SearchAction\",\"target\":{\"@type\":\"EntryPoint\",\"urlTemplate\":\"https:\\\/\\\/brandgioielli.it\\\/?s={search_term_string}\"},\"query-input\":{\"@type\":\"PropertyValueSpecification\",\"valueRequired\":true,\"valueName\":\"search_term_string\"}}],\"inLanguage\":\"de\"},{\"@type\":\"Organization\",\"@id\":\"https:\\\/\\\/brandgioielli.it\\\/#organization\",\"name\":\"Brand Gioielli\",\"url\":\"https:\\\/\\\/brandgioielli.it\\\/\",\"logo\":{\"@type\":\"ImageObject\",\"inLanguage\":\"de\",\"@id\":\"https:\\\/\\\/brandgioielli.it\\\/#\\\/schema\\\/logo\\\/image\\\/\",\"url\":\"https:\\\/\\\/brandgioielli.it\\\/wp-content\\\/uploads\\\/2025\\\/07\\\/LogoBrand.png\",\"contentUrl\":\"https:\\\/\\\/brandgioielli.it\\\/wp-content\\\/uploads\\\/2025\\\/07\\\/LogoBrand.png\",\"width\":600,\"height\":170,\"caption\":\"Brand Gioielli\"},\"image\":{\"@id\":\"https:\\\/\\\/brandgioielli.it\\\/#\\\/schema\\\/logo\\\/image\\\/\"}}]}<\/script>\n<!-- \/ Yoast SEO plugin. -->","yoast_head_json":{"title":"Collana Quadrifoglio Ferro di Cavallo - #BrandGioielli","description":"Acquista ora su Brand Gioielli: Collana Quadrifoglio Ferro di Cavallo","robots":{"index":"index","follow":"follow","max-snippet":"max-snippet:-1","max-image-preview":"max-image-preview:large","max-video-preview":"max-video-preview:-1"},"canonical":"https:\/\/brandgioielli.it\/de\/produkt\/collana-quadrifoglio-ferro-di-cavallo\/","og_locale":"de_DE","og_type":"article","og_title":"Collana Quadrifoglio Ferro di Cavallo - #BrandGioielli","og_description":"Acquista ora su Brand Gioielli: Collana Quadrifoglio Ferro di Cavallo","og_url":"https:\/\/brandgioielli.it\/de\/produkt\/collana-quadrifoglio-ferro-di-cavallo\/","og_site_name":"#BrandGioielli","article_modified_time":"2026-04-20T06:17:13+00:00","og_image":[{"width":800,"height":800,"url":"https:\/\/brandgioielli.it\/wp-content\/uploads\/2026\/03\/collana-quadrifoglio-peperoncino-acciai-1.jpg","type":"image\/jpeg"}],"twitter_card":"summary_large_image","twitter_misc":{"Gesch\u00e4tzte Lesezeit":"2\u00a0Minuten"},"schema":{"@context":"https:\/\/schema.org","@graph":[{"@type":"WebPage","@id":"https:\/\/brandgioielli.it\/prodotto\/collana-quadrifoglio-ferro-di-cavallo\/","url":"https:\/\/brandgioielli.it\/prodotto\/collana-quadrifoglio-ferro-di-cavallo\/","name":"Collana Quadrifoglio Ferro di Cavallo - #BrandGioielli","isPartOf":{"@id":"https:\/\/brandgioielli.it\/#website"},"primaryImageOfPage":{"@id":"https:\/\/brandgioielli.it\/prodotto\/collana-quadrifoglio-ferro-di-cavallo\/#primaryimage"},"image":{"@id":"https:\/\/brandgioielli.it\/prodotto\/collana-quadrifoglio-ferro-di-cavallo\/#primaryimage"},"thumbnailUrl":"https:\/\/brandgioielli.it\/wp-content\/uploads\/2026\/03\/collana-quadrifoglio-peperoncino-acciai-1.jpg","datePublished":"2026-03-05T11:52:25+00:00","dateModified":"2026-04-20T06:17:13+00:00","description":"Acquista ora su Brand Gioielli: Collana Quadrifoglio Ferro di Cavallo","breadcrumb":{"@id":"https:\/\/brandgioielli.it\/prodotto\/collana-quadrifoglio-ferro-di-cavallo\/#breadcrumb"},"inLanguage":"de","potentialAction":[{"@type":"ReadAction","target":["https:\/\/brandgioielli.it\/prodotto\/collana-quadrifoglio-ferro-di-cavallo\/"]}]},{"@type":"ImageObject","inLanguage":"de","@id":"https:\/\/brandgioielli.it\/prodotto\/collana-quadrifoglio-ferro-di-cavallo\/#primaryimage","url":"https:\/\/brandgioielli.it\/wp-content\/uploads\/2026\/03\/collana-quadrifoglio-peperoncino-acciai-1.jpg","contentUrl":"https:\/\/brandgioielli.it\/wp-content\/uploads\/2026\/03\/collana-quadrifoglio-peperoncino-acciai-1.jpg","width":800,"height":800},{"@type":"BreadcrumbList","@id":"https:\/\/brandgioielli.it\/prodotto\/collana-quadrifoglio-ferro-di-cavallo\/#breadcrumb","itemListElement":[{"@type":"ListItem","position":1,"name":"Home","item":"https:\/\/brandgioielli.it\/"},{"@type":"ListItem","position":2,"name":"Shop","item":"https:\/\/brandgioielli.it\/shop\/"},{"@type":"ListItem","position":3,"name":"Collana Quadrifoglio Ferro di Cavallo"}]},{"@type":"WebSite","@id":"https:\/\/brandgioielli.it\/#website","url":"https:\/\/brandgioielli.it\/","name":"#BrandGioielli","description":"","publisher":{"@id":"https:\/\/brandgioielli.it\/#organization"},"potentialAction":[{"@type":"SearchAction","target":{"@type":"EntryPoint","urlTemplate":"https:\/\/brandgioielli.it\/?s={search_term_string}"},"query-input":{"@type":"PropertyValueSpecification","valueRequired":true,"valueName":"search_term_string"}}],"inLanguage":"de"},{"@type":"Organization","@id":"https:\/\/brandgioielli.it\/#organization","name":"Markenschmuck","url":"https:\/\/brandgioielli.it\/","logo":{"@type":"ImageObject","inLanguage":"de","@id":"https:\/\/brandgioielli.it\/#\/schema\/logo\/image\/","url":"https:\/\/brandgioielli.it\/wp-content\/uploads\/2025\/07\/LogoBrand.png","contentUrl":"https:\/\/brandgioielli.it\/wp-content\/uploads\/2025\/07\/LogoBrand.png","width":600,"height":170,"caption":"Brand Gioielli"},"image":{"@id":"https:\/\/brandgioielli.it\/#\/schema\/logo\/image\/"}}]}},"_links":{"self":[{"href":"https:\/\/brandgioielli.it\/de\/wp-json\/wp\/v2\/product\/106121","targetHints":{"allow":["GET"]}}],"collection":[{"href":"https:\/\/brandgioielli.it\/de\/wp-json\/wp\/v2\/product"}],"about":[{"href":"https:\/\/brandgioielli.it\/de\/wp-json\/wp\/v2\/types\/product"}],"version-history":[{"count":1,"href":"https:\/\/brandgioielli.it\/de\/wp-json\/wp\/v2\/product\/106121\/revisions"}],"predecessor-version":[{"id":106134,"href":"https:\/\/brandgioielli.it\/de\/wp-json\/wp\/v2\/product\/106121\/revisions\/106134"}],"wp:featuredmedia":[{"embeddable":true,"href":"https:\/\/brandgioielli.it\/de\/wp-json\/wp\/v2\/media\/106132"}],"wp:attachment":[{"href":"https:\/\/brandgioielli.it\/de\/wp-json\/wp\/v2\/media?parent=106121"}],"wp:term":[{"taxonomy":"product_brand","embeddable":true,"href":"https:\/\/brandgioielli.it\/de\/wp-json\/wp\/v2\/product_brand?post=106121"},{"taxonomy":"product_cat","embeddable":true,"href":"https:\/\/brandgioielli.it\/de\/wp-json\/wp\/v2\/product_cat?post=106121"},{"taxonomy":"product_tag","embeddable":true,"href":"https:\/\/brandgioielli.it\/de\/wp-json\/wp\/v2\/product_tag?post=106121"}],"curies":[{"name":"wp","href":"https:\/\/api.w.org\/{rel}","templated":true}]}}