{"id":106076,"date":"2026-03-05T12:14:29","date_gmt":"2026-03-05T11:14:29","guid":{"rendered":"https:\/\/brandgioielli.it\/?post_type=product&#038;p=106076"},"modified":"2026-04-20T08:17:12","modified_gmt":"2026-04-20T06:17:12","slug":"bracciale-quadrifoglio-ferro-di-cavallo-cornetto","status":"publish","type":"product","link":"https:\/\/brandgioielli.it\/de\/produkt\/bracciale-quadrifoglio-ferro-di-cavallo-cornetto\/","title":{"rendered":"Armband mit vierbl\u00e4ttrigem Kleeblatt und Hufeisenhorn"},"content":{"rendered":"<h2>Armband mit vierbl\u00e4ttrigem Kleeblatt, Hufeisen und Horn<\/h2>\n<p data-start=\"63\" data-end=\"451\">Das Gioielli-Armband von #Brand mit vierbl\u00e4ttrigem Kleeblatt, Hufeisen und Horn ist ein ausdrucksstarkes, symboltr\u00e4chtiges Accessoire aus Edelstahl. Die zarte Kette ist mit drei ikonischen Anh\u00e4ngern aus der Tradition der Gl\u00fccksbringer verziert: einem vierbl\u00e4ttrigen Kleeblatt, einem Hufeisen und einem Horn. Diese Elemente stehen gemeinsam f\u00fcr Gl\u00fcck, Schutz und positive Energie. Das filigrane, moderne Design macht es zu einem vielseitigen und angenehm zu tragenden Schmuckst\u00fcck f\u00fcr jeden Tag. Der Kontrast zwischen dem gl\u00e4nzenden Stahl und dem leuchtenden Rot des Horns bildet ein originelles Detail, das dem Handgelenk Charakter verleiht. Es l\u00e4sst sich perfekt solo tragen oder mit anderen Armb\u00e4ndern kombinieren, um einen individuellen Look zu kreieren. Dank des Karabinerverschlusses und der Verl\u00e4ngerungskette kann die Gr\u00f6\u00dfe einfach angepasst werden, was f\u00fcr optimalen Tragekomfort sorgt. Das Armband ist aus Edelstahl gefertigt und beh\u00e4lt daher auch bei t\u00e4glichem Gebrauch seinen Glanz und seine Langlebigkeit.<\/p>\n<p><strong>TECHNISCHE DATEN<\/strong><\/p>\n<ul>\n<li>Armband mit vierbl\u00e4ttrigem Kleeblatt und Hufeisenhorn<\/li>\n<li>Gr\u00f6\u00dfe: 16 cm + 3 cm Verl\u00e4ngerung<\/li>\n<li>Ausf\u00fchrung: Stahl, goldfarben PVD-beschichtet<\/li>\n<li>Material: Rostfreier Stahl<\/li>\n<\/ul>\n<p><em>Alle Schmuckst\u00fccke von #Brand werden aus dem reinsten chirurgischen Edelstahl hergestellt, der auf Nickel getestet wurde, und sind so konzipiert, dass sie jeden Tag getragen werden k\u00f6nnen, ohne dass Verf\u00e4rbungen oder Abnutzungserscheinungen zu bef\u00fcrchten sind, und sie sind wasserfest.\u00a0<\/em><\/p>","protected":false},"excerpt":{"rendered":"<p>Bracciale con Quadrifoglio, Ferro di Cavallo e Cornetto Il bracciale con quadrifoglio, ferro di cavallo e cornetto firmato #Brand Gioielli \u00e8 un accessorio dal forte significato simbolico, realizzato in acciaio inossidabile. La sottile catena \u00e8 arricchita da tre pendenti iconici della tradizione portafortuna: il quadrifoglio, il ferro di cavallo e il cornetto, elementi che insieme [&hellip;]<\/p>\n","protected":false},"featured_media":106090,"template":"","meta":[],"product_brand":[],"product_cat":[459,20,19,506],"product_tag":[56],"class_list":{"0":"post-106076","1":"product","2":"type-product","3":"status-publish","4":"has-post-thumbnail","6":"product_cat-bracciali","7":"product_cat-bracciali-donna","8":"product_cat-donna","9":"product_cat-sotto-i-20e","10":"product_tag-collezione-good-luck","12":"first","13":"instock","14":"shipping-taxable","15":"purchasable","16":"product-type-variable"},"yoast_head":"<!-- This site is optimized with the Yoast SEO plugin v27.4 - https:\/\/yoast.com\/product\/yoast-seo-wordpress\/ -->\n<title>Bracciale Quadrifoglio Ferro di Cavallo Cornetto - #BrandGioielli<\/title>\n<meta name=\"description\" content=\"Acquista ora su Brand Gioielli: Bracciale Quadrifoglio Ferro di Cavallo Cornetto\" \/>\n<meta name=\"robots\" content=\"index, follow, max-snippet:-1, max-image-preview:large, max-video-preview:-1\" \/>\n<link rel=\"canonical\" href=\"https:\/\/brandgioielli.it\/de\/produkt\/bracciale-quadrifoglio-ferro-di-cavallo-cornetto\/\" \/>\n<meta property=\"og:locale\" content=\"de_DE\" \/>\n<meta property=\"og:type\" content=\"article\" \/>\n<meta property=\"og:title\" content=\"Bracciale Quadrifoglio Ferro di Cavallo Cornetto - #BrandGioielli\" \/>\n<meta property=\"og:description\" content=\"Acquista ora su Brand Gioielli: Bracciale Quadrifoglio Ferro di Cavallo Cornetto\" \/>\n<meta property=\"og:url\" content=\"https:\/\/brandgioielli.it\/de\/produkt\/bracciale-quadrifoglio-ferro-di-cavallo-cornetto\/\" \/>\n<meta property=\"og:site_name\" content=\"#BrandGioielli\" \/>\n<meta property=\"article:modified_time\" content=\"2026-04-20T06:17:12+00:00\" \/>\n<meta property=\"og:image\" content=\"https:\/\/brandgioielli.it\/wp-content\/uploads\/2026\/03\/bracciale-peperoncino-ferro-di-cavallo-acciaioi.jpg\" \/>\n\t<meta property=\"og:image:width\" content=\"800\" \/>\n\t<meta property=\"og:image:height\" content=\"800\" \/>\n\t<meta property=\"og:image:type\" content=\"image\/jpeg\" \/>\n<meta name=\"twitter:card\" content=\"summary_large_image\" \/>\n<meta name=\"twitter:label1\" content=\"Gesch\u00e4tzte Lesezeit\" \/>\n\t<meta name=\"twitter:data1\" content=\"2\u00a0Minuten\" \/>\n<script type=\"application\/ld+json\" class=\"yoast-schema-graph\">{\"@context\":\"https:\\\/\\\/schema.org\",\"@graph\":[{\"@type\":\"WebPage\",\"@id\":\"https:\\\/\\\/brandgioielli.it\\\/prodotto\\\/bracciale-quadrifoglio-ferro-di-cavallo-cornetto\\\/\",\"url\":\"https:\\\/\\\/brandgioielli.it\\\/prodotto\\\/bracciale-quadrifoglio-ferro-di-cavallo-cornetto\\\/\",\"name\":\"Bracciale Quadrifoglio Ferro di Cavallo Cornetto - #BrandGioielli\",\"isPartOf\":{\"@id\":\"https:\\\/\\\/brandgioielli.it\\\/#website\"},\"primaryImageOfPage\":{\"@id\":\"https:\\\/\\\/brandgioielli.it\\\/prodotto\\\/bracciale-quadrifoglio-ferro-di-cavallo-cornetto\\\/#primaryimage\"},\"image\":{\"@id\":\"https:\\\/\\\/brandgioielli.it\\\/prodotto\\\/bracciale-quadrifoglio-ferro-di-cavallo-cornetto\\\/#primaryimage\"},\"thumbnailUrl\":\"https:\\\/\\\/brandgioielli.it\\\/wp-content\\\/uploads\\\/2026\\\/03\\\/bracciale-peperoncino-ferro-di-cavallo-acciaioi.jpg\",\"datePublished\":\"2026-03-05T11:14:29+00:00\",\"dateModified\":\"2026-04-20T06:17:12+00:00\",\"description\":\"Acquista ora su Brand Gioielli: Bracciale Quadrifoglio Ferro di Cavallo Cornetto\",\"breadcrumb\":{\"@id\":\"https:\\\/\\\/brandgioielli.it\\\/prodotto\\\/bracciale-quadrifoglio-ferro-di-cavallo-cornetto\\\/#breadcrumb\"},\"inLanguage\":\"de\",\"potentialAction\":[{\"@type\":\"ReadAction\",\"target\":[\"https:\\\/\\\/brandgioielli.it\\\/prodotto\\\/bracciale-quadrifoglio-ferro-di-cavallo-cornetto\\\/\"]}]},{\"@type\":\"ImageObject\",\"inLanguage\":\"de\",\"@id\":\"https:\\\/\\\/brandgioielli.it\\\/prodotto\\\/bracciale-quadrifoglio-ferro-di-cavallo-cornetto\\\/#primaryimage\",\"url\":\"https:\\\/\\\/brandgioielli.it\\\/wp-content\\\/uploads\\\/2026\\\/03\\\/bracciale-peperoncino-ferro-di-cavallo-acciaioi.jpg\",\"contentUrl\":\"https:\\\/\\\/brandgioielli.it\\\/wp-content\\\/uploads\\\/2026\\\/03\\\/bracciale-peperoncino-ferro-di-cavallo-acciaioi.jpg\",\"width\":800,\"height\":800},{\"@type\":\"BreadcrumbList\",\"@id\":\"https:\\\/\\\/brandgioielli.it\\\/prodotto\\\/bracciale-quadrifoglio-ferro-di-cavallo-cornetto\\\/#breadcrumb\",\"itemListElement\":[{\"@type\":\"ListItem\",\"position\":1,\"name\":\"Home\",\"item\":\"https:\\\/\\\/brandgioielli.it\\\/\"},{\"@type\":\"ListItem\",\"position\":2,\"name\":\"Shop\",\"item\":\"https:\\\/\\\/brandgioielli.it\\\/shop\\\/\"},{\"@type\":\"ListItem\",\"position\":3,\"name\":\"Bracciale Quadrifoglio Ferro di Cavallo Cornetto\"}]},{\"@type\":\"WebSite\",\"@id\":\"https:\\\/\\\/brandgioielli.it\\\/#website\",\"url\":\"https:\\\/\\\/brandgioielli.it\\\/\",\"name\":\"#BrandGioielli\",\"description\":\"\",\"publisher\":{\"@id\":\"https:\\\/\\\/brandgioielli.it\\\/#organization\"},\"potentialAction\":[{\"@type\":\"SearchAction\",\"target\":{\"@type\":\"EntryPoint\",\"urlTemplate\":\"https:\\\/\\\/brandgioielli.it\\\/?s={search_term_string}\"},\"query-input\":{\"@type\":\"PropertyValueSpecification\",\"valueRequired\":true,\"valueName\":\"search_term_string\"}}],\"inLanguage\":\"de\"},{\"@type\":\"Organization\",\"@id\":\"https:\\\/\\\/brandgioielli.it\\\/#organization\",\"name\":\"Brand Gioielli\",\"url\":\"https:\\\/\\\/brandgioielli.it\\\/\",\"logo\":{\"@type\":\"ImageObject\",\"inLanguage\":\"de\",\"@id\":\"https:\\\/\\\/brandgioielli.it\\\/#\\\/schema\\\/logo\\\/image\\\/\",\"url\":\"https:\\\/\\\/brandgioielli.it\\\/wp-content\\\/uploads\\\/2025\\\/07\\\/LogoBrand.png\",\"contentUrl\":\"https:\\\/\\\/brandgioielli.it\\\/wp-content\\\/uploads\\\/2025\\\/07\\\/LogoBrand.png\",\"width\":600,\"height\":170,\"caption\":\"Brand Gioielli\"},\"image\":{\"@id\":\"https:\\\/\\\/brandgioielli.it\\\/#\\\/schema\\\/logo\\\/image\\\/\"}}]}<\/script>\n<!-- \/ Yoast SEO plugin. -->","yoast_head_json":{"title":"Armband mit vierbl\u00e4ttrigem Kleeblatt und Hufeisenhorn - #BrandGioielli","description":"Jetzt bei Brand Gioielli shoppen: Armband mit vierbl\u00e4ttrigem Kleeblatt und Hufeisenhorn","robots":{"index":"index","follow":"follow","max-snippet":"max-snippet:-1","max-image-preview":"max-image-preview:large","max-video-preview":"max-video-preview:-1"},"canonical":"https:\/\/brandgioielli.it\/de\/produkt\/bracciale-quadrifoglio-ferro-di-cavallo-cornetto\/","og_locale":"de_DE","og_type":"article","og_title":"Bracciale Quadrifoglio Ferro di Cavallo Cornetto - #BrandGioielli","og_description":"Acquista ora su Brand Gioielli: Bracciale Quadrifoglio Ferro di Cavallo Cornetto","og_url":"https:\/\/brandgioielli.it\/de\/produkt\/bracciale-quadrifoglio-ferro-di-cavallo-cornetto\/","og_site_name":"#BrandGioielli","article_modified_time":"2026-04-20T06:17:12+00:00","og_image":[{"width":800,"height":800,"url":"https:\/\/brandgioielli.it\/wp-content\/uploads\/2026\/03\/bracciale-peperoncino-ferro-di-cavallo-acciaioi.jpg","type":"image\/jpeg"}],"twitter_card":"summary_large_image","twitter_misc":{"Gesch\u00e4tzte Lesezeit":"2\u00a0Minuten"},"schema":{"@context":"https:\/\/schema.org","@graph":[{"@type":"WebPage","@id":"https:\/\/brandgioielli.it\/prodotto\/bracciale-quadrifoglio-ferro-di-cavallo-cornetto\/","url":"https:\/\/brandgioielli.it\/prodotto\/bracciale-quadrifoglio-ferro-di-cavallo-cornetto\/","name":"Armband mit vierbl\u00e4ttrigem Kleeblatt und Hufeisenhorn - #BrandGioielli","isPartOf":{"@id":"https:\/\/brandgioielli.it\/#website"},"primaryImageOfPage":{"@id":"https:\/\/brandgioielli.it\/prodotto\/bracciale-quadrifoglio-ferro-di-cavallo-cornetto\/#primaryimage"},"image":{"@id":"https:\/\/brandgioielli.it\/prodotto\/bracciale-quadrifoglio-ferro-di-cavallo-cornetto\/#primaryimage"},"thumbnailUrl":"https:\/\/brandgioielli.it\/wp-content\/uploads\/2026\/03\/bracciale-peperoncino-ferro-di-cavallo-acciaioi.jpg","datePublished":"2026-03-05T11:14:29+00:00","dateModified":"2026-04-20T06:17:12+00:00","description":"Jetzt bei Brand Gioielli shoppen: Armband mit vierbl\u00e4ttrigem Kleeblatt und Hufeisenhorn","breadcrumb":{"@id":"https:\/\/brandgioielli.it\/prodotto\/bracciale-quadrifoglio-ferro-di-cavallo-cornetto\/#breadcrumb"},"inLanguage":"de","potentialAction":[{"@type":"ReadAction","target":["https:\/\/brandgioielli.it\/prodotto\/bracciale-quadrifoglio-ferro-di-cavallo-cornetto\/"]}]},{"@type":"ImageObject","inLanguage":"de","@id":"https:\/\/brandgioielli.it\/prodotto\/bracciale-quadrifoglio-ferro-di-cavallo-cornetto\/#primaryimage","url":"https:\/\/brandgioielli.it\/wp-content\/uploads\/2026\/03\/bracciale-peperoncino-ferro-di-cavallo-acciaioi.jpg","contentUrl":"https:\/\/brandgioielli.it\/wp-content\/uploads\/2026\/03\/bracciale-peperoncino-ferro-di-cavallo-acciaioi.jpg","width":800,"height":800},{"@type":"BreadcrumbList","@id":"https:\/\/brandgioielli.it\/prodotto\/bracciale-quadrifoglio-ferro-di-cavallo-cornetto\/#breadcrumb","itemListElement":[{"@type":"ListItem","position":1,"name":"Home","item":"https:\/\/brandgioielli.it\/"},{"@type":"ListItem","position":2,"name":"Shop","item":"https:\/\/brandgioielli.it\/shop\/"},{"@type":"ListItem","position":3,"name":"Bracciale Quadrifoglio Ferro di Cavallo Cornetto"}]},{"@type":"WebSite","@id":"https:\/\/brandgioielli.it\/#website","url":"https:\/\/brandgioielli.it\/","name":"#BrandGioielli","description":"","publisher":{"@id":"https:\/\/brandgioielli.it\/#organization"},"potentialAction":[{"@type":"SearchAction","target":{"@type":"EntryPoint","urlTemplate":"https:\/\/brandgioielli.it\/?s={search_term_string}"},"query-input":{"@type":"PropertyValueSpecification","valueRequired":true,"valueName":"search_term_string"}}],"inLanguage":"de"},{"@type":"Organization","@id":"https:\/\/brandgioielli.it\/#organization","name":"Markenschmuck","url":"https:\/\/brandgioielli.it\/","logo":{"@type":"ImageObject","inLanguage":"de","@id":"https:\/\/brandgioielli.it\/#\/schema\/logo\/image\/","url":"https:\/\/brandgioielli.it\/wp-content\/uploads\/2025\/07\/LogoBrand.png","contentUrl":"https:\/\/brandgioielli.it\/wp-content\/uploads\/2025\/07\/LogoBrand.png","width":600,"height":170,"caption":"Brand Gioielli"},"image":{"@id":"https:\/\/brandgioielli.it\/#\/schema\/logo\/image\/"}}]}},"_links":{"self":[{"href":"https:\/\/brandgioielli.it\/de\/wp-json\/wp\/v2\/product\/106076","targetHints":{"allow":["GET"]}}],"collection":[{"href":"https:\/\/brandgioielli.it\/de\/wp-json\/wp\/v2\/product"}],"about":[{"href":"https:\/\/brandgioielli.it\/de\/wp-json\/wp\/v2\/types\/product"}],"version-history":[{"count":2,"href":"https:\/\/brandgioielli.it\/de\/wp-json\/wp\/v2\/product\/106076\/revisions"}],"predecessor-version":[{"id":106139,"href":"https:\/\/brandgioielli.it\/de\/wp-json\/wp\/v2\/product\/106076\/revisions\/106139"}],"wp:featuredmedia":[{"embeddable":true,"href":"https:\/\/brandgioielli.it\/de\/wp-json\/wp\/v2\/media\/106090"}],"wp:attachment":[{"href":"https:\/\/brandgioielli.it\/de\/wp-json\/wp\/v2\/media?parent=106076"}],"wp:term":[{"taxonomy":"product_brand","embeddable":true,"href":"https:\/\/brandgioielli.it\/de\/wp-json\/wp\/v2\/product_brand?post=106076"},{"taxonomy":"product_cat","embeddable":true,"href":"https:\/\/brandgioielli.it\/de\/wp-json\/wp\/v2\/product_cat?post=106076"},{"taxonomy":"product_tag","embeddable":true,"href":"https:\/\/brandgioielli.it\/de\/wp-json\/wp\/v2\/product_tag?post=106076"}],"curies":[{"name":"wp","href":"https:\/\/api.w.org\/{rel}","templated":true}]}}