{"id":105957,"date":"2026-03-04T17:10:07","date_gmt":"2026-03-04T16:10:07","guid":{"rendered":"https:\/\/brandgioielli.it\/?post_type=product&#038;p=105957"},"modified":"2026-04-21T16:18:55","modified_gmt":"2026-04-21T14:18:55","slug":"bracciale-ematite-bianca-e-nera-papa-e-figlio","status":"publish","type":"product","link":"https:\/\/brandgioielli.it\/de\/produkt\/bracciale-ematite-bianca-e-nera-papa-e-figlio\/","title":{"rendered":"Schwarzes und wei\u00dfes H\u00e4matit-Armband f\u00fcr Vater und Sohn"},"content":{"rendered":"<h2>Schwarzes und wei\u00dfes H\u00e4matit-Armband f\u00fcr Vater und Sohn<\/h2>\n<p data-start=\"0\" data-end=\"731\">Der <strong data-start=\"43\" data-end=\"105\">#Brand Gioielli Armband aus schwarzem und wei\u00dfem H\u00e4matit f\u00fcr Vater und Sohn<\/strong> Dieses elegante und symboltr\u00e4chtige Accessoire ist perfekt f\u00fcr Kinder und ihre V\u00e4ter. Das Design kombiniert polierte Edelstahlkugeln mit H\u00e4matit-Eins\u00e4tzen und erzeugt so einen raffinierten Kontrast zwischen Glanz und dunklen T\u00f6nen, der dem Armband Charakter und Modernit\u00e4t verleiht. Die abwechselnden Kugeln und H\u00e4matit-Elemente machen das Schmuckst\u00fcck harmonisch und vielseitig \u2013 perfekt f\u00fcr jeden Anlass und mit einem schlichten, aber dennoch eleganten Stil. Dank des Karabinerverschlusses und der Verl\u00e4ngerungskette ist das Armband praktisch und passt sich optimal an Kinderhandgelenke an. Gefertigt aus langlebigen, hochwertigen Materialien, ist es f\u00fcr den t\u00e4glichen Gebrauch konzipiert und beh\u00e4lt seinen Glanz \u00fcber lange Zeit.<\/p>\n<p data-start=\"733\" data-end=\"756\"><strong data-start=\"733\" data-end=\"756\">TECHNISCHE DATEN<\/strong><\/p>\n<ul>\n<li>Armband aus Stahl und H\u00e4matit f\u00fcr Kinder<\/li>\n<li>L\u00e4nge L (Vater): 19 cm + 3 cm Verl\u00e4ngerung<\/li>\n<li>L\u00e4nge S (Kind): 13 cm + 3 cm Verl\u00e4ngerung<\/li>\n<li>Ausf\u00fchrung: Stahl<\/li>\n<li>Material: Edelstahl, Steine<\/li>\n<\/ul>\n<p><em>Alle Schmuckst\u00fccke der Marke #Brand sind aus dem reinsten chirurgischen Edelstahl auf dem Markt hergestellt, auf Nickel getestet und so konzipiert, dass sie jeden Tag getragen werden k\u00f6nnen, ohne dass Verf\u00e4rbungen oder Verschlei\u00dferscheinungen zu bef\u00fcrchten sind.<\/em><\/p>","protected":false},"excerpt":{"rendered":"<p>Bracciale con Ematite Bianca e Nera per Pap\u00e0 e Figlio Il bracciale con ematite bianca e nera per pap\u00e0 e figlio firmato #Brand Gioielli \u00e8 un accessorio elegante e simbolico pensato per i pi\u00f9 piccoli ed i loro pap\u00e0. Il design combina sfere lucide in acciaio inossidabile con inserti in ematite, creando un raffinato contrasto [&hellip;]<\/p>\n","protected":false},"featured_media":105964,"template":"","meta":[],"product_brand":[],"product_cat":[466,459,469,38,506,15],"product_tag":[75],"class_list":{"0":"post-105957","1":"product","2":"type-product","3":"status-publish","4":"has-post-thumbnail","6":"product_cat-bimbo","7":"product_cat-bracciali","8":"product_cat-bracciali-papa-figlio","9":"product_cat-bracciali-uomo","10":"product_cat-sotto-i-20e","11":"product_cat-uncategorized","12":"product_tag-collezione-fierce-baby","14":"first","15":"instock","16":"shipping-taxable","17":"purchasable","18":"product-type-variable"},"yoast_head":"<!-- This site is optimized with the Yoast SEO plugin v27.4 - https:\/\/yoast.com\/product\/yoast-seo-wordpress\/ -->\n<title>Bracciale Ematite Bianca Nera Pap\u00e0 e Figlio - #BrandGioielli<\/title>\n<meta name=\"description\" content=\"Acquista ora su Brand Gioielli: Bracciale Ematite Bianca Nera Pap\u00e0 e Figlio\" \/>\n<meta name=\"robots\" content=\"index, follow, max-snippet:-1, max-image-preview:large, max-video-preview:-1\" \/>\n<link rel=\"canonical\" href=\"https:\/\/brandgioielli.it\/de\/produkt\/bracciale-ematite-bianca-e-nera-papa-e-figlio\/\" \/>\n<meta property=\"og:locale\" content=\"de_DE\" \/>\n<meta property=\"og:type\" content=\"article\" \/>\n<meta property=\"og:title\" content=\"Bracciale Ematite Bianca Nera Pap\u00e0 e Figlio - #BrandGioielli\" \/>\n<meta property=\"og:description\" content=\"Acquista ora su Brand Gioielli: Bracciale Ematite Bianca Nera Pap\u00e0 e Figlio\" \/>\n<meta property=\"og:url\" content=\"https:\/\/brandgioielli.it\/de\/produkt\/bracciale-ematite-bianca-e-nera-papa-e-figlio\/\" \/>\n<meta property=\"og:site_name\" content=\"#BrandGioielli\" \/>\n<meta property=\"article:modified_time\" content=\"2026-04-21T14:18:55+00:00\" \/>\n<meta property=\"og:image\" content=\"https:\/\/brandgioielli.it\/wp-content\/uploads\/2026\/03\/bracciale-ematite-bianco-e-nero-papa-e-figlio.jpg\" \/>\n\t<meta property=\"og:image:width\" content=\"800\" \/>\n\t<meta property=\"og:image:height\" content=\"800\" \/>\n\t<meta property=\"og:image:type\" content=\"image\/jpeg\" \/>\n<meta name=\"twitter:card\" content=\"summary_large_image\" \/>\n<meta name=\"twitter:label1\" content=\"Gesch\u00e4tzte Lesezeit\" \/>\n\t<meta name=\"twitter:data1\" content=\"2\u00a0Minuten\" \/>\n<script type=\"application\/ld+json\" class=\"yoast-schema-graph\">{\"@context\":\"https:\\\/\\\/schema.org\",\"@graph\":[{\"@type\":\"WebPage\",\"@id\":\"https:\\\/\\\/brandgioielli.it\\\/prodotto\\\/bracciale-ematite-bianca-e-nera-papa-e-figlio\\\/\",\"url\":\"https:\\\/\\\/brandgioielli.it\\\/prodotto\\\/bracciale-ematite-bianca-e-nera-papa-e-figlio\\\/\",\"name\":\"Bracciale Ematite Bianca Nera Pap\u00e0 e Figlio - #BrandGioielli\",\"isPartOf\":{\"@id\":\"https:\\\/\\\/brandgioielli.it\\\/#website\"},\"primaryImageOfPage\":{\"@id\":\"https:\\\/\\\/brandgioielli.it\\\/prodotto\\\/bracciale-ematite-bianca-e-nera-papa-e-figlio\\\/#primaryimage\"},\"image\":{\"@id\":\"https:\\\/\\\/brandgioielli.it\\\/prodotto\\\/bracciale-ematite-bianca-e-nera-papa-e-figlio\\\/#primaryimage\"},\"thumbnailUrl\":\"https:\\\/\\\/brandgioielli.it\\\/wp-content\\\/uploads\\\/2026\\\/03\\\/bracciale-ematite-bianco-e-nero-papa-e-figlio.jpg\",\"datePublished\":\"2026-03-04T16:10:07+00:00\",\"dateModified\":\"2026-04-21T14:18:55+00:00\",\"description\":\"Acquista ora su Brand Gioielli: Bracciale Ematite Bianca Nera Pap\u00e0 e Figlio\",\"breadcrumb\":{\"@id\":\"https:\\\/\\\/brandgioielli.it\\\/prodotto\\\/bracciale-ematite-bianca-e-nera-papa-e-figlio\\\/#breadcrumb\"},\"inLanguage\":\"de\",\"potentialAction\":[{\"@type\":\"ReadAction\",\"target\":[\"https:\\\/\\\/brandgioielli.it\\\/prodotto\\\/bracciale-ematite-bianca-e-nera-papa-e-figlio\\\/\"]}]},{\"@type\":\"ImageObject\",\"inLanguage\":\"de\",\"@id\":\"https:\\\/\\\/brandgioielli.it\\\/prodotto\\\/bracciale-ematite-bianca-e-nera-papa-e-figlio\\\/#primaryimage\",\"url\":\"https:\\\/\\\/brandgioielli.it\\\/wp-content\\\/uploads\\\/2026\\\/03\\\/bracciale-ematite-bianco-e-nero-papa-e-figlio.jpg\",\"contentUrl\":\"https:\\\/\\\/brandgioielli.it\\\/wp-content\\\/uploads\\\/2026\\\/03\\\/bracciale-ematite-bianco-e-nero-papa-e-figlio.jpg\",\"width\":800,\"height\":800},{\"@type\":\"BreadcrumbList\",\"@id\":\"https:\\\/\\\/brandgioielli.it\\\/prodotto\\\/bracciale-ematite-bianca-e-nera-papa-e-figlio\\\/#breadcrumb\",\"itemListElement\":[{\"@type\":\"ListItem\",\"position\":1,\"name\":\"Home\",\"item\":\"https:\\\/\\\/brandgioielli.it\\\/\"},{\"@type\":\"ListItem\",\"position\":2,\"name\":\"Shop\",\"item\":\"https:\\\/\\\/brandgioielli.it\\\/shop\\\/\"},{\"@type\":\"ListItem\",\"position\":3,\"name\":\"Bracciale Ematite Bianca Nera Pap\u00e0 e Figlio\"}]},{\"@type\":\"WebSite\",\"@id\":\"https:\\\/\\\/brandgioielli.it\\\/#website\",\"url\":\"https:\\\/\\\/brandgioielli.it\\\/\",\"name\":\"#BrandGioielli\",\"description\":\"\",\"publisher\":{\"@id\":\"https:\\\/\\\/brandgioielli.it\\\/#organization\"},\"potentialAction\":[{\"@type\":\"SearchAction\",\"target\":{\"@type\":\"EntryPoint\",\"urlTemplate\":\"https:\\\/\\\/brandgioielli.it\\\/?s={search_term_string}\"},\"query-input\":{\"@type\":\"PropertyValueSpecification\",\"valueRequired\":true,\"valueName\":\"search_term_string\"}}],\"inLanguage\":\"de\"},{\"@type\":\"Organization\",\"@id\":\"https:\\\/\\\/brandgioielli.it\\\/#organization\",\"name\":\"Brand Gioielli\",\"url\":\"https:\\\/\\\/brandgioielli.it\\\/\",\"logo\":{\"@type\":\"ImageObject\",\"inLanguage\":\"de\",\"@id\":\"https:\\\/\\\/brandgioielli.it\\\/#\\\/schema\\\/logo\\\/image\\\/\",\"url\":\"https:\\\/\\\/brandgioielli.it\\\/wp-content\\\/uploads\\\/2025\\\/07\\\/LogoBrand.png\",\"contentUrl\":\"https:\\\/\\\/brandgioielli.it\\\/wp-content\\\/uploads\\\/2025\\\/07\\\/LogoBrand.png\",\"width\":600,\"height\":170,\"caption\":\"Brand Gioielli\"},\"image\":{\"@id\":\"https:\\\/\\\/brandgioielli.it\\\/#\\\/schema\\\/logo\\\/image\\\/\"}}]}<\/script>\n<!-- \/ Yoast SEO plugin. -->","yoast_head_json":{"title":"Schwarzes und wei\u00dfes H\u00e4matit-Armband f\u00fcr Vater und Sohn - #BrandGioielli","description":"Jetzt bei Brand Gioielli shoppen: Schwarzes und wei\u00dfes H\u00e4matit-Armband f\u00fcr Vater und Sohn","robots":{"index":"index","follow":"follow","max-snippet":"max-snippet:-1","max-image-preview":"max-image-preview:large","max-video-preview":"max-video-preview:-1"},"canonical":"https:\/\/brandgioielli.it\/de\/produkt\/bracciale-ematite-bianca-e-nera-papa-e-figlio\/","og_locale":"de_DE","og_type":"article","og_title":"Bracciale Ematite Bianca Nera Pap\u00e0 e Figlio - #BrandGioielli","og_description":"Acquista ora su Brand Gioielli: Bracciale Ematite Bianca Nera Pap\u00e0 e Figlio","og_url":"https:\/\/brandgioielli.it\/de\/produkt\/bracciale-ematite-bianca-e-nera-papa-e-figlio\/","og_site_name":"#BrandGioielli","article_modified_time":"2026-04-21T14:18:55+00:00","og_image":[{"width":800,"height":800,"url":"https:\/\/brandgioielli.it\/wp-content\/uploads\/2026\/03\/bracciale-ematite-bianco-e-nero-papa-e-figlio.jpg","type":"image\/jpeg"}],"twitter_card":"summary_large_image","twitter_misc":{"Gesch\u00e4tzte Lesezeit":"2\u00a0Minuten"},"schema":{"@context":"https:\/\/schema.org","@graph":[{"@type":"WebPage","@id":"https:\/\/brandgioielli.it\/prodotto\/bracciale-ematite-bianca-e-nera-papa-e-figlio\/","url":"https:\/\/brandgioielli.it\/prodotto\/bracciale-ematite-bianca-e-nera-papa-e-figlio\/","name":"Schwarzes und wei\u00dfes H\u00e4matit-Armband f\u00fcr Vater und Sohn - #BrandGioielli","isPartOf":{"@id":"https:\/\/brandgioielli.it\/#website"},"primaryImageOfPage":{"@id":"https:\/\/brandgioielli.it\/prodotto\/bracciale-ematite-bianca-e-nera-papa-e-figlio\/#primaryimage"},"image":{"@id":"https:\/\/brandgioielli.it\/prodotto\/bracciale-ematite-bianca-e-nera-papa-e-figlio\/#primaryimage"},"thumbnailUrl":"https:\/\/brandgioielli.it\/wp-content\/uploads\/2026\/03\/bracciale-ematite-bianco-e-nero-papa-e-figlio.jpg","datePublished":"2026-03-04T16:10:07+00:00","dateModified":"2026-04-21T14:18:55+00:00","description":"Jetzt bei Brand Gioielli shoppen: Schwarzes und wei\u00dfes H\u00e4matit-Armband f\u00fcr Vater und Sohn","breadcrumb":{"@id":"https:\/\/brandgioielli.it\/prodotto\/bracciale-ematite-bianca-e-nera-papa-e-figlio\/#breadcrumb"},"inLanguage":"de","potentialAction":[{"@type":"ReadAction","target":["https:\/\/brandgioielli.it\/prodotto\/bracciale-ematite-bianca-e-nera-papa-e-figlio\/"]}]},{"@type":"ImageObject","inLanguage":"de","@id":"https:\/\/brandgioielli.it\/prodotto\/bracciale-ematite-bianca-e-nera-papa-e-figlio\/#primaryimage","url":"https:\/\/brandgioielli.it\/wp-content\/uploads\/2026\/03\/bracciale-ematite-bianco-e-nero-papa-e-figlio.jpg","contentUrl":"https:\/\/brandgioielli.it\/wp-content\/uploads\/2026\/03\/bracciale-ematite-bianco-e-nero-papa-e-figlio.jpg","width":800,"height":800},{"@type":"BreadcrumbList","@id":"https:\/\/brandgioielli.it\/prodotto\/bracciale-ematite-bianca-e-nera-papa-e-figlio\/#breadcrumb","itemListElement":[{"@type":"ListItem","position":1,"name":"Home","item":"https:\/\/brandgioielli.it\/"},{"@type":"ListItem","position":2,"name":"Shop","item":"https:\/\/brandgioielli.it\/shop\/"},{"@type":"ListItem","position":3,"name":"Bracciale Ematite Bianca Nera Pap\u00e0 e Figlio"}]},{"@type":"WebSite","@id":"https:\/\/brandgioielli.it\/#website","url":"https:\/\/brandgioielli.it\/","name":"#BrandGioielli","description":"","publisher":{"@id":"https:\/\/brandgioielli.it\/#organization"},"potentialAction":[{"@type":"SearchAction","target":{"@type":"EntryPoint","urlTemplate":"https:\/\/brandgioielli.it\/?s={search_term_string}"},"query-input":{"@type":"PropertyValueSpecification","valueRequired":true,"valueName":"search_term_string"}}],"inLanguage":"de"},{"@type":"Organization","@id":"https:\/\/brandgioielli.it\/#organization","name":"Markenschmuck","url":"https:\/\/brandgioielli.it\/","logo":{"@type":"ImageObject","inLanguage":"de","@id":"https:\/\/brandgioielli.it\/#\/schema\/logo\/image\/","url":"https:\/\/brandgioielli.it\/wp-content\/uploads\/2025\/07\/LogoBrand.png","contentUrl":"https:\/\/brandgioielli.it\/wp-content\/uploads\/2025\/07\/LogoBrand.png","width":600,"height":170,"caption":"Brand Gioielli"},"image":{"@id":"https:\/\/brandgioielli.it\/#\/schema\/logo\/image\/"}}]}},"_links":{"self":[{"href":"https:\/\/brandgioielli.it\/de\/wp-json\/wp\/v2\/product\/105957","targetHints":{"allow":["GET"]}}],"collection":[{"href":"https:\/\/brandgioielli.it\/de\/wp-json\/wp\/v2\/product"}],"about":[{"href":"https:\/\/brandgioielli.it\/de\/wp-json\/wp\/v2\/types\/product"}],"version-history":[{"count":2,"href":"https:\/\/brandgioielli.it\/de\/wp-json\/wp\/v2\/product\/105957\/revisions"}],"predecessor-version":[{"id":105967,"href":"https:\/\/brandgioielli.it\/de\/wp-json\/wp\/v2\/product\/105957\/revisions\/105967"}],"wp:featuredmedia":[{"embeddable":true,"href":"https:\/\/brandgioielli.it\/de\/wp-json\/wp\/v2\/media\/105964"}],"wp:attachment":[{"href":"https:\/\/brandgioielli.it\/de\/wp-json\/wp\/v2\/media?parent=105957"}],"wp:term":[{"taxonomy":"product_brand","embeddable":true,"href":"https:\/\/brandgioielli.it\/de\/wp-json\/wp\/v2\/product_brand?post=105957"},{"taxonomy":"product_cat","embeddable":true,"href":"https:\/\/brandgioielli.it\/de\/wp-json\/wp\/v2\/product_cat?post=105957"},{"taxonomy":"product_tag","embeddable":true,"href":"https:\/\/brandgioielli.it\/de\/wp-json\/wp\/v2\/product_tag?post=105957"}],"curies":[{"name":"wp","href":"https:\/\/api.w.org\/{rel}","templated":true}]}}