{"id":105687,"date":"2026-03-03T11:10:46","date_gmt":"2026-03-03T10:10:46","guid":{"rendered":"https:\/\/brandgioielli.it\/?post_type=product&#038;p=105687"},"modified":"2026-04-20T10:18:09","modified_gmt":"2026-04-20T08:18:09","slug":"anello-fedina-cristalli-bianchi","status":"publish","type":"product","link":"https:\/\/brandgioielli.it\/de\/produkt\/anello-fedina-cristalli-bianchi\/","title":{"rendered":"Wei\u00dfer Kristallring"},"content":{"rendered":"<h2>Bandring mit wei\u00dfen Kristallen<\/h2>\n<p>Der Ehering mit wei\u00dfen Kristallen von #Brand Gioielli ist ein zeitloser Klassiker. <strong data-start=\"435\" data-end=\"464\">rostfreier Stahl<\/strong>. Das schlanke und elegante Design wird durch eine durchgehende Reihe von <strong data-start=\"535\" data-end=\"557\">helle Kristalle<\/strong> Entlang der gesamten Ringl\u00e4nge sorgt ein dezenter Lichteffekt f\u00fcr eine elegante Optik. Ob solo getragen f\u00fcr einen schlichten Look oder kombiniert mit anderen Ringen f\u00fcr einen ausdrucksst\u00e4rkeren Auftritt \u2013 dieser Ring ist die ideale Wahl als Verlobungsring, Jahrestagsring, romantisches Geschenk oder Schmuckst\u00fcck f\u00fcr jeden Tag.<\/p>\n<p><strong>TECHNISCHE DATEN<\/strong><\/p>\n<ul>\n<li>Wei\u00dfer Kristallring<\/li>\n<li>Erh\u00e4ltlich in den Gr\u00f6\u00dfen: 8, 10, 12, 14, 16, 18, 20, 22 und 24<\/li>\n<li>Banddicke: 1,5 mm<\/li>\n<li>Ausf\u00fchrung: Stahl oder Gold PVD<\/li>\n<li>Material: Edelstahl, Kristalle<\/li>\n<\/ul>\n<p><em>Alle Schmuckst\u00fccke von #Brand werden aus dem reinsten chirurgischen Edelstahl hergestellt, der auf Nickel getestet wurde, und sind so konzipiert, dass sie jeden Tag getragen werden k\u00f6nnen, ohne dass Verf\u00e4rbungen oder Abnutzungserscheinungen zu bef\u00fcrchten sind, und sie sind wasserfest.<\/em><\/p>","protected":false},"excerpt":{"rendered":"<p>Anello Fedina con Cristalli Bianchi L&#8217;anello fedina con cristalli bianchi firmato #Brand Gioielli \u00e8 un classico intramontabile, in acciaio inossidabile. Il design sottile e raffinato \u00e8 impreziosito da una fila continua di cristalli luminosi lungo tutto il giro dell\u2019anello, per un effetto di luce elegante e discreto. Perfetta da indossare da sola per un look [&hellip;]<\/p>\n","protected":false},"featured_media":105705,"template":"","meta":[],"product_brand":[],"product_cat":[457,25,567,476,19,502,506,611],"product_tag":[145],"class_list":{"0":"post-105687","1":"product","2":"type-product","3":"status-publish","4":"has-post-thumbnail","6":"product_cat-anelli","7":"product_cat-anelli-donna","8":"product_cat-brand-carpet","9":"product_cat-coppia","10":"product_cat-donna","11":"product_cat-ricorrenze","12":"product_cat-sotto-i-20e","13":"product_cat-spring-selection","14":"product_tag-collezione-luce","16":"first","17":"instock","18":"featured","19":"shipping-taxable","20":"purchasable","21":"product-type-variable"},"yoast_head":"<!-- This site is optimized with the Yoast SEO plugin v27.4 - https:\/\/yoast.com\/product\/yoast-seo-wordpress\/ -->\n<title>Anello Fedina Cristalli Bianchi - #BrandGioielli<\/title>\n<meta name=\"description\" content=\"Acquista ora su Brand Gioielli: Anello Fedina Cristalli Bianchi\" \/>\n<meta name=\"robots\" content=\"index, follow, max-snippet:-1, max-image-preview:large, max-video-preview:-1\" \/>\n<link rel=\"canonical\" href=\"https:\/\/brandgioielli.it\/de\/produkt\/anello-fedina-cristalli-bianchi\/\" \/>\n<meta property=\"og:locale\" content=\"de_DE\" \/>\n<meta property=\"og:type\" content=\"article\" \/>\n<meta property=\"og:title\" content=\"Anello Fedina Cristalli Bianchi - #BrandGioielli\" \/>\n<meta property=\"og:description\" content=\"Acquista ora su Brand Gioielli: Anello Fedina Cristalli Bianchi\" \/>\n<meta property=\"og:url\" content=\"https:\/\/brandgioielli.it\/de\/produkt\/anello-fedina-cristalli-bianchi\/\" \/>\n<meta property=\"og:site_name\" content=\"#BrandGioielli\" \/>\n<meta property=\"article:modified_time\" content=\"2026-04-20T08:18:09+00:00\" \/>\n<meta property=\"og:image\" content=\"https:\/\/brandgioielli.it\/wp-content\/uploads\/2026\/03\/anello-fedina-cristalli-bianchi-oro.jpg\" \/>\n\t<meta property=\"og:image:width\" content=\"800\" \/>\n\t<meta property=\"og:image:height\" content=\"800\" \/>\n\t<meta property=\"og:image:type\" content=\"image\/jpeg\" \/>\n<meta name=\"twitter:card\" content=\"summary_large_image\" \/>\n<meta name=\"twitter:label1\" content=\"Gesch\u00e4tzte Lesezeit\" \/>\n\t<meta name=\"twitter:data1\" content=\"2\u00a0Minuten\" \/>\n<script type=\"application\/ld+json\" class=\"yoast-schema-graph\">{\"@context\":\"https:\\\/\\\/schema.org\",\"@graph\":[{\"@type\":\"WebPage\",\"@id\":\"https:\\\/\\\/brandgioielli.it\\\/prodotto\\\/anello-fedina-cristalli-bianchi\\\/\",\"url\":\"https:\\\/\\\/brandgioielli.it\\\/prodotto\\\/anello-fedina-cristalli-bianchi\\\/\",\"name\":\"Anello Fedina Cristalli Bianchi - #BrandGioielli\",\"isPartOf\":{\"@id\":\"https:\\\/\\\/brandgioielli.it\\\/#website\"},\"primaryImageOfPage\":{\"@id\":\"https:\\\/\\\/brandgioielli.it\\\/prodotto\\\/anello-fedina-cristalli-bianchi\\\/#primaryimage\"},\"image\":{\"@id\":\"https:\\\/\\\/brandgioielli.it\\\/prodotto\\\/anello-fedina-cristalli-bianchi\\\/#primaryimage\"},\"thumbnailUrl\":\"https:\\\/\\\/brandgioielli.it\\\/wp-content\\\/uploads\\\/2026\\\/03\\\/anello-fedina-cristalli-bianchi-oro.jpg\",\"datePublished\":\"2026-03-03T10:10:46+00:00\",\"dateModified\":\"2026-04-20T08:18:09+00:00\",\"description\":\"Acquista ora su Brand Gioielli: Anello Fedina Cristalli Bianchi\",\"breadcrumb\":{\"@id\":\"https:\\\/\\\/brandgioielli.it\\\/prodotto\\\/anello-fedina-cristalli-bianchi\\\/#breadcrumb\"},\"inLanguage\":\"de\",\"potentialAction\":[{\"@type\":\"ReadAction\",\"target\":[\"https:\\\/\\\/brandgioielli.it\\\/prodotto\\\/anello-fedina-cristalli-bianchi\\\/\"]}]},{\"@type\":\"ImageObject\",\"inLanguage\":\"de\",\"@id\":\"https:\\\/\\\/brandgioielli.it\\\/prodotto\\\/anello-fedina-cristalli-bianchi\\\/#primaryimage\",\"url\":\"https:\\\/\\\/brandgioielli.it\\\/wp-content\\\/uploads\\\/2026\\\/03\\\/anello-fedina-cristalli-bianchi-oro.jpg\",\"contentUrl\":\"https:\\\/\\\/brandgioielli.it\\\/wp-content\\\/uploads\\\/2026\\\/03\\\/anello-fedina-cristalli-bianchi-oro.jpg\",\"width\":800,\"height\":800},{\"@type\":\"BreadcrumbList\",\"@id\":\"https:\\\/\\\/brandgioielli.it\\\/prodotto\\\/anello-fedina-cristalli-bianchi\\\/#breadcrumb\",\"itemListElement\":[{\"@type\":\"ListItem\",\"position\":1,\"name\":\"Home\",\"item\":\"https:\\\/\\\/brandgioielli.it\\\/\"},{\"@type\":\"ListItem\",\"position\":2,\"name\":\"Shop\",\"item\":\"https:\\\/\\\/brandgioielli.it\\\/shop\\\/\"},{\"@type\":\"ListItem\",\"position\":3,\"name\":\"Anello Fedina Cristalli Bianchi\"}]},{\"@type\":\"WebSite\",\"@id\":\"https:\\\/\\\/brandgioielli.it\\\/#website\",\"url\":\"https:\\\/\\\/brandgioielli.it\\\/\",\"name\":\"#BrandGioielli\",\"description\":\"\",\"publisher\":{\"@id\":\"https:\\\/\\\/brandgioielli.it\\\/#organization\"},\"potentialAction\":[{\"@type\":\"SearchAction\",\"target\":{\"@type\":\"EntryPoint\",\"urlTemplate\":\"https:\\\/\\\/brandgioielli.it\\\/?s={search_term_string}\"},\"query-input\":{\"@type\":\"PropertyValueSpecification\",\"valueRequired\":true,\"valueName\":\"search_term_string\"}}],\"inLanguage\":\"de\"},{\"@type\":\"Organization\",\"@id\":\"https:\\\/\\\/brandgioielli.it\\\/#organization\",\"name\":\"Brand Gioielli\",\"url\":\"https:\\\/\\\/brandgioielli.it\\\/\",\"logo\":{\"@type\":\"ImageObject\",\"inLanguage\":\"de\",\"@id\":\"https:\\\/\\\/brandgioielli.it\\\/#\\\/schema\\\/logo\\\/image\\\/\",\"url\":\"https:\\\/\\\/brandgioielli.it\\\/wp-content\\\/uploads\\\/2025\\\/07\\\/LogoBrand.png\",\"contentUrl\":\"https:\\\/\\\/brandgioielli.it\\\/wp-content\\\/uploads\\\/2025\\\/07\\\/LogoBrand.png\",\"width\":600,\"height\":170,\"caption\":\"Brand Gioielli\"},\"image\":{\"@id\":\"https:\\\/\\\/brandgioielli.it\\\/#\\\/schema\\\/logo\\\/image\\\/\"}}]}<\/script>\n<!-- \/ Yoast SEO plugin. -->","yoast_head_json":{"title":"Wei\u00dfer Kristallring - #BrandGioielli","description":"Jetzt bei Brand Gioielli shoppen: Wei\u00dfer Kristallring","robots":{"index":"index","follow":"follow","max-snippet":"max-snippet:-1","max-image-preview":"max-image-preview:large","max-video-preview":"max-video-preview:-1"},"canonical":"https:\/\/brandgioielli.it\/de\/produkt\/anello-fedina-cristalli-bianchi\/","og_locale":"de_DE","og_type":"article","og_title":"Anello Fedina Cristalli Bianchi - #BrandGioielli","og_description":"Acquista ora su Brand Gioielli: Anello Fedina Cristalli Bianchi","og_url":"https:\/\/brandgioielli.it\/de\/produkt\/anello-fedina-cristalli-bianchi\/","og_site_name":"#BrandGioielli","article_modified_time":"2026-04-20T08:18:09+00:00","og_image":[{"width":800,"height":800,"url":"https:\/\/brandgioielli.it\/wp-content\/uploads\/2026\/03\/anello-fedina-cristalli-bianchi-oro.jpg","type":"image\/jpeg"}],"twitter_card":"summary_large_image","twitter_misc":{"Gesch\u00e4tzte Lesezeit":"2\u00a0Minuten"},"schema":{"@context":"https:\/\/schema.org","@graph":[{"@type":"WebPage","@id":"https:\/\/brandgioielli.it\/prodotto\/anello-fedina-cristalli-bianchi\/","url":"https:\/\/brandgioielli.it\/prodotto\/anello-fedina-cristalli-bianchi\/","name":"Wei\u00dfer Kristallring - #BrandGioielli","isPartOf":{"@id":"https:\/\/brandgioielli.it\/#website"},"primaryImageOfPage":{"@id":"https:\/\/brandgioielli.it\/prodotto\/anello-fedina-cristalli-bianchi\/#primaryimage"},"image":{"@id":"https:\/\/brandgioielli.it\/prodotto\/anello-fedina-cristalli-bianchi\/#primaryimage"},"thumbnailUrl":"https:\/\/brandgioielli.it\/wp-content\/uploads\/2026\/03\/anello-fedina-cristalli-bianchi-oro.jpg","datePublished":"2026-03-03T10:10:46+00:00","dateModified":"2026-04-20T08:18:09+00:00","description":"Jetzt bei Brand Gioielli shoppen: Wei\u00dfer Kristallring","breadcrumb":{"@id":"https:\/\/brandgioielli.it\/prodotto\/anello-fedina-cristalli-bianchi\/#breadcrumb"},"inLanguage":"de","potentialAction":[{"@type":"ReadAction","target":["https:\/\/brandgioielli.it\/prodotto\/anello-fedina-cristalli-bianchi\/"]}]},{"@type":"ImageObject","inLanguage":"de","@id":"https:\/\/brandgioielli.it\/prodotto\/anello-fedina-cristalli-bianchi\/#primaryimage","url":"https:\/\/brandgioielli.it\/wp-content\/uploads\/2026\/03\/anello-fedina-cristalli-bianchi-oro.jpg","contentUrl":"https:\/\/brandgioielli.it\/wp-content\/uploads\/2026\/03\/anello-fedina-cristalli-bianchi-oro.jpg","width":800,"height":800},{"@type":"BreadcrumbList","@id":"https:\/\/brandgioielli.it\/prodotto\/anello-fedina-cristalli-bianchi\/#breadcrumb","itemListElement":[{"@type":"ListItem","position":1,"name":"Home","item":"https:\/\/brandgioielli.it\/"},{"@type":"ListItem","position":2,"name":"Shop","item":"https:\/\/brandgioielli.it\/shop\/"},{"@type":"ListItem","position":3,"name":"Anello Fedina Cristalli Bianchi"}]},{"@type":"WebSite","@id":"https:\/\/brandgioielli.it\/#website","url":"https:\/\/brandgioielli.it\/","name":"#BrandGioielli","description":"","publisher":{"@id":"https:\/\/brandgioielli.it\/#organization"},"potentialAction":[{"@type":"SearchAction","target":{"@type":"EntryPoint","urlTemplate":"https:\/\/brandgioielli.it\/?s={search_term_string}"},"query-input":{"@type":"PropertyValueSpecification","valueRequired":true,"valueName":"search_term_string"}}],"inLanguage":"de"},{"@type":"Organization","@id":"https:\/\/brandgioielli.it\/#organization","name":"Markenschmuck","url":"https:\/\/brandgioielli.it\/","logo":{"@type":"ImageObject","inLanguage":"de","@id":"https:\/\/brandgioielli.it\/#\/schema\/logo\/image\/","url":"https:\/\/brandgioielli.it\/wp-content\/uploads\/2025\/07\/LogoBrand.png","contentUrl":"https:\/\/brandgioielli.it\/wp-content\/uploads\/2025\/07\/LogoBrand.png","width":600,"height":170,"caption":"Brand Gioielli"},"image":{"@id":"https:\/\/brandgioielli.it\/#\/schema\/logo\/image\/"}}]}},"_links":{"self":[{"href":"https:\/\/brandgioielli.it\/de\/wp-json\/wp\/v2\/product\/105687","targetHints":{"allow":["GET"]}}],"collection":[{"href":"https:\/\/brandgioielli.it\/de\/wp-json\/wp\/v2\/product"}],"about":[{"href":"https:\/\/brandgioielli.it\/de\/wp-json\/wp\/v2\/types\/product"}],"version-history":[{"count":1,"href":"https:\/\/brandgioielli.it\/de\/wp-json\/wp\/v2\/product\/105687\/revisions"}],"predecessor-version":[{"id":105710,"href":"https:\/\/brandgioielli.it\/de\/wp-json\/wp\/v2\/product\/105687\/revisions\/105710"}],"wp:featuredmedia":[{"embeddable":true,"href":"https:\/\/brandgioielli.it\/de\/wp-json\/wp\/v2\/media\/105705"}],"wp:attachment":[{"href":"https:\/\/brandgioielli.it\/de\/wp-json\/wp\/v2\/media?parent=105687"}],"wp:term":[{"taxonomy":"product_brand","embeddable":true,"href":"https:\/\/brandgioielli.it\/de\/wp-json\/wp\/v2\/product_brand?post=105687"},{"taxonomy":"product_cat","embeddable":true,"href":"https:\/\/brandgioielli.it\/de\/wp-json\/wp\/v2\/product_cat?post=105687"},{"taxonomy":"product_tag","embeddable":true,"href":"https:\/\/brandgioielli.it\/de\/wp-json\/wp\/v2\/product_tag?post=105687"}],"curies":[{"name":"wp","href":"https:\/\/api.w.org\/{rel}","templated":true}]}}