{"id":105104,"date":"2026-02-24T15:55:22","date_gmt":"2026-02-24T14:55:22","guid":{"rendered":"https:\/\/brandgioielli.it\/?post_type=product&#038;p=105104"},"modified":"2026-04-22T17:18:31","modified_gmt":"2026-04-22T15:18:31","slug":"earcuff-singolo-tennis-baguette","status":"publish","type":"product","link":"https:\/\/brandgioielli.it\/de\/produkt\/earcuff-singolo-tennis-baguette\/","title":{"rendered":"Einzelner Tennis-Baguette-Ohrclip"},"content":{"rendered":"<h2>Einzelner Tennis-Baguette-Ohrclip<\/h2>\n<p data-start=\"518\" data-end=\"721\">Der einzelne Tennis-Ohrclip mit Baguette-Kristallen von #Brand Gioielli besticht durch sein modernes und strahlendes Design. Eine Reihe von Baguette-geschliffenen Kristallen verleiht dem Schmuckst\u00fcck ein elegantes Lichtspiel. Die geometrischen Linien und die geschwungene Form verleihen ihm Charakter und eine zeitgem\u00e4\u00dfe Ausstrahlung und setzen das Ohr mit einem funkelnden und raffinierten Akzent in Szene. Gefertigt aus robustem und komfortablem Edelstahl, l\u00e4sst er sich auch ohne Ohrloch problemlos tragen und vereint Stil und Funktionalit\u00e4t in einem einzigen Accessoire. Er ist perfekt solo f\u00fcr einen ausdrucksstarken Look oder in Kombination mit anderen Ohrringen f\u00fcr raffinierte und trendige Outfits. Erh\u00e4ltlich ist er in zwei weiteren Farbvarianten, sodass f\u00fcr jeden Geschmack und jede Pers\u00f6nlichkeit etwas dabei ist.<\/p>\n<p><strong>TECHNISCHE DATEN<\/strong><\/p>\n<ul>\n<li>Einzelner Tennis-Baguette-Ohrclip<\/li>\n<li>Durchmesser: 1 cm<\/li>\n<li>Baguette-Kristallgr\u00f6\u00dfe: 2 x 4 mm<\/li>\n<li>Kristallfarbe: Blau, Wei\u00df, Rosa<\/li>\n<li>Ausf\u00fchrung: Stahl<\/li>\n<li>Material: Edelstahl, Kristalle<\/li>\n<\/ul>\n<p><em>Alle Schmuckst\u00fccke von #Brand werden aus dem reinsten chirurgischen Edelstahl hergestellt, der auf Nickel getestet wurde, und sind so konzipiert, dass sie jeden Tag getragen werden k\u00f6nnen, ohne dass Verf\u00e4rbungen oder Abnutzungserscheinungen zu bef\u00fcrchten sind, und sie sind wasserfest.<\/em><\/p>","protected":false},"excerpt":{"rendered":"<p>Earcuff Singolo Tennis Baguette L\u2019earcuff singolo tennis con cristalli a baguette firmato #Brand Gioielli si distingue per il suo design moderno e luminoso, caratterizzato da una sequenza di cristalli taglio baguette che impreziosiscono la struttura con un elegante gioco di luce. Le linee geometriche e la forma avvolgente donano carattere e contemporaneit\u00e0 al gioiello, valorizzando [&hellip;]<\/p>\n","protected":false},"featured_media":105107,"template":"","meta":[],"product_brand":[],"product_cat":[567,19,555,36,24,505],"product_tag":[106],"class_list":{"0":"post-105104","1":"product","2":"type-product","3":"status-publish","4":"has-post-thumbnail","6":"product_cat-brand-carpet","7":"product_cat-donna","8":"product_cat-earcuff","9":"product_cat-orecchini","10":"product_cat-orecchini-donna","11":"product_cat-sotto-i-10e","12":"product_tag-collezione-prive","14":"first","15":"instock","16":"shipping-taxable","17":"purchasable","18":"product-type-variable"},"yoast_head":"<!-- This site is optimized with the Yoast SEO plugin v27.4 - https:\/\/yoast.com\/product\/yoast-seo-wordpress\/ -->\n<title>Earcuff Singolo Tennis Baguette - #BrandGioielli<\/title>\n<meta name=\"description\" content=\"Acquista ora su Brand Gioielli: Earcuff Singolo Tennis Baguette\" \/>\n<meta name=\"robots\" content=\"index, follow, max-snippet:-1, max-image-preview:large, max-video-preview:-1\" \/>\n<link rel=\"canonical\" href=\"https:\/\/brandgioielli.it\/de\/produkt\/earcuff-singolo-tennis-baguette\/\" \/>\n<meta property=\"og:locale\" content=\"de_DE\" \/>\n<meta property=\"og:type\" content=\"article\" \/>\n<meta property=\"og:title\" content=\"Earcuff Singolo Tennis Baguette - #BrandGioielli\" \/>\n<meta property=\"og:description\" content=\"Acquista ora su Brand Gioielli: Earcuff Singolo Tennis Baguette\" \/>\n<meta property=\"og:url\" content=\"https:\/\/brandgioielli.it\/de\/produkt\/earcuff-singolo-tennis-baguette\/\" \/>\n<meta property=\"og:site_name\" content=\"#BrandGioielli\" \/>\n<meta property=\"article:modified_time\" content=\"2026-04-22T15:18:31+00:00\" \/>\n<meta property=\"og:image\" content=\"https:\/\/brandgioielli.it\/wp-content\/uploads\/2026\/02\/earcuff-tennis-baguette-bianco.jpg\" \/>\n\t<meta property=\"og:image:width\" content=\"800\" \/>\n\t<meta property=\"og:image:height\" content=\"800\" \/>\n\t<meta property=\"og:image:type\" content=\"image\/jpeg\" \/>\n<meta name=\"twitter:card\" content=\"summary_large_image\" \/>\n<meta name=\"twitter:label1\" content=\"Gesch\u00e4tzte Lesezeit\" \/>\n\t<meta name=\"twitter:data1\" content=\"2\u00a0Minuten\" \/>\n<script type=\"application\/ld+json\" class=\"yoast-schema-graph\">{\"@context\":\"https:\\\/\\\/schema.org\",\"@graph\":[{\"@type\":\"WebPage\",\"@id\":\"https:\\\/\\\/brandgioielli.it\\\/prodotto\\\/earcuff-singolo-tennis-baguette\\\/\",\"url\":\"https:\\\/\\\/brandgioielli.it\\\/prodotto\\\/earcuff-singolo-tennis-baguette\\\/\",\"name\":\"Earcuff Singolo Tennis Baguette - #BrandGioielli\",\"isPartOf\":{\"@id\":\"https:\\\/\\\/brandgioielli.it\\\/#website\"},\"primaryImageOfPage\":{\"@id\":\"https:\\\/\\\/brandgioielli.it\\\/prodotto\\\/earcuff-singolo-tennis-baguette\\\/#primaryimage\"},\"image\":{\"@id\":\"https:\\\/\\\/brandgioielli.it\\\/prodotto\\\/earcuff-singolo-tennis-baguette\\\/#primaryimage\"},\"thumbnailUrl\":\"https:\\\/\\\/brandgioielli.it\\\/wp-content\\\/uploads\\\/2026\\\/02\\\/earcuff-tennis-baguette-bianco.jpg\",\"datePublished\":\"2026-02-24T14:55:22+00:00\",\"dateModified\":\"2026-04-22T15:18:31+00:00\",\"description\":\"Acquista ora su Brand Gioielli: Earcuff Singolo Tennis Baguette\",\"breadcrumb\":{\"@id\":\"https:\\\/\\\/brandgioielli.it\\\/prodotto\\\/earcuff-singolo-tennis-baguette\\\/#breadcrumb\"},\"inLanguage\":\"de\",\"potentialAction\":[{\"@type\":\"ReadAction\",\"target\":[\"https:\\\/\\\/brandgioielli.it\\\/prodotto\\\/earcuff-singolo-tennis-baguette\\\/\"]}]},{\"@type\":\"ImageObject\",\"inLanguage\":\"de\",\"@id\":\"https:\\\/\\\/brandgioielli.it\\\/prodotto\\\/earcuff-singolo-tennis-baguette\\\/#primaryimage\",\"url\":\"https:\\\/\\\/brandgioielli.it\\\/wp-content\\\/uploads\\\/2026\\\/02\\\/earcuff-tennis-baguette-bianco.jpg\",\"contentUrl\":\"https:\\\/\\\/brandgioielli.it\\\/wp-content\\\/uploads\\\/2026\\\/02\\\/earcuff-tennis-baguette-bianco.jpg\",\"width\":800,\"height\":800},{\"@type\":\"BreadcrumbList\",\"@id\":\"https:\\\/\\\/brandgioielli.it\\\/prodotto\\\/earcuff-singolo-tennis-baguette\\\/#breadcrumb\",\"itemListElement\":[{\"@type\":\"ListItem\",\"position\":1,\"name\":\"Home\",\"item\":\"https:\\\/\\\/brandgioielli.it\\\/\"},{\"@type\":\"ListItem\",\"position\":2,\"name\":\"Shop\",\"item\":\"https:\\\/\\\/brandgioielli.it\\\/shop\\\/\"},{\"@type\":\"ListItem\",\"position\":3,\"name\":\"Earcuff Singolo Tennis Baguette\"}]},{\"@type\":\"WebSite\",\"@id\":\"https:\\\/\\\/brandgioielli.it\\\/#website\",\"url\":\"https:\\\/\\\/brandgioielli.it\\\/\",\"name\":\"#BrandGioielli\",\"description\":\"\",\"publisher\":{\"@id\":\"https:\\\/\\\/brandgioielli.it\\\/#organization\"},\"potentialAction\":[{\"@type\":\"SearchAction\",\"target\":{\"@type\":\"EntryPoint\",\"urlTemplate\":\"https:\\\/\\\/brandgioielli.it\\\/?s={search_term_string}\"},\"query-input\":{\"@type\":\"PropertyValueSpecification\",\"valueRequired\":true,\"valueName\":\"search_term_string\"}}],\"inLanguage\":\"de\"},{\"@type\":\"Organization\",\"@id\":\"https:\\\/\\\/brandgioielli.it\\\/#organization\",\"name\":\"Brand Gioielli\",\"url\":\"https:\\\/\\\/brandgioielli.it\\\/\",\"logo\":{\"@type\":\"ImageObject\",\"inLanguage\":\"de\",\"@id\":\"https:\\\/\\\/brandgioielli.it\\\/#\\\/schema\\\/logo\\\/image\\\/\",\"url\":\"https:\\\/\\\/brandgioielli.it\\\/wp-content\\\/uploads\\\/2025\\\/07\\\/LogoBrand.png\",\"contentUrl\":\"https:\\\/\\\/brandgioielli.it\\\/wp-content\\\/uploads\\\/2025\\\/07\\\/LogoBrand.png\",\"width\":600,\"height\":170,\"caption\":\"Brand Gioielli\"},\"image\":{\"@id\":\"https:\\\/\\\/brandgioielli.it\\\/#\\\/schema\\\/logo\\\/image\\\/\"}}]}<\/script>\n<!-- \/ Yoast SEO plugin. -->","yoast_head_json":{"title":"Earcuff Singolo Tennis Baguette - #BrandGioielli","description":"Acquista ora su Brand Gioielli: Earcuff Singolo Tennis Baguette","robots":{"index":"index","follow":"follow","max-snippet":"max-snippet:-1","max-image-preview":"max-image-preview:large","max-video-preview":"max-video-preview:-1"},"canonical":"https:\/\/brandgioielli.it\/de\/produkt\/earcuff-singolo-tennis-baguette\/","og_locale":"de_DE","og_type":"article","og_title":"Earcuff Singolo Tennis Baguette - #BrandGioielli","og_description":"Acquista ora su Brand Gioielli: Earcuff Singolo Tennis Baguette","og_url":"https:\/\/brandgioielli.it\/de\/produkt\/earcuff-singolo-tennis-baguette\/","og_site_name":"#BrandGioielli","article_modified_time":"2026-04-22T15:18:31+00:00","og_image":[{"width":800,"height":800,"url":"https:\/\/brandgioielli.it\/wp-content\/uploads\/2026\/02\/earcuff-tennis-baguette-bianco.jpg","type":"image\/jpeg"}],"twitter_card":"summary_large_image","twitter_misc":{"Gesch\u00e4tzte Lesezeit":"2\u00a0Minuten"},"schema":{"@context":"https:\/\/schema.org","@graph":[{"@type":"WebPage","@id":"https:\/\/brandgioielli.it\/prodotto\/earcuff-singolo-tennis-baguette\/","url":"https:\/\/brandgioielli.it\/prodotto\/earcuff-singolo-tennis-baguette\/","name":"Earcuff Singolo Tennis Baguette - #BrandGioielli","isPartOf":{"@id":"https:\/\/brandgioielli.it\/#website"},"primaryImageOfPage":{"@id":"https:\/\/brandgioielli.it\/prodotto\/earcuff-singolo-tennis-baguette\/#primaryimage"},"image":{"@id":"https:\/\/brandgioielli.it\/prodotto\/earcuff-singolo-tennis-baguette\/#primaryimage"},"thumbnailUrl":"https:\/\/brandgioielli.it\/wp-content\/uploads\/2026\/02\/earcuff-tennis-baguette-bianco.jpg","datePublished":"2026-02-24T14:55:22+00:00","dateModified":"2026-04-22T15:18:31+00:00","description":"Acquista ora su Brand Gioielli: Earcuff Singolo Tennis Baguette","breadcrumb":{"@id":"https:\/\/brandgioielli.it\/prodotto\/earcuff-singolo-tennis-baguette\/#breadcrumb"},"inLanguage":"de","potentialAction":[{"@type":"ReadAction","target":["https:\/\/brandgioielli.it\/prodotto\/earcuff-singolo-tennis-baguette\/"]}]},{"@type":"ImageObject","inLanguage":"de","@id":"https:\/\/brandgioielli.it\/prodotto\/earcuff-singolo-tennis-baguette\/#primaryimage","url":"https:\/\/brandgioielli.it\/wp-content\/uploads\/2026\/02\/earcuff-tennis-baguette-bianco.jpg","contentUrl":"https:\/\/brandgioielli.it\/wp-content\/uploads\/2026\/02\/earcuff-tennis-baguette-bianco.jpg","width":800,"height":800},{"@type":"BreadcrumbList","@id":"https:\/\/brandgioielli.it\/prodotto\/earcuff-singolo-tennis-baguette\/#breadcrumb","itemListElement":[{"@type":"ListItem","position":1,"name":"Home","item":"https:\/\/brandgioielli.it\/"},{"@type":"ListItem","position":2,"name":"Shop","item":"https:\/\/brandgioielli.it\/shop\/"},{"@type":"ListItem","position":3,"name":"Earcuff Singolo Tennis Baguette"}]},{"@type":"WebSite","@id":"https:\/\/brandgioielli.it\/#website","url":"https:\/\/brandgioielli.it\/","name":"#BrandGioielli","description":"","publisher":{"@id":"https:\/\/brandgioielli.it\/#organization"},"potentialAction":[{"@type":"SearchAction","target":{"@type":"EntryPoint","urlTemplate":"https:\/\/brandgioielli.it\/?s={search_term_string}"},"query-input":{"@type":"PropertyValueSpecification","valueRequired":true,"valueName":"search_term_string"}}],"inLanguage":"de"},{"@type":"Organization","@id":"https:\/\/brandgioielli.it\/#organization","name":"Markenschmuck","url":"https:\/\/brandgioielli.it\/","logo":{"@type":"ImageObject","inLanguage":"de","@id":"https:\/\/brandgioielli.it\/#\/schema\/logo\/image\/","url":"https:\/\/brandgioielli.it\/wp-content\/uploads\/2025\/07\/LogoBrand.png","contentUrl":"https:\/\/brandgioielli.it\/wp-content\/uploads\/2025\/07\/LogoBrand.png","width":600,"height":170,"caption":"Brand Gioielli"},"image":{"@id":"https:\/\/brandgioielli.it\/#\/schema\/logo\/image\/"}}]}},"_links":{"self":[{"href":"https:\/\/brandgioielli.it\/de\/wp-json\/wp\/v2\/product\/105104","targetHints":{"allow":["GET"]}}],"collection":[{"href":"https:\/\/brandgioielli.it\/de\/wp-json\/wp\/v2\/product"}],"about":[{"href":"https:\/\/brandgioielli.it\/de\/wp-json\/wp\/v2\/types\/product"}],"version-history":[{"count":1,"href":"https:\/\/brandgioielli.it\/de\/wp-json\/wp\/v2\/product\/105104\/revisions"}],"predecessor-version":[{"id":105106,"href":"https:\/\/brandgioielli.it\/de\/wp-json\/wp\/v2\/product\/105104\/revisions\/105106"}],"wp:featuredmedia":[{"embeddable":true,"href":"https:\/\/brandgioielli.it\/de\/wp-json\/wp\/v2\/media\/105107"}],"wp:attachment":[{"href":"https:\/\/brandgioielli.it\/de\/wp-json\/wp\/v2\/media?parent=105104"}],"wp:term":[{"taxonomy":"product_brand","embeddable":true,"href":"https:\/\/brandgioielli.it\/de\/wp-json\/wp\/v2\/product_brand?post=105104"},{"taxonomy":"product_cat","embeddable":true,"href":"https:\/\/brandgioielli.it\/de\/wp-json\/wp\/v2\/product_cat?post=105104"},{"taxonomy":"product_tag","embeddable":true,"href":"https:\/\/brandgioielli.it\/de\/wp-json\/wp\/v2\/product_tag?post=105104"}],"curies":[{"name":"wp","href":"https:\/\/api.w.org\/{rel}","templated":true}]}}