{"id":105083,"date":"2026-02-24T14:47:07","date_gmt":"2026-02-24T13:47:07","guid":{"rendered":"https:\/\/brandgioielli.it\/?post_type=product&#038;p=105083"},"modified":"2026-04-21T07:21:15","modified_gmt":"2026-04-21T05:21:15","slug":"orecchini-cerchio-tennis-baguette","status":"publish","type":"product","link":"https:\/\/brandgioielli.it\/de\/produkt\/orecchini-cerchio-tennis-baguette\/","title":{"rendered":"Baguette Tennis Creolen"},"content":{"rendered":"<h2>Baguette Tennis Creolen<\/h2>\n<p data-start=\"518\" data-end=\"721\">Die Tennis-Creolen mit Baguette-Kristallen von #Brand Gioielli bestechen durch ihr modernes und strahlendes Design. Eine Reihe von Baguette-geschliffenen Kristallen umh\u00fcllt die Ohrringe und erzeugt ein raffiniertes Lichtspiel. Die kompakte und harmonische Formgebung betont das Gesicht mit einem brillanten und zugleich eleganten Touch, w\u00e4hrend die geometrischen Linien der Steine den Ohrringen Charakter und eine zeitgem\u00e4\u00dfe Note verleihen. Gefertigt aus robustem und komfortablem Edelstahl, eignen sie sich perfekt f\u00fcr den Alltag oder um anspruchsvollere Outfits mit einem strahlenden und markanten Detail zu erg\u00e4nzen. Erh\u00e4ltlich in zwei weiteren Farben, k\u00f6nnen Sie den Farbton w\u00e4hlen, der am besten zu Ihrem Stil passt und dabei stets eine raffinierte und trendige Eleganz ausstrahlt.<\/p>\n<p><strong>TECHNISCHE DATEN<\/strong><\/p>\n<ul>\n<li>Baguette Tennis Creolen<\/li>\n<li>Kreisdurchmesser: 11 mm<\/li>\n<li>Baguette-Kristallgr\u00f6\u00dfe: 2 x 4 mm<\/li>\n<li>Kristallfarbe: Blau, Wei\u00df, Rosa<\/li>\n<li>Ausf\u00fchrung: Stahl<\/li>\n<li>Material: Edelstahl, Kristalle<\/li>\n<\/ul>\n<p><em>Alle Schmuckst\u00fccke von #Brand werden aus dem reinsten chirurgischen Edelstahl hergestellt, der auf Nickel getestet wurde, und sind so konzipiert, dass sie jeden Tag getragen werden k\u00f6nnen, ohne dass Verf\u00e4rbungen oder Abnutzungserscheinungen zu bef\u00fcrchten sind, und sie sind wasserfest.<\/em><\/p>","protected":false},"excerpt":{"rendered":"<p>Orecchini Cerchio Tennis Baguette Gli orecchini a cerchio tennis con cristalli a baguette firmati #Brand Gioielli si distinguono per il loro design moderno e luminoso, impreziosito da una sequenza di cristalli taglio baguette che avvolgono il profilo creando un raffinato gioco di luce. La struttura compatta e armoniosa valorizza il viso con un tocco brillante [&hellip;]<\/p>\n","protected":false},"featured_media":105084,"template":"","meta":[],"product_brand":[],"product_cat":[567,19,36,24,506],"product_tag":[106],"class_list":{"0":"post-105083","1":"product","2":"type-product","3":"status-publish","4":"has-post-thumbnail","6":"product_cat-brand-carpet","7":"product_cat-donna","8":"product_cat-orecchini","9":"product_cat-orecchini-donna","10":"product_cat-sotto-i-20e","11":"product_tag-collezione-prive","13":"first","14":"instock","15":"shipping-taxable","16":"purchasable","17":"product-type-variable"},"yoast_head":"<!-- This site is optimized with the Yoast SEO plugin v27.4 - https:\/\/yoast.com\/product\/yoast-seo-wordpress\/ -->\n<title>Orecchini Cerchio Tennis Baguette - #BrandGioielli<\/title>\n<meta name=\"description\" content=\"Acquista ora su Brand Gioielli: Orecchini Cerchio Tennis Baguette\" \/>\n<meta name=\"robots\" content=\"index, follow, max-snippet:-1, max-image-preview:large, max-video-preview:-1\" \/>\n<link rel=\"canonical\" href=\"https:\/\/brandgioielli.it\/de\/produkt\/orecchini-cerchio-tennis-baguette\/\" \/>\n<meta property=\"og:locale\" content=\"de_DE\" \/>\n<meta property=\"og:type\" content=\"article\" \/>\n<meta property=\"og:title\" content=\"Orecchini Cerchio Tennis Baguette - #BrandGioielli\" \/>\n<meta property=\"og:description\" content=\"Acquista ora su Brand Gioielli: Orecchini Cerchio Tennis Baguette\" \/>\n<meta property=\"og:url\" content=\"https:\/\/brandgioielli.it\/de\/produkt\/orecchini-cerchio-tennis-baguette\/\" \/>\n<meta property=\"og:site_name\" content=\"#BrandGioielli\" \/>\n<meta property=\"article:modified_time\" content=\"2026-04-21T05:21:15+00:00\" \/>\n<meta property=\"og:image\" content=\"https:\/\/brandgioielli.it\/wp-content\/uploads\/2026\/02\/orecchini-cerchio-tennis-baguette-bianca.jpg\" \/>\n\t<meta property=\"og:image:width\" content=\"800\" \/>\n\t<meta property=\"og:image:height\" content=\"800\" \/>\n\t<meta property=\"og:image:type\" content=\"image\/jpeg\" \/>\n<meta name=\"twitter:card\" content=\"summary_large_image\" \/>\n<meta name=\"twitter:label1\" content=\"Gesch\u00e4tzte Lesezeit\" \/>\n\t<meta name=\"twitter:data1\" content=\"2\u00a0Minuten\" \/>\n<script type=\"application\/ld+json\" class=\"yoast-schema-graph\">{\"@context\":\"https:\\\/\\\/schema.org\",\"@graph\":[{\"@type\":\"WebPage\",\"@id\":\"https:\\\/\\\/brandgioielli.it\\\/prodotto\\\/orecchini-cerchio-tennis-baguette\\\/\",\"url\":\"https:\\\/\\\/brandgioielli.it\\\/prodotto\\\/orecchini-cerchio-tennis-baguette\\\/\",\"name\":\"Orecchini Cerchio Tennis Baguette - #BrandGioielli\",\"isPartOf\":{\"@id\":\"https:\\\/\\\/brandgioielli.it\\\/#website\"},\"primaryImageOfPage\":{\"@id\":\"https:\\\/\\\/brandgioielli.it\\\/prodotto\\\/orecchini-cerchio-tennis-baguette\\\/#primaryimage\"},\"image\":{\"@id\":\"https:\\\/\\\/brandgioielli.it\\\/prodotto\\\/orecchini-cerchio-tennis-baguette\\\/#primaryimage\"},\"thumbnailUrl\":\"https:\\\/\\\/brandgioielli.it\\\/wp-content\\\/uploads\\\/2026\\\/02\\\/orecchini-cerchio-tennis-baguette-bianca.jpg\",\"datePublished\":\"2026-02-24T13:47:07+00:00\",\"dateModified\":\"2026-04-21T05:21:15+00:00\",\"description\":\"Acquista ora su Brand Gioielli: Orecchini Cerchio Tennis Baguette\",\"breadcrumb\":{\"@id\":\"https:\\\/\\\/brandgioielli.it\\\/prodotto\\\/orecchini-cerchio-tennis-baguette\\\/#breadcrumb\"},\"inLanguage\":\"de\",\"potentialAction\":[{\"@type\":\"ReadAction\",\"target\":[\"https:\\\/\\\/brandgioielli.it\\\/prodotto\\\/orecchini-cerchio-tennis-baguette\\\/\"]}]},{\"@type\":\"ImageObject\",\"inLanguage\":\"de\",\"@id\":\"https:\\\/\\\/brandgioielli.it\\\/prodotto\\\/orecchini-cerchio-tennis-baguette\\\/#primaryimage\",\"url\":\"https:\\\/\\\/brandgioielli.it\\\/wp-content\\\/uploads\\\/2026\\\/02\\\/orecchini-cerchio-tennis-baguette-bianca.jpg\",\"contentUrl\":\"https:\\\/\\\/brandgioielli.it\\\/wp-content\\\/uploads\\\/2026\\\/02\\\/orecchini-cerchio-tennis-baguette-bianca.jpg\",\"width\":800,\"height\":800},{\"@type\":\"BreadcrumbList\",\"@id\":\"https:\\\/\\\/brandgioielli.it\\\/prodotto\\\/orecchini-cerchio-tennis-baguette\\\/#breadcrumb\",\"itemListElement\":[{\"@type\":\"ListItem\",\"position\":1,\"name\":\"Home\",\"item\":\"https:\\\/\\\/brandgioielli.it\\\/\"},{\"@type\":\"ListItem\",\"position\":2,\"name\":\"Shop\",\"item\":\"https:\\\/\\\/brandgioielli.it\\\/shop\\\/\"},{\"@type\":\"ListItem\",\"position\":3,\"name\":\"Orecchini Cerchio Tennis Baguette\"}]},{\"@type\":\"WebSite\",\"@id\":\"https:\\\/\\\/brandgioielli.it\\\/#website\",\"url\":\"https:\\\/\\\/brandgioielli.it\\\/\",\"name\":\"#BrandGioielli\",\"description\":\"\",\"publisher\":{\"@id\":\"https:\\\/\\\/brandgioielli.it\\\/#organization\"},\"potentialAction\":[{\"@type\":\"SearchAction\",\"target\":{\"@type\":\"EntryPoint\",\"urlTemplate\":\"https:\\\/\\\/brandgioielli.it\\\/?s={search_term_string}\"},\"query-input\":{\"@type\":\"PropertyValueSpecification\",\"valueRequired\":true,\"valueName\":\"search_term_string\"}}],\"inLanguage\":\"de\"},{\"@type\":\"Organization\",\"@id\":\"https:\\\/\\\/brandgioielli.it\\\/#organization\",\"name\":\"Brand Gioielli\",\"url\":\"https:\\\/\\\/brandgioielli.it\\\/\",\"logo\":{\"@type\":\"ImageObject\",\"inLanguage\":\"de\",\"@id\":\"https:\\\/\\\/brandgioielli.it\\\/#\\\/schema\\\/logo\\\/image\\\/\",\"url\":\"https:\\\/\\\/brandgioielli.it\\\/wp-content\\\/uploads\\\/2025\\\/07\\\/LogoBrand.png\",\"contentUrl\":\"https:\\\/\\\/brandgioielli.it\\\/wp-content\\\/uploads\\\/2025\\\/07\\\/LogoBrand.png\",\"width\":600,\"height\":170,\"caption\":\"Brand Gioielli\"},\"image\":{\"@id\":\"https:\\\/\\\/brandgioielli.it\\\/#\\\/schema\\\/logo\\\/image\\\/\"}}]}<\/script>\n<!-- \/ Yoast SEO plugin. -->","yoast_head_json":{"title":"Orecchini Cerchio Tennis Baguette - #BrandGioielli","description":"Acquista ora su Brand Gioielli: Orecchini Cerchio Tennis Baguette","robots":{"index":"index","follow":"follow","max-snippet":"max-snippet:-1","max-image-preview":"max-image-preview:large","max-video-preview":"max-video-preview:-1"},"canonical":"https:\/\/brandgioielli.it\/de\/produkt\/orecchini-cerchio-tennis-baguette\/","og_locale":"de_DE","og_type":"article","og_title":"Orecchini Cerchio Tennis Baguette - #BrandGioielli","og_description":"Acquista ora su Brand Gioielli: Orecchini Cerchio Tennis Baguette","og_url":"https:\/\/brandgioielli.it\/de\/produkt\/orecchini-cerchio-tennis-baguette\/","og_site_name":"#BrandGioielli","article_modified_time":"2026-04-21T05:21:15+00:00","og_image":[{"width":800,"height":800,"url":"https:\/\/brandgioielli.it\/wp-content\/uploads\/2026\/02\/orecchini-cerchio-tennis-baguette-bianca.jpg","type":"image\/jpeg"}],"twitter_card":"summary_large_image","twitter_misc":{"Gesch\u00e4tzte Lesezeit":"2\u00a0Minuten"},"schema":{"@context":"https:\/\/schema.org","@graph":[{"@type":"WebPage","@id":"https:\/\/brandgioielli.it\/prodotto\/orecchini-cerchio-tennis-baguette\/","url":"https:\/\/brandgioielli.it\/prodotto\/orecchini-cerchio-tennis-baguette\/","name":"Orecchini Cerchio Tennis Baguette - #BrandGioielli","isPartOf":{"@id":"https:\/\/brandgioielli.it\/#website"},"primaryImageOfPage":{"@id":"https:\/\/brandgioielli.it\/prodotto\/orecchini-cerchio-tennis-baguette\/#primaryimage"},"image":{"@id":"https:\/\/brandgioielli.it\/prodotto\/orecchini-cerchio-tennis-baguette\/#primaryimage"},"thumbnailUrl":"https:\/\/brandgioielli.it\/wp-content\/uploads\/2026\/02\/orecchini-cerchio-tennis-baguette-bianca.jpg","datePublished":"2026-02-24T13:47:07+00:00","dateModified":"2026-04-21T05:21:15+00:00","description":"Acquista ora su Brand Gioielli: Orecchini Cerchio Tennis Baguette","breadcrumb":{"@id":"https:\/\/brandgioielli.it\/prodotto\/orecchini-cerchio-tennis-baguette\/#breadcrumb"},"inLanguage":"de","potentialAction":[{"@type":"ReadAction","target":["https:\/\/brandgioielli.it\/prodotto\/orecchini-cerchio-tennis-baguette\/"]}]},{"@type":"ImageObject","inLanguage":"de","@id":"https:\/\/brandgioielli.it\/prodotto\/orecchini-cerchio-tennis-baguette\/#primaryimage","url":"https:\/\/brandgioielli.it\/wp-content\/uploads\/2026\/02\/orecchini-cerchio-tennis-baguette-bianca.jpg","contentUrl":"https:\/\/brandgioielli.it\/wp-content\/uploads\/2026\/02\/orecchini-cerchio-tennis-baguette-bianca.jpg","width":800,"height":800},{"@type":"BreadcrumbList","@id":"https:\/\/brandgioielli.it\/prodotto\/orecchini-cerchio-tennis-baguette\/#breadcrumb","itemListElement":[{"@type":"ListItem","position":1,"name":"Home","item":"https:\/\/brandgioielli.it\/"},{"@type":"ListItem","position":2,"name":"Shop","item":"https:\/\/brandgioielli.it\/shop\/"},{"@type":"ListItem","position":3,"name":"Orecchini Cerchio Tennis Baguette"}]},{"@type":"WebSite","@id":"https:\/\/brandgioielli.it\/#website","url":"https:\/\/brandgioielli.it\/","name":"#BrandGioielli","description":"","publisher":{"@id":"https:\/\/brandgioielli.it\/#organization"},"potentialAction":[{"@type":"SearchAction","target":{"@type":"EntryPoint","urlTemplate":"https:\/\/brandgioielli.it\/?s={search_term_string}"},"query-input":{"@type":"PropertyValueSpecification","valueRequired":true,"valueName":"search_term_string"}}],"inLanguage":"de"},{"@type":"Organization","@id":"https:\/\/brandgioielli.it\/#organization","name":"Markenschmuck","url":"https:\/\/brandgioielli.it\/","logo":{"@type":"ImageObject","inLanguage":"de","@id":"https:\/\/brandgioielli.it\/#\/schema\/logo\/image\/","url":"https:\/\/brandgioielli.it\/wp-content\/uploads\/2025\/07\/LogoBrand.png","contentUrl":"https:\/\/brandgioielli.it\/wp-content\/uploads\/2025\/07\/LogoBrand.png","width":600,"height":170,"caption":"Brand Gioielli"},"image":{"@id":"https:\/\/brandgioielli.it\/#\/schema\/logo\/image\/"}}]}},"_links":{"self":[{"href":"https:\/\/brandgioielli.it\/de\/wp-json\/wp\/v2\/product\/105083","targetHints":{"allow":["GET"]}}],"collection":[{"href":"https:\/\/brandgioielli.it\/de\/wp-json\/wp\/v2\/product"}],"about":[{"href":"https:\/\/brandgioielli.it\/de\/wp-json\/wp\/v2\/types\/product"}],"version-history":[{"count":1,"href":"https:\/\/brandgioielli.it\/de\/wp-json\/wp\/v2\/product\/105083\/revisions"}],"predecessor-version":[{"id":105089,"href":"https:\/\/brandgioielli.it\/de\/wp-json\/wp\/v2\/product\/105083\/revisions\/105089"}],"wp:featuredmedia":[{"embeddable":true,"href":"https:\/\/brandgioielli.it\/de\/wp-json\/wp\/v2\/media\/105084"}],"wp:attachment":[{"href":"https:\/\/brandgioielli.it\/de\/wp-json\/wp\/v2\/media?parent=105083"}],"wp:term":[{"taxonomy":"product_brand","embeddable":true,"href":"https:\/\/brandgioielli.it\/de\/wp-json\/wp\/v2\/product_brand?post=105083"},{"taxonomy":"product_cat","embeddable":true,"href":"https:\/\/brandgioielli.it\/de\/wp-json\/wp\/v2\/product_cat?post=105083"},{"taxonomy":"product_tag","embeddable":true,"href":"https:\/\/brandgioielli.it\/de\/wp-json\/wp\/v2\/product_tag?post=105083"}],"curies":[{"name":"wp","href":"https:\/\/api.w.org\/{rel}","templated":true}]}}