{"id":103010,"date":"2026-01-22T12:49:02","date_gmt":"2026-01-22T11:49:02","guid":{"rendered":"https:\/\/sandybrown-lark-277155.hostingersite.com\/?post_type=product&#038;p=103010"},"modified":"2026-04-17T18:18:21","modified_gmt":"2026-04-17T16:18:21","slug":"orecchini-cuori-e-cristalli","status":"publish","type":"product","link":"https:\/\/brandgioielli.it\/de\/produkt\/orecchini-cuori-e-cristalli\/","title":{"rendered":"Herz- und Kristallohrringe"},"content":{"rendered":"<h2>Ohrringe mit Herzen und Kristallen<\/h2>\n<p data-start=\"518\" data-end=\"721\">Die Herz- und Kristallohrringe von #Brand Gioielli sind das perfekte Accessoire, um Ihrem Alltagslook einen Hauch von S\u00fc\u00dfe und Leichtigkeit zu verleihen. Gefertigt aus Edelstahl, spielen sie mit Licht und symbolischen Formen: Stilisierte Herzen wechseln sich mit baumelnden Kristallen ab, die bei jeder Bewegung das Licht einfangen und so brillante Reflexionen und einen dynamischen Effekt erzeugen. Ein Schmuckst\u00fcck f\u00fcr alle, die romantische Details lieben, ohne dabei auf modernen Stil zu verzichten. Perfekt als Geschenk oder um sich selbst etwas Gutes zu tun \u2013 ideal, um Liebe, Freundschaft oder die Sch\u00f6nheit der kleinen Dinge zu feiern.<\/p>\n<p><strong>TECHNISCHE DATEN<\/strong><\/p>\n<ul>\n<li>Herz- und Kristallohrringe<\/li>\n<li>Ohrringdurchmesser: 16 mm<\/li>\n<li>Ausf\u00fchrung: Stahl, Gold PVD, Ros\u00e9 PVD<\/li>\n<li>Material: Rostfreier Stahl<\/li>\n<\/ul>\n<p><em>Alle Schmuckst\u00fccke von #Brand werden aus dem reinsten chirurgischen Edelstahl hergestellt, der auf Nickel getestet wurde, und sind so konzipiert, dass sie jeden Tag getragen werden k\u00f6nnen, ohne dass Verf\u00e4rbungen oder Abnutzungserscheinungen zu bef\u00fcrchten sind, und sie sind wasserfest.<\/em><\/p>","protected":false},"excerpt":{"rendered":"<p>Orecchini con Cuori e Cristalli Gli orecchini con cuori e cristalli firmati #Brand Gioielli sono l\u2019accessorio perfetto per aggiungere un tocco di dolcezza e luce al tuo stile quotidiano. Realizzati in acciaio inossidabile, giocano con forme leggere e simboliche: cuori stilizzati si alternano a cristalli pendenti che catturano la luce ad ogni gesto, creando riflessi [&hellip;]<\/p>\n","protected":false},"featured_media":102984,"template":"","meta":[],"product_brand":[],"product_cat":[19,36,24,506],"product_tag":[68],"class_list":{"0":"post-103010","1":"product","2":"type-product","3":"status-publish","4":"has-post-thumbnail","6":"product_cat-donna","7":"product_cat-orecchini","8":"product_cat-orecchini-donna","9":"product_cat-sotto-i-20e","10":"product_tag-collezione-most","12":"first","13":"instock","14":"shipping-taxable","15":"purchasable","16":"product-type-variable"},"yoast_head":"<!-- This site is optimized with the Yoast SEO plugin v27.4 - https:\/\/yoast.com\/product\/yoast-seo-wordpress\/ -->\n<title>Orecchini Cuori e Cristalli - #BrandGioielli<\/title>\n<meta name=\"description\" content=\"Acquista ora su Brand Gioielli: Orecchini Cuori e Cristalli\" \/>\n<meta name=\"robots\" content=\"index, follow, max-snippet:-1, max-image-preview:large, max-video-preview:-1\" \/>\n<link rel=\"canonical\" href=\"https:\/\/brandgioielli.it\/de\/produkt\/orecchini-cuori-e-cristalli\/\" \/>\n<meta property=\"og:locale\" content=\"de_DE\" \/>\n<meta property=\"og:type\" content=\"article\" \/>\n<meta property=\"og:title\" content=\"Orecchini Cuori e Cristalli - #BrandGioielli\" \/>\n<meta property=\"og:description\" content=\"Acquista ora su Brand Gioielli: Orecchini Cuori e Cristalli\" \/>\n<meta property=\"og:url\" content=\"https:\/\/brandgioielli.it\/de\/produkt\/orecchini-cuori-e-cristalli\/\" \/>\n<meta property=\"og:site_name\" content=\"#BrandGioielli\" \/>\n<meta property=\"article:modified_time\" content=\"2026-04-17T16:18:21+00:00\" \/>\n<meta property=\"og:image\" content=\"http:\/\/brandgioielli.it\/wp-content\/uploads\/2026\/01\/orecchini-acciaio-cristalli-bianchi.jpg\" \/>\n\t<meta property=\"og:image:width\" content=\"800\" \/>\n\t<meta property=\"og:image:height\" content=\"800\" \/>\n\t<meta property=\"og:image:type\" content=\"image\/jpeg\" \/>\n<meta name=\"twitter:card\" content=\"summary_large_image\" \/>\n<meta name=\"twitter:label1\" content=\"Gesch\u00e4tzte Lesezeit\" \/>\n\t<meta name=\"twitter:data1\" content=\"1\u00a0Minute\" \/>\n<script type=\"application\/ld+json\" class=\"yoast-schema-graph\">{\"@context\":\"https:\\\/\\\/schema.org\",\"@graph\":[{\"@type\":\"WebPage\",\"@id\":\"https:\\\/\\\/brandgioielli.it\\\/prodotto\\\/orecchini-cuori-e-cristalli\\\/\",\"url\":\"https:\\\/\\\/brandgioielli.it\\\/prodotto\\\/orecchini-cuori-e-cristalli\\\/\",\"name\":\"Orecchini Cuori e Cristalli - #BrandGioielli\",\"isPartOf\":{\"@id\":\"https:\\\/\\\/brandgioielli.it\\\/#website\"},\"primaryImageOfPage\":{\"@id\":\"https:\\\/\\\/brandgioielli.it\\\/prodotto\\\/orecchini-cuori-e-cristalli\\\/#primaryimage\"},\"image\":{\"@id\":\"https:\\\/\\\/brandgioielli.it\\\/prodotto\\\/orecchini-cuori-e-cristalli\\\/#primaryimage\"},\"thumbnailUrl\":\"https:\\\/\\\/brandgioielli.it\\\/wp-content\\\/uploads\\\/2026\\\/01\\\/orecchini-acciaio-cristalli-bianchi.jpg\",\"datePublished\":\"2026-01-22T11:49:02+00:00\",\"dateModified\":\"2026-04-17T16:18:21+00:00\",\"description\":\"Acquista ora su Brand Gioielli: Orecchini Cuori e Cristalli\",\"breadcrumb\":{\"@id\":\"https:\\\/\\\/brandgioielli.it\\\/prodotto\\\/orecchini-cuori-e-cristalli\\\/#breadcrumb\"},\"inLanguage\":\"de\",\"potentialAction\":[{\"@type\":\"ReadAction\",\"target\":[\"https:\\\/\\\/brandgioielli.it\\\/prodotto\\\/orecchini-cuori-e-cristalli\\\/\"]}]},{\"@type\":\"ImageObject\",\"inLanguage\":\"de\",\"@id\":\"https:\\\/\\\/brandgioielli.it\\\/prodotto\\\/orecchini-cuori-e-cristalli\\\/#primaryimage\",\"url\":\"https:\\\/\\\/brandgioielli.it\\\/wp-content\\\/uploads\\\/2026\\\/01\\\/orecchini-acciaio-cristalli-bianchi.jpg\",\"contentUrl\":\"https:\\\/\\\/brandgioielli.it\\\/wp-content\\\/uploads\\\/2026\\\/01\\\/orecchini-acciaio-cristalli-bianchi.jpg\",\"width\":800,\"height\":800},{\"@type\":\"BreadcrumbList\",\"@id\":\"https:\\\/\\\/brandgioielli.it\\\/prodotto\\\/orecchini-cuori-e-cristalli\\\/#breadcrumb\",\"itemListElement\":[{\"@type\":\"ListItem\",\"position\":1,\"name\":\"Home\",\"item\":\"https:\\\/\\\/brandgioielli.it\\\/\"},{\"@type\":\"ListItem\",\"position\":2,\"name\":\"Shop\",\"item\":\"https:\\\/\\\/brandgioielli.it\\\/shop\\\/\"},{\"@type\":\"ListItem\",\"position\":3,\"name\":\"Orecchini Cuori e Cristalli\"}]},{\"@type\":\"WebSite\",\"@id\":\"https:\\\/\\\/brandgioielli.it\\\/#website\",\"url\":\"https:\\\/\\\/brandgioielli.it\\\/\",\"name\":\"#BrandGioielli\",\"description\":\"\",\"publisher\":{\"@id\":\"https:\\\/\\\/brandgioielli.it\\\/#organization\"},\"potentialAction\":[{\"@type\":\"SearchAction\",\"target\":{\"@type\":\"EntryPoint\",\"urlTemplate\":\"https:\\\/\\\/brandgioielli.it\\\/?s={search_term_string}\"},\"query-input\":{\"@type\":\"PropertyValueSpecification\",\"valueRequired\":true,\"valueName\":\"search_term_string\"}}],\"inLanguage\":\"de\"},{\"@type\":\"Organization\",\"@id\":\"https:\\\/\\\/brandgioielli.it\\\/#organization\",\"name\":\"Brand Gioielli\",\"url\":\"https:\\\/\\\/brandgioielli.it\\\/\",\"logo\":{\"@type\":\"ImageObject\",\"inLanguage\":\"de\",\"@id\":\"https:\\\/\\\/brandgioielli.it\\\/#\\\/schema\\\/logo\\\/image\\\/\",\"url\":\"https:\\\/\\\/brandgioielli.it\\\/wp-content\\\/uploads\\\/2025\\\/07\\\/LogoBrand.png\",\"contentUrl\":\"https:\\\/\\\/brandgioielli.it\\\/wp-content\\\/uploads\\\/2025\\\/07\\\/LogoBrand.png\",\"width\":600,\"height\":170,\"caption\":\"Brand Gioielli\"},\"image\":{\"@id\":\"https:\\\/\\\/brandgioielli.it\\\/#\\\/schema\\\/logo\\\/image\\\/\"}}]}<\/script>\n<!-- \/ Yoast SEO plugin. -->","yoast_head_json":{"title":"Orecchini Cuori e Cristalli - #BrandGioielli","description":"Acquista ora su Brand Gioielli: Orecchini Cuori e Cristalli","robots":{"index":"index","follow":"follow","max-snippet":"max-snippet:-1","max-image-preview":"max-image-preview:large","max-video-preview":"max-video-preview:-1"},"canonical":"https:\/\/brandgioielli.it\/de\/produkt\/orecchini-cuori-e-cristalli\/","og_locale":"de_DE","og_type":"article","og_title":"Orecchini Cuori e Cristalli - #BrandGioielli","og_description":"Acquista ora su Brand Gioielli: Orecchini Cuori e Cristalli","og_url":"https:\/\/brandgioielli.it\/de\/produkt\/orecchini-cuori-e-cristalli\/","og_site_name":"#BrandGioielli","article_modified_time":"2026-04-17T16:18:21+00:00","og_image":[{"width":800,"height":800,"url":"http:\/\/brandgioielli.it\/wp-content\/uploads\/2026\/01\/orecchini-acciaio-cristalli-bianchi.jpg","type":"image\/jpeg"}],"twitter_card":"summary_large_image","twitter_misc":{"Gesch\u00e4tzte Lesezeit":"1\u00a0Minute"},"schema":{"@context":"https:\/\/schema.org","@graph":[{"@type":"WebPage","@id":"https:\/\/brandgioielli.it\/prodotto\/orecchini-cuori-e-cristalli\/","url":"https:\/\/brandgioielli.it\/prodotto\/orecchini-cuori-e-cristalli\/","name":"Orecchini Cuori e Cristalli - #BrandGioielli","isPartOf":{"@id":"https:\/\/brandgioielli.it\/#website"},"primaryImageOfPage":{"@id":"https:\/\/brandgioielli.it\/prodotto\/orecchini-cuori-e-cristalli\/#primaryimage"},"image":{"@id":"https:\/\/brandgioielli.it\/prodotto\/orecchini-cuori-e-cristalli\/#primaryimage"},"thumbnailUrl":"https:\/\/brandgioielli.it\/wp-content\/uploads\/2026\/01\/orecchini-acciaio-cristalli-bianchi.jpg","datePublished":"2026-01-22T11:49:02+00:00","dateModified":"2026-04-17T16:18:21+00:00","description":"Acquista ora su Brand Gioielli: Orecchini Cuori e Cristalli","breadcrumb":{"@id":"https:\/\/brandgioielli.it\/prodotto\/orecchini-cuori-e-cristalli\/#breadcrumb"},"inLanguage":"de","potentialAction":[{"@type":"ReadAction","target":["https:\/\/brandgioielli.it\/prodotto\/orecchini-cuori-e-cristalli\/"]}]},{"@type":"ImageObject","inLanguage":"de","@id":"https:\/\/brandgioielli.it\/prodotto\/orecchini-cuori-e-cristalli\/#primaryimage","url":"https:\/\/brandgioielli.it\/wp-content\/uploads\/2026\/01\/orecchini-acciaio-cristalli-bianchi.jpg","contentUrl":"https:\/\/brandgioielli.it\/wp-content\/uploads\/2026\/01\/orecchini-acciaio-cristalli-bianchi.jpg","width":800,"height":800},{"@type":"BreadcrumbList","@id":"https:\/\/brandgioielli.it\/prodotto\/orecchini-cuori-e-cristalli\/#breadcrumb","itemListElement":[{"@type":"ListItem","position":1,"name":"Home","item":"https:\/\/brandgioielli.it\/"},{"@type":"ListItem","position":2,"name":"Shop","item":"https:\/\/brandgioielli.it\/shop\/"},{"@type":"ListItem","position":3,"name":"Orecchini Cuori e Cristalli"}]},{"@type":"WebSite","@id":"https:\/\/brandgioielli.it\/#website","url":"https:\/\/brandgioielli.it\/","name":"#BrandGioielli","description":"","publisher":{"@id":"https:\/\/brandgioielli.it\/#organization"},"potentialAction":[{"@type":"SearchAction","target":{"@type":"EntryPoint","urlTemplate":"https:\/\/brandgioielli.it\/?s={search_term_string}"},"query-input":{"@type":"PropertyValueSpecification","valueRequired":true,"valueName":"search_term_string"}}],"inLanguage":"de"},{"@type":"Organization","@id":"https:\/\/brandgioielli.it\/#organization","name":"Markenschmuck","url":"https:\/\/brandgioielli.it\/","logo":{"@type":"ImageObject","inLanguage":"de","@id":"https:\/\/brandgioielli.it\/#\/schema\/logo\/image\/","url":"https:\/\/brandgioielli.it\/wp-content\/uploads\/2025\/07\/LogoBrand.png","contentUrl":"https:\/\/brandgioielli.it\/wp-content\/uploads\/2025\/07\/LogoBrand.png","width":600,"height":170,"caption":"Brand Gioielli"},"image":{"@id":"https:\/\/brandgioielli.it\/#\/schema\/logo\/image\/"}}]}},"_links":{"self":[{"href":"https:\/\/brandgioielli.it\/de\/wp-json\/wp\/v2\/product\/103010","targetHints":{"allow":["GET"]}}],"collection":[{"href":"https:\/\/brandgioielli.it\/de\/wp-json\/wp\/v2\/product"}],"about":[{"href":"https:\/\/brandgioielli.it\/de\/wp-json\/wp\/v2\/types\/product"}],"version-history":[{"count":1,"href":"https:\/\/brandgioielli.it\/de\/wp-json\/wp\/v2\/product\/103010\/revisions"}],"predecessor-version":[{"id":103014,"href":"https:\/\/brandgioielli.it\/de\/wp-json\/wp\/v2\/product\/103010\/revisions\/103014"}],"wp:featuredmedia":[{"embeddable":true,"href":"https:\/\/brandgioielli.it\/de\/wp-json\/wp\/v2\/media\/102984"}],"wp:attachment":[{"href":"https:\/\/brandgioielli.it\/de\/wp-json\/wp\/v2\/media?parent=103010"}],"wp:term":[{"taxonomy":"product_brand","embeddable":true,"href":"https:\/\/brandgioielli.it\/de\/wp-json\/wp\/v2\/product_brand?post=103010"},{"taxonomy":"product_cat","embeddable":true,"href":"https:\/\/brandgioielli.it\/de\/wp-json\/wp\/v2\/product_cat?post=103010"},{"taxonomy":"product_tag","embeddable":true,"href":"https:\/\/brandgioielli.it\/de\/wp-json\/wp\/v2\/product_tag?post=103010"}],"curies":[{"name":"wp","href":"https:\/\/api.w.org\/{rel}","templated":true}]}}