{"id":102217,"date":"2026-01-15T09:33:51","date_gmt":"2026-01-15T08:33:51","guid":{"rendered":"https:\/\/sandybrown-lark-277155.hostingersite.com\/?post_type=product&#038;p=102217"},"modified":"2026-04-17T18:18:20","modified_gmt":"2026-04-17T16:18:20","slug":"collana-catena-punta-pendente","status":"publish","type":"product","link":"https:\/\/brandgioielli.it\/de\/produkt\/collana-catena-punta-pendente\/","title":{"rendered":"Halskette mit Anh\u00e4nger und Spitze\u00a0"},"content":{"rendered":"<h2><b>Halskette mit Anh\u00e4nger\u00a0<\/b><\/h2>\n<p data-start=\"518\" data-end=\"721\">Die Anh\u00e4ngerkette von #Brand Gioielli ist ein Accessoire mit ausdrucksstarkem Stil. Sie unterstreicht eine starke Pers\u00f6nlichkeit und passt perfekt sowohl zu l\u00e4ssigen Alltagsoutfits als auch zu eleganteren Looks. Hergestellt aus <strong data-start=\"774\" data-end=\"803\">rostfreier Stahl<\/strong>, Erh\u00e4ltlich in Edelstahl und schwarzem PVD. Unisex-Design, markante Linien und eine starke Pers\u00f6nlichkeit. F\u00fcr alle, die ein Schmuckst\u00fcck suchen, das Identit\u00e4t, St\u00e4rke und Unabh\u00e4ngigkeit ausstrahlt.<\/p>\n<p><strong>TECHNISCHE DATEN<\/strong><\/p>\n<ul>\n<li>Halskette mit Anh\u00e4nger und Spitze<\/li>\n<li>Kettenl\u00e4nge: 80 cm + 8 cm Verl\u00e4ngerung<\/li>\n<li>Spitzenl\u00e4nge: 22 mm<\/li>\n<li>Ausf\u00fchrung: Stahl, schwarz PVD-beschichtet<\/li>\n<li>Material: Rostfreier Stahl<\/li>\n<\/ul>\n<p><em>Alle Schmuckst\u00fccke von #Brand werden aus dem reinsten chirurgischen Edelstahl hergestellt, der auf Nickel getestet wurde, und sind so konzipiert, dass sie jeden Tag getragen werden k\u00f6nnen, ohne dass Verf\u00e4rbungen oder Abnutzungserscheinungen zu bef\u00fcrchten sind, und sie sind wasserfest.<\/em><\/p>","protected":false},"excerpt":{"rendered":"<p>Collana catena punta pendente\u00a0 La collana con punta pendente firmata #Brand Gioielli \u00e8 un accessorio dallo stile deciso. Esprime un carattere forte e si adatta perfettamente sia a un outfit casual quotidiano che a look pi\u00f9 ricercati. Realizzata in acciaio inossidabile, disponibile nella versione acciaio e pvd nero. Design unisex, linee decise, carattere forte. Per [&hellip;]<\/p>\n","protected":false},"featured_media":102249,"template":"","meta":[],"product_brand":[],"product_cat":[458,41,19,506,39],"product_tag":[55],"class_list":{"0":"post-102217","1":"product","2":"type-product","3":"status-publish","4":"has-post-thumbnail","6":"product_cat-collane","7":"product_cat-collane-uomo","8":"product_cat-donna","9":"product_cat-sotto-i-20e","10":"product_cat-uomo","11":"product_tag-collezione-calaveras","13":"first","14":"instock","15":"shipping-taxable","16":"purchasable","17":"product-type-variable"},"yoast_head":"<!-- This site is optimized with the Yoast SEO plugin v27.4 - https:\/\/yoast.com\/product\/yoast-seo-wordpress\/ -->\n<title>Collana Catena Punta Pendente\u00a0 - #BrandGioielli<\/title>\n<meta name=\"description\" content=\"Acquista ora su Brand Gioielli: Collana Catena Punta Pendente\u00a0\" \/>\n<meta name=\"robots\" content=\"index, follow, max-snippet:-1, max-image-preview:large, max-video-preview:-1\" \/>\n<link rel=\"canonical\" href=\"https:\/\/brandgioielli.it\/de\/produkt\/collana-catena-punta-pendente\/\" \/>\n<meta property=\"og:locale\" content=\"de_DE\" \/>\n<meta property=\"og:type\" content=\"article\" \/>\n<meta property=\"og:title\" content=\"Collana Catena Punta Pendente\u00a0 - #BrandGioielli\" \/>\n<meta property=\"og:description\" content=\"Acquista ora su Brand Gioielli: Collana Catena Punta Pendente\u00a0\" \/>\n<meta property=\"og:url\" content=\"https:\/\/brandgioielli.it\/de\/produkt\/collana-catena-punta-pendente\/\" \/>\n<meta property=\"og:site_name\" content=\"#BrandGioielli\" \/>\n<meta property=\"article:modified_time\" content=\"2026-04-17T16:18:20+00:00\" \/>\n<meta property=\"og:image\" content=\"http:\/\/brandgioielli.it\/wp-content\/uploads\/2026\/01\/collana-punta-pendente-acciaio.jpg\" \/>\n\t<meta property=\"og:image:width\" content=\"800\" \/>\n\t<meta property=\"og:image:height\" content=\"800\" \/>\n\t<meta property=\"og:image:type\" content=\"image\/jpeg\" \/>\n<meta name=\"twitter:card\" content=\"summary_large_image\" \/>\n<meta name=\"twitter:label1\" content=\"Gesch\u00e4tzte Lesezeit\" \/>\n\t<meta name=\"twitter:data1\" content=\"1\u00a0Minute\" \/>\n<script type=\"application\/ld+json\" class=\"yoast-schema-graph\">{\"@context\":\"https:\\\/\\\/schema.org\",\"@graph\":[{\"@type\":\"WebPage\",\"@id\":\"https:\\\/\\\/brandgioielli.it\\\/prodotto\\\/collana-catena-punta-pendente\\\/\",\"url\":\"https:\\\/\\\/brandgioielli.it\\\/prodotto\\\/collana-catena-punta-pendente\\\/\",\"name\":\"Collana Catena Punta Pendente\u00a0 - #BrandGioielli\",\"isPartOf\":{\"@id\":\"https:\\\/\\\/brandgioielli.it\\\/#website\"},\"primaryImageOfPage\":{\"@id\":\"https:\\\/\\\/brandgioielli.it\\\/prodotto\\\/collana-catena-punta-pendente\\\/#primaryimage\"},\"image\":{\"@id\":\"https:\\\/\\\/brandgioielli.it\\\/prodotto\\\/collana-catena-punta-pendente\\\/#primaryimage\"},\"thumbnailUrl\":\"https:\\\/\\\/brandgioielli.it\\\/wp-content\\\/uploads\\\/2026\\\/01\\\/collana-punta-pendente-acciaio.jpg\",\"datePublished\":\"2026-01-15T08:33:51+00:00\",\"dateModified\":\"2026-04-17T16:18:20+00:00\",\"description\":\"Acquista ora su Brand Gioielli: Collana Catena Punta Pendente\u00a0\",\"breadcrumb\":{\"@id\":\"https:\\\/\\\/brandgioielli.it\\\/prodotto\\\/collana-catena-punta-pendente\\\/#breadcrumb\"},\"inLanguage\":\"de\",\"potentialAction\":[{\"@type\":\"ReadAction\",\"target\":[\"https:\\\/\\\/brandgioielli.it\\\/prodotto\\\/collana-catena-punta-pendente\\\/\"]}]},{\"@type\":\"ImageObject\",\"inLanguage\":\"de\",\"@id\":\"https:\\\/\\\/brandgioielli.it\\\/prodotto\\\/collana-catena-punta-pendente\\\/#primaryimage\",\"url\":\"https:\\\/\\\/brandgioielli.it\\\/wp-content\\\/uploads\\\/2026\\\/01\\\/collana-punta-pendente-acciaio.jpg\",\"contentUrl\":\"https:\\\/\\\/brandgioielli.it\\\/wp-content\\\/uploads\\\/2026\\\/01\\\/collana-punta-pendente-acciaio.jpg\",\"width\":800,\"height\":800},{\"@type\":\"BreadcrumbList\",\"@id\":\"https:\\\/\\\/brandgioielli.it\\\/prodotto\\\/collana-catena-punta-pendente\\\/#breadcrumb\",\"itemListElement\":[{\"@type\":\"ListItem\",\"position\":1,\"name\":\"Home\",\"item\":\"https:\\\/\\\/brandgioielli.it\\\/\"},{\"@type\":\"ListItem\",\"position\":2,\"name\":\"Shop\",\"item\":\"https:\\\/\\\/brandgioielli.it\\\/shop\\\/\"},{\"@type\":\"ListItem\",\"position\":3,\"name\":\"Collana Catena Punta Pendente\u00a0\"}]},{\"@type\":\"WebSite\",\"@id\":\"https:\\\/\\\/brandgioielli.it\\\/#website\",\"url\":\"https:\\\/\\\/brandgioielli.it\\\/\",\"name\":\"#BrandGioielli\",\"description\":\"\",\"publisher\":{\"@id\":\"https:\\\/\\\/brandgioielli.it\\\/#organization\"},\"potentialAction\":[{\"@type\":\"SearchAction\",\"target\":{\"@type\":\"EntryPoint\",\"urlTemplate\":\"https:\\\/\\\/brandgioielli.it\\\/?s={search_term_string}\"},\"query-input\":{\"@type\":\"PropertyValueSpecification\",\"valueRequired\":true,\"valueName\":\"search_term_string\"}}],\"inLanguage\":\"de\"},{\"@type\":\"Organization\",\"@id\":\"https:\\\/\\\/brandgioielli.it\\\/#organization\",\"name\":\"Brand Gioielli\",\"url\":\"https:\\\/\\\/brandgioielli.it\\\/\",\"logo\":{\"@type\":\"ImageObject\",\"inLanguage\":\"de\",\"@id\":\"https:\\\/\\\/brandgioielli.it\\\/#\\\/schema\\\/logo\\\/image\\\/\",\"url\":\"https:\\\/\\\/brandgioielli.it\\\/wp-content\\\/uploads\\\/2025\\\/07\\\/LogoBrand.png\",\"contentUrl\":\"https:\\\/\\\/brandgioielli.it\\\/wp-content\\\/uploads\\\/2025\\\/07\\\/LogoBrand.png\",\"width\":600,\"height\":170,\"caption\":\"Brand Gioielli\"},\"image\":{\"@id\":\"https:\\\/\\\/brandgioielli.it\\\/#\\\/schema\\\/logo\\\/image\\\/\"}}]}<\/script>\n<!-- \/ Yoast SEO plugin. -->","yoast_head_json":{"title":"Collana Catena Punta Pendente\u00a0 - #BrandGioielli","description":"Acquista ora su Brand Gioielli: Collana Catena Punta Pendente\u00a0","robots":{"index":"index","follow":"follow","max-snippet":"max-snippet:-1","max-image-preview":"max-image-preview:large","max-video-preview":"max-video-preview:-1"},"canonical":"https:\/\/brandgioielli.it\/de\/produkt\/collana-catena-punta-pendente\/","og_locale":"de_DE","og_type":"article","og_title":"Collana Catena Punta Pendente\u00a0 - #BrandGioielli","og_description":"Acquista ora su Brand Gioielli: Collana Catena Punta Pendente\u00a0","og_url":"https:\/\/brandgioielli.it\/de\/produkt\/collana-catena-punta-pendente\/","og_site_name":"#BrandGioielli","article_modified_time":"2026-04-17T16:18:20+00:00","og_image":[{"width":800,"height":800,"url":"http:\/\/brandgioielli.it\/wp-content\/uploads\/2026\/01\/collana-punta-pendente-acciaio.jpg","type":"image\/jpeg"}],"twitter_card":"summary_large_image","twitter_misc":{"Gesch\u00e4tzte Lesezeit":"1\u00a0Minute"},"schema":{"@context":"https:\/\/schema.org","@graph":[{"@type":"WebPage","@id":"https:\/\/brandgioielli.it\/prodotto\/collana-catena-punta-pendente\/","url":"https:\/\/brandgioielli.it\/prodotto\/collana-catena-punta-pendente\/","name":"Collana Catena Punta Pendente\u00a0 - #BrandGioielli","isPartOf":{"@id":"https:\/\/brandgioielli.it\/#website"},"primaryImageOfPage":{"@id":"https:\/\/brandgioielli.it\/prodotto\/collana-catena-punta-pendente\/#primaryimage"},"image":{"@id":"https:\/\/brandgioielli.it\/prodotto\/collana-catena-punta-pendente\/#primaryimage"},"thumbnailUrl":"https:\/\/brandgioielli.it\/wp-content\/uploads\/2026\/01\/collana-punta-pendente-acciaio.jpg","datePublished":"2026-01-15T08:33:51+00:00","dateModified":"2026-04-17T16:18:20+00:00","description":"Acquista ora su Brand Gioielli: Collana Catena Punta Pendente\u00a0","breadcrumb":{"@id":"https:\/\/brandgioielli.it\/prodotto\/collana-catena-punta-pendente\/#breadcrumb"},"inLanguage":"de","potentialAction":[{"@type":"ReadAction","target":["https:\/\/brandgioielli.it\/prodotto\/collana-catena-punta-pendente\/"]}]},{"@type":"ImageObject","inLanguage":"de","@id":"https:\/\/brandgioielli.it\/prodotto\/collana-catena-punta-pendente\/#primaryimage","url":"https:\/\/brandgioielli.it\/wp-content\/uploads\/2026\/01\/collana-punta-pendente-acciaio.jpg","contentUrl":"https:\/\/brandgioielli.it\/wp-content\/uploads\/2026\/01\/collana-punta-pendente-acciaio.jpg","width":800,"height":800},{"@type":"BreadcrumbList","@id":"https:\/\/brandgioielli.it\/prodotto\/collana-catena-punta-pendente\/#breadcrumb","itemListElement":[{"@type":"ListItem","position":1,"name":"Home","item":"https:\/\/brandgioielli.it\/"},{"@type":"ListItem","position":2,"name":"Shop","item":"https:\/\/brandgioielli.it\/shop\/"},{"@type":"ListItem","position":3,"name":"Collana Catena Punta Pendente\u00a0"}]},{"@type":"WebSite","@id":"https:\/\/brandgioielli.it\/#website","url":"https:\/\/brandgioielli.it\/","name":"#BrandGioielli","description":"","publisher":{"@id":"https:\/\/brandgioielli.it\/#organization"},"potentialAction":[{"@type":"SearchAction","target":{"@type":"EntryPoint","urlTemplate":"https:\/\/brandgioielli.it\/?s={search_term_string}"},"query-input":{"@type":"PropertyValueSpecification","valueRequired":true,"valueName":"search_term_string"}}],"inLanguage":"de"},{"@type":"Organization","@id":"https:\/\/brandgioielli.it\/#organization","name":"Markenschmuck","url":"https:\/\/brandgioielli.it\/","logo":{"@type":"ImageObject","inLanguage":"de","@id":"https:\/\/brandgioielli.it\/#\/schema\/logo\/image\/","url":"https:\/\/brandgioielli.it\/wp-content\/uploads\/2025\/07\/LogoBrand.png","contentUrl":"https:\/\/brandgioielli.it\/wp-content\/uploads\/2025\/07\/LogoBrand.png","width":600,"height":170,"caption":"Brand Gioielli"},"image":{"@id":"https:\/\/brandgioielli.it\/#\/schema\/logo\/image\/"}}]}},"_links":{"self":[{"href":"https:\/\/brandgioielli.it\/de\/wp-json\/wp\/v2\/product\/102217","targetHints":{"allow":["GET"]}}],"collection":[{"href":"https:\/\/brandgioielli.it\/de\/wp-json\/wp\/v2\/product"}],"about":[{"href":"https:\/\/brandgioielli.it\/de\/wp-json\/wp\/v2\/types\/product"}],"version-history":[{"count":6,"href":"https:\/\/brandgioielli.it\/de\/wp-json\/wp\/v2\/product\/102217\/revisions"}],"predecessor-version":[{"id":102323,"href":"https:\/\/brandgioielli.it\/de\/wp-json\/wp\/v2\/product\/102217\/revisions\/102323"}],"wp:featuredmedia":[{"embeddable":true,"href":"https:\/\/brandgioielli.it\/de\/wp-json\/wp\/v2\/media\/102249"}],"wp:attachment":[{"href":"https:\/\/brandgioielli.it\/de\/wp-json\/wp\/v2\/media?parent=102217"}],"wp:term":[{"taxonomy":"product_brand","embeddable":true,"href":"https:\/\/brandgioielli.it\/de\/wp-json\/wp\/v2\/product_brand?post=102217"},{"taxonomy":"product_cat","embeddable":true,"href":"https:\/\/brandgioielli.it\/de\/wp-json\/wp\/v2\/product_cat?post=102217"},{"taxonomy":"product_tag","embeddable":true,"href":"https:\/\/brandgioielli.it\/de\/wp-json\/wp\/v2\/product_tag?post=102217"}],"curies":[{"name":"wp","href":"https:\/\/api.w.org\/{rel}","templated":true}]}}